{"id":66457,"date":"2025-04-28T11:42:41","date_gmt":"2025-04-28T11:42:41","guid":{"rendered":"https:\/\/lumond.com\/product\/zimt-seifenstueck-100g\/"},"modified":"2025-09-17T16:59:06","modified_gmt":"2025-09-17T16:59:06","slug":"kaneltval-100-g","status":"publish","type":"product","link":"https:\/\/lumond.com\/sv\/produkt\/kaneltval-100-g\/","title":{"rendered":"Kaneltv\u00e5l (100 g)"},"content":{"rendered":"<p><span style=\"font-weight: 400;\">V\u00e5r aromatiska kaneltv\u00e5l kombinerar den v\u00e4rmande doften av kanel med hudv\u00e5rdande egenskaper. Tv\u00e5len reng\u00f6r varsamt, stimulerar blodcirkulationen och l\u00e4mnar en behaglig v\u00e4rmek\u00e4nsla. Perfekt f\u00f6r den kalla \u00e5rstiden och en mysig badupplevelse.<\/span><\/p>\n","protected":false},"excerpt":{"rendered":"<p>V\u00e5r aromatiska kaneltv\u00e5l kombinerar den v\u00e4rmande doften av kanel med hudv\u00e5rdande egenskaper. Tv\u00e5len reng\u00f6r varsamt, stimulerar blodcirkulationen och l\u00e4mnar en behaglig v\u00e4rmek\u00e4nsla. Perfekt f\u00f6r den kalla \u00e5rstiden och en mysig badupplevelse.<\/p>\n","protected":false},"featured_media":66243,"comment_status":"closed","ping_status":"closed","template":"","meta":{"_acf_changed":false,"site-sidebar-layout":"default","site-content-layout":"","ast-site-content-layout":"default","site-content-style":"default","site-sidebar-style":"default","ast-global-header-display":"","ast-banner-title-visibility":"","ast-main-header-display":"","ast-hfb-above-header-display":"","ast-hfb-below-header-display":"","ast-hfb-mobile-header-display":"","site-post-title":"","ast-breadcrumbs-content":"","ast-featured-img":"","footer-sml-layout":"","theme-transparent-header-meta":"default","adv-header-id-meta":"","stick-header-meta":"","header-above-stick-meta":"","header-main-stick-meta":"","header-below-stick-meta":"","astra-migrate-meta-layouts":"set","ast-page-background-enabled":"default","ast-page-background-meta":{"desktop":{"background-color":"","background-image":"","background-repeat":"repeat","background-position":"center center","background-size":"auto","background-attachment":"scroll","background-type":"","background-media":"","overlay-type":"","overlay-color":"","overlay-opacity":"","overlay-gradient":""},"tablet":{"background-color":"","background-image":"","background-repeat":"repeat","background-position":"center center","background-size":"auto","background-attachment":"scroll","background-type":"","background-media":"","overlay-type":"","overlay-color":"","overlay-opacity":"","overlay-gradient":""},"mobile":{"background-color":"","background-image":"","background-repeat":"repeat","background-position":"center center","background-size":"auto","background-attachment":"scroll","background-type":"","background-media":"","overlay-type":"","overlay-color":"","overlay-opacity":"","overlay-gradient":""}},"ast-content-background-meta":{"desktop":{"background-color":"var(--ast-global-color-5)","background-image":"","background-repeat":"repeat","background-position":"center center","background-size":"auto","background-attachment":"scroll","background-type":"","background-media":"","overlay-type":"","overlay-color":"","overlay-opacity":"","overlay-gradient":""},"tablet":{"background-color":"var(--ast-global-color-5)","background-image":"","background-repeat":"repeat","background-position":"center center","background-size":"auto","background-attachment":"scroll","background-type":"","background-media":"","overlay-type":"","overlay-color":"","overlay-opacity":"","overlay-gradient":""},"mobile":{"background-color":"var(--ast-global-color-5)","background-image":"","background-repeat":"repeat","background-position":"center center","background-size":"auto","background-attachment":"scroll","background-type":"","background-media":"","overlay-type":"","overlay-color":"","overlay-opacity":"","overlay-gradient":""}}},"product_brand":[],"product_cat":[678],"product_tag":[],"class_list":{"0":"post-66457","1":"product","2":"type-product","3":"status-publish","4":"has-post-thumbnail","6":"product_cat-naturliga-tvalar","7":"desktop-align-left","8":"tablet-align-left","9":"mobile-align-left","11":"first","12":"outofstock","13":"taxable","14":"shipping-taxable","15":"purchasable","16":"product-type-simple"},"acf":[],"yoast_head":"<!-- This site is optimized with the Yoast SEO Premium plugin v23.0 (Yoast SEO v23.0) - https:\/\/yoast.com\/wordpress\/plugins\/seo\/ -->\n<title>Kaneltv\u00e5l (100 g) - Lumond<\/title>\n<meta name=\"description\" content=\"V\u00e5r aromatiska kaneltv\u00e5l kombinerar den v\u00e4rmande doften av kanel med hudv\u00e5rdande egenskaper. Tv\u00e5len reng\u00f6r varsamt, stimulerar blodcirkulationen och\" \/>\n<meta name=\"robots\" content=\"index, follow, max-snippet:-1, max-image-preview:large, max-video-preview:-1\" \/>\n<link rel=\"canonical\" href=\"https:\/\/lumond.com\/sv\/produkt\/kaneltval-100-g\/\" \/>\n<meta property=\"og:locale\" content=\"sv_SE\" \/>\n<meta property=\"og:type\" content=\"article\" \/>\n<meta property=\"og:title\" content=\"Kaneltv\u00e5l (100 g) - Lumond\" \/>\n<meta property=\"og:description\" content=\"V\u00e5r aromatiska kaneltv\u00e5l kombinerar den v\u00e4rmande doften av kanel med hudv\u00e5rdande egenskaper. Tv\u00e5len reng\u00f6r varsamt, stimulerar blodcirkulationen och\" \/>\n<meta property=\"og:url\" content=\"https:\/\/lumond.com\/sv\/produkt\/kaneltval-100-g\/\" \/>\n<meta property=\"og:site_name\" content=\"Lumond\" \/>\n<meta property=\"article:publisher\" content=\"https:\/\/www.facebook.com\/lumond.de\/\" \/>\n<meta property=\"article:modified_time\" content=\"2025-09-17T16:59:06+00:00\" \/>\n<meta property=\"og:image\" content=\"https:\/\/lumond.com\/wp-content\/uploads\/2025\/04\/cinamon-vertical.webp\" \/>\n\t<meta property=\"og:image:width\" content=\"1792\" \/>\n\t<meta property=\"og:image:height\" content=\"2304\" \/>\n\t<meta property=\"og:image:type\" content=\"image\/webp\" \/>\n<meta name=\"twitter:card\" content=\"summary_large_image\" \/>\n<meta name=\"twitter:label1\" content=\"Pris\" \/>\n\t<meta name=\"twitter:data1\" content=\"&euro;&nbsp;9,99\" \/>\n\t<meta name=\"twitter:label2\" content=\"Availability\" \/>\n\t<meta name=\"twitter:data2\" content=\"Out of stock\" \/>\n<script type=\"application\/ld+json\" class=\"yoast-schema-graph\">{\"@context\":\"https:\/\/schema.org\",\"@graph\":[{\"@type\":[\"WebPage\",\"ItemPage\"],\"@id\":\"https:\/\/lumond.com\/sv\/produkt\/kaneltval-100-g\/\",\"url\":\"https:\/\/lumond.com\/sv\/produkt\/kaneltval-100-g\/\",\"name\":\"Kaneltv\u00e5l (100 g) - Lumond\",\"isPartOf\":{\"@id\":\"https:\/\/lumond.com\/sv\/#website\"},\"primaryImageOfPage\":{\"@id\":\"https:\/\/lumond.com\/sv\/produkt\/kaneltval-100-g\/#primaryimage\"},\"image\":{\"@id\":\"https:\/\/lumond.com\/sv\/produkt\/kaneltval-100-g\/#primaryimage\"},\"thumbnailUrl\":\"https:\/\/lumond.com\/wp-content\/uploads\/2025\/04\/cinamon-vertical.webp\",\"datePublished\":\"2025-04-28T11:42:41+00:00\",\"dateModified\":\"2025-09-17T16:59:06+00:00\",\"description\":\"V\u00e5r aromatiska kaneltv\u00e5l kombinerar den v\u00e4rmande doften av kanel med hudv\u00e5rdande egenskaper. Tv\u00e5len reng\u00f6r varsamt, stimulerar blodcirkulationen och\",\"breadcrumb\":{\"@id\":\"https:\/\/lumond.com\/sv\/produkt\/kaneltval-100-g\/#breadcrumb\"},\"inLanguage\":\"sv-SE\",\"potentialAction\":[{\"@type\":\"ReadAction\",\"target\":[\"https:\/\/lumond.com\/sv\/produkt\/kaneltval-100-g\/\"]}]},{\"@type\":\"ImageObject\",\"inLanguage\":\"sv-SE\",\"@id\":\"https:\/\/lumond.com\/sv\/produkt\/kaneltval-100-g\/#primaryimage\",\"url\":\"https:\/\/lumond.com\/wp-content\/uploads\/2025\/04\/cinamon-vertical.webp\",\"contentUrl\":\"https:\/\/lumond.com\/wp-content\/uploads\/2025\/04\/cinamon-vertical.webp\",\"width\":1792,\"height\":2304},{\"@type\":\"BreadcrumbList\",\"@id\":\"https:\/\/lumond.com\/sv\/produkt\/kaneltval-100-g\/#breadcrumb\",\"itemListElement\":[{\"@type\":\"ListItem\",\"position\":1,\"name\":\"Lumond\",\"item\":\"https:\/\/lumond.com\/sv\/\"},{\"@type\":\"ListItem\",\"position\":2,\"name\":\"Products\"},{\"@type\":\"ListItem\",\"position\":3,\"name\":\"Naturliga tv\u00e5lar\",\"item\":\"https:\/\/lumond.com\/sv\/naturliga-tvalar\/\"},{\"@type\":\"ListItem\",\"position\":4,\"name\":\"Kaneltv\u00e5l (100 g)\"}]},{\"@type\":\"WebSite\",\"@id\":\"https:\/\/lumond.com\/sv\/#website\",\"url\":\"https:\/\/lumond.com\/sv\/\",\"name\":\"Lumond\",\"description\":\"Duftkerzen Im Glas\",\"publisher\":{\"@id\":\"https:\/\/lumond.com\/sv\/#organization\"},\"alternateName\":\"Lumond\",\"potentialAction\":[{\"@type\":\"SearchAction\",\"target\":{\"@type\":\"EntryPoint\",\"urlTemplate\":\"https:\/\/lumond.com\/sv\/?s={search_term_string}\"},\"query-input\":\"required name=search_term_string\"}],\"inLanguage\":\"sv-SE\"},{\"@type\":\"Organization\",\"@id\":\"https:\/\/lumond.com\/sv\/#organization\",\"name\":\"Lumond\",\"url\":\"https:\/\/lumond.com\/sv\/\",\"logo\":{\"@type\":\"ImageObject\",\"inLanguage\":\"sv-SE\",\"@id\":\"https:\/\/lumond.com\/sv\/#\/schema\/logo\/image\/\",\"url\":\"https:\/\/lumond.com\/wp-content\/uploads\/2022\/01\/cropped-40-05.png\",\"contentUrl\":\"https:\/\/lumond.com\/wp-content\/uploads\/2022\/01\/cropped-40-05.png\",\"width\":512,\"height\":512,\"caption\":\"Lumond\"},\"image\":{\"@id\":\"https:\/\/lumond.com\/sv\/#\/schema\/logo\/image\/\"},\"sameAs\":[\"https:\/\/www.facebook.com\/lumond.de\/\",\"https:\/\/www.instagram.com\/lumond.de\/\"],\"description\":\"Lumond tillverkar h\u00f6gkvalitativa doftljus av naturligt sojavax i stilfulla keramikbeh\u00e5llare \u2013 h\u00e5llbart producerade i Tyskland och med unika doftkompositioner. Perfekta f\u00f6r ett mysigt hem med k\u00e4nsla f\u00f6r milj\u00f6medvetenhet och design.\",\"email\":\"info@lumond.de\",\"legalName\":\"Lumond\",\"foundingDate\":\"2021-01-01\",\"ownershipFundingInfo\":\"https:\/\/lumond.com\/ueber-uns\/\",\"correctionsPolicy\":\"https:\/\/lumond.com\/kontakt\/\",\"address\":{\"@type\":\"PostalAddress\",\"streetAddress\":\"Lumond UG\",\"addressLocality\":\"Kolonnenstr. 8\",\"addressRegion\":\"Berlin\",\"postalCode\":\"10827\",\"addressCountry\":\"DE\"}}]}<\/script>\n<meta property=\"product:price:amount\" content=\"9.99\" \/>\n<meta property=\"product:price:currency\" content=\"EUR\" \/>\n<meta property=\"og:availability\" content=\"out of stock\" \/>\n<meta property=\"product:availability\" content=\"out of stock\" \/>\n<meta property=\"product:retailer_item_id\" content=\"428-106\" \/>\n<meta property=\"product:condition\" content=\"new\" \/>\n<!-- \/ Yoast SEO Premium plugin. -->","yoast_head_json":{"title":"Kaneltv\u00e5l (100 g) - Lumond","description":"V\u00e5r aromatiska kaneltv\u00e5l kombinerar den v\u00e4rmande doften av kanel med hudv\u00e5rdande egenskaper. Tv\u00e5len reng\u00f6r varsamt, stimulerar blodcirkulationen och","robots":{"index":"index","follow":"follow","max-snippet":"max-snippet:-1","max-image-preview":"max-image-preview:large","max-video-preview":"max-video-preview:-1"},"canonical":"https:\/\/lumond.com\/sv\/produkt\/kaneltval-100-g\/","og_locale":"sv_SE","og_type":"article","og_title":"Kaneltv\u00e5l (100 g) - Lumond","og_description":"V\u00e5r aromatiska kaneltv\u00e5l kombinerar den v\u00e4rmande doften av kanel med hudv\u00e5rdande egenskaper. Tv\u00e5len reng\u00f6r varsamt, stimulerar blodcirkulationen och","og_url":"https:\/\/lumond.com\/sv\/produkt\/kaneltval-100-g\/","og_site_name":"Lumond","article_publisher":"https:\/\/www.facebook.com\/lumond.de\/","article_modified_time":"2025-09-17T16:59:06+00:00","og_image":[{"width":1792,"height":2304,"url":"https:\/\/lumond.com\/wp-content\/uploads\/2025\/04\/cinamon-vertical.webp","type":"image\/webp"}],"twitter_card":"summary_large_image","twitter_misc":{"Pris":"&euro;&nbsp;9,99","Availability":"Out of stock"},"schema":{"@context":"https:\/\/schema.org","@graph":[{"@type":["WebPage","ItemPage"],"@id":"https:\/\/lumond.com\/sv\/produkt\/kaneltval-100-g\/","url":"https:\/\/lumond.com\/sv\/produkt\/kaneltval-100-g\/","name":"Kaneltv\u00e5l (100 g) - Lumond","isPartOf":{"@id":"https:\/\/lumond.com\/sv\/#website"},"primaryImageOfPage":{"@id":"https:\/\/lumond.com\/sv\/produkt\/kaneltval-100-g\/#primaryimage"},"image":{"@id":"https:\/\/lumond.com\/sv\/produkt\/kaneltval-100-g\/#primaryimage"},"thumbnailUrl":"https:\/\/lumond.com\/wp-content\/uploads\/2025\/04\/cinamon-vertical.webp","datePublished":"2025-04-28T11:42:41+00:00","dateModified":"2025-09-17T16:59:06+00:00","description":"V\u00e5r aromatiska kaneltv\u00e5l kombinerar den v\u00e4rmande doften av kanel med hudv\u00e5rdande egenskaper. Tv\u00e5len reng\u00f6r varsamt, stimulerar blodcirkulationen och","breadcrumb":{"@id":"https:\/\/lumond.com\/sv\/produkt\/kaneltval-100-g\/#breadcrumb"},"inLanguage":"sv-SE","potentialAction":[{"@type":"ReadAction","target":["https:\/\/lumond.com\/sv\/produkt\/kaneltval-100-g\/"]}]},{"@type":"ImageObject","inLanguage":"sv-SE","@id":"https:\/\/lumond.com\/sv\/produkt\/kaneltval-100-g\/#primaryimage","url":"https:\/\/lumond.com\/wp-content\/uploads\/2025\/04\/cinamon-vertical.webp","contentUrl":"https:\/\/lumond.com\/wp-content\/uploads\/2025\/04\/cinamon-vertical.webp","width":1792,"height":2304},{"@type":"BreadcrumbList","@id":"https:\/\/lumond.com\/sv\/produkt\/kaneltval-100-g\/#breadcrumb","itemListElement":[{"@type":"ListItem","position":1,"name":"Lumond","item":"https:\/\/lumond.com\/sv\/"},{"@type":"ListItem","position":2,"name":"Products"},{"@type":"ListItem","position":3,"name":"Naturliga tv\u00e5lar","item":"https:\/\/lumond.com\/sv\/naturliga-tvalar\/"},{"@type":"ListItem","position":4,"name":"Kaneltv\u00e5l (100 g)"}]},{"@type":"WebSite","@id":"https:\/\/lumond.com\/sv\/#website","url":"https:\/\/lumond.com\/sv\/","name":"Lumond","description":"Duftkerzen Im Glas","publisher":{"@id":"https:\/\/lumond.com\/sv\/#organization"},"alternateName":"Lumond","potentialAction":[{"@type":"SearchAction","target":{"@type":"EntryPoint","urlTemplate":"https:\/\/lumond.com\/sv\/?s={search_term_string}"},"query-input":"required name=search_term_string"}],"inLanguage":"sv-SE"},{"@type":"Organization","@id":"https:\/\/lumond.com\/sv\/#organization","name":"Lumond","url":"https:\/\/lumond.com\/sv\/","logo":{"@type":"ImageObject","inLanguage":"sv-SE","@id":"https:\/\/lumond.com\/sv\/#\/schema\/logo\/image\/","url":"https:\/\/lumond.com\/wp-content\/uploads\/2022\/01\/cropped-40-05.png","contentUrl":"https:\/\/lumond.com\/wp-content\/uploads\/2022\/01\/cropped-40-05.png","width":512,"height":512,"caption":"Lumond"},"image":{"@id":"https:\/\/lumond.com\/sv\/#\/schema\/logo\/image\/"},"sameAs":["https:\/\/www.facebook.com\/lumond.de\/","https:\/\/www.instagram.com\/lumond.de\/"],"description":"Lumond tillverkar h\u00f6gkvalitativa doftljus av naturligt sojavax i stilfulla keramikbeh\u00e5llare \u2013 h\u00e5llbart producerade i Tyskland och med unika doftkompositioner. Perfekta f\u00f6r ett mysigt hem med k\u00e4nsla f\u00f6r milj\u00f6medvetenhet och design.","email":"info@lumond.de","legalName":"Lumond","foundingDate":"2021-01-01","ownershipFundingInfo":"https:\/\/lumond.com\/ueber-uns\/","correctionsPolicy":"https:\/\/lumond.com\/kontakt\/","address":{"@type":"PostalAddress","streetAddress":"Lumond UG","addressLocality":"Kolonnenstr. 8","addressRegion":"Berlin","postalCode":"10827","addressCountry":"DE"}}]},"product_price_amount":"9.99","product_price_currency":"EUR","og_availability":"out of stock","product_availability":"out of stock","product_retailer_item_id":"428-106","product_condition":"new"},"_links":{"self":[{"href":"https:\/\/lumond.com\/sv\/wp-json\/wp\/v2\/product\/66457","targetHints":{"allow":["GET"]}}],"collection":[{"href":"https:\/\/lumond.com\/sv\/wp-json\/wp\/v2\/product"}],"about":[{"href":"https:\/\/lumond.com\/sv\/wp-json\/wp\/v2\/types\/product"}],"replies":[{"embeddable":true,"href":"https:\/\/lumond.com\/sv\/wp-json\/wp\/v2\/comments?post=66457"}],"wp:featuredmedia":[{"embeddable":true,"href":"https:\/\/lumond.com\/sv\/wp-json\/wp\/v2\/media\/66243"}],"wp:attachment":[{"href":"https:\/\/lumond.com\/sv\/wp-json\/wp\/v2\/media?parent=66457"}],"wp:term":[{"taxonomy":"product_brand","embeddable":true,"href":"https:\/\/lumond.com\/sv\/wp-json\/wp\/v2\/product_brand?post=66457"},{"taxonomy":"product_cat","embeddable":true,"href":"https:\/\/lumond.com\/sv\/wp-json\/wp\/v2\/product_cat?post=66457"},{"taxonomy":"product_tag","embeddable":true,"href":"https:\/\/lumond.com\/sv\/wp-json\/wp\/v2\/product_tag?post=66457"}],"curies":[{"name":"wp","href":"https:\/\/api.w.org\/{rel}","templated":true}]}}