{"id":63095,"date":"2024-06-21T13:55:08","date_gmt":"2024-06-21T13:55:08","guid":{"rendered":"https:\/\/lumond.com\/product\/bluehendes-trio-limette-basilikum-und-zitrusfruechte-wacholder-lavendel-kirschblueten\/"},"modified":"2025-09-25T06:13:37","modified_gmt":"2025-09-25T06:13:37","slug":"blommande-trio-lime-basilika-citrus-enbar-lavendel-korsbarsblom-440g-x-3","status":"publish","type":"product","link":"https:\/\/lumond.com\/sv\/produkt\/blommande-trio-lime-basilika-citrus-enbar-lavendel-korsbarsblom-440g-x-3\/","title":{"rendered":"Blommande trio &#8211; Lime, Basilika &#038; Citrus, Enb\u00e4r &#038; Lavendel, K\u00f6rsb\u00e4rsblom (440g x 3)"},"content":{"rendered":"<p>Uppt\u00e4ck naturens m\u00e5ngfald med v\u00e5rt Blommande Trio-set med Lime, Basilika &#038; Citrus, Enb\u00e4r &#038; Lavendel och K\u00f6rsb\u00e4rsblom. Varje ljus, i ett vackert keramik\u00adk\u00e4rl, sprider en unik doftupplevelse. Plantera fr\u00f6na efter anv\u00e4ndning f\u00f6r naturlig sk\u00f6nhet.<\/p>\n<div><b>Observera:<\/b> Fr\u00f6na i v\u00e5ra ljus \u00e4r s\u00e4songsberoende och kan skilja sig fr\u00e5n den avbildade bilden.<\/div>\n","protected":false},"excerpt":{"rendered":"<p>Uppt\u00e4ck naturens m\u00e5ngfald med v\u00e5rt Blommande Trio-set med Lime, Basilika &#038; Citrus, Enb\u00e4r &#038; Lavendel och K\u00f6rsb\u00e4rsblom. Varje ljus, i ett vackert keramik\u00adk\u00e4rl, sprider en unik doftupplevelse. Plantera fr\u00f6na efter anv\u00e4ndning f\u00f6r naturlig sk\u00f6nhet. Observera: Fr\u00f6na i v\u00e5ra ljus \u00e4r s\u00e4songsberoende och kan skilja sig fr\u00e5n den avbildade bilden.<\/p>\n","protected":false},"featured_media":63096,"comment_status":"open","ping_status":"closed","template":"","meta":{"_acf_changed":false,"site-sidebar-layout":"default","site-content-layout":"","ast-site-content-layout":"default","site-content-style":"default","site-sidebar-style":"default","ast-global-header-display":"","ast-banner-title-visibility":"","ast-main-header-display":"","ast-hfb-above-header-display":"","ast-hfb-below-header-display":"","ast-hfb-mobile-header-display":"","site-post-title":"","ast-breadcrumbs-content":"","ast-featured-img":"","footer-sml-layout":"","theme-transparent-header-meta":"default","adv-header-id-meta":"","stick-header-meta":"","header-above-stick-meta":"","header-main-stick-meta":"","header-below-stick-meta":"","astra-migrate-meta-layouts":"set","ast-page-background-enabled":"default","ast-page-background-meta":{"desktop":{"background-color":"","background-image":"","background-repeat":"repeat","background-position":"center center","background-size":"auto","background-attachment":"scroll","background-type":"","background-media":"","overlay-type":"","overlay-color":"","overlay-opacity":"","overlay-gradient":""},"tablet":{"background-color":"","background-image":"","background-repeat":"repeat","background-position":"center center","background-size":"auto","background-attachment":"scroll","background-type":"","background-media":"","overlay-type":"","overlay-color":"","overlay-opacity":"","overlay-gradient":""},"mobile":{"background-color":"","background-image":"","background-repeat":"repeat","background-position":"center center","background-size":"auto","background-attachment":"scroll","background-type":"","background-media":"","overlay-type":"","overlay-color":"","overlay-opacity":"","overlay-gradient":""}},"ast-content-background-meta":{"desktop":{"background-color":"var(--ast-global-color-5)","background-image":"","background-repeat":"repeat","background-position":"center center","background-size":"auto","background-attachment":"scroll","background-type":"","background-media":"","overlay-type":"","overlay-color":"","overlay-opacity":"","overlay-gradient":""},"tablet":{"background-color":"var(--ast-global-color-5)","background-image":"","background-repeat":"repeat","background-position":"center center","background-size":"auto","background-attachment":"scroll","background-type":"","background-media":"","overlay-type":"","overlay-color":"","overlay-opacity":"","overlay-gradient":""},"mobile":{"background-color":"var(--ast-global-color-5)","background-image":"","background-repeat":"repeat","background-position":"center center","background-size":"auto","background-attachment":"scroll","background-type":"","background-media":"","overlay-type":"","overlay-color":"","overlay-opacity":"","overlay-gradient":""}}},"product_brand":[],"product_cat":[555,527,530,548,531,560,550,552],"product_tag":[553,588],"class_list":{"0":"post-63095","1":"product","2":"type-product","3":"status-publish","4":"has-post-thumbnail","6":"product_cat-blommande-doftljus-trios","7":"product_cat-doftljus","8":"product_cat-doftljus-present","9":"product_cat-doftljus-som-sprakar","10":"product_cat-ljus-med-traveke","11":"product_cat-lyxiga-doftljus","12":"product_cat-sojavaxljus","13":"product_cat-stort-doftljus","14":"product_tag-stor","15":"product_tag-toasty-sv","16":"desktop-align-left","17":"tablet-align-left","18":"mobile-align-left","20":"first","21":"instock","22":"sale","23":"taxable","24":"shipping-taxable","25":"purchasable","26":"product-type-simple"},"acf":[],"yoast_head":"<!-- This site is optimized with the Yoast SEO Premium plugin v23.0 (Yoast SEO v23.0) - https:\/\/yoast.com\/wordpress\/plugins\/seo\/ -->\n<title>Blommande trio - Lime, Basilika &amp; Citrus, Enb\u00e4r &amp; Lavendel, K\u00f6rsb\u00e4rsblom (440g x 3) - Lumond<\/title>\n<meta name=\"description\" content=\"Blommande trio-set: Lime\u2013basilika\u2013citrus, Enb\u00e4r\u2013lavendel och K\u00f6rsb\u00e4rsblomma doftljus i fin keramik. M\u00e5ngsidiga naturdofter. Med fr\u00f6n att plantera f\u00f6r best\u00e5ende sk\u00f6nhet. En varierad doftupplevelse och en h\u00e5llbar naturaccent.\" \/>\n<meta name=\"robots\" content=\"index, follow, max-snippet:-1, max-image-preview:large, max-video-preview:-1\" \/>\n<link rel=\"canonical\" href=\"https:\/\/lumond.com\/sv\/produkt\/blommande-trio-lime-basilika-citrus-enbar-lavendel-korsbarsblom-440g-x-3\/\" \/>\n<meta property=\"og:locale\" content=\"sv_SE\" \/>\n<meta property=\"og:type\" content=\"article\" \/>\n<meta property=\"og:title\" content=\"Blommande trio - Lime, Basilika &amp; Citrus, Enb\u00e4r &amp; Lavendel, K\u00f6rsb\u00e4rsblom (440g x 3) - Lumond\" \/>\n<meta property=\"og:description\" content=\"Blommande trio-set: Lime\u2013basilika\u2013citrus, Enb\u00e4r\u2013lavendel och K\u00f6rsb\u00e4rsblomma doftljus i fin keramik. M\u00e5ngsidiga naturdofter. Med fr\u00f6n att plantera f\u00f6r best\u00e5ende sk\u00f6nhet. En varierad doftupplevelse och en h\u00e5llbar naturaccent.\" \/>\n<meta property=\"og:url\" content=\"https:\/\/lumond.com\/sv\/produkt\/blommande-trio-lime-basilika-citrus-enbar-lavendel-korsbarsblom-440g-x-3\/\" \/>\n<meta property=\"og:site_name\" content=\"Lumond\" \/>\n<meta property=\"article:publisher\" content=\"https:\/\/www.facebook.com\/lumond.de\/\" \/>\n<meta property=\"article:modified_time\" content=\"2025-09-25T06:13:37+00:00\" \/>\n<meta property=\"og:image\" content=\"https:\/\/lumond.com\/wp-content\/uploads\/2024\/06\/Bloomig-Triad-lime-basil-and-citrus-Juniper-lavender-cherry-blossoms-Large.webp\" \/>\n\t<meta property=\"og:image:width\" content=\"1080\" \/>\n\t<meta property=\"og:image:height\" content=\"1080\" \/>\n\t<meta property=\"og:image:type\" content=\"image\/webp\" \/>\n<meta name=\"twitter:card\" content=\"summary_large_image\" \/>\n<meta name=\"twitter:description\" content=\"Uppt\u00e4ck naturens m\u00e5ngfald med v\u00e5rt Blommande Trio-set med Lime, Basilika &amp; Citrus, Enb\u00e4r &amp; Lavendel och K\u00f6rsb\u00e4rsblom. Varje ljus, i ett vackert\" \/>\n<meta name=\"twitter:label1\" content=\"Pris\" \/>\n\t<meta name=\"twitter:data1\" content=\"&euro;&nbsp;179,97\" \/>\n\t<meta name=\"twitter:label2\" content=\"Availability\" \/>\n\t<meta name=\"twitter:data2\" content=\"In stock\" \/>\n<script type=\"application\/ld+json\" class=\"yoast-schema-graph\">{\"@context\":\"https:\/\/schema.org\",\"@graph\":[{\"@type\":[\"WebPage\",\"ItemPage\"],\"@id\":\"https:\/\/lumond.com\/sv\/produkt\/blommande-trio-lime-basilika-citrus-enbar-lavendel-korsbarsblom-440g-x-3\/\",\"url\":\"https:\/\/lumond.com\/sv\/produkt\/blommande-trio-lime-basilika-citrus-enbar-lavendel-korsbarsblom-440g-x-3\/\",\"name\":\"Blommande trio - Lime, Basilika & Citrus, Enb\u00e4r & Lavendel, K\u00f6rsb\u00e4rsblom (440g x 3) - Lumond\",\"isPartOf\":{\"@id\":\"https:\/\/lumond.com\/sv\/#website\"},\"primaryImageOfPage\":{\"@id\":\"https:\/\/lumond.com\/sv\/produkt\/blommande-trio-lime-basilika-citrus-enbar-lavendel-korsbarsblom-440g-x-3\/#primaryimage\"},\"image\":{\"@id\":\"https:\/\/lumond.com\/sv\/produkt\/blommande-trio-lime-basilika-citrus-enbar-lavendel-korsbarsblom-440g-x-3\/#primaryimage\"},\"thumbnailUrl\":\"https:\/\/lumond.com\/wp-content\/uploads\/2024\/06\/Bloomig-Triad-lime-basil-and-citrus-Juniper-lavender-cherry-blossoms-Large.webp\",\"datePublished\":\"2024-06-21T13:55:08+00:00\",\"dateModified\":\"2025-09-25T06:13:37+00:00\",\"description\":\"Blommande trio-set: Lime\u2013basilika\u2013citrus, Enb\u00e4r\u2013lavendel och K\u00f6rsb\u00e4rsblomma doftljus i fin keramik. M\u00e5ngsidiga naturdofter. Med fr\u00f6n att plantera f\u00f6r best\u00e5ende sk\u00f6nhet. En varierad doftupplevelse och en h\u00e5llbar naturaccent.\",\"breadcrumb\":{\"@id\":\"https:\/\/lumond.com\/sv\/produkt\/blommande-trio-lime-basilika-citrus-enbar-lavendel-korsbarsblom-440g-x-3\/#breadcrumb\"},\"inLanguage\":\"sv-SE\",\"potentialAction\":[{\"@type\":\"ReadAction\",\"target\":[\"https:\/\/lumond.com\/sv\/produkt\/blommande-trio-lime-basilika-citrus-enbar-lavendel-korsbarsblom-440g-x-3\/\"]}]},{\"@type\":\"ImageObject\",\"inLanguage\":\"sv-SE\",\"@id\":\"https:\/\/lumond.com\/sv\/produkt\/blommande-trio-lime-basilika-citrus-enbar-lavendel-korsbarsblom-440g-x-3\/#primaryimage\",\"url\":\"https:\/\/lumond.com\/wp-content\/uploads\/2024\/06\/Bloomig-Triad-lime-basil-and-citrus-Juniper-lavender-cherry-blossoms-Large.webp\",\"contentUrl\":\"https:\/\/lumond.com\/wp-content\/uploads\/2024\/06\/Bloomig-Triad-lime-basil-and-citrus-Juniper-lavender-cherry-blossoms-Large.webp\",\"width\":1080,\"height\":1080},{\"@type\":\"BreadcrumbList\",\"@id\":\"https:\/\/lumond.com\/sv\/produkt\/blommande-trio-lime-basilika-citrus-enbar-lavendel-korsbarsblom-440g-x-3\/#breadcrumb\",\"itemListElement\":[{\"@type\":\"ListItem\",\"position\":1,\"name\":\"Lumond\",\"item\":\"https:\/\/lumond.com\/sv\/\"},{\"@type\":\"ListItem\",\"position\":2,\"name\":\"Products\"},{\"@type\":\"ListItem\",\"position\":3,\"name\":\"Blommande doftljus-trios\",\"item\":\"https:\/\/lumond.com\/sv\/blommande-doftljus-trios\/\"},{\"@type\":\"ListItem\",\"position\":4,\"name\":\"Blommande trio &#8211; Lime, Basilika &#038; Citrus, Enb\u00e4r &#038; Lavendel, K\u00f6rsb\u00e4rsblom (440g x 3)\"}]},{\"@type\":\"WebSite\",\"@id\":\"https:\/\/lumond.com\/sv\/#website\",\"url\":\"https:\/\/lumond.com\/sv\/\",\"name\":\"Lumond\",\"description\":\"Duftkerzen Im Glas\",\"publisher\":{\"@id\":\"https:\/\/lumond.com\/sv\/#organization\"},\"alternateName\":\"Lumond\",\"potentialAction\":[{\"@type\":\"SearchAction\",\"target\":{\"@type\":\"EntryPoint\",\"urlTemplate\":\"https:\/\/lumond.com\/sv\/?s={search_term_string}\"},\"query-input\":\"required name=search_term_string\"}],\"inLanguage\":\"sv-SE\"},{\"@type\":\"Organization\",\"@id\":\"https:\/\/lumond.com\/sv\/#organization\",\"name\":\"Lumond\",\"url\":\"https:\/\/lumond.com\/sv\/\",\"logo\":{\"@type\":\"ImageObject\",\"inLanguage\":\"sv-SE\",\"@id\":\"https:\/\/lumond.com\/sv\/#\/schema\/logo\/image\/\",\"url\":\"https:\/\/lumond.com\/wp-content\/uploads\/2022\/01\/cropped-40-05.png\",\"contentUrl\":\"https:\/\/lumond.com\/wp-content\/uploads\/2022\/01\/cropped-40-05.png\",\"width\":512,\"height\":512,\"caption\":\"Lumond\"},\"image\":{\"@id\":\"https:\/\/lumond.com\/sv\/#\/schema\/logo\/image\/\"},\"sameAs\":[\"https:\/\/www.facebook.com\/lumond.de\/\",\"https:\/\/www.instagram.com\/lumond.de\/\"],\"description\":\"Lumond tillverkar h\u00f6gkvalitativa doftljus av naturligt sojavax i stilfulla keramikbeh\u00e5llare \u2013 h\u00e5llbart producerade i Tyskland och med unika doftkompositioner. Perfekta f\u00f6r ett mysigt hem med k\u00e4nsla f\u00f6r milj\u00f6medvetenhet och design.\",\"email\":\"info@lumond.de\",\"legalName\":\"Lumond\",\"foundingDate\":\"2021-01-01\",\"ownershipFundingInfo\":\"https:\/\/lumond.com\/ueber-uns\/\",\"correctionsPolicy\":\"https:\/\/lumond.com\/kontakt\/\",\"address\":{\"@type\":\"PostalAddress\",\"streetAddress\":\"Lumond UG\",\"addressLocality\":\"Kolonnenstr. 8\",\"addressRegion\":\"Berlin\",\"postalCode\":\"10827\",\"addressCountry\":\"DE\"}}]}<\/script>\n<meta property=\"product:price:amount\" content=\"179.97\" \/>\n<meta property=\"product:price:currency\" content=\"EUR\" \/>\n<meta property=\"og:availability\" content=\"instock\" \/>\n<meta property=\"product:availability\" content=\"instock\" \/>\n<meta property=\"product:retailer_item_id\" content=\"427-2410-2411-2412\" \/>\n<meta property=\"product:condition\" content=\"new\" \/>\n<!-- \/ Yoast SEO Premium plugin. -->","yoast_head_json":{"title":"Blommande trio - Lime, Basilika & Citrus, Enb\u00e4r & Lavendel, K\u00f6rsb\u00e4rsblom (440g x 3) - Lumond","description":"Blommande trio-set: Lime\u2013basilika\u2013citrus, Enb\u00e4r\u2013lavendel och K\u00f6rsb\u00e4rsblomma doftljus i fin keramik. M\u00e5ngsidiga naturdofter. Med fr\u00f6n att plantera f\u00f6r best\u00e5ende sk\u00f6nhet. En varierad doftupplevelse och en h\u00e5llbar naturaccent.","robots":{"index":"index","follow":"follow","max-snippet":"max-snippet:-1","max-image-preview":"max-image-preview:large","max-video-preview":"max-video-preview:-1"},"canonical":"https:\/\/lumond.com\/sv\/produkt\/blommande-trio-lime-basilika-citrus-enbar-lavendel-korsbarsblom-440g-x-3\/","og_locale":"sv_SE","og_type":"article","og_title":"Blommande trio - Lime, Basilika & Citrus, Enb\u00e4r & Lavendel, K\u00f6rsb\u00e4rsblom (440g x 3) - Lumond","og_description":"Blommande trio-set: Lime\u2013basilika\u2013citrus, Enb\u00e4r\u2013lavendel och K\u00f6rsb\u00e4rsblomma doftljus i fin keramik. M\u00e5ngsidiga naturdofter. Med fr\u00f6n att plantera f\u00f6r best\u00e5ende sk\u00f6nhet. En varierad doftupplevelse och en h\u00e5llbar naturaccent.","og_url":"https:\/\/lumond.com\/sv\/produkt\/blommande-trio-lime-basilika-citrus-enbar-lavendel-korsbarsblom-440g-x-3\/","og_site_name":"Lumond","article_publisher":"https:\/\/www.facebook.com\/lumond.de\/","article_modified_time":"2025-09-25T06:13:37+00:00","og_image":[{"width":1080,"height":1080,"url":"https:\/\/lumond.com\/wp-content\/uploads\/2024\/06\/Bloomig-Triad-lime-basil-and-citrus-Juniper-lavender-cherry-blossoms-Large.webp","type":"image\/webp"}],"twitter_card":"summary_large_image","twitter_description":"Uppt\u00e4ck naturens m\u00e5ngfald med v\u00e5rt Blommande Trio-set med Lime, Basilika & Citrus, Enb\u00e4r & Lavendel och K\u00f6rsb\u00e4rsblom. Varje ljus, i ett vackert","twitter_misc":{"Pris":"&euro;&nbsp;179,97","Availability":"In stock"},"schema":{"@context":"https:\/\/schema.org","@graph":[{"@type":["WebPage","ItemPage"],"@id":"https:\/\/lumond.com\/sv\/produkt\/blommande-trio-lime-basilika-citrus-enbar-lavendel-korsbarsblom-440g-x-3\/","url":"https:\/\/lumond.com\/sv\/produkt\/blommande-trio-lime-basilika-citrus-enbar-lavendel-korsbarsblom-440g-x-3\/","name":"Blommande trio - Lime, Basilika & Citrus, Enb\u00e4r & Lavendel, K\u00f6rsb\u00e4rsblom (440g x 3) - Lumond","isPartOf":{"@id":"https:\/\/lumond.com\/sv\/#website"},"primaryImageOfPage":{"@id":"https:\/\/lumond.com\/sv\/produkt\/blommande-trio-lime-basilika-citrus-enbar-lavendel-korsbarsblom-440g-x-3\/#primaryimage"},"image":{"@id":"https:\/\/lumond.com\/sv\/produkt\/blommande-trio-lime-basilika-citrus-enbar-lavendel-korsbarsblom-440g-x-3\/#primaryimage"},"thumbnailUrl":"https:\/\/lumond.com\/wp-content\/uploads\/2024\/06\/Bloomig-Triad-lime-basil-and-citrus-Juniper-lavender-cherry-blossoms-Large.webp","datePublished":"2024-06-21T13:55:08+00:00","dateModified":"2025-09-25T06:13:37+00:00","description":"Blommande trio-set: Lime\u2013basilika\u2013citrus, Enb\u00e4r\u2013lavendel och K\u00f6rsb\u00e4rsblomma doftljus i fin keramik. M\u00e5ngsidiga naturdofter. Med fr\u00f6n att plantera f\u00f6r best\u00e5ende sk\u00f6nhet. En varierad doftupplevelse och en h\u00e5llbar naturaccent.","breadcrumb":{"@id":"https:\/\/lumond.com\/sv\/produkt\/blommande-trio-lime-basilika-citrus-enbar-lavendel-korsbarsblom-440g-x-3\/#breadcrumb"},"inLanguage":"sv-SE","potentialAction":[{"@type":"ReadAction","target":["https:\/\/lumond.com\/sv\/produkt\/blommande-trio-lime-basilika-citrus-enbar-lavendel-korsbarsblom-440g-x-3\/"]}]},{"@type":"ImageObject","inLanguage":"sv-SE","@id":"https:\/\/lumond.com\/sv\/produkt\/blommande-trio-lime-basilika-citrus-enbar-lavendel-korsbarsblom-440g-x-3\/#primaryimage","url":"https:\/\/lumond.com\/wp-content\/uploads\/2024\/06\/Bloomig-Triad-lime-basil-and-citrus-Juniper-lavender-cherry-blossoms-Large.webp","contentUrl":"https:\/\/lumond.com\/wp-content\/uploads\/2024\/06\/Bloomig-Triad-lime-basil-and-citrus-Juniper-lavender-cherry-blossoms-Large.webp","width":1080,"height":1080},{"@type":"BreadcrumbList","@id":"https:\/\/lumond.com\/sv\/produkt\/blommande-trio-lime-basilika-citrus-enbar-lavendel-korsbarsblom-440g-x-3\/#breadcrumb","itemListElement":[{"@type":"ListItem","position":1,"name":"Lumond","item":"https:\/\/lumond.com\/sv\/"},{"@type":"ListItem","position":2,"name":"Products"},{"@type":"ListItem","position":3,"name":"Blommande doftljus-trios","item":"https:\/\/lumond.com\/sv\/blommande-doftljus-trios\/"},{"@type":"ListItem","position":4,"name":"Blommande trio &#8211; Lime, Basilika &#038; Citrus, Enb\u00e4r &#038; Lavendel, K\u00f6rsb\u00e4rsblom (440g x 3)"}]},{"@type":"WebSite","@id":"https:\/\/lumond.com\/sv\/#website","url":"https:\/\/lumond.com\/sv\/","name":"Lumond","description":"Duftkerzen Im Glas","publisher":{"@id":"https:\/\/lumond.com\/sv\/#organization"},"alternateName":"Lumond","potentialAction":[{"@type":"SearchAction","target":{"@type":"EntryPoint","urlTemplate":"https:\/\/lumond.com\/sv\/?s={search_term_string}"},"query-input":"required name=search_term_string"}],"inLanguage":"sv-SE"},{"@type":"Organization","@id":"https:\/\/lumond.com\/sv\/#organization","name":"Lumond","url":"https:\/\/lumond.com\/sv\/","logo":{"@type":"ImageObject","inLanguage":"sv-SE","@id":"https:\/\/lumond.com\/sv\/#\/schema\/logo\/image\/","url":"https:\/\/lumond.com\/wp-content\/uploads\/2022\/01\/cropped-40-05.png","contentUrl":"https:\/\/lumond.com\/wp-content\/uploads\/2022\/01\/cropped-40-05.png","width":512,"height":512,"caption":"Lumond"},"image":{"@id":"https:\/\/lumond.com\/sv\/#\/schema\/logo\/image\/"},"sameAs":["https:\/\/www.facebook.com\/lumond.de\/","https:\/\/www.instagram.com\/lumond.de\/"],"description":"Lumond tillverkar h\u00f6gkvalitativa doftljus av naturligt sojavax i stilfulla keramikbeh\u00e5llare \u2013 h\u00e5llbart producerade i Tyskland och med unika doftkompositioner. Perfekta f\u00f6r ett mysigt hem med k\u00e4nsla f\u00f6r milj\u00f6medvetenhet och design.","email":"info@lumond.de","legalName":"Lumond","foundingDate":"2021-01-01","ownershipFundingInfo":"https:\/\/lumond.com\/ueber-uns\/","correctionsPolicy":"https:\/\/lumond.com\/kontakt\/","address":{"@type":"PostalAddress","streetAddress":"Lumond UG","addressLocality":"Kolonnenstr. 8","addressRegion":"Berlin","postalCode":"10827","addressCountry":"DE"}}]},"product_price_amount":"179.97","product_price_currency":"EUR","og_availability":"instock","product_availability":"instock","product_retailer_item_id":"427-2410-2411-2412","product_condition":"new"},"_links":{"self":[{"href":"https:\/\/lumond.com\/sv\/wp-json\/wp\/v2\/product\/63095","targetHints":{"allow":["GET"]}}],"collection":[{"href":"https:\/\/lumond.com\/sv\/wp-json\/wp\/v2\/product"}],"about":[{"href":"https:\/\/lumond.com\/sv\/wp-json\/wp\/v2\/types\/product"}],"replies":[{"embeddable":true,"href":"https:\/\/lumond.com\/sv\/wp-json\/wp\/v2\/comments?post=63095"}],"wp:featuredmedia":[{"embeddable":true,"href":"https:\/\/lumond.com\/sv\/wp-json\/wp\/v2\/media\/63096"}],"wp:attachment":[{"href":"https:\/\/lumond.com\/sv\/wp-json\/wp\/v2\/media?parent=63095"}],"wp:term":[{"taxonomy":"product_brand","embeddable":true,"href":"https:\/\/lumond.com\/sv\/wp-json\/wp\/v2\/product_brand?post=63095"},{"taxonomy":"product_cat","embeddable":true,"href":"https:\/\/lumond.com\/sv\/wp-json\/wp\/v2\/product_cat?post=63095"},{"taxonomy":"product_tag","embeddable":true,"href":"https:\/\/lumond.com\/sv\/wp-json\/wp\/v2\/product_tag?post=63095"}],"curies":[{"name":"wp","href":"https:\/\/api.w.org\/{rel}","templated":true}]}}