{"id":99635,"date":"2026-04-09T17:39:05","date_gmt":"2026-04-09T17:39:05","guid":{"rendered":"https:\/\/lumond.com\/geschenkgutschein-bedingungen\/"},"modified":"2026-04-09T18:26:04","modified_gmt":"2026-04-09T18:26:04","slug":"presentkort-villkor","status":"publish","type":"page","link":"https:\/\/lumond.com\/sv\/presentkort-villkor\/","title":{"rendered":"Presentkort Villkor"},"content":{"rendered":"\t\t<div data-elementor-type=\"wp-page\" data-elementor-id=\"99635\" class=\"elementor elementor-99635 elementor-99608\" data-elementor-post-type=\"page\">\n\t\t\t\t\t\t<section class=\"elementor-section elementor-top-section elementor-element elementor-element-8f1744b elementor-section-boxed elementor-section-height-default elementor-section-height-default\" data-id=\"8f1744b\" data-element_type=\"section\">\n\t\t\t\t\t\t<div class=\"elementor-container elementor-column-gap-default\">\n\t\t\t\t\t<div class=\"elementor-column elementor-col-100 elementor-top-column elementor-element elementor-element-590b407\" data-id=\"590b407\" data-element_type=\"column\">\n\t\t\t<div class=\"elementor-widget-wrap elementor-element-populated\">\n\t\t\t\t\t\t<div class=\"elementor-element elementor-element-7ab0f1d elementor-widget elementor-widget-heading\" data-id=\"7ab0f1d\" data-element_type=\"widget\" data-widget_type=\"heading.default\">\n\t\t\t\t<div class=\"elementor-widget-container\">\n\t\t\t<style>\/*! elementor - v3.21.0 - 08-05-2024 *\/\n.elementor-heading-title{padding:0;margin:0;line-height:1}.elementor-widget-heading .elementor-heading-title[class*=elementor-size-]>a{color:inherit;font-size:inherit;line-height:inherit}.elementor-widget-heading .elementor-heading-title.elementor-size-small{font-size:15px}.elementor-widget-heading .elementor-heading-title.elementor-size-medium{font-size:19px}.elementor-widget-heading .elementor-heading-title.elementor-size-large{font-size:29px}.elementor-widget-heading .elementor-heading-title.elementor-size-xl{font-size:39px}.elementor-widget-heading .elementor-heading-title.elementor-size-xxl{font-size:59px}<\/style><h1 class=\"elementor-heading-title elementor-size-default\">Presentkort \u2013 Allm\u00e4nna anv\u00e4ndningsvillkor<\/h1>\t\t<\/div>\n\t\t\t\t<\/div>\n\t\t\t\t<div class=\"elementor-element elementor-element-fa29c2b elementor-widget elementor-widget-text-editor\" data-id=\"fa29c2b\" data-element_type=\"widget\" data-widget_type=\"text-editor.default\">\n\t\t\t\t<div class=\"elementor-widget-container\">\n\t\t\t<style>\/*! elementor - v3.21.0 - 08-05-2024 *\/\n.elementor-widget-text-editor.elementor-drop-cap-view-stacked .elementor-drop-cap{background-color:#69727d;color:#fff}.elementor-widget-text-editor.elementor-drop-cap-view-framed .elementor-drop-cap{color:#69727d;border:3px solid;background-color:transparent}.elementor-widget-text-editor:not(.elementor-drop-cap-view-default) .elementor-drop-cap{margin-top:8px}.elementor-widget-text-editor:not(.elementor-drop-cap-view-default) .elementor-drop-cap-letter{width:1em;height:1em}.elementor-widget-text-editor .elementor-drop-cap{float:left;text-align:center;line-height:1;font-size:50px}.elementor-widget-text-editor .elementor-drop-cap-letter{display:inline-block}<\/style>\t\t\t\t<p style=\"font-weight: bold; padding-bottom: 10px;\">\u00a71 Till\u00e4mpningsomr\u00e5de och utf\u00e4rdare<\/p><p>(1) F\u00f6ljande anv\u00e4ndningsvillkor g\u00e4ller f\u00f6r alla presentkort (nedan kallade &#8220;presentkort&#8221;) som utf\u00e4rdas av Laylaundyom UG (nedan kallat &#8220;Lumond&#8221;).<\/p><div style=\"margin-left: 20px; margin-top: 5px; margin-bottom: 5px;\">Laylaundyom UG<br \/>Dor Porat<br \/>Kolonnenstr. 8<br \/>10827 Berlin<br \/>E-post: <a href=\"mailto:info@lumond.de\">info@lumond.de<\/a><br \/>Registreringsnummer: HRB 18705<br \/>Registerdomstol: Amtsgericht Krefeld<br \/>Moms-nr.: DE348104546<\/div><p>(2) Genom att k\u00f6pa, ta emot eller l\u00f6sa in ett presentkort godk\u00e4nner innehavaren dessa anv\u00e4ndningsvillkor.<\/p><p style=\"font-weight: bold; padding-bottom: 10px;\">\u00a72 Tillg\u00e4ngliga format och k\u00f6p<\/p><p>(1) Presentkortet finns tillg\u00e4ngligt i f\u00f6ljande format:<\/p><div style=\"margin-left: 20px; margin-top: 5px; margin-bottom: 10px;\">a) <b>Digitalt presentkort (e-presentkort)<\/b> \u2013 kan k\u00f6pas i webbshoppen p\u00e5 <a href=\"https:\/\/lumond.com\">www.lumond.com<\/a>. E-presentkortet skickas via e-post till den e-postadress som k\u00f6paren angett.<p>b) <b>Fysiskt presentkort<\/b> \u2013 om tillg\u00e4ngligt, kan k\u00f6pas i webbshoppen p\u00e5 <a href=\"https:\/\/lumond.com\">www.lumond.com<\/a>. Det fysiska presentkortet levereras per post.<\/p><\/div><p>(2) Presentkortet kan k\u00f6pas i olika belopp. Tillg\u00e4ngliga belopp visas i webbshoppen p\u00e5 <a href=\"https:\/\/lumond.com\">www.lumond.com<\/a>.<\/p><p>(3) Presentkortet kan betalas med alla betalningsmedel som accepteras i webbshoppen. Ett presentkort kan dock inte betalas med ett annat presentkort.<\/p><p style=\"font-weight: bold; padding-bottom: 10px;\">\u00a73 Giltighet<\/p><p>(1) Presentkortet g\u00e4ller utan tidsbegr\u00e4nsning fr\u00e5n ink\u00f6psdatum, om inte annat utg\u00e5ngsdatum anges p\u00e5 presentkortet.<\/p><p>(2) Presentkortet kan endast l\u00f6sas in i webbshoppen p\u00e5 <a href=\"https:\/\/lumond.com\">www.lumond.com<\/a>.<\/p><p>(3) Presentkortet kan anv\u00e4ndas f\u00f6r alla varor som erbjuds i webbshoppen.<\/p><p style=\"font-weight: bold; padding-bottom: 10px;\">\u00a74 Inl\u00f6sen och kvarvarande saldo<\/p><p>(1) Innehavaren kan anv\u00e4nda presentkortet obegr\u00e4nsat antal g\u00e5nger tills saldot \u00e4r helt f\u00f6rbrukat.<\/p><p>(2) Presentkortets tillg\u00e4ngliga saldo motsvarar skillnaden mellan det ursprungliga saldot och det belopp som redan anv\u00e4nts f\u00f6r k\u00f6p.<\/p><p>(3) Om k\u00f6pbeloppet \u00f6verstiger kvarvarande saldo kan mellanskillnaden betalas med valfritt betalningsmedel som accepteras i webbshoppen.<\/p><p>(4) Eventuellt kvarvarande saldo kan inte betalas ut kontant eller \u00f6verf\u00f6ras till ett bankkonto.<\/p><p>(5) Det aktuella saldot kan n\u00e4r som helst kontrolleras under best\u00e4llningsprocessen p\u00e5 <a href=\"https:\/\/lumond.com\">www.lumond.com<\/a>.<\/p><p style=\"font-weight: bold; padding-bottom: 10px;\">\u00a75 Retur av presentkort<\/p><p>(1) F\u00f6r digitalt k\u00f6pta presentkort (e-presentkort) g\u00e4ller en lagstadgad \u00e5ngerr\u00e4tt p\u00e5 14 dagar fr\u00e5n ink\u00f6psdatum, f\u00f6rutsatt att presentkortet \u00e4nnu inte har l\u00f6sts in.<\/p><p>(2) \u00c5terbetalningen sker via det ursprungliga betalningss\u00e4ttet. F\u00f6r retur m\u00e5ste orderbekr\u00e4ftelsen uppvisas.<\/p><p>(3) Delvis inl\u00f6sta presentkort kan inte returneras.<\/p><p style=\"font-weight: bold; padding-bottom: 10px;\">\u00a76 Retur av varor k\u00f6pta med presentkort<\/p><p>(1) Om varor som helt eller delvis betalats med presentkort returneras, \u00e5terbetalas presentkortsdelen som ett nytt presentkort. Presentkortet skickas via e-post till den e-postadress som anv\u00e4ndes vid best\u00e4llningen.<\/p><p>(2) F\u00f6r den del som inte betalats med presentkort g\u00e4ller de ordinarie returvillkoren enligt v\u00e5ra <a href=\"https:\/\/lumond.com\/sv\/allmanna-villkor\">allm\u00e4nna villkor<\/a>.<\/p><p style=\"font-weight: bold; padding-bottom: 10px;\">\u00a77 Ansvar<\/p><p>(1) Presentkortet \u00e4r ett innehavardokument. Den vid var tid aktuelle innehavaren \u00e4r ensam ansvarig f\u00f6r anv\u00e4ndningen och s\u00e4ker f\u00f6rvaring av presentkortet (inklusive presentkortskoden).<\/p><p>(2) Lumond ers\u00e4tter inte presentkortet vid f\u00f6rlust, st\u00f6ld eller obeh\u00f6rig anv\u00e4ndning. Det rekommenderas att behandla presentkortskoden konfidentiellt och f\u00f6rvara den s\u00e4kert.<\/p><p>(3) Lumond \u00e5tar sig inget ansvar f\u00f6r utebliven eller f\u00f6rsenad leverans av e-presentkort om orsaken ligger utanf\u00f6r Lumonds kontroll, s\u00e4rskilt vid:<\/p><div style=\"margin-left: 20px; margin-top: 5px; margin-bottom: 10px;\">a) Felaktiga mottagaruppgifter angivna av k\u00f6paren<br \/>b) Tekniska st\u00f6rningar i telekommunikationssystem<br \/>c) Klassificering av e-postmeddelandet som skr\u00e4ppost av mottagarens e-postprogram<br \/>d) Utebliven leverans till angiven e-postadress av tekniska sk\u00e4l<\/div><p style=\"font-weight: bold; padding-bottom: 10px;\">\u00a78 Missbruk och ogiltighet<\/p><p>(1) Presentkort som f\u00f6rv\u00e4rvats p\u00e5 olagligt s\u00e4tt eller manipulerats \u00e4r ogiltiga och kan varken l\u00f6sas in eller \u00e5terbetalas.<\/p><p>(2) Lumond f\u00f6rbeh\u00e5ller sig r\u00e4tten att sp\u00e4rra presentkort vid misstanke om bedr\u00e4geri eller missbruk.<\/p><p>(3) Presentkort f\u00e5r inte utan f\u00f6reg\u00e5ende skriftligt samtycke fr\u00e5n Lumond anv\u00e4ndas f\u00f6r kommersiella reklam- eller marknadsf\u00f6rings\u00e4ndam\u00e5l f\u00f6r tredje part eller s\u00e4ljas vidare.<\/p><p style=\"font-weight: bold; padding-bottom: 10px;\">\u00a79 Dataskydd<\/p><p>I samband med k\u00f6p och anv\u00e4ndning av presentkort behandlas personuppgifter (t.ex. k\u00f6parens och mottagarens e-postadresser). Information om databehandlingen finns i v\u00e5r <a href=\"https:\/\/lumond.com\/sv\/integritetspolicy\">integritetspolicy<\/a>.<\/p><p style=\"font-weight: bold; padding-bottom: 10px;\">\u00a710 Till\u00e4mplig lag och jurisdiktion<\/p><p>(1) Tysk lag till\u00e4mpas, med undantag f\u00f6r FN:s k\u00f6plag (CISG).<\/p><p>(2) F\u00f6r konsumenter g\u00e4ller detta lagval endast i den utstr\u00e4ckning det inte ber\u00f6var konsumenten det skydd som ges av tvingande best\u00e4mmelser i lagstiftningen i det land d\u00e4r konsumenten har sin vanliga vistelseort.<\/p><p>(3) Om kunden \u00e4r n\u00e4ringsidkare, offentligr\u00e4ttslig juridisk person eller offentligr\u00e4ttslig specialf\u00f6rm\u00f6genhet, \u00e4r exklusivt forum f\u00f6r alla tvister som uppst\u00e5r ur detta avtal v\u00e5rt aff\u00e4rsst\u00e4lle i Berlin.<\/p><p style=\"font-weight: bold; padding-bottom: 10px;\">\u00a711 Salvatorisk klausul<\/p><p>Om n\u00e5gon best\u00e4mmelse i dessa anv\u00e4ndningsvillkor \u00e4r eller blir helt eller delvis ogiltig, p\u00e5verkar detta inte giltigheten av \u00f6vriga best\u00e4mmelser.<\/p><p style=\"font-weight: bold; padding-bottom: 10px;\">\u00a712 Kontakt<\/p><p>Vid fr\u00e5gor eller klagom\u00e5l i samband med presentkort, v\u00e4nligen kontakta:<\/p><div style=\"margin-left: 20px; margin-top: 5px; margin-bottom: 5px;\">Lumond \u2013 Laylaundyom UG<br \/>Kolonnenstr. 8<br \/>10827 Berlin<br \/>E-post: <a href=\"mailto:info@lumond.de\">info@lumond.de<\/a><br \/>Webb: <a href=\"https:\/\/support.lumond.com\/sv\">support.lumond.com<\/a><\/div><p style=\"font-size: 13px; color: #666; margin-top: 30px;\">G\u00e4ller fr\u00e5n: april 2026<\/p>\t\t\t\t\t\t<\/div>\n\t\t\t\t<\/div>\n\t\t\t\t\t<\/div>\n\t\t<\/div>\n\t\t\t\t\t<\/div>\n\t\t<\/section>\n\t\t\t\t<\/div>\n\t\t","protected":false},"excerpt":{"rendered":"<p>Presentkort \u2013 Allm\u00e4nna anv\u00e4ndningsvillkor \u00a71 Till\u00e4mpningsomr\u00e5de och utf\u00e4rdare (1) F\u00f6ljande anv\u00e4ndningsvillkor g\u00e4ller f\u00f6r alla presentkort (nedan kallade &#8220;presentkort&#8221;) som utf\u00e4rdas av Laylaundyom UG (nedan kallat &#8220;Lumond&#8221;). Laylaundyom UGDor PoratKolonnenstr. 810827 BerlinE-post: info@lumond.deRegistreringsnummer: HRB 18705Registerdomstol: Amtsgericht KrefeldMoms-nr.: DE348104546 (2) Genom att k\u00f6pa, ta emot eller l\u00f6sa in ett presentkort godk\u00e4nner innehavaren dessa anv\u00e4ndningsvillkor. \u00a72 Tillg\u00e4ngliga format [&hellip;]<\/p>\n","protected":false},"author":18,"featured_media":0,"parent":0,"menu_order":0,"comment_status":"closed","ping_status":"closed","template":"","meta":{"_acf_changed":false,"site-sidebar-layout":"no-sidebar","site-content-layout":"page-builder","ast-site-content-layout":"full-width-container","site-content-style":"default","site-sidebar-style":"default","ast-global-header-display":"","ast-banner-title-visibility":"","ast-main-header-display":"","ast-hfb-above-header-display":"","ast-hfb-below-header-display":"","ast-hfb-mobile-header-display":"","site-post-title":"disabled","ast-breadcrumbs-content":"","ast-featured-img":"disabled","footer-sml-layout":"","theme-transparent-header-meta":"","adv-header-id-meta":"","stick-header-meta":"","header-above-stick-meta":"","header-main-stick-meta":"","header-below-stick-meta":"","astra-migrate-meta-layouts":"set","ast-page-background-enabled":"default","ast-page-background-meta":{"desktop":{"background-color":"","background-image":"","background-repeat":"repeat","background-position":"center center","background-size":"auto","background-attachment":"scroll","background-type":"","background-media":"","overlay-type":"","overlay-color":"","overlay-opacity":"","overlay-gradient":""},"tablet":{"background-color":"","background-image":"","background-repeat":"repeat","background-position":"center center","background-size":"auto","background-attachment":"scroll","background-type":"","background-media":"","overlay-type":"","overlay-color":"","overlay-opacity":"","overlay-gradient":""},"mobile":{"background-color":"","background-image":"","background-repeat":"repeat","background-position":"center center","background-size":"auto","background-attachment":"scroll","background-type":"","background-media":"","overlay-type":"","overlay-color":"","overlay-opacity":"","overlay-gradient":""}},"ast-content-background-meta":{"desktop":{"background-color":"var(--ast-global-color-5)","background-image":"","background-repeat":"repeat","background-position":"center center","background-size":"auto","background-attachment":"scroll","background-type":"","background-media":"","overlay-type":"","overlay-color":"","overlay-opacity":"","overlay-gradient":""},"tablet":{"background-color":"var(--ast-global-color-5)","background-image":"","background-repeat":"repeat","background-position":"center center","background-size":"auto","background-attachment":"scroll","background-type":"","background-media":"","overlay-type":"","overlay-color":"","overlay-opacity":"","overlay-gradient":""},"mobile":{"background-color":"var(--ast-global-color-5)","background-image":"","background-repeat":"repeat","background-position":"center center","background-size":"auto","background-attachment":"scroll","background-type":"","background-media":"","overlay-type":"","overlay-color":"","overlay-opacity":"","overlay-gradient":""}},"footnotes":""},"class_list":["post-99635","page","type-page","status-publish","hentry"],"acf":[],"yoast_head":"<!-- This site is optimized with the Yoast SEO Premium plugin v23.0 (Yoast SEO v23.0) - https:\/\/yoast.com\/wordpress\/plugins\/seo\/ -->\n<title>Presentkort Villkor - Lumond<\/title>\n<meta name=\"robots\" content=\"index, follow, max-snippet:-1, max-image-preview:large, max-video-preview:-1\" \/>\n<link rel=\"canonical\" href=\"https:\/\/lumond.com\/sv\/presentkort-villkor\/\" \/>\n<meta property=\"og:locale\" content=\"sv_SE\" \/>\n<meta property=\"og:type\" content=\"article\" \/>\n<meta property=\"og:title\" content=\"Presentkort Villkor\" \/>\n<meta property=\"og:description\" content=\"Presentkort \u2013 Allm\u00e4nna anv\u00e4ndningsvillkor \u00a71 Till\u00e4mpningsomr\u00e5de och utf\u00e4rdare (1) F\u00f6ljande anv\u00e4ndningsvillkor g\u00e4ller f\u00f6r alla presentkort (nedan kallade &#8220;presentkort&#8221;) som utf\u00e4rdas av Laylaundyom UG (nedan kallat &#8220;Lumond&#8221;). Laylaundyom UGDor PoratKolonnenstr. 810827 BerlinE-post: info@lumond.deRegistreringsnummer: HRB 18705Registerdomstol: Amtsgericht KrefeldMoms-nr.: DE348104546 (2) Genom att k\u00f6pa, ta emot eller l\u00f6sa in ett presentkort godk\u00e4nner innehavaren dessa anv\u00e4ndningsvillkor. \u00a72 Tillg\u00e4ngliga format [&hellip;]\" \/>\n<meta property=\"og:url\" content=\"https:\/\/lumond.com\/sv\/presentkort-villkor\/\" \/>\n<meta property=\"og:site_name\" content=\"Lumond\" \/>\n<meta property=\"article:publisher\" content=\"https:\/\/www.facebook.com\/lumond.de\/\" \/>\n<meta property=\"article:modified_time\" content=\"2026-04-09T18:26:04+00:00\" \/>\n<meta name=\"twitter:card\" content=\"summary_large_image\" \/>\n<meta name=\"twitter:label1\" content=\"Ber\u00e4knad l\u00e4stid\" \/>\n\t<meta name=\"twitter:data1\" content=\"4 minuter\" \/>\n<script type=\"application\/ld+json\" class=\"yoast-schema-graph\">{\"@context\":\"https:\/\/schema.org\",\"@graph\":[{\"@type\":\"WebPage\",\"@id\":\"https:\/\/lumond.com\/sv\/presentkort-villkor\/\",\"url\":\"https:\/\/lumond.com\/sv\/presentkort-villkor\/\",\"name\":\"Presentkort Villkor - Lumond\",\"isPartOf\":{\"@id\":\"https:\/\/lumond.com\/sv\/#website\"},\"datePublished\":\"2026-04-09T17:39:05+00:00\",\"dateModified\":\"2026-04-09T18:26:04+00:00\",\"breadcrumb\":{\"@id\":\"https:\/\/lumond.com\/sv\/presentkort-villkor\/#breadcrumb\"},\"inLanguage\":\"sv-SE\",\"potentialAction\":[{\"@type\":\"ReadAction\",\"target\":[\"https:\/\/lumond.com\/sv\/presentkort-villkor\/\"]}]},{\"@type\":\"BreadcrumbList\",\"@id\":\"https:\/\/lumond.com\/sv\/presentkort-villkor\/#breadcrumb\",\"itemListElement\":[{\"@type\":\"ListItem\",\"position\":1,\"name\":\"Lumond\",\"item\":\"https:\/\/lumond.com\/sv\/\"},{\"@type\":\"ListItem\",\"position\":2,\"name\":\"Presentkort Villkor\"}]},{\"@type\":\"WebSite\",\"@id\":\"https:\/\/lumond.com\/sv\/#website\",\"url\":\"https:\/\/lumond.com\/sv\/\",\"name\":\"Lumond\",\"description\":\"Duftkerzen Im Glas\",\"publisher\":{\"@id\":\"https:\/\/lumond.com\/sv\/#organization\"},\"alternateName\":\"Lumond\",\"potentialAction\":[{\"@type\":\"SearchAction\",\"target\":{\"@type\":\"EntryPoint\",\"urlTemplate\":\"https:\/\/lumond.com\/sv\/?s={search_term_string}\"},\"query-input\":\"required name=search_term_string\"}],\"inLanguage\":\"sv-SE\"},{\"@type\":\"Organization\",\"@id\":\"https:\/\/lumond.com\/sv\/#organization\",\"name\":\"Lumond\",\"url\":\"https:\/\/lumond.com\/sv\/\",\"logo\":{\"@type\":\"ImageObject\",\"inLanguage\":\"sv-SE\",\"@id\":\"https:\/\/lumond.com\/sv\/#\/schema\/logo\/image\/\",\"url\":\"https:\/\/lumond.com\/wp-content\/uploads\/2022\/01\/cropped-40-05.png\",\"contentUrl\":\"https:\/\/lumond.com\/wp-content\/uploads\/2022\/01\/cropped-40-05.png\",\"width\":512,\"height\":512,\"caption\":\"Lumond\"},\"image\":{\"@id\":\"https:\/\/lumond.com\/sv\/#\/schema\/logo\/image\/\"},\"sameAs\":[\"https:\/\/www.facebook.com\/lumond.de\/\",\"https:\/\/www.instagram.com\/lumond.de\/\"],\"description\":\"Lumond tillverkar h\u00f6gkvalitativa doftljus av naturligt sojavax i stilfulla keramikbeh\u00e5llare \u2013 h\u00e5llbart producerade i Tyskland och med unika doftkompositioner. Perfekta f\u00f6r ett mysigt hem med k\u00e4nsla f\u00f6r milj\u00f6medvetenhet och design.\",\"email\":\"info@lumond.de\",\"legalName\":\"Lumond\",\"foundingDate\":\"2021-01-01\",\"ownershipFundingInfo\":\"https:\/\/lumond.com\/ueber-uns\/\",\"correctionsPolicy\":\"https:\/\/lumond.com\/kontakt\/\",\"address\":{\"@type\":\"PostalAddress\",\"streetAddress\":\"Lumond UG\",\"addressLocality\":\"Kolonnenstr. 8\",\"addressRegion\":\"Berlin\",\"postalCode\":\"10827\",\"addressCountry\":\"DE\"}}]}<\/script>\n<!-- \/ Yoast SEO Premium plugin. -->","yoast_head_json":{"title":"Presentkort Villkor - Lumond","robots":{"index":"index","follow":"follow","max-snippet":"max-snippet:-1","max-image-preview":"max-image-preview:large","max-video-preview":"max-video-preview:-1"},"canonical":"https:\/\/lumond.com\/sv\/presentkort-villkor\/","og_locale":"sv_SE","og_type":"article","og_title":"Presentkort Villkor","og_description":"Presentkort \u2013 Allm\u00e4nna anv\u00e4ndningsvillkor \u00a71 Till\u00e4mpningsomr\u00e5de och utf\u00e4rdare (1) F\u00f6ljande anv\u00e4ndningsvillkor g\u00e4ller f\u00f6r alla presentkort (nedan kallade &#8220;presentkort&#8221;) som utf\u00e4rdas av Laylaundyom UG (nedan kallat &#8220;Lumond&#8221;). Laylaundyom UGDor PoratKolonnenstr. 810827 BerlinE-post: info@lumond.deRegistreringsnummer: HRB 18705Registerdomstol: Amtsgericht KrefeldMoms-nr.: DE348104546 (2) Genom att k\u00f6pa, ta emot eller l\u00f6sa in ett presentkort godk\u00e4nner innehavaren dessa anv\u00e4ndningsvillkor. \u00a72 Tillg\u00e4ngliga format [&hellip;]","og_url":"https:\/\/lumond.com\/sv\/presentkort-villkor\/","og_site_name":"Lumond","article_publisher":"https:\/\/www.facebook.com\/lumond.de\/","article_modified_time":"2026-04-09T18:26:04+00:00","twitter_card":"summary_large_image","twitter_misc":{"Ber\u00e4knad l\u00e4stid":"4 minuter"},"schema":{"@context":"https:\/\/schema.org","@graph":[{"@type":"WebPage","@id":"https:\/\/lumond.com\/sv\/presentkort-villkor\/","url":"https:\/\/lumond.com\/sv\/presentkort-villkor\/","name":"Presentkort Villkor - Lumond","isPartOf":{"@id":"https:\/\/lumond.com\/sv\/#website"},"datePublished":"2026-04-09T17:39:05+00:00","dateModified":"2026-04-09T18:26:04+00:00","breadcrumb":{"@id":"https:\/\/lumond.com\/sv\/presentkort-villkor\/#breadcrumb"},"inLanguage":"sv-SE","potentialAction":[{"@type":"ReadAction","target":["https:\/\/lumond.com\/sv\/presentkort-villkor\/"]}]},{"@type":"BreadcrumbList","@id":"https:\/\/lumond.com\/sv\/presentkort-villkor\/#breadcrumb","itemListElement":[{"@type":"ListItem","position":1,"name":"Lumond","item":"https:\/\/lumond.com\/sv\/"},{"@type":"ListItem","position":2,"name":"Presentkort Villkor"}]},{"@type":"WebSite","@id":"https:\/\/lumond.com\/sv\/#website","url":"https:\/\/lumond.com\/sv\/","name":"Lumond","description":"Duftkerzen Im Glas","publisher":{"@id":"https:\/\/lumond.com\/sv\/#organization"},"alternateName":"Lumond","potentialAction":[{"@type":"SearchAction","target":{"@type":"EntryPoint","urlTemplate":"https:\/\/lumond.com\/sv\/?s={search_term_string}"},"query-input":"required name=search_term_string"}],"inLanguage":"sv-SE"},{"@type":"Organization","@id":"https:\/\/lumond.com\/sv\/#organization","name":"Lumond","url":"https:\/\/lumond.com\/sv\/","logo":{"@type":"ImageObject","inLanguage":"sv-SE","@id":"https:\/\/lumond.com\/sv\/#\/schema\/logo\/image\/","url":"https:\/\/lumond.com\/wp-content\/uploads\/2022\/01\/cropped-40-05.png","contentUrl":"https:\/\/lumond.com\/wp-content\/uploads\/2022\/01\/cropped-40-05.png","width":512,"height":512,"caption":"Lumond"},"image":{"@id":"https:\/\/lumond.com\/sv\/#\/schema\/logo\/image\/"},"sameAs":["https:\/\/www.facebook.com\/lumond.de\/","https:\/\/www.instagram.com\/lumond.de\/"],"description":"Lumond tillverkar h\u00f6gkvalitativa doftljus av naturligt sojavax i stilfulla keramikbeh\u00e5llare \u2013 h\u00e5llbart producerade i Tyskland och med unika doftkompositioner. Perfekta f\u00f6r ett mysigt hem med k\u00e4nsla f\u00f6r milj\u00f6medvetenhet och design.","email":"info@lumond.de","legalName":"Lumond","foundingDate":"2021-01-01","ownershipFundingInfo":"https:\/\/lumond.com\/ueber-uns\/","correctionsPolicy":"https:\/\/lumond.com\/kontakt\/","address":{"@type":"PostalAddress","streetAddress":"Lumond UG","addressLocality":"Kolonnenstr. 8","addressRegion":"Berlin","postalCode":"10827","addressCountry":"DE"}}]}},"_links":{"self":[{"href":"https:\/\/lumond.com\/sv\/wp-json\/wp\/v2\/pages\/99635","targetHints":{"allow":["GET"]}}],"collection":[{"href":"https:\/\/lumond.com\/sv\/wp-json\/wp\/v2\/pages"}],"about":[{"href":"https:\/\/lumond.com\/sv\/wp-json\/wp\/v2\/types\/page"}],"author":[{"embeddable":true,"href":"https:\/\/lumond.com\/sv\/wp-json\/wp\/v2\/users\/18"}],"replies":[{"embeddable":true,"href":"https:\/\/lumond.com\/sv\/wp-json\/wp\/v2\/comments?post=99635"}],"version-history":[{"count":4,"href":"https:\/\/lumond.com\/sv\/wp-json\/wp\/v2\/pages\/99635\/revisions"}],"predecessor-version":[{"id":99687,"href":"https:\/\/lumond.com\/sv\/wp-json\/wp\/v2\/pages\/99635\/revisions\/99687"}],"wp:attachment":[{"href":"https:\/\/lumond.com\/sv\/wp-json\/wp\/v2\/media?parent=99635"}],"curies":[{"name":"wp","href":"https:\/\/api.w.org\/{rel}","templated":true}]}}