{"id":62916,"date":"2021-12-12T16:28:01","date_gmt":"2021-12-12T16:28:01","guid":{"rendered":"https:\/\/lumond.com\/agb\/"},"modified":"2026-03-10T17:54:26","modified_gmt":"2026-03-10T17:54:26","slug":"allmanna-villkor","status":"publish","type":"page","link":"https:\/\/lumond.com\/sv\/allmanna-villkor\/","title":{"rendered":"Allm\u00e4nna villkor"},"content":{"rendered":"\t\t<div data-elementor-type=\"wp-page\" data-elementor-id=\"62916\" class=\"elementor elementor-62916 elementor-3625\" data-elementor-post-type=\"page\">\n\t\t\t\t\t\t<section class=\"elementor-section elementor-top-section elementor-element elementor-element-385b682 elementor-section-boxed elementor-section-height-default elementor-section-height-default\" data-id=\"385b682\" data-element_type=\"section\">\n\t\t\t\t\t\t<div class=\"elementor-container elementor-column-gap-default\">\n\t\t\t\t\t<div class=\"elementor-column elementor-col-100 elementor-top-column elementor-element elementor-element-4e344af\" data-id=\"4e344af\" data-element_type=\"column\">\n\t\t\t<div class=\"elementor-widget-wrap elementor-element-populated\">\n\t\t\t\t\t\t<div class=\"elementor-element elementor-element-528cba4 elementor-widget elementor-widget-heading\" data-id=\"528cba4\" data-element_type=\"widget\" data-widget_type=\"heading.default\">\n\t\t\t\t<div class=\"elementor-widget-container\">\n\t\t\t<style>\/*! elementor - v3.21.0 - 08-05-2024 *\/\n.elementor-heading-title{padding:0;margin:0;line-height:1}.elementor-widget-heading .elementor-heading-title[class*=elementor-size-]>a{color:inherit;font-size:inherit;line-height:inherit}.elementor-widget-heading .elementor-heading-title.elementor-size-small{font-size:15px}.elementor-widget-heading .elementor-heading-title.elementor-size-medium{font-size:19px}.elementor-widget-heading .elementor-heading-title.elementor-size-large{font-size:29px}.elementor-widget-heading .elementor-heading-title.elementor-size-xl{font-size:39px}.elementor-widget-heading .elementor-heading-title.elementor-size-xxl{font-size:59px}<\/style><h1 class=\"elementor-heading-title elementor-size-default\">Allm\u00e4nna villkor f\u00f6r f\u00f6retaget Lumond<\/h1>\t\t<\/div>\n\t\t\t\t<\/div>\n\t\t\t\t<div class=\"elementor-element elementor-element-019d70e elementor-widget elementor-widget-text-editor\" data-id=\"019d70e\" data-element_type=\"widget\" data-widget_type=\"text-editor.default\">\n\t\t\t\t<div class=\"elementor-widget-container\">\n\t\t\t<style>\/*! elementor - v3.21.0 - 08-05-2024 *\/\n.elementor-widget-text-editor.elementor-drop-cap-view-stacked .elementor-drop-cap{background-color:#69727d;color:#fff}.elementor-widget-text-editor.elementor-drop-cap-view-framed .elementor-drop-cap{color:#69727d;border:3px solid;background-color:transparent}.elementor-widget-text-editor:not(.elementor-drop-cap-view-default) .elementor-drop-cap{margin-top:8px}.elementor-widget-text-editor:not(.elementor-drop-cap-view-default) .elementor-drop-cap-letter{width:1em;height:1em}.elementor-widget-text-editor .elementor-drop-cap{float:left;text-align:center;line-height:1;font-size:50px}.elementor-widget-text-editor .elementor-drop-cap-letter{display:inline-block}<\/style>\t\t\t\t<p style=\"font-weight: bold; padding-bottom: 10px;\">\u00a71 Till\u00e4mpning gentemot konsumenter och definitioner<\/p><p>(1) F\u00f6ljande allm\u00e4nna villkor g\u00e4ller f\u00f6r alla leveranser mellan oss och en konsument i den version som \u00e4r giltig vid tidpunkten f\u00f6r best\u00e4llningen. Konsument \u00e4r varje fysisk person som ing\u00e5r en r\u00e4ttshandling i syften som huvudsakligen inte kan h\u00e4nf\u00f6ras till deras kommersiella eller sj\u00e4lvst\u00e4ndiga yrkesverksamhet (\u00a7 13 BGB).<\/p><p style=\"font-weight: bold; padding-bottom: 10px;\">\u00a72 Ing\u00e5ende av avtal, lagring av avtalstext<\/p><p>(1) F\u00f6ljande best\u00e4mmelser om avtalsslut g\u00e4ller f\u00f6r best\u00e4llningar via v\u00e5r webbutik https:\/\/lumond.com\/.<\/p><p>(2) Vid avtalsslut ing\u00e5s avtalet med<\/p><div style=\"font-weight: bold; margin-left: 20px;\">Laylaundyom UG<\/div><div style=\"font-weight: bold; margin-left: 20px;\">Dor Porat<br \/>Kolonnenstr. 8<br \/>10827 Berlin<br \/>Registernummer: <span style=\"background-color: #f7fbff; color: #58595b; font-family: Lato, sans-serif; font-size: 14px; font-weight: inherit;\">HRB 18705<\/span><\/div><div style=\"margin-left: 20px;\"><span style=\"font-style: inherit; font-family: -apple-system, BlinkMacSystemFont, 'Segoe UI', Roboto, Oxygen-Sans, Ubuntu, Cantarell, 'Helvetica Neue', sans-serif;\"><b>Registerdomstol<\/b><\/span><span style=\"font-weight: inherit; font-style: inherit; font-family: -apple-system, BlinkMacSystemFont, 'Segoe UI', Roboto, Oxygen-Sans, Ubuntu, Cantarell, 'Helvetica Neue', sans-serif;\">: <\/span><span style=\"color: #58595b; font-family: Lato, sans-serif;\"><span style=\"font-size: 14px;\"><b>Amtsgericht Krefeld<\/b><\/span><\/span><\/div><p><b>sluts.<\/b><\/p><p>(3) Presentationen av varorna i v\u00e5r webbutik utg\u00f6r inte ett juridiskt bindande avtalsanbud fr\u00e5n v\u00e5r sida, utan endast en icke-bindande uppmaning till konsumenten att best\u00e4lla varor. Genom att best\u00e4lla \u00f6nskade varor l\u00e4mnar konsumenten ett f\u00f6r honom bindande anbud om att ing\u00e5 ett k\u00f6peavtal.<\/p><p>(4) N\u00e4r en best\u00e4llning g\u00f6rs i v\u00e5r webbutik g\u00e4ller f\u00f6ljande best\u00e4mmelser:<br \/>Konsumenten l\u00e4mnar ett bindande avtalsanbud genom att framg\u00e5ngsrikt genomf\u00f6ra den best\u00e4llningsprocess som f\u00f6reskrivs i v\u00e5r webbutik. Best\u00e4llningen sker i f\u00f6ljande steg:<\/p><div><p>1) Val av \u00f6nskad vara<\/p><p>2) Bekr\u00e4fta genom att klicka p\u00e5 knappen \u201dL\u00c4GG I VARUKORG\u201d<\/p><p>3) Kontroll av uppgifterna i varukorgen<\/p><p>4) Klicka p\u00e5 knappen \u201dtill kassan\u201d<\/p><p>5) F\u00f6rnyad kontroll eller korrigering av de inmatade uppgifterna<\/p><p>6) Bindande s\u00e4ndning av best\u00e4llningen genom att klicka p\u00e5 knappen \u201dbest\u00e4ll med betalningsskyldighet\u201d eller \u201dk\u00f6p\u201d<\/p><\/div><p>Konsumenten kan, innan den bindande best\u00e4llningen skickas, \u00e5terg\u00e5 till den webbsida d\u00e4r kundens uppgifter registreras och korrigera inmatningsfel genom att klicka p\u00e5 \u201dTillbaka\u201d-knappen i den webbl\u00e4sare han anv\u00e4nder eller avbryta best\u00e4llningsprocessen genom att st\u00e4nga webbl\u00e4saren.<br \/>Vi bekr\u00e4ftar mottagandet av best\u00e4llningen omedelbart genom ett automatiskt genererat e-postmeddelande (\u201dorderbekr\u00e4ftelse\u201d). D\u00e4rmed accepterar vi ditt anbud.<\/p><p>(5) Lagring av avtalstexten vid best\u00e4llningar via v\u00e5r webbutik: Vi skickar best\u00e4llningsuppgifterna och v\u00e5ra allm\u00e4nna villkor till dig via e-post. Villkoren kan du n\u00e4r som helst \u00e4ven ta del av online. Dina best\u00e4llningsuppgifter \u00e4r av s\u00e4kerhetssk\u00e4l inte l\u00e4ngre tillg\u00e4ngliga via internet.<\/p><p style=\"font-weight: bold; padding-bottom: 10px;\">\u00a73 Priser, fraktkostnader, betalning, f\u00f6rfall<\/p><p>(1) De angivna priserna inkluderar lagstadgad moms och andra prisbestanddelar. Eventuella fraktkostnader tillkommer.<\/p><p>(2) Konsumenten har m\u00f6jlighet att betala i f\u00f6rskott, mot postf\u00f6rskott, autogiro, PayPal, kreditkort (Visa, Mastercard, American Express).<\/p><p>(3) Om konsumenten har valt betalning i f\u00f6rskott, f\u00f6rbinder han sig att betala k\u00f6peskillingen omedelbart efter avtalsslut. Om vi levererar mot postf\u00f6rskott, f\u00f6rfaller k\u00f6peskillingen n\u00e4r varan mottas.<\/p><p style=\"font-weight: bold; padding-bottom: 10px;\">\u00a74 Leverans<\/p><p>(1) S\u00e5vida inget annat tydligt anges i produktbeskrivningen, \u00e4r alla artiklar vi erbjuder redo f\u00f6r omedelbar leverans. Leverans sker senast inom 14 arbetsdagar. Tiden f\u00f6r leverans b\u00f6rjar vid betalning i f\u00f6rskott dagen efter att betalningsuppdraget har l\u00e4mnats till banken och vid alla andra betalningsmetoder dagen efter avtalsslut. Om tidsfristen l\u00f6per ut p\u00e5 en l\u00f6rdag, s\u00f6ndag eller helgdag p\u00e5 leveransorten, l\u00f6per fristen ut n\u00e4sta arbetsdag.<\/p><p>(2) Risken f\u00f6r att varan oavsiktligt g\u00e5r f\u00f6rlorad eller f\u00f6rs\u00e4mras \u00f6verg\u00e5r \u00e4ven vid leveransk\u00f6p f\u00f6rst vid \u00f6verl\u00e4mnandet av varan till k\u00f6paren.<\/p><p style=\"font-weight: bold; padding-bottom: 10px;\">\u00a75 F\u00f6rbeh\u00e5ll om \u00e4gander\u00e4tt<\/p><p>Vi f\u00f6rbeh\u00e5ller oss \u00e4gander\u00e4tten till varan tills full betalning av k\u00f6peskillingen har gjorts.<\/p><p>****************************************************************************************************<\/p><p style=\"font-weight: bold; padding-bottom: 10px;\">\u00a76 Konsumentens \u00e5ngerr\u00e4tt<\/p><p>Konsumenter har en \u00e5ngerr\u00e4tt enligt f\u00f6ljande best\u00e4mmelser, varvid konsument \u00e4r varje fysisk person som ing\u00e5r en r\u00e4ttshandling i syften som huvudsakligen inte kan h\u00e4nf\u00f6ras till deras kommersiella eller sj\u00e4lvst\u00e4ndiga yrkesverksamhet:<\/p><p style=\"font-weight: bold; padding-bottom: 1px; text-align: center;\">\u00c5ngerinformation<\/p><p><b>\u00c5ngerr\u00e4tt<\/b><\/p><p>Du har r\u00e4tt att \u00e5ngra detta avtal inom fjorton dagar utan att ange sk\u00e4l. \u00c5ngerfristen \u00e4r fjorton dagar fr\u00e5n den dag d\u00e5 du eller en av dig angiven tredje part, som inte \u00e4r transport\u00f6ren, har f\u00e5tt varorna i besittning.<\/p><p>F\u00f6r att ut\u00f6va din \u00e5ngerr\u00e4tt m\u00e5ste du informera oss<\/p><div style=\"margin-left: 20px; margin-top: 5px; margin-bottom: 5px;\">Lumond<br \/>Dor Porat<br \/>Kolonnenstr. 8<br \/>10827 Berlin<br \/>E-post: <a href=\"https:\/\/support.lumond.com\/sv\">info@lumond.de<\/a><\/div><p>genom ett tydligt meddelande (t.ex. ett brev skickat per post, fax eller e-post) om ditt beslut att \u00e5ngra detta avtal. Du kan anv\u00e4nda det bifogade \u00e5ngerformul\u00e4ret, men det \u00e4r inte obligatoriskt.<\/p><p><b>F\u00f6ljder av \u00e5nger<\/b><\/p><p>Om du \u00e5ngrar detta avtal ska vi \u00e5terbetala alla betalningar som vi f\u00e5tt fr\u00e5n dig, inklusive leveranskostnader (med undantag f\u00f6r de extra kostnader som uppst\u00e5r om du har valt en annan leveransmetod \u00e4n den billigaste standardleverans vi erbjuder), omedelbart och senast inom fjorton dagar fr\u00e5n den dag d\u00e5 meddelandet om din \u00e5nger av avtalet n\u00e5dde oss. F\u00f6r \u00e5terbetalningen anv\u00e4nder vi samma betalningsmedel som du anv\u00e4nde vid den ursprungliga transaktionen, s\u00e5vida inget annat uttryckligen \u00f6verenskommits med dig; i inget fall kommer du att debiteras n\u00e5gra avgifter f\u00f6r denna \u00e5terbetalning.<\/p><p>Vi kan h\u00e5lla inne \u00e5terbetalningen tills vi har f\u00e5tt tillbaka varorna eller tills du har visat att du har skickat tillbaka varorna, beroende p\u00e5 vilket som intr\u00e4ffar f\u00f6rst.<\/p><p>Du ska skicka tillbaka eller \u00f6verl\u00e4mna varorna till oss omedelbart och senast inom fjorton dagar fr\u00e5n den dag d\u00e5 du meddelade oss om \u00e5ngern av detta avtal. Tidsfristen \u00e4r uppfylld om du skickar varorna innan fristen p\u00e5 fjorton dagar har g\u00e5tt ut.<\/p><p>Du st\u00e5r f\u00f6r de direkta kostnaderna f\u00f6r retur av varorna.<\/p><p><b>Slut p\u00e5 \u00e5ngerinformationen<\/b><\/p><p>****************************************************************************************************<\/p><p style=\"font-weight: bold; padding-bottom: 10px;\">\u00a77 \u00c5ngerformul\u00e4r<\/p><p style=\"text-align: center; font-weight: bold;\">Exempel p\u00e5 \u00e5ngerformul\u00e4r<\/p><p>(Om du vill \u00e5ngra avtalet, fyll i detta formul\u00e4r och skicka tillbaka det.)<\/p><div style=\"border: 1px solid #000000; padding: 10px;\"><p>Till :<br \/>Lumond<br \/>Dor Porat<br \/>Kolonnenstr. 8<br \/>10827 Berlin<br \/>E-post <a href=\"https:\/\/support.lumond.com\/sv\">info@lumond.de<\/a><\/p><p>Jag\/vi (*) \u00e5ngrar h\u00e4rmed det avtal jag\/vi (*) ing\u00e5tt om k\u00f6p av f\u00f6ljande varor (*)\/tillhandah\u00e5llande av f\u00f6ljande tj\u00e4nster (*)<\/p><p style=\"font-size: 15px; font-style: normal; font-weight: 400;\">__________________________________________________________________________________________________________<\/p><div>\u00a0<\/div><p><span style=\"font-style: inherit; font-weight: inherit;\">Best\u00e4llt den (*)\/mottaget den (*)<\/span><\/p><p>__________________________________________________________________________________________________________<\/p><div>\u00a0<\/div><p>Namn p\u00e5 konsument(en)<\/p><p style=\"font-size: 15px; font-style: normal; font-weight: 400;\">__________________________________________________________________________________________________________<\/p><div>\u00a0<\/div><p><span style=\"font-style: inherit; font-weight: inherit;\">Adress till konsument(en)<\/span><\/p><p style=\"font-size: 15px; font-style: normal; font-weight: 400;\">__________________________________________________________________________________________________________<\/p><div>\u00a0<\/div><p>Underskrift av konsument(en) (endast vid meddelande p\u00e5 papper)<\/p><p style=\"font-size: 15px; font-style: normal; font-weight: 400;\">__________________________________________________________________________________________________________<\/p><div>\u00a0<\/div><p>Datum<\/p><p style=\"font-size: 15px; font-style: normal; font-weight: 400;\">__________________________________________________________________________________________________________<\/p><div>\u00a0<\/div><\/div><p>(*) Ej till\u00e4mpligt stryks.<\/p><p style=\"font-weight: bold; padding-bottom: 10px;\">\u00a78 Tvistl\u00f6sning<\/p><p>Europeiska kommissionen tillhandah\u00e5ller en plattform f\u00f6r tvistl\u00f6sning online (OS), som du hittar h\u00e4r: <a class=\"link-primary\" href=\"https:\/\/ec.europa.eu\/consumers\/odr\">L\u00c4NK TILL OS-PLATTFORMEN<\/a>. Vi \u00e4r inte skyldiga eller beredda att delta i tvistl\u00f6sningsf\u00f6rfaranden vid en konsumentn\u00e4mnd.<\/p><p style=\"font-weight: bold; padding-bottom: 10px;\">\u00a79 Till\u00e4mplig lag och domstolsort<\/p><p>Tysk r\u00e4tt g\u00e4ller med undantag av FN:s konvention om internationella k\u00f6p (CISG). F\u00f6r konsumenter g\u00e4ller detta lagval endast i den m\u00e5n det inte upph\u00e4ver det skydd som ges av tvingande best\u00e4mmelser i det land d\u00e4r konsumenten har sin vanliga vistelseort. \u00c4r kunden n\u00e4ringsidkare, juridisk person enligt offentlig r\u00e4tt eller offentlig-r\u00e4ttsligt specialf\u00f6rm\u00f6genhet, \u00e4r exklusiv domstolsort f\u00f6r alla tvister som uppst\u00e5r ur detta avtal v\u00e5rt s\u00e4te.<\/p><p style=\"font-weight: bold; padding-bottom: 10px;\">\u00a710 Separationsklausul<\/p><p>Om en best\u00e4mmelse i dessa allm\u00e4nna villkor \u00e4r helt eller delvis ogiltig, p\u00e5verkar detta inte giltigheten av de \u00e5terst\u00e5ende best\u00e4mmelserna. Ist\u00e4llet f\u00f6r den ogiltiga best\u00e4mmelsen g\u00e4ller lagstadgade best\u00e4mmelser.<\/p><p style=\"font-weight: bold; padding-bottom: 10px;\">\u00a711 Dataskydd<\/p><p>Vi f\u00f6ljer best\u00e4mmelserna i dataskyddsf\u00f6rordningen (GDPR). Detaljer framg\u00e5r av v\u00e5r integritetspolicy, som du hittar h\u00e4r.<\/p>\t\t\t\t\t\t<\/div>\n\t\t\t\t<\/div>\n\t\t\t\t\t<\/div>\n\t\t<\/div>\n\t\t\t\t\t<\/div>\n\t\t<\/section>\n\t\t\t\t<\/div>\n\t\t","protected":false},"excerpt":{"rendered":"<p>Allm\u00e4nna villkor f\u00f6r f\u00f6retaget Lumond \u00a71 Till\u00e4mpning gentemot konsumenter och definitioner (1) F\u00f6ljande allm\u00e4nna villkor g\u00e4ller f\u00f6r alla leveranser mellan oss och en konsument i den version som \u00e4r giltig vid tidpunkten f\u00f6r best\u00e4llningen. Konsument \u00e4r varje fysisk person som ing\u00e5r en r\u00e4ttshandling i syften som huvudsakligen inte kan h\u00e4nf\u00f6ras till deras kommersiella eller sj\u00e4lvst\u00e4ndiga [&hellip;]<\/p>\n","protected":false},"author":1,"featured_media":0,"parent":0,"menu_order":0,"comment_status":"closed","ping_status":"closed","template":"","meta":{"_acf_changed":false,"site-sidebar-layout":"no-sidebar","site-content-layout":"page-builder","ast-site-content-layout":"","site-content-style":"default","site-sidebar-style":"default","ast-global-header-display":"","ast-banner-title-visibility":"","ast-main-header-display":"","ast-hfb-above-header-display":"","ast-hfb-below-header-display":"","ast-hfb-mobile-header-display":"","site-post-title":"disabled","ast-breadcrumbs-content":"","ast-featured-img":"disabled","footer-sml-layout":"","theme-transparent-header-meta":"default","adv-header-id-meta":"","stick-header-meta":"","header-above-stick-meta":"","header-main-stick-meta":"","header-below-stick-meta":"","astra-migrate-meta-layouts":"set","ast-page-background-enabled":"default","ast-page-background-meta":{"desktop":{"background-color":"","background-image":"","background-repeat":"repeat","background-position":"center center","background-size":"auto","background-attachment":"scroll","background-type":"","background-media":"","overlay-type":"","overlay-color":"","overlay-opacity":"","overlay-gradient":""},"tablet":{"background-color":"","background-image":"","background-repeat":"repeat","background-position":"center center","background-size":"auto","background-attachment":"scroll","background-type":"","background-media":"","overlay-type":"","overlay-color":"","overlay-opacity":"","overlay-gradient":""},"mobile":{"background-color":"","background-image":"","background-repeat":"repeat","background-position":"center center","background-size":"auto","background-attachment":"scroll","background-type":"","background-media":"","overlay-type":"","overlay-color":"","overlay-opacity":"","overlay-gradient":""}},"ast-content-background-meta":{"desktop":{"background-color":"var(--ast-global-color-5)","background-image":"","background-repeat":"repeat","background-position":"center center","background-size":"auto","background-attachment":"scroll","background-type":"","background-media":"","overlay-type":"","overlay-color":"","overlay-opacity":"","overlay-gradient":""},"tablet":{"background-color":"var(--ast-global-color-5)","background-image":"","background-repeat":"repeat","background-position":"center center","background-size":"auto","background-attachment":"scroll","background-type":"","background-media":"","overlay-type":"","overlay-color":"","overlay-opacity":"","overlay-gradient":""},"mobile":{"background-color":"var(--ast-global-color-5)","background-image":"","background-repeat":"repeat","background-position":"center center","background-size":"auto","background-attachment":"scroll","background-type":"","background-media":"","overlay-type":"","overlay-color":"","overlay-opacity":"","overlay-gradient":""}},"footnotes":""},"class_list":["post-62916","page","type-page","status-publish","hentry"],"acf":[],"yoast_head":"<!-- This site is optimized with the Yoast SEO Premium plugin v23.0 (Yoast SEO v23.0) - https:\/\/yoast.com\/wordpress\/plugins\/seo\/ -->\n<title>Allm\u00e4nna villkor - Lumond<\/title>\n<meta name=\"description\" content=\"Allm\u00e4nna villkor f\u00f6r Lumond.\" \/>\n<meta name=\"robots\" content=\"noindex, follow\" \/>\n<meta property=\"og:locale\" content=\"sv_SE\" \/>\n<meta property=\"og:type\" content=\"article\" \/>\n<meta property=\"og:title\" content=\"Allm\u00e4nna villkor - Lumond\" \/>\n<meta property=\"og:description\" content=\"Allm\u00e4nna villkor f\u00f6r Lumond.\" \/>\n<meta property=\"og:url\" content=\"https:\/\/lumond.com\/sv\/allmanna-villkor\/\" \/>\n<meta property=\"og:site_name\" content=\"Lumond\" \/>\n<meta property=\"article:publisher\" content=\"https:\/\/www.facebook.com\/lumond.de\/\" \/>\n<meta property=\"article:modified_time\" content=\"2026-03-10T17:54:26+00:00\" \/>\n<meta name=\"twitter:card\" content=\"summary_large_image\" \/>\n<meta name=\"twitter:title\" content=\"Allm\u00e4nna villkor\" \/>\n<meta name=\"twitter:label1\" content=\"Ber\u00e4knad l\u00e4stid\" \/>\n\t<meta name=\"twitter:data1\" content=\"6 minuter\" \/>\n<script type=\"application\/ld+json\" class=\"yoast-schema-graph\">{\"@context\":\"https:\/\/schema.org\",\"@graph\":[{\"@type\":\"WebPage\",\"@id\":\"https:\/\/lumond.com\/sv\/allmanna-villkor\/\",\"url\":\"https:\/\/lumond.com\/sv\/allmanna-villkor\/\",\"name\":\"Allm\u00e4nna villkor - Lumond\",\"isPartOf\":{\"@id\":\"https:\/\/lumond.com\/sv\/#website\"},\"datePublished\":\"2021-12-12T16:28:01+00:00\",\"dateModified\":\"2026-03-10T17:54:26+00:00\",\"description\":\"Allm\u00e4nna villkor f\u00f6r Lumond.\",\"breadcrumb\":{\"@id\":\"https:\/\/lumond.com\/sv\/allmanna-villkor\/#breadcrumb\"},\"inLanguage\":\"sv-SE\",\"potentialAction\":[{\"@type\":\"ReadAction\",\"target\":[\"https:\/\/lumond.com\/sv\/allmanna-villkor\/\"]}]},{\"@type\":\"BreadcrumbList\",\"@id\":\"https:\/\/lumond.com\/sv\/allmanna-villkor\/#breadcrumb\",\"itemListElement\":[{\"@type\":\"ListItem\",\"position\":1,\"name\":\"Lumond\",\"item\":\"https:\/\/lumond.com\/sv\/\"},{\"@type\":\"ListItem\",\"position\":2,\"name\":\"Allm\u00e4nna villkor\"}]},{\"@type\":\"WebSite\",\"@id\":\"https:\/\/lumond.com\/sv\/#website\",\"url\":\"https:\/\/lumond.com\/sv\/\",\"name\":\"Lumond\",\"description\":\"Duftkerzen Im Glas\",\"publisher\":{\"@id\":\"https:\/\/lumond.com\/sv\/#organization\"},\"alternateName\":\"Lumond\",\"potentialAction\":[{\"@type\":\"SearchAction\",\"target\":{\"@type\":\"EntryPoint\",\"urlTemplate\":\"https:\/\/lumond.com\/sv\/?s={search_term_string}\"},\"query-input\":\"required name=search_term_string\"}],\"inLanguage\":\"sv-SE\"},{\"@type\":\"Organization\",\"@id\":\"https:\/\/lumond.com\/sv\/#organization\",\"name\":\"Lumond\",\"url\":\"https:\/\/lumond.com\/sv\/\",\"logo\":{\"@type\":\"ImageObject\",\"inLanguage\":\"sv-SE\",\"@id\":\"https:\/\/lumond.com\/sv\/#\/schema\/logo\/image\/\",\"url\":\"https:\/\/lumond.com\/wp-content\/uploads\/2022\/01\/cropped-40-05.png\",\"contentUrl\":\"https:\/\/lumond.com\/wp-content\/uploads\/2022\/01\/cropped-40-05.png\",\"width\":512,\"height\":512,\"caption\":\"Lumond\"},\"image\":{\"@id\":\"https:\/\/lumond.com\/sv\/#\/schema\/logo\/image\/\"},\"sameAs\":[\"https:\/\/www.facebook.com\/lumond.de\/\",\"https:\/\/www.instagram.com\/lumond.de\/\"],\"description\":\"Lumond tillverkar h\u00f6gkvalitativa doftljus av naturligt sojavax i stilfulla keramikbeh\u00e5llare \u2013 h\u00e5llbart producerade i Tyskland och med unika doftkompositioner. Perfekta f\u00f6r ett mysigt hem med k\u00e4nsla f\u00f6r milj\u00f6medvetenhet och design.\",\"email\":\"info@lumond.de\",\"legalName\":\"Lumond\",\"foundingDate\":\"2021-01-01\",\"ownershipFundingInfo\":\"https:\/\/lumond.com\/ueber-uns\/\",\"correctionsPolicy\":\"https:\/\/lumond.com\/kontakt\/\",\"address\":{\"@type\":\"PostalAddress\",\"streetAddress\":\"Lumond UG\",\"addressLocality\":\"Kolonnenstr. 8\",\"addressRegion\":\"Berlin\",\"postalCode\":\"10827\",\"addressCountry\":\"DE\"}}]}<\/script>\n<!-- \/ Yoast SEO Premium plugin. -->","yoast_head_json":{"title":"Allm\u00e4nna villkor - Lumond","description":"Allm\u00e4nna villkor f\u00f6r Lumond.","robots":{"index":"noindex","follow":"follow"},"og_locale":"sv_SE","og_type":"article","og_title":"Allm\u00e4nna villkor - Lumond","og_description":"Allm\u00e4nna villkor f\u00f6r Lumond.","og_url":"https:\/\/lumond.com\/sv\/allmanna-villkor\/","og_site_name":"Lumond","article_publisher":"https:\/\/www.facebook.com\/lumond.de\/","article_modified_time":"2026-03-10T17:54:26+00:00","twitter_card":"summary_large_image","twitter_title":"Allm\u00e4nna villkor","twitter_misc":{"Ber\u00e4knad l\u00e4stid":"6 minuter"},"schema":{"@context":"https:\/\/schema.org","@graph":[{"@type":"WebPage","@id":"https:\/\/lumond.com\/sv\/allmanna-villkor\/","url":"https:\/\/lumond.com\/sv\/allmanna-villkor\/","name":"Allm\u00e4nna villkor - Lumond","isPartOf":{"@id":"https:\/\/lumond.com\/sv\/#website"},"datePublished":"2021-12-12T16:28:01+00:00","dateModified":"2026-03-10T17:54:26+00:00","description":"Allm\u00e4nna villkor f\u00f6r Lumond.","breadcrumb":{"@id":"https:\/\/lumond.com\/sv\/allmanna-villkor\/#breadcrumb"},"inLanguage":"sv-SE","potentialAction":[{"@type":"ReadAction","target":["https:\/\/lumond.com\/sv\/allmanna-villkor\/"]}]},{"@type":"BreadcrumbList","@id":"https:\/\/lumond.com\/sv\/allmanna-villkor\/#breadcrumb","itemListElement":[{"@type":"ListItem","position":1,"name":"Lumond","item":"https:\/\/lumond.com\/sv\/"},{"@type":"ListItem","position":2,"name":"Allm\u00e4nna villkor"}]},{"@type":"WebSite","@id":"https:\/\/lumond.com\/sv\/#website","url":"https:\/\/lumond.com\/sv\/","name":"Lumond","description":"Duftkerzen Im Glas","publisher":{"@id":"https:\/\/lumond.com\/sv\/#organization"},"alternateName":"Lumond","potentialAction":[{"@type":"SearchAction","target":{"@type":"EntryPoint","urlTemplate":"https:\/\/lumond.com\/sv\/?s={search_term_string}"},"query-input":"required name=search_term_string"}],"inLanguage":"sv-SE"},{"@type":"Organization","@id":"https:\/\/lumond.com\/sv\/#organization","name":"Lumond","url":"https:\/\/lumond.com\/sv\/","logo":{"@type":"ImageObject","inLanguage":"sv-SE","@id":"https:\/\/lumond.com\/sv\/#\/schema\/logo\/image\/","url":"https:\/\/lumond.com\/wp-content\/uploads\/2022\/01\/cropped-40-05.png","contentUrl":"https:\/\/lumond.com\/wp-content\/uploads\/2022\/01\/cropped-40-05.png","width":512,"height":512,"caption":"Lumond"},"image":{"@id":"https:\/\/lumond.com\/sv\/#\/schema\/logo\/image\/"},"sameAs":["https:\/\/www.facebook.com\/lumond.de\/","https:\/\/www.instagram.com\/lumond.de\/"],"description":"Lumond tillverkar h\u00f6gkvalitativa doftljus av naturligt sojavax i stilfulla keramikbeh\u00e5llare \u2013 h\u00e5llbart producerade i Tyskland och med unika doftkompositioner. Perfekta f\u00f6r ett mysigt hem med k\u00e4nsla f\u00f6r milj\u00f6medvetenhet och design.","email":"info@lumond.de","legalName":"Lumond","foundingDate":"2021-01-01","ownershipFundingInfo":"https:\/\/lumond.com\/ueber-uns\/","correctionsPolicy":"https:\/\/lumond.com\/kontakt\/","address":{"@type":"PostalAddress","streetAddress":"Lumond UG","addressLocality":"Kolonnenstr. 8","addressRegion":"Berlin","postalCode":"10827","addressCountry":"DE"}}]}},"_links":{"self":[{"href":"https:\/\/lumond.com\/sv\/wp-json\/wp\/v2\/pages\/62916","targetHints":{"allow":["GET"]}}],"collection":[{"href":"https:\/\/lumond.com\/sv\/wp-json\/wp\/v2\/pages"}],"about":[{"href":"https:\/\/lumond.com\/sv\/wp-json\/wp\/v2\/types\/page"}],"author":[{"embeddable":true,"href":"https:\/\/lumond.com\/sv\/wp-json\/wp\/v2\/users\/1"}],"replies":[{"embeddable":true,"href":"https:\/\/lumond.com\/sv\/wp-json\/wp\/v2\/comments?post=62916"}],"version-history":[{"count":14,"href":"https:\/\/lumond.com\/sv\/wp-json\/wp\/v2\/pages\/62916\/revisions"}],"predecessor-version":[{"id":98711,"href":"https:\/\/lumond.com\/sv\/wp-json\/wp\/v2\/pages\/62916\/revisions\/98711"}],"wp:attachment":[{"href":"https:\/\/lumond.com\/sv\/wp-json\/wp\/v2\/media?parent=62916"}],"curies":[{"name":"wp","href":"https:\/\/api.w.org\/{rel}","templated":true}]}}