{"id":62914,"date":"2021-12-20T13:35:32","date_gmt":"2021-12-20T13:35:32","guid":{"rendered":"https:\/\/lumond.com\/retouren-versand\/"},"modified":"2025-09-16T11:59:42","modified_gmt":"2025-09-16T11:59:42","slug":"returer-frakt","status":"publish","type":"page","link":"https:\/\/lumond.com\/sv\/returer-frakt\/","title":{"rendered":"Returer &#038; Frakt"},"content":{"rendered":"\t\t<div data-elementor-type=\"wp-page\" data-elementor-id=\"62914\" class=\"elementor elementor-62914 elementor-4199\" data-elementor-post-type=\"page\">\n\t\t\t\t\t\t<section class=\"elementor-section elementor-top-section elementor-element elementor-element-6648470 elementor-section-boxed elementor-section-height-default elementor-section-height-default\" data-id=\"6648470\" data-element_type=\"section\">\n\t\t\t\t\t\t<div class=\"elementor-container elementor-column-gap-default\">\n\t\t\t\t\t<div class=\"elementor-column elementor-col-100 elementor-top-column elementor-element elementor-element-279cbbe\" data-id=\"279cbbe\" data-element_type=\"column\">\n\t\t\t<div class=\"elementor-widget-wrap elementor-element-populated\">\n\t\t\t\t\t\t<div class=\"elementor-element elementor-element-fff3db2 elementor-widget elementor-widget-heading\" data-id=\"fff3db2\" data-element_type=\"widget\" data-widget_type=\"heading.default\">\n\t\t\t\t<div class=\"elementor-widget-container\">\n\t\t\t<style>\/*! elementor - v3.21.0 - 08-05-2024 *\/\n.elementor-heading-title{padding:0;margin:0;line-height:1}.elementor-widget-heading .elementor-heading-title[class*=elementor-size-]>a{color:inherit;font-size:inherit;line-height:inherit}.elementor-widget-heading .elementor-heading-title.elementor-size-small{font-size:15px}.elementor-widget-heading .elementor-heading-title.elementor-size-medium{font-size:19px}.elementor-widget-heading .elementor-heading-title.elementor-size-large{font-size:29px}.elementor-widget-heading .elementor-heading-title.elementor-size-xl{font-size:39px}.elementor-widget-heading .elementor-heading-title.elementor-size-xxl{font-size:59px}<\/style><h1 class=\"elementor-heading-title elementor-size-default\">Frakt & Returer<\/h1>\t\t<\/div>\n\t\t\t\t<\/div>\n\t\t\t\t<div class=\"elementor-element elementor-element-4cec6e1 elementor-widget__width-initial elementor-widget elementor-widget-text-editor\" data-id=\"4cec6e1\" data-element_type=\"widget\" data-widget_type=\"text-editor.default\">\n\t\t\t\t<div class=\"elementor-widget-container\">\n\t\t\t<style>\/*! elementor - v3.21.0 - 08-05-2024 *\/\n.elementor-widget-text-editor.elementor-drop-cap-view-stacked .elementor-drop-cap{background-color:#69727d;color:#fff}.elementor-widget-text-editor.elementor-drop-cap-view-framed .elementor-drop-cap{color:#69727d;border:3px solid;background-color:transparent}.elementor-widget-text-editor:not(.elementor-drop-cap-view-default) .elementor-drop-cap{margin-top:8px}.elementor-widget-text-editor:not(.elementor-drop-cap-view-default) .elementor-drop-cap-letter{width:1em;height:1em}.elementor-widget-text-editor .elementor-drop-cap{float:left;text-align:center;line-height:1;font-size:50px}.elementor-widget-text-editor .elementor-drop-cap-letter{display:inline-block}<\/style>\t\t\t\t<p><strong>\u00c5ngerr\u00e4tt<\/strong><\/p><p><span style=\"font-style: inherit; font-weight: inherit; background-color: var(--ast-global-color-5); color: var(--ast-global-color-8);\"><br \/>Du har r\u00e4tt att \u00e5ngra detta avtal inom fjorton dagar utan att ange n\u00e5got sk\u00e4l. \u00c5ngerfristen \u00e4r fjorton dagar fr\u00e5n den dag d\u00e5 du, eller en av dig angiven tredje part som inte \u00e4r transport\u00f6ren, f\u00e5tt varorna i din besittning.<br \/><\/span><\/p><p>F\u00f6r att ut\u00f6va din \u00e5ngerr\u00e4tt m\u00e5ste du meddela oss genom en tydlig f\u00f6rklaring (t.ex. ett brev skickat med post, fax eller e-post) om ditt beslut att \u00e5ngra detta avtal. Du kan anv\u00e4nda det bifogade standardformul\u00e4ret f\u00f6r \u00e5ngerr\u00e4tt, men det \u00e4r inte obligatoriskt.<\/p><p>Kontakt f\u00f6r returer:<br \/>Lumond UG<br \/>Kolonnenstr. 8<br \/>10827 Berlin<br \/>E-post: info@lumond.de<\/p><p><b>Returer och \u00e5terbetalningar:<\/b><\/p><p><span style=\"font-style: inherit; font-weight: inherit; background-color: var(--ast-global-color-5); color: var(--ast-global-color-8);\"><b>Hur l\u00e5ng tid har jag p\u00e5 mig att returnera min best\u00e4llning?<\/b><\/span><br \/><span style=\"background-color: var(--ast-global-color-5); color: var(--ast-global-color-8); font-style: inherit; font-weight: inherit;\"><br \/>N\u00e4r du har mottagit din best\u00e4llning har du 28 dagar p\u00e5 dig att returnera den. V\u00e4nligen kontakta oss s\u00e5 hj\u00e4lper vi dig g\u00e4rna att l\u00f6sa problemet med ditt k\u00f6p.<br \/><\/span><\/p><p><b>N\u00e4r f\u00e5r jag min \u00e5terbetalning?<\/b><br \/><span style=\"font-style: inherit; font-weight: inherit; background-color: var(--ast-global-color-5); color: var(--ast-global-color-8);\"><br \/>\u00c5terbetalningar kan ta 3 till 5 arbetsdagar innan de syns p\u00e5 ditt kontoutdrag, \u00e4ven om det ofta g\u00e5r snabbare. Vi \u00e5terbetalar alltid till det kort du anv\u00e4nde vid k\u00f6pet.<br \/><\/span><\/p><p><b>Jag \u00e4r inte n\u00f6jd med mitt k\u00f6p<\/b><br \/>Det \u00e4r tr\u00e5kigt att h\u00f6ra att du inte \u00e4r n\u00f6jd med ditt k\u00f6p. Kontakta oss g\u00e4rna s\u00e5 hj\u00e4lper vi dig att l\u00f6sa problemet.<\/p><p><b>Jag har f\u00e5tt en skadad eller felaktig vara<\/b><br \/>Vi beklagar att varan inte levererades som f\u00f6rv\u00e4ntat. Kontakta oss s\u00e5 hj\u00e4lper vi dig att f\u00e5 r\u00e4tt produkt.<\/p><p><b>Returkostnader<\/b><br \/>Vid \u00e5ngerr\u00e4tt st\u00e5r du f\u00f6r de direkta kostnaderna f\u00f6r att returnera varorna. Om varorna \u00e4r skadade eller felaktigt levererade st\u00e5r vi f\u00f6r returfrakten.<\/p><p><b>Standardformul\u00e4r f\u00f6r \u00e5ngerr\u00e4tt<\/b><br \/>(Om du vill \u00e5ngra avtalet, fyll i detta formul\u00e4r och skicka det tillbaka.)<\/p><p>Till:<br \/>Lumond UG<br \/>Kolonnenstr. 8<br \/>10827 Berlin<br \/>E-post: info@lumond.de<\/p><p>H\u00e4rmed meddelar jag\/vi (*) att jag\/vi (*) \u00e5ngrar mitt\/v\u00e5rt (*) avtal om k\u00f6p av f\u00f6ljande vara\/varor (*) \/ tj\u00e4nst (*):<\/p><ul><li>Best\u00e4lld den (*) \/ mottagen den (*)<\/li><li>Konsumentens namn<\/li><li>Konsumentens adress<\/li><li>Konsumentens underskrift (endast om meddelandet l\u00e4mnas in p\u00e5 papper)<\/li><li>Datum<\/li><\/ul><p>(*) Stryk det som inte \u00e4r till\u00e4mpligt.<\/p>\t\t\t\t\t\t<\/div>\n\t\t\t\t<\/div>\n\t\t\t\t\t<\/div>\n\t\t<\/div>\n\t\t\t\t\t<\/div>\n\t\t<\/section>\n\t\t\t\t<\/div>\n\t\t","protected":false},"excerpt":{"rendered":"<p>Frakt &#038; Returer \u00c5ngerr\u00e4tt Du har r\u00e4tt att \u00e5ngra detta avtal inom fjorton dagar utan att ange n\u00e5got sk\u00e4l. \u00c5ngerfristen \u00e4r fjorton dagar fr\u00e5n den dag d\u00e5 du, eller en av dig angiven tredje part som inte \u00e4r transport\u00f6ren, f\u00e5tt varorna i din besittning. F\u00f6r att ut\u00f6va din \u00e5ngerr\u00e4tt m\u00e5ste du meddela oss genom en [&hellip;]<\/p>\n","protected":false},"author":1,"featured_media":0,"parent":0,"menu_order":0,"comment_status":"closed","ping_status":"closed","template":"","meta":{"_acf_changed":false,"site-sidebar-layout":"no-sidebar","site-content-layout":"page-builder","ast-site-content-layout":"","site-content-style":"default","site-sidebar-style":"default","ast-global-header-display":"","ast-banner-title-visibility":"","ast-main-header-display":"","ast-hfb-above-header-display":"","ast-hfb-below-header-display":"","ast-hfb-mobile-header-display":"","site-post-title":"disabled","ast-breadcrumbs-content":"","ast-featured-img":"disabled","footer-sml-layout":"","theme-transparent-header-meta":"default","adv-header-id-meta":"","stick-header-meta":"","header-above-stick-meta":"","header-main-stick-meta":"","header-below-stick-meta":"","astra-migrate-meta-layouts":"set","ast-page-background-enabled":"default","ast-page-background-meta":{"desktop":{"background-color":"","background-image":"","background-repeat":"repeat","background-position":"center center","background-size":"auto","background-attachment":"scroll","background-type":"","background-media":"","overlay-type":"","overlay-color":"","overlay-opacity":"","overlay-gradient":""},"tablet":{"background-color":"","background-image":"","background-repeat":"repeat","background-position":"center center","background-size":"auto","background-attachment":"scroll","background-type":"","background-media":"","overlay-type":"","overlay-color":"","overlay-opacity":"","overlay-gradient":""},"mobile":{"background-color":"","background-image":"","background-repeat":"repeat","background-position":"center center","background-size":"auto","background-attachment":"scroll","background-type":"","background-media":"","overlay-type":"","overlay-color":"","overlay-opacity":"","overlay-gradient":""}},"ast-content-background-meta":{"desktop":{"background-color":"var(--ast-global-color-5)","background-image":"","background-repeat":"repeat","background-position":"center center","background-size":"auto","background-attachment":"scroll","background-type":"","background-media":"","overlay-type":"","overlay-color":"","overlay-opacity":"","overlay-gradient":""},"tablet":{"background-color":"var(--ast-global-color-5)","background-image":"","background-repeat":"repeat","background-position":"center center","background-size":"auto","background-attachment":"scroll","background-type":"","background-media":"","overlay-type":"","overlay-color":"","overlay-opacity":"","overlay-gradient":""},"mobile":{"background-color":"var(--ast-global-color-5)","background-image":"","background-repeat":"repeat","background-position":"center center","background-size":"auto","background-attachment":"scroll","background-type":"","background-media":"","overlay-type":"","overlay-color":"","overlay-opacity":"","overlay-gradient":""}},"footnotes":""},"class_list":["post-62914","page","type-page","status-publish","hentry"],"acf":[],"yoast_head":"<!-- This site is optimized with the Yoast SEO Premium plugin v23.0 (Yoast SEO v23.0) - https:\/\/yoast.com\/wordpress\/plugins\/seo\/ -->\n<title>Returer &amp; Frakt - Lumond<\/title>\n<meta name=\"description\" content=\"Leverans- och returvillkor. Gratis frakt f\u00f6r alla best\u00e4llningar.\" \/>\n<meta name=\"robots\" content=\"noindex, follow\" \/>\n<meta property=\"og:locale\" content=\"sv_SE\" \/>\n<meta property=\"og:type\" content=\"article\" \/>\n<meta property=\"og:title\" content=\"Returer &amp; Frakt - Lumond\" \/>\n<meta property=\"og:description\" content=\"Leverans- och returvillkor. Gratis frakt f\u00f6r alla best\u00e4llningar.\" \/>\n<meta property=\"og:url\" content=\"https:\/\/lumond.com\/sv\/returer-frakt\/\" \/>\n<meta property=\"og:site_name\" content=\"Lumond\" \/>\n<meta property=\"article:publisher\" content=\"https:\/\/www.facebook.com\/lumond.de\/\" \/>\n<meta property=\"article:modified_time\" content=\"2025-09-16T11:59:42+00:00\" \/>\n<meta name=\"twitter:card\" content=\"summary_large_image\" \/>\n<meta name=\"twitter:title\" content=\"Returer &amp; Frakt\" \/>\n<meta name=\"twitter:label1\" content=\"Ber\u00e4knad l\u00e4stid\" \/>\n\t<meta name=\"twitter:data1\" content=\"2 minuter\" \/>\n<script type=\"application\/ld+json\" class=\"yoast-schema-graph\">{\"@context\":\"https:\/\/schema.org\",\"@graph\":[{\"@type\":\"WebPage\",\"@id\":\"https:\/\/lumond.com\/sv\/returer-frakt\/\",\"url\":\"https:\/\/lumond.com\/sv\/returer-frakt\/\",\"name\":\"Returer & Frakt - Lumond\",\"isPartOf\":{\"@id\":\"https:\/\/lumond.com\/sv\/#website\"},\"datePublished\":\"2021-12-20T13:35:32+00:00\",\"dateModified\":\"2025-09-16T11:59:42+00:00\",\"description\":\"Leverans- och returvillkor. Gratis frakt f\u00f6r alla best\u00e4llningar.\",\"breadcrumb\":{\"@id\":\"https:\/\/lumond.com\/sv\/returer-frakt\/#breadcrumb\"},\"inLanguage\":\"sv-SE\",\"potentialAction\":[{\"@type\":\"ReadAction\",\"target\":[\"https:\/\/lumond.com\/sv\/returer-frakt\/\"]}]},{\"@type\":\"BreadcrumbList\",\"@id\":\"https:\/\/lumond.com\/sv\/returer-frakt\/#breadcrumb\",\"itemListElement\":[{\"@type\":\"ListItem\",\"position\":1,\"name\":\"Lumond\",\"item\":\"https:\/\/lumond.com\/sv\/\"},{\"@type\":\"ListItem\",\"position\":2,\"name\":\"Returer &#038; Frakt\"}]},{\"@type\":\"WebSite\",\"@id\":\"https:\/\/lumond.com\/sv\/#website\",\"url\":\"https:\/\/lumond.com\/sv\/\",\"name\":\"Lumond\",\"description\":\"Duftkerzen Im Glas\",\"publisher\":{\"@id\":\"https:\/\/lumond.com\/sv\/#organization\"},\"alternateName\":\"Lumond\",\"potentialAction\":[{\"@type\":\"SearchAction\",\"target\":{\"@type\":\"EntryPoint\",\"urlTemplate\":\"https:\/\/lumond.com\/sv\/?s={search_term_string}\"},\"query-input\":\"required name=search_term_string\"}],\"inLanguage\":\"sv-SE\"},{\"@type\":\"Organization\",\"@id\":\"https:\/\/lumond.com\/sv\/#organization\",\"name\":\"Lumond\",\"url\":\"https:\/\/lumond.com\/sv\/\",\"logo\":{\"@type\":\"ImageObject\",\"inLanguage\":\"sv-SE\",\"@id\":\"https:\/\/lumond.com\/sv\/#\/schema\/logo\/image\/\",\"url\":\"https:\/\/lumond.com\/wp-content\/uploads\/2022\/01\/cropped-40-05.png\",\"contentUrl\":\"https:\/\/lumond.com\/wp-content\/uploads\/2022\/01\/cropped-40-05.png\",\"width\":512,\"height\":512,\"caption\":\"Lumond\"},\"image\":{\"@id\":\"https:\/\/lumond.com\/sv\/#\/schema\/logo\/image\/\"},\"sameAs\":[\"https:\/\/www.facebook.com\/lumond.de\/\",\"https:\/\/www.instagram.com\/lumond.de\/\"],\"description\":\"Lumond tillverkar h\u00f6gkvalitativa doftljus av naturligt sojavax i stilfulla keramikbeh\u00e5llare \u2013 h\u00e5llbart producerade i Tyskland och med unika doftkompositioner. Perfekta f\u00f6r ett mysigt hem med k\u00e4nsla f\u00f6r milj\u00f6medvetenhet och design.\",\"email\":\"info@lumond.de\",\"legalName\":\"Lumond\",\"foundingDate\":\"2021-01-01\",\"ownershipFundingInfo\":\"https:\/\/lumond.com\/ueber-uns\/\",\"correctionsPolicy\":\"https:\/\/lumond.com\/kontakt\/\",\"address\":{\"@type\":\"PostalAddress\",\"streetAddress\":\"Lumond UG\",\"addressLocality\":\"Kolonnenstr. 8\",\"addressRegion\":\"Berlin\",\"postalCode\":\"10827\",\"addressCountry\":\"DE\"}}]}<\/script>\n<!-- \/ Yoast SEO Premium plugin. -->","yoast_head_json":{"title":"Returer & Frakt - Lumond","description":"Leverans- och returvillkor. Gratis frakt f\u00f6r alla best\u00e4llningar.","robots":{"index":"noindex","follow":"follow"},"og_locale":"sv_SE","og_type":"article","og_title":"Returer & Frakt - Lumond","og_description":"Leverans- och returvillkor. Gratis frakt f\u00f6r alla best\u00e4llningar.","og_url":"https:\/\/lumond.com\/sv\/returer-frakt\/","og_site_name":"Lumond","article_publisher":"https:\/\/www.facebook.com\/lumond.de\/","article_modified_time":"2025-09-16T11:59:42+00:00","twitter_card":"summary_large_image","twitter_title":"Returer & Frakt","twitter_misc":{"Ber\u00e4knad l\u00e4stid":"2 minuter"},"schema":{"@context":"https:\/\/schema.org","@graph":[{"@type":"WebPage","@id":"https:\/\/lumond.com\/sv\/returer-frakt\/","url":"https:\/\/lumond.com\/sv\/returer-frakt\/","name":"Returer & Frakt - Lumond","isPartOf":{"@id":"https:\/\/lumond.com\/sv\/#website"},"datePublished":"2021-12-20T13:35:32+00:00","dateModified":"2025-09-16T11:59:42+00:00","description":"Leverans- och returvillkor. Gratis frakt f\u00f6r alla best\u00e4llningar.","breadcrumb":{"@id":"https:\/\/lumond.com\/sv\/returer-frakt\/#breadcrumb"},"inLanguage":"sv-SE","potentialAction":[{"@type":"ReadAction","target":["https:\/\/lumond.com\/sv\/returer-frakt\/"]}]},{"@type":"BreadcrumbList","@id":"https:\/\/lumond.com\/sv\/returer-frakt\/#breadcrumb","itemListElement":[{"@type":"ListItem","position":1,"name":"Lumond","item":"https:\/\/lumond.com\/sv\/"},{"@type":"ListItem","position":2,"name":"Returer &#038; Frakt"}]},{"@type":"WebSite","@id":"https:\/\/lumond.com\/sv\/#website","url":"https:\/\/lumond.com\/sv\/","name":"Lumond","description":"Duftkerzen Im Glas","publisher":{"@id":"https:\/\/lumond.com\/sv\/#organization"},"alternateName":"Lumond","potentialAction":[{"@type":"SearchAction","target":{"@type":"EntryPoint","urlTemplate":"https:\/\/lumond.com\/sv\/?s={search_term_string}"},"query-input":"required name=search_term_string"}],"inLanguage":"sv-SE"},{"@type":"Organization","@id":"https:\/\/lumond.com\/sv\/#organization","name":"Lumond","url":"https:\/\/lumond.com\/sv\/","logo":{"@type":"ImageObject","inLanguage":"sv-SE","@id":"https:\/\/lumond.com\/sv\/#\/schema\/logo\/image\/","url":"https:\/\/lumond.com\/wp-content\/uploads\/2022\/01\/cropped-40-05.png","contentUrl":"https:\/\/lumond.com\/wp-content\/uploads\/2022\/01\/cropped-40-05.png","width":512,"height":512,"caption":"Lumond"},"image":{"@id":"https:\/\/lumond.com\/sv\/#\/schema\/logo\/image\/"},"sameAs":["https:\/\/www.facebook.com\/lumond.de\/","https:\/\/www.instagram.com\/lumond.de\/"],"description":"Lumond tillverkar h\u00f6gkvalitativa doftljus av naturligt sojavax i stilfulla keramikbeh\u00e5llare \u2013 h\u00e5llbart producerade i Tyskland och med unika doftkompositioner. Perfekta f\u00f6r ett mysigt hem med k\u00e4nsla f\u00f6r milj\u00f6medvetenhet och design.","email":"info@lumond.de","legalName":"Lumond","foundingDate":"2021-01-01","ownershipFundingInfo":"https:\/\/lumond.com\/ueber-uns\/","correctionsPolicy":"https:\/\/lumond.com\/kontakt\/","address":{"@type":"PostalAddress","streetAddress":"Lumond UG","addressLocality":"Kolonnenstr. 8","addressRegion":"Berlin","postalCode":"10827","addressCountry":"DE"}}]}},"_links":{"self":[{"href":"https:\/\/lumond.com\/sv\/wp-json\/wp\/v2\/pages\/62914","targetHints":{"allow":["GET"]}}],"collection":[{"href":"https:\/\/lumond.com\/sv\/wp-json\/wp\/v2\/pages"}],"about":[{"href":"https:\/\/lumond.com\/sv\/wp-json\/wp\/v2\/types\/page"}],"author":[{"embeddable":true,"href":"https:\/\/lumond.com\/sv\/wp-json\/wp\/v2\/users\/1"}],"replies":[{"embeddable":true,"href":"https:\/\/lumond.com\/sv\/wp-json\/wp\/v2\/comments?post=62914"}],"version-history":[{"count":8,"href":"https:\/\/lumond.com\/sv\/wp-json\/wp\/v2\/pages\/62914\/revisions"}],"predecessor-version":[{"id":66006,"href":"https:\/\/lumond.com\/sv\/wp-json\/wp\/v2\/pages\/62914\/revisions\/66006"}],"wp:attachment":[{"href":"https:\/\/lumond.com\/sv\/wp-json\/wp\/v2\/media?parent=62914"}],"curies":[{"name":"wp","href":"https:\/\/api.w.org\/{rel}","templated":true}]}}