{"id":62912,"date":"2021-12-20T13:53:48","date_gmt":"2021-12-20T13:53:48","guid":{"rendered":"https:\/\/lumond.com\/payments\/"},"modified":"2025-10-09T12:49:56","modified_gmt":"2025-10-09T12:49:56","slug":"betalningsvillkor","status":"publish","type":"page","link":"https:\/\/lumond.com\/sv\/betalningsvillkor\/","title":{"rendered":"BETALNINGSVILLKOR"},"content":{"rendered":"\t\t<div data-elementor-type=\"wp-page\" data-elementor-id=\"62912\" class=\"elementor elementor-62912 elementor-4222\" data-elementor-post-type=\"page\">\n\t\t\t\t\t\t<section class=\"elementor-section elementor-top-section elementor-element elementor-element-737556f elementor-section-boxed elementor-section-height-default elementor-section-height-default\" data-id=\"737556f\" data-element_type=\"section\">\n\t\t\t\t\t\t<div class=\"elementor-container elementor-column-gap-default\">\n\t\t\t\t\t<div class=\"elementor-column elementor-col-100 elementor-top-column elementor-element elementor-element-a4c6cd8\" data-id=\"a4c6cd8\" data-element_type=\"column\">\n\t\t\t<div class=\"elementor-widget-wrap elementor-element-populated\">\n\t\t\t\t\t\t<div class=\"elementor-element elementor-element-e8f6611 elementor-widget elementor-widget-heading\" data-id=\"e8f6611\" data-element_type=\"widget\" data-widget_type=\"heading.default\">\n\t\t\t\t<div class=\"elementor-widget-container\">\n\t\t\t<style>\/*! elementor - v3.21.0 - 08-05-2024 *\/\n.elementor-heading-title{padding:0;margin:0;line-height:1}.elementor-widget-heading .elementor-heading-title[class*=elementor-size-]>a{color:inherit;font-size:inherit;line-height:inherit}.elementor-widget-heading .elementor-heading-title.elementor-size-small{font-size:15px}.elementor-widget-heading .elementor-heading-title.elementor-size-medium{font-size:19px}.elementor-widget-heading .elementor-heading-title.elementor-size-large{font-size:29px}.elementor-widget-heading .elementor-heading-title.elementor-size-xl{font-size:39px}.elementor-widget-heading .elementor-heading-title.elementor-size-xxl{font-size:59px}<\/style><h1 class=\"elementor-heading-title elementor-size-default\">BETALNINGSVILLKOR<\/h1>\t\t<\/div>\n\t\t\t\t<\/div>\n\t\t\t\t<div class=\"elementor-element elementor-element-1268eb8 elementor-widget elementor-widget-text-editor\" data-id=\"1268eb8\" data-element_type=\"widget\" data-widget_type=\"text-editor.default\">\n\t\t\t\t<div class=\"elementor-widget-container\">\n\t\t\t<style>\/*! elementor - v3.21.0 - 08-05-2024 *\/\n.elementor-widget-text-editor.elementor-drop-cap-view-stacked .elementor-drop-cap{background-color:#69727d;color:#fff}.elementor-widget-text-editor.elementor-drop-cap-view-framed .elementor-drop-cap{color:#69727d;border:3px solid;background-color:transparent}.elementor-widget-text-editor:not(.elementor-drop-cap-view-default) .elementor-drop-cap{margin-top:8px}.elementor-widget-text-editor:not(.elementor-drop-cap-view-default) .elementor-drop-cap-letter{width:1em;height:1em}.elementor-widget-text-editor .elementor-drop-cap{float:left;text-align:center;line-height:1;font-size:50px}.elementor-widget-text-editor .elementor-drop-cap-letter{display:inline-block}<\/style>\t\t\t\t<p>Lumond erbjuder dig flera olika betalningsalternativ. N\u00e4r du har lagt din \u00f6nskade produkt i varukorgen kan du klicka p\u00e5 \u201dtill kassan\u201d eller \u201dExpressk\u00f6p med PayPal\u201d. P\u00e5 n\u00e4sta sida kan du v\u00e4lja mellan f\u00f6ljande betalningsmetoder:<\/p><p><strong>1. Betalning med Klarna<\/strong><\/p><ul class=\"lumond-list-ul\"><li>F\u00e5 varan f\u00f6rst, betala senare.<\/li><li>Enklare: Inga kreditkort eller l\u00f6senord kr\u00e4vs.<\/li><li>S\u00e4krare: Betala endast f\u00f6r varor du har mottagit.<\/li><li>Certifierat av T\u00dcV och uppfyller Trusted Shops standard.<\/li><li>Miljontals n\u00f6jda kunder.<\/li><\/ul><p>Med Klarna g\u00e5r shopping snabbare, eftersom du bara beh\u00f6ver ange ett minimum av information och slipper en l\u00e5ng registreringsprocess. Du f\u00e5r varan innan du betalar. N\u00e4r du \u00e4r n\u00f6jd med din best\u00e4llning betalar du fakturan via Klarna.<\/p><p><strong>Betalning mot faktura (Klarna)<\/strong><\/p><p>Om du v\u00e4ljer betalning via Klarna betalar du f\u00f6rst efter att du mottagit varan. Nyttig information om Klarna:<\/p><ul class=\"lumond-list-ul\"><li>Om du inte \u00e4r n\u00f6jd med produkten, kontakta oss omedelbart. Skicka inte tillbaka best\u00e4llningen utan att f\u00f6rst kontakta oss.<\/li><li>Om leveransen inte sker inom angiven tid, kontakta oss eller Klarna s\u00e5 att vi kan f\u00f6rl\u00e4nga betalningsfristen.<\/li><li>Om vi skickar en uppdaterad faktura via e-post, v\u00e4nligen bortse fr\u00e5n pappersfakturan i paketet. Den kan vara inaktuell.<\/li><li>Du kan \u00e4ven kontakta Klarna direkt. Observera att Klarna inte vidarebefordrar korrespondens till oss.<\/li><\/ul><p>Klarna kundtj\u00e4nst telefon: +49 (0) 911 477 577 10<br \/>Klarna kundtj\u00e4nst online: <a class=\"link-primary\" href=\"https:\/\/www.klarna.com\/se\/kundservice\" rel=\"noopener noreferrer nofollow\">https:\/\/www.klarna.com\/se\/kundservice<\/a><\/p><p><strong>2. Handl\u00e4ggningstider:<\/strong><\/p><ul class=\"lumond-list-ul\"><li>Betalning via bank\u00f6verf\u00f6ring: 3\u20134 arbetsdagar<\/li><li>Betalning via direkt\u00f6verf\u00f6ring (Sofort): 1\u20132 arbetsdagar<\/li><\/ul><p>Om du inte har f\u00e5tt en bekr\u00e4ftelse via e-post efter denna tidsperiod, v\u00e4nligen skicka en kopia eller en sk\u00e4rmdump av din betalningsbekr\u00e4ftelse till oss.<\/p><p><strong>3. PayPal:<\/strong><\/p><p>N\u00e4r du klickar p\u00e5 knappen \u201dbetala med PayPal\u201d omdirigeras du automatiskt till PayPals betalningssida. Du beh\u00f6ver inget PayPal-konto f\u00f6r att anv\u00e4nda PayPal.<\/p><p><strong>V\u00e5ra betalsystem \u00e4r krypterade med 2048-bit, vilket garanterar absolut s\u00e4kerhet f\u00f6r ditt k\u00f6p.<\/strong><\/p><p><strong>lumond.com behandlar eller lagrar inte dina kreditkortsuppgifter och l\u00e4mnar dem inte vidare till tredje part.<\/strong><\/p><p><strong>\u00c4ndringar av betalningsvillkoren:<\/strong><\/p><p>lumond.com f\u00f6rbeh\u00e5ller sig r\u00e4tten att n\u00e4r som helst \u00e4ndra dessa betalningsvillkor. Kunder informeras om s\u00e5dana \u00e4ndringar via v\u00e5r webbplats. Om du har fr\u00e5gor eller synpunkter ang\u00e5ende betalningsvillkoren \u00e4r du v\u00e4lkommen att kontakta oss n\u00e4r som helst.<\/p><p><strong>Ytterligare juridisk information:<\/strong><\/p><ol><li><strong>\u00c5ngerr\u00e4tt:<\/strong> Observera att kunder enligt \u00a7 355 BGB har \u00e5ngerr\u00e4tt. Exakta villkor finns i v\u00e5r \u00e5ngerr\u00e4ttsinformation.<\/li><li><strong>Avtalsslut:<\/strong> Ett avtal tr\u00e4der i kraft n\u00e4r vi bekr\u00e4ftar din best\u00e4llning via e-post.<\/li><li><strong>Lagring av avtalsdokument:<\/strong> Avtalet sparas av oss efter det att det har ing\u00e5tts och kan tillhandah\u00e5llas p\u00e5 beg\u00e4ran.<\/li><\/ol><hr \/>\t\t\t\t\t\t<\/div>\n\t\t\t\t<\/div>\n\t\t\t\t\t<\/div>\n\t\t<\/div>\n\t\t\t\t\t<\/div>\n\t\t<\/section>\n\t\t\t\t<\/div>\n\t\t","protected":false},"excerpt":{"rendered":"<p>BETALNINGSVILLKOR Lumond erbjuder dig flera olika betalningsalternativ. N\u00e4r du har lagt din \u00f6nskade produkt i varukorgen kan du klicka p\u00e5 \u201dtill kassan\u201d eller \u201dExpressk\u00f6p med PayPal\u201d. P\u00e5 n\u00e4sta sida kan du v\u00e4lja mellan f\u00f6ljande betalningsmetoder: 1. Betalning med Klarna F\u00e5 varan f\u00f6rst, betala senare. Enklare: Inga kreditkort eller l\u00f6senord kr\u00e4vs. S\u00e4krare: Betala endast f\u00f6r varor [&hellip;]<\/p>\n","protected":false},"author":1,"featured_media":0,"parent":0,"menu_order":0,"comment_status":"closed","ping_status":"closed","template":"","meta":{"_acf_changed":false,"site-sidebar-layout":"no-sidebar","site-content-layout":"page-builder","ast-site-content-layout":"","site-content-style":"default","site-sidebar-style":"default","ast-global-header-display":"","ast-banner-title-visibility":"","ast-main-header-display":"","ast-hfb-above-header-display":"","ast-hfb-below-header-display":"","ast-hfb-mobile-header-display":"","site-post-title":"disabled","ast-breadcrumbs-content":"","ast-featured-img":"disabled","footer-sml-layout":"","theme-transparent-header-meta":"default","adv-header-id-meta":"","stick-header-meta":"","header-above-stick-meta":"","header-main-stick-meta":"","header-below-stick-meta":"","astra-migrate-meta-layouts":"set","ast-page-background-enabled":"default","ast-page-background-meta":{"desktop":{"background-color":"","background-image":"","background-repeat":"repeat","background-position":"center center","background-size":"auto","background-attachment":"scroll","background-type":"","background-media":"","overlay-type":"","overlay-color":"","overlay-opacity":"","overlay-gradient":""},"tablet":{"background-color":"","background-image":"","background-repeat":"repeat","background-position":"center center","background-size":"auto","background-attachment":"scroll","background-type":"","background-media":"","overlay-type":"","overlay-color":"","overlay-opacity":"","overlay-gradient":""},"mobile":{"background-color":"","background-image":"","background-repeat":"repeat","background-position":"center center","background-size":"auto","background-attachment":"scroll","background-type":"","background-media":"","overlay-type":"","overlay-color":"","overlay-opacity":"","overlay-gradient":""}},"ast-content-background-meta":{"desktop":{"background-color":"var(--ast-global-color-5)","background-image":"","background-repeat":"repeat","background-position":"center center","background-size":"auto","background-attachment":"scroll","background-type":"","background-media":"","overlay-type":"","overlay-color":"","overlay-opacity":"","overlay-gradient":""},"tablet":{"background-color":"var(--ast-global-color-5)","background-image":"","background-repeat":"repeat","background-position":"center center","background-size":"auto","background-attachment":"scroll","background-type":"","background-media":"","overlay-type":"","overlay-color":"","overlay-opacity":"","overlay-gradient":""},"mobile":{"background-color":"var(--ast-global-color-5)","background-image":"","background-repeat":"repeat","background-position":"center center","background-size":"auto","background-attachment":"scroll","background-type":"","background-media":"","overlay-type":"","overlay-color":"","overlay-opacity":"","overlay-gradient":""}},"footnotes":""},"class_list":["post-62912","page","type-page","status-publish","hentry"],"acf":[],"yoast_head":"<!-- This site is optimized with the Yoast SEO Premium plugin v23.0 (Yoast SEO v23.0) - https:\/\/yoast.com\/wordpress\/plugins\/seo\/ -->\n<title>BETALNINGSVILLKOR - Lumond<\/title>\n<meta name=\"description\" content=\"Betalningsvillkor. Betalning efter mottagande av varan.\" \/>\n<meta name=\"robots\" content=\"noindex, follow\" \/>\n<meta property=\"og:locale\" content=\"sv_SE\" \/>\n<meta property=\"og:type\" content=\"article\" \/>\n<meta property=\"og:title\" content=\"BETALNINGSVILLKOR - Lumond\" \/>\n<meta property=\"og:description\" content=\"Betalningsvillkor. Betalning efter mottagande av varan.\" \/>\n<meta property=\"og:url\" content=\"https:\/\/lumond.com\/sv\/betalningsvillkor\/\" \/>\n<meta property=\"og:site_name\" content=\"Lumond\" \/>\n<meta property=\"article:publisher\" content=\"https:\/\/www.facebook.com\/lumond.de\/\" \/>\n<meta property=\"article:modified_time\" content=\"2025-10-09T12:49:56+00:00\" \/>\n<meta name=\"twitter:card\" content=\"summary_large_image\" \/>\n<meta name=\"twitter:title\" content=\"BETALNINGSVILLKOR\" \/>\n<meta name=\"twitter:label1\" content=\"Ber\u00e4knad l\u00e4stid\" \/>\n\t<meta name=\"twitter:data1\" content=\"2 minuter\" \/>\n<script type=\"application\/ld+json\" class=\"yoast-schema-graph\">{\"@context\":\"https:\/\/schema.org\",\"@graph\":[{\"@type\":\"WebPage\",\"@id\":\"https:\/\/lumond.com\/sv\/betalningsvillkor\/\",\"url\":\"https:\/\/lumond.com\/sv\/betalningsvillkor\/\",\"name\":\"BETALNINGSVILLKOR - Lumond\",\"isPartOf\":{\"@id\":\"https:\/\/lumond.com\/sv\/#website\"},\"datePublished\":\"2021-12-20T13:53:48+00:00\",\"dateModified\":\"2025-10-09T12:49:56+00:00\",\"description\":\"Betalningsvillkor. Betalning efter mottagande av varan.\",\"breadcrumb\":{\"@id\":\"https:\/\/lumond.com\/sv\/betalningsvillkor\/#breadcrumb\"},\"inLanguage\":\"sv-SE\",\"potentialAction\":[{\"@type\":\"ReadAction\",\"target\":[\"https:\/\/lumond.com\/sv\/betalningsvillkor\/\"]}]},{\"@type\":\"BreadcrumbList\",\"@id\":\"https:\/\/lumond.com\/sv\/betalningsvillkor\/#breadcrumb\",\"itemListElement\":[{\"@type\":\"ListItem\",\"position\":1,\"name\":\"Lumond\",\"item\":\"https:\/\/lumond.com\/sv\/\"},{\"@type\":\"ListItem\",\"position\":2,\"name\":\"BETALNINGSVILLKOR\"}]},{\"@type\":\"WebSite\",\"@id\":\"https:\/\/lumond.com\/sv\/#website\",\"url\":\"https:\/\/lumond.com\/sv\/\",\"name\":\"Lumond\",\"description\":\"Duftkerzen Im Glas\",\"publisher\":{\"@id\":\"https:\/\/lumond.com\/sv\/#organization\"},\"alternateName\":\"Lumond\",\"potentialAction\":[{\"@type\":\"SearchAction\",\"target\":{\"@type\":\"EntryPoint\",\"urlTemplate\":\"https:\/\/lumond.com\/sv\/?s={search_term_string}\"},\"query-input\":\"required name=search_term_string\"}],\"inLanguage\":\"sv-SE\"},{\"@type\":\"Organization\",\"@id\":\"https:\/\/lumond.com\/sv\/#organization\",\"name\":\"Lumond\",\"url\":\"https:\/\/lumond.com\/sv\/\",\"logo\":{\"@type\":\"ImageObject\",\"inLanguage\":\"sv-SE\",\"@id\":\"https:\/\/lumond.com\/sv\/#\/schema\/logo\/image\/\",\"url\":\"https:\/\/lumond.com\/wp-content\/uploads\/2022\/01\/cropped-40-05.png\",\"contentUrl\":\"https:\/\/lumond.com\/wp-content\/uploads\/2022\/01\/cropped-40-05.png\",\"width\":512,\"height\":512,\"caption\":\"Lumond\"},\"image\":{\"@id\":\"https:\/\/lumond.com\/sv\/#\/schema\/logo\/image\/\"},\"sameAs\":[\"https:\/\/www.facebook.com\/lumond.de\/\",\"https:\/\/www.instagram.com\/lumond.de\/\"],\"description\":\"Lumond tillverkar h\u00f6gkvalitativa doftljus av naturligt sojavax i stilfulla keramikbeh\u00e5llare \u2013 h\u00e5llbart producerade i Tyskland och med unika doftkompositioner. Perfekta f\u00f6r ett mysigt hem med k\u00e4nsla f\u00f6r milj\u00f6medvetenhet och design.\",\"email\":\"info@lumond.de\",\"legalName\":\"Lumond\",\"foundingDate\":\"2021-01-01\",\"ownershipFundingInfo\":\"https:\/\/lumond.com\/ueber-uns\/\",\"correctionsPolicy\":\"https:\/\/lumond.com\/kontakt\/\",\"address\":{\"@type\":\"PostalAddress\",\"streetAddress\":\"Lumond UG\",\"addressLocality\":\"Kolonnenstr. 8\",\"addressRegion\":\"Berlin\",\"postalCode\":\"10827\",\"addressCountry\":\"DE\"}}]}<\/script>\n<!-- \/ Yoast SEO Premium plugin. -->","yoast_head_json":{"title":"BETALNINGSVILLKOR - Lumond","description":"Betalningsvillkor. Betalning efter mottagande av varan.","robots":{"index":"noindex","follow":"follow"},"og_locale":"sv_SE","og_type":"article","og_title":"BETALNINGSVILLKOR - Lumond","og_description":"Betalningsvillkor. Betalning efter mottagande av varan.","og_url":"https:\/\/lumond.com\/sv\/betalningsvillkor\/","og_site_name":"Lumond","article_publisher":"https:\/\/www.facebook.com\/lumond.de\/","article_modified_time":"2025-10-09T12:49:56+00:00","twitter_card":"summary_large_image","twitter_title":"BETALNINGSVILLKOR","twitter_misc":{"Ber\u00e4knad l\u00e4stid":"2 minuter"},"schema":{"@context":"https:\/\/schema.org","@graph":[{"@type":"WebPage","@id":"https:\/\/lumond.com\/sv\/betalningsvillkor\/","url":"https:\/\/lumond.com\/sv\/betalningsvillkor\/","name":"BETALNINGSVILLKOR - Lumond","isPartOf":{"@id":"https:\/\/lumond.com\/sv\/#website"},"datePublished":"2021-12-20T13:53:48+00:00","dateModified":"2025-10-09T12:49:56+00:00","description":"Betalningsvillkor. Betalning efter mottagande av varan.","breadcrumb":{"@id":"https:\/\/lumond.com\/sv\/betalningsvillkor\/#breadcrumb"},"inLanguage":"sv-SE","potentialAction":[{"@type":"ReadAction","target":["https:\/\/lumond.com\/sv\/betalningsvillkor\/"]}]},{"@type":"BreadcrumbList","@id":"https:\/\/lumond.com\/sv\/betalningsvillkor\/#breadcrumb","itemListElement":[{"@type":"ListItem","position":1,"name":"Lumond","item":"https:\/\/lumond.com\/sv\/"},{"@type":"ListItem","position":2,"name":"BETALNINGSVILLKOR"}]},{"@type":"WebSite","@id":"https:\/\/lumond.com\/sv\/#website","url":"https:\/\/lumond.com\/sv\/","name":"Lumond","description":"Duftkerzen Im Glas","publisher":{"@id":"https:\/\/lumond.com\/sv\/#organization"},"alternateName":"Lumond","potentialAction":[{"@type":"SearchAction","target":{"@type":"EntryPoint","urlTemplate":"https:\/\/lumond.com\/sv\/?s={search_term_string}"},"query-input":"required name=search_term_string"}],"inLanguage":"sv-SE"},{"@type":"Organization","@id":"https:\/\/lumond.com\/sv\/#organization","name":"Lumond","url":"https:\/\/lumond.com\/sv\/","logo":{"@type":"ImageObject","inLanguage":"sv-SE","@id":"https:\/\/lumond.com\/sv\/#\/schema\/logo\/image\/","url":"https:\/\/lumond.com\/wp-content\/uploads\/2022\/01\/cropped-40-05.png","contentUrl":"https:\/\/lumond.com\/wp-content\/uploads\/2022\/01\/cropped-40-05.png","width":512,"height":512,"caption":"Lumond"},"image":{"@id":"https:\/\/lumond.com\/sv\/#\/schema\/logo\/image\/"},"sameAs":["https:\/\/www.facebook.com\/lumond.de\/","https:\/\/www.instagram.com\/lumond.de\/"],"description":"Lumond tillverkar h\u00f6gkvalitativa doftljus av naturligt sojavax i stilfulla keramikbeh\u00e5llare \u2013 h\u00e5llbart producerade i Tyskland och med unika doftkompositioner. Perfekta f\u00f6r ett mysigt hem med k\u00e4nsla f\u00f6r milj\u00f6medvetenhet och design.","email":"info@lumond.de","legalName":"Lumond","foundingDate":"2021-01-01","ownershipFundingInfo":"https:\/\/lumond.com\/ueber-uns\/","correctionsPolicy":"https:\/\/lumond.com\/kontakt\/","address":{"@type":"PostalAddress","streetAddress":"Lumond UG","addressLocality":"Kolonnenstr. 8","addressRegion":"Berlin","postalCode":"10827","addressCountry":"DE"}}]}},"_links":{"self":[{"href":"https:\/\/lumond.com\/sv\/wp-json\/wp\/v2\/pages\/62912","targetHints":{"allow":["GET"]}}],"collection":[{"href":"https:\/\/lumond.com\/sv\/wp-json\/wp\/v2\/pages"}],"about":[{"href":"https:\/\/lumond.com\/sv\/wp-json\/wp\/v2\/types\/page"}],"author":[{"embeddable":true,"href":"https:\/\/lumond.com\/sv\/wp-json\/wp\/v2\/users\/1"}],"replies":[{"embeddable":true,"href":"https:\/\/lumond.com\/sv\/wp-json\/wp\/v2\/comments?post=62912"}],"version-history":[{"count":11,"href":"https:\/\/lumond.com\/sv\/wp-json\/wp\/v2\/pages\/62912\/revisions"}],"predecessor-version":[{"id":67416,"href":"https:\/\/lumond.com\/sv\/wp-json\/wp\/v2\/pages\/62912\/revisions\/67416"}],"wp:attachment":[{"href":"https:\/\/lumond.com\/sv\/wp-json\/wp\/v2\/media?parent=62912"}],"curies":[{"name":"wp","href":"https:\/\/api.w.org\/{rel}","templated":true}]}}