{"id":96589,"date":"2024-06-21T16:59:53","date_gmt":"2024-06-21T16:59:53","guid":{"rendered":"https:\/\/lumond.com\/product\/bluehendes-duo-meersalz-salbei-englische-birne-freesie-2\/"},"modified":"2026-01-26T16:39:48","modified_gmt":"2026-01-26T16:39:48","slug":"duo-em-flor-sal-marinho-salvia-pera-inglesa-fresia-220-g-x-2","status":"publish","type":"product","link":"https:\/\/lumond.com\/pt\/produto\/duo-em-flor-sal-marinho-salvia-pera-inglesa-fresia-220-g-x-2\/","title":{"rendered":"Duo em Flor \u2013 Sal Marinho &#038; S\u00e1lvia, Pera Inglesa &#038; Fr\u00e9sia (220 g \u00d7 2)"},"content":{"rendered":"<p>Destaque o seu espa\u00e7o com o nosso conjunto Duo em Flor, que inclui Sal Marinho &amp; S\u00e1lvia e Pera Inglesa &amp; Fr\u00e9sia. Cada vela, envolta num recipiente de cer\u00e2mica artesanal, oferece um aroma \u00fanico. Plante as sementes inclu\u00eddas ap\u00f3s desfrutar das fragr\u00e2ncias para acrescentar uma nota de eleg\u00e2ncia natural \u00e0 sua casa.<\/p>\n<div><b>Aten\u00e7\u00e3o:<\/b> As sementes nas nossas velas s\u00e3o sazonais e podem diferir da imagem apresentada.<\/div>\n","protected":false},"excerpt":{"rendered":"<p>Destaque o seu espa\u00e7o com o nosso conjunto Duo em Flor, que inclui Sal Marinho &amp; S\u00e1lvia e Pera Inglesa &amp; Fr\u00e9sia. Cada vela, envolta num recipiente de cer\u00e2mica artesanal, oferece um aroma \u00fanico. Plante as sementes inclu\u00eddas ap\u00f3s desfrutar das fragr\u00e2ncias para acrescentar uma nota de eleg\u00e2ncia natural \u00e0 sua casa. Aten\u00e7\u00e3o: As sementes [&hellip;]<\/p>\n","protected":false},"featured_media":96590,"comment_status":"open","ping_status":"closed","template":"","meta":{"_acf_changed":false,"site-sidebar-layout":"default","site-content-layout":"","ast-site-content-layout":"default","site-content-style":"default","site-sidebar-style":"default","ast-global-header-display":"","ast-banner-title-visibility":"","ast-main-header-display":"","ast-hfb-above-header-display":"","ast-hfb-below-header-display":"","ast-hfb-mobile-header-display":"","site-post-title":"","ast-breadcrumbs-content":"","ast-featured-img":"","footer-sml-layout":"","theme-transparent-header-meta":"default","adv-header-id-meta":"","stick-header-meta":"","header-above-stick-meta":"","header-main-stick-meta":"","header-below-stick-meta":"","astra-migrate-meta-layouts":"set","ast-page-background-enabled":"default","ast-page-background-meta":{"desktop":{"background-color":"","background-image":"","background-repeat":"repeat","background-position":"center center","background-size":"auto","background-attachment":"scroll","background-type":"","background-media":"","overlay-type":"","overlay-color":"","overlay-opacity":"","overlay-gradient":""},"tablet":{"background-color":"","background-image":"","background-repeat":"repeat","background-position":"center center","background-size":"auto","background-attachment":"scroll","background-type":"","background-media":"","overlay-type":"","overlay-color":"","overlay-opacity":"","overlay-gradient":""},"mobile":{"background-color":"","background-image":"","background-repeat":"repeat","background-position":"center center","background-size":"auto","background-attachment":"scroll","background-type":"","background-media":"","overlay-type":"","overlay-color":"","overlay-opacity":"","overlay-gradient":""}},"ast-content-background-meta":{"desktop":{"background-color":"var(--ast-global-color-5)","background-image":"","background-repeat":"repeat","background-position":"center center","background-size":"auto","background-attachment":"scroll","background-type":"","background-media":"","overlay-type":"","overlay-color":"","overlay-opacity":"","overlay-gradient":""},"tablet":{"background-color":"var(--ast-global-color-5)","background-image":"","background-repeat":"repeat","background-position":"center center","background-size":"auto","background-attachment":"scroll","background-type":"","background-media":"","overlay-type":"","overlay-color":"","overlay-opacity":"","overlay-gradient":""},"mobile":{"background-color":"var(--ast-global-color-5)","background-image":"","background-repeat":"repeat","background-position":"center center","background-size":"auto","background-attachment":"scroll","background-type":"","background-media":"","overlay-type":"","overlay-color":"","overlay-opacity":"","overlay-gradient":""}}},"product_brand":[],"product_cat":[1216,1225,1197,1198,1215,1217,1194,1196],"product_tag":[1218,1219],"class_list":{"0":"post-96589","1":"product","2":"type-product","3":"status-publish","4":"has-post-thumbnail","6":"product_cat-belas-velas","7":"product_cat-conjunto-florido-de-dois","8":"product_cat-presentes","9":"product_cat-vela-com-pavio-de-madeira-criar-momentos-magicos","10":"product_cat-velas-crepitantes-com-pavio-de-madeira","11":"product_cat-velas-de-cera-de-soja","12":"product_cat-velas-perfumadas","13":"product_cat-velas-perfumadas-xl","14":"product_tag-medio","15":"product_tag-toasty-pt","16":"desktop-align-left","17":"tablet-align-left","18":"mobile-align-left","20":"first","21":"outofstock","22":"taxable","23":"shipping-taxable","24":"purchasable","25":"product-type-simple"},"acf":[],"yoast_head":"<!-- This site is optimized with the Yoast SEO Premium plugin v23.0 (Yoast SEO v23.0) - https:\/\/yoast.com\/wordpress\/plugins\/seo\/ -->\n<title>Duo em Flor \u2013 Sal Marinho &amp; S\u00e1lvia, Pera Inglesa &amp; Fr\u00e9sia (220 g \u00d7 2) - Lumond<\/title>\n<meta name=\"description\" content=\"Conjunto Duo Florescente com velas perfumadas artesanais em vasos de cer\u00e2mica: Sal Marinho e S\u00e1lvia e Pera Inglesa e Fr\u00e9sia. Inclui sementes para plantas florescentes ap\u00f3s as velas se consumirem.\" \/>\n<meta name=\"robots\" content=\"index, follow, max-snippet:-1, max-image-preview:large, max-video-preview:-1\" \/>\n<link rel=\"canonical\" href=\"https:\/\/lumond.com\/pt\/produto\/duo-em-flor-sal-marinho-salvia-pera-inglesa-fresia-220-g-x-2\/\" \/>\n<meta property=\"og:locale\" content=\"pt_PT\" \/>\n<meta property=\"og:type\" content=\"article\" \/>\n<meta property=\"og:title\" content=\"Duo em Flor \u2013 Sal Marinho &amp; S\u00e1lvia, Pera Inglesa &amp; Fr\u00e9sia (220 g \u00d7 2) - Lumond\" \/>\n<meta property=\"og:description\" content=\"Destaque o seu espa\u00e7o com o nosso conjunto Duo em Flor, que inclui Sal Marinho &amp; S\u00e1lvia e Pera Inglesa &amp; Fr\u00e9sia. Cada vela, envolta num recipiente\" \/>\n<meta property=\"og:url\" content=\"https:\/\/lumond.com\/pt\/produto\/duo-em-flor-sal-marinho-salvia-pera-inglesa-fresia-220-g-x-2\/\" \/>\n<meta property=\"og:site_name\" content=\"Lumond\" \/>\n<meta property=\"article:publisher\" content=\"https:\/\/www.facebook.com\/lumond.de\/\" \/>\n<meta property=\"article:modified_time\" content=\"2026-01-26T16:39:48+00:00\" \/>\n<meta property=\"og:image\" content=\"https:\/\/lumond.com\/wp-content\/uploads\/2024\/06\/Sea-Salt-Sage-English-pear-freesia-Medium.webp\" \/>\n\t<meta property=\"og:image:width\" content=\"1080\" \/>\n\t<meta property=\"og:image:height\" content=\"1080\" \/>\n\t<meta property=\"og:image:type\" content=\"image\/webp\" \/>\n<meta name=\"twitter:card\" content=\"summary_large_image\" \/>\n<meta name=\"twitter:label1\" content=\"pre\u00e7o\" \/>\n\t<meta name=\"twitter:data1\" content=\"&euro;&nbsp;79,99\" \/>\n\t<meta name=\"twitter:label2\" content=\"Availability\" \/>\n\t<meta name=\"twitter:data2\" content=\"Out of stock\" \/>\n<script type=\"application\/ld+json\" class=\"yoast-schema-graph\">{\"@context\":\"https:\/\/schema.org\",\"@graph\":[{\"@type\":[\"WebPage\",\"ItemPage\"],\"@id\":\"https:\/\/lumond.com\/pt\/produto\/duo-em-flor-sal-marinho-salvia-pera-inglesa-fresia-220-g-x-2\/\",\"url\":\"https:\/\/lumond.com\/pt\/produto\/duo-em-flor-sal-marinho-salvia-pera-inglesa-fresia-220-g-x-2\/\",\"name\":\"Duo em Flor \u2013 Sal Marinho & S\u00e1lvia, Pera Inglesa & Fr\u00e9sia (220 g \u00d7 2) - Lumond\",\"isPartOf\":{\"@id\":\"https:\/\/lumond.com\/pt\/#website\"},\"primaryImageOfPage\":{\"@id\":\"https:\/\/lumond.com\/pt\/produto\/duo-em-flor-sal-marinho-salvia-pera-inglesa-fresia-220-g-x-2\/#primaryimage\"},\"image\":{\"@id\":\"https:\/\/lumond.com\/pt\/produto\/duo-em-flor-sal-marinho-salvia-pera-inglesa-fresia-220-g-x-2\/#primaryimage\"},\"thumbnailUrl\":\"https:\/\/lumond.com\/wp-content\/uploads\/2024\/06\/Sea-Salt-Sage-English-pear-freesia-Medium.webp\",\"datePublished\":\"2024-06-21T16:59:53+00:00\",\"dateModified\":\"2026-01-26T16:39:48+00:00\",\"description\":\"Conjunto Duo Florescente com velas perfumadas artesanais em vasos de cer\u00e2mica: Sal Marinho e S\u00e1lvia e Pera Inglesa e Fr\u00e9sia. Inclui sementes para plantas florescentes ap\u00f3s as velas se consumirem.\",\"breadcrumb\":{\"@id\":\"https:\/\/lumond.com\/pt\/produto\/duo-em-flor-sal-marinho-salvia-pera-inglesa-fresia-220-g-x-2\/#breadcrumb\"},\"inLanguage\":\"pt-PT\",\"potentialAction\":[{\"@type\":\"ReadAction\",\"target\":[\"https:\/\/lumond.com\/pt\/produto\/duo-em-flor-sal-marinho-salvia-pera-inglesa-fresia-220-g-x-2\/\"]}]},{\"@type\":\"ImageObject\",\"inLanguage\":\"pt-PT\",\"@id\":\"https:\/\/lumond.com\/pt\/produto\/duo-em-flor-sal-marinho-salvia-pera-inglesa-fresia-220-g-x-2\/#primaryimage\",\"url\":\"https:\/\/lumond.com\/wp-content\/uploads\/2024\/06\/Sea-Salt-Sage-English-pear-freesia-Medium.webp\",\"contentUrl\":\"https:\/\/lumond.com\/wp-content\/uploads\/2024\/06\/Sea-Salt-Sage-English-pear-freesia-Medium.webp\",\"width\":1080,\"height\":1080},{\"@type\":\"BreadcrumbList\",\"@id\":\"https:\/\/lumond.com\/pt\/produto\/duo-em-flor-sal-marinho-salvia-pera-inglesa-fresia-220-g-x-2\/#breadcrumb\",\"itemListElement\":[{\"@type\":\"ListItem\",\"position\":1,\"name\":\"Lumond\",\"item\":\"https:\/\/lumond.com\/pt\/\"},{\"@type\":\"ListItem\",\"position\":2,\"name\":\"Products\"},{\"@type\":\"ListItem\",\"position\":3,\"name\":\"Conjunto Florido de Dois\",\"item\":\"https:\/\/lumond.com\/pt\/conjunto-florido-de-dois\/\"},{\"@type\":\"ListItem\",\"position\":4,\"name\":\"Duo em Flor \u2013 Sal Marinho &#038; S\u00e1lvia, Pera Inglesa &#038; Fr\u00e9sia (220 g \u00d7 2)\"}]},{\"@type\":\"WebSite\",\"@id\":\"https:\/\/lumond.com\/pt\/#website\",\"url\":\"https:\/\/lumond.com\/pt\/\",\"name\":\"Lumond\",\"description\":\"Velas perfumadas em vidro\",\"publisher\":{\"@id\":\"https:\/\/lumond.com\/pt\/#organization\"},\"alternateName\":\"Lumond\",\"potentialAction\":[{\"@type\":\"SearchAction\",\"target\":{\"@type\":\"EntryPoint\",\"urlTemplate\":\"https:\/\/lumond.com\/pt\/?s={search_term_string}\"},\"query-input\":\"required name=search_term_string\"}],\"inLanguage\":\"pt-PT\"},{\"@type\":\"Organization\",\"@id\":\"https:\/\/lumond.com\/pt\/#organization\",\"name\":\"Lumond\",\"url\":\"https:\/\/lumond.com\/pt\/\",\"logo\":{\"@type\":\"ImageObject\",\"inLanguage\":\"pt-PT\",\"@id\":\"https:\/\/lumond.com\/pt\/#\/schema\/logo\/image\/\",\"url\":\"https:\/\/lumond.com\/wp-content\/uploads\/2022\/01\/cropped-40-05.png\",\"contentUrl\":\"https:\/\/lumond.com\/wp-content\/uploads\/2022\/01\/cropped-40-05.png\",\"width\":512,\"height\":512,\"caption\":\"Lumond\"},\"image\":{\"@id\":\"https:\/\/lumond.com\/pt\/#\/schema\/logo\/image\/\"},\"sameAs\":[\"https:\/\/www.facebook.com\/lumond.de\/\",\"https:\/\/www.instagram.com\/lumond.de\/\"],\"description\":\"A Lumond cria velas perfumadas de alta qualidade em cera de soja natural, em elegantes recipientes de cer\u00e2mica \u2013 sustent\u00e1veis, fabricadas na Alemanha e com composi\u00e7\u00f5es arom\u00e1ticas \u00fanicas. Ideais para uma casa acolhedora com sentido de consci\u00eancia ambiental e design.\",\"email\":\"info@lumond.de\",\"legalName\":\"Lumond\",\"foundingDate\":\"2021-01-01\",\"ownershipFundingInfo\":\"https:\/\/lumond.com\/ueber-uns\/\",\"correctionsPolicy\":\"https:\/\/lumond.com\/kontakt\/\",\"address\":{\"@type\":\"PostalAddress\",\"streetAddress\":\"Lumond UG\",\"addressLocality\":\"Kolonnenstr. 8\",\"addressRegion\":\"Berlin\",\"postalCode\":\"10827\",\"addressCountry\":\"DE\"}}]}<\/script>\n<meta property=\"product:price:amount\" content=\"79.99\" \/>\n<meta property=\"product:price:currency\" content=\"EUR\" \/>\n<meta property=\"og:availability\" content=\"out of stock\" \/>\n<meta property=\"product:availability\" content=\"out of stock\" \/>\n<meta property=\"product:retailer_item_id\" content=\"427-244-245\" \/>\n<meta property=\"product:condition\" content=\"new\" \/>\n<!-- \/ Yoast SEO Premium plugin. -->","yoast_head_json":{"title":"Duo em Flor \u2013 Sal Marinho & S\u00e1lvia, Pera Inglesa & Fr\u00e9sia (220 g \u00d7 2) - Lumond","description":"Conjunto Duo Florescente com velas perfumadas artesanais em vasos de cer\u00e2mica: Sal Marinho e S\u00e1lvia e Pera Inglesa e Fr\u00e9sia. Inclui sementes para plantas florescentes ap\u00f3s as velas se consumirem.","robots":{"index":"index","follow":"follow","max-snippet":"max-snippet:-1","max-image-preview":"max-image-preview:large","max-video-preview":"max-video-preview:-1"},"canonical":"https:\/\/lumond.com\/pt\/produto\/duo-em-flor-sal-marinho-salvia-pera-inglesa-fresia-220-g-x-2\/","og_locale":"pt_PT","og_type":"article","og_title":"Duo em Flor \u2013 Sal Marinho & S\u00e1lvia, Pera Inglesa & Fr\u00e9sia (220 g \u00d7 2) - Lumond","og_description":"Destaque o seu espa\u00e7o com o nosso conjunto Duo em Flor, que inclui Sal Marinho &amp; S\u00e1lvia e Pera Inglesa &amp; Fr\u00e9sia. Cada vela, envolta num recipiente","og_url":"https:\/\/lumond.com\/pt\/produto\/duo-em-flor-sal-marinho-salvia-pera-inglesa-fresia-220-g-x-2\/","og_site_name":"Lumond","article_publisher":"https:\/\/www.facebook.com\/lumond.de\/","article_modified_time":"2026-01-26T16:39:48+00:00","og_image":[{"width":1080,"height":1080,"url":"https:\/\/lumond.com\/wp-content\/uploads\/2024\/06\/Sea-Salt-Sage-English-pear-freesia-Medium.webp","type":"image\/webp"}],"twitter_card":"summary_large_image","twitter_misc":{"pre\u00e7o":"&euro;&nbsp;79,99","Availability":"Out of stock"},"schema":{"@context":"https:\/\/schema.org","@graph":[{"@type":["WebPage","ItemPage"],"@id":"https:\/\/lumond.com\/pt\/produto\/duo-em-flor-sal-marinho-salvia-pera-inglesa-fresia-220-g-x-2\/","url":"https:\/\/lumond.com\/pt\/produto\/duo-em-flor-sal-marinho-salvia-pera-inglesa-fresia-220-g-x-2\/","name":"Duo em Flor \u2013 Sal Marinho & S\u00e1lvia, Pera Inglesa & Fr\u00e9sia (220 g \u00d7 2) - Lumond","isPartOf":{"@id":"https:\/\/lumond.com\/pt\/#website"},"primaryImageOfPage":{"@id":"https:\/\/lumond.com\/pt\/produto\/duo-em-flor-sal-marinho-salvia-pera-inglesa-fresia-220-g-x-2\/#primaryimage"},"image":{"@id":"https:\/\/lumond.com\/pt\/produto\/duo-em-flor-sal-marinho-salvia-pera-inglesa-fresia-220-g-x-2\/#primaryimage"},"thumbnailUrl":"https:\/\/lumond.com\/wp-content\/uploads\/2024\/06\/Sea-Salt-Sage-English-pear-freesia-Medium.webp","datePublished":"2024-06-21T16:59:53+00:00","dateModified":"2026-01-26T16:39:48+00:00","description":"Conjunto Duo Florescente com velas perfumadas artesanais em vasos de cer\u00e2mica: Sal Marinho e S\u00e1lvia e Pera Inglesa e Fr\u00e9sia. Inclui sementes para plantas florescentes ap\u00f3s as velas se consumirem.","breadcrumb":{"@id":"https:\/\/lumond.com\/pt\/produto\/duo-em-flor-sal-marinho-salvia-pera-inglesa-fresia-220-g-x-2\/#breadcrumb"},"inLanguage":"pt-PT","potentialAction":[{"@type":"ReadAction","target":["https:\/\/lumond.com\/pt\/produto\/duo-em-flor-sal-marinho-salvia-pera-inglesa-fresia-220-g-x-2\/"]}]},{"@type":"ImageObject","inLanguage":"pt-PT","@id":"https:\/\/lumond.com\/pt\/produto\/duo-em-flor-sal-marinho-salvia-pera-inglesa-fresia-220-g-x-2\/#primaryimage","url":"https:\/\/lumond.com\/wp-content\/uploads\/2024\/06\/Sea-Salt-Sage-English-pear-freesia-Medium.webp","contentUrl":"https:\/\/lumond.com\/wp-content\/uploads\/2024\/06\/Sea-Salt-Sage-English-pear-freesia-Medium.webp","width":1080,"height":1080},{"@type":"BreadcrumbList","@id":"https:\/\/lumond.com\/pt\/produto\/duo-em-flor-sal-marinho-salvia-pera-inglesa-fresia-220-g-x-2\/#breadcrumb","itemListElement":[{"@type":"ListItem","position":1,"name":"Lumond","item":"https:\/\/lumond.com\/pt\/"},{"@type":"ListItem","position":2,"name":"Products"},{"@type":"ListItem","position":3,"name":"Conjunto Florido de Dois","item":"https:\/\/lumond.com\/pt\/conjunto-florido-de-dois\/"},{"@type":"ListItem","position":4,"name":"Duo em Flor \u2013 Sal Marinho &#038; S\u00e1lvia, Pera Inglesa &#038; Fr\u00e9sia (220 g \u00d7 2)"}]},{"@type":"WebSite","@id":"https:\/\/lumond.com\/pt\/#website","url":"https:\/\/lumond.com\/pt\/","name":"Lumond","description":"Velas perfumadas em vidro","publisher":{"@id":"https:\/\/lumond.com\/pt\/#organization"},"alternateName":"Lumond","potentialAction":[{"@type":"SearchAction","target":{"@type":"EntryPoint","urlTemplate":"https:\/\/lumond.com\/pt\/?s={search_term_string}"},"query-input":"required name=search_term_string"}],"inLanguage":"pt-PT"},{"@type":"Organization","@id":"https:\/\/lumond.com\/pt\/#organization","name":"Lumond","url":"https:\/\/lumond.com\/pt\/","logo":{"@type":"ImageObject","inLanguage":"pt-PT","@id":"https:\/\/lumond.com\/pt\/#\/schema\/logo\/image\/","url":"https:\/\/lumond.com\/wp-content\/uploads\/2022\/01\/cropped-40-05.png","contentUrl":"https:\/\/lumond.com\/wp-content\/uploads\/2022\/01\/cropped-40-05.png","width":512,"height":512,"caption":"Lumond"},"image":{"@id":"https:\/\/lumond.com\/pt\/#\/schema\/logo\/image\/"},"sameAs":["https:\/\/www.facebook.com\/lumond.de\/","https:\/\/www.instagram.com\/lumond.de\/"],"description":"A Lumond cria velas perfumadas de alta qualidade em cera de soja natural, em elegantes recipientes de cer\u00e2mica \u2013 sustent\u00e1veis, fabricadas na Alemanha e com composi\u00e7\u00f5es arom\u00e1ticas \u00fanicas. Ideais para uma casa acolhedora com sentido de consci\u00eancia ambiental e design.","email":"info@lumond.de","legalName":"Lumond","foundingDate":"2021-01-01","ownershipFundingInfo":"https:\/\/lumond.com\/ueber-uns\/","correctionsPolicy":"https:\/\/lumond.com\/kontakt\/","address":{"@type":"PostalAddress","streetAddress":"Lumond UG","addressLocality":"Kolonnenstr. 8","addressRegion":"Berlin","postalCode":"10827","addressCountry":"DE"}}]},"product_price_amount":"79.99","product_price_currency":"EUR","og_availability":"out of stock","product_availability":"out of stock","product_retailer_item_id":"427-244-245","product_condition":"new"},"_links":{"self":[{"href":"https:\/\/lumond.com\/pt\/wp-json\/wp\/v2\/product\/96589","targetHints":{"allow":["GET"]}}],"collection":[{"href":"https:\/\/lumond.com\/pt\/wp-json\/wp\/v2\/product"}],"about":[{"href":"https:\/\/lumond.com\/pt\/wp-json\/wp\/v2\/types\/product"}],"replies":[{"embeddable":true,"href":"https:\/\/lumond.com\/pt\/wp-json\/wp\/v2\/comments?post=96589"}],"wp:featuredmedia":[{"embeddable":true,"href":"https:\/\/lumond.com\/pt\/wp-json\/wp\/v2\/media\/96590"}],"wp:attachment":[{"href":"https:\/\/lumond.com\/pt\/wp-json\/wp\/v2\/media?parent=96589"}],"wp:term":[{"taxonomy":"product_brand","embeddable":true,"href":"https:\/\/lumond.com\/pt\/wp-json\/wp\/v2\/product_brand?post=96589"},{"taxonomy":"product_cat","embeddable":true,"href":"https:\/\/lumond.com\/pt\/wp-json\/wp\/v2\/product_cat?post=96589"},{"taxonomy":"product_tag","embeddable":true,"href":"https:\/\/lumond.com\/pt\/wp-json\/wp\/v2\/product_tag?post=96589"}],"curies":[{"name":"wp","href":"https:\/\/api.w.org\/{rel}","templated":true}]}}