{"id":96548,"date":"2024-06-21T16:54:35","date_gmt":"2024-06-21T16:54:35","guid":{"rendered":"https:\/\/lumond.com\/product\/bluehendes-trio-meersalz-salbei-englische-birne-freesie-zitronengras-bergamotte-2\/"},"modified":"2026-01-26T16:49:39","modified_gmt":"2026-01-26T16:49:39","slug":"trio-em-flor-sal-marinho-salvia-pera-inglesa-fresia-erva-principe-bergamota-220-g-x-3","status":"publish","type":"product","link":"https:\/\/lumond.com\/pt\/produto\/trio-em-flor-sal-marinho-salvia-pera-inglesa-fresia-erva-principe-bergamota-220-g-x-3\/","title":{"rendered":"Trio em Flor \u2013 Sal Marinho &#038; S\u00e1lvia, Pera Inglesa &#038; Fr\u00e9sia, Erva-Pr\u00edncipe &#038; Bergamota (220 g \u00d7 3)"},"content":{"rendered":"<p>Desfrute do nosso conjunto Trio em Flor com Sal Marinho &amp; S\u00e1lvia, Pera Inglesa &amp; Fr\u00e9sia e Erva-Pr\u00edncipe &amp; Bergamota. Cada vela, num recipiente de cer\u00e2mica artesanal, oferece uma experi\u00eancia olfativa inconfund\u00edvel. Plante as sementes inclu\u00eddas nos vasos ap\u00f3s a utiliza\u00e7\u00e3o para acrescentar um toque de eleg\u00e2ncia natural \u00e0 sua casa.<\/p>\n<div><b>Aten\u00e7\u00e3o:<\/b> As sementes nas nossas velas s\u00e3o sazonais e podem diferir da imagem apresentada.<\/div>\n","protected":false},"excerpt":{"rendered":"<p>Desfrute do nosso conjunto Trio em Flor com Sal Marinho &amp; S\u00e1lvia, Pera Inglesa &amp; Fr\u00e9sia e Erva-Pr\u00edncipe &amp; Bergamota. Cada vela, num recipiente de cer\u00e2mica artesanal, oferece uma experi\u00eancia olfativa inconfund\u00edvel. Plante as sementes inclu\u00eddas nos vasos ap\u00f3s a utiliza\u00e7\u00e3o para acrescentar um toque de eleg\u00e2ncia natural \u00e0 sua casa. Aten\u00e7\u00e3o: As sementes nas [&hellip;]<\/p>\n","protected":false},"featured_media":96549,"comment_status":"open","ping_status":"closed","template":"","meta":{"_acf_changed":false,"site-sidebar-layout":"default","site-content-layout":"","ast-site-content-layout":"default","site-content-style":"default","site-sidebar-style":"default","ast-global-header-display":"","ast-banner-title-visibility":"","ast-main-header-display":"","ast-hfb-above-header-display":"","ast-hfb-below-header-display":"","ast-hfb-mobile-header-display":"","site-post-title":"","ast-breadcrumbs-content":"","ast-featured-img":"","footer-sml-layout":"","theme-transparent-header-meta":"default","adv-header-id-meta":"","stick-header-meta":"","header-above-stick-meta":"","header-main-stick-meta":"","header-below-stick-meta":"","astra-migrate-meta-layouts":"set","ast-page-background-enabled":"default","ast-page-background-meta":{"desktop":{"background-color":"","background-image":"","background-repeat":"repeat","background-position":"center center","background-size":"auto","background-attachment":"scroll","background-type":"","background-media":"","overlay-type":"","overlay-color":"","overlay-opacity":"","overlay-gradient":""},"tablet":{"background-color":"","background-image":"","background-repeat":"repeat","background-position":"center center","background-size":"auto","background-attachment":"scroll","background-type":"","background-media":"","overlay-type":"","overlay-color":"","overlay-opacity":"","overlay-gradient":""},"mobile":{"background-color":"","background-image":"","background-repeat":"repeat","background-position":"center center","background-size":"auto","background-attachment":"scroll","background-type":"","background-media":"","overlay-type":"","overlay-color":"","overlay-opacity":"","overlay-gradient":""}},"ast-content-background-meta":{"desktop":{"background-color":"var(--ast-global-color-5)","background-image":"","background-repeat":"repeat","background-position":"center center","background-size":"auto","background-attachment":"scroll","background-type":"","background-media":"","overlay-type":"","overlay-color":"","overlay-opacity":"","overlay-gradient":""},"tablet":{"background-color":"var(--ast-global-color-5)","background-image":"","background-repeat":"repeat","background-position":"center center","background-size":"auto","background-attachment":"scroll","background-type":"","background-media":"","overlay-type":"","overlay-color":"","overlay-opacity":"","overlay-gradient":""},"mobile":{"background-color":"var(--ast-global-color-5)","background-image":"","background-repeat":"repeat","background-position":"center center","background-size":"auto","background-attachment":"scroll","background-type":"","background-media":"","overlay-type":"","overlay-color":"","overlay-opacity":"","overlay-gradient":""}}},"product_brand":[],"product_cat":[1216,1223,1197,1198,1215,1217,1194,1196],"product_tag":[1218,1219],"class_list":{"0":"post-96548","1":"product","2":"type-product","3":"status-publish","4":"has-post-thumbnail","6":"product_cat-belas-velas","7":"product_cat-conjunto-florido-de-tres","8":"product_cat-presentes","9":"product_cat-vela-com-pavio-de-madeira-criar-momentos-magicos","10":"product_cat-velas-crepitantes-com-pavio-de-madeira","11":"product_cat-velas-de-cera-de-soja","12":"product_cat-velas-perfumadas","13":"product_cat-velas-perfumadas-xl","14":"product_tag-medio","15":"product_tag-toasty-pt","16":"desktop-align-left","17":"tablet-align-left","18":"mobile-align-left","20":"first","21":"outofstock","22":"taxable","23":"shipping-taxable","24":"purchasable","25":"product-type-simple"},"acf":[],"yoast_head":"<!-- This site is optimized with the Yoast SEO Premium plugin v23.0 (Yoast SEO v23.0) - https:\/\/yoast.com\/wordpress\/plugins\/seo\/ -->\n<title>Trio em Flor \u2013 Sal Marinho &amp; S\u00e1lvia, Pera Inglesa &amp; Fr\u00e9sia, Erva-Pr\u00edncipe &amp; Bergamota (220 g \u00d7 3) - Lumond<\/title>\n<meta name=\"description\" content=\"Conjunto Trio Florescente: velas perfumadas em cer\u00e2mica com Sal Marinho e S\u00e1lvia, Pera e Fr\u00e9sia, Erva-lim\u00e3o e Bergamota. Inclui sementes para plantar. Eleg\u00e2ncia natural para a sua casa.\" \/>\n<meta name=\"robots\" content=\"index, follow, max-snippet:-1, max-image-preview:large, max-video-preview:-1\" \/>\n<link rel=\"canonical\" href=\"https:\/\/lumond.com\/pt\/produto\/trio-em-flor-sal-marinho-salvia-pera-inglesa-fresia-erva-principe-bergamota-220-g-x-3\/\" \/>\n<meta property=\"og:locale\" content=\"pt_PT\" \/>\n<meta property=\"og:type\" content=\"article\" \/>\n<meta property=\"og:title\" content=\"Trio em Flor \u2013 Sal Marinho &amp; S\u00e1lvia, Pera Inglesa &amp; Fr\u00e9sia, Erva-Pr\u00edncipe &amp; Bergamota (220 g \u00d7 3) - Lumond\" \/>\n<meta property=\"og:description\" content=\"Desfrute do nosso conjunto Trio em Flor com Sal Marinho &amp; S\u00e1lvia, Pera Inglesa &amp; Fr\u00e9sia e Erva-Pr\u00edncipe &amp; Bergamota. Cada vela, num recipiente\" \/>\n<meta property=\"og:url\" content=\"https:\/\/lumond.com\/pt\/produto\/trio-em-flor-sal-marinho-salvia-pera-inglesa-fresia-erva-principe-bergamota-220-g-x-3\/\" \/>\n<meta property=\"og:site_name\" content=\"Lumond\" \/>\n<meta property=\"article:publisher\" content=\"https:\/\/www.facebook.com\/lumond.de\/\" \/>\n<meta property=\"article:modified_time\" content=\"2026-01-26T16:49:39+00:00\" \/>\n<meta property=\"og:image\" content=\"https:\/\/lumond.com\/wp-content\/uploads\/2024\/06\/Bloomig-Triad-Sea-Salt-Sage-English-pear-freesia-Lemon-grass-bergamot-medium.webp\" \/>\n\t<meta property=\"og:image:width\" content=\"1080\" \/>\n\t<meta property=\"og:image:height\" content=\"1080\" \/>\n\t<meta property=\"og:image:type\" content=\"image\/webp\" \/>\n<meta name=\"twitter:card\" content=\"summary_large_image\" \/>\n<meta name=\"twitter:label1\" content=\"pre\u00e7o\" \/>\n\t<meta name=\"twitter:data1\" content=\"&euro;&nbsp;119,97\" \/>\n\t<meta name=\"twitter:label2\" content=\"Availability\" \/>\n\t<meta name=\"twitter:data2\" content=\"Out of stock\" \/>\n<script type=\"application\/ld+json\" class=\"yoast-schema-graph\">{\"@context\":\"https:\/\/schema.org\",\"@graph\":[{\"@type\":[\"WebPage\",\"ItemPage\"],\"@id\":\"https:\/\/lumond.com\/pt\/produto\/trio-em-flor-sal-marinho-salvia-pera-inglesa-fresia-erva-principe-bergamota-220-g-x-3\/\",\"url\":\"https:\/\/lumond.com\/pt\/produto\/trio-em-flor-sal-marinho-salvia-pera-inglesa-fresia-erva-principe-bergamota-220-g-x-3\/\",\"name\":\"Trio em Flor \u2013 Sal Marinho & S\u00e1lvia, Pera Inglesa & Fr\u00e9sia, Erva-Pr\u00edncipe & Bergamota (220 g \u00d7 3) - Lumond\",\"isPartOf\":{\"@id\":\"https:\/\/lumond.com\/pt\/#website\"},\"primaryImageOfPage\":{\"@id\":\"https:\/\/lumond.com\/pt\/produto\/trio-em-flor-sal-marinho-salvia-pera-inglesa-fresia-erva-principe-bergamota-220-g-x-3\/#primaryimage\"},\"image\":{\"@id\":\"https:\/\/lumond.com\/pt\/produto\/trio-em-flor-sal-marinho-salvia-pera-inglesa-fresia-erva-principe-bergamota-220-g-x-3\/#primaryimage\"},\"thumbnailUrl\":\"https:\/\/lumond.com\/wp-content\/uploads\/2024\/06\/Bloomig-Triad-Sea-Salt-Sage-English-pear-freesia-Lemon-grass-bergamot-medium.webp\",\"datePublished\":\"2024-06-21T16:54:35+00:00\",\"dateModified\":\"2026-01-26T16:49:39+00:00\",\"description\":\"Conjunto Trio Florescente: velas perfumadas em cer\u00e2mica com Sal Marinho e S\u00e1lvia, Pera e Fr\u00e9sia, Erva-lim\u00e3o e Bergamota. Inclui sementes para plantar. Eleg\u00e2ncia natural para a sua casa.\",\"breadcrumb\":{\"@id\":\"https:\/\/lumond.com\/pt\/produto\/trio-em-flor-sal-marinho-salvia-pera-inglesa-fresia-erva-principe-bergamota-220-g-x-3\/#breadcrumb\"},\"inLanguage\":\"pt-PT\",\"potentialAction\":[{\"@type\":\"ReadAction\",\"target\":[\"https:\/\/lumond.com\/pt\/produto\/trio-em-flor-sal-marinho-salvia-pera-inglesa-fresia-erva-principe-bergamota-220-g-x-3\/\"]}]},{\"@type\":\"ImageObject\",\"inLanguage\":\"pt-PT\",\"@id\":\"https:\/\/lumond.com\/pt\/produto\/trio-em-flor-sal-marinho-salvia-pera-inglesa-fresia-erva-principe-bergamota-220-g-x-3\/#primaryimage\",\"url\":\"https:\/\/lumond.com\/wp-content\/uploads\/2024\/06\/Bloomig-Triad-Sea-Salt-Sage-English-pear-freesia-Lemon-grass-bergamot-medium.webp\",\"contentUrl\":\"https:\/\/lumond.com\/wp-content\/uploads\/2024\/06\/Bloomig-Triad-Sea-Salt-Sage-English-pear-freesia-Lemon-grass-bergamot-medium.webp\",\"width\":1080,\"height\":1080},{\"@type\":\"BreadcrumbList\",\"@id\":\"https:\/\/lumond.com\/pt\/produto\/trio-em-flor-sal-marinho-salvia-pera-inglesa-fresia-erva-principe-bergamota-220-g-x-3\/#breadcrumb\",\"itemListElement\":[{\"@type\":\"ListItem\",\"position\":1,\"name\":\"Lumond\",\"item\":\"https:\/\/lumond.com\/pt\/\"},{\"@type\":\"ListItem\",\"position\":2,\"name\":\"Products\"},{\"@type\":\"ListItem\",\"position\":3,\"name\":\"Velas Perfumadas\",\"item\":\"https:\/\/lumond.com\/pt\/velas-perfumadas\/\"},{\"@type\":\"ListItem\",\"position\":4,\"name\":\"Trio em Flor \u2013 Sal Marinho &#038; S\u00e1lvia, Pera Inglesa &#038; Fr\u00e9sia, Erva-Pr\u00edncipe &#038; Bergamota (220 g \u00d7 3)\"}]},{\"@type\":\"WebSite\",\"@id\":\"https:\/\/lumond.com\/pt\/#website\",\"url\":\"https:\/\/lumond.com\/pt\/\",\"name\":\"Lumond\",\"description\":\"Velas perfumadas em vidro\",\"publisher\":{\"@id\":\"https:\/\/lumond.com\/pt\/#organization\"},\"alternateName\":\"Lumond\",\"potentialAction\":[{\"@type\":\"SearchAction\",\"target\":{\"@type\":\"EntryPoint\",\"urlTemplate\":\"https:\/\/lumond.com\/pt\/?s={search_term_string}\"},\"query-input\":\"required name=search_term_string\"}],\"inLanguage\":\"pt-PT\"},{\"@type\":\"Organization\",\"@id\":\"https:\/\/lumond.com\/pt\/#organization\",\"name\":\"Lumond\",\"url\":\"https:\/\/lumond.com\/pt\/\",\"logo\":{\"@type\":\"ImageObject\",\"inLanguage\":\"pt-PT\",\"@id\":\"https:\/\/lumond.com\/pt\/#\/schema\/logo\/image\/\",\"url\":\"https:\/\/lumond.com\/wp-content\/uploads\/2022\/01\/cropped-40-05.png\",\"contentUrl\":\"https:\/\/lumond.com\/wp-content\/uploads\/2022\/01\/cropped-40-05.png\",\"width\":512,\"height\":512,\"caption\":\"Lumond\"},\"image\":{\"@id\":\"https:\/\/lumond.com\/pt\/#\/schema\/logo\/image\/\"},\"sameAs\":[\"https:\/\/www.facebook.com\/lumond.de\/\",\"https:\/\/www.instagram.com\/lumond.de\/\"],\"description\":\"A Lumond cria velas perfumadas de alta qualidade em cera de soja natural, em elegantes recipientes de cer\u00e2mica \u2013 sustent\u00e1veis, fabricadas na Alemanha e com composi\u00e7\u00f5es arom\u00e1ticas \u00fanicas. Ideais para uma casa acolhedora com sentido de consci\u00eancia ambiental e design.\",\"email\":\"info@lumond.de\",\"legalName\":\"Lumond\",\"foundingDate\":\"2021-01-01\",\"ownershipFundingInfo\":\"https:\/\/lumond.com\/ueber-uns\/\",\"correctionsPolicy\":\"https:\/\/lumond.com\/kontakt\/\",\"address\":{\"@type\":\"PostalAddress\",\"streetAddress\":\"Lumond UG\",\"addressLocality\":\"Kolonnenstr. 8\",\"addressRegion\":\"Berlin\",\"postalCode\":\"10827\",\"addressCountry\":\"DE\"}}]}<\/script>\n<meta property=\"product:price:amount\" content=\"119.97\" \/>\n<meta property=\"product:price:currency\" content=\"EUR\" \/>\n<meta property=\"og:availability\" content=\"out of stock\" \/>\n<meta property=\"product:availability\" content=\"out of stock\" \/>\n<meta property=\"product:retailer_item_id\" content=\"427-244-245-246\" \/>\n<meta property=\"product:condition\" content=\"new\" \/>\n<!-- \/ Yoast SEO Premium plugin. -->","yoast_head_json":{"title":"Trio em Flor \u2013 Sal Marinho & S\u00e1lvia, Pera Inglesa & Fr\u00e9sia, Erva-Pr\u00edncipe & Bergamota (220 g \u00d7 3) - Lumond","description":"Conjunto Trio Florescente: velas perfumadas em cer\u00e2mica com Sal Marinho e S\u00e1lvia, Pera e Fr\u00e9sia, Erva-lim\u00e3o e Bergamota. Inclui sementes para plantar. Eleg\u00e2ncia natural para a sua casa.","robots":{"index":"index","follow":"follow","max-snippet":"max-snippet:-1","max-image-preview":"max-image-preview:large","max-video-preview":"max-video-preview:-1"},"canonical":"https:\/\/lumond.com\/pt\/produto\/trio-em-flor-sal-marinho-salvia-pera-inglesa-fresia-erva-principe-bergamota-220-g-x-3\/","og_locale":"pt_PT","og_type":"article","og_title":"Trio em Flor \u2013 Sal Marinho & S\u00e1lvia, Pera Inglesa & Fr\u00e9sia, Erva-Pr\u00edncipe & Bergamota (220 g \u00d7 3) - Lumond","og_description":"Desfrute do nosso conjunto Trio em Flor com Sal Marinho &amp; S\u00e1lvia, Pera Inglesa &amp; Fr\u00e9sia e Erva-Pr\u00edncipe &amp; Bergamota. Cada vela, num recipiente","og_url":"https:\/\/lumond.com\/pt\/produto\/trio-em-flor-sal-marinho-salvia-pera-inglesa-fresia-erva-principe-bergamota-220-g-x-3\/","og_site_name":"Lumond","article_publisher":"https:\/\/www.facebook.com\/lumond.de\/","article_modified_time":"2026-01-26T16:49:39+00:00","og_image":[{"width":1080,"height":1080,"url":"https:\/\/lumond.com\/wp-content\/uploads\/2024\/06\/Bloomig-Triad-Sea-Salt-Sage-English-pear-freesia-Lemon-grass-bergamot-medium.webp","type":"image\/webp"}],"twitter_card":"summary_large_image","twitter_misc":{"pre\u00e7o":"&euro;&nbsp;119,97","Availability":"Out of stock"},"schema":{"@context":"https:\/\/schema.org","@graph":[{"@type":["WebPage","ItemPage"],"@id":"https:\/\/lumond.com\/pt\/produto\/trio-em-flor-sal-marinho-salvia-pera-inglesa-fresia-erva-principe-bergamota-220-g-x-3\/","url":"https:\/\/lumond.com\/pt\/produto\/trio-em-flor-sal-marinho-salvia-pera-inglesa-fresia-erva-principe-bergamota-220-g-x-3\/","name":"Trio em Flor \u2013 Sal Marinho & S\u00e1lvia, Pera Inglesa & Fr\u00e9sia, Erva-Pr\u00edncipe & Bergamota (220 g \u00d7 3) - Lumond","isPartOf":{"@id":"https:\/\/lumond.com\/pt\/#website"},"primaryImageOfPage":{"@id":"https:\/\/lumond.com\/pt\/produto\/trio-em-flor-sal-marinho-salvia-pera-inglesa-fresia-erva-principe-bergamota-220-g-x-3\/#primaryimage"},"image":{"@id":"https:\/\/lumond.com\/pt\/produto\/trio-em-flor-sal-marinho-salvia-pera-inglesa-fresia-erva-principe-bergamota-220-g-x-3\/#primaryimage"},"thumbnailUrl":"https:\/\/lumond.com\/wp-content\/uploads\/2024\/06\/Bloomig-Triad-Sea-Salt-Sage-English-pear-freesia-Lemon-grass-bergamot-medium.webp","datePublished":"2024-06-21T16:54:35+00:00","dateModified":"2026-01-26T16:49:39+00:00","description":"Conjunto Trio Florescente: velas perfumadas em cer\u00e2mica com Sal Marinho e S\u00e1lvia, Pera e Fr\u00e9sia, Erva-lim\u00e3o e Bergamota. Inclui sementes para plantar. Eleg\u00e2ncia natural para a sua casa.","breadcrumb":{"@id":"https:\/\/lumond.com\/pt\/produto\/trio-em-flor-sal-marinho-salvia-pera-inglesa-fresia-erva-principe-bergamota-220-g-x-3\/#breadcrumb"},"inLanguage":"pt-PT","potentialAction":[{"@type":"ReadAction","target":["https:\/\/lumond.com\/pt\/produto\/trio-em-flor-sal-marinho-salvia-pera-inglesa-fresia-erva-principe-bergamota-220-g-x-3\/"]}]},{"@type":"ImageObject","inLanguage":"pt-PT","@id":"https:\/\/lumond.com\/pt\/produto\/trio-em-flor-sal-marinho-salvia-pera-inglesa-fresia-erva-principe-bergamota-220-g-x-3\/#primaryimage","url":"https:\/\/lumond.com\/wp-content\/uploads\/2024\/06\/Bloomig-Triad-Sea-Salt-Sage-English-pear-freesia-Lemon-grass-bergamot-medium.webp","contentUrl":"https:\/\/lumond.com\/wp-content\/uploads\/2024\/06\/Bloomig-Triad-Sea-Salt-Sage-English-pear-freesia-Lemon-grass-bergamot-medium.webp","width":1080,"height":1080},{"@type":"BreadcrumbList","@id":"https:\/\/lumond.com\/pt\/produto\/trio-em-flor-sal-marinho-salvia-pera-inglesa-fresia-erva-principe-bergamota-220-g-x-3\/#breadcrumb","itemListElement":[{"@type":"ListItem","position":1,"name":"Lumond","item":"https:\/\/lumond.com\/pt\/"},{"@type":"ListItem","position":2,"name":"Products"},{"@type":"ListItem","position":3,"name":"Velas Perfumadas","item":"https:\/\/lumond.com\/pt\/velas-perfumadas\/"},{"@type":"ListItem","position":4,"name":"Trio em Flor \u2013 Sal Marinho &#038; S\u00e1lvia, Pera Inglesa &#038; Fr\u00e9sia, Erva-Pr\u00edncipe &#038; Bergamota (220 g \u00d7 3)"}]},{"@type":"WebSite","@id":"https:\/\/lumond.com\/pt\/#website","url":"https:\/\/lumond.com\/pt\/","name":"Lumond","description":"Velas perfumadas em vidro","publisher":{"@id":"https:\/\/lumond.com\/pt\/#organization"},"alternateName":"Lumond","potentialAction":[{"@type":"SearchAction","target":{"@type":"EntryPoint","urlTemplate":"https:\/\/lumond.com\/pt\/?s={search_term_string}"},"query-input":"required name=search_term_string"}],"inLanguage":"pt-PT"},{"@type":"Organization","@id":"https:\/\/lumond.com\/pt\/#organization","name":"Lumond","url":"https:\/\/lumond.com\/pt\/","logo":{"@type":"ImageObject","inLanguage":"pt-PT","@id":"https:\/\/lumond.com\/pt\/#\/schema\/logo\/image\/","url":"https:\/\/lumond.com\/wp-content\/uploads\/2022\/01\/cropped-40-05.png","contentUrl":"https:\/\/lumond.com\/wp-content\/uploads\/2022\/01\/cropped-40-05.png","width":512,"height":512,"caption":"Lumond"},"image":{"@id":"https:\/\/lumond.com\/pt\/#\/schema\/logo\/image\/"},"sameAs":["https:\/\/www.facebook.com\/lumond.de\/","https:\/\/www.instagram.com\/lumond.de\/"],"description":"A Lumond cria velas perfumadas de alta qualidade em cera de soja natural, em elegantes recipientes de cer\u00e2mica \u2013 sustent\u00e1veis, fabricadas na Alemanha e com composi\u00e7\u00f5es arom\u00e1ticas \u00fanicas. Ideais para uma casa acolhedora com sentido de consci\u00eancia ambiental e design.","email":"info@lumond.de","legalName":"Lumond","foundingDate":"2021-01-01","ownershipFundingInfo":"https:\/\/lumond.com\/ueber-uns\/","correctionsPolicy":"https:\/\/lumond.com\/kontakt\/","address":{"@type":"PostalAddress","streetAddress":"Lumond UG","addressLocality":"Kolonnenstr. 8","addressRegion":"Berlin","postalCode":"10827","addressCountry":"DE"}}]},"product_price_amount":"119.97","product_price_currency":"EUR","og_availability":"out of stock","product_availability":"out of stock","product_retailer_item_id":"427-244-245-246","product_condition":"new"},"_links":{"self":[{"href":"https:\/\/lumond.com\/pt\/wp-json\/wp\/v2\/product\/96548","targetHints":{"allow":["GET"]}}],"collection":[{"href":"https:\/\/lumond.com\/pt\/wp-json\/wp\/v2\/product"}],"about":[{"href":"https:\/\/lumond.com\/pt\/wp-json\/wp\/v2\/types\/product"}],"replies":[{"embeddable":true,"href":"https:\/\/lumond.com\/pt\/wp-json\/wp\/v2\/comments?post=96548"}],"wp:featuredmedia":[{"embeddable":true,"href":"https:\/\/lumond.com\/pt\/wp-json\/wp\/v2\/media\/96549"}],"wp:attachment":[{"href":"https:\/\/lumond.com\/pt\/wp-json\/wp\/v2\/media?parent=96548"}],"wp:term":[{"taxonomy":"product_brand","embeddable":true,"href":"https:\/\/lumond.com\/pt\/wp-json\/wp\/v2\/product_brand?post=96548"},{"taxonomy":"product_cat","embeddable":true,"href":"https:\/\/lumond.com\/pt\/wp-json\/wp\/v2\/product_cat?post=96548"},{"taxonomy":"product_tag","embeddable":true,"href":"https:\/\/lumond.com\/pt\/wp-json\/wp\/v2\/product_tag?post=96548"}],"curies":[{"name":"wp","href":"https:\/\/api.w.org\/{rel}","templated":true}]}}