{"id":96470,"date":"2024-06-21T14:57:49","date_gmt":"2024-06-21T14:57:49","guid":{"rendered":"https:\/\/lumond.com\/product\/bluehende-keramikkerze-jasmin-440g\/"},"modified":"2026-01-26T16:58:58","modified_gmt":"2026-01-26T16:58:58","slug":"vela-de-ceramica-florescente-jasmim-440g","status":"publish","type":"product","link":"https:\/\/lumond.com\/pt\/produto\/vela-de-ceramica-florescente-jasmim-440g\/","title":{"rendered":"Vela de Cer\u00e2mica Florescente &#8211; Jasmim &#8211; 440g"},"content":{"rendered":"<p>Encante a sua casa com a fragr\u00e2ncia ex\u00f3tica de jasmim. Esta vela florescente, inserida num magn\u00edfico vaso de cer\u00e2mica, preenche o ar com notas doces e florais de jasmim, proporcionando um aroma rom\u00e2ntico e cativante. Quando a vela se consumir, plante as sementes inclu\u00eddas no vaso de cer\u00e2mica para trazer um toque de eleg\u00e2ncia natural e uma atmosfera de sonho ao seu espa\u00e7o.<\/p>\n<div><b>Aten\u00e7\u00e3o:<\/b> As sementes nas nossas velas s\u00e3o sazonais e podem diferir da imagem apresentada.<\/div>\n","protected":false},"excerpt":{"rendered":"<p>Encante a sua casa com a fragr\u00e2ncia ex\u00f3tica de jasmim. Esta vela florescente, inserida num magn\u00edfico vaso de cer\u00e2mica, preenche o ar com notas doces e florais de jasmim, proporcionando um aroma rom\u00e2ntico e cativante. Quando a vela se consumir, plante as sementes inclu\u00eddas no vaso de cer\u00e2mica para trazer um toque de eleg\u00e2ncia natural [&hellip;]<\/p>\n","protected":false},"featured_media":96392,"comment_status":"open","ping_status":"closed","template":"","meta":{"_acf_changed":false,"site-sidebar-layout":"default","site-content-layout":"","ast-site-content-layout":"default","site-content-style":"default","site-sidebar-style":"default","ast-global-header-display":"","ast-banner-title-visibility":"","ast-main-header-display":"","ast-hfb-above-header-display":"","ast-hfb-below-header-display":"","ast-hfb-mobile-header-display":"","site-post-title":"","ast-breadcrumbs-content":"","ast-featured-img":"","footer-sml-layout":"","theme-transparent-header-meta":"default","adv-header-id-meta":"","stick-header-meta":"","header-above-stick-meta":"","header-main-stick-meta":"","header-below-stick-meta":"","astra-migrate-meta-layouts":"set","ast-page-background-enabled":"default","ast-page-background-meta":{"desktop":{"background-color":"","background-image":"","background-repeat":"repeat","background-position":"center center","background-size":"auto","background-attachment":"scroll","background-type":"","background-media":"","overlay-type":"","overlay-color":"","overlay-opacity":"","overlay-gradient":""},"tablet":{"background-color":"","background-image":"","background-repeat":"repeat","background-position":"center center","background-size":"auto","background-attachment":"scroll","background-type":"","background-media":"","overlay-type":"","overlay-color":"","overlay-opacity":"","overlay-gradient":""},"mobile":{"background-color":"","background-image":"","background-repeat":"repeat","background-position":"center center","background-size":"auto","background-attachment":"scroll","background-type":"","background-media":"","overlay-type":"","overlay-color":"","overlay-opacity":"","overlay-gradient":""}},"ast-content-background-meta":{"desktop":{"background-color":"var(--ast-global-color-5)","background-image":"","background-repeat":"repeat","background-position":"center center","background-size":"auto","background-attachment":"scroll","background-type":"","background-media":"","overlay-type":"","overlay-color":"","overlay-opacity":"","overlay-gradient":""},"tablet":{"background-color":"var(--ast-global-color-5)","background-image":"","background-repeat":"repeat","background-position":"center center","background-size":"auto","background-attachment":"scroll","background-type":"","background-media":"","overlay-type":"","overlay-color":"","overlay-opacity":"","overlay-gradient":""},"mobile":{"background-color":"var(--ast-global-color-5)","background-image":"","background-repeat":"repeat","background-position":"center center","background-size":"auto","background-attachment":"scroll","background-type":"","background-media":"","overlay-type":"","overlay-color":"","overlay-opacity":"","overlay-gradient":""}}},"product_brand":[],"product_cat":[1216,1197,1198,1215,1217,1166,1194,1221],"product_tag":[1167,1219],"class_list":{"0":"post-96470","1":"product","2":"type-product","3":"status-publish","4":"has-post-thumbnail","6":"product_cat-belas-velas","7":"product_cat-presentes","8":"product_cat-vela-com-pavio-de-madeira-criar-momentos-magicos","9":"product_cat-velas-crepitantes-com-pavio-de-madeira","10":"product_cat-velas-de-cera-de-soja","11":"product_cat-velas-floridas","12":"product_cat-velas-perfumadas","13":"product_cat-velas-perfumadas-xxl","14":"product_tag-grande","15":"product_tag-toasty-pt","16":"desktop-align-left","17":"tablet-align-left","18":"mobile-align-left","20":"first","21":"instock","22":"sale","23":"taxable","24":"shipping-taxable","25":"purchasable","26":"product-type-simple"},"acf":[],"yoast_head":"<!-- This site is optimized with the Yoast SEO Premium plugin v23.0 (Yoast SEO v23.0) - https:\/\/yoast.com\/wordpress\/plugins\/seo\/ -->\n<title>Vela de Cer\u00e2mica Florescente - Jasmim - 440g - Lumond<\/title>\n<meta name=\"description\" content=\"Vela perfumada artesanal com fragr\u00e2ncia ex\u00f3tica de jasmim num magn\u00edfico vaso de cer\u00e2mica. Encante a sua casa com um aroma rom\u00e2ntico e plante as sementes inclu\u00eddas para uma atmosfera de sonho.\" \/>\n<meta name=\"robots\" content=\"index, follow, max-snippet:-1, max-image-preview:large, max-video-preview:-1\" \/>\n<link rel=\"canonical\" href=\"https:\/\/lumond.com\/pt\/produto\/vela-de-ceramica-florescente-jasmim-440g\/\" \/>\n<meta property=\"og:locale\" content=\"pt_PT\" \/>\n<meta property=\"og:type\" content=\"article\" \/>\n<meta property=\"og:title\" content=\"Vela de Cer\u00e2mica Florescente - Jasmim - 440g - Lumond\" \/>\n<meta property=\"og:description\" content=\"Encante a sua casa com a fragr\u00e2ncia ex\u00f3tica de jasmim. Esta vela florescente, inserida num magn\u00edfico vaso de cer\u00e2mica, preenche o ar com notas doces e\" \/>\n<meta property=\"og:url\" content=\"https:\/\/lumond.com\/pt\/produto\/vela-de-ceramica-florescente-jasmim-440g\/\" \/>\n<meta property=\"og:site_name\" content=\"Lumond\" \/>\n<meta property=\"article:publisher\" content=\"https:\/\/www.facebook.com\/lumond.de\/\" \/>\n<meta property=\"article:modified_time\" content=\"2026-01-26T16:58:58+00:00\" \/>\n<meta property=\"og:image\" content=\"https:\/\/lumond.com\/wp-content\/uploads\/2024\/06\/Midnight-Jasmine-Large-Size-2-1.webp\" \/>\n\t<meta property=\"og:image:width\" content=\"1080\" \/>\n\t<meta property=\"og:image:height\" content=\"1080\" \/>\n\t<meta property=\"og:image:type\" content=\"image\/webp\" \/>\n<meta name=\"twitter:card\" content=\"summary_large_image\" \/>\n<meta name=\"twitter:label1\" content=\"pre\u00e7o\" \/>\n\t<meta name=\"twitter:data1\" content=\"&euro;&nbsp;59,99\" \/>\n\t<meta name=\"twitter:label2\" content=\"Availability\" \/>\n\t<meta name=\"twitter:data2\" content=\"In stock\" \/>\n<script type=\"application\/ld+json\" class=\"yoast-schema-graph\">{\"@context\":\"https:\/\/schema.org\",\"@graph\":[{\"@type\":[\"WebPage\",\"ItemPage\"],\"@id\":\"https:\/\/lumond.com\/pt\/produto\/vela-de-ceramica-florescente-jasmim-440g\/\",\"url\":\"https:\/\/lumond.com\/pt\/produto\/vela-de-ceramica-florescente-jasmim-440g\/\",\"name\":\"Vela de Cer\u00e2mica Florescente - Jasmim - 440g - Lumond\",\"isPartOf\":{\"@id\":\"https:\/\/lumond.com\/pt\/#website\"},\"primaryImageOfPage\":{\"@id\":\"https:\/\/lumond.com\/pt\/produto\/vela-de-ceramica-florescente-jasmim-440g\/#primaryimage\"},\"image\":{\"@id\":\"https:\/\/lumond.com\/pt\/produto\/vela-de-ceramica-florescente-jasmim-440g\/#primaryimage\"},\"thumbnailUrl\":\"https:\/\/lumond.com\/wp-content\/uploads\/2024\/06\/Midnight-Jasmine-Large-Size-2-1.webp\",\"datePublished\":\"2024-06-21T14:57:49+00:00\",\"dateModified\":\"2026-01-26T16:58:58+00:00\",\"description\":\"Vela perfumada artesanal com fragr\u00e2ncia ex\u00f3tica de jasmim num magn\u00edfico vaso de cer\u00e2mica. Encante a sua casa com um aroma rom\u00e2ntico e plante as sementes inclu\u00eddas para uma atmosfera de sonho.\",\"breadcrumb\":{\"@id\":\"https:\/\/lumond.com\/pt\/produto\/vela-de-ceramica-florescente-jasmim-440g\/#breadcrumb\"},\"inLanguage\":\"pt-PT\",\"potentialAction\":[{\"@type\":\"ReadAction\",\"target\":[\"https:\/\/lumond.com\/pt\/produto\/vela-de-ceramica-florescente-jasmim-440g\/\"]}]},{\"@type\":\"ImageObject\",\"inLanguage\":\"pt-PT\",\"@id\":\"https:\/\/lumond.com\/pt\/produto\/vela-de-ceramica-florescente-jasmim-440g\/#primaryimage\",\"url\":\"https:\/\/lumond.com\/wp-content\/uploads\/2024\/06\/Midnight-Jasmine-Large-Size-2-1.webp\",\"contentUrl\":\"https:\/\/lumond.com\/wp-content\/uploads\/2024\/06\/Midnight-Jasmine-Large-Size-2-1.webp\",\"width\":1080,\"height\":1080},{\"@type\":\"BreadcrumbList\",\"@id\":\"https:\/\/lumond.com\/pt\/produto\/vela-de-ceramica-florescente-jasmim-440g\/#breadcrumb\",\"itemListElement\":[{\"@type\":\"ListItem\",\"position\":1,\"name\":\"Lumond\",\"item\":\"https:\/\/lumond.com\/pt\/\"},{\"@type\":\"ListItem\",\"position\":2,\"name\":\"Products\"},{\"@type\":\"ListItem\",\"position\":3,\"name\":\"Velas Floridas\",\"item\":\"https:\/\/lumond.com\/pt\/velas-floridas\/\"},{\"@type\":\"ListItem\",\"position\":4,\"name\":\"Vela de Cer\u00e2mica Florescente &#8211; Jasmim &#8211; 440g\"}]},{\"@type\":\"WebSite\",\"@id\":\"https:\/\/lumond.com\/pt\/#website\",\"url\":\"https:\/\/lumond.com\/pt\/\",\"name\":\"Lumond\",\"description\":\"Velas perfumadas em vidro\",\"publisher\":{\"@id\":\"https:\/\/lumond.com\/pt\/#organization\"},\"alternateName\":\"Lumond\",\"potentialAction\":[{\"@type\":\"SearchAction\",\"target\":{\"@type\":\"EntryPoint\",\"urlTemplate\":\"https:\/\/lumond.com\/pt\/?s={search_term_string}\"},\"query-input\":\"required name=search_term_string\"}],\"inLanguage\":\"pt-PT\"},{\"@type\":\"Organization\",\"@id\":\"https:\/\/lumond.com\/pt\/#organization\",\"name\":\"Lumond\",\"url\":\"https:\/\/lumond.com\/pt\/\",\"logo\":{\"@type\":\"ImageObject\",\"inLanguage\":\"pt-PT\",\"@id\":\"https:\/\/lumond.com\/pt\/#\/schema\/logo\/image\/\",\"url\":\"https:\/\/lumond.com\/wp-content\/uploads\/2022\/01\/cropped-40-05.png\",\"contentUrl\":\"https:\/\/lumond.com\/wp-content\/uploads\/2022\/01\/cropped-40-05.png\",\"width\":512,\"height\":512,\"caption\":\"Lumond\"},\"image\":{\"@id\":\"https:\/\/lumond.com\/pt\/#\/schema\/logo\/image\/\"},\"sameAs\":[\"https:\/\/www.facebook.com\/lumond.de\/\",\"https:\/\/www.instagram.com\/lumond.de\/\"],\"description\":\"A Lumond cria velas perfumadas de alta qualidade em cera de soja natural, em elegantes recipientes de cer\u00e2mica \u2013 sustent\u00e1veis, fabricadas na Alemanha e com composi\u00e7\u00f5es arom\u00e1ticas \u00fanicas. Ideais para uma casa acolhedora com sentido de consci\u00eancia ambiental e design.\",\"email\":\"info@lumond.de\",\"legalName\":\"Lumond\",\"foundingDate\":\"2021-01-01\",\"ownershipFundingInfo\":\"https:\/\/lumond.com\/ueber-uns\/\",\"correctionsPolicy\":\"https:\/\/lumond.com\/kontakt\/\",\"address\":{\"@type\":\"PostalAddress\",\"streetAddress\":\"Lumond UG\",\"addressLocality\":\"Kolonnenstr. 8\",\"addressRegion\":\"Berlin\",\"postalCode\":\"10827\",\"addressCountry\":\"DE\"}}]}<\/script>\n<meta property=\"product:price:amount\" content=\"59.99\" \/>\n<meta property=\"product:price:currency\" content=\"EUR\" \/>\n<meta property=\"og:availability\" content=\"instock\" \/>\n<meta property=\"product:availability\" content=\"instock\" \/>\n<meta property=\"product:retailer_item_id\" content=\"427-2417\" \/>\n<meta property=\"product:condition\" content=\"new\" \/>\n<!-- \/ Yoast SEO Premium plugin. -->","yoast_head_json":{"title":"Vela de Cer\u00e2mica Florescente - Jasmim - 440g - Lumond","description":"Vela perfumada artesanal com fragr\u00e2ncia ex\u00f3tica de jasmim num magn\u00edfico vaso de cer\u00e2mica. Encante a sua casa com um aroma rom\u00e2ntico e plante as sementes inclu\u00eddas para uma atmosfera de sonho.","robots":{"index":"index","follow":"follow","max-snippet":"max-snippet:-1","max-image-preview":"max-image-preview:large","max-video-preview":"max-video-preview:-1"},"canonical":"https:\/\/lumond.com\/pt\/produto\/vela-de-ceramica-florescente-jasmim-440g\/","og_locale":"pt_PT","og_type":"article","og_title":"Vela de Cer\u00e2mica Florescente - Jasmim - 440g - Lumond","og_description":"Encante a sua casa com a fragr\u00e2ncia ex\u00f3tica de jasmim. Esta vela florescente, inserida num magn\u00edfico vaso de cer\u00e2mica, preenche o ar com notas doces e","og_url":"https:\/\/lumond.com\/pt\/produto\/vela-de-ceramica-florescente-jasmim-440g\/","og_site_name":"Lumond","article_publisher":"https:\/\/www.facebook.com\/lumond.de\/","article_modified_time":"2026-01-26T16:58:58+00:00","og_image":[{"width":1080,"height":1080,"url":"https:\/\/lumond.com\/wp-content\/uploads\/2024\/06\/Midnight-Jasmine-Large-Size-2-1.webp","type":"image\/webp"}],"twitter_card":"summary_large_image","twitter_misc":{"pre\u00e7o":"&euro;&nbsp;59,99","Availability":"In stock"},"schema":{"@context":"https:\/\/schema.org","@graph":[{"@type":["WebPage","ItemPage"],"@id":"https:\/\/lumond.com\/pt\/produto\/vela-de-ceramica-florescente-jasmim-440g\/","url":"https:\/\/lumond.com\/pt\/produto\/vela-de-ceramica-florescente-jasmim-440g\/","name":"Vela de Cer\u00e2mica Florescente - Jasmim - 440g - Lumond","isPartOf":{"@id":"https:\/\/lumond.com\/pt\/#website"},"primaryImageOfPage":{"@id":"https:\/\/lumond.com\/pt\/produto\/vela-de-ceramica-florescente-jasmim-440g\/#primaryimage"},"image":{"@id":"https:\/\/lumond.com\/pt\/produto\/vela-de-ceramica-florescente-jasmim-440g\/#primaryimage"},"thumbnailUrl":"https:\/\/lumond.com\/wp-content\/uploads\/2024\/06\/Midnight-Jasmine-Large-Size-2-1.webp","datePublished":"2024-06-21T14:57:49+00:00","dateModified":"2026-01-26T16:58:58+00:00","description":"Vela perfumada artesanal com fragr\u00e2ncia ex\u00f3tica de jasmim num magn\u00edfico vaso de cer\u00e2mica. Encante a sua casa com um aroma rom\u00e2ntico e plante as sementes inclu\u00eddas para uma atmosfera de sonho.","breadcrumb":{"@id":"https:\/\/lumond.com\/pt\/produto\/vela-de-ceramica-florescente-jasmim-440g\/#breadcrumb"},"inLanguage":"pt-PT","potentialAction":[{"@type":"ReadAction","target":["https:\/\/lumond.com\/pt\/produto\/vela-de-ceramica-florescente-jasmim-440g\/"]}]},{"@type":"ImageObject","inLanguage":"pt-PT","@id":"https:\/\/lumond.com\/pt\/produto\/vela-de-ceramica-florescente-jasmim-440g\/#primaryimage","url":"https:\/\/lumond.com\/wp-content\/uploads\/2024\/06\/Midnight-Jasmine-Large-Size-2-1.webp","contentUrl":"https:\/\/lumond.com\/wp-content\/uploads\/2024\/06\/Midnight-Jasmine-Large-Size-2-1.webp","width":1080,"height":1080},{"@type":"BreadcrumbList","@id":"https:\/\/lumond.com\/pt\/produto\/vela-de-ceramica-florescente-jasmim-440g\/#breadcrumb","itemListElement":[{"@type":"ListItem","position":1,"name":"Lumond","item":"https:\/\/lumond.com\/pt\/"},{"@type":"ListItem","position":2,"name":"Products"},{"@type":"ListItem","position":3,"name":"Velas Floridas","item":"https:\/\/lumond.com\/pt\/velas-floridas\/"},{"@type":"ListItem","position":4,"name":"Vela de Cer\u00e2mica Florescente &#8211; Jasmim &#8211; 440g"}]},{"@type":"WebSite","@id":"https:\/\/lumond.com\/pt\/#website","url":"https:\/\/lumond.com\/pt\/","name":"Lumond","description":"Velas perfumadas em vidro","publisher":{"@id":"https:\/\/lumond.com\/pt\/#organization"},"alternateName":"Lumond","potentialAction":[{"@type":"SearchAction","target":{"@type":"EntryPoint","urlTemplate":"https:\/\/lumond.com\/pt\/?s={search_term_string}"},"query-input":"required name=search_term_string"}],"inLanguage":"pt-PT"},{"@type":"Organization","@id":"https:\/\/lumond.com\/pt\/#organization","name":"Lumond","url":"https:\/\/lumond.com\/pt\/","logo":{"@type":"ImageObject","inLanguage":"pt-PT","@id":"https:\/\/lumond.com\/pt\/#\/schema\/logo\/image\/","url":"https:\/\/lumond.com\/wp-content\/uploads\/2022\/01\/cropped-40-05.png","contentUrl":"https:\/\/lumond.com\/wp-content\/uploads\/2022\/01\/cropped-40-05.png","width":512,"height":512,"caption":"Lumond"},"image":{"@id":"https:\/\/lumond.com\/pt\/#\/schema\/logo\/image\/"},"sameAs":["https:\/\/www.facebook.com\/lumond.de\/","https:\/\/www.instagram.com\/lumond.de\/"],"description":"A Lumond cria velas perfumadas de alta qualidade em cera de soja natural, em elegantes recipientes de cer\u00e2mica \u2013 sustent\u00e1veis, fabricadas na Alemanha e com composi\u00e7\u00f5es arom\u00e1ticas \u00fanicas. Ideais para uma casa acolhedora com sentido de consci\u00eancia ambiental e design.","email":"info@lumond.de","legalName":"Lumond","foundingDate":"2021-01-01","ownershipFundingInfo":"https:\/\/lumond.com\/ueber-uns\/","correctionsPolicy":"https:\/\/lumond.com\/kontakt\/","address":{"@type":"PostalAddress","streetAddress":"Lumond UG","addressLocality":"Kolonnenstr. 8","addressRegion":"Berlin","postalCode":"10827","addressCountry":"DE"}}]},"product_price_amount":"59.99","product_price_currency":"EUR","og_availability":"instock","product_availability":"instock","product_retailer_item_id":"427-2417","product_condition":"new"},"_links":{"self":[{"href":"https:\/\/lumond.com\/pt\/wp-json\/wp\/v2\/product\/96470","targetHints":{"allow":["GET"]}}],"collection":[{"href":"https:\/\/lumond.com\/pt\/wp-json\/wp\/v2\/product"}],"about":[{"href":"https:\/\/lumond.com\/pt\/wp-json\/wp\/v2\/types\/product"}],"replies":[{"embeddable":true,"href":"https:\/\/lumond.com\/pt\/wp-json\/wp\/v2\/comments?post=96470"}],"wp:featuredmedia":[{"embeddable":true,"href":"https:\/\/lumond.com\/pt\/wp-json\/wp\/v2\/media\/96392"}],"wp:attachment":[{"href":"https:\/\/lumond.com\/pt\/wp-json\/wp\/v2\/media?parent=96470"}],"wp:term":[{"taxonomy":"product_brand","embeddable":true,"href":"https:\/\/lumond.com\/pt\/wp-json\/wp\/v2\/product_brand?post=96470"},{"taxonomy":"product_cat","embeddable":true,"href":"https:\/\/lumond.com\/pt\/wp-json\/wp\/v2\/product_cat?post=96470"},{"taxonomy":"product_tag","embeddable":true,"href":"https:\/\/lumond.com\/pt\/wp-json\/wp\/v2\/product_tag?post=96470"}],"curies":[{"name":"wp","href":"https:\/\/api.w.org\/{rel}","templated":true}]}}