{"id":99631,"date":"2026-04-09T17:39:05","date_gmt":"2026-04-09T17:39:05","guid":{"rendered":"https:\/\/lumond.com\/geschenkgutschein-bedingungen\/"},"modified":"2026-04-09T18:21:26","modified_gmt":"2026-04-09T18:21:26","slug":"condicoes-cartao-presente","status":"publish","type":"page","link":"https:\/\/lumond.com\/pt\/condicoes-cartao-presente\/","title":{"rendered":"Condicoes Cartao Presente"},"content":{"rendered":"\t\t<div data-elementor-type=\"wp-page\" data-elementor-id=\"99631\" class=\"elementor elementor-99631 elementor-99608\" data-elementor-post-type=\"page\">\n\t\t\t\t\t\t<section class=\"elementor-section elementor-top-section elementor-element elementor-element-8f1744b elementor-section-boxed elementor-section-height-default elementor-section-height-default\" data-id=\"8f1744b\" data-element_type=\"section\">\n\t\t\t\t\t\t<div class=\"elementor-container elementor-column-gap-default\">\n\t\t\t\t\t<div class=\"elementor-column elementor-col-100 elementor-top-column elementor-element elementor-element-590b407\" data-id=\"590b407\" data-element_type=\"column\">\n\t\t\t<div class=\"elementor-widget-wrap elementor-element-populated\">\n\t\t\t\t\t\t<div class=\"elementor-element elementor-element-7ab0f1d elementor-widget elementor-widget-heading\" data-id=\"7ab0f1d\" data-element_type=\"widget\" data-widget_type=\"heading.default\">\n\t\t\t\t<div class=\"elementor-widget-container\">\n\t\t\t<style>\/*! elementor - v3.21.0 - 08-05-2024 *\/\n.elementor-heading-title{padding:0;margin:0;line-height:1}.elementor-widget-heading .elementor-heading-title[class*=elementor-size-]>a{color:inherit;font-size:inherit;line-height:inherit}.elementor-widget-heading .elementor-heading-title.elementor-size-small{font-size:15px}.elementor-widget-heading .elementor-heading-title.elementor-size-medium{font-size:19px}.elementor-widget-heading .elementor-heading-title.elementor-size-large{font-size:29px}.elementor-widget-heading .elementor-heading-title.elementor-size-xl{font-size:39px}.elementor-widget-heading .elementor-heading-title.elementor-size-xxl{font-size:59px}<\/style><h1 class=\"elementor-heading-title elementor-size-default\">Cart\u00e3o Presente \u2013 Condi\u00e7\u00f5es Gerais de Utiliza\u00e7\u00e3o<\/h1>\t\t<\/div>\n\t\t\t\t<\/div>\n\t\t\t\t<div class=\"elementor-element elementor-element-fa29c2b elementor-widget elementor-widget-text-editor\" data-id=\"fa29c2b\" data-element_type=\"widget\" data-widget_type=\"text-editor.default\">\n\t\t\t\t<div class=\"elementor-widget-container\">\n\t\t\t<style>\/*! elementor - v3.21.0 - 08-05-2024 *\/\n.elementor-widget-text-editor.elementor-drop-cap-view-stacked .elementor-drop-cap{background-color:#69727d;color:#fff}.elementor-widget-text-editor.elementor-drop-cap-view-framed .elementor-drop-cap{color:#69727d;border:3px solid;background-color:transparent}.elementor-widget-text-editor:not(.elementor-drop-cap-view-default) .elementor-drop-cap{margin-top:8px}.elementor-widget-text-editor:not(.elementor-drop-cap-view-default) .elementor-drop-cap-letter{width:1em;height:1em}.elementor-widget-text-editor .elementor-drop-cap{float:left;text-align:center;line-height:1;font-size:50px}.elementor-widget-text-editor .elementor-drop-cap-letter{display:inline-block}<\/style>\t\t\t\t<p style=\"font-weight: bold; padding-bottom: 10px;\">\u00a71 \u00c2mbito de aplica\u00e7\u00e3o e emissor<\/p><p>(1) As presentes condi\u00e7\u00f5es de utiliza\u00e7\u00e3o aplicam-se a todos os cart\u00f5es presente (doravante \u00abcart\u00e3o presente\u00bb) emitidos pela Laylaundyom UG (doravante \u00abLumond\u00bb).<\/p><div style=\"margin-left: 20px; margin-top: 5px; margin-bottom: 5px;\">Laylaundyom UG<br \/>Dor Porat<br \/>Kolonnenstr. 8<br \/>10827 Berlin<br \/>E-mail: <a href=\"mailto:info@lumond.de\">info@lumond.de<\/a><br \/>N.\u00ba de registo: HRB 18705<br \/>Tribunal de registo: Amtsgericht Krefeld<br \/>N.\u00ba de identifica\u00e7\u00e3o fiscal (USt-ID): DE348104546<\/div><p>(2) Com a compra, a aceita\u00e7\u00e3o ou a utiliza\u00e7\u00e3o de um cart\u00e3o presente, o titular aceita as presentes condi\u00e7\u00f5es de utiliza\u00e7\u00e3o.<\/p><p style=\"font-weight: bold; padding-bottom: 10px;\">\u00a72 Formatos dispon\u00edveis e aquisi\u00e7\u00e3o<\/p><p>(1) O cart\u00e3o presente est\u00e1 dispon\u00edvel nos seguintes formatos:<\/p><div style=\"margin-left: 20px; margin-top: 5px; margin-bottom: 10px;\">a) <b>Cart\u00e3o presente digital (e-card)<\/b> \u2013 dispon\u00edvel para compra na loja online em <a href=\"https:\/\/lumond.com\">www.lumond.com<\/a>. O e-card \u00e9 enviado por e-mail para o endere\u00e7o indicado pelo comprador.<p>b) <b>Cart\u00e3o presente f\u00edsico<\/b> \u2013 quando dispon\u00edvel, pode ser adquirido na loja online em <a href=\"https:\/\/lumond.com\">www.lumond.com<\/a>. O cart\u00e3o presente f\u00edsico \u00e9 enviado por correio postal.<\/p><\/div><p>(2) O cart\u00e3o presente pode ser adquirido em diversos valores. Os valores dispon\u00edveis podem ser consultados na loja online em <a href=\"https:\/\/lumond.com\">www.lumond.com<\/a>.<\/p><p>(3) O cart\u00e3o presente pode ser pago com qualquer meio de pagamento aceite na loja online. No entanto, um cart\u00e3o presente n\u00e3o pode ser pago com outro cart\u00e3o presente.<\/p><p style=\"font-weight: bold; padding-bottom: 10px;\">\u00a73 Validade<\/p><p>(1) O cart\u00e3o presente tem validade ilimitada a partir da data de compra, salvo indica\u00e7\u00e3o de uma data de expira\u00e7\u00e3o diferente no pr\u00f3prio cart\u00e3o.<\/p><p>(2) O cart\u00e3o presente s\u00f3 pode ser utilizado na loja online em <a href=\"https:\/\/lumond.com\">www.lumond.com<\/a>.<\/p><p>(3) O cart\u00e3o presente pode ser utilizado para todos os produtos dispon\u00edveis na loja online.<\/p><p style=\"font-weight: bold; padding-bottom: 10px;\">\u00a74 Utiliza\u00e7\u00e3o e saldo remanescente<\/p><p>(1) O cart\u00e3o presente pode ser utilizado pelo titular um n\u00famero ilimitado de vezes, at\u00e9 ao esgotamento do saldo dispon\u00edvel.<\/p><p>(2) O saldo remanescente do cart\u00e3o presente corresponde \u00e0 diferen\u00e7a entre o saldo original e o montante j\u00e1 utilizado em compras.<\/p><p>(3) Se o valor da compra exceder o saldo remanescente, a diferen\u00e7a pode ser paga com qualquer meio de pagamento aceite na loja online.<\/p><p>(4) O eventual saldo remanescente n\u00e3o pode ser convertido em dinheiro nem transferido para uma conta banc\u00e1ria.<\/p><p>(5) O saldo remanescente atual pode ser consultado a qualquer momento durante o processo de encomenda em <a href=\"https:\/\/lumond.com\">www.lumond.com<\/a>.<\/p><p style=\"font-weight: bold; padding-bottom: 10px;\">\u00a75 Devolu\u00e7\u00e3o do cart\u00e3o presente<\/p><p>(1) Para os cart\u00f5es presente digitais (e-cards) adquiridos online, existe um direito legal de retrata\u00e7\u00e3o de 14 dias a contar da data de compra, desde que o cart\u00e3o presente ainda n\u00e3o tenha sido utilizado.<\/p><p>(2) O reembolso \u00e9 efetuado atrav\u00e9s do m\u00e9todo de pagamento original. Para a devolu\u00e7\u00e3o, \u00e9 necess\u00e1rio apresentar a confirma\u00e7\u00e3o de encomenda.<\/p><p>(3) Os cart\u00f5es presente parcialmente utilizados n\u00e3o podem ser devolvidos.<\/p><p style=\"font-weight: bold; padding-bottom: 10px;\">\u00a76 Devolu\u00e7\u00e3o de artigos comprados com cart\u00e3o presente<\/p><p>(1) Se forem devolvidos artigos pagos total ou parcialmente com um cart\u00e3o presente, o reembolso da parte correspondente ao cart\u00e3o presente \u00e9 efetuado sob a forma de um novo cart\u00e3o presente. O cart\u00e3o presente \u00e9 enviado por e-mail para o endere\u00e7o utilizado na encomenda.<\/p><p>(2) Para a parte n\u00e3o paga com cart\u00e3o presente, aplicam-se as condi\u00e7\u00f5es de devolu\u00e7\u00e3o habituais, conforme os nossos <a href=\"https:\/\/lumond.com\/pt\/termos-e-condicoes\">Termos e Condi\u00e7\u00f5es Gerais<\/a>.<\/p><p style=\"font-weight: bold; padding-bottom: 10px;\">\u00a77 Responsabilidade e limita\u00e7\u00e3o de responsabilidade<\/p><p>(1) O cart\u00e3o presente \u00e9 um t\u00edtulo ao portador. O titular \u00e9 o \u00fanico respons\u00e1vel pela utiliza\u00e7\u00e3o e pela guarda segura do cart\u00e3o presente (incluindo o c\u00f3digo do cart\u00e3o).<\/p><p>(2) A Lumond n\u00e3o oferece qualquer compensa\u00e7\u00e3o em caso de perda, roubo ou utiliza\u00e7\u00e3o n\u00e3o autorizada do cart\u00e3o presente. Recomenda-se que o c\u00f3digo do cart\u00e3o presente seja mantido de forma confidencial e em local seguro.<\/p><p>(3) A Lumond n\u00e3o assume qualquer responsabilidade pela n\u00e3o rece\u00e7\u00e3o ou rece\u00e7\u00e3o tardia de um e-card, quando a causa esteja fora da esfera de responsabilidade da Lumond, nomeadamente nos seguintes casos:<\/p><div style=\"margin-left: 20px; margin-top: 5px; margin-bottom: 10px;\">a) Dados do destinat\u00e1rio incorretos fornecidos pelo comprador<br \/>b) Avarias t\u00e9cnicas nos sistemas de telecomunica\u00e7\u00f5es<br \/>c) Classifica\u00e7\u00e3o do e-mail como spam pelo programa de correio eletr\u00f3nico do destinat\u00e1rio<br \/>d) N\u00e3o entrega ao endere\u00e7o de e-mail indicado por motivos t\u00e9cnicos<\/div><p style=\"font-weight: bold; padding-bottom: 10px;\">\u00a78 Utiliza\u00e7\u00e3o indevida e invalidade<\/p><p>(1) Os cart\u00f5es presente adquiridos de forma il\u00edcita ou manipulados s\u00e3o nulos e n\u00e3o podem ser utilizados nem reembolsados.<\/p><p>(2) A Lumond reserva-se o direito de bloquear cart\u00f5es presente em caso de suspeita de fraude ou utiliza\u00e7\u00e3o indevida.<\/p><p>(3) Sem o consentimento pr\u00e9vio por escrito da Lumond, os cart\u00f5es presente n\u00e3o podem ser utilizados para fins publicit\u00e1rios ou de marketing comercial de terceiros, nem revendidos.<\/p><p style=\"font-weight: bold; padding-bottom: 10px;\">\u00a79 Prote\u00e7\u00e3o de dados<\/p><p>No \u00e2mbito da compra e da utiliza\u00e7\u00e3o de cart\u00f5es presente, s\u00e3o tratados dados pessoais (por exemplo, endere\u00e7o de e-mail do comprador e do destinat\u00e1rio). Para mais informa\u00e7\u00f5es sobre o tratamento de dados, consulte a nossa <a href=\"https:\/\/lumond.com\/pt\/politica-de-privacidade\">Pol\u00edtica de Privacidade<\/a>.<\/p><p style=\"font-weight: bold; padding-bottom: 10px;\">\u00a710 Legisla\u00e7\u00e3o aplic\u00e1vel e foro competente<\/p><p>(1) Aplica-se o direito da Rep\u00fablica Federal da Alemanha, com exclus\u00e3o da Conven\u00e7\u00e3o das Na\u00e7\u00f5es Unidas sobre Contratos de Compra e Venda Internacional de Mercadorias.<\/p><p>(2) Para os consumidores, a presente escolha de lei aplica-se apenas na medida em que n\u00e3o seja retirada a prote\u00e7\u00e3o conferida pelas disposi\u00e7\u00f5es imperativas da legisla\u00e7\u00e3o do Estado em que o consumidor tenha a sua resid\u00eancia habitual.<\/p><p>(3) Se o cliente for comerciante, pessoa coletiva de direito p\u00fablico ou patrim\u00f3nio especial de direito p\u00fablico, o foro exclusivo para todas as lit\u00edgios decorrentes do presente contrato \u00e9 a nossa sede social em Berlim.<\/p><p style=\"font-weight: bold; padding-bottom: 10px;\">\u00a711 Cl\u00e1usula de salvaguarda<\/p><p>Caso alguma disposi\u00e7\u00e3o das presentes condi\u00e7\u00f5es de utiliza\u00e7\u00e3o seja total ou parcialmente inv\u00e1lida, tal facto n\u00e3o afeta a validade das restantes disposi\u00e7\u00f5es.<\/p><p style=\"font-weight: bold; padding-bottom: 10px;\">\u00a712 Contacto<\/p><p>Para quest\u00f5es ou reclama\u00e7\u00f5es relacionadas com cart\u00f5es presente, contacte:<\/p><div style=\"margin-left: 20px; margin-top: 5px; margin-bottom: 5px;\">Lumond \u2013 Laylaundyom UG<br \/>Kolonnenstr. 8<br \/>10827 Berlin<br \/>E-mail: <a href=\"mailto:info@lumond.de\">info@lumond.de<\/a><br \/>Web: <a href=\"https:\/\/support.lumond.com\/pt\">support.lumond.com<\/a><\/div><p style=\"font-size: 13px; color: #666; margin-top: 30px;\">Em vigor desde: abril de 2026<\/p>\t\t\t\t\t\t<\/div>\n\t\t\t\t<\/div>\n\t\t\t\t\t<\/div>\n\t\t<\/div>\n\t\t\t\t\t<\/div>\n\t\t<\/section>\n\t\t\t\t<\/div>\n\t\t","protected":false},"excerpt":{"rendered":"<p>Cart\u00e3o Presente \u2013 Condi\u00e7\u00f5es Gerais de Utiliza\u00e7\u00e3o \u00a71 \u00c2mbito de aplica\u00e7\u00e3o e emissor (1) As presentes condi\u00e7\u00f5es de utiliza\u00e7\u00e3o aplicam-se a todos os cart\u00f5es presente (doravante \u00abcart\u00e3o presente\u00bb) emitidos pela Laylaundyom UG (doravante \u00abLumond\u00bb). Laylaundyom UGDor PoratKolonnenstr. 810827 BerlinE-mail: info@lumond.deN.\u00ba de registo: HRB 18705Tribunal de registo: Amtsgericht KrefeldN.\u00ba de identifica\u00e7\u00e3o fiscal (USt-ID): DE348104546 (2) Com [&hellip;]<\/p>\n","protected":false},"author":18,"featured_media":0,"parent":0,"menu_order":0,"comment_status":"closed","ping_status":"closed","template":"","meta":{"_acf_changed":false,"site-sidebar-layout":"no-sidebar","site-content-layout":"page-builder","ast-site-content-layout":"full-width-container","site-content-style":"default","site-sidebar-style":"default","ast-global-header-display":"","ast-banner-title-visibility":"","ast-main-header-display":"","ast-hfb-above-header-display":"","ast-hfb-below-header-display":"","ast-hfb-mobile-header-display":"","site-post-title":"disabled","ast-breadcrumbs-content":"","ast-featured-img":"disabled","footer-sml-layout":"","theme-transparent-header-meta":"","adv-header-id-meta":"","stick-header-meta":"","header-above-stick-meta":"","header-main-stick-meta":"","header-below-stick-meta":"","astra-migrate-meta-layouts":"set","ast-page-background-enabled":"default","ast-page-background-meta":{"desktop":{"background-color":"","background-image":"","background-repeat":"repeat","background-position":"center center","background-size":"auto","background-attachment":"scroll","background-type":"","background-media":"","overlay-type":"","overlay-color":"","overlay-opacity":"","overlay-gradient":""},"tablet":{"background-color":"","background-image":"","background-repeat":"repeat","background-position":"center center","background-size":"auto","background-attachment":"scroll","background-type":"","background-media":"","overlay-type":"","overlay-color":"","overlay-opacity":"","overlay-gradient":""},"mobile":{"background-color":"","background-image":"","background-repeat":"repeat","background-position":"center center","background-size":"auto","background-attachment":"scroll","background-type":"","background-media":"","overlay-type":"","overlay-color":"","overlay-opacity":"","overlay-gradient":""}},"ast-content-background-meta":{"desktop":{"background-color":"var(--ast-global-color-5)","background-image":"","background-repeat":"repeat","background-position":"center center","background-size":"auto","background-attachment":"scroll","background-type":"","background-media":"","overlay-type":"","overlay-color":"","overlay-opacity":"","overlay-gradient":""},"tablet":{"background-color":"var(--ast-global-color-5)","background-image":"","background-repeat":"repeat","background-position":"center center","background-size":"auto","background-attachment":"scroll","background-type":"","background-media":"","overlay-type":"","overlay-color":"","overlay-opacity":"","overlay-gradient":""},"mobile":{"background-color":"var(--ast-global-color-5)","background-image":"","background-repeat":"repeat","background-position":"center center","background-size":"auto","background-attachment":"scroll","background-type":"","background-media":"","overlay-type":"","overlay-color":"","overlay-opacity":"","overlay-gradient":""}},"footnotes":""},"class_list":["post-99631","page","type-page","status-publish","hentry"],"acf":[],"yoast_head":"<!-- This site is optimized with the Yoast SEO Premium plugin v23.0 (Yoast SEO v23.0) - https:\/\/yoast.com\/wordpress\/plugins\/seo\/ -->\n<title>Condicoes Cartao Presente - Lumond<\/title>\n<meta name=\"robots\" content=\"index, follow, max-snippet:-1, max-image-preview:large, max-video-preview:-1\" \/>\n<link rel=\"canonical\" href=\"https:\/\/lumond.com\/pt\/condicoes-cartao-presente\/\" \/>\n<meta property=\"og:locale\" content=\"pt_PT\" \/>\n<meta property=\"og:type\" content=\"article\" \/>\n<meta property=\"og:title\" content=\"Condicoes Cartao Presente\" \/>\n<meta property=\"og:description\" content=\"Cart\u00e3o Presente \u2013 Condi\u00e7\u00f5es Gerais de Utiliza\u00e7\u00e3o \u00a71 \u00c2mbito de aplica\u00e7\u00e3o e emissor (1) As presentes condi\u00e7\u00f5es de utiliza\u00e7\u00e3o aplicam-se a todos os cart\u00f5es presente (doravante \u00abcart\u00e3o presente\u00bb) emitidos pela Laylaundyom UG (doravante \u00abLumond\u00bb). Laylaundyom UGDor PoratKolonnenstr. 810827 BerlinE-mail: info@lumond.deN.\u00ba de registo: HRB 18705Tribunal de registo: Amtsgericht KrefeldN.\u00ba de identifica\u00e7\u00e3o fiscal (USt-ID): DE348104546 (2) Com [&hellip;]\" \/>\n<meta property=\"og:url\" content=\"https:\/\/lumond.com\/pt\/condicoes-cartao-presente\/\" \/>\n<meta property=\"og:site_name\" content=\"Lumond\" \/>\n<meta property=\"article:publisher\" content=\"https:\/\/www.facebook.com\/lumond.de\/\" \/>\n<meta property=\"article:modified_time\" content=\"2026-04-09T18:21:26+00:00\" \/>\n<meta name=\"twitter:card\" content=\"summary_large_image\" \/>\n<meta name=\"twitter:label1\" content=\"Tempo estimado de leitura\" \/>\n\t<meta name=\"twitter:data1\" content=\"5 minutos\" \/>\n<script type=\"application\/ld+json\" class=\"yoast-schema-graph\">{\"@context\":\"https:\/\/schema.org\",\"@graph\":[{\"@type\":\"WebPage\",\"@id\":\"https:\/\/lumond.com\/pt\/condicoes-cartao-presente\/\",\"url\":\"https:\/\/lumond.com\/pt\/condicoes-cartao-presente\/\",\"name\":\"Condicoes Cartao Presente - Lumond\",\"isPartOf\":{\"@id\":\"https:\/\/lumond.com\/pt\/#website\"},\"datePublished\":\"2026-04-09T17:39:05+00:00\",\"dateModified\":\"2026-04-09T18:21:26+00:00\",\"breadcrumb\":{\"@id\":\"https:\/\/lumond.com\/pt\/condicoes-cartao-presente\/#breadcrumb\"},\"inLanguage\":\"pt-PT\",\"potentialAction\":[{\"@type\":\"ReadAction\",\"target\":[\"https:\/\/lumond.com\/pt\/condicoes-cartao-presente\/\"]}]},{\"@type\":\"BreadcrumbList\",\"@id\":\"https:\/\/lumond.com\/pt\/condicoes-cartao-presente\/#breadcrumb\",\"itemListElement\":[{\"@type\":\"ListItem\",\"position\":1,\"name\":\"Lumond\",\"item\":\"https:\/\/lumond.com\/pt\/\"},{\"@type\":\"ListItem\",\"position\":2,\"name\":\"Condicoes Cartao Presente\"}]},{\"@type\":\"WebSite\",\"@id\":\"https:\/\/lumond.com\/pt\/#website\",\"url\":\"https:\/\/lumond.com\/pt\/\",\"name\":\"Lumond\",\"description\":\"Velas perfumadas em vidro\",\"publisher\":{\"@id\":\"https:\/\/lumond.com\/pt\/#organization\"},\"alternateName\":\"Lumond\",\"potentialAction\":[{\"@type\":\"SearchAction\",\"target\":{\"@type\":\"EntryPoint\",\"urlTemplate\":\"https:\/\/lumond.com\/pt\/?s={search_term_string}\"},\"query-input\":\"required name=search_term_string\"}],\"inLanguage\":\"pt-PT\"},{\"@type\":\"Organization\",\"@id\":\"https:\/\/lumond.com\/pt\/#organization\",\"name\":\"Lumond\",\"url\":\"https:\/\/lumond.com\/pt\/\",\"logo\":{\"@type\":\"ImageObject\",\"inLanguage\":\"pt-PT\",\"@id\":\"https:\/\/lumond.com\/pt\/#\/schema\/logo\/image\/\",\"url\":\"https:\/\/lumond.com\/wp-content\/uploads\/2022\/01\/cropped-40-05.png\",\"contentUrl\":\"https:\/\/lumond.com\/wp-content\/uploads\/2022\/01\/cropped-40-05.png\",\"width\":512,\"height\":512,\"caption\":\"Lumond\"},\"image\":{\"@id\":\"https:\/\/lumond.com\/pt\/#\/schema\/logo\/image\/\"},\"sameAs\":[\"https:\/\/www.facebook.com\/lumond.de\/\",\"https:\/\/www.instagram.com\/lumond.de\/\"],\"description\":\"A Lumond cria velas perfumadas de alta qualidade em cera de soja natural, em elegantes recipientes de cer\u00e2mica \u2013 sustent\u00e1veis, fabricadas na Alemanha e com composi\u00e7\u00f5es arom\u00e1ticas \u00fanicas. Ideais para uma casa acolhedora com sentido de consci\u00eancia ambiental e design.\",\"email\":\"info@lumond.de\",\"legalName\":\"Lumond\",\"foundingDate\":\"2021-01-01\",\"ownershipFundingInfo\":\"https:\/\/lumond.com\/ueber-uns\/\",\"correctionsPolicy\":\"https:\/\/lumond.com\/kontakt\/\",\"address\":{\"@type\":\"PostalAddress\",\"streetAddress\":\"Lumond UG\",\"addressLocality\":\"Kolonnenstr. 8\",\"addressRegion\":\"Berlin\",\"postalCode\":\"10827\",\"addressCountry\":\"DE\"}}]}<\/script>\n<!-- \/ Yoast SEO Premium plugin. -->","yoast_head_json":{"title":"Condicoes Cartao Presente - Lumond","robots":{"index":"index","follow":"follow","max-snippet":"max-snippet:-1","max-image-preview":"max-image-preview:large","max-video-preview":"max-video-preview:-1"},"canonical":"https:\/\/lumond.com\/pt\/condicoes-cartao-presente\/","og_locale":"pt_PT","og_type":"article","og_title":"Condicoes Cartao Presente","og_description":"Cart\u00e3o Presente \u2013 Condi\u00e7\u00f5es Gerais de Utiliza\u00e7\u00e3o \u00a71 \u00c2mbito de aplica\u00e7\u00e3o e emissor (1) As presentes condi\u00e7\u00f5es de utiliza\u00e7\u00e3o aplicam-se a todos os cart\u00f5es presente (doravante \u00abcart\u00e3o presente\u00bb) emitidos pela Laylaundyom UG (doravante \u00abLumond\u00bb). Laylaundyom UGDor PoratKolonnenstr. 810827 BerlinE-mail: info@lumond.deN.\u00ba de registo: HRB 18705Tribunal de registo: Amtsgericht KrefeldN.\u00ba de identifica\u00e7\u00e3o fiscal (USt-ID): DE348104546 (2) Com [&hellip;]","og_url":"https:\/\/lumond.com\/pt\/condicoes-cartao-presente\/","og_site_name":"Lumond","article_publisher":"https:\/\/www.facebook.com\/lumond.de\/","article_modified_time":"2026-04-09T18:21:26+00:00","twitter_card":"summary_large_image","twitter_misc":{"Tempo estimado de leitura":"5 minutos"},"schema":{"@context":"https:\/\/schema.org","@graph":[{"@type":"WebPage","@id":"https:\/\/lumond.com\/pt\/condicoes-cartao-presente\/","url":"https:\/\/lumond.com\/pt\/condicoes-cartao-presente\/","name":"Condicoes Cartao Presente - Lumond","isPartOf":{"@id":"https:\/\/lumond.com\/pt\/#website"},"datePublished":"2026-04-09T17:39:05+00:00","dateModified":"2026-04-09T18:21:26+00:00","breadcrumb":{"@id":"https:\/\/lumond.com\/pt\/condicoes-cartao-presente\/#breadcrumb"},"inLanguage":"pt-PT","potentialAction":[{"@type":"ReadAction","target":["https:\/\/lumond.com\/pt\/condicoes-cartao-presente\/"]}]},{"@type":"BreadcrumbList","@id":"https:\/\/lumond.com\/pt\/condicoes-cartao-presente\/#breadcrumb","itemListElement":[{"@type":"ListItem","position":1,"name":"Lumond","item":"https:\/\/lumond.com\/pt\/"},{"@type":"ListItem","position":2,"name":"Condicoes Cartao Presente"}]},{"@type":"WebSite","@id":"https:\/\/lumond.com\/pt\/#website","url":"https:\/\/lumond.com\/pt\/","name":"Lumond","description":"Velas perfumadas em vidro","publisher":{"@id":"https:\/\/lumond.com\/pt\/#organization"},"alternateName":"Lumond","potentialAction":[{"@type":"SearchAction","target":{"@type":"EntryPoint","urlTemplate":"https:\/\/lumond.com\/pt\/?s={search_term_string}"},"query-input":"required name=search_term_string"}],"inLanguage":"pt-PT"},{"@type":"Organization","@id":"https:\/\/lumond.com\/pt\/#organization","name":"Lumond","url":"https:\/\/lumond.com\/pt\/","logo":{"@type":"ImageObject","inLanguage":"pt-PT","@id":"https:\/\/lumond.com\/pt\/#\/schema\/logo\/image\/","url":"https:\/\/lumond.com\/wp-content\/uploads\/2022\/01\/cropped-40-05.png","contentUrl":"https:\/\/lumond.com\/wp-content\/uploads\/2022\/01\/cropped-40-05.png","width":512,"height":512,"caption":"Lumond"},"image":{"@id":"https:\/\/lumond.com\/pt\/#\/schema\/logo\/image\/"},"sameAs":["https:\/\/www.facebook.com\/lumond.de\/","https:\/\/www.instagram.com\/lumond.de\/"],"description":"A Lumond cria velas perfumadas de alta qualidade em cera de soja natural, em elegantes recipientes de cer\u00e2mica \u2013 sustent\u00e1veis, fabricadas na Alemanha e com composi\u00e7\u00f5es arom\u00e1ticas \u00fanicas. Ideais para uma casa acolhedora com sentido de consci\u00eancia ambiental e design.","email":"info@lumond.de","legalName":"Lumond","foundingDate":"2021-01-01","ownershipFundingInfo":"https:\/\/lumond.com\/ueber-uns\/","correctionsPolicy":"https:\/\/lumond.com\/kontakt\/","address":{"@type":"PostalAddress","streetAddress":"Lumond UG","addressLocality":"Kolonnenstr. 8","addressRegion":"Berlin","postalCode":"10827","addressCountry":"DE"}}]}},"_links":{"self":[{"href":"https:\/\/lumond.com\/pt\/wp-json\/wp\/v2\/pages\/99631","targetHints":{"allow":["GET"]}}],"collection":[{"href":"https:\/\/lumond.com\/pt\/wp-json\/wp\/v2\/pages"}],"about":[{"href":"https:\/\/lumond.com\/pt\/wp-json\/wp\/v2\/types\/page"}],"author":[{"embeddable":true,"href":"https:\/\/lumond.com\/pt\/wp-json\/wp\/v2\/users\/18"}],"replies":[{"embeddable":true,"href":"https:\/\/lumond.com\/pt\/wp-json\/wp\/v2\/comments?post=99631"}],"version-history":[{"count":4,"href":"https:\/\/lumond.com\/pt\/wp-json\/wp\/v2\/pages\/99631\/revisions"}],"predecessor-version":[{"id":99679,"href":"https:\/\/lumond.com\/pt\/wp-json\/wp\/v2\/pages\/99631\/revisions\/99679"}],"wp:attachment":[{"href":"https:\/\/lumond.com\/pt\/wp-json\/wp\/v2\/media?parent=99631"}],"curies":[{"name":"wp","href":"https:\/\/api.w.org\/{rel}","templated":true}]}}