{"id":96591,"date":"2024-06-21T17:00:38","date_gmt":"2024-06-21T17:00:38","guid":{"rendered":"https:\/\/lumond.com\/product\/bluehende-keramikkerze-amber-220g\/"},"modified":"2026-01-26T17:55:31","modified_gmt":"2026-01-26T17:55:31","slug":"kwiatowa-swieca-ceramiczna-ambra-220-g","status":"publish","type":"product","link":"https:\/\/lumond.com\/pl\/produkt\/kwiatowa-swieca-ceramiczna-ambra-220-g\/","title":{"rendered":"Kwiatowa \u015bwieca ceramiczna \u2013 Ambra \u2013 220 g"},"content":{"rendered":"<p>Rozgrzej swoj\u0105 przestrze\u0144 luksusowym zapachem ambry. Ta kwiatowa \u015bwieca, prezentowana w rzemie\u015blniczo wykonanym ceramicznym naczyniu, roztacza bogaty, \u017cywiczny aromat z nutami ciep\u0142a i przypraw, idealny do stworzenia przytulnej atmosfery. Zasad\u017a do\u0142\u0105czone nasiona w ceramicznej doniczce, aby wzbogaci\u0107 sw\u00f3j dom odrobin\u0105 naturalnej elegancji i uspokajaj\u0105cego uczucia.<\/p>\n<div><b>Uwaga:<\/b> Nasiona w naszych \u015bwiecach s\u0105 sezonowe i mog\u0105 r\u00f3\u017cni\u0107 si\u0119 od przedstawionych na zdj\u0119ciu.<\/div>\n","protected":false},"excerpt":{"rendered":"<p>Rozgrzej swoj\u0105 przestrze\u0144 luksusowym zapachem ambry. Ta kwiatowa \u015bwieca, prezentowana w rzemie\u015blniczo wykonanym ceramicznym naczyniu, roztacza bogaty, \u017cywiczny aromat z nutami ciep\u0142a i przypraw, idealny do stworzenia przytulnej atmosfery. Zasad\u017a do\u0142\u0105czone nasiona w ceramicznej doniczce, aby wzbogaci\u0107 sw\u00f3j dom odrobin\u0105 naturalnej elegancji i uspokajaj\u0105cego uczucia. Uwaga: Nasiona w naszych \u015bwiecach s\u0105 sezonowe i mog\u0105 r\u00f3\u017cni\u0107 [&hellip;]<\/p>\n","protected":false},"featured_media":96519,"comment_status":"open","ping_status":"closed","template":"","meta":{"_acf_changed":false,"site-sidebar-layout":"default","site-content-layout":"","ast-site-content-layout":"default","site-content-style":"default","site-sidebar-style":"default","ast-global-header-display":"","ast-banner-title-visibility":"","ast-main-header-display":"","ast-hfb-above-header-display":"","ast-hfb-below-header-display":"","ast-hfb-mobile-header-display":"","site-post-title":"","ast-breadcrumbs-content":"","ast-featured-img":"","footer-sml-layout":"","theme-transparent-header-meta":"default","adv-header-id-meta":"","stick-header-meta":"","header-above-stick-meta":"","header-main-stick-meta":"","header-below-stick-meta":"","astra-migrate-meta-layouts":"set","ast-page-background-enabled":"default","ast-page-background-meta":{"desktop":{"background-color":"","background-image":"","background-repeat":"repeat","background-position":"center center","background-size":"auto","background-attachment":"scroll","background-type":"","background-media":"","overlay-type":"","overlay-color":"","overlay-opacity":"","overlay-gradient":""},"tablet":{"background-color":"","background-image":"","background-repeat":"repeat","background-position":"center center","background-size":"auto","background-attachment":"scroll","background-type":"","background-media":"","overlay-type":"","overlay-color":"","overlay-opacity":"","overlay-gradient":""},"mobile":{"background-color":"","background-image":"","background-repeat":"repeat","background-position":"center center","background-size":"auto","background-attachment":"scroll","background-type":"","background-media":"","overlay-type":"","overlay-color":"","overlay-opacity":"","overlay-gradient":""}},"ast-content-background-meta":{"desktop":{"background-color":"var(--ast-global-color-5)","background-image":"","background-repeat":"repeat","background-position":"center center","background-size":"auto","background-attachment":"scroll","background-type":"","background-media":"","overlay-type":"","overlay-color":"","overlay-opacity":"","overlay-gradient":""},"tablet":{"background-color":"var(--ast-global-color-5)","background-image":"","background-repeat":"repeat","background-position":"center center","background-size":"auto","background-attachment":"scroll","background-type":"","background-media":"","overlay-type":"","overlay-color":"","overlay-opacity":"","overlay-gradient":""},"mobile":{"background-color":"var(--ast-global-color-5)","background-image":"","background-repeat":"repeat","background-position":"center center","background-size":"auto","background-attachment":"scroll","background-type":"","background-media":"","overlay-type":"","overlay-color":"","overlay-opacity":"","overlay-gradient":""}}},"product_brand":[],"product_cat":[1164,1190,1171,1172,1191,1189,1168,1170],"product_tag":[1192,1193],"class_list":{"0":"post-96591","1":"product","2":"type-product","3":"status-publish","4":"has-post-thumbnail","6":"product_cat-kwitnace-swiece","7":"product_cat-piekne-swiece","8":"product_cat-prezenty","9":"product_cat-swiece-z-drewnianym-knotem","10":"product_cat-swiece-sojowe","11":"product_cat-swiece-z-drewnianym-knotem-2","12":"product_cat-swiece-zapachowe","13":"product_cat-swiece-zapachowe-xl","14":"product_tag-sredni","15":"product_tag-toasty-pl","16":"desktop-align-left","17":"tablet-align-left","18":"mobile-align-left","20":"first","21":"instock","22":"taxable","23":"shipping-taxable","24":"purchasable","25":"product-type-simple"},"acf":[],"yoast_head":"<!-- This site is optimized with the Yoast SEO Premium plugin v23.0 (Yoast SEO v23.0) - https:\/\/yoast.com\/wordpress\/plugins\/seo\/ -->\n<title>Kwiatowa \u015bwieca ceramiczna \u2013 Ambra \u2013 220 g - Lumond<\/title>\n<meta name=\"description\" content=\"R\u0119cznie wykonana \u015bwieca zapachowa o luksusowym zapachu ambry w ceramicznym naczyniu. Zawiera nasiona kwitn\u0105cej ro\u015bliny, kt\u00f3r\u0105 mo\u017cna wyhodowa\u0107 po wypaleniu \u015bwiecy.\" \/>\n<meta name=\"robots\" content=\"index, follow, max-snippet:-1, max-image-preview:large, max-video-preview:-1\" \/>\n<link rel=\"canonical\" href=\"https:\/\/lumond.com\/pl\/produkt\/kwiatowa-swieca-ceramiczna-ambra-220-g\/\" \/>\n<meta property=\"og:locale\" content=\"pl_PL\" \/>\n<meta property=\"og:type\" content=\"article\" \/>\n<meta property=\"og:title\" content=\"Kwiatowa \u015bwieca ceramiczna \u2013 Ambra \u2013 220 g - Lumond\" \/>\n<meta property=\"og:description\" content=\"Rozgrzej swoj\u0105 przestrze\u0144 luksusowym zapachem ambry. Ta kwiatowa \u015bwieca, prezentowana w rzemie\u015blniczo wykonanym ceramicznym naczyniu, roztacza bogaty,\" \/>\n<meta property=\"og:url\" content=\"https:\/\/lumond.com\/pl\/produkt\/kwiatowa-swieca-ceramiczna-ambra-220-g\/\" \/>\n<meta property=\"og:site_name\" content=\"Lumond\" \/>\n<meta property=\"article:publisher\" content=\"https:\/\/www.facebook.com\/lumond.de\/\" \/>\n<meta property=\"article:modified_time\" content=\"2026-01-26T17:55:31+00:00\" \/>\n<meta property=\"og:image\" content=\"https:\/\/lumond.com\/wp-content\/uploads\/2024\/06\/Amber-Medium-Size-2.webp\" \/>\n\t<meta property=\"og:image:width\" content=\"1080\" \/>\n\t<meta property=\"og:image:height\" content=\"1080\" \/>\n\t<meta property=\"og:image:type\" content=\"image\/webp\" \/>\n<meta name=\"twitter:card\" content=\"summary_large_image\" \/>\n<meta name=\"twitter:label1\" content=\"Cena\" \/>\n\t<meta name=\"twitter:data1\" content=\"&euro;&nbsp;39,99\" \/>\n\t<meta name=\"twitter:label2\" content=\"Availability\" \/>\n\t<meta name=\"twitter:data2\" content=\"In stock\" \/>\n<script type=\"application\/ld+json\" class=\"yoast-schema-graph\">{\"@context\":\"https:\/\/schema.org\",\"@graph\":[{\"@type\":[\"WebPage\",\"ItemPage\"],\"@id\":\"https:\/\/lumond.com\/pl\/produkt\/kwiatowa-swieca-ceramiczna-ambra-220-g\/\",\"url\":\"https:\/\/lumond.com\/pl\/produkt\/kwiatowa-swieca-ceramiczna-ambra-220-g\/\",\"name\":\"Kwiatowa \u015bwieca ceramiczna \u2013 Ambra \u2013 220 g - Lumond\",\"isPartOf\":{\"@id\":\"https:\/\/lumond.com\/pl\/#website\"},\"primaryImageOfPage\":{\"@id\":\"https:\/\/lumond.com\/pl\/produkt\/kwiatowa-swieca-ceramiczna-ambra-220-g\/#primaryimage\"},\"image\":{\"@id\":\"https:\/\/lumond.com\/pl\/produkt\/kwiatowa-swieca-ceramiczna-ambra-220-g\/#primaryimage\"},\"thumbnailUrl\":\"https:\/\/lumond.com\/wp-content\/uploads\/2024\/06\/Amber-Medium-Size-2.webp\",\"datePublished\":\"2024-06-21T17:00:38+00:00\",\"dateModified\":\"2026-01-26T17:55:31+00:00\",\"description\":\"R\u0119cznie wykonana \u015bwieca zapachowa o luksusowym zapachu ambry w ceramicznym naczyniu. Zawiera nasiona kwitn\u0105cej ro\u015bliny, kt\u00f3r\u0105 mo\u017cna wyhodowa\u0107 po wypaleniu \u015bwiecy.\",\"breadcrumb\":{\"@id\":\"https:\/\/lumond.com\/pl\/produkt\/kwiatowa-swieca-ceramiczna-ambra-220-g\/#breadcrumb\"},\"inLanguage\":\"pl-PL\",\"potentialAction\":[{\"@type\":\"ReadAction\",\"target\":[\"https:\/\/lumond.com\/pl\/produkt\/kwiatowa-swieca-ceramiczna-ambra-220-g\/\"]}]},{\"@type\":\"ImageObject\",\"inLanguage\":\"pl-PL\",\"@id\":\"https:\/\/lumond.com\/pl\/produkt\/kwiatowa-swieca-ceramiczna-ambra-220-g\/#primaryimage\",\"url\":\"https:\/\/lumond.com\/wp-content\/uploads\/2024\/06\/Amber-Medium-Size-2.webp\",\"contentUrl\":\"https:\/\/lumond.com\/wp-content\/uploads\/2024\/06\/Amber-Medium-Size-2.webp\",\"width\":1080,\"height\":1080},{\"@type\":\"BreadcrumbList\",\"@id\":\"https:\/\/lumond.com\/pl\/produkt\/kwiatowa-swieca-ceramiczna-ambra-220-g\/#breadcrumb\",\"itemListElement\":[{\"@type\":\"ListItem\",\"position\":1,\"name\":\"Lumond\",\"item\":\"https:\/\/lumond.com\/pl\/\"},{\"@type\":\"ListItem\",\"position\":2,\"name\":\"Products\"},{\"@type\":\"ListItem\",\"position\":3,\"name\":\"Kwitn\u0105ce \u015bwiece\",\"item\":\"https:\/\/lumond.com\/pl\/kwitnace-swiece\/\"},{\"@type\":\"ListItem\",\"position\":4,\"name\":\"Kwiatowa \u015bwieca ceramiczna \u2013 Ambra \u2013 220 g\"}]},{\"@type\":\"WebSite\",\"@id\":\"https:\/\/lumond.com\/pl\/#website\",\"url\":\"https:\/\/lumond.com\/pl\/\",\"name\":\"Lumond\",\"description\":\"\u015awiece zapachowe w szkle\",\"publisher\":{\"@id\":\"https:\/\/lumond.com\/pl\/#organization\"},\"alternateName\":\"Lumond\",\"potentialAction\":[{\"@type\":\"SearchAction\",\"target\":{\"@type\":\"EntryPoint\",\"urlTemplate\":\"https:\/\/lumond.com\/pl\/?s={search_term_string}\"},\"query-input\":\"required name=search_term_string\"}],\"inLanguage\":\"pl-PL\"},{\"@type\":\"Organization\",\"@id\":\"https:\/\/lumond.com\/pl\/#organization\",\"name\":\"Lumond\",\"url\":\"https:\/\/lumond.com\/pl\/\",\"logo\":{\"@type\":\"ImageObject\",\"inLanguage\":\"pl-PL\",\"@id\":\"https:\/\/lumond.com\/pl\/#\/schema\/logo\/image\/\",\"url\":\"https:\/\/lumond.com\/wp-content\/uploads\/2022\/01\/cropped-40-05.png\",\"contentUrl\":\"https:\/\/lumond.com\/wp-content\/uploads\/2022\/01\/cropped-40-05.png\",\"width\":512,\"height\":512,\"caption\":\"Lumond\"},\"image\":{\"@id\":\"https:\/\/lumond.com\/pl\/#\/schema\/logo\/image\/\"},\"sameAs\":[\"https:\/\/www.facebook.com\/lumond.de\/\",\"https:\/\/www.instagram.com\/lumond.de\/\"],\"description\":\"Lumond tworzy wysokiej jako\u015bci \u015bwiece zapachowe z naturalnego wosku sojowego w stylowych ceramicznych naczyniach \u2013 zr\u00f3wnowa\u017cone, produkowane w Niemczech i z unikalnymi kompozycjami zapachowymi. Idealne dla przytulnego domu z dba\u0142o\u015bci\u0105 o \u015brodowisko i design.\",\"email\":\"info@lumond.de\",\"legalName\":\"Lumond\",\"foundingDate\":\"2021-01-01\",\"ownershipFundingInfo\":\"https:\/\/lumond.com\/ueber-uns\/\",\"correctionsPolicy\":\"https:\/\/lumond.com\/kontakt\/\",\"address\":{\"@type\":\"PostalAddress\",\"streetAddress\":\"Lumond UG\",\"addressLocality\":\"Kolonnenstr. 8\",\"addressRegion\":\"Berlin\",\"postalCode\":\"10827\",\"addressCountry\":\"DE\"}}]}<\/script>\n<meta property=\"product:price:amount\" content=\"39.99\" \/>\n<meta property=\"product:price:currency\" content=\"EUR\" \/>\n<meta property=\"og:availability\" content=\"instock\" \/>\n<meta property=\"product:availability\" content=\"instock\" \/>\n<meta property=\"product:retailer_item_id\" content=\"427-249\" \/>\n<meta property=\"product:condition\" content=\"new\" \/>\n<!-- \/ Yoast SEO Premium plugin. -->","yoast_head_json":{"title":"Kwiatowa \u015bwieca ceramiczna \u2013 Ambra \u2013 220 g - Lumond","description":"R\u0119cznie wykonana \u015bwieca zapachowa o luksusowym zapachu ambry w ceramicznym naczyniu. Zawiera nasiona kwitn\u0105cej ro\u015bliny, kt\u00f3r\u0105 mo\u017cna wyhodowa\u0107 po wypaleniu \u015bwiecy.","robots":{"index":"index","follow":"follow","max-snippet":"max-snippet:-1","max-image-preview":"max-image-preview:large","max-video-preview":"max-video-preview:-1"},"canonical":"https:\/\/lumond.com\/pl\/produkt\/kwiatowa-swieca-ceramiczna-ambra-220-g\/","og_locale":"pl_PL","og_type":"article","og_title":"Kwiatowa \u015bwieca ceramiczna \u2013 Ambra \u2013 220 g - Lumond","og_description":"Rozgrzej swoj\u0105 przestrze\u0144 luksusowym zapachem ambry. Ta kwiatowa \u015bwieca, prezentowana w rzemie\u015blniczo wykonanym ceramicznym naczyniu, roztacza bogaty,","og_url":"https:\/\/lumond.com\/pl\/produkt\/kwiatowa-swieca-ceramiczna-ambra-220-g\/","og_site_name":"Lumond","article_publisher":"https:\/\/www.facebook.com\/lumond.de\/","article_modified_time":"2026-01-26T17:55:31+00:00","og_image":[{"width":1080,"height":1080,"url":"https:\/\/lumond.com\/wp-content\/uploads\/2024\/06\/Amber-Medium-Size-2.webp","type":"image\/webp"}],"twitter_card":"summary_large_image","twitter_misc":{"Cena":"&euro;&nbsp;39,99","Availability":"In stock"},"schema":{"@context":"https:\/\/schema.org","@graph":[{"@type":["WebPage","ItemPage"],"@id":"https:\/\/lumond.com\/pl\/produkt\/kwiatowa-swieca-ceramiczna-ambra-220-g\/","url":"https:\/\/lumond.com\/pl\/produkt\/kwiatowa-swieca-ceramiczna-ambra-220-g\/","name":"Kwiatowa \u015bwieca ceramiczna \u2013 Ambra \u2013 220 g - Lumond","isPartOf":{"@id":"https:\/\/lumond.com\/pl\/#website"},"primaryImageOfPage":{"@id":"https:\/\/lumond.com\/pl\/produkt\/kwiatowa-swieca-ceramiczna-ambra-220-g\/#primaryimage"},"image":{"@id":"https:\/\/lumond.com\/pl\/produkt\/kwiatowa-swieca-ceramiczna-ambra-220-g\/#primaryimage"},"thumbnailUrl":"https:\/\/lumond.com\/wp-content\/uploads\/2024\/06\/Amber-Medium-Size-2.webp","datePublished":"2024-06-21T17:00:38+00:00","dateModified":"2026-01-26T17:55:31+00:00","description":"R\u0119cznie wykonana \u015bwieca zapachowa o luksusowym zapachu ambry w ceramicznym naczyniu. Zawiera nasiona kwitn\u0105cej ro\u015bliny, kt\u00f3r\u0105 mo\u017cna wyhodowa\u0107 po wypaleniu \u015bwiecy.","breadcrumb":{"@id":"https:\/\/lumond.com\/pl\/produkt\/kwiatowa-swieca-ceramiczna-ambra-220-g\/#breadcrumb"},"inLanguage":"pl-PL","potentialAction":[{"@type":"ReadAction","target":["https:\/\/lumond.com\/pl\/produkt\/kwiatowa-swieca-ceramiczna-ambra-220-g\/"]}]},{"@type":"ImageObject","inLanguage":"pl-PL","@id":"https:\/\/lumond.com\/pl\/produkt\/kwiatowa-swieca-ceramiczna-ambra-220-g\/#primaryimage","url":"https:\/\/lumond.com\/wp-content\/uploads\/2024\/06\/Amber-Medium-Size-2.webp","contentUrl":"https:\/\/lumond.com\/wp-content\/uploads\/2024\/06\/Amber-Medium-Size-2.webp","width":1080,"height":1080},{"@type":"BreadcrumbList","@id":"https:\/\/lumond.com\/pl\/produkt\/kwiatowa-swieca-ceramiczna-ambra-220-g\/#breadcrumb","itemListElement":[{"@type":"ListItem","position":1,"name":"Lumond","item":"https:\/\/lumond.com\/pl\/"},{"@type":"ListItem","position":2,"name":"Products"},{"@type":"ListItem","position":3,"name":"Kwitn\u0105ce \u015bwiece","item":"https:\/\/lumond.com\/pl\/kwitnace-swiece\/"},{"@type":"ListItem","position":4,"name":"Kwiatowa \u015bwieca ceramiczna \u2013 Ambra \u2013 220 g"}]},{"@type":"WebSite","@id":"https:\/\/lumond.com\/pl\/#website","url":"https:\/\/lumond.com\/pl\/","name":"Lumond","description":"\u015awiece zapachowe w szkle","publisher":{"@id":"https:\/\/lumond.com\/pl\/#organization"},"alternateName":"Lumond","potentialAction":[{"@type":"SearchAction","target":{"@type":"EntryPoint","urlTemplate":"https:\/\/lumond.com\/pl\/?s={search_term_string}"},"query-input":"required name=search_term_string"}],"inLanguage":"pl-PL"},{"@type":"Organization","@id":"https:\/\/lumond.com\/pl\/#organization","name":"Lumond","url":"https:\/\/lumond.com\/pl\/","logo":{"@type":"ImageObject","inLanguage":"pl-PL","@id":"https:\/\/lumond.com\/pl\/#\/schema\/logo\/image\/","url":"https:\/\/lumond.com\/wp-content\/uploads\/2022\/01\/cropped-40-05.png","contentUrl":"https:\/\/lumond.com\/wp-content\/uploads\/2022\/01\/cropped-40-05.png","width":512,"height":512,"caption":"Lumond"},"image":{"@id":"https:\/\/lumond.com\/pl\/#\/schema\/logo\/image\/"},"sameAs":["https:\/\/www.facebook.com\/lumond.de\/","https:\/\/www.instagram.com\/lumond.de\/"],"description":"Lumond tworzy wysokiej jako\u015bci \u015bwiece zapachowe z naturalnego wosku sojowego w stylowych ceramicznych naczyniach \u2013 zr\u00f3wnowa\u017cone, produkowane w Niemczech i z unikalnymi kompozycjami zapachowymi. Idealne dla przytulnego domu z dba\u0142o\u015bci\u0105 o \u015brodowisko i design.","email":"info@lumond.de","legalName":"Lumond","foundingDate":"2021-01-01","ownershipFundingInfo":"https:\/\/lumond.com\/ueber-uns\/","correctionsPolicy":"https:\/\/lumond.com\/kontakt\/","address":{"@type":"PostalAddress","streetAddress":"Lumond UG","addressLocality":"Kolonnenstr. 8","addressRegion":"Berlin","postalCode":"10827","addressCountry":"DE"}}]},"product_price_amount":"39.99","product_price_currency":"EUR","og_availability":"instock","product_availability":"instock","product_retailer_item_id":"427-249","product_condition":"new"},"_links":{"self":[{"href":"https:\/\/lumond.com\/pl\/wp-json\/wp\/v2\/product\/96591","targetHints":{"allow":["GET"]}}],"collection":[{"href":"https:\/\/lumond.com\/pl\/wp-json\/wp\/v2\/product"}],"about":[{"href":"https:\/\/lumond.com\/pl\/wp-json\/wp\/v2\/types\/product"}],"replies":[{"embeddable":true,"href":"https:\/\/lumond.com\/pl\/wp-json\/wp\/v2\/comments?post=96591"}],"wp:featuredmedia":[{"embeddable":true,"href":"https:\/\/lumond.com\/pl\/wp-json\/wp\/v2\/media\/96519"}],"wp:attachment":[{"href":"https:\/\/lumond.com\/pl\/wp-json\/wp\/v2\/media?parent=96591"}],"wp:term":[{"taxonomy":"product_brand","embeddable":true,"href":"https:\/\/lumond.com\/pl\/wp-json\/wp\/v2\/product_brand?post=96591"},{"taxonomy":"product_cat","embeddable":true,"href":"https:\/\/lumond.com\/pl\/wp-json\/wp\/v2\/product_cat?post=96591"},{"taxonomy":"product_tag","embeddable":true,"href":"https:\/\/lumond.com\/pl\/wp-json\/wp\/v2\/product_tag?post=96591"}],"curies":[{"name":"wp","href":"https:\/\/api.w.org\/{rel}","templated":true}]}}