{"id":96565,"date":"2024-06-21T16:56:33","date_gmt":"2024-06-21T16:56:33","guid":{"rendered":"https:\/\/lumond.com\/product\/bluehendes-duo-wacholder-lavendel-kirschblueten\/"},"modified":"2026-01-26T18:04:06","modified_gmt":"2026-01-26T18:04:06","slug":"kwitnacy-duet-jalowiec-i-lawenda-kwiat-wisni-220-g-x-2","status":"publish","type":"product","link":"https:\/\/lumond.com\/pl\/produkt\/kwitnacy-duet-jalowiec-i-lawenda-kwiat-wisni-220-g-x-2\/","title":{"rendered":"Kwitn\u0105cy duet \u2013 Ja\u0142owiec i Lawenda, Kwiat wi\u015bni (220 g x 2)"},"content":{"rendered":"<p>Przenie\u015b si\u0119 do kwitn\u0105cego ogrodu dzi\u0119ki naszemu zestawowi Kwitn\u0105cy duet, sk\u0142adaj\u0105cemu si\u0119 ze \u015bwiec Ja\u0142owiec i Lawenda oraz Kwiat wi\u015bni. Ka\u017cda \u015bwieca w artystycznym ceramicznym naczyniu wnosi esencj\u0119 natury do Twojej przestrzeni. Po u\u017cyciu zasad\u017a do\u0142\u0105czone nasiona, aby doda\u0107 nut\u0119 naturalnego pi\u0119kna.<\/p>\n<div><b>Uwaga:<\/b> Nasiona w naszych \u015bwiecach s\u0105 sezonowe i mog\u0105 r\u00f3\u017cni\u0107 si\u0119 od przedstawionych na zdj\u0119ciu.<\/div>\n","protected":false},"excerpt":{"rendered":"<p>Przenie\u015b si\u0119 do kwitn\u0105cego ogrodu dzi\u0119ki naszemu zestawowi Kwitn\u0105cy duet, sk\u0142adaj\u0105cemu si\u0119 ze \u015bwiec Ja\u0142owiec i Lawenda oraz Kwiat wi\u015bni. Ka\u017cda \u015bwieca w artystycznym ceramicznym naczyniu wnosi esencj\u0119 natury do Twojej przestrzeni. Po u\u017cyciu zasad\u017a do\u0142\u0105czone nasiona, aby doda\u0107 nut\u0119 naturalnego pi\u0119kna. Uwaga: Nasiona w naszych \u015bwiecach s\u0105 sezonowe i mog\u0105 r\u00f3\u017cni\u0107 si\u0119 od przedstawionych [&hellip;]<\/p>\n","protected":false},"featured_media":96566,"comment_status":"open","ping_status":"closed","template":"","meta":{"_acf_changed":false,"site-sidebar-layout":"default","site-content-layout":"","ast-site-content-layout":"default","site-content-style":"default","site-sidebar-style":"default","ast-global-header-display":"","ast-banner-title-visibility":"","ast-main-header-display":"","ast-hfb-above-header-display":"","ast-hfb-below-header-display":"","ast-hfb-mobile-header-display":"","site-post-title":"","ast-breadcrumbs-content":"","ast-featured-img":"","footer-sml-layout":"","theme-transparent-header-meta":"default","adv-header-id-meta":"","stick-header-meta":"","header-above-stick-meta":"","header-main-stick-meta":"","header-below-stick-meta":"","astra-migrate-meta-layouts":"set","ast-page-background-enabled":"default","ast-page-background-meta":{"desktop":{"background-color":"","background-image":"","background-repeat":"repeat","background-position":"center center","background-size":"auto","background-attachment":"scroll","background-type":"","background-media":"","overlay-type":"","overlay-color":"","overlay-opacity":"","overlay-gradient":""},"tablet":{"background-color":"","background-image":"","background-repeat":"repeat","background-position":"center center","background-size":"auto","background-attachment":"scroll","background-type":"","background-media":"","overlay-type":"","overlay-color":"","overlay-opacity":"","overlay-gradient":""},"mobile":{"background-color":"","background-image":"","background-repeat":"repeat","background-position":"center center","background-size":"auto","background-attachment":"scroll","background-type":"","background-media":"","overlay-type":"","overlay-color":"","overlay-opacity":"","overlay-gradient":""}},"ast-content-background-meta":{"desktop":{"background-color":"var(--ast-global-color-5)","background-image":"","background-repeat":"repeat","background-position":"center center","background-size":"auto","background-attachment":"scroll","background-type":"","background-media":"","overlay-type":"","overlay-color":"","overlay-opacity":"","overlay-gradient":""},"tablet":{"background-color":"var(--ast-global-color-5)","background-image":"","background-repeat":"repeat","background-position":"center center","background-size":"auto","background-attachment":"scroll","background-type":"","background-media":"","overlay-type":"","overlay-color":"","overlay-opacity":"","overlay-gradient":""},"mobile":{"background-color":"var(--ast-global-color-5)","background-image":"","background-repeat":"repeat","background-position":"center center","background-size":"auto","background-attachment":"scroll","background-type":"","background-media":"","overlay-type":"","overlay-color":"","overlay-opacity":"","overlay-gradient":""}}},"product_brand":[],"product_cat":[1224,1190,1171,1172,1191,1189,1168,1170],"product_tag":[1192,1193],"class_list":{"0":"post-96565","1":"product","2":"type-product","3":"status-publish","4":"has-post-thumbnail","6":"product_cat-kwitnacy-zestaw-dwoch","7":"product_cat-piekne-swiece","8":"product_cat-prezenty","9":"product_cat-swiece-z-drewnianym-knotem","10":"product_cat-swiece-sojowe","11":"product_cat-swiece-z-drewnianym-knotem-2","12":"product_cat-swiece-zapachowe","13":"product_cat-swiece-zapachowe-xl","14":"product_tag-sredni","15":"product_tag-toasty-pl","16":"desktop-align-left","17":"tablet-align-left","18":"mobile-align-left","20":"first","21":"outofstock","22":"taxable","23":"shipping-taxable","24":"purchasable","25":"product-type-simple"},"acf":[],"yoast_head":"<!-- This site is optimized with the Yoast SEO Premium plugin v23.0 (Yoast SEO v23.0) - https:\/\/yoast.com\/wordpress\/plugins\/seo\/ -->\n<title>Kwitn\u0105cy duet \u2013 Ja\u0142owiec i Lawenda, Kwiat wi\u015bni (220 g x 2) - Lumond<\/title>\n<meta name=\"description\" content=\"Zestaw Kwitn\u0105cy Duet z r\u0119cznie wykonanymi \u015bwiecami zapachowymi w ceramicznych naczyniach: Ja\u0142owiec z Lawend\u0105 i Kwiat Wi\u015bni. Poczuj esencj\u0119 natury i zasad\u017a do\u0142\u0105czone nasiona, aby cieszy\u0107 si\u0119 naturalnym pi\u0119knem.\" \/>\n<meta name=\"robots\" content=\"index, follow, max-snippet:-1, max-image-preview:large, max-video-preview:-1\" \/>\n<link rel=\"canonical\" href=\"https:\/\/lumond.com\/pl\/produkt\/kwitnacy-duet-jalowiec-i-lawenda-kwiat-wisni-220-g-x-2\/\" \/>\n<meta property=\"og:locale\" content=\"pl_PL\" \/>\n<meta property=\"og:type\" content=\"article\" \/>\n<meta property=\"og:title\" content=\"Kwitn\u0105cy duet \u2013 Ja\u0142owiec i Lawenda, Kwiat wi\u015bni (220 g x 2) - Lumond\" \/>\n<meta property=\"og:description\" content=\"Przenie\u015b si\u0119 do kwitn\u0105cego ogrodu dzi\u0119ki naszemu zestawowi Kwitn\u0105cy duet, sk\u0142adaj\u0105cemu si\u0119 ze \u015bwiec Ja\u0142owiec i Lawenda oraz Kwiat wi\u015bni. Ka\u017cda \u015bwieca w\" \/>\n<meta property=\"og:url\" content=\"https:\/\/lumond.com\/pl\/produkt\/kwitnacy-duet-jalowiec-i-lawenda-kwiat-wisni-220-g-x-2\/\" \/>\n<meta property=\"og:site_name\" content=\"Lumond\" \/>\n<meta property=\"article:publisher\" content=\"https:\/\/www.facebook.com\/lumond.de\/\" \/>\n<meta property=\"article:modified_time\" content=\"2026-01-26T18:04:06+00:00\" \/>\n<meta property=\"og:image\" content=\"https:\/\/lumond.com\/wp-content\/uploads\/2024\/06\/Juniper-lavender-cherry-blossoms-medium.webp\" \/>\n\t<meta property=\"og:image:width\" content=\"1080\" \/>\n\t<meta property=\"og:image:height\" content=\"1080\" \/>\n\t<meta property=\"og:image:type\" content=\"image\/webp\" \/>\n<meta name=\"twitter:card\" content=\"summary_large_image\" \/>\n<meta name=\"twitter:label1\" content=\"Cena\" \/>\n\t<meta name=\"twitter:data1\" content=\"&euro;&nbsp;79,99\" \/>\n\t<meta name=\"twitter:label2\" content=\"Availability\" \/>\n\t<meta name=\"twitter:data2\" content=\"Out of stock\" \/>\n<script type=\"application\/ld+json\" class=\"yoast-schema-graph\">{\"@context\":\"https:\/\/schema.org\",\"@graph\":[{\"@type\":[\"WebPage\",\"ItemPage\"],\"@id\":\"https:\/\/lumond.com\/pl\/produkt\/kwitnacy-duet-jalowiec-i-lawenda-kwiat-wisni-220-g-x-2\/\",\"url\":\"https:\/\/lumond.com\/pl\/produkt\/kwitnacy-duet-jalowiec-i-lawenda-kwiat-wisni-220-g-x-2\/\",\"name\":\"Kwitn\u0105cy duet \u2013 Ja\u0142owiec i Lawenda, Kwiat wi\u015bni (220 g x 2) - Lumond\",\"isPartOf\":{\"@id\":\"https:\/\/lumond.com\/pl\/#website\"},\"primaryImageOfPage\":{\"@id\":\"https:\/\/lumond.com\/pl\/produkt\/kwitnacy-duet-jalowiec-i-lawenda-kwiat-wisni-220-g-x-2\/#primaryimage\"},\"image\":{\"@id\":\"https:\/\/lumond.com\/pl\/produkt\/kwitnacy-duet-jalowiec-i-lawenda-kwiat-wisni-220-g-x-2\/#primaryimage\"},\"thumbnailUrl\":\"https:\/\/lumond.com\/wp-content\/uploads\/2024\/06\/Juniper-lavender-cherry-blossoms-medium.webp\",\"datePublished\":\"2024-06-21T16:56:33+00:00\",\"dateModified\":\"2026-01-26T18:04:06+00:00\",\"description\":\"Zestaw Kwitn\u0105cy Duet z r\u0119cznie wykonanymi \u015bwiecami zapachowymi w ceramicznych naczyniach: Ja\u0142owiec z Lawend\u0105 i Kwiat Wi\u015bni. Poczuj esencj\u0119 natury i zasad\u017a do\u0142\u0105czone nasiona, aby cieszy\u0107 si\u0119 naturalnym pi\u0119knem.\",\"breadcrumb\":{\"@id\":\"https:\/\/lumond.com\/pl\/produkt\/kwitnacy-duet-jalowiec-i-lawenda-kwiat-wisni-220-g-x-2\/#breadcrumb\"},\"inLanguage\":\"pl-PL\",\"potentialAction\":[{\"@type\":\"ReadAction\",\"target\":[\"https:\/\/lumond.com\/pl\/produkt\/kwitnacy-duet-jalowiec-i-lawenda-kwiat-wisni-220-g-x-2\/\"]}]},{\"@type\":\"ImageObject\",\"inLanguage\":\"pl-PL\",\"@id\":\"https:\/\/lumond.com\/pl\/produkt\/kwitnacy-duet-jalowiec-i-lawenda-kwiat-wisni-220-g-x-2\/#primaryimage\",\"url\":\"https:\/\/lumond.com\/wp-content\/uploads\/2024\/06\/Juniper-lavender-cherry-blossoms-medium.webp\",\"contentUrl\":\"https:\/\/lumond.com\/wp-content\/uploads\/2024\/06\/Juniper-lavender-cherry-blossoms-medium.webp\",\"width\":1080,\"height\":1080},{\"@type\":\"BreadcrumbList\",\"@id\":\"https:\/\/lumond.com\/pl\/produkt\/kwitnacy-duet-jalowiec-i-lawenda-kwiat-wisni-220-g-x-2\/#breadcrumb\",\"itemListElement\":[{\"@type\":\"ListItem\",\"position\":1,\"name\":\"Lumond\",\"item\":\"https:\/\/lumond.com\/pl\/\"},{\"@type\":\"ListItem\",\"position\":2,\"name\":\"Products\"},{\"@type\":\"ListItem\",\"position\":3,\"name\":\"Kwitn\u0105cy zestaw dw\u00f3ch\",\"item\":\"https:\/\/lumond.com\/pl\/kwitnacy-zestaw-dwoch\/\"},{\"@type\":\"ListItem\",\"position\":4,\"name\":\"Kwitn\u0105cy duet \u2013 Ja\u0142owiec i Lawenda, Kwiat wi\u015bni (220 g x 2)\"}]},{\"@type\":\"WebSite\",\"@id\":\"https:\/\/lumond.com\/pl\/#website\",\"url\":\"https:\/\/lumond.com\/pl\/\",\"name\":\"Lumond\",\"description\":\"\u015awiece zapachowe w szkle\",\"publisher\":{\"@id\":\"https:\/\/lumond.com\/pl\/#organization\"},\"alternateName\":\"Lumond\",\"potentialAction\":[{\"@type\":\"SearchAction\",\"target\":{\"@type\":\"EntryPoint\",\"urlTemplate\":\"https:\/\/lumond.com\/pl\/?s={search_term_string}\"},\"query-input\":\"required name=search_term_string\"}],\"inLanguage\":\"pl-PL\"},{\"@type\":\"Organization\",\"@id\":\"https:\/\/lumond.com\/pl\/#organization\",\"name\":\"Lumond\",\"url\":\"https:\/\/lumond.com\/pl\/\",\"logo\":{\"@type\":\"ImageObject\",\"inLanguage\":\"pl-PL\",\"@id\":\"https:\/\/lumond.com\/pl\/#\/schema\/logo\/image\/\",\"url\":\"https:\/\/lumond.com\/wp-content\/uploads\/2022\/01\/cropped-40-05.png\",\"contentUrl\":\"https:\/\/lumond.com\/wp-content\/uploads\/2022\/01\/cropped-40-05.png\",\"width\":512,\"height\":512,\"caption\":\"Lumond\"},\"image\":{\"@id\":\"https:\/\/lumond.com\/pl\/#\/schema\/logo\/image\/\"},\"sameAs\":[\"https:\/\/www.facebook.com\/lumond.de\/\",\"https:\/\/www.instagram.com\/lumond.de\/\"],\"description\":\"Lumond tworzy wysokiej jako\u015bci \u015bwiece zapachowe z naturalnego wosku sojowego w stylowych ceramicznych naczyniach \u2013 zr\u00f3wnowa\u017cone, produkowane w Niemczech i z unikalnymi kompozycjami zapachowymi. Idealne dla przytulnego domu z dba\u0142o\u015bci\u0105 o \u015brodowisko i design.\",\"email\":\"info@lumond.de\",\"legalName\":\"Lumond\",\"foundingDate\":\"2021-01-01\",\"ownershipFundingInfo\":\"https:\/\/lumond.com\/ueber-uns\/\",\"correctionsPolicy\":\"https:\/\/lumond.com\/kontakt\/\",\"address\":{\"@type\":\"PostalAddress\",\"streetAddress\":\"Lumond UG\",\"addressLocality\":\"Kolonnenstr. 8\",\"addressRegion\":\"Berlin\",\"postalCode\":\"10827\",\"addressCountry\":\"DE\"}}]}<\/script>\n<meta property=\"product:price:amount\" content=\"79.99\" \/>\n<meta property=\"product:price:currency\" content=\"EUR\" \/>\n<meta property=\"og:availability\" content=\"out of stock\" \/>\n<meta property=\"product:availability\" content=\"out of stock\" \/>\n<meta property=\"product:retailer_item_id\" content=\"427-242-243\" \/>\n<meta property=\"product:condition\" content=\"new\" \/>\n<!-- \/ Yoast SEO Premium plugin. -->","yoast_head_json":{"title":"Kwitn\u0105cy duet \u2013 Ja\u0142owiec i Lawenda, Kwiat wi\u015bni (220 g x 2) - Lumond","description":"Zestaw Kwitn\u0105cy Duet z r\u0119cznie wykonanymi \u015bwiecami zapachowymi w ceramicznych naczyniach: Ja\u0142owiec z Lawend\u0105 i Kwiat Wi\u015bni. Poczuj esencj\u0119 natury i zasad\u017a do\u0142\u0105czone nasiona, aby cieszy\u0107 si\u0119 naturalnym pi\u0119knem.","robots":{"index":"index","follow":"follow","max-snippet":"max-snippet:-1","max-image-preview":"max-image-preview:large","max-video-preview":"max-video-preview:-1"},"canonical":"https:\/\/lumond.com\/pl\/produkt\/kwitnacy-duet-jalowiec-i-lawenda-kwiat-wisni-220-g-x-2\/","og_locale":"pl_PL","og_type":"article","og_title":"Kwitn\u0105cy duet \u2013 Ja\u0142owiec i Lawenda, Kwiat wi\u015bni (220 g x 2) - Lumond","og_description":"Przenie\u015b si\u0119 do kwitn\u0105cego ogrodu dzi\u0119ki naszemu zestawowi Kwitn\u0105cy duet, sk\u0142adaj\u0105cemu si\u0119 ze \u015bwiec Ja\u0142owiec i Lawenda oraz Kwiat wi\u015bni. Ka\u017cda \u015bwieca w","og_url":"https:\/\/lumond.com\/pl\/produkt\/kwitnacy-duet-jalowiec-i-lawenda-kwiat-wisni-220-g-x-2\/","og_site_name":"Lumond","article_publisher":"https:\/\/www.facebook.com\/lumond.de\/","article_modified_time":"2026-01-26T18:04:06+00:00","og_image":[{"width":1080,"height":1080,"url":"https:\/\/lumond.com\/wp-content\/uploads\/2024\/06\/Juniper-lavender-cherry-blossoms-medium.webp","type":"image\/webp"}],"twitter_card":"summary_large_image","twitter_misc":{"Cena":"&euro;&nbsp;79,99","Availability":"Out of stock"},"schema":{"@context":"https:\/\/schema.org","@graph":[{"@type":["WebPage","ItemPage"],"@id":"https:\/\/lumond.com\/pl\/produkt\/kwitnacy-duet-jalowiec-i-lawenda-kwiat-wisni-220-g-x-2\/","url":"https:\/\/lumond.com\/pl\/produkt\/kwitnacy-duet-jalowiec-i-lawenda-kwiat-wisni-220-g-x-2\/","name":"Kwitn\u0105cy duet \u2013 Ja\u0142owiec i Lawenda, Kwiat wi\u015bni (220 g x 2) - Lumond","isPartOf":{"@id":"https:\/\/lumond.com\/pl\/#website"},"primaryImageOfPage":{"@id":"https:\/\/lumond.com\/pl\/produkt\/kwitnacy-duet-jalowiec-i-lawenda-kwiat-wisni-220-g-x-2\/#primaryimage"},"image":{"@id":"https:\/\/lumond.com\/pl\/produkt\/kwitnacy-duet-jalowiec-i-lawenda-kwiat-wisni-220-g-x-2\/#primaryimage"},"thumbnailUrl":"https:\/\/lumond.com\/wp-content\/uploads\/2024\/06\/Juniper-lavender-cherry-blossoms-medium.webp","datePublished":"2024-06-21T16:56:33+00:00","dateModified":"2026-01-26T18:04:06+00:00","description":"Zestaw Kwitn\u0105cy Duet z r\u0119cznie wykonanymi \u015bwiecami zapachowymi w ceramicznych naczyniach: Ja\u0142owiec z Lawend\u0105 i Kwiat Wi\u015bni. Poczuj esencj\u0119 natury i zasad\u017a do\u0142\u0105czone nasiona, aby cieszy\u0107 si\u0119 naturalnym pi\u0119knem.","breadcrumb":{"@id":"https:\/\/lumond.com\/pl\/produkt\/kwitnacy-duet-jalowiec-i-lawenda-kwiat-wisni-220-g-x-2\/#breadcrumb"},"inLanguage":"pl-PL","potentialAction":[{"@type":"ReadAction","target":["https:\/\/lumond.com\/pl\/produkt\/kwitnacy-duet-jalowiec-i-lawenda-kwiat-wisni-220-g-x-2\/"]}]},{"@type":"ImageObject","inLanguage":"pl-PL","@id":"https:\/\/lumond.com\/pl\/produkt\/kwitnacy-duet-jalowiec-i-lawenda-kwiat-wisni-220-g-x-2\/#primaryimage","url":"https:\/\/lumond.com\/wp-content\/uploads\/2024\/06\/Juniper-lavender-cherry-blossoms-medium.webp","contentUrl":"https:\/\/lumond.com\/wp-content\/uploads\/2024\/06\/Juniper-lavender-cherry-blossoms-medium.webp","width":1080,"height":1080},{"@type":"BreadcrumbList","@id":"https:\/\/lumond.com\/pl\/produkt\/kwitnacy-duet-jalowiec-i-lawenda-kwiat-wisni-220-g-x-2\/#breadcrumb","itemListElement":[{"@type":"ListItem","position":1,"name":"Lumond","item":"https:\/\/lumond.com\/pl\/"},{"@type":"ListItem","position":2,"name":"Products"},{"@type":"ListItem","position":3,"name":"Kwitn\u0105cy zestaw dw\u00f3ch","item":"https:\/\/lumond.com\/pl\/kwitnacy-zestaw-dwoch\/"},{"@type":"ListItem","position":4,"name":"Kwitn\u0105cy duet \u2013 Ja\u0142owiec i Lawenda, Kwiat wi\u015bni (220 g x 2)"}]},{"@type":"WebSite","@id":"https:\/\/lumond.com\/pl\/#website","url":"https:\/\/lumond.com\/pl\/","name":"Lumond","description":"\u015awiece zapachowe w szkle","publisher":{"@id":"https:\/\/lumond.com\/pl\/#organization"},"alternateName":"Lumond","potentialAction":[{"@type":"SearchAction","target":{"@type":"EntryPoint","urlTemplate":"https:\/\/lumond.com\/pl\/?s={search_term_string}"},"query-input":"required name=search_term_string"}],"inLanguage":"pl-PL"},{"@type":"Organization","@id":"https:\/\/lumond.com\/pl\/#organization","name":"Lumond","url":"https:\/\/lumond.com\/pl\/","logo":{"@type":"ImageObject","inLanguage":"pl-PL","@id":"https:\/\/lumond.com\/pl\/#\/schema\/logo\/image\/","url":"https:\/\/lumond.com\/wp-content\/uploads\/2022\/01\/cropped-40-05.png","contentUrl":"https:\/\/lumond.com\/wp-content\/uploads\/2022\/01\/cropped-40-05.png","width":512,"height":512,"caption":"Lumond"},"image":{"@id":"https:\/\/lumond.com\/pl\/#\/schema\/logo\/image\/"},"sameAs":["https:\/\/www.facebook.com\/lumond.de\/","https:\/\/www.instagram.com\/lumond.de\/"],"description":"Lumond tworzy wysokiej jako\u015bci \u015bwiece zapachowe z naturalnego wosku sojowego w stylowych ceramicznych naczyniach \u2013 zr\u00f3wnowa\u017cone, produkowane w Niemczech i z unikalnymi kompozycjami zapachowymi. Idealne dla przytulnego domu z dba\u0142o\u015bci\u0105 o \u015brodowisko i design.","email":"info@lumond.de","legalName":"Lumond","foundingDate":"2021-01-01","ownershipFundingInfo":"https:\/\/lumond.com\/ueber-uns\/","correctionsPolicy":"https:\/\/lumond.com\/kontakt\/","address":{"@type":"PostalAddress","streetAddress":"Lumond UG","addressLocality":"Kolonnenstr. 8","addressRegion":"Berlin","postalCode":"10827","addressCountry":"DE"}}]},"product_price_amount":"79.99","product_price_currency":"EUR","og_availability":"out of stock","product_availability":"out of stock","product_retailer_item_id":"427-242-243","product_condition":"new"},"_links":{"self":[{"href":"https:\/\/lumond.com\/pl\/wp-json\/wp\/v2\/product\/96565","targetHints":{"allow":["GET"]}}],"collection":[{"href":"https:\/\/lumond.com\/pl\/wp-json\/wp\/v2\/product"}],"about":[{"href":"https:\/\/lumond.com\/pl\/wp-json\/wp\/v2\/types\/product"}],"replies":[{"embeddable":true,"href":"https:\/\/lumond.com\/pl\/wp-json\/wp\/v2\/comments?post=96565"}],"wp:featuredmedia":[{"embeddable":true,"href":"https:\/\/lumond.com\/pl\/wp-json\/wp\/v2\/media\/96566"}],"wp:attachment":[{"href":"https:\/\/lumond.com\/pl\/wp-json\/wp\/v2\/media?parent=96565"}],"wp:term":[{"taxonomy":"product_brand","embeddable":true,"href":"https:\/\/lumond.com\/pl\/wp-json\/wp\/v2\/product_brand?post=96565"},{"taxonomy":"product_cat","embeddable":true,"href":"https:\/\/lumond.com\/pl\/wp-json\/wp\/v2\/product_cat?post=96565"},{"taxonomy":"product_tag","embeddable":true,"href":"https:\/\/lumond.com\/pl\/wp-json\/wp\/v2\/product_tag?post=96565"}],"curies":[{"name":"wp","href":"https:\/\/api.w.org\/{rel}","templated":true}]}}