{"id":99629,"date":"2026-04-09T17:39:05","date_gmt":"2026-04-09T17:39:05","guid":{"rendered":"https:\/\/lumond.com\/geschenkgutschein-bedingungen\/"},"modified":"2026-04-09T18:19:16","modified_gmt":"2026-04-09T18:19:16","slug":"karta-podarunkowa-warunki","status":"publish","type":"page","link":"https:\/\/lumond.com\/pl\/karta-podarunkowa-warunki\/","title":{"rendered":"Karta Podarunkowa Warunki"},"content":{"rendered":"\t\t<div data-elementor-type=\"wp-page\" data-elementor-id=\"99629\" class=\"elementor elementor-99629 elementor-99608\" data-elementor-post-type=\"page\">\n\t\t\t\t\t\t<section class=\"elementor-section elementor-top-section elementor-element elementor-element-8f1744b elementor-section-boxed elementor-section-height-default elementor-section-height-default\" data-id=\"8f1744b\" data-element_type=\"section\">\n\t\t\t\t\t\t<div class=\"elementor-container elementor-column-gap-default\">\n\t\t\t\t\t<div class=\"elementor-column elementor-col-100 elementor-top-column elementor-element elementor-element-590b407\" data-id=\"590b407\" data-element_type=\"column\">\n\t\t\t<div class=\"elementor-widget-wrap elementor-element-populated\">\n\t\t\t\t\t\t<div class=\"elementor-element elementor-element-7ab0f1d elementor-widget elementor-widget-heading\" data-id=\"7ab0f1d\" data-element_type=\"widget\" data-widget_type=\"heading.default\">\n\t\t\t\t<div class=\"elementor-widget-container\">\n\t\t\t<style>\/*! elementor - v3.21.0 - 08-05-2024 *\/\n.elementor-heading-title{padding:0;margin:0;line-height:1}.elementor-widget-heading .elementor-heading-title[class*=elementor-size-]>a{color:inherit;font-size:inherit;line-height:inherit}.elementor-widget-heading .elementor-heading-title.elementor-size-small{font-size:15px}.elementor-widget-heading .elementor-heading-title.elementor-size-medium{font-size:19px}.elementor-widget-heading .elementor-heading-title.elementor-size-large{font-size:29px}.elementor-widget-heading .elementor-heading-title.elementor-size-xl{font-size:39px}.elementor-widget-heading .elementor-heading-title.elementor-size-xxl{font-size:59px}<\/style><h1 class=\"elementor-heading-title elementor-size-default\">Karta Podarunkowa \u2013 Og\u00f3lne Warunki U\u017cytkowania<\/h1>\t\t<\/div>\n\t\t\t\t<\/div>\n\t\t\t\t<div class=\"elementor-element elementor-element-fa29c2b elementor-widget elementor-widget-text-editor\" data-id=\"fa29c2b\" data-element_type=\"widget\" data-widget_type=\"text-editor.default\">\n\t\t\t\t<div class=\"elementor-widget-container\">\n\t\t\t<style>\/*! elementor - v3.21.0 - 08-05-2024 *\/\n.elementor-widget-text-editor.elementor-drop-cap-view-stacked .elementor-drop-cap{background-color:#69727d;color:#fff}.elementor-widget-text-editor.elementor-drop-cap-view-framed .elementor-drop-cap{color:#69727d;border:3px solid;background-color:transparent}.elementor-widget-text-editor:not(.elementor-drop-cap-view-default) .elementor-drop-cap{margin-top:8px}.elementor-widget-text-editor:not(.elementor-drop-cap-view-default) .elementor-drop-cap-letter{width:1em;height:1em}.elementor-widget-text-editor .elementor-drop-cap{float:left;text-align:center;line-height:1;font-size:50px}.elementor-widget-text-editor .elementor-drop-cap-letter{display:inline-block}<\/style>\t\t\t\t<p style=\"font-weight: bold; padding-bottom: 10px;\">\u00a71 Zakres obowi\u0105zywania i wydawca<\/p><p>(1) Poni\u017csze warunki u\u017cytkowania maj\u0105 zastosowanie do wszystkich kart podarunkowych (zwanych dalej \u201ekart\u0105 podarunkow\u0105&#8221;) wydawanych przez Laylaundyom UG (zwan\u0105 dalej \u201eLumond&#8221;).<\/p><div style=\"margin-left: 20px; margin-top: 5px; margin-bottom: 5px;\">Laylaundyom UG<br \/>Dor Porat<br \/>Kolonnenstr. 8<br \/>10827 Berlin<br \/>E-mail: <a href=\"mailto:info@lumond.de\">info@lumond.de<\/a><br \/>Numer rejestrowy: HRB 18705<br \/>S\u0105d rejestrowy: Amtsgericht Krefeld<br \/>NIP UE: DE348104546<\/div><p>(2) Kupuj\u0105c, przyjmuj\u0105c lub realizuj\u0105c kart\u0119 podarunkow\u0105, posiadacz akceptuje niniejsze warunki u\u017cytkowania.<\/p><p style=\"font-weight: bold; padding-bottom: 10px;\">\u00a72 Dost\u0119pne formaty i zakup<\/p><p>(1) Karta podarunkowa jest dost\u0119pna w nast\u0119puj\u0105cych formatach:<\/p><div style=\"margin-left: 20px; margin-top: 5px; margin-bottom: 10px;\"><p>a) <b>Cyfrowa karta podarunkowa (e-karta)<\/b> \u2013 dost\u0119pna w sklepie internetowym pod adresem <a href=\"https:\/\/lumond.com\">www.lumond.com<\/a>. E-karta zostanie wys\u0142ana na adres e-mail podany przez kupuj\u0105cego.<\/p><p>b) <b>Fizyczna karta podarunkowa<\/b> \u2013 je\u015bli jest dost\u0119pna, mo\u017cna j\u0105 naby\u0107 w sklepie internetowym pod adresem <a href=\"https:\/\/lumond.com\">www.lumond.com<\/a>. Fizyczna karta podarunkowa jest dostarczana poczt\u0105.<\/p><\/div><p>(2) Karta podarunkowa jest dost\u0119pna w r\u00f3\u017cnych kwotach. Dost\u0119pne kwoty s\u0105 widoczne w sklepie internetowym pod adresem <a href=\"https:\/\/lumond.com\">www.lumond.com<\/a>.<\/p><p>(3) Kart\u0119 podarunkow\u0105 mo\u017cna op\u0142aci\u0107 wszystkimi metodami p\u0142atno\u015bci akceptowanymi w sklepie internetowym. Karty podarunkowej nie mo\u017cna jednak op\u0142aci\u0107 inn\u0105 kart\u0105 podarunkow\u0105.<\/p><p style=\"font-weight: bold; padding-bottom: 10px;\">\u00a73 Wa\u017cno\u015b\u0107<\/p><p>(1) Karta podarunkowa jest wa\u017cna bezterminowo od daty zakupu, chyba \u017ce na karcie podarunkowej wskazano inn\u0105 dat\u0119 wyga\u015bni\u0119cia.<\/p><p>(2) Karta podarunkowa mo\u017ce by\u0107 realizowana wy\u0142\u0105cznie w sklepie internetowym pod adresem <a href=\"https:\/\/lumond.com\">www.lumond.com<\/a>.<\/p><p>(3) Kart\u0105 podarunkow\u0105 mo\u017cna zap\u0142aci\u0107 za wszystkie towary oferowane w sklepie internetowym.<\/p><p style=\"font-weight: bold; padding-bottom: 10px;\">\u00a74 Realizacja i pozosta\u0142e saldo<\/p><p>(1) Posiadacz mo\u017ce korzysta\u0107 z karty podarunkowej nieograniczon\u0105 liczb\u0119 razy, a\u017c do ca\u0142kowitego wykorzystania salda.<\/p><p>(2) Dost\u0119pne saldo karty podarunkowej odpowiada r\u00f3\u017cnicy mi\u0119dzy saldem pocz\u0105tkowym a kwot\u0105 ju\u017c wykorzystan\u0105 na zakupy.<\/p><p>(3) Je\u015bli kwota zakupu przekracza pozosta\u0142e saldo, r\u00f3\u017cnic\u0119 mo\u017cna uregulowa\u0107 dowoln\u0105 metod\u0105 p\u0142atno\u015bci akceptowan\u0105 w sklepie internetowym.<\/p><p>(4) Ewentualne pozosta\u0142e saldo nie mo\u017ce by\u0107 wyp\u0142acone w got\u00f3wce ani przelane na konto bankowe.<\/p><p>(5) Aktualne saldo mo\u017cna sprawdzi\u0107 w dowolnym momencie podczas sk\u0142adania zam\u00f3wienia na stronie <a href=\"https:\/\/lumond.com\">www.lumond.com<\/a>.<\/p><p style=\"font-weight: bold; padding-bottom: 10px;\">\u00a75 Zwrot karty podarunkowej<\/p><p>(1) W przypadku cyfrowych kart podarunkowych (e-kart) przys\u0142uguje ustawowe prawo odst\u0105pienia od umowy w terminie 14 dni od daty zakupu, pod warunkiem \u017ce karta podarunkowa nie zosta\u0142a jeszcze zrealizowana.<\/p><p>(2) Zwrot \u015brodk\u00f3w nast\u0119puje w pierwotnej formie p\u0142atno\u015bci. Do zwrotu wymagane jest przedstawienie potwierdzenia zam\u00f3wienia.<\/p><p>(3) Cz\u0119\u015bciowo zrealizowane karty podarunkowe nie podlegaj\u0105 zwrotowi.<\/p><p style=\"font-weight: bold; padding-bottom: 10px;\">\u00a76 Zwrot towar\u00f3w zakupionych za pomoc\u0105 karty podarunkowej<\/p><p>(1) W przypadku zwrotu towar\u00f3w op\u0142aconych w ca\u0142o\u015bci lub cz\u0119\u015bciowo kart\u0105 podarunkow\u0105, cz\u0119\u015b\u0107 odpowiadaj\u0105ca karcie podarunkowej zostanie zwr\u00f3cona w formie nowej karty podarunkowej. Karta podarunkowa zostanie wys\u0142ana na adres e-mail u\u017cyty przy sk\u0142adaniu zam\u00f3wienia.<\/p><p>(2) Do cz\u0119\u015bci nieop\u0142aconej kart\u0105 podarunkow\u0105 maj\u0105 zastosowanie standardowe warunki zwrotu zgodnie z naszym <a href=\"https:\/\/lumond.com\/pl\/regulamin\">regulaminem<\/a>.<\/p><p style=\"font-weight: bold; padding-bottom: 10px;\">\u00a77 Odpowiedzialno\u015b\u0107<\/p><p>(1) Karta podarunkowa jest dokumentem na okaziciela. Aktualny posiadacz ponosi wy\u0142\u0105czn\u0105 odpowiedzialno\u015b\u0107 za korzystanie z karty podarunkowej oraz jej bezpieczne przechowywanie (w tym kodu karty podarunkowej).<\/p><p>(2) Lumond nie zapewnia wymiany karty podarunkowej w przypadku jej utraty, kradzie\u017cy lub nieuprawnionego u\u017cycia. Zaleca si\u0119 traktowanie kodu karty podarunkowej jako poufnego i przechowywanie go w bezpiecznym miejscu.<\/p><p>(3) Lumond nie ponosi odpowiedzialno\u015bci za niedostarczenie lub op\u00f3\u017anione dostarczenie e-karty podarunkowej, je\u015bli przyczyna le\u017cy poza kontrol\u0105 Lumond, w szczeg\u00f3lno\u015bci w przypadku:<\/p><div style=\"margin-left: 20px; margin-top: 5px; margin-bottom: 10px;\">a) B\u0142\u0119dnych danych odbiorcy podanych przez kupuj\u0105cego<br \/>b) Zak\u0142\u00f3ce\u0144 technicznych w systemach telekomunikacyjnych<br \/>c) Zakwalifikowania wiadomo\u015bci e-mail jako spam przez program pocztowy odbiorcy<br \/>d) Niedostarczenia na podany adres e-mail z przyczyn technicznych<\/div><p style=\"font-weight: bold; padding-bottom: 10px;\">\u00a78 Nadu\u017cycia i niewa\u017cno\u015b\u0107<\/p><p>(1) Karty podarunkowe nabyte w spos\u00f3b niezgodny z prawem lub sfa\u0142szowane s\u0105 niewa\u017cne i nie mog\u0105 by\u0107 zrealizowane ani zwr\u00f3cone.<\/p><p>(2) Lumond zastrzega sobie prawo do zablokowania kart podarunkowych w przypadku podejrzenia oszustwa lub nadu\u017cycia.<\/p><p>(3) Bez uprzedniej pisemnej zgody Lumond karty podarunkowe nie mog\u0105 by\u0107 wykorzystywane do komercyjnych cel\u00f3w reklamowych lub marketingowych os\u00f3b trzecich ani odsprzedawane.<\/p><p style=\"font-weight: bold; padding-bottom: 10px;\">\u00a79 Ochrona danych osobowych<\/p><p>W zwi\u0105zku z zakupem i korzystaniem z kart podarunkowych przetwarzane s\u0105 dane osobowe (np. adresy e-mail kupuj\u0105cego i odbiorcy). Szczeg\u00f3\u0142owe informacje dotycz\u0105ce przetwarzania danych znajduj\u0105 si\u0119 w naszej <a href=\"https:\/\/lumond.com\/pl\/polityka-prywatnosci\">polityce prywatno\u015bci<\/a>.<\/p><p style=\"font-weight: bold; padding-bottom: 10px;\">\u00a710 Prawo w\u0142a\u015bciwe i jurysdykcja<\/p><p>(1) Obowi\u0105zuje prawo Republiki Federalnej Niemiec z wy\u0142\u0105czeniem Konwencji Narod\u00f3w Zjednoczonych o umowach mi\u0119dzynarodowej sprzeda\u017cy towar\u00f3w (CISG).<\/p><p>(2) W odniesieniu do konsument\u00f3w niniejszy wyb\u00f3r prawa obowi\u0105zuje jedynie w zakresie, w jakim nie pozbawia konsumenta ochrony przyznanej na mocy bezwzgl\u0119dnie obowi\u0105zuj\u0105cych przepis\u00f3w prawa pa\u0144stwa, w kt\u00f3rym konsument ma miejsce zwyk\u0142ego pobytu.<\/p><p>(3) Je\u017celi klient jest przedsi\u0119biorc\u0105, osob\u0105 prawn\u0105 prawa publicznego lub wyodr\u0119bnionym maj\u0105tkiem prawa publicznego, wy\u0142\u0105cznym miejscem jurysdykcji dla wszelkich spor\u00f3w wynikaj\u0105cych z niniejszej umowy jest nasza siedziba w Berlinie.<\/p><p style=\"font-weight: bold; padding-bottom: 10px;\">\u00a711 Klauzula salwatoryjna<\/p><p>Je\u017celi jakiekolwiek postanowienie niniejszych warunk\u00f3w u\u017cytkowania jest lub stanie si\u0119 w ca\u0142o\u015bci lub cz\u0119\u015bci niewa\u017cne, nie wp\u0142ywa to na wa\u017cno\u015b\u0107 pozosta\u0142ych postanowie\u0144.<\/p><p style=\"font-weight: bold; padding-bottom: 10px;\">\u00a712 Kontakt<\/p><p>W przypadku pyta\u0144 lub reklamacji dotycz\u0105cych kart podarunkowych prosimy o kontakt:<\/p><div style=\"margin-left: 20px; margin-top: 5px; margin-bottom: 5px;\">Lumond \u2013 Laylaundyom UG<br \/>Kolonnenstr. 8<br \/>10827 Berlin<br \/>E-mail: <a href=\"mailto:info@lumond.de\">info@lumond.de<\/a><br \/>Strona: <a href=\"https:\/\/support.lumond.com\/pl\">support.lumond.com<\/a><\/div><p style=\"font-size: 13px; color: #666; margin-top: 30px;\">Obowi\u0105zuje od: kwiecie\u0144 2026<\/p>\t\t\t\t\t\t<\/div>\n\t\t\t\t<\/div>\n\t\t\t\t\t<\/div>\n\t\t<\/div>\n\t\t\t\t\t<\/div>\n\t\t<\/section>\n\t\t\t\t<\/div>\n\t\t","protected":false},"excerpt":{"rendered":"<p>Karta Podarunkowa \u2013 Og\u00f3lne Warunki U\u017cytkowania \u00a71 Zakres obowi\u0105zywania i wydawca (1) Poni\u017csze warunki u\u017cytkowania maj\u0105 zastosowanie do wszystkich kart podarunkowych (zwanych dalej \u201ekart\u0105 podarunkow\u0105&#8221;) wydawanych przez Laylaundyom UG (zwan\u0105 dalej \u201eLumond&#8221;). Laylaundyom UGDor PoratKolonnenstr. 810827 BerlinE-mail: info@lumond.deNumer rejestrowy: HRB 18705S\u0105d rejestrowy: Amtsgericht KrefeldNIP UE: DE348104546 (2) Kupuj\u0105c, przyjmuj\u0105c lub realizuj\u0105c kart\u0119 podarunkow\u0105, posiadacz akceptuje [&hellip;]<\/p>\n","protected":false},"author":18,"featured_media":0,"parent":0,"menu_order":0,"comment_status":"closed","ping_status":"closed","template":"","meta":{"_acf_changed":false,"site-sidebar-layout":"no-sidebar","site-content-layout":"page-builder","ast-site-content-layout":"full-width-container","site-content-style":"default","site-sidebar-style":"default","ast-global-header-display":"","ast-banner-title-visibility":"","ast-main-header-display":"","ast-hfb-above-header-display":"","ast-hfb-below-header-display":"","ast-hfb-mobile-header-display":"","site-post-title":"disabled","ast-breadcrumbs-content":"","ast-featured-img":"disabled","footer-sml-layout":"","theme-transparent-header-meta":"","adv-header-id-meta":"","stick-header-meta":"","header-above-stick-meta":"","header-main-stick-meta":"","header-below-stick-meta":"","astra-migrate-meta-layouts":"set","ast-page-background-enabled":"default","ast-page-background-meta":{"desktop":{"background-color":"","background-image":"","background-repeat":"repeat","background-position":"center center","background-size":"auto","background-attachment":"scroll","background-type":"","background-media":"","overlay-type":"","overlay-color":"","overlay-opacity":"","overlay-gradient":""},"tablet":{"background-color":"","background-image":"","background-repeat":"repeat","background-position":"center center","background-size":"auto","background-attachment":"scroll","background-type":"","background-media":"","overlay-type":"","overlay-color":"","overlay-opacity":"","overlay-gradient":""},"mobile":{"background-color":"","background-image":"","background-repeat":"repeat","background-position":"center center","background-size":"auto","background-attachment":"scroll","background-type":"","background-media":"","overlay-type":"","overlay-color":"","overlay-opacity":"","overlay-gradient":""}},"ast-content-background-meta":{"desktop":{"background-color":"var(--ast-global-color-5)","background-image":"","background-repeat":"repeat","background-position":"center center","background-size":"auto","background-attachment":"scroll","background-type":"","background-media":"","overlay-type":"","overlay-color":"","overlay-opacity":"","overlay-gradient":""},"tablet":{"background-color":"var(--ast-global-color-5)","background-image":"","background-repeat":"repeat","background-position":"center center","background-size":"auto","background-attachment":"scroll","background-type":"","background-media":"","overlay-type":"","overlay-color":"","overlay-opacity":"","overlay-gradient":""},"mobile":{"background-color":"var(--ast-global-color-5)","background-image":"","background-repeat":"repeat","background-position":"center center","background-size":"auto","background-attachment":"scroll","background-type":"","background-media":"","overlay-type":"","overlay-color":"","overlay-opacity":"","overlay-gradient":""}},"footnotes":""},"class_list":["post-99629","page","type-page","status-publish","hentry"],"acf":[],"yoast_head":"<!-- This site is optimized with the Yoast SEO Premium plugin v23.0 (Yoast SEO v23.0) - https:\/\/yoast.com\/wordpress\/plugins\/seo\/ -->\n<title>Karta Podarunkowa Warunki - Lumond<\/title>\n<meta name=\"robots\" content=\"index, follow, max-snippet:-1, max-image-preview:large, max-video-preview:-1\" \/>\n<link rel=\"canonical\" href=\"https:\/\/lumond.com\/pl\/karta-podarunkowa-warunki\/\" \/>\n<meta property=\"og:locale\" content=\"pl_PL\" \/>\n<meta property=\"og:type\" content=\"article\" \/>\n<meta property=\"og:title\" content=\"Karta Podarunkowa Warunki\" \/>\n<meta property=\"og:description\" content=\"Karta Podarunkowa \u2013 Og\u00f3lne Warunki U\u017cytkowania \u00a71 Zakres obowi\u0105zywania i wydawca (1) Poni\u017csze warunki u\u017cytkowania maj\u0105 zastosowanie do wszystkich kart podarunkowych (zwanych dalej \u201ekart\u0105 podarunkow\u0105&#8221;) wydawanych przez Laylaundyom UG (zwan\u0105 dalej \u201eLumond&#8221;). Laylaundyom UGDor PoratKolonnenstr. 810827 BerlinE-mail: info@lumond.deNumer rejestrowy: HRB 18705S\u0105d rejestrowy: Amtsgericht KrefeldNIP UE: DE348104546 (2) Kupuj\u0105c, przyjmuj\u0105c lub realizuj\u0105c kart\u0119 podarunkow\u0105, posiadacz akceptuje [&hellip;]\" \/>\n<meta property=\"og:url\" content=\"https:\/\/lumond.com\/pl\/karta-podarunkowa-warunki\/\" \/>\n<meta property=\"og:site_name\" content=\"Lumond\" \/>\n<meta property=\"article:publisher\" content=\"https:\/\/www.facebook.com\/lumond.de\/\" \/>\n<meta property=\"article:modified_time\" content=\"2026-04-09T18:19:16+00:00\" \/>\n<meta name=\"twitter:card\" content=\"summary_large_image\" \/>\n<meta name=\"twitter:label1\" content=\"Szacowany czas czytania\" \/>\n\t<meta name=\"twitter:data1\" content=\"5 minut\" \/>\n<script type=\"application\/ld+json\" class=\"yoast-schema-graph\">{\"@context\":\"https:\/\/schema.org\",\"@graph\":[{\"@type\":\"WebPage\",\"@id\":\"https:\/\/lumond.com\/pl\/karta-podarunkowa-warunki\/\",\"url\":\"https:\/\/lumond.com\/pl\/karta-podarunkowa-warunki\/\",\"name\":\"Karta Podarunkowa Warunki - Lumond\",\"isPartOf\":{\"@id\":\"https:\/\/lumond.com\/pl\/#website\"},\"datePublished\":\"2026-04-09T17:39:05+00:00\",\"dateModified\":\"2026-04-09T18:19:16+00:00\",\"breadcrumb\":{\"@id\":\"https:\/\/lumond.com\/pl\/karta-podarunkowa-warunki\/#breadcrumb\"},\"inLanguage\":\"pl-PL\",\"potentialAction\":[{\"@type\":\"ReadAction\",\"target\":[\"https:\/\/lumond.com\/pl\/karta-podarunkowa-warunki\/\"]}]},{\"@type\":\"BreadcrumbList\",\"@id\":\"https:\/\/lumond.com\/pl\/karta-podarunkowa-warunki\/#breadcrumb\",\"itemListElement\":[{\"@type\":\"ListItem\",\"position\":1,\"name\":\"Lumond\",\"item\":\"https:\/\/lumond.com\/pl\/\"},{\"@type\":\"ListItem\",\"position\":2,\"name\":\"Karta Podarunkowa Warunki\"}]},{\"@type\":\"WebSite\",\"@id\":\"https:\/\/lumond.com\/pl\/#website\",\"url\":\"https:\/\/lumond.com\/pl\/\",\"name\":\"Lumond\",\"description\":\"\u015awiece zapachowe w szkle\",\"publisher\":{\"@id\":\"https:\/\/lumond.com\/pl\/#organization\"},\"alternateName\":\"Lumond\",\"potentialAction\":[{\"@type\":\"SearchAction\",\"target\":{\"@type\":\"EntryPoint\",\"urlTemplate\":\"https:\/\/lumond.com\/pl\/?s={search_term_string}\"},\"query-input\":\"required name=search_term_string\"}],\"inLanguage\":\"pl-PL\"},{\"@type\":\"Organization\",\"@id\":\"https:\/\/lumond.com\/pl\/#organization\",\"name\":\"Lumond\",\"url\":\"https:\/\/lumond.com\/pl\/\",\"logo\":{\"@type\":\"ImageObject\",\"inLanguage\":\"pl-PL\",\"@id\":\"https:\/\/lumond.com\/pl\/#\/schema\/logo\/image\/\",\"url\":\"https:\/\/lumond.com\/wp-content\/uploads\/2022\/01\/cropped-40-05.png\",\"contentUrl\":\"https:\/\/lumond.com\/wp-content\/uploads\/2022\/01\/cropped-40-05.png\",\"width\":512,\"height\":512,\"caption\":\"Lumond\"},\"image\":{\"@id\":\"https:\/\/lumond.com\/pl\/#\/schema\/logo\/image\/\"},\"sameAs\":[\"https:\/\/www.facebook.com\/lumond.de\/\",\"https:\/\/www.instagram.com\/lumond.de\/\"],\"description\":\"Lumond tworzy wysokiej jako\u015bci \u015bwiece zapachowe z naturalnego wosku sojowego w stylowych ceramicznych naczyniach \u2013 zr\u00f3wnowa\u017cone, produkowane w Niemczech i z unikalnymi kompozycjami zapachowymi. Idealne dla przytulnego domu z dba\u0142o\u015bci\u0105 o \u015brodowisko i design.\",\"email\":\"info@lumond.de\",\"legalName\":\"Lumond\",\"foundingDate\":\"2021-01-01\",\"ownershipFundingInfo\":\"https:\/\/lumond.com\/ueber-uns\/\",\"correctionsPolicy\":\"https:\/\/lumond.com\/kontakt\/\",\"address\":{\"@type\":\"PostalAddress\",\"streetAddress\":\"Lumond UG\",\"addressLocality\":\"Kolonnenstr. 8\",\"addressRegion\":\"Berlin\",\"postalCode\":\"10827\",\"addressCountry\":\"DE\"}}]}<\/script>\n<!-- \/ Yoast SEO Premium plugin. -->","yoast_head_json":{"title":"Karta Podarunkowa Warunki - Lumond","robots":{"index":"index","follow":"follow","max-snippet":"max-snippet:-1","max-image-preview":"max-image-preview:large","max-video-preview":"max-video-preview:-1"},"canonical":"https:\/\/lumond.com\/pl\/karta-podarunkowa-warunki\/","og_locale":"pl_PL","og_type":"article","og_title":"Karta Podarunkowa Warunki","og_description":"Karta Podarunkowa \u2013 Og\u00f3lne Warunki U\u017cytkowania \u00a71 Zakres obowi\u0105zywania i wydawca (1) Poni\u017csze warunki u\u017cytkowania maj\u0105 zastosowanie do wszystkich kart podarunkowych (zwanych dalej \u201ekart\u0105 podarunkow\u0105&#8221;) wydawanych przez Laylaundyom UG (zwan\u0105 dalej \u201eLumond&#8221;). Laylaundyom UGDor PoratKolonnenstr. 810827 BerlinE-mail: info@lumond.deNumer rejestrowy: HRB 18705S\u0105d rejestrowy: Amtsgericht KrefeldNIP UE: DE348104546 (2) Kupuj\u0105c, przyjmuj\u0105c lub realizuj\u0105c kart\u0119 podarunkow\u0105, posiadacz akceptuje [&hellip;]","og_url":"https:\/\/lumond.com\/pl\/karta-podarunkowa-warunki\/","og_site_name":"Lumond","article_publisher":"https:\/\/www.facebook.com\/lumond.de\/","article_modified_time":"2026-04-09T18:19:16+00:00","twitter_card":"summary_large_image","twitter_misc":{"Szacowany czas czytania":"5 minut"},"schema":{"@context":"https:\/\/schema.org","@graph":[{"@type":"WebPage","@id":"https:\/\/lumond.com\/pl\/karta-podarunkowa-warunki\/","url":"https:\/\/lumond.com\/pl\/karta-podarunkowa-warunki\/","name":"Karta Podarunkowa Warunki - Lumond","isPartOf":{"@id":"https:\/\/lumond.com\/pl\/#website"},"datePublished":"2026-04-09T17:39:05+00:00","dateModified":"2026-04-09T18:19:16+00:00","breadcrumb":{"@id":"https:\/\/lumond.com\/pl\/karta-podarunkowa-warunki\/#breadcrumb"},"inLanguage":"pl-PL","potentialAction":[{"@type":"ReadAction","target":["https:\/\/lumond.com\/pl\/karta-podarunkowa-warunki\/"]}]},{"@type":"BreadcrumbList","@id":"https:\/\/lumond.com\/pl\/karta-podarunkowa-warunki\/#breadcrumb","itemListElement":[{"@type":"ListItem","position":1,"name":"Lumond","item":"https:\/\/lumond.com\/pl\/"},{"@type":"ListItem","position":2,"name":"Karta Podarunkowa Warunki"}]},{"@type":"WebSite","@id":"https:\/\/lumond.com\/pl\/#website","url":"https:\/\/lumond.com\/pl\/","name":"Lumond","description":"\u015awiece zapachowe w szkle","publisher":{"@id":"https:\/\/lumond.com\/pl\/#organization"},"alternateName":"Lumond","potentialAction":[{"@type":"SearchAction","target":{"@type":"EntryPoint","urlTemplate":"https:\/\/lumond.com\/pl\/?s={search_term_string}"},"query-input":"required name=search_term_string"}],"inLanguage":"pl-PL"},{"@type":"Organization","@id":"https:\/\/lumond.com\/pl\/#organization","name":"Lumond","url":"https:\/\/lumond.com\/pl\/","logo":{"@type":"ImageObject","inLanguage":"pl-PL","@id":"https:\/\/lumond.com\/pl\/#\/schema\/logo\/image\/","url":"https:\/\/lumond.com\/wp-content\/uploads\/2022\/01\/cropped-40-05.png","contentUrl":"https:\/\/lumond.com\/wp-content\/uploads\/2022\/01\/cropped-40-05.png","width":512,"height":512,"caption":"Lumond"},"image":{"@id":"https:\/\/lumond.com\/pl\/#\/schema\/logo\/image\/"},"sameAs":["https:\/\/www.facebook.com\/lumond.de\/","https:\/\/www.instagram.com\/lumond.de\/"],"description":"Lumond tworzy wysokiej jako\u015bci \u015bwiece zapachowe z naturalnego wosku sojowego w stylowych ceramicznych naczyniach \u2013 zr\u00f3wnowa\u017cone, produkowane w Niemczech i z unikalnymi kompozycjami zapachowymi. Idealne dla przytulnego domu z dba\u0142o\u015bci\u0105 o \u015brodowisko i design.","email":"info@lumond.de","legalName":"Lumond","foundingDate":"2021-01-01","ownershipFundingInfo":"https:\/\/lumond.com\/ueber-uns\/","correctionsPolicy":"https:\/\/lumond.com\/kontakt\/","address":{"@type":"PostalAddress","streetAddress":"Lumond UG","addressLocality":"Kolonnenstr. 8","addressRegion":"Berlin","postalCode":"10827","addressCountry":"DE"}}]}},"_links":{"self":[{"href":"https:\/\/lumond.com\/pl\/wp-json\/wp\/v2\/pages\/99629","targetHints":{"allow":["GET"]}}],"collection":[{"href":"https:\/\/lumond.com\/pl\/wp-json\/wp\/v2\/pages"}],"about":[{"href":"https:\/\/lumond.com\/pl\/wp-json\/wp\/v2\/types\/page"}],"author":[{"embeddable":true,"href":"https:\/\/lumond.com\/pl\/wp-json\/wp\/v2\/users\/18"}],"replies":[{"embeddable":true,"href":"https:\/\/lumond.com\/pl\/wp-json\/wp\/v2\/comments?post=99629"}],"version-history":[{"count":7,"href":"https:\/\/lumond.com\/pl\/wp-json\/wp\/v2\/pages\/99629\/revisions"}],"predecessor-version":[{"id":99674,"href":"https:\/\/lumond.com\/pl\/wp-json\/wp\/v2\/pages\/99629\/revisions\/99674"}],"wp:attachment":[{"href":"https:\/\/lumond.com\/pl\/wp-json\/wp\/v2\/media?parent=99629"}],"curies":[{"name":"wp","href":"https:\/\/api.w.org\/{rel}","templated":true}]}}