{"id":96120,"date":"2021-12-20T13:53:48","date_gmt":"2021-12-20T13:53:48","guid":{"rendered":"https:\/\/lumond.com\/payments\/"},"modified":"2026-01-28T07:26:11","modified_gmt":"2026-01-28T07:26:11","slug":"warunki-platnosci","status":"publish","type":"page","link":"https:\/\/lumond.com\/pl\/warunki-platnosci\/","title":{"rendered":"WARUNKI P\u0141ATNO\u015aCI"},"content":{"rendered":"\t\t<div data-elementor-type=\"wp-page\" data-elementor-id=\"96120\" class=\"elementor elementor-96120 elementor-4222\" data-elementor-post-type=\"page\">\n\t\t\t\t\t\t<section class=\"elementor-section elementor-top-section elementor-element elementor-element-737556f elementor-section-boxed elementor-section-height-default elementor-section-height-default\" data-id=\"737556f\" data-element_type=\"section\">\n\t\t\t\t\t\t<div class=\"elementor-container elementor-column-gap-default\">\n\t\t\t\t\t<div class=\"elementor-column elementor-col-100 elementor-top-column elementor-element elementor-element-a4c6cd8\" data-id=\"a4c6cd8\" data-element_type=\"column\">\n\t\t\t<div class=\"elementor-widget-wrap elementor-element-populated\">\n\t\t\t\t\t\t<div class=\"elementor-element elementor-element-e8f6611 elementor-widget elementor-widget-heading\" data-id=\"e8f6611\" data-element_type=\"widget\" data-widget_type=\"heading.default\">\n\t\t\t\t<div class=\"elementor-widget-container\">\n\t\t\t<style>\/*! elementor - v3.21.0 - 08-05-2024 *\/\n.elementor-heading-title{padding:0;margin:0;line-height:1}.elementor-widget-heading .elementor-heading-title[class*=elementor-size-]>a{color:inherit;font-size:inherit;line-height:inherit}.elementor-widget-heading .elementor-heading-title.elementor-size-small{font-size:15px}.elementor-widget-heading .elementor-heading-title.elementor-size-medium{font-size:19px}.elementor-widget-heading .elementor-heading-title.elementor-size-large{font-size:29px}.elementor-widget-heading .elementor-heading-title.elementor-size-xl{font-size:39px}.elementor-widget-heading .elementor-heading-title.elementor-size-xxl{font-size:59px}<\/style><h1 class=\"elementor-heading-title elementor-size-default\">WARUNKI P\u0141ATNO\u015aCI\n<\/h1>\t\t<\/div>\n\t\t\t\t<\/div>\n\t\t\t\t<div class=\"elementor-element elementor-element-1268eb8 elementor-widget elementor-widget-text-editor\" data-id=\"1268eb8\" data-element_type=\"widget\" data-widget_type=\"text-editor.default\">\n\t\t\t\t<div class=\"elementor-widget-container\">\n\t\t\t<style>\/*! elementor - v3.21.0 - 08-05-2024 *\/\n.elementor-widget-text-editor.elementor-drop-cap-view-stacked .elementor-drop-cap{background-color:#69727d;color:#fff}.elementor-widget-text-editor.elementor-drop-cap-view-framed .elementor-drop-cap{color:#69727d;border:3px solid;background-color:transparent}.elementor-widget-text-editor:not(.elementor-drop-cap-view-default) .elementor-drop-cap{margin-top:8px}.elementor-widget-text-editor:not(.elementor-drop-cap-view-default) .elementor-drop-cap-letter{width:1em;height:1em}.elementor-widget-text-editor .elementor-drop-cap{float:left;text-align:center;line-height:1;font-size:50px}.elementor-widget-text-editor .elementor-drop-cap-letter{display:inline-block}<\/style>\t\t\t\t<p>Lumond oferuje szeroki wyb\u00f3r metod p\u0142atno\u015bci. Po dodaniu wybranego produktu do koszyka mo\u017cesz klikn\u0105\u0107 przycisk \u201eprzejd\u017a do kasy&#8221; lub \u201eEkspresowy zakup przez PayPal&#8221;. Na nast\u0119pnej stronie mo\u017cesz wybra\u0107 spo\u015br\u00f3d nast\u0119puj\u0105cych metod p\u0142atno\u015bci:<\/p><p><strong>1. P\u0142atno\u015b\u0107 przez Klarna<\/strong><\/p><ul class=\"lumond-list-ul\"><li>Najpierw otrzymujesz towar, potem p\u0142acisz.<\/li><li>Pro\u015bciej: bez kart kredytowych i hase\u0142.<\/li><li>Bezpieczniej: p\u0142acisz tylko za towar, kt\u00f3ry otrzyma\u0142e\u015b.<\/li><li>Certyfikat T\u00dcV i zgodno\u015b\u0107 z Trusted Shops.<\/li><li>Miliony zadowolonych klient\u00f3w.<\/li><\/ul><p>Z Klarna zakupy s\u0105 szybsze, poniewa\u017c musisz poda\u0107 tylko minimum danych i omijasz d\u0142ugi proces rejestracji. Towar otrzymujesz przed dokonaniem p\u0142atno\u015bci. Gdy b\u0119dziesz zadowolony z otrzymanego zam\u00f3wienia, op\u0142acasz faktur\u0119 przez Klarna.<\/p><p><strong>P\u0142atno\u015b\u0107 za pobraniem (Klarna)<\/strong><\/p><p>Je\u015bli wybierzesz p\u0142atno\u015b\u0107 przez Klarna, p\u0142acisz dopiero po otrzymaniu towaru. Przydatne informacje dotycz\u0105ce Klarna:<\/p><ul class=\"lumond-list-ul\"><li>Je\u015bli nie jeste\u015b zadowolony z produktu, skontaktuj si\u0119 z nami niezw\u0142ocznie. Nie odsy\u0142aj zam\u00f3wienia bez wcze\u015bniejszego kontaktu z nami.<\/li><li>Je\u015bli towar nie zostanie dostarczony w wyznaczonym terminie, skontaktuj si\u0119 z nami lub bezpo\u015brednio z Klarna, aby\u015bmy mogli przed\u0142u\u017cy\u0107 termin p\u0142atno\u015bci.<\/li><li>Je\u015bli wys\u0142ali\u015bmy Ci zaktualizowan\u0105 faktur\u0119 e-mailem, zignoruj papierow\u0105 faktur\u0119 otrzyman\u0105 wraz z przesy\u0142k\u0105. Mo\u017ce ona by\u0107 ju\u017c nieaktualna.<\/li><li>Mo\u017cesz r\u00f3wnie\u017c skontaktowa\u0107 si\u0119 bezpo\u015brednio z Klarna. Pami\u0119taj, \u017ce Klarna nie przekazuje nam korespondencji.<\/li><\/ul><p>Obs\u0142uga klienta Klarna telefon: +49 (0) 911 477 577 10<br \/>Obs\u0142uga klienta Klarna online: <a class=\"link-primary\" href=\"https:\/\/www.klarna.com\/de\/kundendienst\" rel=\"noopener noreferrer nofollow\">https:\/\/www.klarna.com\/de\/kundendienst<\/a><\/p><p><strong>2. Czas realizacji:<\/strong><\/p><ul class=\"lumond-list-ul\"><li>P\u0142atno\u015b\u0107 przelewem: 3-4 dni robocze<\/li><li>P\u0142atno\u015b\u0107 szybkim przelewem: 1-2 dni robocze<\/li><\/ul><p>Je\u015bli po tym czasie nie otrzymasz e-maila z potwierdzeniem, wy\u015blij nam kopi\u0119\/zrzut ekranu potwierdzenia p\u0142atno\u015bci.<\/p><p><strong>3. PayPal:<\/strong><\/p><p><span style=\"font-style: inherit; font-weight: inherit; background-color: var(--ast-global-color-5); color: var(--ast-global-color-8);\">Klikaj\u0105c przycisk \u201ezap\u0142a\u0107 przez PayPal&#8221;, zostaniesz automatycznie przekierowany na stron\u0119 p\u0142atno\u015bci PayPal. Nie potrzebujesz konta PayPal, aby korzysta\u0107 z PayPal.<\/span><\/p><p><strong>Nasze systemy p\u0142atno\u015bci s\u0105 szyfrowane 2048-bitowo, co gwarantuje pe\u0142ne bezpiecze\u0144stwo Twoich zakup\u00f3w.<\/strong><\/p><p><strong>lumond.com nie przetwarza, nie przechowuje ani nie udost\u0119pnia Twoich danych karty kredytowej osobom trzecim.<\/strong><\/p><p><strong>Zmiany warunk\u00f3w p\u0142atno\u015bci:<\/strong><br \/>lumond.com zastrzega sobie prawo do zmiany niniejszych warunk\u00f3w p\u0142atno\u015bci w dowolnym momencie. Klienci zostan\u0105 poinformowani o takich zmianach na naszej stronie internetowej. Je\u015bli masz pytania lub uwagi dotycz\u0105ce warunk\u00f3w p\u0142atno\u015bci, skontaktuj si\u0119 z nami w dowolnym momencie.<\/p><p><strong>Dodatkowe informacje prawne:<\/strong><\/p><ol><li><strong>Prawo odst\u0105pienia od umowy:<\/strong> Prosimy pami\u0119ta\u0107, \u017ce zgodnie z \u00a7 355 BGB klientom przys\u0142uguje prawo odst\u0105pienia od umowy. Dok\u0142adne warunki znajdziesz w naszym pouczeniu o prawie odst\u0105pienia od umowy.<\/li><li><strong>Zawarcie umowy:<\/strong> Umowa zostaje zawarta z chwil\u0105 przyj\u0119cia Twojego zam\u00f3wienia poprzez wys\u0142anie e-maila z potwierdzeniem.<\/li><li><strong>Przechowywanie tekstu umowy:<\/strong> Tekst umowy jest przez nas przechowywany po zawarciu umowy i mo\u017ce zosta\u0107 udost\u0119pniony na \u017cyczenie.<\/li><\/ol><hr \/>\t\t\t\t\t\t<\/div>\n\t\t\t\t<\/div>\n\t\t\t\t\t<\/div>\n\t\t<\/div>\n\t\t\t\t\t<\/div>\n\t\t<\/section>\n\t\t\t\t<\/div>\n\t\t","protected":false},"excerpt":{"rendered":"<p>WARUNKI P\u0141ATNO\u015aCI Lumond oferuje szeroki wyb\u00f3r metod p\u0142atno\u015bci. Po dodaniu wybranego produktu do koszyka mo\u017cesz klikn\u0105\u0107 przycisk \u201eprzejd\u017a do kasy&#8221; lub \u201eEkspresowy zakup przez PayPal&#8221;. Na nast\u0119pnej stronie mo\u017cesz wybra\u0107 spo\u015br\u00f3d nast\u0119puj\u0105cych metod p\u0142atno\u015bci: 1. P\u0142atno\u015b\u0107 przez Klarna Najpierw otrzymujesz towar, potem p\u0142acisz. Pro\u015bciej: bez kart kredytowych i hase\u0142. Bezpieczniej: p\u0142acisz tylko za towar, kt\u00f3ry [&hellip;]<\/p>\n","protected":false},"author":1,"featured_media":0,"parent":0,"menu_order":0,"comment_status":"closed","ping_status":"closed","template":"","meta":{"_acf_changed":false,"site-sidebar-layout":"no-sidebar","site-content-layout":"page-builder","ast-site-content-layout":"","site-content-style":"default","site-sidebar-style":"default","ast-global-header-display":"","ast-banner-title-visibility":"","ast-main-header-display":"","ast-hfb-above-header-display":"","ast-hfb-below-header-display":"","ast-hfb-mobile-header-display":"","site-post-title":"disabled","ast-breadcrumbs-content":"","ast-featured-img":"disabled","footer-sml-layout":"","theme-transparent-header-meta":"default","adv-header-id-meta":"","stick-header-meta":"","header-above-stick-meta":"","header-main-stick-meta":"","header-below-stick-meta":"","astra-migrate-meta-layouts":"set","ast-page-background-enabled":"default","ast-page-background-meta":{"desktop":{"background-color":"","background-image":"","background-repeat":"repeat","background-position":"center center","background-size":"auto","background-attachment":"scroll","background-type":"","background-media":"","overlay-type":"","overlay-color":"","overlay-opacity":"","overlay-gradient":""},"tablet":{"background-color":"","background-image":"","background-repeat":"repeat","background-position":"center center","background-size":"auto","background-attachment":"scroll","background-type":"","background-media":"","overlay-type":"","overlay-color":"","overlay-opacity":"","overlay-gradient":""},"mobile":{"background-color":"","background-image":"","background-repeat":"repeat","background-position":"center center","background-size":"auto","background-attachment":"scroll","background-type":"","background-media":"","overlay-type":"","overlay-color":"","overlay-opacity":"","overlay-gradient":""}},"ast-content-background-meta":{"desktop":{"background-color":"var(--ast-global-color-5)","background-image":"","background-repeat":"repeat","background-position":"center center","background-size":"auto","background-attachment":"scroll","background-type":"","background-media":"","overlay-type":"","overlay-color":"","overlay-opacity":"","overlay-gradient":""},"tablet":{"background-color":"var(--ast-global-color-5)","background-image":"","background-repeat":"repeat","background-position":"center center","background-size":"auto","background-attachment":"scroll","background-type":"","background-media":"","overlay-type":"","overlay-color":"","overlay-opacity":"","overlay-gradient":""},"mobile":{"background-color":"var(--ast-global-color-5)","background-image":"","background-repeat":"repeat","background-position":"center center","background-size":"auto","background-attachment":"scroll","background-type":"","background-media":"","overlay-type":"","overlay-color":"","overlay-opacity":"","overlay-gradient":""}},"footnotes":""},"class_list":["post-96120","page","type-page","status-publish","hentry"],"acf":[],"yoast_head":"<!-- This site is optimized with the Yoast SEO Premium plugin v23.0 (Yoast SEO v23.0) - https:\/\/yoast.com\/wordpress\/plugins\/seo\/ -->\n<title>WARUNKI P\u0141ATNO\u015aCI - Lumond<\/title>\n<meta name=\"description\" content=\"Warunki p\u0142atno\u015bci. P\u0142atno\u015b\u0107 po otrzymaniu towaru.\" \/>\n<meta name=\"robots\" content=\"noindex, follow\" \/>\n<meta property=\"og:locale\" content=\"pl_PL\" \/>\n<meta property=\"og:type\" content=\"article\" \/>\n<meta property=\"og:title\" content=\"WARUNKI P\u0141ATNO\u015aCI\" \/>\n<meta property=\"og:description\" content=\"Warunki p\u0142atno\u015bci. P\u0142atno\u015b\u0107 po otrzymaniu towaru.\" \/>\n<meta property=\"og:url\" content=\"https:\/\/lumond.com\/pl\/warunki-platnosci\/\" \/>\n<meta property=\"og:site_name\" content=\"Lumond\" \/>\n<meta property=\"article:publisher\" content=\"https:\/\/www.facebook.com\/lumond.de\/\" \/>\n<meta property=\"article:modified_time\" content=\"2026-01-28T07:26:11+00:00\" \/>\n<meta name=\"twitter:card\" content=\"summary_large_image\" \/>\n<meta name=\"twitter:label1\" content=\"Szacowany czas czytania\" \/>\n\t<meta name=\"twitter:data1\" content=\"2 minuty\" \/>\n<script type=\"application\/ld+json\" class=\"yoast-schema-graph\">{\"@context\":\"https:\/\/schema.org\",\"@graph\":[{\"@type\":\"WebPage\",\"@id\":\"https:\/\/lumond.com\/pl\/warunki-platnosci\/\",\"url\":\"https:\/\/lumond.com\/pl\/warunki-platnosci\/\",\"name\":\"WARUNKI P\u0141ATNO\u015aCI - Lumond\",\"isPartOf\":{\"@id\":\"https:\/\/lumond.com\/pl\/#website\"},\"datePublished\":\"2021-12-20T13:53:48+00:00\",\"dateModified\":\"2026-01-28T07:26:11+00:00\",\"description\":\"Warunki p\u0142atno\u015bci. P\u0142atno\u015b\u0107 po otrzymaniu towaru.\",\"breadcrumb\":{\"@id\":\"https:\/\/lumond.com\/pl\/warunki-platnosci\/#breadcrumb\"},\"inLanguage\":\"pl-PL\",\"potentialAction\":[{\"@type\":\"ReadAction\",\"target\":[\"https:\/\/lumond.com\/pl\/warunki-platnosci\/\"]}]},{\"@type\":\"BreadcrumbList\",\"@id\":\"https:\/\/lumond.com\/pl\/warunki-platnosci\/#breadcrumb\",\"itemListElement\":[{\"@type\":\"ListItem\",\"position\":1,\"name\":\"Lumond\",\"item\":\"https:\/\/lumond.com\/pl\/\"},{\"@type\":\"ListItem\",\"position\":2,\"name\":\"WARUNKI P\u0141ATNO\u015aCI\"}]},{\"@type\":\"WebSite\",\"@id\":\"https:\/\/lumond.com\/pl\/#website\",\"url\":\"https:\/\/lumond.com\/pl\/\",\"name\":\"Lumond\",\"description\":\"\u015awiece zapachowe w szkle\",\"publisher\":{\"@id\":\"https:\/\/lumond.com\/pl\/#organization\"},\"alternateName\":\"Lumond\",\"potentialAction\":[{\"@type\":\"SearchAction\",\"target\":{\"@type\":\"EntryPoint\",\"urlTemplate\":\"https:\/\/lumond.com\/pl\/?s={search_term_string}\"},\"query-input\":\"required name=search_term_string\"}],\"inLanguage\":\"pl-PL\"},{\"@type\":\"Organization\",\"@id\":\"https:\/\/lumond.com\/pl\/#organization\",\"name\":\"Lumond\",\"url\":\"https:\/\/lumond.com\/pl\/\",\"logo\":{\"@type\":\"ImageObject\",\"inLanguage\":\"pl-PL\",\"@id\":\"https:\/\/lumond.com\/pl\/#\/schema\/logo\/image\/\",\"url\":\"https:\/\/lumond.com\/wp-content\/uploads\/2022\/01\/cropped-40-05.png\",\"contentUrl\":\"https:\/\/lumond.com\/wp-content\/uploads\/2022\/01\/cropped-40-05.png\",\"width\":512,\"height\":512,\"caption\":\"Lumond\"},\"image\":{\"@id\":\"https:\/\/lumond.com\/pl\/#\/schema\/logo\/image\/\"},\"sameAs\":[\"https:\/\/www.facebook.com\/lumond.de\/\",\"https:\/\/www.instagram.com\/lumond.de\/\"],\"description\":\"Lumond tworzy wysokiej jako\u015bci \u015bwiece zapachowe z naturalnego wosku sojowego w stylowych ceramicznych naczyniach \u2013 zr\u00f3wnowa\u017cone, produkowane w Niemczech i z unikalnymi kompozycjami zapachowymi. Idealne dla przytulnego domu z dba\u0142o\u015bci\u0105 o \u015brodowisko i design.\",\"email\":\"info@lumond.de\",\"legalName\":\"Lumond\",\"foundingDate\":\"2021-01-01\",\"ownershipFundingInfo\":\"https:\/\/lumond.com\/ueber-uns\/\",\"correctionsPolicy\":\"https:\/\/lumond.com\/kontakt\/\",\"address\":{\"@type\":\"PostalAddress\",\"streetAddress\":\"Lumond UG\",\"addressLocality\":\"Kolonnenstr. 8\",\"addressRegion\":\"Berlin\",\"postalCode\":\"10827\",\"addressCountry\":\"DE\"}}]}<\/script>\n<!-- \/ Yoast SEO Premium plugin. -->","yoast_head_json":{"title":"WARUNKI P\u0141ATNO\u015aCI - Lumond","description":"Warunki p\u0142atno\u015bci. P\u0142atno\u015b\u0107 po otrzymaniu towaru.","robots":{"index":"noindex","follow":"follow"},"og_locale":"pl_PL","og_type":"article","og_title":"WARUNKI P\u0141ATNO\u015aCI","og_description":"Warunki p\u0142atno\u015bci. P\u0142atno\u015b\u0107 po otrzymaniu towaru.","og_url":"https:\/\/lumond.com\/pl\/warunki-platnosci\/","og_site_name":"Lumond","article_publisher":"https:\/\/www.facebook.com\/lumond.de\/","article_modified_time":"2026-01-28T07:26:11+00:00","twitter_card":"summary_large_image","twitter_misc":{"Szacowany czas czytania":"2 minuty"},"schema":{"@context":"https:\/\/schema.org","@graph":[{"@type":"WebPage","@id":"https:\/\/lumond.com\/pl\/warunki-platnosci\/","url":"https:\/\/lumond.com\/pl\/warunki-platnosci\/","name":"WARUNKI P\u0141ATNO\u015aCI - Lumond","isPartOf":{"@id":"https:\/\/lumond.com\/pl\/#website"},"datePublished":"2021-12-20T13:53:48+00:00","dateModified":"2026-01-28T07:26:11+00:00","description":"Warunki p\u0142atno\u015bci. P\u0142atno\u015b\u0107 po otrzymaniu towaru.","breadcrumb":{"@id":"https:\/\/lumond.com\/pl\/warunki-platnosci\/#breadcrumb"},"inLanguage":"pl-PL","potentialAction":[{"@type":"ReadAction","target":["https:\/\/lumond.com\/pl\/warunki-platnosci\/"]}]},{"@type":"BreadcrumbList","@id":"https:\/\/lumond.com\/pl\/warunki-platnosci\/#breadcrumb","itemListElement":[{"@type":"ListItem","position":1,"name":"Lumond","item":"https:\/\/lumond.com\/pl\/"},{"@type":"ListItem","position":2,"name":"WARUNKI P\u0141ATNO\u015aCI"}]},{"@type":"WebSite","@id":"https:\/\/lumond.com\/pl\/#website","url":"https:\/\/lumond.com\/pl\/","name":"Lumond","description":"\u015awiece zapachowe w szkle","publisher":{"@id":"https:\/\/lumond.com\/pl\/#organization"},"alternateName":"Lumond","potentialAction":[{"@type":"SearchAction","target":{"@type":"EntryPoint","urlTemplate":"https:\/\/lumond.com\/pl\/?s={search_term_string}"},"query-input":"required name=search_term_string"}],"inLanguage":"pl-PL"},{"@type":"Organization","@id":"https:\/\/lumond.com\/pl\/#organization","name":"Lumond","url":"https:\/\/lumond.com\/pl\/","logo":{"@type":"ImageObject","inLanguage":"pl-PL","@id":"https:\/\/lumond.com\/pl\/#\/schema\/logo\/image\/","url":"https:\/\/lumond.com\/wp-content\/uploads\/2022\/01\/cropped-40-05.png","contentUrl":"https:\/\/lumond.com\/wp-content\/uploads\/2022\/01\/cropped-40-05.png","width":512,"height":512,"caption":"Lumond"},"image":{"@id":"https:\/\/lumond.com\/pl\/#\/schema\/logo\/image\/"},"sameAs":["https:\/\/www.facebook.com\/lumond.de\/","https:\/\/www.instagram.com\/lumond.de\/"],"description":"Lumond tworzy wysokiej jako\u015bci \u015bwiece zapachowe z naturalnego wosku sojowego w stylowych ceramicznych naczyniach \u2013 zr\u00f3wnowa\u017cone, produkowane w Niemczech i z unikalnymi kompozycjami zapachowymi. Idealne dla przytulnego domu z dba\u0142o\u015bci\u0105 o \u015brodowisko i design.","email":"info@lumond.de","legalName":"Lumond","foundingDate":"2021-01-01","ownershipFundingInfo":"https:\/\/lumond.com\/ueber-uns\/","correctionsPolicy":"https:\/\/lumond.com\/kontakt\/","address":{"@type":"PostalAddress","streetAddress":"Lumond UG","addressLocality":"Kolonnenstr. 8","addressRegion":"Berlin","postalCode":"10827","addressCountry":"DE"}}]}},"_links":{"self":[{"href":"https:\/\/lumond.com\/pl\/wp-json\/wp\/v2\/pages\/96120","targetHints":{"allow":["GET"]}}],"collection":[{"href":"https:\/\/lumond.com\/pl\/wp-json\/wp\/v2\/pages"}],"about":[{"href":"https:\/\/lumond.com\/pl\/wp-json\/wp\/v2\/types\/page"}],"author":[{"embeddable":true,"href":"https:\/\/lumond.com\/pl\/wp-json\/wp\/v2\/users\/1"}],"replies":[{"embeddable":true,"href":"https:\/\/lumond.com\/pl\/wp-json\/wp\/v2\/comments?post=96120"}],"version-history":[{"count":5,"href":"https:\/\/lumond.com\/pl\/wp-json\/wp\/v2\/pages\/96120\/revisions"}],"predecessor-version":[{"id":97045,"href":"https:\/\/lumond.com\/pl\/wp-json\/wp\/v2\/pages\/96120\/revisions\/97045"}],"wp:attachment":[{"href":"https:\/\/lumond.com\/pl\/wp-json\/wp\/v2\/media?parent=96120"}],"curies":[{"name":"wp","href":"https:\/\/api.w.org\/{rel}","templated":true}]}}