{"id":96116,"date":"2021-12-20T13:35:32","date_gmt":"2021-12-20T13:35:32","guid":{"rendered":"https:\/\/lumond.com\/retouren-versand\/"},"modified":"2026-01-28T07:26:42","modified_gmt":"2026-01-28T07:26:42","slug":"zwroty-i-wysylka","status":"publish","type":"page","link":"https:\/\/lumond.com\/pl\/zwroty-i-wysylka\/","title":{"rendered":"Zwroty i wysy\u0142ka"},"content":{"rendered":"\t\t<div data-elementor-type=\"wp-page\" data-elementor-id=\"96116\" class=\"elementor elementor-96116 elementor-4199\" data-elementor-post-type=\"page\">\n\t\t\t\t\t\t<section class=\"elementor-section elementor-top-section elementor-element elementor-element-6648470 elementor-section-boxed elementor-section-height-default elementor-section-height-default\" data-id=\"6648470\" data-element_type=\"section\">\n\t\t\t\t\t\t<div class=\"elementor-container elementor-column-gap-default\">\n\t\t\t\t\t<div class=\"elementor-column elementor-col-100 elementor-top-column elementor-element elementor-element-279cbbe\" data-id=\"279cbbe\" data-element_type=\"column\">\n\t\t\t<div class=\"elementor-widget-wrap elementor-element-populated\">\n\t\t\t\t\t\t<div class=\"elementor-element elementor-element-fff3db2 elementor-widget elementor-widget-heading\" data-id=\"fff3db2\" data-element_type=\"widget\" data-widget_type=\"heading.default\">\n\t\t\t\t<div class=\"elementor-widget-container\">\n\t\t\t<style>\/*! elementor - v3.21.0 - 08-05-2024 *\/\n.elementor-heading-title{padding:0;margin:0;line-height:1}.elementor-widget-heading .elementor-heading-title[class*=elementor-size-]>a{color:inherit;font-size:inherit;line-height:inherit}.elementor-widget-heading .elementor-heading-title.elementor-size-small{font-size:15px}.elementor-widget-heading .elementor-heading-title.elementor-size-medium{font-size:19px}.elementor-widget-heading .elementor-heading-title.elementor-size-large{font-size:29px}.elementor-widget-heading .elementor-heading-title.elementor-size-xl{font-size:39px}.elementor-widget-heading .elementor-heading-title.elementor-size-xxl{font-size:59px}<\/style><h1 class=\"elementor-heading-title elementor-size-default\">Zwroty i wysy\u0142ka\n<\/h1>\t\t<\/div>\n\t\t\t\t<\/div>\n\t\t\t\t<div class=\"elementor-element elementor-element-4cec6e1 elementor-widget__width-initial elementor-widget elementor-widget-text-editor\" data-id=\"4cec6e1\" data-element_type=\"widget\" data-widget_type=\"text-editor.default\">\n\t\t\t\t<div class=\"elementor-widget-container\">\n\t\t\t<style>\/*! elementor - v3.21.0 - 08-05-2024 *\/\n.elementor-widget-text-editor.elementor-drop-cap-view-stacked .elementor-drop-cap{background-color:#69727d;color:#fff}.elementor-widget-text-editor.elementor-drop-cap-view-framed .elementor-drop-cap{color:#69727d;border:3px solid;background-color:transparent}.elementor-widget-text-editor:not(.elementor-drop-cap-view-default) .elementor-drop-cap{margin-top:8px}.elementor-widget-text-editor:not(.elementor-drop-cap-view-default) .elementor-drop-cap-letter{width:1em;height:1em}.elementor-widget-text-editor .elementor-drop-cap{float:left;text-align:center;line-height:1;font-size:50px}.elementor-widget-text-editor .elementor-drop-cap-letter{display:inline-block}<\/style>\t\t\t\t<p><strong>Prawo do odst\u0105pienia od umowy<\/strong><\/p><p><span style=\"font-style: inherit; font-weight: inherit; background-color: var(--ast-global-color-5); color: var(--ast-global-color-8);\">Maj\u0105 Pa\u0144stwo prawo odst\u0105pi\u0107 od niniejszej umowy w terminie czternastu dni bez podania jakiejkolwiek przyczyny. Termin do odst\u0105pienia od umowy wygasa po up\u0142ywie czternastu dni od dnia, w kt\u00f3rym weszli Pa\u0144stwo w posiadanie rzeczy lub w kt\u00f3rym osoba trzecia inna ni\u017c przewo\u017anik i wskazana przez Pa\u0144stwa wesz\u0142a w posiadanie rzeczy.<\/span><\/p><p>Aby skorzysta\u0107 z prawa odst\u0105pienia od umowy, musz\u0105 Pa\u0144stwo poinformowa\u0107 nas o swojej decyzji o odst\u0105pieniu od niniejszej umowy w drodze jednoznacznego o\u015bwiadczenia (na przyk\u0142ad pismo wys\u0142ane poczt\u0105, faksem lub poczt\u0105 elektroniczn\u0105). Mog\u0105 Pa\u0144stwo skorzysta\u0107 z wzoru formularza odst\u0105pienia od umowy, jednak nie jest to obowi\u0105zkowe.<\/p><p>Kontakt w sprawie zwrot\u00f3w:<br \/>Lumond UG<br \/>Kolonnenstr. 8<br \/>10827 Berlin<br \/>E-mail: info@lumond.de<\/p><p><b>Zwroty i refundacje:<\/b><\/p><p><span style=\"font-style: inherit; font-weight: inherit; background-color: var(--ast-global-color-5); color: var(--ast-global-color-8);\">I<\/span><span style=\"font-style: inherit; background-color: var(--ast-global-color-5); color: var(--ast-global-color-8);\"><b>le czasu mam na zwrot zam\u00f3wienia?<\/b><br \/><\/span><span style=\"background-color: var(--ast-global-color-5); color: var(--ast-global-color-8); font-style: inherit; font-weight: inherit;\">Po otrzymaniu zam\u00f3wienia maj\u0105 Pa\u0144stwo 28 dni na jego zwrot. Prosimy o kontakt, a ch\u0119tnie pomo\u017cemy rozwi\u0105za\u0107 problem z zakupem.<\/span><\/p><p><b>Kiedy otrzymam zwrot pieni\u0119dzy?<br \/><\/b><span style=\"font-style: inherit; font-weight: inherit; background-color: var(--ast-global-color-5); color: var(--ast-global-color-8);\">Zwrot \u015brodk\u00f3w mo\u017ce potrwa\u0107 od 3 do 5 dni roboczych, zanim pojawi si\u0119 na wyci\u0105gu z konta, cho\u0107 zwykle jest to szybsze. Zawsze zwracamy \u015brodki na kart\u0119, kt\u00f3r\u0105 dokonano p\u0142atno\u015bci.<\/span><\/p><p><b>Nie jestem zadowolony\/a z zakupu<br \/><\/b>Przykro nam, \u017ce nie s\u0105 Pa\u0144stwo zadowoleni z zakupu. Prosimy o kontakt, a ch\u0119tnie pomo\u017cemy rozwi\u0105za\u0107 problem.<\/p><p><b>Otrzyma\u0142em\/am uszkodzony lub niew\u0142a\u015bciwy produkt<\/b><br \/>Bardzo nam przykro, \u017ce produkt nie dotar\u0142 do Pa\u0144stwa w oczekiwanym stanie. Prosimy o kontakt, a ch\u0119tnie pomo\u017cemy znale\u017a\u0107 w\u0142a\u015bciwy produkt.<\/p><p><b>Koszty zwrotu<br \/><\/b>W przypadku odst\u0105pienia od umowy ponosz\u0105 Pa\u0144stwo bezpo\u015brednie koszty zwrotu towar\u00f3w. Je\u015bli towary zosta\u0142y dostarczone uszkodzone lub nieprawid\u0142owe, pokrywamy koszty zwrotu.<\/p><p><b>Wz\u00f3r formularza odst\u0105pienia od umowy<\/b><br \/>(Formularz ten nale\u017cy wype\u0142ni\u0107 i odes\u0142a\u0107 tylko w przypadku ch\u0119ci odst\u0105pienia od umowy.)<br \/>Do:<br \/>Lumond UG<br \/>Kolonnenstr. 8<br \/>10827 Berlin<br \/>E-mail: info@lumond.de<\/p><p>Niniejszym informuj\u0119\/informujemy (*) o moim\/naszym (*) odst\u0105pieniu od umowy sprzeda\u017cy nast\u0119puj\u0105cych rzeczy (*)\/o \u015bwiadczenie nast\u0119puj\u0105cej us\u0142ugi (*):<\/p><ul><li>Data zam\u00f3wienia (*)\/data odbioru (*)<\/li><li>Imi\u0119 i nazwisko konsumenta(-\u00f3w)<\/li><li>Adres konsumenta(-\u00f3w)<\/li><li>Podpis konsumenta(-\u00f3w) (tylko je\u017celi formularz jest przesy\u0142any w wersji papierowej)<\/li><li>Data<\/li><\/ul><p>(*) Niepotrzebne skre\u015bli\u0107.<\/p>\t\t\t\t\t\t<\/div>\n\t\t\t\t<\/div>\n\t\t\t\t\t<\/div>\n\t\t<\/div>\n\t\t\t\t\t<\/div>\n\t\t<\/section>\n\t\t\t\t<\/div>\n\t\t","protected":false},"excerpt":{"rendered":"<p>Zwroty i wysy\u0142ka Prawo do odst\u0105pienia od umowy Maj\u0105 Pa\u0144stwo prawo odst\u0105pi\u0107 od niniejszej umowy w terminie czternastu dni bez podania jakiejkolwiek przyczyny. Termin do odst\u0105pienia od umowy wygasa po up\u0142ywie czternastu dni od dnia, w kt\u00f3rym weszli Pa\u0144stwo w posiadanie rzeczy lub w kt\u00f3rym osoba trzecia inna ni\u017c przewo\u017anik i wskazana przez Pa\u0144stwa wesz\u0142a [&hellip;]<\/p>\n","protected":false},"author":1,"featured_media":0,"parent":0,"menu_order":0,"comment_status":"closed","ping_status":"closed","template":"","meta":{"_acf_changed":false,"site-sidebar-layout":"no-sidebar","site-content-layout":"page-builder","ast-site-content-layout":"","site-content-style":"default","site-sidebar-style":"default","ast-global-header-display":"","ast-banner-title-visibility":"","ast-main-header-display":"","ast-hfb-above-header-display":"","ast-hfb-below-header-display":"","ast-hfb-mobile-header-display":"","site-post-title":"disabled","ast-breadcrumbs-content":"","ast-featured-img":"disabled","footer-sml-layout":"","theme-transparent-header-meta":"default","adv-header-id-meta":"","stick-header-meta":"","header-above-stick-meta":"","header-main-stick-meta":"","header-below-stick-meta":"","astra-migrate-meta-layouts":"set","ast-page-background-enabled":"default","ast-page-background-meta":{"desktop":{"background-color":"","background-image":"","background-repeat":"repeat","background-position":"center center","background-size":"auto","background-attachment":"scroll","background-type":"","background-media":"","overlay-type":"","overlay-color":"","overlay-opacity":"","overlay-gradient":""},"tablet":{"background-color":"","background-image":"","background-repeat":"repeat","background-position":"center center","background-size":"auto","background-attachment":"scroll","background-type":"","background-media":"","overlay-type":"","overlay-color":"","overlay-opacity":"","overlay-gradient":""},"mobile":{"background-color":"","background-image":"","background-repeat":"repeat","background-position":"center center","background-size":"auto","background-attachment":"scroll","background-type":"","background-media":"","overlay-type":"","overlay-color":"","overlay-opacity":"","overlay-gradient":""}},"ast-content-background-meta":{"desktop":{"background-color":"var(--ast-global-color-5)","background-image":"","background-repeat":"repeat","background-position":"center center","background-size":"auto","background-attachment":"scroll","background-type":"","background-media":"","overlay-type":"","overlay-color":"","overlay-opacity":"","overlay-gradient":""},"tablet":{"background-color":"var(--ast-global-color-5)","background-image":"","background-repeat":"repeat","background-position":"center center","background-size":"auto","background-attachment":"scroll","background-type":"","background-media":"","overlay-type":"","overlay-color":"","overlay-opacity":"","overlay-gradient":""},"mobile":{"background-color":"var(--ast-global-color-5)","background-image":"","background-repeat":"repeat","background-position":"center center","background-size":"auto","background-attachment":"scroll","background-type":"","background-media":"","overlay-type":"","overlay-color":"","overlay-opacity":"","overlay-gradient":""}},"footnotes":""},"class_list":["post-96116","page","type-page","status-publish","hentry"],"acf":[],"yoast_head":"<!-- This site is optimized with the Yoast SEO Premium plugin v23.0 (Yoast SEO v23.0) - https:\/\/yoast.com\/wordpress\/plugins\/seo\/ -->\n<title>Zwroty i wysy\u0142ka - Lumond<\/title>\n<meta name=\"description\" content=\"Warunki dostawy i zwrot\u00f3w. Darmowa wysy\u0142ka dla wszystkich zam\u00f3wie\u0144.\" \/>\n<meta name=\"robots\" content=\"noindex, follow\" \/>\n<meta property=\"og:locale\" content=\"pl_PL\" \/>\n<meta property=\"og:type\" content=\"article\" \/>\n<meta property=\"og:title\" content=\"Zwroty i wysy\u0142ka\" \/>\n<meta property=\"og:description\" content=\"Warunki dostawy i zwrot\u00f3w. Darmowa wysy\u0142ka dla wszystkich zam\u00f3wie\u0144.\" \/>\n<meta property=\"og:url\" content=\"https:\/\/lumond.com\/pl\/zwroty-i-wysylka\/\" \/>\n<meta property=\"og:site_name\" content=\"Lumond\" \/>\n<meta property=\"article:publisher\" content=\"https:\/\/www.facebook.com\/lumond.de\/\" \/>\n<meta property=\"article:modified_time\" content=\"2026-01-28T07:26:42+00:00\" \/>\n<meta name=\"twitter:card\" content=\"summary_large_image\" \/>\n<meta name=\"twitter:label1\" content=\"Szacowany czas czytania\" \/>\n\t<meta name=\"twitter:data1\" content=\"2 minuty\" \/>\n<script type=\"application\/ld+json\" class=\"yoast-schema-graph\">{\"@context\":\"https:\/\/schema.org\",\"@graph\":[{\"@type\":\"WebPage\",\"@id\":\"https:\/\/lumond.com\/pl\/zwroty-i-wysylka\/\",\"url\":\"https:\/\/lumond.com\/pl\/zwroty-i-wysylka\/\",\"name\":\"Zwroty i wysy\u0142ka - Lumond\",\"isPartOf\":{\"@id\":\"https:\/\/lumond.com\/pl\/#website\"},\"datePublished\":\"2021-12-20T13:35:32+00:00\",\"dateModified\":\"2026-01-28T07:26:42+00:00\",\"description\":\"Warunki dostawy i zwrot\u00f3w. Darmowa wysy\u0142ka dla wszystkich zam\u00f3wie\u0144.\",\"breadcrumb\":{\"@id\":\"https:\/\/lumond.com\/pl\/zwroty-i-wysylka\/#breadcrumb\"},\"inLanguage\":\"pl-PL\",\"potentialAction\":[{\"@type\":\"ReadAction\",\"target\":[\"https:\/\/lumond.com\/pl\/zwroty-i-wysylka\/\"]}]},{\"@type\":\"BreadcrumbList\",\"@id\":\"https:\/\/lumond.com\/pl\/zwroty-i-wysylka\/#breadcrumb\",\"itemListElement\":[{\"@type\":\"ListItem\",\"position\":1,\"name\":\"Lumond\",\"item\":\"https:\/\/lumond.com\/pl\/\"},{\"@type\":\"ListItem\",\"position\":2,\"name\":\"Zwroty i wysy\u0142ka\"}]},{\"@type\":\"WebSite\",\"@id\":\"https:\/\/lumond.com\/pl\/#website\",\"url\":\"https:\/\/lumond.com\/pl\/\",\"name\":\"Lumond\",\"description\":\"\u015awiece zapachowe w szkle\",\"publisher\":{\"@id\":\"https:\/\/lumond.com\/pl\/#organization\"},\"alternateName\":\"Lumond\",\"potentialAction\":[{\"@type\":\"SearchAction\",\"target\":{\"@type\":\"EntryPoint\",\"urlTemplate\":\"https:\/\/lumond.com\/pl\/?s={search_term_string}\"},\"query-input\":\"required name=search_term_string\"}],\"inLanguage\":\"pl-PL\"},{\"@type\":\"Organization\",\"@id\":\"https:\/\/lumond.com\/pl\/#organization\",\"name\":\"Lumond\",\"url\":\"https:\/\/lumond.com\/pl\/\",\"logo\":{\"@type\":\"ImageObject\",\"inLanguage\":\"pl-PL\",\"@id\":\"https:\/\/lumond.com\/pl\/#\/schema\/logo\/image\/\",\"url\":\"https:\/\/lumond.com\/wp-content\/uploads\/2022\/01\/cropped-40-05.png\",\"contentUrl\":\"https:\/\/lumond.com\/wp-content\/uploads\/2022\/01\/cropped-40-05.png\",\"width\":512,\"height\":512,\"caption\":\"Lumond\"},\"image\":{\"@id\":\"https:\/\/lumond.com\/pl\/#\/schema\/logo\/image\/\"},\"sameAs\":[\"https:\/\/www.facebook.com\/lumond.de\/\",\"https:\/\/www.instagram.com\/lumond.de\/\"],\"description\":\"Lumond tworzy wysokiej jako\u015bci \u015bwiece zapachowe z naturalnego wosku sojowego w stylowych ceramicznych naczyniach \u2013 zr\u00f3wnowa\u017cone, produkowane w Niemczech i z unikalnymi kompozycjami zapachowymi. Idealne dla przytulnego domu z dba\u0142o\u015bci\u0105 o \u015brodowisko i design.\",\"email\":\"info@lumond.de\",\"legalName\":\"Lumond\",\"foundingDate\":\"2021-01-01\",\"ownershipFundingInfo\":\"https:\/\/lumond.com\/ueber-uns\/\",\"correctionsPolicy\":\"https:\/\/lumond.com\/kontakt\/\",\"address\":{\"@type\":\"PostalAddress\",\"streetAddress\":\"Lumond UG\",\"addressLocality\":\"Kolonnenstr. 8\",\"addressRegion\":\"Berlin\",\"postalCode\":\"10827\",\"addressCountry\":\"DE\"}}]}<\/script>\n<!-- \/ Yoast SEO Premium plugin. -->","yoast_head_json":{"title":"Zwroty i wysy\u0142ka - Lumond","description":"Warunki dostawy i zwrot\u00f3w. Darmowa wysy\u0142ka dla wszystkich zam\u00f3wie\u0144.","robots":{"index":"noindex","follow":"follow"},"og_locale":"pl_PL","og_type":"article","og_title":"Zwroty i wysy\u0142ka","og_description":"Warunki dostawy i zwrot\u00f3w. Darmowa wysy\u0142ka dla wszystkich zam\u00f3wie\u0144.","og_url":"https:\/\/lumond.com\/pl\/zwroty-i-wysylka\/","og_site_name":"Lumond","article_publisher":"https:\/\/www.facebook.com\/lumond.de\/","article_modified_time":"2026-01-28T07:26:42+00:00","twitter_card":"summary_large_image","twitter_misc":{"Szacowany czas czytania":"2 minuty"},"schema":{"@context":"https:\/\/schema.org","@graph":[{"@type":"WebPage","@id":"https:\/\/lumond.com\/pl\/zwroty-i-wysylka\/","url":"https:\/\/lumond.com\/pl\/zwroty-i-wysylka\/","name":"Zwroty i wysy\u0142ka - Lumond","isPartOf":{"@id":"https:\/\/lumond.com\/pl\/#website"},"datePublished":"2021-12-20T13:35:32+00:00","dateModified":"2026-01-28T07:26:42+00:00","description":"Warunki dostawy i zwrot\u00f3w. Darmowa wysy\u0142ka dla wszystkich zam\u00f3wie\u0144.","breadcrumb":{"@id":"https:\/\/lumond.com\/pl\/zwroty-i-wysylka\/#breadcrumb"},"inLanguage":"pl-PL","potentialAction":[{"@type":"ReadAction","target":["https:\/\/lumond.com\/pl\/zwroty-i-wysylka\/"]}]},{"@type":"BreadcrumbList","@id":"https:\/\/lumond.com\/pl\/zwroty-i-wysylka\/#breadcrumb","itemListElement":[{"@type":"ListItem","position":1,"name":"Lumond","item":"https:\/\/lumond.com\/pl\/"},{"@type":"ListItem","position":2,"name":"Zwroty i wysy\u0142ka"}]},{"@type":"WebSite","@id":"https:\/\/lumond.com\/pl\/#website","url":"https:\/\/lumond.com\/pl\/","name":"Lumond","description":"\u015awiece zapachowe w szkle","publisher":{"@id":"https:\/\/lumond.com\/pl\/#organization"},"alternateName":"Lumond","potentialAction":[{"@type":"SearchAction","target":{"@type":"EntryPoint","urlTemplate":"https:\/\/lumond.com\/pl\/?s={search_term_string}"},"query-input":"required name=search_term_string"}],"inLanguage":"pl-PL"},{"@type":"Organization","@id":"https:\/\/lumond.com\/pl\/#organization","name":"Lumond","url":"https:\/\/lumond.com\/pl\/","logo":{"@type":"ImageObject","inLanguage":"pl-PL","@id":"https:\/\/lumond.com\/pl\/#\/schema\/logo\/image\/","url":"https:\/\/lumond.com\/wp-content\/uploads\/2022\/01\/cropped-40-05.png","contentUrl":"https:\/\/lumond.com\/wp-content\/uploads\/2022\/01\/cropped-40-05.png","width":512,"height":512,"caption":"Lumond"},"image":{"@id":"https:\/\/lumond.com\/pl\/#\/schema\/logo\/image\/"},"sameAs":["https:\/\/www.facebook.com\/lumond.de\/","https:\/\/www.instagram.com\/lumond.de\/"],"description":"Lumond tworzy wysokiej jako\u015bci \u015bwiece zapachowe z naturalnego wosku sojowego w stylowych ceramicznych naczyniach \u2013 zr\u00f3wnowa\u017cone, produkowane w Niemczech i z unikalnymi kompozycjami zapachowymi. Idealne dla przytulnego domu z dba\u0142o\u015bci\u0105 o \u015brodowisko i design.","email":"info@lumond.de","legalName":"Lumond","foundingDate":"2021-01-01","ownershipFundingInfo":"https:\/\/lumond.com\/ueber-uns\/","correctionsPolicy":"https:\/\/lumond.com\/kontakt\/","address":{"@type":"PostalAddress","streetAddress":"Lumond UG","addressLocality":"Kolonnenstr. 8","addressRegion":"Berlin","postalCode":"10827","addressCountry":"DE"}}]}},"_links":{"self":[{"href":"https:\/\/lumond.com\/pl\/wp-json\/wp\/v2\/pages\/96116","targetHints":{"allow":["GET"]}}],"collection":[{"href":"https:\/\/lumond.com\/pl\/wp-json\/wp\/v2\/pages"}],"about":[{"href":"https:\/\/lumond.com\/pl\/wp-json\/wp\/v2\/types\/page"}],"author":[{"embeddable":true,"href":"https:\/\/lumond.com\/pl\/wp-json\/wp\/v2\/users\/1"}],"replies":[{"embeddable":true,"href":"https:\/\/lumond.com\/pl\/wp-json\/wp\/v2\/comments?post=96116"}],"version-history":[{"count":8,"href":"https:\/\/lumond.com\/pl\/wp-json\/wp\/v2\/pages\/96116\/revisions"}],"predecessor-version":[{"id":97046,"href":"https:\/\/lumond.com\/pl\/wp-json\/wp\/v2\/pages\/96116\/revisions\/97046"}],"wp:attachment":[{"href":"https:\/\/lumond.com\/pl\/wp-json\/wp\/v2\/media?parent=96116"}],"curies":[{"name":"wp","href":"https:\/\/api.w.org\/{rel}","templated":true}]}}