{"id":96087,"date":"2024-06-20T11:29:13","date_gmt":"2024-06-20T11:29:13","guid":{"rendered":"https:\/\/lumond.com\/seitenverzeichnis\/"},"modified":"2026-01-28T08:50:33","modified_gmt":"2026-01-28T08:50:33","slug":"mapa-strony","status":"publish","type":"page","link":"https:\/\/lumond.com\/pl\/mapa-strony\/","title":{"rendered":"Mapa strony"},"content":{"rendered":"\t\t<div data-elementor-type=\"wp-page\" data-elementor-id=\"96087\" class=\"elementor elementor-96087 elementor-15456\" data-elementor-post-type=\"page\">\n\t\t\t\t<div class=\"elementor-element elementor-element-bfb946a e-con-full e-flex e-con e-parent\" data-id=\"bfb946a\" data-element_type=\"container\">\n\t\t\t\t<div class=\"elementor-element elementor-element-baa9325 elementor-widget elementor-widget-heading\" data-id=\"baa9325\" data-element_type=\"widget\" data-widget_type=\"heading.default\">\n\t\t\t\t<div class=\"elementor-widget-container\">\n\t\t\t<style>\/*! elementor - v3.21.0 - 08-05-2024 *\/\n.elementor-heading-title{padding:0;margin:0;line-height:1}.elementor-widget-heading .elementor-heading-title[class*=elementor-size-]>a{color:inherit;font-size:inherit;line-height:inherit}.elementor-widget-heading .elementor-heading-title.elementor-size-small{font-size:15px}.elementor-widget-heading .elementor-heading-title.elementor-size-medium{font-size:19px}.elementor-widget-heading .elementor-heading-title.elementor-size-large{font-size:29px}.elementor-widget-heading .elementor-heading-title.elementor-size-xl{font-size:39px}.elementor-widget-heading .elementor-heading-title.elementor-size-xxl{font-size:59px}<\/style><h1 class=\"elementor-heading-title elementor-size-default\">Mapa strony\n<\/h1>\t\t<\/div>\n\t\t\t\t<\/div>\n\t\t\t\t<div class=\"elementor-element elementor-element-5b9a5fe elementor-widget elementor-widget-html\" data-id=\"5b9a5fe\" data-element_type=\"widget\" data-widget_type=\"html.default\">\n\t\t\t\t<div class=\"elementor-widget-container\">\n\t\t\t<ul class=\"lumond-list-ul block\">\r\n    <li><a class=\"link-primary\" href=\"\/pl\/kwitnace-swiece\/\">Kwitn\u0105ce \u015bwiece<\/a><\/li>\r\n    <li><a class=\"link-primary\" href=\"\/pl\/kwitnacy-zestaw-dwoch\/\">Kwitn\u0105cy zestaw dw\u00f3ch<\/a><\/li>\r\n    <li><a class=\"link-primary\" href=\"\/pl\/kwitnacy-zestaw-trzech\/\">Kwitn\u0105cy zestaw trzech<\/a><\/li>\r\n    <li><a class=\"link-primary\" href=\"\/pl\/piekne-swiece\/\">Pi\u0119kne \u015bwiece<\/a><\/li>\r\n    <li><a class=\"link-primary\" href=\"\/pl\/swiece-z-drewnianym-knotem\/\">\u015awieca z drewnianym knotem \u2013 Tw\u00f3rz magiczne chwile<\/a><\/li>\r\n    <li><a class=\"link-primary\" href=\"\/pl\/swiece-sojowe\/\">\u015awiece sojowe<\/a><\/li>\r\n    <li><a class=\"link-primary\" href=\"\/pl\/swiece-z-drewnianym-knotem-2\/\">\u015awiece z drewnianym knotem<\/a><\/li>\r\n    <li><a class=\"link-primary\" href=\"\/pl\/swiece-zapachowe\/\">\u015awiece zapachowe<\/a><\/li>\r\n    <li><a class=\"link-primary\" href=\"\/pl\/swiece-zapachowe-xl\/\">\u015awiece zapachowe XL<\/a><\/li>\r\n    <li><a class=\"link-primary\" href=\"\/pl\/swiece-zapachowe-xxl\/\">\u015awiece zapachowe XXL<\/a><\/li>\r\n<\/ul>\r\n\t\t<\/div>\n\t\t\t\t<\/div>\n\t\t\t\t<\/div>\n\t\t\t\t<\/div>\n\t\t","protected":false},"excerpt":{"rendered":"<p>Mapa strony Kwitn\u0105ce \u015bwiece Kwitn\u0105cy zestaw dw\u00f3ch Kwitn\u0105cy zestaw trzech Pi\u0119kne \u015bwiece \u015awieca z drewnianym knotem \u2013 Tw\u00f3rz magiczne chwile \u015awiece sojowe \u015awiece z drewnianym knotem \u015awiece zapachowe \u015awiece zapachowe XL \u015awiece zapachowe XXL<\/p>\n","protected":false},"author":18,"featured_media":0,"parent":0,"menu_order":0,"comment_status":"closed","ping_status":"closed","template":"","meta":{"_acf_changed":false,"site-sidebar-layout":"no-sidebar","site-content-layout":"page-builder","ast-site-content-layout":"full-width-container","site-content-style":"default","site-sidebar-style":"default","ast-global-header-display":"","ast-banner-title-visibility":"","ast-main-header-display":"","ast-hfb-above-header-display":"","ast-hfb-below-header-display":"","ast-hfb-mobile-header-display":"","site-post-title":"disabled","ast-breadcrumbs-content":"","ast-featured-img":"disabled","footer-sml-layout":"","theme-transparent-header-meta":"","adv-header-id-meta":"","stick-header-meta":"","header-above-stick-meta":"","header-main-stick-meta":"","header-below-stick-meta":"","astra-migrate-meta-layouts":"set","ast-page-background-enabled":"default","ast-page-background-meta":{"desktop":{"background-color":"","background-image":"","background-repeat":"repeat","background-position":"center center","background-size":"auto","background-attachment":"scroll","background-type":"","background-media":"","overlay-type":"","overlay-color":"","overlay-opacity":"","overlay-gradient":""},"tablet":{"background-color":"","background-image":"","background-repeat":"repeat","background-position":"center center","background-size":"auto","background-attachment":"scroll","background-type":"","background-media":"","overlay-type":"","overlay-color":"","overlay-opacity":"","overlay-gradient":""},"mobile":{"background-color":"","background-image":"","background-repeat":"repeat","background-position":"center center","background-size":"auto","background-attachment":"scroll","background-type":"","background-media":"","overlay-type":"","overlay-color":"","overlay-opacity":"","overlay-gradient":""}},"ast-content-background-meta":{"desktop":{"background-color":"var(--ast-global-color-5)","background-image":"","background-repeat":"repeat","background-position":"center center","background-size":"auto","background-attachment":"scroll","background-type":"","background-media":"","overlay-type":"","overlay-color":"","overlay-opacity":"","overlay-gradient":""},"tablet":{"background-color":"var(--ast-global-color-5)","background-image":"","background-repeat":"repeat","background-position":"center center","background-size":"auto","background-attachment":"scroll","background-type":"","background-media":"","overlay-type":"","overlay-color":"","overlay-opacity":"","overlay-gradient":""},"mobile":{"background-color":"var(--ast-global-color-5)","background-image":"","background-repeat":"repeat","background-position":"center center","background-size":"auto","background-attachment":"scroll","background-type":"","background-media":"","overlay-type":"","overlay-color":"","overlay-opacity":"","overlay-gradient":""}},"footnotes":""},"class_list":["post-96087","page","type-page","status-publish","hentry"],"acf":[],"yoast_head":"<!-- This site is optimized with the Yoast SEO Premium plugin v23.0 (Yoast SEO v23.0) - https:\/\/yoast.com\/wordpress\/plugins\/seo\/ -->\n<title>Mapa strony - Lumond<\/title>\n<meta name=\"description\" content=\"Mapa strony sklepu ze \u015bwiecami Lumond.\" \/>\n<meta name=\"robots\" content=\"index, follow, max-snippet:-1, max-image-preview:large, max-video-preview:-1\" \/>\n<link rel=\"canonical\" href=\"https:\/\/lumond.com\/pl\/mapa-strony\/\" \/>\n<meta property=\"og:locale\" content=\"pl_PL\" \/>\n<meta property=\"og:type\" content=\"article\" \/>\n<meta property=\"og:title\" content=\"Seitenverzeichnis - Lumond\" \/>\n<meta property=\"og:description\" content=\"Seitenverzeichnis Kerzenladen Lumond.\" \/>\n<meta property=\"og:url\" content=\"https:\/\/lumond.com\/pl\/mapa-strony\/\" \/>\n<meta property=\"og:site_name\" content=\"Lumond\" \/>\n<meta property=\"article:publisher\" content=\"https:\/\/www.facebook.com\/lumond.de\/\" \/>\n<meta property=\"article:modified_time\" content=\"2026-01-28T08:50:33+00:00\" \/>\n<meta name=\"twitter:card\" content=\"summary_large_image\" \/>\n<meta name=\"twitter:title\" content=\"Mapa strony\" \/>\n<meta name=\"twitter:label1\" content=\"Szacowany czas czytania\" \/>\n\t<meta name=\"twitter:data1\" content=\"1 minuta\" \/>\n<script type=\"application\/ld+json\" class=\"yoast-schema-graph\">{\"@context\":\"https:\/\/schema.org\",\"@graph\":[{\"@type\":\"WebPage\",\"@id\":\"https:\/\/lumond.com\/pl\/mapa-strony\/\",\"url\":\"https:\/\/lumond.com\/pl\/mapa-strony\/\",\"name\":\"Mapa strony - Lumond\",\"isPartOf\":{\"@id\":\"https:\/\/lumond.com\/pl\/#website\"},\"datePublished\":\"2024-06-20T11:29:13+00:00\",\"dateModified\":\"2026-01-28T08:50:33+00:00\",\"description\":\"Mapa strony sklepu ze \u015bwiecami Lumond.\",\"breadcrumb\":{\"@id\":\"https:\/\/lumond.com\/pl\/mapa-strony\/#breadcrumb\"},\"inLanguage\":\"pl-PL\",\"potentialAction\":[{\"@type\":\"ReadAction\",\"target\":[\"https:\/\/lumond.com\/pl\/mapa-strony\/\"]}]},{\"@type\":\"BreadcrumbList\",\"@id\":\"https:\/\/lumond.com\/pl\/mapa-strony\/#breadcrumb\",\"itemListElement\":[{\"@type\":\"ListItem\",\"position\":1,\"name\":\"Lumond\",\"item\":\"https:\/\/lumond.com\/pl\/\"},{\"@type\":\"ListItem\",\"position\":2,\"name\":\"Mapa strony\"}]},{\"@type\":\"WebSite\",\"@id\":\"https:\/\/lumond.com\/pl\/#website\",\"url\":\"https:\/\/lumond.com\/pl\/\",\"name\":\"Lumond\",\"description\":\"\u015awiece zapachowe w szkle\",\"publisher\":{\"@id\":\"https:\/\/lumond.com\/pl\/#organization\"},\"alternateName\":\"Lumond\",\"potentialAction\":[{\"@type\":\"SearchAction\",\"target\":{\"@type\":\"EntryPoint\",\"urlTemplate\":\"https:\/\/lumond.com\/pl\/?s={search_term_string}\"},\"query-input\":\"required name=search_term_string\"}],\"inLanguage\":\"pl-PL\"},{\"@type\":\"Organization\",\"@id\":\"https:\/\/lumond.com\/pl\/#organization\",\"name\":\"Lumond\",\"url\":\"https:\/\/lumond.com\/pl\/\",\"logo\":{\"@type\":\"ImageObject\",\"inLanguage\":\"pl-PL\",\"@id\":\"https:\/\/lumond.com\/pl\/#\/schema\/logo\/image\/\",\"url\":\"https:\/\/lumond.com\/wp-content\/uploads\/2022\/01\/cropped-40-05.png\",\"contentUrl\":\"https:\/\/lumond.com\/wp-content\/uploads\/2022\/01\/cropped-40-05.png\",\"width\":512,\"height\":512,\"caption\":\"Lumond\"},\"image\":{\"@id\":\"https:\/\/lumond.com\/pl\/#\/schema\/logo\/image\/\"},\"sameAs\":[\"https:\/\/www.facebook.com\/lumond.de\/\",\"https:\/\/www.instagram.com\/lumond.de\/\"],\"description\":\"Lumond tworzy wysokiej jako\u015bci \u015bwiece zapachowe z naturalnego wosku sojowego w stylowych ceramicznych naczyniach \u2013 zr\u00f3wnowa\u017cone, produkowane w Niemczech i z unikalnymi kompozycjami zapachowymi. Idealne dla przytulnego domu z dba\u0142o\u015bci\u0105 o \u015brodowisko i design.\",\"email\":\"info@lumond.de\",\"legalName\":\"Lumond\",\"foundingDate\":\"2021-01-01\",\"ownershipFundingInfo\":\"https:\/\/lumond.com\/ueber-uns\/\",\"correctionsPolicy\":\"https:\/\/lumond.com\/kontakt\/\",\"address\":{\"@type\":\"PostalAddress\",\"streetAddress\":\"Lumond UG\",\"addressLocality\":\"Kolonnenstr. 8\",\"addressRegion\":\"Berlin\",\"postalCode\":\"10827\",\"addressCountry\":\"DE\"}}]}<\/script>\n<!-- \/ Yoast SEO Premium plugin. -->","yoast_head_json":{"title":"Mapa strony - Lumond","description":"Mapa strony sklepu ze \u015bwiecami Lumond.","robots":{"index":"index","follow":"follow","max-snippet":"max-snippet:-1","max-image-preview":"max-image-preview:large","max-video-preview":"max-video-preview:-1"},"canonical":"https:\/\/lumond.com\/pl\/mapa-strony\/","og_locale":"pl_PL","og_type":"article","og_title":"Seitenverzeichnis - Lumond","og_description":"Seitenverzeichnis Kerzenladen Lumond.","og_url":"https:\/\/lumond.com\/pl\/mapa-strony\/","og_site_name":"Lumond","article_publisher":"https:\/\/www.facebook.com\/lumond.de\/","article_modified_time":"2026-01-28T08:50:33+00:00","twitter_card":"summary_large_image","twitter_title":"Mapa strony","twitter_misc":{"Szacowany czas czytania":"1 minuta"},"schema":{"@context":"https:\/\/schema.org","@graph":[{"@type":"WebPage","@id":"https:\/\/lumond.com\/pl\/mapa-strony\/","url":"https:\/\/lumond.com\/pl\/mapa-strony\/","name":"Mapa strony - Lumond","isPartOf":{"@id":"https:\/\/lumond.com\/pl\/#website"},"datePublished":"2024-06-20T11:29:13+00:00","dateModified":"2026-01-28T08:50:33+00:00","description":"Mapa strony sklepu ze \u015bwiecami Lumond.","breadcrumb":{"@id":"https:\/\/lumond.com\/pl\/mapa-strony\/#breadcrumb"},"inLanguage":"pl-PL","potentialAction":[{"@type":"ReadAction","target":["https:\/\/lumond.com\/pl\/mapa-strony\/"]}]},{"@type":"BreadcrumbList","@id":"https:\/\/lumond.com\/pl\/mapa-strony\/#breadcrumb","itemListElement":[{"@type":"ListItem","position":1,"name":"Lumond","item":"https:\/\/lumond.com\/pl\/"},{"@type":"ListItem","position":2,"name":"Mapa strony"}]},{"@type":"WebSite","@id":"https:\/\/lumond.com\/pl\/#website","url":"https:\/\/lumond.com\/pl\/","name":"Lumond","description":"\u015awiece zapachowe w szkle","publisher":{"@id":"https:\/\/lumond.com\/pl\/#organization"},"alternateName":"Lumond","potentialAction":[{"@type":"SearchAction","target":{"@type":"EntryPoint","urlTemplate":"https:\/\/lumond.com\/pl\/?s={search_term_string}"},"query-input":"required name=search_term_string"}],"inLanguage":"pl-PL"},{"@type":"Organization","@id":"https:\/\/lumond.com\/pl\/#organization","name":"Lumond","url":"https:\/\/lumond.com\/pl\/","logo":{"@type":"ImageObject","inLanguage":"pl-PL","@id":"https:\/\/lumond.com\/pl\/#\/schema\/logo\/image\/","url":"https:\/\/lumond.com\/wp-content\/uploads\/2022\/01\/cropped-40-05.png","contentUrl":"https:\/\/lumond.com\/wp-content\/uploads\/2022\/01\/cropped-40-05.png","width":512,"height":512,"caption":"Lumond"},"image":{"@id":"https:\/\/lumond.com\/pl\/#\/schema\/logo\/image\/"},"sameAs":["https:\/\/www.facebook.com\/lumond.de\/","https:\/\/www.instagram.com\/lumond.de\/"],"description":"Lumond tworzy wysokiej jako\u015bci \u015bwiece zapachowe z naturalnego wosku sojowego w stylowych ceramicznych naczyniach \u2013 zr\u00f3wnowa\u017cone, produkowane w Niemczech i z unikalnymi kompozycjami zapachowymi. Idealne dla przytulnego domu z dba\u0142o\u015bci\u0105 o \u015brodowisko i design.","email":"info@lumond.de","legalName":"Lumond","foundingDate":"2021-01-01","ownershipFundingInfo":"https:\/\/lumond.com\/ueber-uns\/","correctionsPolicy":"https:\/\/lumond.com\/kontakt\/","address":{"@type":"PostalAddress","streetAddress":"Lumond UG","addressLocality":"Kolonnenstr. 8","addressRegion":"Berlin","postalCode":"10827","addressCountry":"DE"}}]}},"_links":{"self":[{"href":"https:\/\/lumond.com\/pl\/wp-json\/wp\/v2\/pages\/96087","targetHints":{"allow":["GET"]}}],"collection":[{"href":"https:\/\/lumond.com\/pl\/wp-json\/wp\/v2\/pages"}],"about":[{"href":"https:\/\/lumond.com\/pl\/wp-json\/wp\/v2\/types\/page"}],"author":[{"embeddable":true,"href":"https:\/\/lumond.com\/pl\/wp-json\/wp\/v2\/users\/18"}],"replies":[{"embeddable":true,"href":"https:\/\/lumond.com\/pl\/wp-json\/wp\/v2\/comments?post=96087"}],"version-history":[{"count":7,"href":"https:\/\/lumond.com\/pl\/wp-json\/wp\/v2\/pages\/96087\/revisions"}],"predecessor-version":[{"id":97065,"href":"https:\/\/lumond.com\/pl\/wp-json\/wp\/v2\/pages\/96087\/revisions\/97065"}],"wp:attachment":[{"href":"https:\/\/lumond.com\/pl\/wp-json\/wp\/v2\/media?parent=96087"}],"curies":[{"name":"wp","href":"https:\/\/api.w.org\/{rel}","templated":true}]}}