{"id":66489,"date":"2025-04-28T11:37:45","date_gmt":"2025-04-28T11:37:45","guid":{"rendered":"https:\/\/lumond.com\/product\/geranie-seifenstueck-100g\/"},"modified":"2025-09-18T06:57:51","modified_gmt":"2025-09-18T06:57:51","slug":"geraniumsapestykke-100g","status":"publish","type":"product","link":"https:\/\/lumond.com\/no\/produkt\/geraniumsapestykke-100g\/","title":{"rendered":"Geraniums\u00e5pestykke (100g)"},"content":{"rendered":"<p><span style=\"font-weight: 400;\">V\u00e5rt h\u00e5ndlagde geraniums\u00e5pestykke skjemmer bort huden din med den oppkvikkende duften av friske geraniumblomster. Denne naturlige s\u00e5pen rengj\u00f8r sk\u00e5nsomt, mens eteriske geraniumoljer tilf\u00f8rer fuktighet og revitaliserer huden. Ideell for sensitiv hud og en forfriskende dusjopplevelse.<\/span><\/p>\n","protected":false},"excerpt":{"rendered":"<p>V\u00e5rt h\u00e5ndlagde geraniums\u00e5pestykke skjemmer bort huden din med den oppkvikkende duften av friske geraniumblomster. Denne naturlige s\u00e5pen rengj\u00f8r sk\u00e5nsomt, mens eteriske geraniumoljer tilf\u00f8rer fuktighet og revitaliserer huden. Ideell for sensitiv hud og en forfriskende dusjopplevelse.<\/p>\n","protected":false},"featured_media":66301,"comment_status":"closed","ping_status":"closed","template":"","meta":{"_acf_changed":false,"site-sidebar-layout":"default","site-content-layout":"","ast-site-content-layout":"default","site-content-style":"default","site-sidebar-style":"default","ast-global-header-display":"","ast-banner-title-visibility":"","ast-main-header-display":"","ast-hfb-above-header-display":"","ast-hfb-below-header-display":"","ast-hfb-mobile-header-display":"","site-post-title":"","ast-breadcrumbs-content":"","ast-featured-img":"","footer-sml-layout":"","theme-transparent-header-meta":"default","adv-header-id-meta":"","stick-header-meta":"","header-above-stick-meta":"","header-main-stick-meta":"","header-below-stick-meta":"","astra-migrate-meta-layouts":"set","ast-page-background-enabled":"default","ast-page-background-meta":{"desktop":{"background-color":"","background-image":"","background-repeat":"repeat","background-position":"center center","background-size":"auto","background-attachment":"scroll","background-type":"","background-media":"","overlay-type":"","overlay-color":"","overlay-opacity":"","overlay-gradient":""},"tablet":{"background-color":"","background-image":"","background-repeat":"repeat","background-position":"center center","background-size":"auto","background-attachment":"scroll","background-type":"","background-media":"","overlay-type":"","overlay-color":"","overlay-opacity":"","overlay-gradient":""},"mobile":{"background-color":"","background-image":"","background-repeat":"repeat","background-position":"center center","background-size":"auto","background-attachment":"scroll","background-type":"","background-media":"","overlay-type":"","overlay-color":"","overlay-opacity":"","overlay-gradient":""}},"ast-content-background-meta":{"desktop":{"background-color":"var(--ast-global-color-5)","background-image":"","background-repeat":"repeat","background-position":"center center","background-size":"auto","background-attachment":"scroll","background-type":"","background-media":"","overlay-type":"","overlay-color":"","overlay-opacity":"","overlay-gradient":""},"tablet":{"background-color":"var(--ast-global-color-5)","background-image":"","background-repeat":"repeat","background-position":"center center","background-size":"auto","background-attachment":"scroll","background-type":"","background-media":"","overlay-type":"","overlay-color":"","overlay-opacity":"","overlay-gradient":""},"mobile":{"background-color":"var(--ast-global-color-5)","background-image":"","background-repeat":"repeat","background-position":"center center","background-size":"auto","background-attachment":"scroll","background-type":"","background-media":"","overlay-type":"","overlay-color":"","overlay-opacity":"","overlay-gradient":""}}},"product_brand":[],"product_cat":[676],"product_tag":[],"class_list":{"0":"post-66489","1":"product","2":"type-product","3":"status-publish","4":"has-post-thumbnail","6":"product_cat-naturlige-saper","7":"desktop-align-left","8":"tablet-align-left","9":"mobile-align-left","11":"first","12":"outofstock","13":"taxable","14":"shipping-taxable","15":"purchasable","16":"product-type-simple"},"acf":[],"yoast_head":"<!-- This site is optimized with the Yoast SEO Premium plugin v23.0 (Yoast SEO v23.0) - https:\/\/yoast.com\/wordpress\/plugins\/seo\/ -->\n<title>Geraniums\u00e5pestykke (100g) - Lumond<\/title>\n<meta name=\"description\" content=\"V\u00e5rt h\u00e5ndlagde geraniums\u00e5pestykke skjemmer bort huden din med den oppkvikkende duften av friske geraniumblomster. Denne naturlige s\u00e5pen rengj\u00f8r sk\u00e5nsomt,\" \/>\n<meta name=\"robots\" content=\"index, follow, max-snippet:-1, max-image-preview:large, max-video-preview:-1\" \/>\n<link rel=\"canonical\" href=\"https:\/\/lumond.com\/no\/produkt\/geraniumsapestykke-100g\/\" \/>\n<meta property=\"og:locale\" content=\"nb_NO\" \/>\n<meta property=\"og:type\" content=\"article\" \/>\n<meta property=\"og:title\" content=\"Geraniums\u00e5pestykke (100g) - Lumond\" \/>\n<meta property=\"og:description\" content=\"V\u00e5rt h\u00e5ndlagde geraniums\u00e5pestykke skjemmer bort huden din med den oppkvikkende duften av friske geraniumblomster. Denne naturlige s\u00e5pen rengj\u00f8r sk\u00e5nsomt,\" \/>\n<meta property=\"og:url\" content=\"https:\/\/lumond.com\/no\/produkt\/geraniumsapestykke-100g\/\" \/>\n<meta property=\"og:site_name\" content=\"Lumond\" \/>\n<meta property=\"article:publisher\" content=\"https:\/\/www.facebook.com\/lumond.de\/\" \/>\n<meta property=\"article:modified_time\" content=\"2025-09-18T06:57:51+00:00\" \/>\n<meta property=\"og:image\" content=\"https:\/\/lumond.com\/wp-content\/uploads\/2025\/04\/gernaium-vertical.webp\" \/>\n\t<meta property=\"og:image:width\" content=\"1792\" \/>\n\t<meta property=\"og:image:height\" content=\"2304\" \/>\n\t<meta property=\"og:image:type\" content=\"image\/webp\" \/>\n<meta name=\"twitter:card\" content=\"summary_large_image\" \/>\n<meta name=\"twitter:label1\" content=\"Pris\" \/>\n\t<meta name=\"twitter:data1\" content=\"&euro;&nbsp;9,99\" \/>\n\t<meta name=\"twitter:label2\" content=\"Availability\" \/>\n\t<meta name=\"twitter:data2\" content=\"Out of stock\" \/>\n<script type=\"application\/ld+json\" class=\"yoast-schema-graph\">{\"@context\":\"https:\/\/schema.org\",\"@graph\":[{\"@type\":[\"WebPage\",\"ItemPage\"],\"@id\":\"https:\/\/lumond.com\/no\/produkt\/geraniumsapestykke-100g\/\",\"url\":\"https:\/\/lumond.com\/no\/produkt\/geraniumsapestykke-100g\/\",\"name\":\"Geraniums\u00e5pestykke (100g) - Lumond\",\"isPartOf\":{\"@id\":\"https:\/\/lumond.com\/no\/#website\"},\"primaryImageOfPage\":{\"@id\":\"https:\/\/lumond.com\/no\/produkt\/geraniumsapestykke-100g\/#primaryimage\"},\"image\":{\"@id\":\"https:\/\/lumond.com\/no\/produkt\/geraniumsapestykke-100g\/#primaryimage\"},\"thumbnailUrl\":\"https:\/\/lumond.com\/wp-content\/uploads\/2025\/04\/gernaium-vertical.webp\",\"datePublished\":\"2025-04-28T11:37:45+00:00\",\"dateModified\":\"2025-09-18T06:57:51+00:00\",\"description\":\"V\u00e5rt h\u00e5ndlagde geraniums\u00e5pestykke skjemmer bort huden din med den oppkvikkende duften av friske geraniumblomster. Denne naturlige s\u00e5pen rengj\u00f8r sk\u00e5nsomt,\",\"breadcrumb\":{\"@id\":\"https:\/\/lumond.com\/no\/produkt\/geraniumsapestykke-100g\/#breadcrumb\"},\"inLanguage\":\"nb-NO\",\"potentialAction\":[{\"@type\":\"ReadAction\",\"target\":[\"https:\/\/lumond.com\/no\/produkt\/geraniumsapestykke-100g\/\"]}]},{\"@type\":\"ImageObject\",\"inLanguage\":\"nb-NO\",\"@id\":\"https:\/\/lumond.com\/no\/produkt\/geraniumsapestykke-100g\/#primaryimage\",\"url\":\"https:\/\/lumond.com\/wp-content\/uploads\/2025\/04\/gernaium-vertical.webp\",\"contentUrl\":\"https:\/\/lumond.com\/wp-content\/uploads\/2025\/04\/gernaium-vertical.webp\",\"width\":1792,\"height\":2304},{\"@type\":\"BreadcrumbList\",\"@id\":\"https:\/\/lumond.com\/no\/produkt\/geraniumsapestykke-100g\/#breadcrumb\",\"itemListElement\":[{\"@type\":\"ListItem\",\"position\":1,\"name\":\"Lumond\",\"item\":\"https:\/\/lumond.com\/no\/\"},{\"@type\":\"ListItem\",\"position\":2,\"name\":\"Products\"},{\"@type\":\"ListItem\",\"position\":3,\"name\":\"Naturlige S\u00e5per\",\"item\":\"https:\/\/lumond.com\/no\/naturlige-saper\/\"},{\"@type\":\"ListItem\",\"position\":4,\"name\":\"Geraniums\u00e5pestykke (100g)\"}]},{\"@type\":\"WebSite\",\"@id\":\"https:\/\/lumond.com\/no\/#website\",\"url\":\"https:\/\/lumond.com\/no\/\",\"name\":\"Lumond\",\"description\":\"Nachhaltige Keramik Duftkerzen die nach dem Abbrennen zu Pflanzen werden \u2014 einzigartig in Europa\",\"publisher\":{\"@id\":\"https:\/\/lumond.com\/no\/#organization\"},\"alternateName\":\"Lumond\",\"potentialAction\":[{\"@type\":\"SearchAction\",\"target\":{\"@type\":\"EntryPoint\",\"urlTemplate\":\"https:\/\/lumond.com\/no\/?s={search_term_string}\"},\"query-input\":\"required name=search_term_string\"}],\"inLanguage\":\"nb-NO\"},{\"@type\":\"Organization\",\"@id\":\"https:\/\/lumond.com\/no\/#organization\",\"name\":\"Lumond\",\"url\":\"https:\/\/lumond.com\/no\/\",\"logo\":{\"@type\":\"ImageObject\",\"inLanguage\":\"nb-NO\",\"@id\":\"https:\/\/lumond.com\/no\/#\/schema\/logo\/image\/\",\"url\":\"https:\/\/lumond.com\/wp-content\/uploads\/2022\/01\/cropped-40-05.png\",\"contentUrl\":\"https:\/\/lumond.com\/wp-content\/uploads\/2022\/01\/cropped-40-05.png\",\"width\":512,\"height\":512,\"caption\":\"Lumond\"},\"image\":{\"@id\":\"https:\/\/lumond.com\/no\/#\/schema\/logo\/image\/\"},\"sameAs\":[\"https:\/\/www.facebook.com\/lumond.de\/\",\"https:\/\/www.instagram.com\/lumond.de\/\"],\"description\":\"Lumond lager h\u00f8ykvalitets duftlys av naturlig soyavoks i stilige keramikkbeholdere \u2013 b\u00e6rekraftig produsert i Tyskland og med unike duftkomposisjoner. Perfekt for et koselig hjem med sans for milj\u00f8bevissthet og design.\",\"email\":\"info@lumond.de\",\"legalName\":\"Lumond\",\"foundingDate\":\"2021-01-01\",\"ownershipFundingInfo\":\"https:\/\/lumond.com\/ueber-uns\/\",\"correctionsPolicy\":\"https:\/\/lumond.com\/kontakt\/\",\"address\":{\"@type\":\"PostalAddress\",\"streetAddress\":\"Lumond UG\",\"addressLocality\":\"Kolonnenstr. 8\",\"addressRegion\":\"Berlin\",\"postalCode\":\"10827\",\"addressCountry\":\"DE\"}}]}<\/script>\n<meta property=\"product:price:amount\" content=\"9.99\" \/>\n<meta property=\"product:price:currency\" content=\"EUR\" \/>\n<meta property=\"og:availability\" content=\"out of stock\" \/>\n<meta property=\"product:availability\" content=\"out of stock\" \/>\n<meta property=\"product:retailer_item_id\" content=\"428-109\" \/>\n<meta property=\"product:condition\" content=\"new\" \/>\n<!-- \/ Yoast SEO Premium plugin. -->","yoast_head_json":{"title":"Geraniums\u00e5pestykke (100g) - Lumond","description":"V\u00e5rt h\u00e5ndlagde geraniums\u00e5pestykke skjemmer bort huden din med den oppkvikkende duften av friske geraniumblomster. Denne naturlige s\u00e5pen rengj\u00f8r sk\u00e5nsomt,","robots":{"index":"index","follow":"follow","max-snippet":"max-snippet:-1","max-image-preview":"max-image-preview:large","max-video-preview":"max-video-preview:-1"},"canonical":"https:\/\/lumond.com\/no\/produkt\/geraniumsapestykke-100g\/","og_locale":"nb_NO","og_type":"article","og_title":"Geraniums\u00e5pestykke (100g) - Lumond","og_description":"V\u00e5rt h\u00e5ndlagde geraniums\u00e5pestykke skjemmer bort huden din med den oppkvikkende duften av friske geraniumblomster. Denne naturlige s\u00e5pen rengj\u00f8r sk\u00e5nsomt,","og_url":"https:\/\/lumond.com\/no\/produkt\/geraniumsapestykke-100g\/","og_site_name":"Lumond","article_publisher":"https:\/\/www.facebook.com\/lumond.de\/","article_modified_time":"2025-09-18T06:57:51+00:00","og_image":[{"width":1792,"height":2304,"url":"https:\/\/lumond.com\/wp-content\/uploads\/2025\/04\/gernaium-vertical.webp","type":"image\/webp"}],"twitter_card":"summary_large_image","twitter_misc":{"Pris":"&euro;&nbsp;9,99","Availability":"Out of stock"},"schema":{"@context":"https:\/\/schema.org","@graph":[{"@type":["WebPage","ItemPage"],"@id":"https:\/\/lumond.com\/no\/produkt\/geraniumsapestykke-100g\/","url":"https:\/\/lumond.com\/no\/produkt\/geraniumsapestykke-100g\/","name":"Geraniums\u00e5pestykke (100g) - Lumond","isPartOf":{"@id":"https:\/\/lumond.com\/no\/#website"},"primaryImageOfPage":{"@id":"https:\/\/lumond.com\/no\/produkt\/geraniumsapestykke-100g\/#primaryimage"},"image":{"@id":"https:\/\/lumond.com\/no\/produkt\/geraniumsapestykke-100g\/#primaryimage"},"thumbnailUrl":"https:\/\/lumond.com\/wp-content\/uploads\/2025\/04\/gernaium-vertical.webp","datePublished":"2025-04-28T11:37:45+00:00","dateModified":"2025-09-18T06:57:51+00:00","description":"V\u00e5rt h\u00e5ndlagde geraniums\u00e5pestykke skjemmer bort huden din med den oppkvikkende duften av friske geraniumblomster. Denne naturlige s\u00e5pen rengj\u00f8r sk\u00e5nsomt,","breadcrumb":{"@id":"https:\/\/lumond.com\/no\/produkt\/geraniumsapestykke-100g\/#breadcrumb"},"inLanguage":"nb-NO","potentialAction":[{"@type":"ReadAction","target":["https:\/\/lumond.com\/no\/produkt\/geraniumsapestykke-100g\/"]}]},{"@type":"ImageObject","inLanguage":"nb-NO","@id":"https:\/\/lumond.com\/no\/produkt\/geraniumsapestykke-100g\/#primaryimage","url":"https:\/\/lumond.com\/wp-content\/uploads\/2025\/04\/gernaium-vertical.webp","contentUrl":"https:\/\/lumond.com\/wp-content\/uploads\/2025\/04\/gernaium-vertical.webp","width":1792,"height":2304},{"@type":"BreadcrumbList","@id":"https:\/\/lumond.com\/no\/produkt\/geraniumsapestykke-100g\/#breadcrumb","itemListElement":[{"@type":"ListItem","position":1,"name":"Lumond","item":"https:\/\/lumond.com\/no\/"},{"@type":"ListItem","position":2,"name":"Products"},{"@type":"ListItem","position":3,"name":"Naturlige S\u00e5per","item":"https:\/\/lumond.com\/no\/naturlige-saper\/"},{"@type":"ListItem","position":4,"name":"Geraniums\u00e5pestykke (100g)"}]},{"@type":"WebSite","@id":"https:\/\/lumond.com\/no\/#website","url":"https:\/\/lumond.com\/no\/","name":"Lumond","description":"Nachhaltige Keramik Duftkerzen die nach dem Abbrennen zu Pflanzen werden \u2014 einzigartig in Europa","publisher":{"@id":"https:\/\/lumond.com\/no\/#organization"},"alternateName":"Lumond","potentialAction":[{"@type":"SearchAction","target":{"@type":"EntryPoint","urlTemplate":"https:\/\/lumond.com\/no\/?s={search_term_string}"},"query-input":"required name=search_term_string"}],"inLanguage":"nb-NO"},{"@type":"Organization","@id":"https:\/\/lumond.com\/no\/#organization","name":"Lumond","url":"https:\/\/lumond.com\/no\/","logo":{"@type":"ImageObject","inLanguage":"nb-NO","@id":"https:\/\/lumond.com\/no\/#\/schema\/logo\/image\/","url":"https:\/\/lumond.com\/wp-content\/uploads\/2022\/01\/cropped-40-05.png","contentUrl":"https:\/\/lumond.com\/wp-content\/uploads\/2022\/01\/cropped-40-05.png","width":512,"height":512,"caption":"Lumond"},"image":{"@id":"https:\/\/lumond.com\/no\/#\/schema\/logo\/image\/"},"sameAs":["https:\/\/www.facebook.com\/lumond.de\/","https:\/\/www.instagram.com\/lumond.de\/"],"description":"Lumond lager h\u00f8ykvalitets duftlys av naturlig soyavoks i stilige keramikkbeholdere \u2013 b\u00e6rekraftig produsert i Tyskland og med unike duftkomposisjoner. Perfekt for et koselig hjem med sans for milj\u00f8bevissthet og design.","email":"info@lumond.de","legalName":"Lumond","foundingDate":"2021-01-01","ownershipFundingInfo":"https:\/\/lumond.com\/ueber-uns\/","correctionsPolicy":"https:\/\/lumond.com\/kontakt\/","address":{"@type":"PostalAddress","streetAddress":"Lumond UG","addressLocality":"Kolonnenstr. 8","addressRegion":"Berlin","postalCode":"10827","addressCountry":"DE"}}]},"product_price_amount":"9.99","product_price_currency":"EUR","og_availability":"out of stock","product_availability":"out of stock","product_retailer_item_id":"428-109","product_condition":"new"},"_links":{"self":[{"href":"https:\/\/lumond.com\/no\/wp-json\/wp\/v2\/product\/66489","targetHints":{"allow":["GET"]}}],"collection":[{"href":"https:\/\/lumond.com\/no\/wp-json\/wp\/v2\/product"}],"about":[{"href":"https:\/\/lumond.com\/no\/wp-json\/wp\/v2\/types\/product"}],"replies":[{"embeddable":true,"href":"https:\/\/lumond.com\/no\/wp-json\/wp\/v2\/comments?post=66489"}],"wp:featuredmedia":[{"embeddable":true,"href":"https:\/\/lumond.com\/no\/wp-json\/wp\/v2\/media\/66301"}],"wp:attachment":[{"href":"https:\/\/lumond.com\/no\/wp-json\/wp\/v2\/media?parent=66489"}],"wp:term":[{"taxonomy":"product_brand","embeddable":true,"href":"https:\/\/lumond.com\/no\/wp-json\/wp\/v2\/product_brand?post=66489"},{"taxonomy":"product_cat","embeddable":true,"href":"https:\/\/lumond.com\/no\/wp-json\/wp\/v2\/product_cat?post=66489"},{"taxonomy":"product_tag","embeddable":true,"href":"https:\/\/lumond.com\/no\/wp-json\/wp\/v2\/product_tag?post=66489"}],"curies":[{"name":"wp","href":"https:\/\/api.w.org\/{rel}","templated":true}]}}