{"id":65167,"date":"2024-06-21T13:55:08","date_gmt":"2024-06-21T13:55:08","guid":{"rendered":"https:\/\/lumond.com\/product\/bluehendes-trio-limette-basilikum-und-zitrusfruechte-wacholder-lavendel-kirschblueten\/"},"modified":"2025-09-24T11:06:05","modified_gmt":"2025-09-24T11:06:05","slug":"blomstrende-trio-lime-basilikum-sitrusfrukter-einer-lavendel-kirsebaerblomster-440g-x-3","status":"publish","type":"product","link":"https:\/\/lumond.com\/no\/produkt\/blomstrende-trio-lime-basilikum-sitrusfrukter-einer-lavendel-kirsebaerblomster-440g-x-3\/","title":{"rendered":"Blomstrende Trio &#8211; Lime, Basilikum &#038; Sitrusfrukter, Einer &#038; Lavendel, Kirseb\u00e6rblomster (440g x 3)"},"content":{"rendered":"<p>Opplev naturens mangfold med v\u00e5rt Blomstrende Trio-sett, som best\u00e5r av lime, basilikum &#038; sitrus, einer &#038; lavendel og kirseb\u00e6rblomster. Hvert lys i en vakkert laget keramikkbeholder byr p\u00e5 en unik duftopplevelse. Etter bruk kan du plante de medf\u00f8lgende fr\u00f8ene for \u00e5 tilf\u00f8re et preg av naturlig eleganse.<\/p>\n<div><b>Vennligst merk:<\/b> Fr\u00f8ene i v\u00e5re lys er sesongbaserte og kan avvike fra det avbildede bildet.<\/div>\n","protected":false},"excerpt":{"rendered":"<p>Opplev naturens mangfold med v\u00e5rt Blomstrende Trio-sett, som best\u00e5r av lime, basilikum &#038; sitrus, einer &#038; lavendel og kirseb\u00e6rblomster. Hvert lys i en vakkert laget keramikkbeholder byr p\u00e5 en unik duftopplevelse. Etter bruk kan du plante de medf\u00f8lgende fr\u00f8ene for \u00e5 tilf\u00f8re et preg av naturlig eleganse. Vennligst merk: Fr\u00f8ene i v\u00e5re lys er sesongbaserte [&hellip;]<\/p>\n","protected":false},"featured_media":65168,"comment_status":"open","ping_status":"closed","template":"","meta":{"_acf_changed":false,"site-sidebar-layout":"default","site-content-layout":"","ast-site-content-layout":"default","site-content-style":"default","site-sidebar-style":"default","ast-global-header-display":"","ast-banner-title-visibility":"","ast-main-header-display":"","ast-hfb-above-header-display":"","ast-hfb-below-header-display":"","ast-hfb-mobile-header-display":"","site-post-title":"","ast-breadcrumbs-content":"","ast-featured-img":"","footer-sml-layout":"","theme-transparent-header-meta":"default","adv-header-id-meta":"","stick-header-meta":"","header-above-stick-meta":"","header-main-stick-meta":"","header-below-stick-meta":"","astra-migrate-meta-layouts":"set","ast-page-background-enabled":"default","ast-page-background-meta":{"desktop":{"background-color":"","background-image":"","background-repeat":"repeat","background-position":"center center","background-size":"auto","background-attachment":"scroll","background-type":"","background-media":"","overlay-type":"","overlay-color":"","overlay-opacity":"","overlay-gradient":""},"tablet":{"background-color":"","background-image":"","background-repeat":"repeat","background-position":"center center","background-size":"auto","background-attachment":"scroll","background-type":"","background-media":"","overlay-type":"","overlay-color":"","overlay-opacity":"","overlay-gradient":""},"mobile":{"background-color":"","background-image":"","background-repeat":"repeat","background-position":"center center","background-size":"auto","background-attachment":"scroll","background-type":"","background-media":"","overlay-type":"","overlay-color":"","overlay-opacity":"","overlay-gradient":""}},"ast-content-background-meta":{"desktop":{"background-color":"var(--ast-global-color-5)","background-image":"","background-repeat":"repeat","background-position":"center center","background-size":"auto","background-attachment":"scroll","background-type":"","background-media":"","overlay-type":"","overlay-color":"","overlay-opacity":"","overlay-gradient":""},"tablet":{"background-color":"var(--ast-global-color-5)","background-image":"","background-repeat":"repeat","background-position":"center center","background-size":"auto","background-attachment":"scroll","background-type":"","background-media":"","overlay-type":"","overlay-color":"","overlay-opacity":"","overlay-gradient":""},"mobile":{"background-color":"var(--ast-global-color-5)","background-image":"","background-repeat":"repeat","background-position":"center center","background-size":"auto","background-attachment":"scroll","background-type":"","background-media":"","overlay-type":"","overlay-color":"","overlay-opacity":"","overlay-gradient":""}}},"product_brand":[],"product_cat":[666,633,656],"product_tag":[662,658],"class_list":{"0":"post-65167","1":"product","2":"type-product","3":"status-publish","4":"has-post-thumbnail","6":"product_cat-blomstrende-tresett","7":"product_cat-duftlys-no","8":"product_cat-soyavokslys","9":"product_tag-stor","10":"product_tag-toasty-no","11":"desktop-align-left","12":"tablet-align-left","13":"mobile-align-left","15":"first","16":"instock","17":"sale","18":"taxable","19":"shipping-taxable","20":"purchasable","21":"product-type-simple"},"acf":[],"yoast_head":"<!-- This site is optimized with the Yoast SEO Premium plugin v23.0 (Yoast SEO v23.0) - https:\/\/yoast.com\/wordpress\/plugins\/seo\/ -->\n<title>Blomstrende Trio - Lime, Basilikum &amp; Sitrusfrukter, Einer &amp; Lavendel, Kirseb\u00e6rblomster (440g x 3) - Lumond<\/title>\n<meta name=\"description\" content=\"Blomstrende Trio-sett: Lime-Basilikum-Sitrus, Einer-Lavendel, Kirseb\u00e6rblomst duftlys i fin keramikk. Mangfoldige naturaromaer. Med fr\u00f8 til planting for varig skj\u00f8nnhet. En variert duftopplevelse og et b\u00e6rekraftig naturinnslag.\" \/>\n<meta name=\"robots\" content=\"index, follow, max-snippet:-1, max-image-preview:large, max-video-preview:-1\" \/>\n<link rel=\"canonical\" href=\"https:\/\/lumond.com\/no\/produkt\/blomstrende-trio-lime-basilikum-sitrusfrukter-einer-lavendel-kirsebaerblomster-440g-x-3\/\" \/>\n<meta property=\"og:locale\" content=\"nb_NO\" \/>\n<meta property=\"og:type\" content=\"article\" \/>\n<meta property=\"og:title\" content=\"Blomstrende Trio - Lime, Basilikum &amp; Sitrusfrukter, Einer &amp; Lavendel, Kirseb\u00e6rblomster (440g x 3) - Lumond\" \/>\n<meta property=\"og:description\" content=\"Blomstrende Trio-sett: Lime-Basilikum-Sitrus, Einer-Lavendel, Kirseb\u00e6rblomst duftlys i fin keramikk. Mangfoldige naturaromaer. Med fr\u00f8 til planting for varig skj\u00f8nnhet. En variert duftopplevelse og et b\u00e6rekraftig naturinnslag.\" \/>\n<meta property=\"og:url\" content=\"https:\/\/lumond.com\/no\/produkt\/blomstrende-trio-lime-basilikum-sitrusfrukter-einer-lavendel-kirsebaerblomster-440g-x-3\/\" \/>\n<meta property=\"og:site_name\" content=\"Lumond\" \/>\n<meta property=\"article:publisher\" content=\"https:\/\/www.facebook.com\/lumond.de\/\" \/>\n<meta property=\"article:modified_time\" content=\"2025-09-24T11:06:05+00:00\" \/>\n<meta property=\"og:image\" content=\"https:\/\/lumond.com\/wp-content\/uploads\/2024\/06\/Bloomig-Triad-lime-basil-and-citrus-Juniper-lavender-cherry-blossoms-Large.webp\" \/>\n\t<meta property=\"og:image:width\" content=\"1080\" \/>\n\t<meta property=\"og:image:height\" content=\"1080\" \/>\n\t<meta property=\"og:image:type\" content=\"image\/webp\" \/>\n<meta name=\"twitter:card\" content=\"summary_large_image\" \/>\n<meta name=\"twitter:description\" content=\"Opplev naturens mangfold med v\u00e5rt Blomstrende Trio-sett, som best\u00e5r av lime, basilikum &amp; sitrus, einer &amp; lavendel og kirseb\u00e6rblomster. Hvert lys i en\" \/>\n<meta name=\"twitter:label1\" content=\"Pris\" \/>\n\t<meta name=\"twitter:data1\" content=\"&euro;&nbsp;179,97\" \/>\n\t<meta name=\"twitter:label2\" content=\"Availability\" \/>\n\t<meta name=\"twitter:data2\" content=\"In stock\" \/>\n<script type=\"application\/ld+json\" class=\"yoast-schema-graph\">{\"@context\":\"https:\/\/schema.org\",\"@graph\":[{\"@type\":[\"WebPage\",\"ItemPage\"],\"@id\":\"https:\/\/lumond.com\/no\/produkt\/blomstrende-trio-lime-basilikum-sitrusfrukter-einer-lavendel-kirsebaerblomster-440g-x-3\/\",\"url\":\"https:\/\/lumond.com\/no\/produkt\/blomstrende-trio-lime-basilikum-sitrusfrukter-einer-lavendel-kirsebaerblomster-440g-x-3\/\",\"name\":\"Blomstrende Trio - Lime, Basilikum & Sitrusfrukter, Einer & Lavendel, Kirseb\u00e6rblomster (440g x 3) - Lumond\",\"isPartOf\":{\"@id\":\"https:\/\/lumond.com\/no\/#website\"},\"primaryImageOfPage\":{\"@id\":\"https:\/\/lumond.com\/no\/produkt\/blomstrende-trio-lime-basilikum-sitrusfrukter-einer-lavendel-kirsebaerblomster-440g-x-3\/#primaryimage\"},\"image\":{\"@id\":\"https:\/\/lumond.com\/no\/produkt\/blomstrende-trio-lime-basilikum-sitrusfrukter-einer-lavendel-kirsebaerblomster-440g-x-3\/#primaryimage\"},\"thumbnailUrl\":\"https:\/\/lumond.com\/wp-content\/uploads\/2024\/06\/Bloomig-Triad-lime-basil-and-citrus-Juniper-lavender-cherry-blossoms-Large.webp\",\"datePublished\":\"2024-06-21T13:55:08+00:00\",\"dateModified\":\"2025-09-24T11:06:05+00:00\",\"description\":\"Blomstrende Trio-sett: Lime-Basilikum-Sitrus, Einer-Lavendel, Kirseb\u00e6rblomst duftlys i fin keramikk. Mangfoldige naturaromaer. Med fr\u00f8 til planting for varig skj\u00f8nnhet. En variert duftopplevelse og et b\u00e6rekraftig naturinnslag.\",\"breadcrumb\":{\"@id\":\"https:\/\/lumond.com\/no\/produkt\/blomstrende-trio-lime-basilikum-sitrusfrukter-einer-lavendel-kirsebaerblomster-440g-x-3\/#breadcrumb\"},\"inLanguage\":\"nb-NO\",\"potentialAction\":[{\"@type\":\"ReadAction\",\"target\":[\"https:\/\/lumond.com\/no\/produkt\/blomstrende-trio-lime-basilikum-sitrusfrukter-einer-lavendel-kirsebaerblomster-440g-x-3\/\"]}]},{\"@type\":\"ImageObject\",\"inLanguage\":\"nb-NO\",\"@id\":\"https:\/\/lumond.com\/no\/produkt\/blomstrende-trio-lime-basilikum-sitrusfrukter-einer-lavendel-kirsebaerblomster-440g-x-3\/#primaryimage\",\"url\":\"https:\/\/lumond.com\/wp-content\/uploads\/2024\/06\/Bloomig-Triad-lime-basil-and-citrus-Juniper-lavender-cherry-blossoms-Large.webp\",\"contentUrl\":\"https:\/\/lumond.com\/wp-content\/uploads\/2024\/06\/Bloomig-Triad-lime-basil-and-citrus-Juniper-lavender-cherry-blossoms-Large.webp\",\"width\":1080,\"height\":1080},{\"@type\":\"BreadcrumbList\",\"@id\":\"https:\/\/lumond.com\/no\/produkt\/blomstrende-trio-lime-basilikum-sitrusfrukter-einer-lavendel-kirsebaerblomster-440g-x-3\/#breadcrumb\",\"itemListElement\":[{\"@type\":\"ListItem\",\"position\":1,\"name\":\"Lumond\",\"item\":\"https:\/\/lumond.com\/no\/\"},{\"@type\":\"ListItem\",\"position\":2,\"name\":\"Products\"},{\"@type\":\"ListItem\",\"position\":3,\"name\":\"Blomstrende tresett\",\"item\":\"https:\/\/lumond.com\/no\/blomstrende-tresett\/\"},{\"@type\":\"ListItem\",\"position\":4,\"name\":\"Blomstrende Trio &#8211; Lime, Basilikum &#038; Sitrusfrukter, Einer &#038; Lavendel, Kirseb\u00e6rblomster (440g x 3)\"}]},{\"@type\":\"WebSite\",\"@id\":\"https:\/\/lumond.com\/no\/#website\",\"url\":\"https:\/\/lumond.com\/no\/\",\"name\":\"Lumond\",\"description\":\"Nachhaltige Keramik Duftkerzen die nach dem Abbrennen zu Pflanzen werden \u2014 einzigartig in Europa\",\"publisher\":{\"@id\":\"https:\/\/lumond.com\/no\/#organization\"},\"alternateName\":\"Lumond\",\"potentialAction\":[{\"@type\":\"SearchAction\",\"target\":{\"@type\":\"EntryPoint\",\"urlTemplate\":\"https:\/\/lumond.com\/no\/?s={search_term_string}\"},\"query-input\":\"required name=search_term_string\"}],\"inLanguage\":\"nb-NO\"},{\"@type\":\"Organization\",\"@id\":\"https:\/\/lumond.com\/no\/#organization\",\"name\":\"Lumond\",\"url\":\"https:\/\/lumond.com\/no\/\",\"logo\":{\"@type\":\"ImageObject\",\"inLanguage\":\"nb-NO\",\"@id\":\"https:\/\/lumond.com\/no\/#\/schema\/logo\/image\/\",\"url\":\"https:\/\/lumond.com\/wp-content\/uploads\/2022\/01\/cropped-40-05.png\",\"contentUrl\":\"https:\/\/lumond.com\/wp-content\/uploads\/2022\/01\/cropped-40-05.png\",\"width\":512,\"height\":512,\"caption\":\"Lumond\"},\"image\":{\"@id\":\"https:\/\/lumond.com\/no\/#\/schema\/logo\/image\/\"},\"sameAs\":[\"https:\/\/www.facebook.com\/lumond.de\/\",\"https:\/\/www.instagram.com\/lumond.de\/\"],\"description\":\"Lumond lager h\u00f8ykvalitets duftlys av naturlig soyavoks i stilige keramikkbeholdere \u2013 b\u00e6rekraftig produsert i Tyskland og med unike duftkomposisjoner. Perfekt for et koselig hjem med sans for milj\u00f8bevissthet og design.\",\"email\":\"info@lumond.de\",\"legalName\":\"Lumond\",\"foundingDate\":\"2021-01-01\",\"ownershipFundingInfo\":\"https:\/\/lumond.com\/ueber-uns\/\",\"correctionsPolicy\":\"https:\/\/lumond.com\/kontakt\/\",\"address\":{\"@type\":\"PostalAddress\",\"streetAddress\":\"Lumond UG\",\"addressLocality\":\"Kolonnenstr. 8\",\"addressRegion\":\"Berlin\",\"postalCode\":\"10827\",\"addressCountry\":\"DE\"}}]}<\/script>\n<meta property=\"product:price:amount\" content=\"179.97\" \/>\n<meta property=\"product:price:currency\" content=\"EUR\" \/>\n<meta property=\"og:availability\" content=\"instock\" \/>\n<meta property=\"product:availability\" content=\"instock\" \/>\n<meta property=\"product:retailer_item_id\" content=\"427-2410-2411-2412\" \/>\n<meta property=\"product:condition\" content=\"new\" \/>\n<!-- \/ Yoast SEO Premium plugin. -->","yoast_head_json":{"title":"Blomstrende Trio - Lime, Basilikum & Sitrusfrukter, Einer & Lavendel, Kirseb\u00e6rblomster (440g x 3) - Lumond","description":"Blomstrende Trio-sett: Lime-Basilikum-Sitrus, Einer-Lavendel, Kirseb\u00e6rblomst duftlys i fin keramikk. Mangfoldige naturaromaer. Med fr\u00f8 til planting for varig skj\u00f8nnhet. En variert duftopplevelse og et b\u00e6rekraftig naturinnslag.","robots":{"index":"index","follow":"follow","max-snippet":"max-snippet:-1","max-image-preview":"max-image-preview:large","max-video-preview":"max-video-preview:-1"},"canonical":"https:\/\/lumond.com\/no\/produkt\/blomstrende-trio-lime-basilikum-sitrusfrukter-einer-lavendel-kirsebaerblomster-440g-x-3\/","og_locale":"nb_NO","og_type":"article","og_title":"Blomstrende Trio - Lime, Basilikum & Sitrusfrukter, Einer & Lavendel, Kirseb\u00e6rblomster (440g x 3) - Lumond","og_description":"Blomstrende Trio-sett: Lime-Basilikum-Sitrus, Einer-Lavendel, Kirseb\u00e6rblomst duftlys i fin keramikk. Mangfoldige naturaromaer. Med fr\u00f8 til planting for varig skj\u00f8nnhet. En variert duftopplevelse og et b\u00e6rekraftig naturinnslag.","og_url":"https:\/\/lumond.com\/no\/produkt\/blomstrende-trio-lime-basilikum-sitrusfrukter-einer-lavendel-kirsebaerblomster-440g-x-3\/","og_site_name":"Lumond","article_publisher":"https:\/\/www.facebook.com\/lumond.de\/","article_modified_time":"2025-09-24T11:06:05+00:00","og_image":[{"width":1080,"height":1080,"url":"https:\/\/lumond.com\/wp-content\/uploads\/2024\/06\/Bloomig-Triad-lime-basil-and-citrus-Juniper-lavender-cherry-blossoms-Large.webp","type":"image\/webp"}],"twitter_card":"summary_large_image","twitter_description":"Opplev naturens mangfold med v\u00e5rt Blomstrende Trio-sett, som best\u00e5r av lime, basilikum & sitrus, einer & lavendel og kirseb\u00e6rblomster. Hvert lys i en","twitter_misc":{"Pris":"&euro;&nbsp;179,97","Availability":"In stock"},"schema":{"@context":"https:\/\/schema.org","@graph":[{"@type":["WebPage","ItemPage"],"@id":"https:\/\/lumond.com\/no\/produkt\/blomstrende-trio-lime-basilikum-sitrusfrukter-einer-lavendel-kirsebaerblomster-440g-x-3\/","url":"https:\/\/lumond.com\/no\/produkt\/blomstrende-trio-lime-basilikum-sitrusfrukter-einer-lavendel-kirsebaerblomster-440g-x-3\/","name":"Blomstrende Trio - Lime, Basilikum & Sitrusfrukter, Einer & Lavendel, Kirseb\u00e6rblomster (440g x 3) - Lumond","isPartOf":{"@id":"https:\/\/lumond.com\/no\/#website"},"primaryImageOfPage":{"@id":"https:\/\/lumond.com\/no\/produkt\/blomstrende-trio-lime-basilikum-sitrusfrukter-einer-lavendel-kirsebaerblomster-440g-x-3\/#primaryimage"},"image":{"@id":"https:\/\/lumond.com\/no\/produkt\/blomstrende-trio-lime-basilikum-sitrusfrukter-einer-lavendel-kirsebaerblomster-440g-x-3\/#primaryimage"},"thumbnailUrl":"https:\/\/lumond.com\/wp-content\/uploads\/2024\/06\/Bloomig-Triad-lime-basil-and-citrus-Juniper-lavender-cherry-blossoms-Large.webp","datePublished":"2024-06-21T13:55:08+00:00","dateModified":"2025-09-24T11:06:05+00:00","description":"Blomstrende Trio-sett: Lime-Basilikum-Sitrus, Einer-Lavendel, Kirseb\u00e6rblomst duftlys i fin keramikk. Mangfoldige naturaromaer. Med fr\u00f8 til planting for varig skj\u00f8nnhet. En variert duftopplevelse og et b\u00e6rekraftig naturinnslag.","breadcrumb":{"@id":"https:\/\/lumond.com\/no\/produkt\/blomstrende-trio-lime-basilikum-sitrusfrukter-einer-lavendel-kirsebaerblomster-440g-x-3\/#breadcrumb"},"inLanguage":"nb-NO","potentialAction":[{"@type":"ReadAction","target":["https:\/\/lumond.com\/no\/produkt\/blomstrende-trio-lime-basilikum-sitrusfrukter-einer-lavendel-kirsebaerblomster-440g-x-3\/"]}]},{"@type":"ImageObject","inLanguage":"nb-NO","@id":"https:\/\/lumond.com\/no\/produkt\/blomstrende-trio-lime-basilikum-sitrusfrukter-einer-lavendel-kirsebaerblomster-440g-x-3\/#primaryimage","url":"https:\/\/lumond.com\/wp-content\/uploads\/2024\/06\/Bloomig-Triad-lime-basil-and-citrus-Juniper-lavender-cherry-blossoms-Large.webp","contentUrl":"https:\/\/lumond.com\/wp-content\/uploads\/2024\/06\/Bloomig-Triad-lime-basil-and-citrus-Juniper-lavender-cherry-blossoms-Large.webp","width":1080,"height":1080},{"@type":"BreadcrumbList","@id":"https:\/\/lumond.com\/no\/produkt\/blomstrende-trio-lime-basilikum-sitrusfrukter-einer-lavendel-kirsebaerblomster-440g-x-3\/#breadcrumb","itemListElement":[{"@type":"ListItem","position":1,"name":"Lumond","item":"https:\/\/lumond.com\/no\/"},{"@type":"ListItem","position":2,"name":"Products"},{"@type":"ListItem","position":3,"name":"Blomstrende tresett","item":"https:\/\/lumond.com\/no\/blomstrende-tresett\/"},{"@type":"ListItem","position":4,"name":"Blomstrende Trio &#8211; Lime, Basilikum &#038; Sitrusfrukter, Einer &#038; Lavendel, Kirseb\u00e6rblomster (440g x 3)"}]},{"@type":"WebSite","@id":"https:\/\/lumond.com\/no\/#website","url":"https:\/\/lumond.com\/no\/","name":"Lumond","description":"Nachhaltige Keramik Duftkerzen die nach dem Abbrennen zu Pflanzen werden \u2014 einzigartig in Europa","publisher":{"@id":"https:\/\/lumond.com\/no\/#organization"},"alternateName":"Lumond","potentialAction":[{"@type":"SearchAction","target":{"@type":"EntryPoint","urlTemplate":"https:\/\/lumond.com\/no\/?s={search_term_string}"},"query-input":"required name=search_term_string"}],"inLanguage":"nb-NO"},{"@type":"Organization","@id":"https:\/\/lumond.com\/no\/#organization","name":"Lumond","url":"https:\/\/lumond.com\/no\/","logo":{"@type":"ImageObject","inLanguage":"nb-NO","@id":"https:\/\/lumond.com\/no\/#\/schema\/logo\/image\/","url":"https:\/\/lumond.com\/wp-content\/uploads\/2022\/01\/cropped-40-05.png","contentUrl":"https:\/\/lumond.com\/wp-content\/uploads\/2022\/01\/cropped-40-05.png","width":512,"height":512,"caption":"Lumond"},"image":{"@id":"https:\/\/lumond.com\/no\/#\/schema\/logo\/image\/"},"sameAs":["https:\/\/www.facebook.com\/lumond.de\/","https:\/\/www.instagram.com\/lumond.de\/"],"description":"Lumond lager h\u00f8ykvalitets duftlys av naturlig soyavoks i stilige keramikkbeholdere \u2013 b\u00e6rekraftig produsert i Tyskland og med unike duftkomposisjoner. Perfekt for et koselig hjem med sans for milj\u00f8bevissthet og design.","email":"info@lumond.de","legalName":"Lumond","foundingDate":"2021-01-01","ownershipFundingInfo":"https:\/\/lumond.com\/ueber-uns\/","correctionsPolicy":"https:\/\/lumond.com\/kontakt\/","address":{"@type":"PostalAddress","streetAddress":"Lumond UG","addressLocality":"Kolonnenstr. 8","addressRegion":"Berlin","postalCode":"10827","addressCountry":"DE"}}]},"product_price_amount":"179.97","product_price_currency":"EUR","og_availability":"instock","product_availability":"instock","product_retailer_item_id":"427-2410-2411-2412","product_condition":"new"},"_links":{"self":[{"href":"https:\/\/lumond.com\/no\/wp-json\/wp\/v2\/product\/65167","targetHints":{"allow":["GET"]}}],"collection":[{"href":"https:\/\/lumond.com\/no\/wp-json\/wp\/v2\/product"}],"about":[{"href":"https:\/\/lumond.com\/no\/wp-json\/wp\/v2\/types\/product"}],"replies":[{"embeddable":true,"href":"https:\/\/lumond.com\/no\/wp-json\/wp\/v2\/comments?post=65167"}],"wp:featuredmedia":[{"embeddable":true,"href":"https:\/\/lumond.com\/no\/wp-json\/wp\/v2\/media\/65168"}],"wp:attachment":[{"href":"https:\/\/lumond.com\/no\/wp-json\/wp\/v2\/media?parent=65167"}],"wp:term":[{"taxonomy":"product_brand","embeddable":true,"href":"https:\/\/lumond.com\/no\/wp-json\/wp\/v2\/product_brand?post=65167"},{"taxonomy":"product_cat","embeddable":true,"href":"https:\/\/lumond.com\/no\/wp-json\/wp\/v2\/product_cat?post=65167"},{"taxonomy":"product_tag","embeddable":true,"href":"https:\/\/lumond.com\/no\/wp-json\/wp\/v2\/product_tag?post=65167"}],"curies":[{"name":"wp","href":"https:\/\/api.w.org\/{rel}","templated":true}]}}