{"id":65021,"date":"2024-06-21T16:54:35","date_gmt":"2024-06-21T16:54:35","guid":{"rendered":"https:\/\/lumond.com\/product\/bluehendes-trio-meersalz-salbei-englische-birne-freesie-zitronengras-bergamotte-2\/"},"modified":"2025-09-24T10:12:55","modified_gmt":"2025-09-24T10:12:55","slug":"blomstrende-trio-havsalt-salvie-engelsk-paere-fresia-sitrongress-bergamott-220g-x-3","status":"publish","type":"product","link":"https:\/\/lumond.com\/no\/produkt\/blomstrende-trio-havsalt-salvie-engelsk-paere-fresia-sitrongress-bergamott-220g-x-3\/","title":{"rendered":"Blomstrende Trio &#8211; Havsalt &#038; Salvie, Engelsk P\u00e6re &#038; Fresia, Sitrongress &#038; Bergamott (220g x 3)"},"content":{"rendered":"<p>Nyt v\u00e5rt Blomstrende Trio-sett med havsalt &#038; salvie, engelsk p\u00e6re &#038; fresia og sitrongress &#038; bergamott. Hvert lys i en h\u00e5ndlaget keramikkbeholder byr p\u00e5 en unik duftopplevelse. Etter bruk kan du plante de medf\u00f8lgende fr\u00f8ene i pottene for \u00e5 tilf\u00f8re hjemmet ditt et preg av naturlig eleganse.<\/p>\n<div><b>Vennligst merk:<\/b> Fr\u00f8ene i v\u00e5re lys er sesongbaserte og kan avvike fra det avbildede bildet.<\/div>\n","protected":false},"excerpt":{"rendered":"<p>Nyt v\u00e5rt Blomstrende Trio-sett med havsalt &#038; salvie, engelsk p\u00e6re &#038; fresia og sitrongress &#038; bergamott. Hvert lys i en h\u00e5ndlaget keramikkbeholder byr p\u00e5 en unik duftopplevelse. Etter bruk kan du plante de medf\u00f8lgende fr\u00f8ene i pottene for \u00e5 tilf\u00f8re hjemmet ditt et preg av naturlig eleganse. Vennligst merk: Fr\u00f8ene i v\u00e5re lys er sesongbaserte [&hellip;]<\/p>\n","protected":false},"featured_media":65022,"comment_status":"open","ping_status":"closed","template":"","meta":{"_acf_changed":false,"site-sidebar-layout":"default","site-content-layout":"","ast-site-content-layout":"default","site-content-style":"default","site-sidebar-style":"default","ast-global-header-display":"","ast-banner-title-visibility":"","ast-main-header-display":"","ast-hfb-above-header-display":"","ast-hfb-below-header-display":"","ast-hfb-mobile-header-display":"","site-post-title":"","ast-breadcrumbs-content":"","ast-featured-img":"","footer-sml-layout":"","theme-transparent-header-meta":"default","adv-header-id-meta":"","stick-header-meta":"","header-above-stick-meta":"","header-main-stick-meta":"","header-below-stick-meta":"","astra-migrate-meta-layouts":"set","ast-page-background-enabled":"default","ast-page-background-meta":{"desktop":{"background-color":"","background-image":"","background-repeat":"repeat","background-position":"center center","background-size":"auto","background-attachment":"scroll","background-type":"","background-media":"","overlay-type":"","overlay-color":"","overlay-opacity":"","overlay-gradient":""},"tablet":{"background-color":"","background-image":"","background-repeat":"repeat","background-position":"center center","background-size":"auto","background-attachment":"scroll","background-type":"","background-media":"","overlay-type":"","overlay-color":"","overlay-opacity":"","overlay-gradient":""},"mobile":{"background-color":"","background-image":"","background-repeat":"repeat","background-position":"center center","background-size":"auto","background-attachment":"scroll","background-type":"","background-media":"","overlay-type":"","overlay-color":"","overlay-opacity":"","overlay-gradient":""}},"ast-content-background-meta":{"desktop":{"background-color":"var(--ast-global-color-5)","background-image":"","background-repeat":"repeat","background-position":"center center","background-size":"auto","background-attachment":"scroll","background-type":"","background-media":"","overlay-type":"","overlay-color":"","overlay-opacity":"","overlay-gradient":""},"tablet":{"background-color":"var(--ast-global-color-5)","background-image":"","background-repeat":"repeat","background-position":"center center","background-size":"auto","background-attachment":"scroll","background-type":"","background-media":"","overlay-type":"","overlay-color":"","overlay-opacity":"","overlay-gradient":""},"mobile":{"background-color":"var(--ast-global-color-5)","background-image":"","background-repeat":"repeat","background-position":"center center","background-size":"auto","background-attachment":"scroll","background-type":"","background-media":"","overlay-type":"","overlay-color":"","overlay-opacity":"","overlay-gradient":""}}},"product_brand":[],"product_cat":[666,633,656],"product_tag":[657,658],"class_list":{"0":"post-65021","1":"product","2":"type-product","3":"status-publish","4":"has-post-thumbnail","6":"product_cat-blomstrende-tresett","7":"product_cat-duftlys-no","8":"product_cat-soyavokslys","9":"product_tag-middels","10":"product_tag-toasty-no","11":"desktop-align-left","12":"tablet-align-left","13":"mobile-align-left","15":"first","16":"outofstock","17":"taxable","18":"shipping-taxable","19":"purchasable","20":"product-type-simple"},"acf":[],"yoast_head":"<!-- This site is optimized with the Yoast SEO Premium plugin v23.0 (Yoast SEO v23.0) - https:\/\/yoast.com\/wordpress\/plugins\/seo\/ -->\n<title>Blomstrende Trio - Havsalt &amp; Salvie, Engelsk P\u00e6re &amp; Fresia, Sitrongress &amp; Bergamott (220g x 3) - Lumond<\/title>\n<meta name=\"description\" content=\"Blomstrende Trio-sett: Duftlys i keramikk med Havsalt &amp; Salvie, P\u00e6re &amp; Fresia, Sitrongress &amp; Bergamott. Inkluderer fr\u00f8 til planting. Naturlig eleganse for hjemmet ditt.\" \/>\n<meta name=\"robots\" content=\"index, follow, max-snippet:-1, max-image-preview:large, max-video-preview:-1\" \/>\n<link rel=\"canonical\" href=\"https:\/\/lumond.com\/no\/produkt\/blomstrende-trio-havsalt-salvie-engelsk-paere-fresia-sitrongress-bergamott-220g-x-3\/\" \/>\n<meta property=\"og:locale\" content=\"nb_NO\" \/>\n<meta property=\"og:type\" content=\"article\" \/>\n<meta property=\"og:title\" content=\"Blomstrende Trio - Havsalt &amp; Salvie, Engelsk P\u00e6re &amp; Fresia, Sitrongress &amp; Bergamott (220g x 3) - Lumond\" \/>\n<meta property=\"og:description\" content=\"Blomstrende Trio-sett: Duftlys i keramikk med Havsalt &amp; Salvie, P\u00e6re &amp; Fresia, Sitrongress &amp; Bergamott. Inkluderer fr\u00f8 til planting. Naturlig eleganse for hjemmet ditt.\" \/>\n<meta property=\"og:url\" content=\"https:\/\/lumond.com\/no\/produkt\/blomstrende-trio-havsalt-salvie-engelsk-paere-fresia-sitrongress-bergamott-220g-x-3\/\" \/>\n<meta property=\"og:site_name\" content=\"Lumond\" \/>\n<meta property=\"article:publisher\" content=\"https:\/\/www.facebook.com\/lumond.de\/\" \/>\n<meta property=\"article:modified_time\" content=\"2025-09-24T10:12:55+00:00\" \/>\n<meta property=\"og:image\" content=\"https:\/\/lumond.com\/wp-content\/uploads\/2024\/06\/Bloomig-Triad-Sea-Salt-Sage-English-pear-freesia-Lemon-grass-bergamot-medium.webp\" \/>\n\t<meta property=\"og:image:width\" content=\"1080\" \/>\n\t<meta property=\"og:image:height\" content=\"1080\" \/>\n\t<meta property=\"og:image:type\" content=\"image\/webp\" \/>\n<meta name=\"twitter:card\" content=\"summary_large_image\" \/>\n<meta name=\"twitter:description\" content=\"Nyt v\u00e5rt Blomstrende Trio-sett med havsalt &amp; salvie, engelsk p\u00e6re &amp; fresia og sitrongress &amp; bergamott. Hvert lys i en h\u00e5ndlaget keramikkbeholder byr p\u00e5 en\" \/>\n<meta name=\"twitter:label1\" content=\"Pris\" \/>\n\t<meta name=\"twitter:data1\" content=\"&euro;&nbsp;119,97\" \/>\n\t<meta name=\"twitter:label2\" content=\"Availability\" \/>\n\t<meta name=\"twitter:data2\" content=\"Out of stock\" \/>\n<script type=\"application\/ld+json\" class=\"yoast-schema-graph\">{\"@context\":\"https:\/\/schema.org\",\"@graph\":[{\"@type\":[\"WebPage\",\"ItemPage\"],\"@id\":\"https:\/\/lumond.com\/no\/produkt\/blomstrende-trio-havsalt-salvie-engelsk-paere-fresia-sitrongress-bergamott-220g-x-3\/\",\"url\":\"https:\/\/lumond.com\/no\/produkt\/blomstrende-trio-havsalt-salvie-engelsk-paere-fresia-sitrongress-bergamott-220g-x-3\/\",\"name\":\"Blomstrende Trio - Havsalt & Salvie, Engelsk P\u00e6re & Fresia, Sitrongress & Bergamott (220g x 3) - Lumond\",\"isPartOf\":{\"@id\":\"https:\/\/lumond.com\/no\/#website\"},\"primaryImageOfPage\":{\"@id\":\"https:\/\/lumond.com\/no\/produkt\/blomstrende-trio-havsalt-salvie-engelsk-paere-fresia-sitrongress-bergamott-220g-x-3\/#primaryimage\"},\"image\":{\"@id\":\"https:\/\/lumond.com\/no\/produkt\/blomstrende-trio-havsalt-salvie-engelsk-paere-fresia-sitrongress-bergamott-220g-x-3\/#primaryimage\"},\"thumbnailUrl\":\"https:\/\/lumond.com\/wp-content\/uploads\/2024\/06\/Bloomig-Triad-Sea-Salt-Sage-English-pear-freesia-Lemon-grass-bergamot-medium.webp\",\"datePublished\":\"2024-06-21T16:54:35+00:00\",\"dateModified\":\"2025-09-24T10:12:55+00:00\",\"description\":\"Blomstrende Trio-sett: Duftlys i keramikk med Havsalt & Salvie, P\u00e6re & Fresia, Sitrongress & Bergamott. Inkluderer fr\u00f8 til planting. Naturlig eleganse for hjemmet ditt.\",\"breadcrumb\":{\"@id\":\"https:\/\/lumond.com\/no\/produkt\/blomstrende-trio-havsalt-salvie-engelsk-paere-fresia-sitrongress-bergamott-220g-x-3\/#breadcrumb\"},\"inLanguage\":\"nb-NO\",\"potentialAction\":[{\"@type\":\"ReadAction\",\"target\":[\"https:\/\/lumond.com\/no\/produkt\/blomstrende-trio-havsalt-salvie-engelsk-paere-fresia-sitrongress-bergamott-220g-x-3\/\"]}]},{\"@type\":\"ImageObject\",\"inLanguage\":\"nb-NO\",\"@id\":\"https:\/\/lumond.com\/no\/produkt\/blomstrende-trio-havsalt-salvie-engelsk-paere-fresia-sitrongress-bergamott-220g-x-3\/#primaryimage\",\"url\":\"https:\/\/lumond.com\/wp-content\/uploads\/2024\/06\/Bloomig-Triad-Sea-Salt-Sage-English-pear-freesia-Lemon-grass-bergamot-medium.webp\",\"contentUrl\":\"https:\/\/lumond.com\/wp-content\/uploads\/2024\/06\/Bloomig-Triad-Sea-Salt-Sage-English-pear-freesia-Lemon-grass-bergamot-medium.webp\",\"width\":1080,\"height\":1080},{\"@type\":\"BreadcrumbList\",\"@id\":\"https:\/\/lumond.com\/no\/produkt\/blomstrende-trio-havsalt-salvie-engelsk-paere-fresia-sitrongress-bergamott-220g-x-3\/#breadcrumb\",\"itemListElement\":[{\"@type\":\"ListItem\",\"position\":1,\"name\":\"Lumond\",\"item\":\"https:\/\/lumond.com\/no\/\"},{\"@type\":\"ListItem\",\"position\":2,\"name\":\"Products\"},{\"@type\":\"ListItem\",\"position\":3,\"name\":\"Duftlys\",\"item\":\"https:\/\/lumond.com\/no\/duftlys-no\/\"},{\"@type\":\"ListItem\",\"position\":4,\"name\":\"Blomstrende Trio &#8211; Havsalt &#038; Salvie, Engelsk P\u00e6re &#038; Fresia, Sitrongress &#038; Bergamott (220g x 3)\"}]},{\"@type\":\"WebSite\",\"@id\":\"https:\/\/lumond.com\/no\/#website\",\"url\":\"https:\/\/lumond.com\/no\/\",\"name\":\"Lumond\",\"description\":\"Nachhaltige Keramik Duftkerzen die nach dem Abbrennen zu Pflanzen werden \u2014 einzigartig in Europa\",\"publisher\":{\"@id\":\"https:\/\/lumond.com\/no\/#organization\"},\"alternateName\":\"Lumond\",\"potentialAction\":[{\"@type\":\"SearchAction\",\"target\":{\"@type\":\"EntryPoint\",\"urlTemplate\":\"https:\/\/lumond.com\/no\/?s={search_term_string}\"},\"query-input\":\"required name=search_term_string\"}],\"inLanguage\":\"nb-NO\"},{\"@type\":\"Organization\",\"@id\":\"https:\/\/lumond.com\/no\/#organization\",\"name\":\"Lumond\",\"url\":\"https:\/\/lumond.com\/no\/\",\"logo\":{\"@type\":\"ImageObject\",\"inLanguage\":\"nb-NO\",\"@id\":\"https:\/\/lumond.com\/no\/#\/schema\/logo\/image\/\",\"url\":\"https:\/\/lumond.com\/wp-content\/uploads\/2022\/01\/cropped-40-05.png\",\"contentUrl\":\"https:\/\/lumond.com\/wp-content\/uploads\/2022\/01\/cropped-40-05.png\",\"width\":512,\"height\":512,\"caption\":\"Lumond\"},\"image\":{\"@id\":\"https:\/\/lumond.com\/no\/#\/schema\/logo\/image\/\"},\"sameAs\":[\"https:\/\/www.facebook.com\/lumond.de\/\",\"https:\/\/www.instagram.com\/lumond.de\/\"],\"description\":\"Lumond lager h\u00f8ykvalitets duftlys av naturlig soyavoks i stilige keramikkbeholdere \u2013 b\u00e6rekraftig produsert i Tyskland og med unike duftkomposisjoner. Perfekt for et koselig hjem med sans for milj\u00f8bevissthet og design.\",\"email\":\"info@lumond.de\",\"legalName\":\"Lumond\",\"foundingDate\":\"2021-01-01\",\"ownershipFundingInfo\":\"https:\/\/lumond.com\/ueber-uns\/\",\"correctionsPolicy\":\"https:\/\/lumond.com\/kontakt\/\",\"address\":{\"@type\":\"PostalAddress\",\"streetAddress\":\"Lumond UG\",\"addressLocality\":\"Kolonnenstr. 8\",\"addressRegion\":\"Berlin\",\"postalCode\":\"10827\",\"addressCountry\":\"DE\"}}]}<\/script>\n<meta property=\"product:price:amount\" content=\"119.97\" \/>\n<meta property=\"product:price:currency\" content=\"EUR\" \/>\n<meta property=\"og:availability\" content=\"out of stock\" \/>\n<meta property=\"product:availability\" content=\"out of stock\" \/>\n<meta property=\"product:retailer_item_id\" content=\"427-244-245-246\" \/>\n<meta property=\"product:condition\" content=\"new\" \/>\n<!-- \/ Yoast SEO Premium plugin. -->","yoast_head_json":{"title":"Blomstrende Trio - Havsalt & Salvie, Engelsk P\u00e6re & Fresia, Sitrongress & Bergamott (220g x 3) - Lumond","description":"Blomstrende Trio-sett: Duftlys i keramikk med Havsalt & Salvie, P\u00e6re & Fresia, Sitrongress & Bergamott. Inkluderer fr\u00f8 til planting. Naturlig eleganse for hjemmet ditt.","robots":{"index":"index","follow":"follow","max-snippet":"max-snippet:-1","max-image-preview":"max-image-preview:large","max-video-preview":"max-video-preview:-1"},"canonical":"https:\/\/lumond.com\/no\/produkt\/blomstrende-trio-havsalt-salvie-engelsk-paere-fresia-sitrongress-bergamott-220g-x-3\/","og_locale":"nb_NO","og_type":"article","og_title":"Blomstrende Trio - Havsalt & Salvie, Engelsk P\u00e6re & Fresia, Sitrongress & Bergamott (220g x 3) - Lumond","og_description":"Blomstrende Trio-sett: Duftlys i keramikk med Havsalt & Salvie, P\u00e6re & Fresia, Sitrongress & Bergamott. Inkluderer fr\u00f8 til planting. Naturlig eleganse for hjemmet ditt.","og_url":"https:\/\/lumond.com\/no\/produkt\/blomstrende-trio-havsalt-salvie-engelsk-paere-fresia-sitrongress-bergamott-220g-x-3\/","og_site_name":"Lumond","article_publisher":"https:\/\/www.facebook.com\/lumond.de\/","article_modified_time":"2025-09-24T10:12:55+00:00","og_image":[{"width":1080,"height":1080,"url":"https:\/\/lumond.com\/wp-content\/uploads\/2024\/06\/Bloomig-Triad-Sea-Salt-Sage-English-pear-freesia-Lemon-grass-bergamot-medium.webp","type":"image\/webp"}],"twitter_card":"summary_large_image","twitter_description":"Nyt v\u00e5rt Blomstrende Trio-sett med havsalt & salvie, engelsk p\u00e6re & fresia og sitrongress & bergamott. Hvert lys i en h\u00e5ndlaget keramikkbeholder byr p\u00e5 en","twitter_misc":{"Pris":"&euro;&nbsp;119,97","Availability":"Out of stock"},"schema":{"@context":"https:\/\/schema.org","@graph":[{"@type":["WebPage","ItemPage"],"@id":"https:\/\/lumond.com\/no\/produkt\/blomstrende-trio-havsalt-salvie-engelsk-paere-fresia-sitrongress-bergamott-220g-x-3\/","url":"https:\/\/lumond.com\/no\/produkt\/blomstrende-trio-havsalt-salvie-engelsk-paere-fresia-sitrongress-bergamott-220g-x-3\/","name":"Blomstrende Trio - Havsalt & Salvie, Engelsk P\u00e6re & Fresia, Sitrongress & Bergamott (220g x 3) - Lumond","isPartOf":{"@id":"https:\/\/lumond.com\/no\/#website"},"primaryImageOfPage":{"@id":"https:\/\/lumond.com\/no\/produkt\/blomstrende-trio-havsalt-salvie-engelsk-paere-fresia-sitrongress-bergamott-220g-x-3\/#primaryimage"},"image":{"@id":"https:\/\/lumond.com\/no\/produkt\/blomstrende-trio-havsalt-salvie-engelsk-paere-fresia-sitrongress-bergamott-220g-x-3\/#primaryimage"},"thumbnailUrl":"https:\/\/lumond.com\/wp-content\/uploads\/2024\/06\/Bloomig-Triad-Sea-Salt-Sage-English-pear-freesia-Lemon-grass-bergamot-medium.webp","datePublished":"2024-06-21T16:54:35+00:00","dateModified":"2025-09-24T10:12:55+00:00","description":"Blomstrende Trio-sett: Duftlys i keramikk med Havsalt & Salvie, P\u00e6re & Fresia, Sitrongress & Bergamott. Inkluderer fr\u00f8 til planting. Naturlig eleganse for hjemmet ditt.","breadcrumb":{"@id":"https:\/\/lumond.com\/no\/produkt\/blomstrende-trio-havsalt-salvie-engelsk-paere-fresia-sitrongress-bergamott-220g-x-3\/#breadcrumb"},"inLanguage":"nb-NO","potentialAction":[{"@type":"ReadAction","target":["https:\/\/lumond.com\/no\/produkt\/blomstrende-trio-havsalt-salvie-engelsk-paere-fresia-sitrongress-bergamott-220g-x-3\/"]}]},{"@type":"ImageObject","inLanguage":"nb-NO","@id":"https:\/\/lumond.com\/no\/produkt\/blomstrende-trio-havsalt-salvie-engelsk-paere-fresia-sitrongress-bergamott-220g-x-3\/#primaryimage","url":"https:\/\/lumond.com\/wp-content\/uploads\/2024\/06\/Bloomig-Triad-Sea-Salt-Sage-English-pear-freesia-Lemon-grass-bergamot-medium.webp","contentUrl":"https:\/\/lumond.com\/wp-content\/uploads\/2024\/06\/Bloomig-Triad-Sea-Salt-Sage-English-pear-freesia-Lemon-grass-bergamot-medium.webp","width":1080,"height":1080},{"@type":"BreadcrumbList","@id":"https:\/\/lumond.com\/no\/produkt\/blomstrende-trio-havsalt-salvie-engelsk-paere-fresia-sitrongress-bergamott-220g-x-3\/#breadcrumb","itemListElement":[{"@type":"ListItem","position":1,"name":"Lumond","item":"https:\/\/lumond.com\/no\/"},{"@type":"ListItem","position":2,"name":"Products"},{"@type":"ListItem","position":3,"name":"Duftlys","item":"https:\/\/lumond.com\/no\/duftlys-no\/"},{"@type":"ListItem","position":4,"name":"Blomstrende Trio &#8211; Havsalt &#038; Salvie, Engelsk P\u00e6re &#038; Fresia, Sitrongress &#038; Bergamott (220g x 3)"}]},{"@type":"WebSite","@id":"https:\/\/lumond.com\/no\/#website","url":"https:\/\/lumond.com\/no\/","name":"Lumond","description":"Nachhaltige Keramik Duftkerzen die nach dem Abbrennen zu Pflanzen werden \u2014 einzigartig in Europa","publisher":{"@id":"https:\/\/lumond.com\/no\/#organization"},"alternateName":"Lumond","potentialAction":[{"@type":"SearchAction","target":{"@type":"EntryPoint","urlTemplate":"https:\/\/lumond.com\/no\/?s={search_term_string}"},"query-input":"required name=search_term_string"}],"inLanguage":"nb-NO"},{"@type":"Organization","@id":"https:\/\/lumond.com\/no\/#organization","name":"Lumond","url":"https:\/\/lumond.com\/no\/","logo":{"@type":"ImageObject","inLanguage":"nb-NO","@id":"https:\/\/lumond.com\/no\/#\/schema\/logo\/image\/","url":"https:\/\/lumond.com\/wp-content\/uploads\/2022\/01\/cropped-40-05.png","contentUrl":"https:\/\/lumond.com\/wp-content\/uploads\/2022\/01\/cropped-40-05.png","width":512,"height":512,"caption":"Lumond"},"image":{"@id":"https:\/\/lumond.com\/no\/#\/schema\/logo\/image\/"},"sameAs":["https:\/\/www.facebook.com\/lumond.de\/","https:\/\/www.instagram.com\/lumond.de\/"],"description":"Lumond lager h\u00f8ykvalitets duftlys av naturlig soyavoks i stilige keramikkbeholdere \u2013 b\u00e6rekraftig produsert i Tyskland og med unike duftkomposisjoner. Perfekt for et koselig hjem med sans for milj\u00f8bevissthet og design.","email":"info@lumond.de","legalName":"Lumond","foundingDate":"2021-01-01","ownershipFundingInfo":"https:\/\/lumond.com\/ueber-uns\/","correctionsPolicy":"https:\/\/lumond.com\/kontakt\/","address":{"@type":"PostalAddress","streetAddress":"Lumond UG","addressLocality":"Kolonnenstr. 8","addressRegion":"Berlin","postalCode":"10827","addressCountry":"DE"}}]},"product_price_amount":"119.97","product_price_currency":"EUR","og_availability":"out of stock","product_availability":"out of stock","product_retailer_item_id":"427-244-245-246","product_condition":"new"},"_links":{"self":[{"href":"https:\/\/lumond.com\/no\/wp-json\/wp\/v2\/product\/65021","targetHints":{"allow":["GET"]}}],"collection":[{"href":"https:\/\/lumond.com\/no\/wp-json\/wp\/v2\/product"}],"about":[{"href":"https:\/\/lumond.com\/no\/wp-json\/wp\/v2\/types\/product"}],"replies":[{"embeddable":true,"href":"https:\/\/lumond.com\/no\/wp-json\/wp\/v2\/comments?post=65021"}],"wp:featuredmedia":[{"embeddable":true,"href":"https:\/\/lumond.com\/no\/wp-json\/wp\/v2\/media\/65022"}],"wp:attachment":[{"href":"https:\/\/lumond.com\/no\/wp-json\/wp\/v2\/media?parent=65021"}],"wp:term":[{"taxonomy":"product_brand","embeddable":true,"href":"https:\/\/lumond.com\/no\/wp-json\/wp\/v2\/product_brand?post=65021"},{"taxonomy":"product_cat","embeddable":true,"href":"https:\/\/lumond.com\/no\/wp-json\/wp\/v2\/product_cat?post=65021"},{"taxonomy":"product_tag","embeddable":true,"href":"https:\/\/lumond.com\/no\/wp-json\/wp\/v2\/product_tag?post=65021"}],"curies":[{"name":"wp","href":"https:\/\/api.w.org\/{rel}","templated":true}]}}