{"id":64849,"date":"2025-05-07T05:23:25","date_gmt":"2025-05-07T05:23:25","guid":{"rendered":"https:\/\/lumond.com\/product\/bluehende-keramikkerze-sandelholz-jasmin-440g\/"},"modified":"2025-09-24T06:38:48","modified_gmt":"2025-09-24T06:38:48","slug":"blomstrende-keramikklys-sandeltre-jasmin-440g","status":"publish","type":"product","link":"https:\/\/lumond.com\/no\/produkt\/blomstrende-keramikklys-sandeltre-jasmin-440g\/","title":{"rendered":"Blomstrende keramikklys &#8211; Sandeltre &#038; Jasmin &#8211; 440g"},"content":{"rendered":"<p>Gi rommet ditt en sanselig, beroligende aura med den forf\u00f8rende duften av sandeltre &amp; jasmin. Dette lyset, innfattet i et kunstferdig utformet keramikkbeholder, forener den varme, treaktige dybden av sandeltre med den blomstrende elegansen av jasmin og skaper en harmonisk, avslappende atmosf\u00e6re. Etter at lyset er brent ned, kan du plante de medf\u00f8lgende fr\u00f8ene i keramikkpotten for \u00e5 tilf\u00f8re hjemmet ditt et preg av naturlig skj\u00f8nnhet og ro.<\/p>\n<div><strong>Vennligst merk:<\/strong> Fr\u00f8ene i v\u00e5re lys er sesongbaserte og kan avvike fra det avbildede bildet.<\/div>\n","protected":false},"excerpt":{"rendered":"<p>Gi rommet ditt en sanselig, beroligende aura med den forf\u00f8rende duften av sandeltre &amp; jasmin. Dette lyset, innfattet i et kunstferdig utformet keramikkbeholder, forener den varme, treaktige dybden av sandeltre med den blomstrende elegansen av jasmin og skaper en harmonisk, avslappende atmosf\u00e6re. Etter at lyset er brent ned, kan du plante de medf\u00f8lgende fr\u00f8ene i [&hellip;]<\/p>\n","protected":false},"featured_media":64852,"comment_status":"closed","ping_status":"closed","template":"","meta":{"_acf_changed":false,"site-sidebar-layout":"default","site-content-layout":"","ast-site-content-layout":"default","site-content-style":"default","site-sidebar-style":"default","ast-global-header-display":"","ast-banner-title-visibility":"","ast-main-header-display":"","ast-hfb-above-header-display":"","ast-hfb-below-header-display":"","ast-hfb-mobile-header-display":"","site-post-title":"","ast-breadcrumbs-content":"","ast-featured-img":"","footer-sml-layout":"","theme-transparent-header-meta":"default","adv-header-id-meta":"","stick-header-meta":"","header-above-stick-meta":"","header-main-stick-meta":"","header-below-stick-meta":"","astra-migrate-meta-layouts":"set","ast-page-background-enabled":"default","ast-page-background-meta":{"desktop":{"background-color":"","background-image":"","background-repeat":"repeat","background-position":"center center","background-size":"auto","background-attachment":"scroll","background-type":"","background-media":"","overlay-type":"","overlay-color":"","overlay-opacity":"","overlay-gradient":""},"tablet":{"background-color":"","background-image":"","background-repeat":"repeat","background-position":"center center","background-size":"auto","background-attachment":"scroll","background-type":"","background-media":"","overlay-type":"","overlay-color":"","overlay-opacity":"","overlay-gradient":""},"mobile":{"background-color":"","background-image":"","background-repeat":"repeat","background-position":"center center","background-size":"auto","background-attachment":"scroll","background-type":"","background-media":"","overlay-type":"","overlay-color":"","overlay-opacity":"","overlay-gradient":""}},"ast-content-background-meta":{"desktop":{"background-color":"var(--ast-global-color-5)","background-image":"","background-repeat":"repeat","background-position":"center center","background-size":"auto","background-attachment":"scroll","background-type":"","background-media":"","overlay-type":"","overlay-color":"","overlay-opacity":"","overlay-gradient":""},"tablet":{"background-color":"var(--ast-global-color-5)","background-image":"","background-repeat":"repeat","background-position":"center center","background-size":"auto","background-attachment":"scroll","background-type":"","background-media":"","overlay-type":"","overlay-color":"","overlay-opacity":"","overlay-gradient":""},"mobile":{"background-color":"var(--ast-global-color-5)","background-image":"","background-repeat":"repeat","background-position":"center center","background-size":"auto","background-attachment":"scroll","background-type":"","background-media":"","overlay-type":"","overlay-color":"","overlay-opacity":"","overlay-gradient":""}}},"product_brand":[],"product_cat":[632,633,656],"product_tag":[662,658],"class_list":{"0":"post-64849","1":"product","2":"type-product","3":"status-publish","4":"has-post-thumbnail","6":"product_cat-blomstrende-lys","7":"product_cat-duftlys-no","8":"product_cat-soyavokslys","9":"product_tag-stor","10":"product_tag-toasty-no","11":"desktop-align-left","12":"tablet-align-left","13":"mobile-align-left","15":"first","16":"instock","17":"sale","18":"taxable","19":"shipping-taxable","20":"purchasable","21":"product-type-simple"},"acf":[],"yoast_head":"<!-- This site is optimized with the Yoast SEO Premium plugin v23.0 (Yoast SEO v23.0) - https:\/\/yoast.com\/wordpress\/plugins\/seo\/ -->\n<title>Blomstrende keramikklys - Sandeltre &amp; Jasmin - 440g - Lumond<\/title>\n<meta name=\"description\" content=\"Duftlys med en sensuell blanding av sandeltre og jasmin i keramikkbeholder. Inkluderer fr\u00f8 til en blomstrende plante etter at lyset er brent ned.\" \/>\n<meta name=\"robots\" content=\"index, follow, max-snippet:-1, max-image-preview:large, max-video-preview:-1\" \/>\n<link rel=\"canonical\" href=\"https:\/\/lumond.com\/no\/produkt\/blomstrende-keramikklys-sandeltre-jasmin-440g\/\" \/>\n<meta property=\"og:locale\" content=\"nb_NO\" \/>\n<meta property=\"og:type\" content=\"article\" \/>\n<meta property=\"og:title\" content=\"Blomstrende keramikklys - Sandeltre &amp; Jasmin - 440g - Lumond\" \/>\n<meta property=\"og:description\" content=\"Duftlys med en sensuell blanding av sandeltre og jasmin i keramikkbeholder. Inkluderer fr\u00f8 til en blomstrende plante etter at lyset er brent ned.\" \/>\n<meta property=\"og:url\" content=\"https:\/\/lumond.com\/no\/produkt\/blomstrende-keramikklys-sandeltre-jasmin-440g\/\" \/>\n<meta property=\"og:site_name\" content=\"Lumond\" \/>\n<meta property=\"article:publisher\" content=\"https:\/\/www.facebook.com\/lumond.de\/\" \/>\n<meta property=\"article:modified_time\" content=\"2025-09-24T06:38:48+00:00\" \/>\n<meta property=\"og:image\" content=\"https:\/\/lumond.com\/wp-content\/uploads\/2025\/05\/Sandalwood-jamine-440-3-scaled.webp\" \/>\n\t<meta property=\"og:image:width\" content=\"2560\" \/>\n\t<meta property=\"og:image:height\" content=\"2560\" \/>\n\t<meta property=\"og:image:type\" content=\"image\/webp\" \/>\n<meta name=\"twitter:card\" content=\"summary_large_image\" \/>\n<meta name=\"twitter:description\" content=\"Gi rommet ditt en sanselig, beroligende aura med den forf\u00f8rende duften av sandeltre &amp; jasmin. Dette lyset, innfattet i et kunstferdig utformet\" \/>\n<meta name=\"twitter:label1\" content=\"Pris\" \/>\n\t<meta name=\"twitter:data1\" content=\"&euro;&nbsp;59,99\" \/>\n\t<meta name=\"twitter:label2\" content=\"Availability\" \/>\n\t<meta name=\"twitter:data2\" content=\"In stock\" \/>\n<script type=\"application\/ld+json\" class=\"yoast-schema-graph\">{\"@context\":\"https:\/\/schema.org\",\"@graph\":[{\"@type\":[\"WebPage\",\"ItemPage\"],\"@id\":\"https:\/\/lumond.com\/no\/produkt\/blomstrende-keramikklys-sandeltre-jasmin-440g\/\",\"url\":\"https:\/\/lumond.com\/no\/produkt\/blomstrende-keramikklys-sandeltre-jasmin-440g\/\",\"name\":\"Blomstrende keramikklys - Sandeltre & Jasmin - 440g - Lumond\",\"isPartOf\":{\"@id\":\"https:\/\/lumond.com\/no\/#website\"},\"primaryImageOfPage\":{\"@id\":\"https:\/\/lumond.com\/no\/produkt\/blomstrende-keramikklys-sandeltre-jasmin-440g\/#primaryimage\"},\"image\":{\"@id\":\"https:\/\/lumond.com\/no\/produkt\/blomstrende-keramikklys-sandeltre-jasmin-440g\/#primaryimage\"},\"thumbnailUrl\":\"https:\/\/lumond.com\/wp-content\/uploads\/2025\/05\/Sandalwood-jamine-440-3-scaled.webp\",\"datePublished\":\"2025-05-07T05:23:25+00:00\",\"dateModified\":\"2025-09-24T06:38:48+00:00\",\"description\":\"Duftlys med en sensuell blanding av sandeltre og jasmin i keramikkbeholder. Inkluderer fr\u00f8 til en blomstrende plante etter at lyset er brent ned.\",\"breadcrumb\":{\"@id\":\"https:\/\/lumond.com\/no\/produkt\/blomstrende-keramikklys-sandeltre-jasmin-440g\/#breadcrumb\"},\"inLanguage\":\"nb-NO\",\"potentialAction\":[{\"@type\":\"ReadAction\",\"target\":[\"https:\/\/lumond.com\/no\/produkt\/blomstrende-keramikklys-sandeltre-jasmin-440g\/\"]}]},{\"@type\":\"ImageObject\",\"inLanguage\":\"nb-NO\",\"@id\":\"https:\/\/lumond.com\/no\/produkt\/blomstrende-keramikklys-sandeltre-jasmin-440g\/#primaryimage\",\"url\":\"https:\/\/lumond.com\/wp-content\/uploads\/2025\/05\/Sandalwood-jamine-440-3-scaled.webp\",\"contentUrl\":\"https:\/\/lumond.com\/wp-content\/uploads\/2025\/05\/Sandalwood-jamine-440-3-scaled.webp\",\"width\":2560,\"height\":2560},{\"@type\":\"BreadcrumbList\",\"@id\":\"https:\/\/lumond.com\/no\/produkt\/blomstrende-keramikklys-sandeltre-jasmin-440g\/#breadcrumb\",\"itemListElement\":[{\"@type\":\"ListItem\",\"position\":1,\"name\":\"Lumond\",\"item\":\"https:\/\/lumond.com\/no\/\"},{\"@type\":\"ListItem\",\"position\":2,\"name\":\"Products\"},{\"@type\":\"ListItem\",\"position\":3,\"name\":\"Duftlys\",\"item\":\"https:\/\/lumond.com\/no\/duftlys-no\/\"},{\"@type\":\"ListItem\",\"position\":4,\"name\":\"Blomstrende keramikklys &#8211; Sandeltre &#038; Jasmin &#8211; 440g\"}]},{\"@type\":\"WebSite\",\"@id\":\"https:\/\/lumond.com\/no\/#website\",\"url\":\"https:\/\/lumond.com\/no\/\",\"name\":\"Lumond\",\"description\":\"Nachhaltige Keramik Duftkerzen die nach dem Abbrennen zu Pflanzen werden \u2014 einzigartig in Europa\",\"publisher\":{\"@id\":\"https:\/\/lumond.com\/no\/#organization\"},\"alternateName\":\"Lumond\",\"potentialAction\":[{\"@type\":\"SearchAction\",\"target\":{\"@type\":\"EntryPoint\",\"urlTemplate\":\"https:\/\/lumond.com\/no\/?s={search_term_string}\"},\"query-input\":\"required name=search_term_string\"}],\"inLanguage\":\"nb-NO\"},{\"@type\":\"Organization\",\"@id\":\"https:\/\/lumond.com\/no\/#organization\",\"name\":\"Lumond\",\"url\":\"https:\/\/lumond.com\/no\/\",\"logo\":{\"@type\":\"ImageObject\",\"inLanguage\":\"nb-NO\",\"@id\":\"https:\/\/lumond.com\/no\/#\/schema\/logo\/image\/\",\"url\":\"https:\/\/lumond.com\/wp-content\/uploads\/2022\/01\/cropped-40-05.png\",\"contentUrl\":\"https:\/\/lumond.com\/wp-content\/uploads\/2022\/01\/cropped-40-05.png\",\"width\":512,\"height\":512,\"caption\":\"Lumond\"},\"image\":{\"@id\":\"https:\/\/lumond.com\/no\/#\/schema\/logo\/image\/\"},\"sameAs\":[\"https:\/\/www.facebook.com\/lumond.de\/\",\"https:\/\/www.instagram.com\/lumond.de\/\"],\"description\":\"Lumond lager h\u00f8ykvalitets duftlys av naturlig soyavoks i stilige keramikkbeholdere \u2013 b\u00e6rekraftig produsert i Tyskland og med unike duftkomposisjoner. Perfekt for et koselig hjem med sans for milj\u00f8bevissthet og design.\",\"email\":\"info@lumond.de\",\"legalName\":\"Lumond\",\"foundingDate\":\"2021-01-01\",\"ownershipFundingInfo\":\"https:\/\/lumond.com\/ueber-uns\/\",\"correctionsPolicy\":\"https:\/\/lumond.com\/kontakt\/\",\"address\":{\"@type\":\"PostalAddress\",\"streetAddress\":\"Lumond UG\",\"addressLocality\":\"Kolonnenstr. 8\",\"addressRegion\":\"Berlin\",\"postalCode\":\"10827\",\"addressCountry\":\"DE\"}}]}<\/script>\n<meta property=\"product:price:amount\" content=\"59.99\" \/>\n<meta property=\"product:price:currency\" content=\"EUR\" \/>\n<meta property=\"og:availability\" content=\"instock\" \/>\n<meta property=\"product:availability\" content=\"instock\" \/>\n<meta property=\"product:retailer_item_id\" content=\"427-3021\" \/>\n<meta property=\"product:condition\" content=\"new\" \/>\n<!-- \/ Yoast SEO Premium plugin. -->","yoast_head_json":{"title":"Blomstrende keramikklys - Sandeltre & Jasmin - 440g - Lumond","description":"Duftlys med en sensuell blanding av sandeltre og jasmin i keramikkbeholder. Inkluderer fr\u00f8 til en blomstrende plante etter at lyset er brent ned.","robots":{"index":"index","follow":"follow","max-snippet":"max-snippet:-1","max-image-preview":"max-image-preview:large","max-video-preview":"max-video-preview:-1"},"canonical":"https:\/\/lumond.com\/no\/produkt\/blomstrende-keramikklys-sandeltre-jasmin-440g\/","og_locale":"nb_NO","og_type":"article","og_title":"Blomstrende keramikklys - Sandeltre & Jasmin - 440g - Lumond","og_description":"Duftlys med en sensuell blanding av sandeltre og jasmin i keramikkbeholder. Inkluderer fr\u00f8 til en blomstrende plante etter at lyset er brent ned.","og_url":"https:\/\/lumond.com\/no\/produkt\/blomstrende-keramikklys-sandeltre-jasmin-440g\/","og_site_name":"Lumond","article_publisher":"https:\/\/www.facebook.com\/lumond.de\/","article_modified_time":"2025-09-24T06:38:48+00:00","og_image":[{"width":2560,"height":2560,"url":"https:\/\/lumond.com\/wp-content\/uploads\/2025\/05\/Sandalwood-jamine-440-3-scaled.webp","type":"image\/webp"}],"twitter_card":"summary_large_image","twitter_description":"Gi rommet ditt en sanselig, beroligende aura med den forf\u00f8rende duften av sandeltre &amp; jasmin. Dette lyset, innfattet i et kunstferdig utformet","twitter_misc":{"Pris":"&euro;&nbsp;59,99","Availability":"In stock"},"schema":{"@context":"https:\/\/schema.org","@graph":[{"@type":["WebPage","ItemPage"],"@id":"https:\/\/lumond.com\/no\/produkt\/blomstrende-keramikklys-sandeltre-jasmin-440g\/","url":"https:\/\/lumond.com\/no\/produkt\/blomstrende-keramikklys-sandeltre-jasmin-440g\/","name":"Blomstrende keramikklys - Sandeltre & Jasmin - 440g - Lumond","isPartOf":{"@id":"https:\/\/lumond.com\/no\/#website"},"primaryImageOfPage":{"@id":"https:\/\/lumond.com\/no\/produkt\/blomstrende-keramikklys-sandeltre-jasmin-440g\/#primaryimage"},"image":{"@id":"https:\/\/lumond.com\/no\/produkt\/blomstrende-keramikklys-sandeltre-jasmin-440g\/#primaryimage"},"thumbnailUrl":"https:\/\/lumond.com\/wp-content\/uploads\/2025\/05\/Sandalwood-jamine-440-3-scaled.webp","datePublished":"2025-05-07T05:23:25+00:00","dateModified":"2025-09-24T06:38:48+00:00","description":"Duftlys med en sensuell blanding av sandeltre og jasmin i keramikkbeholder. Inkluderer fr\u00f8 til en blomstrende plante etter at lyset er brent ned.","breadcrumb":{"@id":"https:\/\/lumond.com\/no\/produkt\/blomstrende-keramikklys-sandeltre-jasmin-440g\/#breadcrumb"},"inLanguage":"nb-NO","potentialAction":[{"@type":"ReadAction","target":["https:\/\/lumond.com\/no\/produkt\/blomstrende-keramikklys-sandeltre-jasmin-440g\/"]}]},{"@type":"ImageObject","inLanguage":"nb-NO","@id":"https:\/\/lumond.com\/no\/produkt\/blomstrende-keramikklys-sandeltre-jasmin-440g\/#primaryimage","url":"https:\/\/lumond.com\/wp-content\/uploads\/2025\/05\/Sandalwood-jamine-440-3-scaled.webp","contentUrl":"https:\/\/lumond.com\/wp-content\/uploads\/2025\/05\/Sandalwood-jamine-440-3-scaled.webp","width":2560,"height":2560},{"@type":"BreadcrumbList","@id":"https:\/\/lumond.com\/no\/produkt\/blomstrende-keramikklys-sandeltre-jasmin-440g\/#breadcrumb","itemListElement":[{"@type":"ListItem","position":1,"name":"Lumond","item":"https:\/\/lumond.com\/no\/"},{"@type":"ListItem","position":2,"name":"Products"},{"@type":"ListItem","position":3,"name":"Duftlys","item":"https:\/\/lumond.com\/no\/duftlys-no\/"},{"@type":"ListItem","position":4,"name":"Blomstrende keramikklys &#8211; Sandeltre &#038; Jasmin &#8211; 440g"}]},{"@type":"WebSite","@id":"https:\/\/lumond.com\/no\/#website","url":"https:\/\/lumond.com\/no\/","name":"Lumond","description":"Nachhaltige Keramik Duftkerzen die nach dem Abbrennen zu Pflanzen werden \u2014 einzigartig in Europa","publisher":{"@id":"https:\/\/lumond.com\/no\/#organization"},"alternateName":"Lumond","potentialAction":[{"@type":"SearchAction","target":{"@type":"EntryPoint","urlTemplate":"https:\/\/lumond.com\/no\/?s={search_term_string}"},"query-input":"required name=search_term_string"}],"inLanguage":"nb-NO"},{"@type":"Organization","@id":"https:\/\/lumond.com\/no\/#organization","name":"Lumond","url":"https:\/\/lumond.com\/no\/","logo":{"@type":"ImageObject","inLanguage":"nb-NO","@id":"https:\/\/lumond.com\/no\/#\/schema\/logo\/image\/","url":"https:\/\/lumond.com\/wp-content\/uploads\/2022\/01\/cropped-40-05.png","contentUrl":"https:\/\/lumond.com\/wp-content\/uploads\/2022\/01\/cropped-40-05.png","width":512,"height":512,"caption":"Lumond"},"image":{"@id":"https:\/\/lumond.com\/no\/#\/schema\/logo\/image\/"},"sameAs":["https:\/\/www.facebook.com\/lumond.de\/","https:\/\/www.instagram.com\/lumond.de\/"],"description":"Lumond lager h\u00f8ykvalitets duftlys av naturlig soyavoks i stilige keramikkbeholdere \u2013 b\u00e6rekraftig produsert i Tyskland og med unike duftkomposisjoner. Perfekt for et koselig hjem med sans for milj\u00f8bevissthet og design.","email":"info@lumond.de","legalName":"Lumond","foundingDate":"2021-01-01","ownershipFundingInfo":"https:\/\/lumond.com\/ueber-uns\/","correctionsPolicy":"https:\/\/lumond.com\/kontakt\/","address":{"@type":"PostalAddress","streetAddress":"Lumond UG","addressLocality":"Kolonnenstr. 8","addressRegion":"Berlin","postalCode":"10827","addressCountry":"DE"}}]},"product_price_amount":"59.99","product_price_currency":"EUR","og_availability":"instock","product_availability":"instock","product_retailer_item_id":"427-3021","product_condition":"new"},"_links":{"self":[{"href":"https:\/\/lumond.com\/no\/wp-json\/wp\/v2\/product\/64849","targetHints":{"allow":["GET"]}}],"collection":[{"href":"https:\/\/lumond.com\/no\/wp-json\/wp\/v2\/product"}],"about":[{"href":"https:\/\/lumond.com\/no\/wp-json\/wp\/v2\/types\/product"}],"replies":[{"embeddable":true,"href":"https:\/\/lumond.com\/no\/wp-json\/wp\/v2\/comments?post=64849"}],"wp:featuredmedia":[{"embeddable":true,"href":"https:\/\/lumond.com\/no\/wp-json\/wp\/v2\/media\/64852"}],"wp:attachment":[{"href":"https:\/\/lumond.com\/no\/wp-json\/wp\/v2\/media?parent=64849"}],"wp:term":[{"taxonomy":"product_brand","embeddable":true,"href":"https:\/\/lumond.com\/no\/wp-json\/wp\/v2\/product_brand?post=64849"},{"taxonomy":"product_cat","embeddable":true,"href":"https:\/\/lumond.com\/no\/wp-json\/wp\/v2\/product_cat?post=64849"},{"taxonomy":"product_tag","embeddable":true,"href":"https:\/\/lumond.com\/no\/wp-json\/wp\/v2\/product_tag?post=64849"}],"curies":[{"name":"wp","href":"https:\/\/api.w.org\/{rel}","templated":true}]}}