{"id":99627,"date":"2026-04-09T17:39:05","date_gmt":"2026-04-09T17:39:05","guid":{"rendered":"https:\/\/lumond.com\/geschenkgutschein-bedingungen\/"},"modified":"2026-04-09T18:15:24","modified_gmt":"2026-04-09T18:15:24","slug":"gavekort-vilkar","status":"publish","type":"page","link":"https:\/\/lumond.com\/no\/gavekort-vilkar\/","title":{"rendered":"Gavekort Vilkar"},"content":{"rendered":"\t\t<div data-elementor-type=\"wp-page\" data-elementor-id=\"99627\" class=\"elementor elementor-99627 elementor-99608\" data-elementor-post-type=\"page\">\n\t\t\t\t\t\t<section class=\"elementor-section elementor-top-section elementor-element elementor-element-8f1744b elementor-section-boxed elementor-section-height-default elementor-section-height-default\" data-id=\"8f1744b\" data-element_type=\"section\">\n\t\t\t\t\t\t<div class=\"elementor-container elementor-column-gap-default\">\n\t\t\t\t\t<div class=\"elementor-column elementor-col-100 elementor-top-column elementor-element elementor-element-590b407\" data-id=\"590b407\" data-element_type=\"column\">\n\t\t\t<div class=\"elementor-widget-wrap elementor-element-populated\">\n\t\t\t\t\t\t<div class=\"elementor-element elementor-element-7ab0f1d elementor-widget elementor-widget-heading\" data-id=\"7ab0f1d\" data-element_type=\"widget\" data-widget_type=\"heading.default\">\n\t\t\t\t<div class=\"elementor-widget-container\">\n\t\t\t<style>\/*! elementor - v3.21.0 - 08-05-2024 *\/\n.elementor-heading-title{padding:0;margin:0;line-height:1}.elementor-widget-heading .elementor-heading-title[class*=elementor-size-]>a{color:inherit;font-size:inherit;line-height:inherit}.elementor-widget-heading .elementor-heading-title.elementor-size-small{font-size:15px}.elementor-widget-heading .elementor-heading-title.elementor-size-medium{font-size:19px}.elementor-widget-heading .elementor-heading-title.elementor-size-large{font-size:29px}.elementor-widget-heading .elementor-heading-title.elementor-size-xl{font-size:39px}.elementor-widget-heading .elementor-heading-title.elementor-size-xxl{font-size:59px}<\/style><h1 class=\"elementor-heading-title elementor-size-default\">Gavekort \u2013 Generelle bruksvilk\u00e5r<\/h1>\t\t<\/div>\n\t\t\t\t<\/div>\n\t\t\t\t<div class=\"elementor-element elementor-element-fa29c2b elementor-widget elementor-widget-text-editor\" data-id=\"fa29c2b\" data-element_type=\"widget\" data-widget_type=\"text-editor.default\">\n\t\t\t\t<div class=\"elementor-widget-container\">\n\t\t\t<style>\/*! elementor - v3.21.0 - 08-05-2024 *\/\n.elementor-widget-text-editor.elementor-drop-cap-view-stacked .elementor-drop-cap{background-color:#69727d;color:#fff}.elementor-widget-text-editor.elementor-drop-cap-view-framed .elementor-drop-cap{color:#69727d;border:3px solid;background-color:transparent}.elementor-widget-text-editor:not(.elementor-drop-cap-view-default) .elementor-drop-cap{margin-top:8px}.elementor-widget-text-editor:not(.elementor-drop-cap-view-default) .elementor-drop-cap-letter{width:1em;height:1em}.elementor-widget-text-editor .elementor-drop-cap{float:left;text-align:center;line-height:1;font-size:50px}.elementor-widget-text-editor .elementor-drop-cap-letter{display:inline-block}<\/style>\t\t\t\t<p style=\"font-weight: bold; padding-bottom: 10px;\">\u00a71 Virkeomr\u00e5de og utsteder<\/p><p>(1) F\u00f8lgende bruksvilk\u00e5r gjelder for alle gavekort (heretter kalt \u00abgavekort\u00bb) utstedt av Laylaundyom UG (heretter kalt \u00abLumond\u00bb).<\/p><div style=\"margin-left: 20px; margin-top: 5px; margin-bottom: 5px;\">Laylaundyom UG<br \/>Dor Porat<br \/>Kolonnenstr. 8<br \/>10827 Berlin<br \/>E-post: <a href=\"mailto:info@lumond.de\">info@lumond.de<\/a><br \/>Registreringsnummer: HRB 18705<br \/>Registerdomstol: Amtsgericht Krefeld<br \/>MVA-nr.: DE348104546<\/div><p>(2) Ved kj\u00f8p, mottak eller innl\u00f8sning av et gavekort godtar innehaveren disse bruksvilk\u00e5rene.<\/p><p style=\"font-weight: bold; padding-bottom: 10px;\">\u00a72 Tilgjengelige formater og kj\u00f8p<\/p><p>(1) Gavekortet er tilgjengelig i f\u00f8lgende formater:<\/p><div style=\"margin-left: 20px; margin-top: 5px; margin-bottom: 10px;\">a) <b>Digitalt gavekort (e-gavekort)<\/b> \u2013 kan kj\u00f8pes i nettbutikken p\u00e5 <a href=\"https:\/\/lumond.com\">www.lumond.com<\/a>. E-gavekortet sendes per e-post til e-postadressen oppgitt av kj\u00f8peren.<p>b) <b>Fysisk gavekort<\/b> \u2013 dersom tilgjengelig, kan kj\u00f8pes i nettbutikken p\u00e5 <a href=\"https:\/\/lumond.com\">www.lumond.com<\/a>. Det fysiske gavekortet sendes per post.<\/p><\/div><p>(2) Gavekortet kan kj\u00f8pes i ulike bel\u00f8p. Tilgjengelige bel\u00f8p vises i nettbutikken p\u00e5 <a href=\"https:\/\/lumond.com\">www.lumond.com<\/a>.<\/p><p>(3) Gavekortet kan betales med alle betalingsm\u00e5ter som aksepteres i nettbutikken. Et gavekort kan imidlertid ikke betales med et annet gavekort.<\/p><p style=\"font-weight: bold; padding-bottom: 10px;\">\u00a73 Gyldighet<\/p><p>(1) Gavekortet er gyldig p\u00e5 ubestemt tid fra kj\u00f8psdato, med mindre annen utl\u00f8psdato er angitt p\u00e5 gavekortet.<\/p><p>(2) Gavekortet kan kun l\u00f8ses inn i nettbutikken p\u00e5 <a href=\"https:\/\/lumond.com\">www.lumond.com<\/a>.<\/p><p>(3) Gavekortet kan brukes til alle varer som tilbys i nettbutikken.<\/p><p style=\"font-weight: bold; padding-bottom: 10px;\">\u00a74 Innl\u00f8sning og gjenst\u00e5ende saldo<\/p><p>(1) Innehaveren kan bruke gavekortet et ubegrenset antall ganger inntil saldoen er fullstendig brukt opp.<\/p><p>(2) Gavekortets tilgjengelige saldo tilsvarer differansen mellom den opprinnelige saldoen og bel\u00f8pet som allerede er brukt til kj\u00f8p.<\/p><p>(3) Dersom kj\u00f8pesummen overstiger gjenst\u00e5ende saldo, kan differansen betales med enhver betalingsm\u00e5te som aksepteres i nettbutikken.<\/p><p>(4) Eventuell gjenst\u00e5ende saldo kan ikke utbetales kontant eller overf\u00f8res til en bankkonto.<\/p><p>(5) Den aktuelle saldoen kan til enhver tid sjekkes under bestillingsprosessen p\u00e5 <a href=\"https:\/\/lumond.com\">www.lumond.com<\/a>.<\/p><p style=\"font-weight: bold; padding-bottom: 10px;\">\u00a75 Retur av gavekort<\/p><p>(1) For digitalt kj\u00f8pte gavekort (e-gavekort) gjelder en lovfestet angrerett p\u00e5 14 dager fra kj\u00f8psdato, forutsatt at gavekortet enn\u00e5 ikke er innl\u00f8st.<\/p><p>(2) Tilbakebetalingen skjer via den opprinnelige betalingsm\u00e5ten. For retur m\u00e5 ordrebekreftelsen fremlegges.<\/p><p>(3) Delvis innl\u00f8ste gavekort kan ikke returneres.<\/p><p style=\"font-weight: bold; padding-bottom: 10px;\">\u00a76 Retur av varer kj\u00f8pt med gavekort<\/p><p>(1) Dersom varer som er helt eller delvis betalt med gavekort returneres, vil gavekortandelen refunderes som et nytt gavekort. Gavekortet sendes per e-post til e-postadressen som ble brukt ved bestillingen.<\/p><p>(2) For den delen som ikke er betalt med gavekort, gjelder de ordin\u00e6re returvilk\u00e5rene i henhold til v\u00e5re <a href=\"https:\/\/lumond.com\/no\/vilkar-og-betingelser-for-lumond\">generelle vilk\u00e5r og betingelser<\/a>.<\/p><p style=\"font-weight: bold; padding-bottom: 10px;\">\u00a77 Ansvar<\/p><p>(1) Gavekortet er et ihendehaverdokument. Den til enhver tid gjeldende innehaveren er alene ansvarlig for bruk og sikker oppbevaring av gavekortet (inkludert gavekortkoden).<\/p><p>(2) Lumond erstatter ikke gavekortet ved tap, tyveri eller uautorisert bruk. Det anbefales \u00e5 behandle gavekortkoden konfidensielt og oppbevare den sikkert.<\/p><p>(3) Lumond p\u00e5tar seg intet ansvar for manglende eller forsinket levering av e-gavekort dersom \u00e5rsaken ligger utenfor Lumonds kontroll, s\u00e6rlig ved:<\/p><div style=\"margin-left: 20px; margin-top: 5px; margin-bottom: 10px;\">a) Feilaktige mottakeropplysninger oppgitt av kj\u00f8peren<br \/>b) Tekniske forstyrrelser i telekommunikasjonssystemer<br \/>c) Klassifisering av e-posten som s\u00f8ppelpost av mottakerens e-postprogram<br \/>d) Manglende levering til oppgitt e-postadresse av tekniske \u00e5rsaker<\/div><p style=\"font-weight: bold; padding-bottom: 10px;\">\u00a78 Misbruk og ugyldighet<\/p><p>(1) Gavekort som er anskaffet p\u00e5 ulovlig vis eller som er manipulert, er ugyldige og kan verken innl\u00f8ses eller refunderes.<\/p><p>(2) Lumond forbeholder seg retten til \u00e5 sperre gavekort der det foreligger mistanke om svindel eller misbruk.<\/p><p>(3) Gavekort m\u00e5 ikke uten forutg\u00e5ende skriftlig samtykke fra Lumond brukes til kommersielle reklame- eller markedsf\u00f8ringsform\u00e5l for tredjeparter, eller videreselges.<\/p><p style=\"font-weight: bold; padding-bottom: 10px;\">\u00a79 Personvern<\/p><p>I forbindelse med kj\u00f8p og bruk av gavekort behandles personopplysninger (f.eks. kj\u00f8perens og mottakerens e-postadresser). Detaljer om databehandlingen finner du i v\u00e5r <a href=\"https:\/\/lumond.com\/no\/personvernpolitikk\">personvernerkl\u00e6ring<\/a>.<\/p><p style=\"font-weight: bold; padding-bottom: 10px;\">\u00a710 Gjeldende lov og verneting<\/p><p>(1) Tysk rett gjelder, med unntak av FNs kj\u00f8pslov (CISG).<\/p><p>(2) For forbrukere gjelder dette lovvalget kun i den utstrekning det ikke fratar forbrukeren den beskyttelsen som gis av ufravikelige bestemmelser i lovgivningen i landet der forbrukeren har sitt vanlige bosted.<\/p><p>(3) Dersom kunden er n\u00e6ringsdrivende, offentligrettslig juridisk person eller offentligrettslig s\u00e6rformue, er eksklusivt verneting for alle tvister som oppst\u00e5r av denne avtalen, v\u00e5rt forretningssted i Berlin.<\/p><p style=\"font-weight: bold; padding-bottom: 10px;\">\u00a711 Ugyldighetsklausul<\/p><p>Dersom en bestemmelse i disse bruksvilk\u00e5rene er eller blir helt eller delvis ugyldig, ber\u00f8rer dette ikke gyldigheten av de \u00f8vrige bestemmelsene.<\/p><p style=\"font-weight: bold; padding-bottom: 10px;\">\u00a712 Kontakt<\/p><p>Ved sp\u00f8rsm\u00e5l eller klager i forbindelse med gavekort, vennligst ta kontakt med:<\/p><div style=\"margin-left: 20px; margin-top: 5px; margin-bottom: 5px;\">Lumond \u2013 Laylaundyom UG<br \/>Kolonnenstr. 8<br \/>10827 Berlin<br \/>E-post: <a href=\"mailto:info@lumond.de\">info@lumond.de<\/a><br \/>Nett: <a href=\"https:\/\/support.lumond.com\/no\">support.lumond.com<\/a><\/div><p style=\"font-size: 13px; color: #666; margin-top: 30px;\">Gjeldende fra: april 2026<\/p>\t\t\t\t\t\t<\/div>\n\t\t\t\t<\/div>\n\t\t\t\t\t<\/div>\n\t\t<\/div>\n\t\t\t\t\t<\/div>\n\t\t<\/section>\n\t\t\t\t<\/div>\n\t\t","protected":false},"excerpt":{"rendered":"<p>Gavekort \u2013 Generelle bruksvilk\u00e5r \u00a71 Virkeomr\u00e5de og utsteder (1) F\u00f8lgende bruksvilk\u00e5r gjelder for alle gavekort (heretter kalt \u00abgavekort\u00bb) utstedt av Laylaundyom UG (heretter kalt \u00abLumond\u00bb). Laylaundyom UGDor PoratKolonnenstr. 810827 BerlinE-post: info@lumond.deRegistreringsnummer: HRB 18705Registerdomstol: Amtsgericht KrefeldMVA-nr.: DE348104546 (2) Ved kj\u00f8p, mottak eller innl\u00f8sning av et gavekort godtar innehaveren disse bruksvilk\u00e5rene. \u00a72 Tilgjengelige formater og kj\u00f8p (1) [&hellip;]<\/p>\n","protected":false},"author":18,"featured_media":0,"parent":0,"menu_order":0,"comment_status":"closed","ping_status":"closed","template":"","meta":{"_acf_changed":false,"site-sidebar-layout":"no-sidebar","site-content-layout":"page-builder","ast-site-content-layout":"full-width-container","site-content-style":"default","site-sidebar-style":"default","ast-global-header-display":"","ast-banner-title-visibility":"","ast-main-header-display":"","ast-hfb-above-header-display":"","ast-hfb-below-header-display":"","ast-hfb-mobile-header-display":"","site-post-title":"disabled","ast-breadcrumbs-content":"","ast-featured-img":"disabled","footer-sml-layout":"","theme-transparent-header-meta":"","adv-header-id-meta":"","stick-header-meta":"","header-above-stick-meta":"","header-main-stick-meta":"","header-below-stick-meta":"","astra-migrate-meta-layouts":"set","ast-page-background-enabled":"default","ast-page-background-meta":{"desktop":{"background-color":"","background-image":"","background-repeat":"repeat","background-position":"center center","background-size":"auto","background-attachment":"scroll","background-type":"","background-media":"","overlay-type":"","overlay-color":"","overlay-opacity":"","overlay-gradient":""},"tablet":{"background-color":"","background-image":"","background-repeat":"repeat","background-position":"center center","background-size":"auto","background-attachment":"scroll","background-type":"","background-media":"","overlay-type":"","overlay-color":"","overlay-opacity":"","overlay-gradient":""},"mobile":{"background-color":"","background-image":"","background-repeat":"repeat","background-position":"center center","background-size":"auto","background-attachment":"scroll","background-type":"","background-media":"","overlay-type":"","overlay-color":"","overlay-opacity":"","overlay-gradient":""}},"ast-content-background-meta":{"desktop":{"background-color":"var(--ast-global-color-5)","background-image":"","background-repeat":"repeat","background-position":"center center","background-size":"auto","background-attachment":"scroll","background-type":"","background-media":"","overlay-type":"","overlay-color":"","overlay-opacity":"","overlay-gradient":""},"tablet":{"background-color":"var(--ast-global-color-5)","background-image":"","background-repeat":"repeat","background-position":"center center","background-size":"auto","background-attachment":"scroll","background-type":"","background-media":"","overlay-type":"","overlay-color":"","overlay-opacity":"","overlay-gradient":""},"mobile":{"background-color":"var(--ast-global-color-5)","background-image":"","background-repeat":"repeat","background-position":"center center","background-size":"auto","background-attachment":"scroll","background-type":"","background-media":"","overlay-type":"","overlay-color":"","overlay-opacity":"","overlay-gradient":""}},"footnotes":""},"class_list":["post-99627","page","type-page","status-publish","hentry"],"acf":[],"yoast_head":"<!-- This site is optimized with the Yoast SEO Premium plugin v23.0 (Yoast SEO v23.0) - https:\/\/yoast.com\/wordpress\/plugins\/seo\/ -->\n<title>Gavekort Vilkar - Lumond<\/title>\n<meta name=\"robots\" content=\"index, follow, max-snippet:-1, max-image-preview:large, max-video-preview:-1\" \/>\n<link rel=\"canonical\" href=\"https:\/\/lumond.com\/no\/gavekort-vilkar\/\" \/>\n<meta property=\"og:locale\" content=\"nb_NO\" \/>\n<meta property=\"og:type\" content=\"article\" \/>\n<meta property=\"og:title\" content=\"Gavekort Vilkar\" \/>\n<meta property=\"og:description\" content=\"Gavekort \u2013 Generelle bruksvilk\u00e5r \u00a71 Virkeomr\u00e5de og utsteder (1) F\u00f8lgende bruksvilk\u00e5r gjelder for alle gavekort (heretter kalt \u00abgavekort\u00bb) utstedt av Laylaundyom UG (heretter kalt \u00abLumond\u00bb). Laylaundyom UGDor PoratKolonnenstr. 810827 BerlinE-post: info@lumond.deRegistreringsnummer: HRB 18705Registerdomstol: Amtsgericht KrefeldMVA-nr.: DE348104546 (2) Ved kj\u00f8p, mottak eller innl\u00f8sning av et gavekort godtar innehaveren disse bruksvilk\u00e5rene. \u00a72 Tilgjengelige formater og kj\u00f8p (1) [&hellip;]\" \/>\n<meta property=\"og:url\" content=\"https:\/\/lumond.com\/no\/gavekort-vilkar\/\" \/>\n<meta property=\"og:site_name\" content=\"Lumond\" \/>\n<meta property=\"article:publisher\" content=\"https:\/\/www.facebook.com\/lumond.de\/\" \/>\n<meta property=\"article:modified_time\" content=\"2026-04-09T18:15:24+00:00\" \/>\n<meta name=\"twitter:card\" content=\"summary_large_image\" \/>\n<meta name=\"twitter:label1\" content=\"Ansl. lesetid\" \/>\n\t<meta name=\"twitter:data1\" content=\"4 minutter\" \/>\n<script type=\"application\/ld+json\" class=\"yoast-schema-graph\">{\"@context\":\"https:\/\/schema.org\",\"@graph\":[{\"@type\":\"WebPage\",\"@id\":\"https:\/\/lumond.com\/no\/gavekort-vilkar\/\",\"url\":\"https:\/\/lumond.com\/no\/gavekort-vilkar\/\",\"name\":\"Gavekort Vilkar - Lumond\",\"isPartOf\":{\"@id\":\"https:\/\/lumond.com\/no\/#website\"},\"datePublished\":\"2026-04-09T17:39:05+00:00\",\"dateModified\":\"2026-04-09T18:15:24+00:00\",\"breadcrumb\":{\"@id\":\"https:\/\/lumond.com\/no\/gavekort-vilkar\/#breadcrumb\"},\"inLanguage\":\"nb-NO\",\"potentialAction\":[{\"@type\":\"ReadAction\",\"target\":[\"https:\/\/lumond.com\/no\/gavekort-vilkar\/\"]}]},{\"@type\":\"BreadcrumbList\",\"@id\":\"https:\/\/lumond.com\/no\/gavekort-vilkar\/#breadcrumb\",\"itemListElement\":[{\"@type\":\"ListItem\",\"position\":1,\"name\":\"Lumond\",\"item\":\"https:\/\/lumond.com\/no\/\"},{\"@type\":\"ListItem\",\"position\":2,\"name\":\"Gavekort Vilkar\"}]},{\"@type\":\"WebSite\",\"@id\":\"https:\/\/lumond.com\/no\/#website\",\"url\":\"https:\/\/lumond.com\/no\/\",\"name\":\"Lumond\",\"description\":\"Nachhaltige Keramik Duftkerzen die nach dem Abbrennen zu Pflanzen werden \u2014 einzigartig in Europa\",\"publisher\":{\"@id\":\"https:\/\/lumond.com\/no\/#organization\"},\"alternateName\":\"Lumond\",\"potentialAction\":[{\"@type\":\"SearchAction\",\"target\":{\"@type\":\"EntryPoint\",\"urlTemplate\":\"https:\/\/lumond.com\/no\/?s={search_term_string}\"},\"query-input\":\"required name=search_term_string\"}],\"inLanguage\":\"nb-NO\"},{\"@type\":\"Organization\",\"@id\":\"https:\/\/lumond.com\/no\/#organization\",\"name\":\"Lumond\",\"url\":\"https:\/\/lumond.com\/no\/\",\"logo\":{\"@type\":\"ImageObject\",\"inLanguage\":\"nb-NO\",\"@id\":\"https:\/\/lumond.com\/no\/#\/schema\/logo\/image\/\",\"url\":\"https:\/\/lumond.com\/wp-content\/uploads\/2022\/01\/cropped-40-05.png\",\"contentUrl\":\"https:\/\/lumond.com\/wp-content\/uploads\/2022\/01\/cropped-40-05.png\",\"width\":512,\"height\":512,\"caption\":\"Lumond\"},\"image\":{\"@id\":\"https:\/\/lumond.com\/no\/#\/schema\/logo\/image\/\"},\"sameAs\":[\"https:\/\/www.facebook.com\/lumond.de\/\",\"https:\/\/www.instagram.com\/lumond.de\/\"],\"description\":\"Lumond lager h\u00f8ykvalitets duftlys av naturlig soyavoks i stilige keramikkbeholdere \u2013 b\u00e6rekraftig produsert i Tyskland og med unike duftkomposisjoner. Perfekt for et koselig hjem med sans for milj\u00f8bevissthet og design.\",\"email\":\"info@lumond.de\",\"legalName\":\"Lumond\",\"foundingDate\":\"2021-01-01\",\"ownershipFundingInfo\":\"https:\/\/lumond.com\/ueber-uns\/\",\"correctionsPolicy\":\"https:\/\/lumond.com\/kontakt\/\",\"address\":{\"@type\":\"PostalAddress\",\"streetAddress\":\"Lumond UG\",\"addressLocality\":\"Kolonnenstr. 8\",\"addressRegion\":\"Berlin\",\"postalCode\":\"10827\",\"addressCountry\":\"DE\"}}]}<\/script>\n<!-- \/ Yoast SEO Premium plugin. -->","yoast_head_json":{"title":"Gavekort Vilkar - Lumond","robots":{"index":"index","follow":"follow","max-snippet":"max-snippet:-1","max-image-preview":"max-image-preview:large","max-video-preview":"max-video-preview:-1"},"canonical":"https:\/\/lumond.com\/no\/gavekort-vilkar\/","og_locale":"nb_NO","og_type":"article","og_title":"Gavekort Vilkar","og_description":"Gavekort \u2013 Generelle bruksvilk\u00e5r \u00a71 Virkeomr\u00e5de og utsteder (1) F\u00f8lgende bruksvilk\u00e5r gjelder for alle gavekort (heretter kalt \u00abgavekort\u00bb) utstedt av Laylaundyom UG (heretter kalt \u00abLumond\u00bb). Laylaundyom UGDor PoratKolonnenstr. 810827 BerlinE-post: info@lumond.deRegistreringsnummer: HRB 18705Registerdomstol: Amtsgericht KrefeldMVA-nr.: DE348104546 (2) Ved kj\u00f8p, mottak eller innl\u00f8sning av et gavekort godtar innehaveren disse bruksvilk\u00e5rene. \u00a72 Tilgjengelige formater og kj\u00f8p (1) [&hellip;]","og_url":"https:\/\/lumond.com\/no\/gavekort-vilkar\/","og_site_name":"Lumond","article_publisher":"https:\/\/www.facebook.com\/lumond.de\/","article_modified_time":"2026-04-09T18:15:24+00:00","twitter_card":"summary_large_image","twitter_misc":{"Ansl. lesetid":"4 minutter"},"schema":{"@context":"https:\/\/schema.org","@graph":[{"@type":"WebPage","@id":"https:\/\/lumond.com\/no\/gavekort-vilkar\/","url":"https:\/\/lumond.com\/no\/gavekort-vilkar\/","name":"Gavekort Vilkar - Lumond","isPartOf":{"@id":"https:\/\/lumond.com\/no\/#website"},"datePublished":"2026-04-09T17:39:05+00:00","dateModified":"2026-04-09T18:15:24+00:00","breadcrumb":{"@id":"https:\/\/lumond.com\/no\/gavekort-vilkar\/#breadcrumb"},"inLanguage":"nb-NO","potentialAction":[{"@type":"ReadAction","target":["https:\/\/lumond.com\/no\/gavekort-vilkar\/"]}]},{"@type":"BreadcrumbList","@id":"https:\/\/lumond.com\/no\/gavekort-vilkar\/#breadcrumb","itemListElement":[{"@type":"ListItem","position":1,"name":"Lumond","item":"https:\/\/lumond.com\/no\/"},{"@type":"ListItem","position":2,"name":"Gavekort Vilkar"}]},{"@type":"WebSite","@id":"https:\/\/lumond.com\/no\/#website","url":"https:\/\/lumond.com\/no\/","name":"Lumond","description":"Nachhaltige Keramik Duftkerzen die nach dem Abbrennen zu Pflanzen werden \u2014 einzigartig in Europa","publisher":{"@id":"https:\/\/lumond.com\/no\/#organization"},"alternateName":"Lumond","potentialAction":[{"@type":"SearchAction","target":{"@type":"EntryPoint","urlTemplate":"https:\/\/lumond.com\/no\/?s={search_term_string}"},"query-input":"required name=search_term_string"}],"inLanguage":"nb-NO"},{"@type":"Organization","@id":"https:\/\/lumond.com\/no\/#organization","name":"Lumond","url":"https:\/\/lumond.com\/no\/","logo":{"@type":"ImageObject","inLanguage":"nb-NO","@id":"https:\/\/lumond.com\/no\/#\/schema\/logo\/image\/","url":"https:\/\/lumond.com\/wp-content\/uploads\/2022\/01\/cropped-40-05.png","contentUrl":"https:\/\/lumond.com\/wp-content\/uploads\/2022\/01\/cropped-40-05.png","width":512,"height":512,"caption":"Lumond"},"image":{"@id":"https:\/\/lumond.com\/no\/#\/schema\/logo\/image\/"},"sameAs":["https:\/\/www.facebook.com\/lumond.de\/","https:\/\/www.instagram.com\/lumond.de\/"],"description":"Lumond lager h\u00f8ykvalitets duftlys av naturlig soyavoks i stilige keramikkbeholdere \u2013 b\u00e6rekraftig produsert i Tyskland og med unike duftkomposisjoner. Perfekt for et koselig hjem med sans for milj\u00f8bevissthet og design.","email":"info@lumond.de","legalName":"Lumond","foundingDate":"2021-01-01","ownershipFundingInfo":"https:\/\/lumond.com\/ueber-uns\/","correctionsPolicy":"https:\/\/lumond.com\/kontakt\/","address":{"@type":"PostalAddress","streetAddress":"Lumond UG","addressLocality":"Kolonnenstr. 8","addressRegion":"Berlin","postalCode":"10827","addressCountry":"DE"}}]}},"_links":{"self":[{"href":"https:\/\/lumond.com\/no\/wp-json\/wp\/v2\/pages\/99627","targetHints":{"allow":["GET"]}}],"collection":[{"href":"https:\/\/lumond.com\/no\/wp-json\/wp\/v2\/pages"}],"about":[{"href":"https:\/\/lumond.com\/no\/wp-json\/wp\/v2\/types\/page"}],"author":[{"embeddable":true,"href":"https:\/\/lumond.com\/no\/wp-json\/wp\/v2\/users\/18"}],"replies":[{"embeddable":true,"href":"https:\/\/lumond.com\/no\/wp-json\/wp\/v2\/comments?post=99627"}],"version-history":[{"count":4,"href":"https:\/\/lumond.com\/no\/wp-json\/wp\/v2\/pages\/99627\/revisions"}],"predecessor-version":[{"id":99667,"href":"https:\/\/lumond.com\/no\/wp-json\/wp\/v2\/pages\/99627\/revisions\/99667"}],"wp:attachment":[{"href":"https:\/\/lumond.com\/no\/wp-json\/wp\/v2\/media?parent=99627"}],"curies":[{"name":"wp","href":"https:\/\/api.w.org\/{rel}","templated":true}]}}