{"id":64775,"date":"2021-12-12T16:28:01","date_gmt":"2021-12-12T16:28:01","guid":{"rendered":"https:\/\/lumond.com\/agb\/"},"modified":"2026-03-10T17:58:01","modified_gmt":"2026-03-10T17:58:01","slug":"vilkar-og-betingelser-for-lumond","status":"publish","type":"page","link":"https:\/\/lumond.com\/no\/vilkar-og-betingelser-for-lumond\/","title":{"rendered":"Allgemeine Gesch\u00e4ftsbedingungen"},"content":{"rendered":"\t\t<div data-elementor-type=\"wp-page\" data-elementor-id=\"64775\" class=\"elementor elementor-64775 elementor-3625\" data-elementor-post-type=\"page\">\n\t\t\t\t\t\t<section class=\"elementor-section elementor-top-section elementor-element elementor-element-385b682 elementor-section-boxed elementor-section-height-default elementor-section-height-default\" data-id=\"385b682\" data-element_type=\"section\">\n\t\t\t\t\t\t<div class=\"elementor-container elementor-column-gap-default\">\n\t\t\t\t\t<div class=\"elementor-column elementor-col-100 elementor-top-column elementor-element elementor-element-4e344af\" data-id=\"4e344af\" data-element_type=\"column\">\n\t\t\t<div class=\"elementor-widget-wrap elementor-element-populated\">\n\t\t\t\t\t\t<div class=\"elementor-element elementor-element-528cba4 elementor-widget elementor-widget-heading\" data-id=\"528cba4\" data-element_type=\"widget\" data-widget_type=\"heading.default\">\n\t\t\t\t<div class=\"elementor-widget-container\">\n\t\t\t<style>\/*! elementor - v3.21.0 - 08-05-2024 *\/\n.elementor-heading-title{padding:0;margin:0;line-height:1}.elementor-widget-heading .elementor-heading-title[class*=elementor-size-]>a{color:inherit;font-size:inherit;line-height:inherit}.elementor-widget-heading .elementor-heading-title.elementor-size-small{font-size:15px}.elementor-widget-heading .elementor-heading-title.elementor-size-medium{font-size:19px}.elementor-widget-heading .elementor-heading-title.elementor-size-large{font-size:29px}.elementor-widget-heading .elementor-heading-title.elementor-size-xl{font-size:39px}.elementor-widget-heading .elementor-heading-title.elementor-size-xxl{font-size:59px}<\/style><h1 class=\"elementor-heading-title elementor-size-default\">Allgemeine Gesch\u00e4ftsbedingungen f\u00fcr die Firma Lumond\n<\/h1>\t\t<\/div>\n\t\t\t\t<\/div>\n\t\t\t\t<div class=\"elementor-element elementor-element-019d70e elementor-widget elementor-widget-text-editor\" data-id=\"019d70e\" data-element_type=\"widget\" data-widget_type=\"text-editor.default\">\n\t\t\t\t<div class=\"elementor-widget-container\">\n\t\t\t<style>\/*! elementor - v3.21.0 - 08-05-2024 *\/\n.elementor-widget-text-editor.elementor-drop-cap-view-stacked .elementor-drop-cap{background-color:#69727d;color:#fff}.elementor-widget-text-editor.elementor-drop-cap-view-framed .elementor-drop-cap{color:#69727d;border:3px solid;background-color:transparent}.elementor-widget-text-editor:not(.elementor-drop-cap-view-default) .elementor-drop-cap{margin-top:8px}.elementor-widget-text-editor:not(.elementor-drop-cap-view-default) .elementor-drop-cap-letter{width:1em;height:1em}.elementor-widget-text-editor .elementor-drop-cap{float:left;text-align:center;line-height:1;font-size:50px}.elementor-widget-text-editor .elementor-drop-cap-letter{display:inline-block}<\/style>\t\t\t\t<p style=\"font-weight: bold; padding-bottom: 10px;\">\u00a71 Gyldighet overfor forbrukere og definisjoner<\/p><p>(1) De f\u00f8lgende generelle vilk\u00e5rene gjelder for alle leveranser mellom oss og en forbruker i den versjonen som er gyldig p\u00e5 tidspunktet for bestillingen. Forbruker er enhver fysisk person som inng\u00e5r en juridisk transaksjon for form\u00e5l som hovedsakelig verken kan tilskrives deres kommersielle eller selvstendige yrkesmessige aktivitet (\u00a7 13 BGB).<\/p><p style=\"font-weight: bold; padding-bottom: 10px;\">\u00a72 Inng\u00e5else av en kontrakt, lagring av kontraktstekst<\/p><p>(1) F\u00f8lgende bestemmelser om kontraktsinng\u00e5else gjelder for bestillinger via v\u00e5r nettbutikk https:\/\/lumond.com\/.<\/p><p>(2) I tilfelle kontrakten inng\u00e5s, inng\u00e5s kontrakten med<\/p><div style=\"font-weight: bold; margin-left: 20px;\">Laylaundyom UG<\/div><div style=\"font-weight: bold; margin-left: 20px;\">Dor Porat<br \/>Kolonnenstr. 8<br \/>10827 Berlin<br \/>Registreringsnummer: <span style=\"background-color: #f7fbff; color: #58595b; font-family: Lato, sans-serif; font-size: 14px; font-weight: inherit;\">HRB 18705<\/span><\/div><div style=\"margin-left: 20px;\"><span style=\"font-style: inherit; font-family: -apple-system, BlinkMacSystemFont, 'Segoe UI', Roboto, Oxygen-Sans, Ubuntu, Cantarell, 'Helvetica Neue', sans-serif;\"><b>Registerdomstol<\/b><\/span><span style=\"font-weight: inherit; font-style: inherit; font-family: -apple-system, BlinkMacSystemFont, 'Segoe UI', Roboto, Oxygen-Sans, Ubuntu, Cantarell, 'Helvetica Neue', sans-serif;\">: <\/span><span style=\"color: #58595b; font-family: Lato, sans-serif;\"><span style=\"font-size: 14px;\"><b>Amtsgericht Krefeld<\/b><\/span><\/span><\/div><p><b>inng\u00e5s.<br \/><\/b><\/p><p>(3) Presentasjonen av varene i v\u00e5r nettbutikk utgj\u00f8r ikke et juridisk bindende tilbud fra v\u00e5r side, men er kun en uforpliktende oppfordring til forbrukeren om \u00e5 bestille varer. Ved bestilling av \u00f8nsket vare avgir forbrukeren et bindende tilbud om \u00e5 inng\u00e5 en kj\u00f8psavtale.<\/p><p>(4) N\u00e5r en bestilling kommer inn i v\u00e5r nettbutikk, gjelder f\u00f8lgende bestemmelser:<br \/>Forbrukeren avgir et bindende kontraktstilbud ved \u00e5 gjennomf\u00f8re bestillingsprosedyren i v\u00e5r nettbutikk. Bestillingen skjer i f\u00f8lgende trinn:<\/p><div><p>1) Valg av \u00f8nsket vare<\/p><p>2) Bekreftelse ved \u00e5 klikke p\u00e5 knappen \u00abLEGG I HANDLEKURV\u00bb<\/p><p>3) Kontroll av opplysningene i handlekurven<\/p><p>4) Klikk p\u00e5 knappen \u00abtil kassen\u00bb<\/p><p>5) Ny kontroll og eventuelt korrigering av de oppgitte dataene<\/p><p>6) Bindende innsending av bestillingen ved \u00e5 klikke p\u00e5 knappen \u00abbestill med betalingsplikt\u00bb eller \u00abkj\u00f8p\u00bb<\/p><\/div><p>Forbrukeren kan, f\u00f8r den bindende innsendingen av bestillingen, komme tilbake til nettsiden der kundens opplysninger ble registrert ved \u00e5 bruke \u00abtilbake\u00bb-knappen i nettleseren og korrigere inndata eller avbryte bestillingsprosessen ved \u00e5 lukke nettleseren.<br \/>Vi bekrefter mottak av bestillingen umiddelbart gjennom en automatisk generert e-post (\u00abordrebekreftelse\u00bb). Med denne aksepterer vi tilbudet ditt.<\/p><p>(5) Lagring av kontraktsteksten ved bestillinger via v\u00e5r nettbutikk: Vi sender deg bestillingsdataene og v\u00e5re vilk\u00e5r p\u00e5 e-post. Vilk\u00e5rene kan du til enhver tid ogs\u00e5 finne p\u00e5 nettsiden. Av sikkerhetsgrunner er bestillingsdataene dine ikke lenger tilgjengelige via internett.<\/p><p style=\"font-weight: bold; padding-bottom: 10px;\">\u00a73 Priser, fraktkostnader, betaling, forfall<\/p><p>(1) De oppgitte prisene inkluderer lovp\u00e5lagt merverdiavgift og andre priselementer. Eventuelle fraktkostnader kommer i tillegg.<\/p><p>(2) Forbrukeren har mulighet til \u00e5 betale forskuddsbetaling, postoppkrav, autogiro, PayPal, kredittkort (Visa, Mastercard, American Express).<\/p><p>(3) Dersom forbrukeren har valgt forskuddsbetaling, forplikter han seg til \u00e5 betale kj\u00f8pesummen umiddelbart etter kontraktsinng\u00e5elsen. Dersom vi leverer mot postoppkrav, forfaller kj\u00f8pesummen ved mottak av varen.<\/p><p style=\"font-weight: bold; padding-bottom: 10px;\">\u00a74 Levering<\/p><p>(1) Med mindre annet er angitt i produktbeskrivelsen, er alle artikler vi tilbyr klare til forsendelse umiddelbart. Levering skjer senest innen 14 virkedager. Fristen for levering starter ved forskuddsbetaling dagen etter betalingsoppdraget til banken, og ved andre betalingsm\u00e5ter dagen etter kontraktsinng\u00e5elsen. Dersom fristens slutt faller p\u00e5 en l\u00f8rdag, s\u00f8ndag eller offentlig helligdag p\u00e5 leveringsstedet, forlenges fristen til neste virkedag.<\/p><p>(2) Risikoen for tilfeldig tap og tilfeldig forverring av den solgte varen overf\u00f8res ogs\u00e5 ved forsendelseskj\u00f8p f\u00f8rst n\u00e5r varen er overlevert til kj\u00f8peren.<\/p><p style=\"font-weight: bold; padding-bottom: 10px;\">\u00a75 Eiendomsforbehold<\/p><p>Vi forbeholder oss eiendomsretten til varen inntil kj\u00f8pesummen er fullt betalt.<\/p><p>****************************************************************************************************<\/p><p style=\"font-weight: bold; padding-bottom: 10px;\">\u00a76 Forbrukerens angrerett<\/p><p>Forbrukere har rett til \u00e5 angre kj\u00f8pet etter f\u00f8lgende bestemmelser, der forbruker er enhver fysisk person som inng\u00e5r en juridisk transaksjon for form\u00e5l som hovedsakelig verken kan tilskrives deres kommersielle eller selvstendige yrkesmessige aktivitet:<\/p><p style=\"font-weight: bold; padding-bottom: 1px; text-align: center;\">Angrerett<\/p><p><b>Angrerett<\/b><\/p><p>Du har rett til \u00e5 angre denne avtalen innen fjorten dager uten \u00e5 oppgi noen grunn. Angrefristen er fjorten dager fra den dagen du eller en tredjepart som du har utpekt, og som ikke er transport\u00f8ren, har f\u00e5tt varene i fysisk besittelse.<\/p><p>For \u00e5 ut\u00f8ve angreretten, m\u00e5 du informere oss<\/p><div style=\"margin-left: 20px; margin-top: 5px; margin-bottom: 5px;\">Lumond<br \/>Dor Porat<br \/>Kolonnenstr. 8<br \/>10827 Berlin<br \/>E-post: <a href=\"https:\/\/support.lumond.com\/nb\">info@lumond.de<\/a><\/div><p>ved hjelp av en utvetydig erkl\u00e6ring (f.eks. et brev sendt med post, telefaks eller e-post) om din beslutning om \u00e5 angre avtalen. Du kan bruke det vedlagte standard-angreskjemaet, men det er ikke obligatorisk.<\/p><p><b>F\u00f8lger av angreretten<\/b><\/p><p>Hvis du angrer denne avtalen, skal vi refundere alle betalinger vi har mottatt fra deg, inkludert leveringskostnader (med unntak av tilleggskostnader som oppst\u00e5r dersom du har valgt en annen type levering enn den rimeligste standardleveringen vi tilbyr), umiddelbart og senest innen fjorten dager fra den dagen vi mottok meldingen om din angring. For denne tilbakebetalingen bruker vi samme betalingsmiddel som du brukte ved den opprinnelige transaksjonen, med mindre noe annet uttrykkelig er avtalt; i intet tilfelle vil du bli belastet gebyrer p\u00e5 grunn av denne tilbakebetalingen.<\/p><p>Vi kan holde tilbake tilbakebetalingen til vi har mottatt varene tilbake eller til du har gitt bevis p\u00e5 at du har sendt varene tilbake, avhengig av hva som kommer f\u00f8rst.<\/p><p>Du m\u00e5 returnere eller overlevere varene til oss umiddelbart, og uansett senest innen fjorten dager fra den dagen du informerte oss om at du angrer avtalen. Fristen er overholdt dersom du sender varene f\u00f8r fristen p\u00e5 fjorten dager er utl\u00f8pt.<\/p><p>Du b\u00e6rer de direkte kostnadene ved \u00e5 returnere varene.<\/p><p><b>Slutt p\u00e5 angrerettveiledning<\/b><\/p><p>****************************************************************************************************<\/p><p style=\"font-weight: bold; padding-bottom: 10px;\">\u00a77 Angreskjema<\/p><p style=\"text-align: center; font-weight: bold;\">Standard-angreskjema<\/p><p>(Hvis du \u00f8nsker \u00e5 angre avtalen, vennligst fyll ut dette skjemaet og send det tilbake.)<\/p><div style=\"border: 1px solid #000000; padding: 10px;\"><p>Til :<br \/>Lumond<br \/>Dor Porat<br \/>Kolonnenstr. 8<br \/>10827 Berlin<br \/>E-post <a href=\"https:\/\/support.lumond.com\/nb\">info@lumond.de<\/a><\/p><p>Jeg\/vi (*) angrer herved avtalen jeg\/vi (*) har inng\u00e5tt om kj\u00f8p av f\u00f8lgende varer (*)\/levering av f\u00f8lgende tjenester (*)<\/p><p style=\"font-size: 15px; font-style: normal; font-weight: 400;\">__________________________________________________________________________________________________________<\/p><div>\u00a0<\/div><p><span style=\"font-style: inherit; font-weight: inherit;\">Bestilt den (*)\/mottatt den (*)<\/span><\/p><p>__________________________________________________________________________________________________________<\/p><div>\u00a0<\/div><p>Navn p\u00e5 forbruker(e)<\/p><p style=\"font-size: 15px; font-style: normal; font-weight: 400;\">__________________________________________________________________________________________________________<\/p><div>\u00a0<\/div><p><span style=\"font-style: inherit; font-weight: inherit;\">Adresse til forbruker(e)<\/span><\/p><p style=\"font-size: 15px; font-style: normal; font-weight: 400;\">__________________________________________________________________________________________________________<\/p><div>\u00a0<\/div><p>Signatur fra forbruker(e) (kun ved melding p\u00e5 papir)<\/p><p style=\"font-size: 15px; font-style: normal; font-weight: 400;\">__________________________________________________________________________________________________________<\/p><div>\u00a0<\/div><p>Dato<\/p><p style=\"font-size: 15px; font-style: normal; font-weight: 400;\">__________________________________________________________________________________________________________<\/p><div>\u00a0<\/div><\/div><p>(*) Stryk det som ikke passer.<\/p><p style=\"font-weight: bold; padding-bottom: 10px;\">\u00a78 Tvistel\u00f8sning<\/p><p>Europakommisjonen stiller en plattform for nettbasert tvistel\u00f8sning (ODR) til r\u00e5dighet, som du finner her: <a class=\"link-primary\" href=\"https:\/\/ec.europa.eu\/consumers\/odr\">LENKE TIL ODR-PLATTFORMEN<\/a>. Vi er verken forpliktet eller villige til \u00e5 delta i en tvistel\u00f8sningsprosess for en forbrukerklagenemnd.<\/p><p style=\"font-weight: bold; padding-bottom: 10px;\">\u00a79 Gjeldende rett og verneting<\/p><p>Tysk lov gjelder med unntak av FN-konvensjonen om internasjonale kj\u00f8p. For forbrukere gjelder dette lovvalget bare i den grad det ikke opphever det vern som gis av ufravikelige bestemmelser i loven i staten der forbrukeren har sitt vanlige oppholdssted. Dersom kunden er kj\u00f8pmann, juridisk person under offentlig rett eller offentligrettslig s\u00e6rformue, er eksklusivt verneting for alle tvister som oppst\u00e5r fra denne avtalen v\u00e5rt forretningssete.<\/p><p style=\"font-weight: bold; padding-bottom: 10px;\">\u00a710 Ugyldighetsklausul<\/p><p>Dersom en bestemmelse i disse generelle vilk\u00e5rene helt eller delvis er ugyldig eller blir ugyldig, ber\u00f8res ikke gyldigheten av de \u00f8vrige bestemmelsene. I stedet for den ugyldige bestemmelsen gjelder de lovbestemte reglene.<\/p><p style=\"font-weight: bold; padding-bottom: 10px;\">\u00a711 Personvern<\/p><p>Vi overholder bestemmelsene i personvernforordningen (GDPR). Se v\u00e5r personvernerkl\u00e6ring for detaljer.<\/p>\t\t\t\t\t\t<\/div>\n\t\t\t\t<\/div>\n\t\t\t\t\t<\/div>\n\t\t<\/div>\n\t\t\t\t\t<\/div>\n\t\t<\/section>\n\t\t\t\t<\/div>\n\t\t","protected":false},"excerpt":{"rendered":"<p>Allgemeine Gesch\u00e4ftsbedingungen f\u00fcr die Firma Lumond \u00a71 Gyldighet overfor forbrukere og definisjoner (1) De f\u00f8lgende generelle vilk\u00e5rene gjelder for alle leveranser mellom oss og en forbruker i den versjonen som er gyldig p\u00e5 tidspunktet for bestillingen. Forbruker er enhver fysisk person som inng\u00e5r en juridisk transaksjon for form\u00e5l som hovedsakelig verken kan tilskrives deres kommersielle [&hellip;]<\/p>\n","protected":false},"author":1,"featured_media":0,"parent":0,"menu_order":0,"comment_status":"closed","ping_status":"closed","template":"","meta":{"_acf_changed":false,"site-sidebar-layout":"no-sidebar","site-content-layout":"page-builder","ast-site-content-layout":"","site-content-style":"default","site-sidebar-style":"default","ast-global-header-display":"","ast-banner-title-visibility":"","ast-main-header-display":"","ast-hfb-above-header-display":"","ast-hfb-below-header-display":"","ast-hfb-mobile-header-display":"","site-post-title":"disabled","ast-breadcrumbs-content":"","ast-featured-img":"disabled","footer-sml-layout":"","theme-transparent-header-meta":"default","adv-header-id-meta":"","stick-header-meta":"","header-above-stick-meta":"","header-main-stick-meta":"","header-below-stick-meta":"","astra-migrate-meta-layouts":"set","ast-page-background-enabled":"default","ast-page-background-meta":{"desktop":{"background-color":"","background-image":"","background-repeat":"repeat","background-position":"center center","background-size":"auto","background-attachment":"scroll","background-type":"","background-media":"","overlay-type":"","overlay-color":"","overlay-opacity":"","overlay-gradient":""},"tablet":{"background-color":"","background-image":"","background-repeat":"repeat","background-position":"center center","background-size":"auto","background-attachment":"scroll","background-type":"","background-media":"","overlay-type":"","overlay-color":"","overlay-opacity":"","overlay-gradient":""},"mobile":{"background-color":"","background-image":"","background-repeat":"repeat","background-position":"center center","background-size":"auto","background-attachment":"scroll","background-type":"","background-media":"","overlay-type":"","overlay-color":"","overlay-opacity":"","overlay-gradient":""}},"ast-content-background-meta":{"desktop":{"background-color":"var(--ast-global-color-5)","background-image":"","background-repeat":"repeat","background-position":"center center","background-size":"auto","background-attachment":"scroll","background-type":"","background-media":"","overlay-type":"","overlay-color":"","overlay-opacity":"","overlay-gradient":""},"tablet":{"background-color":"var(--ast-global-color-5)","background-image":"","background-repeat":"repeat","background-position":"center center","background-size":"auto","background-attachment":"scroll","background-type":"","background-media":"","overlay-type":"","overlay-color":"","overlay-opacity":"","overlay-gradient":""},"mobile":{"background-color":"var(--ast-global-color-5)","background-image":"","background-repeat":"repeat","background-position":"center center","background-size":"auto","background-attachment":"scroll","background-type":"","background-media":"","overlay-type":"","overlay-color":"","overlay-opacity":"","overlay-gradient":""}},"footnotes":""},"class_list":["post-64775","page","type-page","status-publish","hentry"],"acf":[],"yoast_head":"<!-- This site is optimized with the Yoast SEO Premium plugin v23.0 (Yoast SEO v23.0) - https:\/\/yoast.com\/wordpress\/plugins\/seo\/ -->\n<title>Generelle vilk\u00e5r og betingelser \u2013 Lumond<\/title>\n<meta name=\"description\" content=\"Vilk\u00e5r og betingelser for Lumond.\" \/>\n<meta name=\"robots\" content=\"noindex, follow\" \/>\n<meta property=\"og:locale\" content=\"nb_NO\" \/>\n<meta property=\"og:type\" content=\"article\" \/>\n<meta property=\"og:title\" content=\"Generelle vilk\u00e5r og betingelser \u2013 Lumond\" \/>\n<meta property=\"og:description\" content=\"Generelle vilk\u00e5r og betingelser for Lumond.\" \/>\n<meta property=\"og:url\" content=\"https:\/\/lumond.com\/no\/vilkar-og-betingelser-for-lumond\/\" \/>\n<meta property=\"og:site_name\" content=\"Lumond\" \/>\n<meta property=\"article:publisher\" content=\"https:\/\/www.facebook.com\/lumond.de\/\" \/>\n<meta property=\"article:modified_time\" content=\"2026-03-10T17:58:01+00:00\" \/>\n<meta name=\"twitter:card\" content=\"summary_large_image\" \/>\n<meta name=\"twitter:title\" content=\"Allgemeine Gesch\u00e4ftsbedingungen\" \/>\n<meta name=\"twitter:label1\" content=\"Ansl. lesetid\" \/>\n\t<meta name=\"twitter:data1\" content=\"6 minutter\" \/>\n<script type=\"application\/ld+json\" class=\"yoast-schema-graph\">{\"@context\":\"https:\/\/schema.org\",\"@graph\":[{\"@type\":\"WebPage\",\"@id\":\"https:\/\/lumond.com\/no\/vilkar-og-betingelser-for-lumond\/\",\"url\":\"https:\/\/lumond.com\/no\/vilkar-og-betingelser-for-lumond\/\",\"name\":\"Generelle vilk\u00e5r og betingelser \u2013 Lumond\",\"isPartOf\":{\"@id\":\"https:\/\/lumond.com\/no\/#website\"},\"datePublished\":\"2021-12-12T16:28:01+00:00\",\"dateModified\":\"2026-03-10T17:58:01+00:00\",\"description\":\"Vilk\u00e5r og betingelser for Lumond.\",\"breadcrumb\":{\"@id\":\"https:\/\/lumond.com\/no\/vilkar-og-betingelser-for-lumond\/#breadcrumb\"},\"inLanguage\":\"nb-NO\",\"potentialAction\":[{\"@type\":\"ReadAction\",\"target\":[\"https:\/\/lumond.com\/no\/vilkar-og-betingelser-for-lumond\/\"]}]},{\"@type\":\"BreadcrumbList\",\"@id\":\"https:\/\/lumond.com\/no\/vilkar-og-betingelser-for-lumond\/#breadcrumb\",\"itemListElement\":[{\"@type\":\"ListItem\",\"position\":1,\"name\":\"Lumond\",\"item\":\"https:\/\/lumond.com\/no\/\"},{\"@type\":\"ListItem\",\"position\":2,\"name\":\"Allgemeine Gesch\u00e4ftsbedingungen\"}]},{\"@type\":\"WebSite\",\"@id\":\"https:\/\/lumond.com\/no\/#website\",\"url\":\"https:\/\/lumond.com\/no\/\",\"name\":\"Lumond\",\"description\":\"Nachhaltige Keramik Duftkerzen die nach dem Abbrennen zu Pflanzen werden \u2014 einzigartig in Europa\",\"publisher\":{\"@id\":\"https:\/\/lumond.com\/no\/#organization\"},\"alternateName\":\"Lumond\",\"potentialAction\":[{\"@type\":\"SearchAction\",\"target\":{\"@type\":\"EntryPoint\",\"urlTemplate\":\"https:\/\/lumond.com\/no\/?s={search_term_string}\"},\"query-input\":\"required name=search_term_string\"}],\"inLanguage\":\"nb-NO\"},{\"@type\":\"Organization\",\"@id\":\"https:\/\/lumond.com\/no\/#organization\",\"name\":\"Lumond\",\"url\":\"https:\/\/lumond.com\/no\/\",\"logo\":{\"@type\":\"ImageObject\",\"inLanguage\":\"nb-NO\",\"@id\":\"https:\/\/lumond.com\/no\/#\/schema\/logo\/image\/\",\"url\":\"https:\/\/lumond.com\/wp-content\/uploads\/2022\/01\/cropped-40-05.png\",\"contentUrl\":\"https:\/\/lumond.com\/wp-content\/uploads\/2022\/01\/cropped-40-05.png\",\"width\":512,\"height\":512,\"caption\":\"Lumond\"},\"image\":{\"@id\":\"https:\/\/lumond.com\/no\/#\/schema\/logo\/image\/\"},\"sameAs\":[\"https:\/\/www.facebook.com\/lumond.de\/\",\"https:\/\/www.instagram.com\/lumond.de\/\"],\"description\":\"Lumond lager h\u00f8ykvalitets duftlys av naturlig soyavoks i stilige keramikkbeholdere \u2013 b\u00e6rekraftig produsert i Tyskland og med unike duftkomposisjoner. Perfekt for et koselig hjem med sans for milj\u00f8bevissthet og design.\",\"email\":\"info@lumond.de\",\"legalName\":\"Lumond\",\"foundingDate\":\"2021-01-01\",\"ownershipFundingInfo\":\"https:\/\/lumond.com\/ueber-uns\/\",\"correctionsPolicy\":\"https:\/\/lumond.com\/kontakt\/\",\"address\":{\"@type\":\"PostalAddress\",\"streetAddress\":\"Lumond UG\",\"addressLocality\":\"Kolonnenstr. 8\",\"addressRegion\":\"Berlin\",\"postalCode\":\"10827\",\"addressCountry\":\"DE\"}}]}<\/script>\n<!-- \/ Yoast SEO Premium plugin. -->","yoast_head_json":{"title":"Generelle vilk\u00e5r og betingelser \u2013 Lumond","description":"Vilk\u00e5r og betingelser for Lumond.","robots":{"index":"noindex","follow":"follow"},"og_locale":"nb_NO","og_type":"article","og_title":"Generelle vilk\u00e5r og betingelser \u2013 Lumond","og_description":"Generelle vilk\u00e5r og betingelser for Lumond.","og_url":"https:\/\/lumond.com\/no\/vilkar-og-betingelser-for-lumond\/","og_site_name":"Lumond","article_publisher":"https:\/\/www.facebook.com\/lumond.de\/","article_modified_time":"2026-03-10T17:58:01+00:00","twitter_card":"summary_large_image","twitter_title":"Allgemeine Gesch\u00e4ftsbedingungen","twitter_misc":{"Ansl. lesetid":"6 minutter"},"schema":{"@context":"https:\/\/schema.org","@graph":[{"@type":"WebPage","@id":"https:\/\/lumond.com\/no\/vilkar-og-betingelser-for-lumond\/","url":"https:\/\/lumond.com\/no\/vilkar-og-betingelser-for-lumond\/","name":"Generelle vilk\u00e5r og betingelser \u2013 Lumond","isPartOf":{"@id":"https:\/\/lumond.com\/no\/#website"},"datePublished":"2021-12-12T16:28:01+00:00","dateModified":"2026-03-10T17:58:01+00:00","description":"Vilk\u00e5r og betingelser for Lumond.","breadcrumb":{"@id":"https:\/\/lumond.com\/no\/vilkar-og-betingelser-for-lumond\/#breadcrumb"},"inLanguage":"nb-NO","potentialAction":[{"@type":"ReadAction","target":["https:\/\/lumond.com\/no\/vilkar-og-betingelser-for-lumond\/"]}]},{"@type":"BreadcrumbList","@id":"https:\/\/lumond.com\/no\/vilkar-og-betingelser-for-lumond\/#breadcrumb","itemListElement":[{"@type":"ListItem","position":1,"name":"Lumond","item":"https:\/\/lumond.com\/no\/"},{"@type":"ListItem","position":2,"name":"Allgemeine Gesch\u00e4ftsbedingungen"}]},{"@type":"WebSite","@id":"https:\/\/lumond.com\/no\/#website","url":"https:\/\/lumond.com\/no\/","name":"Lumond","description":"Nachhaltige Keramik Duftkerzen die nach dem Abbrennen zu Pflanzen werden \u2014 einzigartig in Europa","publisher":{"@id":"https:\/\/lumond.com\/no\/#organization"},"alternateName":"Lumond","potentialAction":[{"@type":"SearchAction","target":{"@type":"EntryPoint","urlTemplate":"https:\/\/lumond.com\/no\/?s={search_term_string}"},"query-input":"required name=search_term_string"}],"inLanguage":"nb-NO"},{"@type":"Organization","@id":"https:\/\/lumond.com\/no\/#organization","name":"Lumond","url":"https:\/\/lumond.com\/no\/","logo":{"@type":"ImageObject","inLanguage":"nb-NO","@id":"https:\/\/lumond.com\/no\/#\/schema\/logo\/image\/","url":"https:\/\/lumond.com\/wp-content\/uploads\/2022\/01\/cropped-40-05.png","contentUrl":"https:\/\/lumond.com\/wp-content\/uploads\/2022\/01\/cropped-40-05.png","width":512,"height":512,"caption":"Lumond"},"image":{"@id":"https:\/\/lumond.com\/no\/#\/schema\/logo\/image\/"},"sameAs":["https:\/\/www.facebook.com\/lumond.de\/","https:\/\/www.instagram.com\/lumond.de\/"],"description":"Lumond lager h\u00f8ykvalitets duftlys av naturlig soyavoks i stilige keramikkbeholdere \u2013 b\u00e6rekraftig produsert i Tyskland og med unike duftkomposisjoner. Perfekt for et koselig hjem med sans for milj\u00f8bevissthet og design.","email":"info@lumond.de","legalName":"Lumond","foundingDate":"2021-01-01","ownershipFundingInfo":"https:\/\/lumond.com\/ueber-uns\/","correctionsPolicy":"https:\/\/lumond.com\/kontakt\/","address":{"@type":"PostalAddress","streetAddress":"Lumond UG","addressLocality":"Kolonnenstr. 8","addressRegion":"Berlin","postalCode":"10827","addressCountry":"DE"}}]}},"_links":{"self":[{"href":"https:\/\/lumond.com\/no\/wp-json\/wp\/v2\/pages\/64775","targetHints":{"allow":["GET"]}}],"collection":[{"href":"https:\/\/lumond.com\/no\/wp-json\/wp\/v2\/pages"}],"about":[{"href":"https:\/\/lumond.com\/no\/wp-json\/wp\/v2\/types\/page"}],"author":[{"embeddable":true,"href":"https:\/\/lumond.com\/no\/wp-json\/wp\/v2\/users\/1"}],"replies":[{"embeddable":true,"href":"https:\/\/lumond.com\/no\/wp-json\/wp\/v2\/comments?post=64775"}],"version-history":[{"count":24,"href":"https:\/\/lumond.com\/no\/wp-json\/wp\/v2\/pages\/64775\/revisions"}],"predecessor-version":[{"id":98717,"href":"https:\/\/lumond.com\/no\/wp-json\/wp\/v2\/pages\/64775\/revisions\/98717"}],"wp:attachment":[{"href":"https:\/\/lumond.com\/no\/wp-json\/wp\/v2\/media?parent=64775"}],"curies":[{"name":"wp","href":"https:\/\/api.w.org\/{rel}","templated":true}]}}