{"id":64771,"date":"2021-12-20T13:35:32","date_gmt":"2021-12-20T13:35:32","guid":{"rendered":"https:\/\/lumond.com\/retouren-versand\/"},"modified":"2025-10-07T10:47:04","modified_gmt":"2025-10-07T10:47:04","slug":"frakt-og-retur","status":"publish","type":"page","link":"https:\/\/lumond.com\/no\/frakt-og-retur\/","title":{"rendered":"Frakt og retur"},"content":{"rendered":"\t\t<div data-elementor-type=\"wp-page\" data-elementor-id=\"64771\" class=\"elementor elementor-64771 elementor-4199\" data-elementor-post-type=\"page\">\n\t\t\t\t\t\t<section class=\"elementor-section elementor-top-section elementor-element elementor-element-6648470 elementor-section-boxed elementor-section-height-default elementor-section-height-default\" data-id=\"6648470\" data-element_type=\"section\">\n\t\t\t\t\t\t<div class=\"elementor-container elementor-column-gap-default\">\n\t\t\t\t\t<div class=\"elementor-column elementor-col-100 elementor-top-column elementor-element elementor-element-279cbbe\" data-id=\"279cbbe\" data-element_type=\"column\">\n\t\t\t<div class=\"elementor-widget-wrap elementor-element-populated\">\n\t\t\t\t\t\t<div class=\"elementor-element elementor-element-fff3db2 elementor-widget elementor-widget-heading\" data-id=\"fff3db2\" data-element_type=\"widget\" data-widget_type=\"heading.default\">\n\t\t\t\t<div class=\"elementor-widget-container\">\n\t\t\t<style>\/*! elementor - v3.21.0 - 08-05-2024 *\/\n.elementor-heading-title{padding:0;margin:0;line-height:1}.elementor-widget-heading .elementor-heading-title[class*=elementor-size-]>a{color:inherit;font-size:inherit;line-height:inherit}.elementor-widget-heading .elementor-heading-title.elementor-size-small{font-size:15px}.elementor-widget-heading .elementor-heading-title.elementor-size-medium{font-size:19px}.elementor-widget-heading .elementor-heading-title.elementor-size-large{font-size:29px}.elementor-widget-heading .elementor-heading-title.elementor-size-xl{font-size:39px}.elementor-widget-heading .elementor-heading-title.elementor-size-xxl{font-size:59px}<\/style><h1 class=\"elementor-heading-title elementor-size-default\">Frakt og retur <\/h1>\t\t<\/div>\n\t\t\t\t<\/div>\n\t\t\t\t<div class=\"elementor-element elementor-element-4cec6e1 elementor-widget__width-initial elementor-widget elementor-widget-text-editor\" data-id=\"4cec6e1\" data-element_type=\"widget\" data-widget_type=\"text-editor.default\">\n\t\t\t\t<div class=\"elementor-widget-container\">\n\t\t\t<style>\/*! elementor - v3.21.0 - 08-05-2024 *\/\n.elementor-widget-text-editor.elementor-drop-cap-view-stacked .elementor-drop-cap{background-color:#69727d;color:#fff}.elementor-widget-text-editor.elementor-drop-cap-view-framed .elementor-drop-cap{color:#69727d;border:3px solid;background-color:transparent}.elementor-widget-text-editor:not(.elementor-drop-cap-view-default) .elementor-drop-cap{margin-top:8px}.elementor-widget-text-editor:not(.elementor-drop-cap-view-default) .elementor-drop-cap-letter{width:1em;height:1em}.elementor-widget-text-editor .elementor-drop-cap{float:left;text-align:center;line-height:1;font-size:50px}.elementor-widget-text-editor .elementor-drop-cap-letter{display:inline-block}<\/style>\t\t\t\t<p><strong>Angrerett<\/strong><\/p><p><span style=\"font-style: inherit; font-weight: inherit; background-color: var(--ast-global-color-5); color: var(--ast-global-color-8);\">Du har rett til \u00e5 angre p\u00e5 denne avtalen innen fjorten dager uten \u00e5 oppgi noen grunn. Angrefristen er fjorten dager fra den dagen du eller en tredjepart utpekt av deg, som ikke er transport\u00f8ren, har f\u00e5tt varene i besittelse.<\/span><\/p><p>For \u00e5 ut\u00f8ve din angrerett, m\u00e5 du informere oss gjennom en tydelig erkl\u00e6ring (f.eks. et brev sendt per post, telefaks eller e-post) om din beslutning om \u00e5 angre denne avtalen. Du kan bruke det vedlagte standard angreskjemaet, men det er ikke obligatorisk.<\/p><p>Kontakt for returer:<br \/>Lumond UG<br \/>Kolonnenstr. 8<br \/>10827 Berlin<br \/>E-post: info@lumond.de<\/p><p><b>Returer og refusjoner:<\/b><\/p><p><span style=\"font-style: inherit; font-weight: inherit; background-color: var(--ast-global-color-5); color: var(--ast-global-color-8);\">H<\/span><span style=\"font-style: inherit; background-color: var(--ast-global-color-5); color: var(--ast-global-color-8);\"><b>vor lenge har jeg tid til \u00e5 returnere bestillingen min?<\/b><br \/><\/span><span style=\"background-color: var(--ast-global-color-5); color: var(--ast-global-color-8); font-style: inherit; font-weight: inherit;\">S\u00e5 snart du har mottatt bestillingen din, har du 28 dager p\u00e5 deg til \u00e5 returnere den. Vennligst kontakt oss, s\u00e5 hjelper vi deg gjerne med \u00e5 l\u00f8se problemet med kj\u00f8pet ditt.<\/span><\/p><p><b>N\u00e5r f\u00e5r jeg refusjonen min?<br \/><\/b><span style=\"font-style: inherit; font-weight: inherit; background-color: var(--ast-global-color-5); color: var(--ast-global-color-8);\">Refusjoner kan ta 3 til 5 virkedager f\u00f8r de vises p\u00e5 kontoutskriften din, selv om det vanligvis g\u00e5r raskere. Vi refunderer alltid bel\u00f8pet til det kortet du brukte til \u00e5 betale.<\/span><\/p><p><b>Jeg er misforn\u00f8yd med kj\u00f8pet mitt<br \/><\/b>Vi beklager at du ikke er forn\u00f8yd med kj\u00f8pet ditt. Vennligst kontakt oss, s\u00e5 hjelper vi deg gjerne med \u00e5 l\u00f8se problemet med kj\u00f8pet ditt.<\/p><p>I<b>jeg har mottatt noe skadet eller feil vare<\/b><br \/>Vi beklager veldig at varen ikke ankom slik vi hadde forventet. Vennligst kontakt oss, s\u00e5 hjelper vi deg gjerne med \u00e5 finne riktig vare.<\/p><p><b>Kostnader ved retur<br \/><\/b>Ved en angrerett m\u00e5 du b\u00e6re de direkte kostnadene ved \u00e5 returnere varene. Dersom varene er skadet eller feil levert, dekker vi returfrakten.<\/p><p><b>Standard angreskjema<\/b><br \/>(Hvis du \u00f8nsker \u00e5 angre avtalen, vennligst fyll ut dette skjemaet og send det tilbake.)<br \/>Til:<br \/>Lumond UG<br \/>Kolonnenstr. 8<br \/>10827 Berlin<br \/>E-post: info@lumond.de<\/p><p>Jeg\/vi () angrer herved avtalen inng\u00e5tt av meg\/oss () om kj\u00f8p av f\u00f8lgende varer ()\/levering av f\u00f8lgende tjeneste ():<\/p><ul><li>Bestilt den ()\/mottatt den ()<\/li><li>Navn p\u00e5 forbruker(e)<\/li><li>Adresse til forbruker(e)<\/li><li>Underskrift fra forbruker(e) (kun ved melding p\u00e5 papir)<\/li><li>Dato<\/li><\/ul><p>(*) Stryk det som ikke passer.<\/p>\t\t\t\t\t\t<\/div>\n\t\t\t\t<\/div>\n\t\t\t\t\t<\/div>\n\t\t<\/div>\n\t\t\t\t\t<\/div>\n\t\t<\/section>\n\t\t\t\t<\/div>\n\t\t","protected":false},"excerpt":{"rendered":"<p>Frakt og retur Angrerett Du har rett til \u00e5 angre p\u00e5 denne avtalen innen fjorten dager uten \u00e5 oppgi noen grunn. Angrefristen er fjorten dager fra den dagen du eller en tredjepart utpekt av deg, som ikke er transport\u00f8ren, har f\u00e5tt varene i besittelse. For \u00e5 ut\u00f8ve din angrerett, m\u00e5 du informere oss gjennom en [&hellip;]<\/p>\n","protected":false},"author":1,"featured_media":0,"parent":0,"menu_order":0,"comment_status":"closed","ping_status":"closed","template":"","meta":{"_acf_changed":false,"site-sidebar-layout":"no-sidebar","site-content-layout":"page-builder","ast-site-content-layout":"","site-content-style":"default","site-sidebar-style":"default","ast-global-header-display":"","ast-banner-title-visibility":"","ast-main-header-display":"","ast-hfb-above-header-display":"","ast-hfb-below-header-display":"","ast-hfb-mobile-header-display":"","site-post-title":"disabled","ast-breadcrumbs-content":"","ast-featured-img":"disabled","footer-sml-layout":"","theme-transparent-header-meta":"default","adv-header-id-meta":"","stick-header-meta":"","header-above-stick-meta":"","header-main-stick-meta":"","header-below-stick-meta":"","astra-migrate-meta-layouts":"set","ast-page-background-enabled":"default","ast-page-background-meta":{"desktop":{"background-color":"","background-image":"","background-repeat":"repeat","background-position":"center center","background-size":"auto","background-attachment":"scroll","background-type":"","background-media":"","overlay-type":"","overlay-color":"","overlay-opacity":"","overlay-gradient":""},"tablet":{"background-color":"","background-image":"","background-repeat":"repeat","background-position":"center center","background-size":"auto","background-attachment":"scroll","background-type":"","background-media":"","overlay-type":"","overlay-color":"","overlay-opacity":"","overlay-gradient":""},"mobile":{"background-color":"","background-image":"","background-repeat":"repeat","background-position":"center center","background-size":"auto","background-attachment":"scroll","background-type":"","background-media":"","overlay-type":"","overlay-color":"","overlay-opacity":"","overlay-gradient":""}},"ast-content-background-meta":{"desktop":{"background-color":"var(--ast-global-color-5)","background-image":"","background-repeat":"repeat","background-position":"center center","background-size":"auto","background-attachment":"scroll","background-type":"","background-media":"","overlay-type":"","overlay-color":"","overlay-opacity":"","overlay-gradient":""},"tablet":{"background-color":"var(--ast-global-color-5)","background-image":"","background-repeat":"repeat","background-position":"center center","background-size":"auto","background-attachment":"scroll","background-type":"","background-media":"","overlay-type":"","overlay-color":"","overlay-opacity":"","overlay-gradient":""},"mobile":{"background-color":"var(--ast-global-color-5)","background-image":"","background-repeat":"repeat","background-position":"center center","background-size":"auto","background-attachment":"scroll","background-type":"","background-media":"","overlay-type":"","overlay-color":"","overlay-opacity":"","overlay-gradient":""}},"footnotes":""},"class_list":["post-64771","page","type-page","status-publish","hentry"],"acf":[],"yoast_head":"<!-- This site is optimized with the Yoast SEO Premium plugin v23.0 (Yoast SEO v23.0) - https:\/\/yoast.com\/wordpress\/plugins\/seo\/ -->\n<title>Frakt og retur \u2013 Lumond<\/title>\n<meta name=\"description\" content=\"Leverings- og returvilk\u00e5r. Gratis frakt p\u00e5 alle bestillinger.\" \/>\n<meta name=\"robots\" content=\"noindex, follow\" \/>\n<meta property=\"og:locale\" content=\"nb_NO\" \/>\n<meta property=\"og:type\" content=\"article\" \/>\n<meta property=\"og:title\" content=\"Frakt og retur \u2013 Lumond\" \/>\n<meta property=\"og:description\" content=\"Leverings- og returvilk\u00e5r. Gratis frakt p\u00e5 alle bestillinger.\" \/>\n<meta property=\"og:url\" content=\"https:\/\/lumond.com\/no\/frakt-og-retur\/\" \/>\n<meta property=\"og:site_name\" content=\"Lumond\" \/>\n<meta property=\"article:publisher\" content=\"https:\/\/www.facebook.com\/lumond.de\/\" \/>\n<meta property=\"article:modified_time\" content=\"2025-10-07T10:47:04+00:00\" \/>\n<meta name=\"twitter:card\" content=\"summary_large_image\" \/>\n<meta name=\"twitter:title\" content=\"Frakt og retur\" \/>\n<meta name=\"twitter:label1\" content=\"Ansl. lesetid\" \/>\n\t<meta name=\"twitter:data1\" content=\"2 minutter\" \/>\n<script type=\"application\/ld+json\" class=\"yoast-schema-graph\">{\"@context\":\"https:\/\/schema.org\",\"@graph\":[{\"@type\":\"WebPage\",\"@id\":\"https:\/\/lumond.com\/no\/frakt-og-retur\/\",\"url\":\"https:\/\/lumond.com\/no\/frakt-og-retur\/\",\"name\":\"Frakt og retur \u2013 Lumond\",\"isPartOf\":{\"@id\":\"https:\/\/lumond.com\/no\/#website\"},\"datePublished\":\"2021-12-20T13:35:32+00:00\",\"dateModified\":\"2025-10-07T10:47:04+00:00\",\"description\":\"Leverings- og returvilk\u00e5r. Gratis frakt p\u00e5 alle bestillinger.\",\"breadcrumb\":{\"@id\":\"https:\/\/lumond.com\/no\/frakt-og-retur\/#breadcrumb\"},\"inLanguage\":\"nb-NO\",\"potentialAction\":[{\"@type\":\"ReadAction\",\"target\":[\"https:\/\/lumond.com\/no\/frakt-og-retur\/\"]}]},{\"@type\":\"BreadcrumbList\",\"@id\":\"https:\/\/lumond.com\/no\/frakt-og-retur\/#breadcrumb\",\"itemListElement\":[{\"@type\":\"ListItem\",\"position\":1,\"name\":\"Lumond\",\"item\":\"https:\/\/lumond.com\/no\/\"},{\"@type\":\"ListItem\",\"position\":2,\"name\":\"Frakt og retur\"}]},{\"@type\":\"WebSite\",\"@id\":\"https:\/\/lumond.com\/no\/#website\",\"url\":\"https:\/\/lumond.com\/no\/\",\"name\":\"Lumond\",\"description\":\"Nachhaltige Keramik Duftkerzen die nach dem Abbrennen zu Pflanzen werden \u2014 einzigartig in Europa\",\"publisher\":{\"@id\":\"https:\/\/lumond.com\/no\/#organization\"},\"alternateName\":\"Lumond\",\"potentialAction\":[{\"@type\":\"SearchAction\",\"target\":{\"@type\":\"EntryPoint\",\"urlTemplate\":\"https:\/\/lumond.com\/no\/?s={search_term_string}\"},\"query-input\":\"required name=search_term_string\"}],\"inLanguage\":\"nb-NO\"},{\"@type\":\"Organization\",\"@id\":\"https:\/\/lumond.com\/no\/#organization\",\"name\":\"Lumond\",\"url\":\"https:\/\/lumond.com\/no\/\",\"logo\":{\"@type\":\"ImageObject\",\"inLanguage\":\"nb-NO\",\"@id\":\"https:\/\/lumond.com\/no\/#\/schema\/logo\/image\/\",\"url\":\"https:\/\/lumond.com\/wp-content\/uploads\/2022\/01\/cropped-40-05.png\",\"contentUrl\":\"https:\/\/lumond.com\/wp-content\/uploads\/2022\/01\/cropped-40-05.png\",\"width\":512,\"height\":512,\"caption\":\"Lumond\"},\"image\":{\"@id\":\"https:\/\/lumond.com\/no\/#\/schema\/logo\/image\/\"},\"sameAs\":[\"https:\/\/www.facebook.com\/lumond.de\/\",\"https:\/\/www.instagram.com\/lumond.de\/\"],\"description\":\"Lumond lager h\u00f8ykvalitets duftlys av naturlig soyavoks i stilige keramikkbeholdere \u2013 b\u00e6rekraftig produsert i Tyskland og med unike duftkomposisjoner. Perfekt for et koselig hjem med sans for milj\u00f8bevissthet og design.\",\"email\":\"info@lumond.de\",\"legalName\":\"Lumond\",\"foundingDate\":\"2021-01-01\",\"ownershipFundingInfo\":\"https:\/\/lumond.com\/ueber-uns\/\",\"correctionsPolicy\":\"https:\/\/lumond.com\/kontakt\/\",\"address\":{\"@type\":\"PostalAddress\",\"streetAddress\":\"Lumond UG\",\"addressLocality\":\"Kolonnenstr. 8\",\"addressRegion\":\"Berlin\",\"postalCode\":\"10827\",\"addressCountry\":\"DE\"}}]}<\/script>\n<!-- \/ Yoast SEO Premium plugin. -->","yoast_head_json":{"title":"Frakt og retur \u2013 Lumond","description":"Leverings- og returvilk\u00e5r. Gratis frakt p\u00e5 alle bestillinger.","robots":{"index":"noindex","follow":"follow"},"og_locale":"nb_NO","og_type":"article","og_title":"Frakt og retur \u2013 Lumond","og_description":"Leverings- og returvilk\u00e5r. Gratis frakt p\u00e5 alle bestillinger.","og_url":"https:\/\/lumond.com\/no\/frakt-og-retur\/","og_site_name":"Lumond","article_publisher":"https:\/\/www.facebook.com\/lumond.de\/","article_modified_time":"2025-10-07T10:47:04+00:00","twitter_card":"summary_large_image","twitter_title":"Frakt og retur","twitter_misc":{"Ansl. lesetid":"2 minutter"},"schema":{"@context":"https:\/\/schema.org","@graph":[{"@type":"WebPage","@id":"https:\/\/lumond.com\/no\/frakt-og-retur\/","url":"https:\/\/lumond.com\/no\/frakt-og-retur\/","name":"Frakt og retur \u2013 Lumond","isPartOf":{"@id":"https:\/\/lumond.com\/no\/#website"},"datePublished":"2021-12-20T13:35:32+00:00","dateModified":"2025-10-07T10:47:04+00:00","description":"Leverings- og returvilk\u00e5r. Gratis frakt p\u00e5 alle bestillinger.","breadcrumb":{"@id":"https:\/\/lumond.com\/no\/frakt-og-retur\/#breadcrumb"},"inLanguage":"nb-NO","potentialAction":[{"@type":"ReadAction","target":["https:\/\/lumond.com\/no\/frakt-og-retur\/"]}]},{"@type":"BreadcrumbList","@id":"https:\/\/lumond.com\/no\/frakt-og-retur\/#breadcrumb","itemListElement":[{"@type":"ListItem","position":1,"name":"Lumond","item":"https:\/\/lumond.com\/no\/"},{"@type":"ListItem","position":2,"name":"Frakt og retur"}]},{"@type":"WebSite","@id":"https:\/\/lumond.com\/no\/#website","url":"https:\/\/lumond.com\/no\/","name":"Lumond","description":"Nachhaltige Keramik Duftkerzen die nach dem Abbrennen zu Pflanzen werden \u2014 einzigartig in Europa","publisher":{"@id":"https:\/\/lumond.com\/no\/#organization"},"alternateName":"Lumond","potentialAction":[{"@type":"SearchAction","target":{"@type":"EntryPoint","urlTemplate":"https:\/\/lumond.com\/no\/?s={search_term_string}"},"query-input":"required name=search_term_string"}],"inLanguage":"nb-NO"},{"@type":"Organization","@id":"https:\/\/lumond.com\/no\/#organization","name":"Lumond","url":"https:\/\/lumond.com\/no\/","logo":{"@type":"ImageObject","inLanguage":"nb-NO","@id":"https:\/\/lumond.com\/no\/#\/schema\/logo\/image\/","url":"https:\/\/lumond.com\/wp-content\/uploads\/2022\/01\/cropped-40-05.png","contentUrl":"https:\/\/lumond.com\/wp-content\/uploads\/2022\/01\/cropped-40-05.png","width":512,"height":512,"caption":"Lumond"},"image":{"@id":"https:\/\/lumond.com\/no\/#\/schema\/logo\/image\/"},"sameAs":["https:\/\/www.facebook.com\/lumond.de\/","https:\/\/www.instagram.com\/lumond.de\/"],"description":"Lumond lager h\u00f8ykvalitets duftlys av naturlig soyavoks i stilige keramikkbeholdere \u2013 b\u00e6rekraftig produsert i Tyskland og med unike duftkomposisjoner. Perfekt for et koselig hjem med sans for milj\u00f8bevissthet og design.","email":"info@lumond.de","legalName":"Lumond","foundingDate":"2021-01-01","ownershipFundingInfo":"https:\/\/lumond.com\/ueber-uns\/","correctionsPolicy":"https:\/\/lumond.com\/kontakt\/","address":{"@type":"PostalAddress","streetAddress":"Lumond UG","addressLocality":"Kolonnenstr. 8","addressRegion":"Berlin","postalCode":"10827","addressCountry":"DE"}}]}},"_links":{"self":[{"href":"https:\/\/lumond.com\/no\/wp-json\/wp\/v2\/pages\/64771","targetHints":{"allow":["GET"]}}],"collection":[{"href":"https:\/\/lumond.com\/no\/wp-json\/wp\/v2\/pages"}],"about":[{"href":"https:\/\/lumond.com\/no\/wp-json\/wp\/v2\/types\/page"}],"author":[{"embeddable":true,"href":"https:\/\/lumond.com\/no\/wp-json\/wp\/v2\/users\/1"}],"replies":[{"embeddable":true,"href":"https:\/\/lumond.com\/no\/wp-json\/wp\/v2\/comments?post=64771"}],"version-history":[{"count":18,"href":"https:\/\/lumond.com\/no\/wp-json\/wp\/v2\/pages\/64771\/revisions"}],"predecessor-version":[{"id":67235,"href":"https:\/\/lumond.com\/no\/wp-json\/wp\/v2\/pages\/64771\/revisions\/67235"}],"wp:attachment":[{"href":"https:\/\/lumond.com\/no\/wp-json\/wp\/v2\/media?parent=64771"}],"curies":[{"name":"wp","href":"https:\/\/api.w.org\/{rel}","templated":true}]}}