{"id":64767,"date":"2021-12-20T13:53:48","date_gmt":"2021-12-20T13:53:48","guid":{"rendered":"https:\/\/lumond.com\/payments\/"},"modified":"2026-01-14T10:31:07","modified_gmt":"2026-01-14T10:31:07","slug":"betalingsvilkar","status":"publish","type":"page","link":"https:\/\/lumond.com\/no\/betalingsvilkar\/","title":{"rendered":"betalingsvilk\u00e5r"},"content":{"rendered":"\t\t<div data-elementor-type=\"wp-page\" data-elementor-id=\"64767\" class=\"elementor elementor-64767 elementor-4222\" data-elementor-post-type=\"page\">\n\t\t\t\t\t\t<section class=\"elementor-section elementor-top-section elementor-element elementor-element-737556f elementor-section-boxed elementor-section-height-default elementor-section-height-default\" data-id=\"737556f\" data-element_type=\"section\">\n\t\t\t\t\t\t<div class=\"elementor-container elementor-column-gap-default\">\n\t\t\t\t\t<div class=\"elementor-column elementor-col-100 elementor-top-column elementor-element elementor-element-a4c6cd8\" data-id=\"a4c6cd8\" data-element_type=\"column\">\n\t\t\t<div class=\"elementor-widget-wrap elementor-element-populated\">\n\t\t\t\t\t\t<div class=\"elementor-element elementor-element-e8f6611 elementor-widget elementor-widget-heading\" data-id=\"e8f6611\" data-element_type=\"widget\" data-widget_type=\"heading.default\">\n\t\t\t\t<div class=\"elementor-widget-container\">\n\t\t\t<style>\/*! elementor - v3.21.0 - 08-05-2024 *\/\n.elementor-heading-title{padding:0;margin:0;line-height:1}.elementor-widget-heading .elementor-heading-title[class*=elementor-size-]>a{color:inherit;font-size:inherit;line-height:inherit}.elementor-widget-heading .elementor-heading-title.elementor-size-small{font-size:15px}.elementor-widget-heading .elementor-heading-title.elementor-size-medium{font-size:19px}.elementor-widget-heading .elementor-heading-title.elementor-size-large{font-size:29px}.elementor-widget-heading .elementor-heading-title.elementor-size-xl{font-size:39px}.elementor-widget-heading .elementor-heading-title.elementor-size-xxl{font-size:59px}<\/style><h1 class=\"elementor-heading-title elementor-size-default\">betalingsvilk\u00e5r<\/h1>\t\t<\/div>\n\t\t\t\t<\/div>\n\t\t\t\t<div class=\"elementor-element elementor-element-1268eb8 elementor-widget elementor-widget-text-editor\" data-id=\"1268eb8\" data-element_type=\"widget\" data-widget_type=\"text-editor.default\">\n\t\t\t\t<div class=\"elementor-widget-container\">\n\t\t\t<style>\/*! elementor - v3.21.0 - 08-05-2024 *\/\n.elementor-widget-text-editor.elementor-drop-cap-view-stacked .elementor-drop-cap{background-color:#69727d;color:#fff}.elementor-widget-text-editor.elementor-drop-cap-view-framed .elementor-drop-cap{color:#69727d;border:3px solid;background-color:transparent}.elementor-widget-text-editor:not(.elementor-drop-cap-view-default) .elementor-drop-cap{margin-top:8px}.elementor-widget-text-editor:not(.elementor-drop-cap-view-default) .elementor-drop-cap-letter{width:1em;height:1em}.elementor-widget-text-editor .elementor-drop-cap{float:left;text-align:center;line-height:1;font-size:50px}.elementor-widget-text-editor .elementor-drop-cap-letter{display:inline-block}<\/style>\t\t\t\t<p>Lumond tilbyr deg et bredt utvalg av betalingsmuligheter. Etter at du har lagt ditt \u00f8nskede produkt i handlekurven, kan du klikke p\u00e5 feltet \u00abg\u00e5 til kassen\u00bb eller p\u00e5 feltet \u00abExpress-kj\u00f8p med PayPal\u00bb. P\u00e5 neste side kan du velge mellom f\u00f8lgende betalingsmetoder:<\/p><p><strong>1. Betaling med Klarna<\/strong><\/p><ul class=\"lumond-list-ul\"><li>F\u00e5 varene f\u00f8rst, betal senere.<\/li><li>Enklere: Ingen kredittkort eller passord.<\/li><li>Sikrere: Betal kun for varer du har mottatt.<\/li><li>Sertifisert av T\u00dcV og i samsvar med Trusted Shops.<\/li><li>Millioner av forn\u00f8yde kunder.<\/li><\/ul><p>Med Klarna g\u00e5r shoppingen raskere, da du kun trenger \u00e5 oppgi et minimum av data og kan unng\u00e5 en tidkrevende registreringsprosess. Du f\u00e5r varene levert f\u00f8r du betaler. N\u00e5r du er forn\u00f8yd med bestillingen din, betaler du fakturaen via Klarna.<\/p><p><strong>Betaling via etterkrav (Klarna)<\/strong><\/p><p>Hvis du velger betaling via Klarna, trenger du ikke \u00e5 betale f\u00f8r du har mottatt varene. Nyttig informasjon om Klarna:<\/p><ul class=\"lumond-list-ul\"><li>Hvis du ikke er forn\u00f8yd med produktet ditt, vennligst kontakt oss umiddelbart. Ikke send bestillingen tilbake uten \u00e5 kontakte oss f\u00f8rst.<\/li><li>Hvis varene ikke blir levert innen den oppgitte tiden, vennligst kontakt oss eller Klarna umiddelbart, slik at vi kan forlenge betalingsfristen din.<\/li><li>Hvis vi har sendt deg en oppdatert faktura via e-post, vennligst se bort fra papirfakturaen som fulgte med pakken. Den kan v\u00e6re utdatert.<\/li><li>Du kan ogs\u00e5 kontakte Klarna direkte. V\u00e6r oppmerksom p\u00e5 at Klarna ikke videresender korrespondansen til oss.<\/li><\/ul><p>Klarna kundeservice telefon: +49 (0) 911 477 577 10<br \/>Klarna kundeservice online: <a class=\"link-primary\" href=\"https:\/\/www.klarna.com\/de\/kundendienst\" rel=\"noopener noreferrer nofollow\">https:\/\/www.klarna.com\/de\/kundendienst<\/a><\/p><p><strong>2. Behandlingstid:<\/strong><\/p><ul class=\"lumond-list-ul\"><li>Betaling via bankoverf\u00f8ring: 3\u20134 virkedager<\/li><li>Betaling via Sofort-overf\u00f8ring: 1\u20132 virkedager<\/li><\/ul><p>Hvis du ikke har mottatt en bekreftelsesmail etter denne perioden, vennligst send oss en kopi eller et skjermbilde av betalingskvitteringen din.<\/p><p><strong>3. PayPal:<\/strong><\/p><p><span style=\"font-style: inherit; font-weight: inherit; background-color: var(--ast-global-color-5); color: var(--ast-global-color-8);\">N\u00e5r du klikker p\u00e5 knappen \u00abbetal med PayPal\u00bb, blir du automatisk videresendt til PayPals betalingsside. Du trenger ikke en PayPal-konto for \u00e5 bruke PayPal.<\/span><\/p><p><strong>V\u00e5re betalingssystemer er kryptert med 2048-bit, noe som garanterer absolutt sikkerhet for kj\u00f8pet ditt.<\/strong><\/p><p><strong>lumond.com behandler eller lagrer ikke dine kredittkortdata og deler dem heller ikke med tredjeparter.<\/strong><\/p><p><strong>Endringer i betalingsbetingelser:<\/strong><br \/>lumond.com forbeholder seg retten til \u00e5 endre disse betalingsbetingelsene n\u00e5r som helst. Kunder vil bli informert om slike endringer p\u00e5 v\u00e5r nettside. Hvis du har sp\u00f8rsm\u00e5l eller kommentarer om betalingsbetingelsene, vennligst kontakt oss n\u00e5r som helst.<\/p><p><strong>Ytterligere juridiske merknader:<\/strong><\/p><ol><li><strong>Angrerett:<\/strong> Vennligst merk at kunder har angrerett i henhold til \u00a7 355 BGB. De n\u00f8yaktige vilk\u00e5rene finner du i v\u00e5r angrerettinformasjon.<\/li><li><strong>Inng\u00e5else av kontrakt:<\/strong> Kontrakten inng\u00e5s s\u00e5 snart vi godtar bestillingen din med en bekreftelses-e-post.<\/li><li><strong>Lagring av kontraktstekst:<\/strong> Kontraktsteksten lagres av oss etter inng\u00e5elsen av kontrakten og kan gj\u00f8res tilgjengelig for deg p\u00e5 foresp\u00f8rsel.<\/li><\/ol><hr \/>\t\t\t\t\t\t<\/div>\n\t\t\t\t<\/div>\n\t\t\t\t\t<\/div>\n\t\t<\/div>\n\t\t\t\t\t<\/div>\n\t\t<\/section>\n\t\t\t\t<\/div>\n\t\t","protected":false},"excerpt":{"rendered":"<p>betalingsvilk\u00e5r Lumond tilbyr deg et bredt utvalg av betalingsmuligheter. Etter at du har lagt ditt \u00f8nskede produkt i handlekurven, kan du klikke p\u00e5 feltet \u00abg\u00e5 til kassen\u00bb eller p\u00e5 feltet \u00abExpress-kj\u00f8p med PayPal\u00bb. P\u00e5 neste side kan du velge mellom f\u00f8lgende betalingsmetoder: 1. Betaling med Klarna F\u00e5 varene f\u00f8rst, betal senere. Enklere: Ingen kredittkort eller [&hellip;]<\/p>\n","protected":false},"author":1,"featured_media":0,"parent":0,"menu_order":0,"comment_status":"closed","ping_status":"closed","template":"","meta":{"_acf_changed":false,"site-sidebar-layout":"no-sidebar","site-content-layout":"page-builder","ast-site-content-layout":"","site-content-style":"default","site-sidebar-style":"default","ast-global-header-display":"","ast-banner-title-visibility":"","ast-main-header-display":"","ast-hfb-above-header-display":"","ast-hfb-below-header-display":"","ast-hfb-mobile-header-display":"","site-post-title":"disabled","ast-breadcrumbs-content":"","ast-featured-img":"disabled","footer-sml-layout":"","theme-transparent-header-meta":"default","adv-header-id-meta":"","stick-header-meta":"","header-above-stick-meta":"","header-main-stick-meta":"","header-below-stick-meta":"","astra-migrate-meta-layouts":"set","ast-page-background-enabled":"default","ast-page-background-meta":{"desktop":{"background-color":"","background-image":"","background-repeat":"repeat","background-position":"center center","background-size":"auto","background-attachment":"scroll","background-type":"","background-media":"","overlay-type":"","overlay-color":"","overlay-opacity":"","overlay-gradient":""},"tablet":{"background-color":"","background-image":"","background-repeat":"repeat","background-position":"center center","background-size":"auto","background-attachment":"scroll","background-type":"","background-media":"","overlay-type":"","overlay-color":"","overlay-opacity":"","overlay-gradient":""},"mobile":{"background-color":"","background-image":"","background-repeat":"repeat","background-position":"center center","background-size":"auto","background-attachment":"scroll","background-type":"","background-media":"","overlay-type":"","overlay-color":"","overlay-opacity":"","overlay-gradient":""}},"ast-content-background-meta":{"desktop":{"background-color":"var(--ast-global-color-5)","background-image":"","background-repeat":"repeat","background-position":"center center","background-size":"auto","background-attachment":"scroll","background-type":"","background-media":"","overlay-type":"","overlay-color":"","overlay-opacity":"","overlay-gradient":""},"tablet":{"background-color":"var(--ast-global-color-5)","background-image":"","background-repeat":"repeat","background-position":"center center","background-size":"auto","background-attachment":"scroll","background-type":"","background-media":"","overlay-type":"","overlay-color":"","overlay-opacity":"","overlay-gradient":""},"mobile":{"background-color":"var(--ast-global-color-5)","background-image":"","background-repeat":"repeat","background-position":"center center","background-size":"auto","background-attachment":"scroll","background-type":"","background-media":"","overlay-type":"","overlay-color":"","overlay-opacity":"","overlay-gradient":""}},"footnotes":""},"class_list":["post-64767","page","type-page","status-publish","hentry"],"acf":[],"yoast_head":"<!-- This site is optimized with the Yoast SEO Premium plugin v23.0 (Yoast SEO v23.0) - https:\/\/yoast.com\/wordpress\/plugins\/seo\/ -->\n<title>Betalingsbetingelser \u2013 Lumond<\/title>\n<meta name=\"description\" content=\"Betalingsvilk\u00e5r. Betaling ved mottak av varen.\" \/>\n<meta name=\"robots\" content=\"noindex, follow\" \/>\n<meta property=\"og:locale\" content=\"nb_NO\" \/>\n<meta property=\"og:type\" content=\"article\" \/>\n<meta property=\"og:title\" content=\"Betalingsbetingelser \u2013 Lumond\" \/>\n<meta property=\"og:description\" content=\"Betalingsvilk\u00e5r. Betaling ved mottak av varen.\" \/>\n<meta property=\"og:url\" content=\"https:\/\/lumond.com\/no\/betalingsvilkar\/\" \/>\n<meta property=\"og:site_name\" content=\"Lumond\" \/>\n<meta property=\"article:publisher\" content=\"https:\/\/www.facebook.com\/lumond.de\/\" \/>\n<meta property=\"article:modified_time\" content=\"2026-01-14T10:31:07+00:00\" \/>\n<meta name=\"twitter:card\" content=\"summary_large_image\" \/>\n<meta name=\"twitter:title\" content=\"betalingsvilk\u00e5r\" \/>\n<meta name=\"twitter:label1\" content=\"Ansl. lesetid\" \/>\n\t<meta name=\"twitter:data1\" content=\"3 minutter\" \/>\n<script type=\"application\/ld+json\" class=\"yoast-schema-graph\">{\"@context\":\"https:\/\/schema.org\",\"@graph\":[{\"@type\":\"WebPage\",\"@id\":\"https:\/\/lumond.com\/no\/betalingsvilkar\/\",\"url\":\"https:\/\/lumond.com\/no\/betalingsvilkar\/\",\"name\":\"Betalingsbetingelser \u2013 Lumond\",\"isPartOf\":{\"@id\":\"https:\/\/lumond.com\/no\/#website\"},\"datePublished\":\"2021-12-20T13:53:48+00:00\",\"dateModified\":\"2026-01-14T10:31:07+00:00\",\"description\":\"Betalingsvilk\u00e5r. Betaling ved mottak av varen.\",\"breadcrumb\":{\"@id\":\"https:\/\/lumond.com\/no\/betalingsvilkar\/#breadcrumb\"},\"inLanguage\":\"nb-NO\",\"potentialAction\":[{\"@type\":\"ReadAction\",\"target\":[\"https:\/\/lumond.com\/no\/betalingsvilkar\/\"]}]},{\"@type\":\"BreadcrumbList\",\"@id\":\"https:\/\/lumond.com\/no\/betalingsvilkar\/#breadcrumb\",\"itemListElement\":[{\"@type\":\"ListItem\",\"position\":1,\"name\":\"Lumond\",\"item\":\"https:\/\/lumond.com\/no\/\"},{\"@type\":\"ListItem\",\"position\":2,\"name\":\"betalingsvilk\u00e5r\"}]},{\"@type\":\"WebSite\",\"@id\":\"https:\/\/lumond.com\/no\/#website\",\"url\":\"https:\/\/lumond.com\/no\/\",\"name\":\"Lumond\",\"description\":\"Nachhaltige Keramik Duftkerzen die nach dem Abbrennen zu Pflanzen werden \u2014 einzigartig in Europa\",\"publisher\":{\"@id\":\"https:\/\/lumond.com\/no\/#organization\"},\"alternateName\":\"Lumond\",\"potentialAction\":[{\"@type\":\"SearchAction\",\"target\":{\"@type\":\"EntryPoint\",\"urlTemplate\":\"https:\/\/lumond.com\/no\/?s={search_term_string}\"},\"query-input\":\"required name=search_term_string\"}],\"inLanguage\":\"nb-NO\"},{\"@type\":\"Organization\",\"@id\":\"https:\/\/lumond.com\/no\/#organization\",\"name\":\"Lumond\",\"url\":\"https:\/\/lumond.com\/no\/\",\"logo\":{\"@type\":\"ImageObject\",\"inLanguage\":\"nb-NO\",\"@id\":\"https:\/\/lumond.com\/no\/#\/schema\/logo\/image\/\",\"url\":\"https:\/\/lumond.com\/wp-content\/uploads\/2022\/01\/cropped-40-05.png\",\"contentUrl\":\"https:\/\/lumond.com\/wp-content\/uploads\/2022\/01\/cropped-40-05.png\",\"width\":512,\"height\":512,\"caption\":\"Lumond\"},\"image\":{\"@id\":\"https:\/\/lumond.com\/no\/#\/schema\/logo\/image\/\"},\"sameAs\":[\"https:\/\/www.facebook.com\/lumond.de\/\",\"https:\/\/www.instagram.com\/lumond.de\/\"],\"description\":\"Lumond lager h\u00f8ykvalitets duftlys av naturlig soyavoks i stilige keramikkbeholdere \u2013 b\u00e6rekraftig produsert i Tyskland og med unike duftkomposisjoner. Perfekt for et koselig hjem med sans for milj\u00f8bevissthet og design.\",\"email\":\"info@lumond.de\",\"legalName\":\"Lumond\",\"foundingDate\":\"2021-01-01\",\"ownershipFundingInfo\":\"https:\/\/lumond.com\/ueber-uns\/\",\"correctionsPolicy\":\"https:\/\/lumond.com\/kontakt\/\",\"address\":{\"@type\":\"PostalAddress\",\"streetAddress\":\"Lumond UG\",\"addressLocality\":\"Kolonnenstr. 8\",\"addressRegion\":\"Berlin\",\"postalCode\":\"10827\",\"addressCountry\":\"DE\"}}]}<\/script>\n<!-- \/ Yoast SEO Premium plugin. -->","yoast_head_json":{"title":"Betalingsbetingelser \u2013 Lumond","description":"Betalingsvilk\u00e5r. Betaling ved mottak av varen.","robots":{"index":"noindex","follow":"follow"},"og_locale":"nb_NO","og_type":"article","og_title":"Betalingsbetingelser \u2013 Lumond","og_description":"Betalingsvilk\u00e5r. Betaling ved mottak av varen.","og_url":"https:\/\/lumond.com\/no\/betalingsvilkar\/","og_site_name":"Lumond","article_publisher":"https:\/\/www.facebook.com\/lumond.de\/","article_modified_time":"2026-01-14T10:31:07+00:00","twitter_card":"summary_large_image","twitter_title":"betalingsvilk\u00e5r","twitter_misc":{"Ansl. lesetid":"3 minutter"},"schema":{"@context":"https:\/\/schema.org","@graph":[{"@type":"WebPage","@id":"https:\/\/lumond.com\/no\/betalingsvilkar\/","url":"https:\/\/lumond.com\/no\/betalingsvilkar\/","name":"Betalingsbetingelser \u2013 Lumond","isPartOf":{"@id":"https:\/\/lumond.com\/no\/#website"},"datePublished":"2021-12-20T13:53:48+00:00","dateModified":"2026-01-14T10:31:07+00:00","description":"Betalingsvilk\u00e5r. Betaling ved mottak av varen.","breadcrumb":{"@id":"https:\/\/lumond.com\/no\/betalingsvilkar\/#breadcrumb"},"inLanguage":"nb-NO","potentialAction":[{"@type":"ReadAction","target":["https:\/\/lumond.com\/no\/betalingsvilkar\/"]}]},{"@type":"BreadcrumbList","@id":"https:\/\/lumond.com\/no\/betalingsvilkar\/#breadcrumb","itemListElement":[{"@type":"ListItem","position":1,"name":"Lumond","item":"https:\/\/lumond.com\/no\/"},{"@type":"ListItem","position":2,"name":"betalingsvilk\u00e5r"}]},{"@type":"WebSite","@id":"https:\/\/lumond.com\/no\/#website","url":"https:\/\/lumond.com\/no\/","name":"Lumond","description":"Nachhaltige Keramik Duftkerzen die nach dem Abbrennen zu Pflanzen werden \u2014 einzigartig in Europa","publisher":{"@id":"https:\/\/lumond.com\/no\/#organization"},"alternateName":"Lumond","potentialAction":[{"@type":"SearchAction","target":{"@type":"EntryPoint","urlTemplate":"https:\/\/lumond.com\/no\/?s={search_term_string}"},"query-input":"required name=search_term_string"}],"inLanguage":"nb-NO"},{"@type":"Organization","@id":"https:\/\/lumond.com\/no\/#organization","name":"Lumond","url":"https:\/\/lumond.com\/no\/","logo":{"@type":"ImageObject","inLanguage":"nb-NO","@id":"https:\/\/lumond.com\/no\/#\/schema\/logo\/image\/","url":"https:\/\/lumond.com\/wp-content\/uploads\/2022\/01\/cropped-40-05.png","contentUrl":"https:\/\/lumond.com\/wp-content\/uploads\/2022\/01\/cropped-40-05.png","width":512,"height":512,"caption":"Lumond"},"image":{"@id":"https:\/\/lumond.com\/no\/#\/schema\/logo\/image\/"},"sameAs":["https:\/\/www.facebook.com\/lumond.de\/","https:\/\/www.instagram.com\/lumond.de\/"],"description":"Lumond lager h\u00f8ykvalitets duftlys av naturlig soyavoks i stilige keramikkbeholdere \u2013 b\u00e6rekraftig produsert i Tyskland og med unike duftkomposisjoner. Perfekt for et koselig hjem med sans for milj\u00f8bevissthet og design.","email":"info@lumond.de","legalName":"Lumond","foundingDate":"2021-01-01","ownershipFundingInfo":"https:\/\/lumond.com\/ueber-uns\/","correctionsPolicy":"https:\/\/lumond.com\/kontakt\/","address":{"@type":"PostalAddress","streetAddress":"Lumond UG","addressLocality":"Kolonnenstr. 8","addressRegion":"Berlin","postalCode":"10827","addressCountry":"DE"}}]}},"_links":{"self":[{"href":"https:\/\/lumond.com\/no\/wp-json\/wp\/v2\/pages\/64767","targetHints":{"allow":["GET"]}}],"collection":[{"href":"https:\/\/lumond.com\/no\/wp-json\/wp\/v2\/pages"}],"about":[{"href":"https:\/\/lumond.com\/no\/wp-json\/wp\/v2\/types\/page"}],"author":[{"embeddable":true,"href":"https:\/\/lumond.com\/no\/wp-json\/wp\/v2\/users\/1"}],"replies":[{"embeddable":true,"href":"https:\/\/lumond.com\/no\/wp-json\/wp\/v2\/comments?post=64767"}],"version-history":[{"count":18,"href":"https:\/\/lumond.com\/no\/wp-json\/wp\/v2\/pages\/64767\/revisions"}],"predecessor-version":[{"id":95543,"href":"https:\/\/lumond.com\/no\/wp-json\/wp\/v2\/pages\/64767\/revisions\/95543"}],"wp:attachment":[{"href":"https:\/\/lumond.com\/no\/wp-json\/wp\/v2\/media?parent=64767"}],"curies":[{"name":"wp","href":"https:\/\/api.w.org\/{rel}","templated":true}]}}