{"id":52354,"date":"2024-06-21T14:53:30","date_gmt":"2024-06-21T14:53:30","guid":{"rendered":"https:\/\/lumond.com\/product\/bluehendes-duo-sandelholz-mitternachtsjasmin\/"},"modified":"2026-01-13T09:12:51","modified_gmt":"2026-01-13T09:12:51","slug":"bloeiend-duo-sandelhout-middernachtsjasmijn-440gr-x-2","status":"publish","type":"product","link":"https:\/\/lumond.com\/nl\/product\/bloeiend-duo-sandelhout-middernachtsjasmijn-440gr-x-2\/","title":{"rendered":"Bloeiend Duo &#8211; Sandelhout, Middernachtsjasmijn (440gr X 2)"},"content":{"rendered":"<div>Cre\u00eber een vredige sfeer met ons Bloeiend Duo Set, bestaande uit Sandelhout en Middernachtsjasmijn. Elke kaars in een handgemaakt keramisch vat brengt rust in je ruimte. Plant de bijgevoegde zaden na het genieten van de geuren voor extra natuurlijke charme.<\/div>\n<div><strong>Let op:<\/strong> De zaden in onze kaarsen zijn seizoensgebonden en kunnen afwijken van de getoonde afbeelding.<\/div>\n","protected":false},"excerpt":{"rendered":"<p>Cre\u00eber een vredige sfeer met ons Bloeiend Duo Set, bestaande uit Sandelhout en Middernachtsjasmijn. Elke kaars in een handgemaakt keramisch vat brengt rust in je ruimte. Plant de bijgevoegde zaden na het genieten van de geuren voor extra natuurlijke charme. Let op: De zaden in onze kaarsen zijn seizoensgebonden en kunnen afwijken van de getoonde [&hellip;]<\/p>\n","protected":false},"featured_media":52355,"comment_status":"open","ping_status":"closed","template":"","meta":{"_acf_changed":false,"site-sidebar-layout":"default","site-content-layout":"","ast-site-content-layout":"default","site-content-style":"default","site-sidebar-style":"default","ast-global-header-display":"","ast-banner-title-visibility":"","ast-main-header-display":"","ast-hfb-above-header-display":"","ast-hfb-below-header-display":"","ast-hfb-mobile-header-display":"","site-post-title":"","ast-breadcrumbs-content":"","ast-featured-img":"","footer-sml-layout":"","theme-transparent-header-meta":"default","adv-header-id-meta":"","stick-header-meta":"","header-above-stick-meta":"","header-main-stick-meta":"","header-below-stick-meta":"","astra-migrate-meta-layouts":"set","ast-page-background-enabled":"default","ast-page-background-meta":{"desktop":{"background-color":"","background-image":"","background-repeat":"repeat","background-position":"center center","background-size":"auto","background-attachment":"scroll","background-type":"","background-media":"","overlay-type":"","overlay-color":"","overlay-opacity":"","overlay-gradient":""},"tablet":{"background-color":"","background-image":"","background-repeat":"repeat","background-position":"center center","background-size":"auto","background-attachment":"scroll","background-type":"","background-media":"","overlay-type":"","overlay-color":"","overlay-opacity":"","overlay-gradient":""},"mobile":{"background-color":"","background-image":"","background-repeat":"repeat","background-position":"center center","background-size":"auto","background-attachment":"scroll","background-type":"","background-media":"","overlay-type":"","overlay-color":"","overlay-opacity":"","overlay-gradient":""}},"ast-content-background-meta":{"desktop":{"background-color":"var(--ast-global-color-5)","background-image":"","background-repeat":"repeat","background-position":"center center","background-size":"auto","background-attachment":"scroll","background-type":"","background-media":"","overlay-type":"","overlay-color":"","overlay-opacity":"","overlay-gradient":""},"tablet":{"background-color":"var(--ast-global-color-5)","background-image":"","background-repeat":"repeat","background-position":"center center","background-size":"auto","background-attachment":"scroll","background-type":"","background-media":"","overlay-type":"","overlay-color":"","overlay-opacity":"","overlay-gradient":""},"mobile":{"background-color":"var(--ast-global-color-5)","background-image":"","background-repeat":"repeat","background-position":"center center","background-size":"auto","background-attachment":"scroll","background-type":"","background-media":"","overlay-type":"","overlay-color":"","overlay-opacity":"","overlay-gradient":""}}},"product_brand":[],"product_cat":[300,307,311,313,309],"product_tag":[303,583],"class_list":{"0":"post-52354","1":"product","2":"type-product","3":"status-publish","4":"has-post-thumbnail","6":"product_cat-bloeiende-kaarsen-duetten","7":"product_cat-geurkaarsen","8":"product_cat-kaarsen-met-houten-lont","9":"product_cat-knetterkaars","10":"product_cat-sojawas-kaarsen","11":"product_tag-groot","12":"product_tag-toasty-nl","13":"desktop-align-left","14":"tablet-align-left","15":"mobile-align-left","17":"first","18":"instock","19":"sale","20":"taxable","21":"shipping-taxable","22":"purchasable","23":"product-type-simple"},"acf":[],"yoast_head":"<!-- This site is optimized with the Yoast SEO Premium plugin v23.0 (Yoast SEO v23.0) - https:\/\/yoast.com\/wordpress\/plugins\/seo\/ -->\n<title>Bloeiend Duo - Sandelhout, Middernachtsjasmijn (440gr X 2) - Lumond<\/title>\n<meta name=\"description\" content=\"Bloeiend Duo Set: Sandelhout &amp; middernachtjasmijn geurkaarsen in handgemaakt keramiek. Cre\u00ebert een vredige sfeer. Inclusief zaden om te planten voor natuurlijke charme. Ontspanning en duurzaam woonaccent in \u00e9\u00e9n.\" \/>\n<meta name=\"robots\" content=\"index, follow, max-snippet:-1, max-image-preview:large, max-video-preview:-1\" \/>\n<link rel=\"canonical\" href=\"https:\/\/lumond.com\/nl\/product\/bloeiend-duo-sandelhout-middernachtsjasmijn-440gr-x-2\/\" \/>\n<meta property=\"og:locale\" content=\"nl_NL\" \/>\n<meta property=\"og:type\" content=\"article\" \/>\n<meta property=\"og:title\" content=\"Bloeiend Duo - Sandelhout, Middernachtsjasmijn (440gr X 2) - Lumond\" \/>\n<meta property=\"og:description\" content=\"Bloeiend Duo Set: Sandelhout &amp; middernachtjasmijn geurkaarsen in handgemaakt keramiek. Cre\u00ebert een vredige sfeer. Inclusief zaden om te planten voor natuurlijke charme. Ontspanning en duurzaam woonaccent in \u00e9\u00e9n.\" \/>\n<meta property=\"og:url\" content=\"https:\/\/lumond.com\/nl\/product\/bloeiend-duo-sandelhout-middernachtsjasmijn-440gr-x-2\/\" \/>\n<meta property=\"og:site_name\" content=\"Lumond\" \/>\n<meta property=\"article:publisher\" content=\"https:\/\/www.facebook.com\/lumond.de\/\" \/>\n<meta property=\"article:modified_time\" content=\"2026-01-13T09:12:51+00:00\" \/>\n<meta property=\"og:image\" content=\"https:\/\/lumond.com\/wp-content\/uploads\/2024\/06\/Sandalwood-midnight-jasmin-large.webp\" \/>\n\t<meta property=\"og:image:width\" content=\"1080\" \/>\n\t<meta property=\"og:image:height\" content=\"1080\" \/>\n\t<meta property=\"og:image:type\" content=\"image\/webp\" \/>\n<meta name=\"twitter:card\" content=\"summary_large_image\" \/>\n<meta name=\"twitter:description\" content=\"Cre\u00eber een vredige sfeer met ons Bloeiend Duo Set, bestaande uit Sandelhout en Middernachtsjasmijn. Elke kaars in een handgemaakt keramisch vat brengt\" \/>\n<meta name=\"twitter:label1\" content=\"Prijs\" \/>\n\t<meta name=\"twitter:data1\" content=\"&euro;&nbsp;119,98\" \/>\n\t<meta name=\"twitter:label2\" content=\"Availability\" \/>\n\t<meta name=\"twitter:data2\" content=\"In stock\" \/>\n<script type=\"application\/ld+json\" class=\"yoast-schema-graph\">{\"@context\":\"https:\/\/schema.org\",\"@graph\":[{\"@type\":[\"WebPage\",\"ItemPage\"],\"@id\":\"https:\/\/lumond.com\/nl\/product\/bloeiend-duo-sandelhout-middernachtsjasmijn-440gr-x-2\/\",\"url\":\"https:\/\/lumond.com\/nl\/product\/bloeiend-duo-sandelhout-middernachtsjasmijn-440gr-x-2\/\",\"name\":\"Bloeiend Duo - Sandelhout, Middernachtsjasmijn (440gr X 2) - Lumond\",\"isPartOf\":{\"@id\":\"https:\/\/lumond.com\/nl\/#website\"},\"primaryImageOfPage\":{\"@id\":\"https:\/\/lumond.com\/nl\/product\/bloeiend-duo-sandelhout-middernachtsjasmijn-440gr-x-2\/#primaryimage\"},\"image\":{\"@id\":\"https:\/\/lumond.com\/nl\/product\/bloeiend-duo-sandelhout-middernachtsjasmijn-440gr-x-2\/#primaryimage\"},\"thumbnailUrl\":\"https:\/\/lumond.com\/wp-content\/uploads\/2024\/06\/Sandalwood-midnight-jasmin-large.webp\",\"datePublished\":\"2024-06-21T14:53:30+00:00\",\"dateModified\":\"2026-01-13T09:12:51+00:00\",\"description\":\"Bloeiend Duo Set: Sandelhout & middernachtjasmijn geurkaarsen in handgemaakt keramiek. Cre\u00ebert een vredige sfeer. Inclusief zaden om te planten voor natuurlijke charme. Ontspanning en duurzaam woonaccent in \u00e9\u00e9n.\",\"breadcrumb\":{\"@id\":\"https:\/\/lumond.com\/nl\/product\/bloeiend-duo-sandelhout-middernachtsjasmijn-440gr-x-2\/#breadcrumb\"},\"inLanguage\":\"nl-NL\",\"potentialAction\":[{\"@type\":\"ReadAction\",\"target\":[\"https:\/\/lumond.com\/nl\/product\/bloeiend-duo-sandelhout-middernachtsjasmijn-440gr-x-2\/\"]}]},{\"@type\":\"ImageObject\",\"inLanguage\":\"nl-NL\",\"@id\":\"https:\/\/lumond.com\/nl\/product\/bloeiend-duo-sandelhout-middernachtsjasmijn-440gr-x-2\/#primaryimage\",\"url\":\"https:\/\/lumond.com\/wp-content\/uploads\/2024\/06\/Sandalwood-midnight-jasmin-large.webp\",\"contentUrl\":\"https:\/\/lumond.com\/wp-content\/uploads\/2024\/06\/Sandalwood-midnight-jasmin-large.webp\",\"width\":1080,\"height\":1080},{\"@type\":\"BreadcrumbList\",\"@id\":\"https:\/\/lumond.com\/nl\/product\/bloeiend-duo-sandelhout-middernachtsjasmijn-440gr-x-2\/#breadcrumb\",\"itemListElement\":[{\"@type\":\"ListItem\",\"position\":1,\"name\":\"Lumond\",\"item\":\"https:\/\/lumond.com\/nl\/\"},{\"@type\":\"ListItem\",\"position\":2,\"name\":\"Products\"},{\"@type\":\"ListItem\",\"position\":3,\"name\":\"Bloeiende kaarsen-duetten\u200b\",\"item\":\"https:\/\/lumond.com\/nl\/bloeiende-kaarsen-duetten\/\"},{\"@type\":\"ListItem\",\"position\":4,\"name\":\"Bloeiend Duo &#8211; Sandelhout, Middernachtsjasmijn (440gr X 2)\"}]},{\"@type\":\"WebSite\",\"@id\":\"https:\/\/lumond.com\/nl\/#website\",\"url\":\"https:\/\/lumond.com\/nl\/\",\"name\":\"Lumond\",\"description\":\"Duftkerzen Im Glas\",\"publisher\":{\"@id\":\"https:\/\/lumond.com\/nl\/#organization\"},\"alternateName\":\"Lumond\",\"potentialAction\":[{\"@type\":\"SearchAction\",\"target\":{\"@type\":\"EntryPoint\",\"urlTemplate\":\"https:\/\/lumond.com\/nl\/?s={search_term_string}\"},\"query-input\":\"required name=search_term_string\"}],\"inLanguage\":\"nl-NL\"},{\"@type\":\"Organization\",\"@id\":\"https:\/\/lumond.com\/nl\/#organization\",\"name\":\"Lumond\",\"url\":\"https:\/\/lumond.com\/nl\/\",\"logo\":{\"@type\":\"ImageObject\",\"inLanguage\":\"nl-NL\",\"@id\":\"https:\/\/lumond.com\/nl\/#\/schema\/logo\/image\/\",\"url\":\"https:\/\/lumond.com\/wp-content\/uploads\/2022\/01\/cropped-40-05.png\",\"contentUrl\":\"https:\/\/lumond.com\/wp-content\/uploads\/2022\/01\/cropped-40-05.png\",\"width\":512,\"height\":512,\"caption\":\"Lumond\"},\"image\":{\"@id\":\"https:\/\/lumond.com\/nl\/#\/schema\/logo\/image\/\"},\"sameAs\":[\"https:\/\/www.facebook.com\/lumond.de\/\",\"https:\/\/www.instagram.com\/lumond.de\/\"],\"description\":\"Lumond produceert hoogwaardige geurkaarsen van natuurlijke sojawas in stijlvolle keramische potten \u2013 duurzaam, gemaakt in Duitsland en met unieke geurcomposities. Ideaal voor een gezellig huis met aandacht voor milieubewustzijn en design.\",\"email\":\"info@lumond.de\",\"legalName\":\"Lumond\",\"foundingDate\":\"2021-01-01\",\"ownershipFundingInfo\":\"https:\/\/lumond.com\/ueber-uns\/\",\"correctionsPolicy\":\"https:\/\/lumond.com\/kontakt\/\",\"address\":{\"@type\":\"PostalAddress\",\"streetAddress\":\"Lumond UG\",\"addressLocality\":\"Kolonnenstr. 8\",\"addressRegion\":\"Berlin\",\"postalCode\":\"10827\",\"addressCountry\":\"DE\"}}]}<\/script>\n<meta property=\"product:price:amount\" content=\"119.98\" \/>\n<meta property=\"product:price:currency\" content=\"EUR\" \/>\n<meta property=\"og:availability\" content=\"instock\" \/>\n<meta property=\"product:availability\" content=\"instock\" \/>\n<meta property=\"product:retailer_item_id\" content=\"427-2416-2417\" \/>\n<meta property=\"product:condition\" content=\"new\" \/>\n<!-- \/ Yoast SEO Premium plugin. -->","yoast_head_json":{"title":"Bloeiend Duo - Sandelhout, Middernachtsjasmijn (440gr X 2) - Lumond","description":"Bloeiend Duo Set: Sandelhout & middernachtjasmijn geurkaarsen in handgemaakt keramiek. Cre\u00ebert een vredige sfeer. Inclusief zaden om te planten voor natuurlijke charme. Ontspanning en duurzaam woonaccent in \u00e9\u00e9n.","robots":{"index":"index","follow":"follow","max-snippet":"max-snippet:-1","max-image-preview":"max-image-preview:large","max-video-preview":"max-video-preview:-1"},"canonical":"https:\/\/lumond.com\/nl\/product\/bloeiend-duo-sandelhout-middernachtsjasmijn-440gr-x-2\/","og_locale":"nl_NL","og_type":"article","og_title":"Bloeiend Duo - Sandelhout, Middernachtsjasmijn (440gr X 2) - Lumond","og_description":"Bloeiend Duo Set: Sandelhout & middernachtjasmijn geurkaarsen in handgemaakt keramiek. Cre\u00ebert een vredige sfeer. Inclusief zaden om te planten voor natuurlijke charme. Ontspanning en duurzaam woonaccent in \u00e9\u00e9n.","og_url":"https:\/\/lumond.com\/nl\/product\/bloeiend-duo-sandelhout-middernachtsjasmijn-440gr-x-2\/","og_site_name":"Lumond","article_publisher":"https:\/\/www.facebook.com\/lumond.de\/","article_modified_time":"2026-01-13T09:12:51+00:00","og_image":[{"width":1080,"height":1080,"url":"https:\/\/lumond.com\/wp-content\/uploads\/2024\/06\/Sandalwood-midnight-jasmin-large.webp","type":"image\/webp"}],"twitter_card":"summary_large_image","twitter_description":"Cre\u00eber een vredige sfeer met ons Bloeiend Duo Set, bestaande uit Sandelhout en Middernachtsjasmijn. Elke kaars in een handgemaakt keramisch vat brengt","twitter_misc":{"Prijs":"&euro;&nbsp;119,98","Availability":"In stock"},"schema":{"@context":"https:\/\/schema.org","@graph":[{"@type":["WebPage","ItemPage"],"@id":"https:\/\/lumond.com\/nl\/product\/bloeiend-duo-sandelhout-middernachtsjasmijn-440gr-x-2\/","url":"https:\/\/lumond.com\/nl\/product\/bloeiend-duo-sandelhout-middernachtsjasmijn-440gr-x-2\/","name":"Bloeiend Duo - Sandelhout, Middernachtsjasmijn (440gr X 2) - Lumond","isPartOf":{"@id":"https:\/\/lumond.com\/nl\/#website"},"primaryImageOfPage":{"@id":"https:\/\/lumond.com\/nl\/product\/bloeiend-duo-sandelhout-middernachtsjasmijn-440gr-x-2\/#primaryimage"},"image":{"@id":"https:\/\/lumond.com\/nl\/product\/bloeiend-duo-sandelhout-middernachtsjasmijn-440gr-x-2\/#primaryimage"},"thumbnailUrl":"https:\/\/lumond.com\/wp-content\/uploads\/2024\/06\/Sandalwood-midnight-jasmin-large.webp","datePublished":"2024-06-21T14:53:30+00:00","dateModified":"2026-01-13T09:12:51+00:00","description":"Bloeiend Duo Set: Sandelhout & middernachtjasmijn geurkaarsen in handgemaakt keramiek. Cre\u00ebert een vredige sfeer. Inclusief zaden om te planten voor natuurlijke charme. Ontspanning en duurzaam woonaccent in \u00e9\u00e9n.","breadcrumb":{"@id":"https:\/\/lumond.com\/nl\/product\/bloeiend-duo-sandelhout-middernachtsjasmijn-440gr-x-2\/#breadcrumb"},"inLanguage":"nl-NL","potentialAction":[{"@type":"ReadAction","target":["https:\/\/lumond.com\/nl\/product\/bloeiend-duo-sandelhout-middernachtsjasmijn-440gr-x-2\/"]}]},{"@type":"ImageObject","inLanguage":"nl-NL","@id":"https:\/\/lumond.com\/nl\/product\/bloeiend-duo-sandelhout-middernachtsjasmijn-440gr-x-2\/#primaryimage","url":"https:\/\/lumond.com\/wp-content\/uploads\/2024\/06\/Sandalwood-midnight-jasmin-large.webp","contentUrl":"https:\/\/lumond.com\/wp-content\/uploads\/2024\/06\/Sandalwood-midnight-jasmin-large.webp","width":1080,"height":1080},{"@type":"BreadcrumbList","@id":"https:\/\/lumond.com\/nl\/product\/bloeiend-duo-sandelhout-middernachtsjasmijn-440gr-x-2\/#breadcrumb","itemListElement":[{"@type":"ListItem","position":1,"name":"Lumond","item":"https:\/\/lumond.com\/nl\/"},{"@type":"ListItem","position":2,"name":"Products"},{"@type":"ListItem","position":3,"name":"Bloeiende kaarsen-duetten\u200b","item":"https:\/\/lumond.com\/nl\/bloeiende-kaarsen-duetten\/"},{"@type":"ListItem","position":4,"name":"Bloeiend Duo &#8211; Sandelhout, Middernachtsjasmijn (440gr X 2)"}]},{"@type":"WebSite","@id":"https:\/\/lumond.com\/nl\/#website","url":"https:\/\/lumond.com\/nl\/","name":"Lumond","description":"Duftkerzen Im Glas","publisher":{"@id":"https:\/\/lumond.com\/nl\/#organization"},"alternateName":"Lumond","potentialAction":[{"@type":"SearchAction","target":{"@type":"EntryPoint","urlTemplate":"https:\/\/lumond.com\/nl\/?s={search_term_string}"},"query-input":"required name=search_term_string"}],"inLanguage":"nl-NL"},{"@type":"Organization","@id":"https:\/\/lumond.com\/nl\/#organization","name":"Lumond","url":"https:\/\/lumond.com\/nl\/","logo":{"@type":"ImageObject","inLanguage":"nl-NL","@id":"https:\/\/lumond.com\/nl\/#\/schema\/logo\/image\/","url":"https:\/\/lumond.com\/wp-content\/uploads\/2022\/01\/cropped-40-05.png","contentUrl":"https:\/\/lumond.com\/wp-content\/uploads\/2022\/01\/cropped-40-05.png","width":512,"height":512,"caption":"Lumond"},"image":{"@id":"https:\/\/lumond.com\/nl\/#\/schema\/logo\/image\/"},"sameAs":["https:\/\/www.facebook.com\/lumond.de\/","https:\/\/www.instagram.com\/lumond.de\/"],"description":"Lumond produceert hoogwaardige geurkaarsen van natuurlijke sojawas in stijlvolle keramische potten \u2013 duurzaam, gemaakt in Duitsland en met unieke geurcomposities. Ideaal voor een gezellig huis met aandacht voor milieubewustzijn en design.","email":"info@lumond.de","legalName":"Lumond","foundingDate":"2021-01-01","ownershipFundingInfo":"https:\/\/lumond.com\/ueber-uns\/","correctionsPolicy":"https:\/\/lumond.com\/kontakt\/","address":{"@type":"PostalAddress","streetAddress":"Lumond UG","addressLocality":"Kolonnenstr. 8","addressRegion":"Berlin","postalCode":"10827","addressCountry":"DE"}}]},"product_price_amount":"119.98","product_price_currency":"EUR","og_availability":"instock","product_availability":"instock","product_retailer_item_id":"427-2416-2417","product_condition":"new"},"_links":{"self":[{"href":"https:\/\/lumond.com\/nl\/wp-json\/wp\/v2\/product\/52354","targetHints":{"allow":["GET"]}}],"collection":[{"href":"https:\/\/lumond.com\/nl\/wp-json\/wp\/v2\/product"}],"about":[{"href":"https:\/\/lumond.com\/nl\/wp-json\/wp\/v2\/types\/product"}],"replies":[{"embeddable":true,"href":"https:\/\/lumond.com\/nl\/wp-json\/wp\/v2\/comments?post=52354"}],"wp:featuredmedia":[{"embeddable":true,"href":"https:\/\/lumond.com\/nl\/wp-json\/wp\/v2\/media\/52355"}],"wp:attachment":[{"href":"https:\/\/lumond.com\/nl\/wp-json\/wp\/v2\/media?parent=52354"}],"wp:term":[{"taxonomy":"product_brand","embeddable":true,"href":"https:\/\/lumond.com\/nl\/wp-json\/wp\/v2\/product_brand?post=52354"},{"taxonomy":"product_cat","embeddable":true,"href":"https:\/\/lumond.com\/nl\/wp-json\/wp\/v2\/product_cat?post=52354"},{"taxonomy":"product_tag","embeddable":true,"href":"https:\/\/lumond.com\/nl\/wp-json\/wp\/v2\/product_tag?post=52354"}],"curies":[{"name":"wp","href":"https:\/\/api.w.org\/{rel}","templated":true}]}}