{"id":62626,"date":"2024-06-21T14:59:52","date_gmt":"2024-06-21T14:59:52","guid":{"rendered":"https:\/\/lumond.com\/product\/bluehende-keramikkerze-zitronengras-bergamotte-440g\/"},"modified":"2025-09-25T08:59:10","modified_gmt":"2025-09-25T08:59:10","slug":"candela-in-ceramica-fiorita-citronella-bergamotto-440g","status":"publish","type":"product","link":"https:\/\/lumond.com\/it\/prodotto\/candela-in-ceramica-fiorita-citronella-bergamotto-440g\/","title":{"rendered":"Candela in ceramica fiorita &#8211; Citronella &#038; Bergamotto &#8211; 440g"},"content":{"rendered":"<p>Rinfresca il tuo ambiente con il profumo energizzante di citronella e bergamotto. Questa candela fiorita, in un vaso di ceramica artigianale, unisce la vivacit\u00e0 agrumata della citronella con la luminosit\u00e0 del bergamotto per un aroma rigenerante. Dopo che la candela si \u00e8 consumata, pianta i semi inclusi nel vaso di ceramica per aggiungere un tocco di eleganza naturale e un vibe frizzante alla tua casa.<\/p>\n<div><b>Nota bene:<\/b> I semi presenti nelle nostre candele sono stagionali e possono differire dall&#8217;immagine mostrata.<\/div>\n","protected":false},"excerpt":{"rendered":"<p>Rinfresca il tuo ambiente con il profumo energizzante di citronella e bergamotto. Questa candela fiorita, in un vaso di ceramica artigianale, unisce la vivacit\u00e0 agrumata della citronella con la luminosit\u00e0 del bergamotto per un aroma rigenerante. Dopo che la candela si \u00e8 consumata, pianta i semi inclusi nel vaso di ceramica per aggiungere un tocco [&hellip;]<\/p>\n","protected":false},"featured_media":62627,"comment_status":"open","ping_status":"closed","template":"","meta":{"_acf_changed":false,"site-sidebar-layout":"default","site-content-layout":"","ast-site-content-layout":"default","site-content-style":"default","site-sidebar-style":"default","ast-global-header-display":"","ast-banner-title-visibility":"","ast-main-header-display":"","ast-hfb-above-header-display":"","ast-hfb-below-header-display":"","ast-hfb-mobile-header-display":"","site-post-title":"","ast-breadcrumbs-content":"","ast-featured-img":"","footer-sml-layout":"","theme-transparent-header-meta":"default","adv-header-id-meta":"","stick-header-meta":"","header-above-stick-meta":"","header-main-stick-meta":"","header-below-stick-meta":"","astra-migrate-meta-layouts":"set","ast-page-background-enabled":"default","ast-page-background-meta":{"desktop":{"background-color":"","background-image":"","background-repeat":"repeat","background-position":"center center","background-size":"auto","background-attachment":"scroll","background-type":"","background-media":"","overlay-type":"","overlay-color":"","overlay-opacity":"","overlay-gradient":""},"tablet":{"background-color":"","background-image":"","background-repeat":"repeat","background-position":"center center","background-size":"auto","background-attachment":"scroll","background-type":"","background-media":"","overlay-type":"","overlay-color":"","overlay-opacity":"","overlay-gradient":""},"mobile":{"background-color":"","background-image":"","background-repeat":"repeat","background-position":"center center","background-size":"auto","background-attachment":"scroll","background-type":"","background-media":"","overlay-type":"","overlay-color":"","overlay-opacity":"","overlay-gradient":""}},"ast-content-background-meta":{"desktop":{"background-color":"var(--ast-global-color-5)","background-image":"","background-repeat":"repeat","background-position":"center center","background-size":"auto","background-attachment":"scroll","background-type":"","background-media":"","overlay-type":"","overlay-color":"","overlay-opacity":"","overlay-gradient":""},"tablet":{"background-color":"var(--ast-global-color-5)","background-image":"","background-repeat":"repeat","background-position":"center center","background-size":"auto","background-attachment":"scroll","background-type":"","background-media":"","overlay-type":"","overlay-color":"","overlay-opacity":"","overlay-gradient":""},"mobile":{"background-color":"var(--ast-global-color-5)","background-image":"","background-repeat":"repeat","background-position":"center center","background-size":"auto","background-attachment":"scroll","background-type":"","background-media":"","overlay-type":"","overlay-color":"","overlay-opacity":"","overlay-gradient":""}}},"product_brand":[],"product_cat":[499,518,517,494,495,520,498,516],"product_tag":[521,586],"class_list":{"0":"post-62626","1":"product","2":"type-product","3":"status-publish","4":"has-post-thumbnail","6":"product_cat-candela-stoppino-in-legno","7":"product_cat-candele-di-cera-di-soia","8":"product_cat-candele-di-lusso","9":"product_cat-candele-fiorite","10":"product_cat-candele-profumate","11":"product_cat-candele-profumate-grandi","12":"product_cat-candele-regalo","13":"product_cat-candele-scoppiettanti","14":"product_tag-grande","15":"product_tag-toasty-it","16":"desktop-align-left","17":"tablet-align-left","18":"mobile-align-left","20":"first","21":"instock","22":"sale","23":"taxable","24":"shipping-taxable","25":"purchasable","26":"product-type-simple"},"acf":[],"yoast_head":"<!-- This site is optimized with the Yoast SEO Premium plugin v23.0 (Yoast SEO v23.0) - https:\/\/yoast.com\/wordpress\/plugins\/seo\/ -->\n<title>Candela in ceramica fiorita - Citronella &amp; Bergamotto - 440g - Lumond<\/title>\n<meta name=\"description\" content=\"Candela profumata artigianale con citronella e bergamotto, per un aroma fresco e rinvigorente. Inclusi semi per far crescere una pianta dopo che la candela si \u00e8 consumata.\" \/>\n<meta name=\"robots\" content=\"index, follow, max-snippet:-1, max-image-preview:large, max-video-preview:-1\" \/>\n<link rel=\"canonical\" href=\"https:\/\/lumond.com\/it\/prodotto\/candela-in-ceramica-fiorita-citronella-bergamotto-440g\/\" \/>\n<meta property=\"og:locale\" content=\"it_IT\" \/>\n<meta property=\"og:type\" content=\"article\" \/>\n<meta property=\"og:title\" content=\"Candela in ceramica fiorita - Citronella &amp; Bergamotto - 440g - Lumond\" \/>\n<meta property=\"og:description\" content=\"Candela profumata artigianale con citronella e bergamotto, per un aroma fresco e rinvigorente. Inclusi semi per far crescere una pianta dopo che la candela si \u00e8 consumata.\" \/>\n<meta property=\"og:url\" content=\"https:\/\/lumond.com\/it\/prodotto\/candela-in-ceramica-fiorita-citronella-bergamotto-440g\/\" \/>\n<meta property=\"og:site_name\" content=\"Lumond\" \/>\n<meta property=\"article:publisher\" content=\"https:\/\/www.facebook.com\/lumond.de\/\" \/>\n<meta property=\"article:modified_time\" content=\"2025-09-25T08:59:10+00:00\" \/>\n<meta property=\"og:image\" content=\"https:\/\/lumond.com\/wp-content\/uploads\/2024\/06\/Lemongrass-Bergamot-Large-Size-2.webp\" \/>\n\t<meta property=\"og:image:width\" content=\"1080\" \/>\n\t<meta property=\"og:image:height\" content=\"1080\" \/>\n\t<meta property=\"og:image:type\" content=\"image\/webp\" \/>\n<meta name=\"twitter:card\" content=\"summary_large_image\" \/>\n<meta name=\"twitter:description\" content=\"Rinfresca il tuo ambiente con il profumo energizzante di citronella e bergamotto. Questa candela fiorita, in un vaso di ceramica artigianale, unisce la\" \/>\n<meta name=\"twitter:label1\" content=\"Prezzo\" \/>\n\t<meta name=\"twitter:data1\" content=\"&euro;&nbsp;59,99\" \/>\n\t<meta name=\"twitter:label2\" content=\"Availability\" \/>\n\t<meta name=\"twitter:data2\" content=\"In stock\" \/>\n<script type=\"application\/ld+json\" class=\"yoast-schema-graph\">{\"@context\":\"https:\/\/schema.org\",\"@graph\":[{\"@type\":[\"WebPage\",\"ItemPage\"],\"@id\":\"https:\/\/lumond.com\/it\/prodotto\/candela-in-ceramica-fiorita-citronella-bergamotto-440g\/\",\"url\":\"https:\/\/lumond.com\/it\/prodotto\/candela-in-ceramica-fiorita-citronella-bergamotto-440g\/\",\"name\":\"Candela in ceramica fiorita - Citronella & Bergamotto - 440g - Lumond\",\"isPartOf\":{\"@id\":\"https:\/\/lumond.com\/it\/#website\"},\"primaryImageOfPage\":{\"@id\":\"https:\/\/lumond.com\/it\/prodotto\/candela-in-ceramica-fiorita-citronella-bergamotto-440g\/#primaryimage\"},\"image\":{\"@id\":\"https:\/\/lumond.com\/it\/prodotto\/candela-in-ceramica-fiorita-citronella-bergamotto-440g\/#primaryimage\"},\"thumbnailUrl\":\"https:\/\/lumond.com\/wp-content\/uploads\/2024\/06\/Lemongrass-Bergamot-Large-Size-2.webp\",\"datePublished\":\"2024-06-21T14:59:52+00:00\",\"dateModified\":\"2025-09-25T08:59:10+00:00\",\"description\":\"Candela profumata artigianale con citronella e bergamotto, per un aroma fresco e rinvigorente. Inclusi semi per far crescere una pianta dopo che la candela si \u00e8 consumata.\",\"breadcrumb\":{\"@id\":\"https:\/\/lumond.com\/it\/prodotto\/candela-in-ceramica-fiorita-citronella-bergamotto-440g\/#breadcrumb\"},\"inLanguage\":\"it-IT\",\"potentialAction\":[{\"@type\":\"ReadAction\",\"target\":[\"https:\/\/lumond.com\/it\/prodotto\/candela-in-ceramica-fiorita-citronella-bergamotto-440g\/\"]}]},{\"@type\":\"ImageObject\",\"inLanguage\":\"it-IT\",\"@id\":\"https:\/\/lumond.com\/it\/prodotto\/candela-in-ceramica-fiorita-citronella-bergamotto-440g\/#primaryimage\",\"url\":\"https:\/\/lumond.com\/wp-content\/uploads\/2024\/06\/Lemongrass-Bergamot-Large-Size-2.webp\",\"contentUrl\":\"https:\/\/lumond.com\/wp-content\/uploads\/2024\/06\/Lemongrass-Bergamot-Large-Size-2.webp\",\"width\":1080,\"height\":1080},{\"@type\":\"BreadcrumbList\",\"@id\":\"https:\/\/lumond.com\/it\/prodotto\/candela-in-ceramica-fiorita-citronella-bergamotto-440g\/#breadcrumb\",\"itemListElement\":[{\"@type\":\"ListItem\",\"position\":1,\"name\":\"Lumond\",\"item\":\"https:\/\/lumond.com\/it\/\"},{\"@type\":\"ListItem\",\"position\":2,\"name\":\"Products\"},{\"@type\":\"ListItem\",\"position\":3,\"name\":\"Candele fiorite\",\"item\":\"https:\/\/lumond.com\/it\/candele-fiorite\/\"},{\"@type\":\"ListItem\",\"position\":4,\"name\":\"Candela in ceramica fiorita &#8211; Citronella &#038; Bergamotto &#8211; 440g\"}]},{\"@type\":\"WebSite\",\"@id\":\"https:\/\/lumond.com\/it\/#website\",\"url\":\"https:\/\/lumond.com\/it\/\",\"name\":\"Lumond\",\"description\":\"Duftkerzen Im Glas\",\"publisher\":{\"@id\":\"https:\/\/lumond.com\/it\/#organization\"},\"alternateName\":\"Lumond\",\"potentialAction\":[{\"@type\":\"SearchAction\",\"target\":{\"@type\":\"EntryPoint\",\"urlTemplate\":\"https:\/\/lumond.com\/it\/?s={search_term_string}\"},\"query-input\":\"required name=search_term_string\"}],\"inLanguage\":\"it-IT\"},{\"@type\":\"Organization\",\"@id\":\"https:\/\/lumond.com\/it\/#organization\",\"name\":\"Lumond\",\"url\":\"https:\/\/lumond.com\/it\/\",\"logo\":{\"@type\":\"ImageObject\",\"inLanguage\":\"it-IT\",\"@id\":\"https:\/\/lumond.com\/it\/#\/schema\/logo\/image\/\",\"url\":\"https:\/\/lumond.com\/wp-content\/uploads\/2022\/01\/cropped-40-05.png\",\"contentUrl\":\"https:\/\/lumond.com\/wp-content\/uploads\/2022\/01\/cropped-40-05.png\",\"width\":512,\"height\":512,\"caption\":\"Lumond\"},\"image\":{\"@id\":\"https:\/\/lumond.com\/it\/#\/schema\/logo\/image\/\"},\"sameAs\":[\"https:\/\/www.facebook.com\/lumond.de\/\",\"https:\/\/www.instagram.com\/lumond.de\/\"],\"description\":\"Lumond realizza candele profumate di alta qualit\u00e0 in cera di soia naturale, racchiuse in eleganti contenitori in ceramica \u2013 sostenibili, prodotte in Germania e con composizioni olfattive uniche. Ideali per una casa accogliente, attenta all\u2019ambiente e al design.\",\"email\":\"info@lumond.de\",\"legalName\":\"Lumond\",\"foundingDate\":\"2021-01-01\",\"ownershipFundingInfo\":\"https:\/\/lumond.com\/ueber-uns\/\",\"correctionsPolicy\":\"https:\/\/lumond.com\/kontakt\/\",\"address\":{\"@type\":\"PostalAddress\",\"streetAddress\":\"Lumond UG\",\"addressLocality\":\"Kolonnenstr. 8\",\"addressRegion\":\"Berlin\",\"postalCode\":\"10827\",\"addressCountry\":\"DE\"}}]}<\/script>\n<meta property=\"product:price:amount\" content=\"59.99\" \/>\n<meta property=\"product:price:currency\" content=\"EUR\" \/>\n<meta property=\"og:availability\" content=\"instock\" \/>\n<meta property=\"product:availability\" content=\"instock\" \/>\n<meta property=\"product:retailer_item_id\" content=\"427-2415\" \/>\n<meta property=\"product:condition\" content=\"new\" \/>\n<!-- \/ Yoast SEO Premium plugin. -->","yoast_head_json":{"title":"Candela in ceramica fiorita - Citronella & Bergamotto - 440g - Lumond","description":"Candela profumata artigianale con citronella e bergamotto, per un aroma fresco e rinvigorente. Inclusi semi per far crescere una pianta dopo che la candela si \u00e8 consumata.","robots":{"index":"index","follow":"follow","max-snippet":"max-snippet:-1","max-image-preview":"max-image-preview:large","max-video-preview":"max-video-preview:-1"},"canonical":"https:\/\/lumond.com\/it\/prodotto\/candela-in-ceramica-fiorita-citronella-bergamotto-440g\/","og_locale":"it_IT","og_type":"article","og_title":"Candela in ceramica fiorita - Citronella & Bergamotto - 440g - Lumond","og_description":"Candela profumata artigianale con citronella e bergamotto, per un aroma fresco e rinvigorente. Inclusi semi per far crescere una pianta dopo che la candela si \u00e8 consumata.","og_url":"https:\/\/lumond.com\/it\/prodotto\/candela-in-ceramica-fiorita-citronella-bergamotto-440g\/","og_site_name":"Lumond","article_publisher":"https:\/\/www.facebook.com\/lumond.de\/","article_modified_time":"2025-09-25T08:59:10+00:00","og_image":[{"width":1080,"height":1080,"url":"https:\/\/lumond.com\/wp-content\/uploads\/2024\/06\/Lemongrass-Bergamot-Large-Size-2.webp","type":"image\/webp"}],"twitter_card":"summary_large_image","twitter_description":"Rinfresca il tuo ambiente con il profumo energizzante di citronella e bergamotto. Questa candela fiorita, in un vaso di ceramica artigianale, unisce la","twitter_misc":{"Prezzo":"&euro;&nbsp;59,99","Availability":"In stock"},"schema":{"@context":"https:\/\/schema.org","@graph":[{"@type":["WebPage","ItemPage"],"@id":"https:\/\/lumond.com\/it\/prodotto\/candela-in-ceramica-fiorita-citronella-bergamotto-440g\/","url":"https:\/\/lumond.com\/it\/prodotto\/candela-in-ceramica-fiorita-citronella-bergamotto-440g\/","name":"Candela in ceramica fiorita - Citronella & Bergamotto - 440g - Lumond","isPartOf":{"@id":"https:\/\/lumond.com\/it\/#website"},"primaryImageOfPage":{"@id":"https:\/\/lumond.com\/it\/prodotto\/candela-in-ceramica-fiorita-citronella-bergamotto-440g\/#primaryimage"},"image":{"@id":"https:\/\/lumond.com\/it\/prodotto\/candela-in-ceramica-fiorita-citronella-bergamotto-440g\/#primaryimage"},"thumbnailUrl":"https:\/\/lumond.com\/wp-content\/uploads\/2024\/06\/Lemongrass-Bergamot-Large-Size-2.webp","datePublished":"2024-06-21T14:59:52+00:00","dateModified":"2025-09-25T08:59:10+00:00","description":"Candela profumata artigianale con citronella e bergamotto, per un aroma fresco e rinvigorente. Inclusi semi per far crescere una pianta dopo che la candela si \u00e8 consumata.","breadcrumb":{"@id":"https:\/\/lumond.com\/it\/prodotto\/candela-in-ceramica-fiorita-citronella-bergamotto-440g\/#breadcrumb"},"inLanguage":"it-IT","potentialAction":[{"@type":"ReadAction","target":["https:\/\/lumond.com\/it\/prodotto\/candela-in-ceramica-fiorita-citronella-bergamotto-440g\/"]}]},{"@type":"ImageObject","inLanguage":"it-IT","@id":"https:\/\/lumond.com\/it\/prodotto\/candela-in-ceramica-fiorita-citronella-bergamotto-440g\/#primaryimage","url":"https:\/\/lumond.com\/wp-content\/uploads\/2024\/06\/Lemongrass-Bergamot-Large-Size-2.webp","contentUrl":"https:\/\/lumond.com\/wp-content\/uploads\/2024\/06\/Lemongrass-Bergamot-Large-Size-2.webp","width":1080,"height":1080},{"@type":"BreadcrumbList","@id":"https:\/\/lumond.com\/it\/prodotto\/candela-in-ceramica-fiorita-citronella-bergamotto-440g\/#breadcrumb","itemListElement":[{"@type":"ListItem","position":1,"name":"Lumond","item":"https:\/\/lumond.com\/it\/"},{"@type":"ListItem","position":2,"name":"Products"},{"@type":"ListItem","position":3,"name":"Candele fiorite","item":"https:\/\/lumond.com\/it\/candele-fiorite\/"},{"@type":"ListItem","position":4,"name":"Candela in ceramica fiorita &#8211; Citronella &#038; Bergamotto &#8211; 440g"}]},{"@type":"WebSite","@id":"https:\/\/lumond.com\/it\/#website","url":"https:\/\/lumond.com\/it\/","name":"Lumond","description":"Duftkerzen Im Glas","publisher":{"@id":"https:\/\/lumond.com\/it\/#organization"},"alternateName":"Lumond","potentialAction":[{"@type":"SearchAction","target":{"@type":"EntryPoint","urlTemplate":"https:\/\/lumond.com\/it\/?s={search_term_string}"},"query-input":"required name=search_term_string"}],"inLanguage":"it-IT"},{"@type":"Organization","@id":"https:\/\/lumond.com\/it\/#organization","name":"Lumond","url":"https:\/\/lumond.com\/it\/","logo":{"@type":"ImageObject","inLanguage":"it-IT","@id":"https:\/\/lumond.com\/it\/#\/schema\/logo\/image\/","url":"https:\/\/lumond.com\/wp-content\/uploads\/2022\/01\/cropped-40-05.png","contentUrl":"https:\/\/lumond.com\/wp-content\/uploads\/2022\/01\/cropped-40-05.png","width":512,"height":512,"caption":"Lumond"},"image":{"@id":"https:\/\/lumond.com\/it\/#\/schema\/logo\/image\/"},"sameAs":["https:\/\/www.facebook.com\/lumond.de\/","https:\/\/www.instagram.com\/lumond.de\/"],"description":"Lumond realizza candele profumate di alta qualit\u00e0 in cera di soia naturale, racchiuse in eleganti contenitori in ceramica \u2013 sostenibili, prodotte in Germania e con composizioni olfattive uniche. Ideali per una casa accogliente, attenta all\u2019ambiente e al design.","email":"info@lumond.de","legalName":"Lumond","foundingDate":"2021-01-01","ownershipFundingInfo":"https:\/\/lumond.com\/ueber-uns\/","correctionsPolicy":"https:\/\/lumond.com\/kontakt\/","address":{"@type":"PostalAddress","streetAddress":"Lumond UG","addressLocality":"Kolonnenstr. 8","addressRegion":"Berlin","postalCode":"10827","addressCountry":"DE"}}]},"product_price_amount":"59.99","product_price_currency":"EUR","og_availability":"instock","product_availability":"instock","product_retailer_item_id":"427-2415","product_condition":"new"},"_links":{"self":[{"href":"https:\/\/lumond.com\/it\/wp-json\/wp\/v2\/product\/62626","targetHints":{"allow":["GET"]}}],"collection":[{"href":"https:\/\/lumond.com\/it\/wp-json\/wp\/v2\/product"}],"about":[{"href":"https:\/\/lumond.com\/it\/wp-json\/wp\/v2\/types\/product"}],"replies":[{"embeddable":true,"href":"https:\/\/lumond.com\/it\/wp-json\/wp\/v2\/comments?post=62626"}],"wp:featuredmedia":[{"embeddable":true,"href":"https:\/\/lumond.com\/it\/wp-json\/wp\/v2\/media\/62627"}],"wp:attachment":[{"href":"https:\/\/lumond.com\/it\/wp-json\/wp\/v2\/media?parent=62626"}],"wp:term":[{"taxonomy":"product_brand","embeddable":true,"href":"https:\/\/lumond.com\/it\/wp-json\/wp\/v2\/product_brand?post=62626"},{"taxonomy":"product_cat","embeddable":true,"href":"https:\/\/lumond.com\/it\/wp-json\/wp\/v2\/product_cat?post=62626"},{"taxonomy":"product_tag","embeddable":true,"href":"https:\/\/lumond.com\/it\/wp-json\/wp\/v2\/product_tag?post=62626"}],"curies":[{"name":"wp","href":"https:\/\/api.w.org\/{rel}","templated":true}]}}