{"id":62477,"date":"2021-12-20T13:53:48","date_gmt":"2021-12-20T13:53:48","guid":{"rendered":"https:\/\/lumond.com\/payments\/"},"modified":"2025-10-09T12:34:17","modified_gmt":"2025-10-09T12:34:17","slug":"condizioni-di-pagamento","status":"publish","type":"page","link":"https:\/\/lumond.com\/it\/condizioni-di-pagamento\/","title":{"rendered":"CONDIZIONI DI PAGAMENTO"},"content":{"rendered":"\t\t<div data-elementor-type=\"wp-page\" data-elementor-id=\"62477\" class=\"elementor elementor-62477 elementor-4222\" data-elementor-post-type=\"page\">\n\t\t\t\t\t\t<section class=\"elementor-section elementor-top-section elementor-element elementor-element-737556f elementor-section-boxed elementor-section-height-default elementor-section-height-default\" data-id=\"737556f\" data-element_type=\"section\">\n\t\t\t\t\t\t<div class=\"elementor-container elementor-column-gap-default\">\n\t\t\t\t\t<div class=\"elementor-column elementor-col-100 elementor-top-column elementor-element elementor-element-a4c6cd8\" data-id=\"a4c6cd8\" data-element_type=\"column\">\n\t\t\t<div class=\"elementor-widget-wrap elementor-element-populated\">\n\t\t\t\t\t\t<div class=\"elementor-element elementor-element-e8f6611 elementor-widget elementor-widget-heading\" data-id=\"e8f6611\" data-element_type=\"widget\" data-widget_type=\"heading.default\">\n\t\t\t\t<div class=\"elementor-widget-container\">\n\t\t\t<style>\/*! elementor - v3.21.0 - 08-05-2024 *\/\n.elementor-heading-title{padding:0;margin:0;line-height:1}.elementor-widget-heading .elementor-heading-title[class*=elementor-size-]>a{color:inherit;font-size:inherit;line-height:inherit}.elementor-widget-heading .elementor-heading-title.elementor-size-small{font-size:15px}.elementor-widget-heading .elementor-heading-title.elementor-size-medium{font-size:19px}.elementor-widget-heading .elementor-heading-title.elementor-size-large{font-size:29px}.elementor-widget-heading .elementor-heading-title.elementor-size-xl{font-size:39px}.elementor-widget-heading .elementor-heading-title.elementor-size-xxl{font-size:59px}<\/style><h1 class=\"elementor-heading-title elementor-size-default\">CONDIZIONI DI PAGAMENTO<\/h1>\t\t<\/div>\n\t\t\t\t<\/div>\n\t\t\t\t<div class=\"elementor-element elementor-element-1268eb8 elementor-widget elementor-widget-text-editor\" data-id=\"1268eb8\" data-element_type=\"widget\" data-widget_type=\"text-editor.default\">\n\t\t\t\t<div class=\"elementor-widget-container\">\n\t\t\t<style>\/*! elementor - v3.21.0 - 08-05-2024 *\/\n.elementor-widget-text-editor.elementor-drop-cap-view-stacked .elementor-drop-cap{background-color:#69727d;color:#fff}.elementor-widget-text-editor.elementor-drop-cap-view-framed .elementor-drop-cap{color:#69727d;border:3px solid;background-color:transparent}.elementor-widget-text-editor:not(.elementor-drop-cap-view-default) .elementor-drop-cap{margin-top:8px}.elementor-widget-text-editor:not(.elementor-drop-cap-view-default) .elementor-drop-cap-letter{width:1em;height:1em}.elementor-widget-text-editor .elementor-drop-cap{float:left;text-align:center;line-height:1;font-size:50px}.elementor-widget-text-editor .elementor-drop-cap-letter{display:inline-block}<\/style>\t\t\t\t<p>Lumond ti offre diverse opzioni di pagamento. Dopo aver aggiunto il prodotto desiderato al carrello, puoi cliccare su \u201cprocedi al checkout\u201d oppure su \u201cacquisto rapido con PayPal\u201d. Nella pagina successiva potrai scegliere tra i seguenti metodi di pagamento:<strong>1. Pagamento con Klarna<\/strong><\/p><ul class=\"lumond-list-ul\"><li>Ricevi prima la merce, paghi dopo.<\/li><li>Pi\u00f9 semplice: nessuna carta di credito o password richiesta.<\/li><li>Pi\u00f9 sicuro: paghi solo per la merce ricevuta.<\/li><li>Certificato T\u00dcV e conforme a Trusted Shops.<\/li><li>Milioni di clienti soddisfatti.<\/li><\/ul><p>Con Klarna fare acquisti \u00e8 pi\u00f9 veloce, poich\u00e9 serve inserire solo pochi dati ed eviti una registrazione lunga. Ricevi la merce prima di effettuare il pagamento. Se sei soddisfatto dell\u2019ordine ricevuto, paghi la fattura tramite Klarna.<strong>Pagamento alla consegna (Klarna)<\/strong>Se scegli Klarna, pagherai solo dopo aver ricevuto la merce. Informazioni utili su Klarna:<\/p><ul class=\"lumond-list-ul\"><li>Se non sei soddisfatto del prodotto, contattaci subito. Non restituire nulla senza averci contattato prima.<\/li><li>Se la merce non viene consegnata nei tempi previsti, contattaci o contatta Klarna per estendere la scadenza del pagamento.<\/li><li>Se ti abbiamo inviato una fattura aggiornata via email, ignora la fattura cartacea inclusa nel pacco. Potrebbe non essere pi\u00f9 valida.<\/li><li>Puoi anche contattare direttamente Klarna. Nota che Klarna non ci inoltra le comunicazioni.<\/li><\/ul><p>Assistenza clienti Klarna telefono: +49 (0) 911 477 577 10 Assistenza clienti Klarna online: <a class=\"link-primary\" href=\"https:\/\/www.klarna.com\/de\/kundendienst\" rel=\"noopener noreferrer nofollow\">https:\/\/www.klarna.com\/de\/kundendienst<\/a><strong>2. Tempi di elaborazione:<\/strong><\/p><ul class=\"lumond-list-ul\"><li>Bonifico bancario: 3-4 giorni lavorativi<\/li><li>Bonifico immediato: 1-2 giorni lavorativi<\/li><\/ul><p>Se non ricevi un&#8217;email di conferma dopo questo periodo, inviaci una copia\/screenshot della ricevuta di pagamento.<strong>3. PayPal:<\/strong><span style=\"font-style: inherit; font-weight: inherit; background-color: var(--ast-global-color-5); color: var(--ast-global-color-8);\">Cliccando sul pulsante \u201cpaga con PayPal\u201d verrai reindirizzato alla pagina di pagamento PayPal. Non \u00e8 necessario avere un conto PayPal per usare il servizio.<\/span><strong>I nostri sistemi di pagamento sono crittografati a 2048 bit, garantendo la massima sicurezza per i tuoi acquisti.<\/strong><strong>lumond.com non elabora n\u00e9 memorizza i dati della tua carta di credito e non li condivide con terze parti.<\/strong><strong>Modifiche alle condizioni di pagamento:<\/strong>lumond.com si riserva il diritto di modificare queste condizioni di pagamento in qualsiasi momento. I clienti saranno informati delle modifiche sul nostro sito web. Per domande o commenti, non esitare a contattarci.<strong>Ulteriori informazioni legali:<\/strong><\/p><ol><li><strong>Diritto di recesso:<\/strong> Ai sensi del \u00a7 355 BGB, i clienti hanno diritto di recesso. Le condizioni dettagliate sono riportate nella nostra informativa sul recesso.<\/li><li><strong>Conclusione del contratto:<\/strong> Il contratto si intende concluso non appena confermiamo l\u2019ordine tramite email.<\/li><li><strong>Memorizzazione del contratto:<\/strong> Il testo del contratto verr\u00e0 archiviato e potr\u00e0 essere fornito su richiesta.<\/li><\/ol><hr \/>\t\t\t\t\t\t<\/div>\n\t\t\t\t<\/div>\n\t\t\t\t\t<\/div>\n\t\t<\/div>\n\t\t\t\t\t<\/div>\n\t\t<\/section>\n\t\t\t\t<\/div>\n\t\t","protected":false},"excerpt":{"rendered":"<p>CONDIZIONI DI PAGAMENTO Lumond ti offre diverse opzioni di pagamento. Dopo aver aggiunto il prodotto desiderato al carrello, puoi cliccare su \u201cprocedi al checkout\u201d oppure su \u201cacquisto rapido con PayPal\u201d. Nella pagina successiva potrai scegliere tra i seguenti metodi di pagamento:1. Pagamento con Klarna Ricevi prima la merce, paghi dopo. Pi\u00f9 semplice: nessuna carta di [&hellip;]<\/p>\n","protected":false},"author":1,"featured_media":0,"parent":0,"menu_order":0,"comment_status":"closed","ping_status":"closed","template":"","meta":{"_acf_changed":false,"site-sidebar-layout":"no-sidebar","site-content-layout":"page-builder","ast-site-content-layout":"","site-content-style":"default","site-sidebar-style":"default","ast-global-header-display":"","ast-banner-title-visibility":"","ast-main-header-display":"","ast-hfb-above-header-display":"","ast-hfb-below-header-display":"","ast-hfb-mobile-header-display":"","site-post-title":"disabled","ast-breadcrumbs-content":"","ast-featured-img":"disabled","footer-sml-layout":"","theme-transparent-header-meta":"default","adv-header-id-meta":"","stick-header-meta":"","header-above-stick-meta":"","header-main-stick-meta":"","header-below-stick-meta":"","astra-migrate-meta-layouts":"set","ast-page-background-enabled":"default","ast-page-background-meta":{"desktop":{"background-color":"","background-image":"","background-repeat":"repeat","background-position":"center center","background-size":"auto","background-attachment":"scroll","background-type":"","background-media":"","overlay-type":"","overlay-color":"","overlay-opacity":"","overlay-gradient":""},"tablet":{"background-color":"","background-image":"","background-repeat":"repeat","background-position":"center center","background-size":"auto","background-attachment":"scroll","background-type":"","background-media":"","overlay-type":"","overlay-color":"","overlay-opacity":"","overlay-gradient":""},"mobile":{"background-color":"","background-image":"","background-repeat":"repeat","background-position":"center center","background-size":"auto","background-attachment":"scroll","background-type":"","background-media":"","overlay-type":"","overlay-color":"","overlay-opacity":"","overlay-gradient":""}},"ast-content-background-meta":{"desktop":{"background-color":"var(--ast-global-color-5)","background-image":"","background-repeat":"repeat","background-position":"center center","background-size":"auto","background-attachment":"scroll","background-type":"","background-media":"","overlay-type":"","overlay-color":"","overlay-opacity":"","overlay-gradient":""},"tablet":{"background-color":"var(--ast-global-color-5)","background-image":"","background-repeat":"repeat","background-position":"center center","background-size":"auto","background-attachment":"scroll","background-type":"","background-media":"","overlay-type":"","overlay-color":"","overlay-opacity":"","overlay-gradient":""},"mobile":{"background-color":"var(--ast-global-color-5)","background-image":"","background-repeat":"repeat","background-position":"center center","background-size":"auto","background-attachment":"scroll","background-type":"","background-media":"","overlay-type":"","overlay-color":"","overlay-opacity":"","overlay-gradient":""}},"footnotes":""},"class_list":["post-62477","page","type-page","status-publish","hentry"],"acf":[],"yoast_head":"<!-- This site is optimized with the Yoast SEO Premium plugin v23.0 (Yoast SEO v23.0) - https:\/\/yoast.com\/wordpress\/plugins\/seo\/ -->\n<title>Condizioni di Pagamento - Lumond<\/title>\n<meta name=\"description\" content=\"Condizioni di Pagamento di Lumond: metodi di pagamento, fatturazione e procedure per un acquisto sicuro e trasparente.\" \/>\n<meta name=\"robots\" content=\"noindex, follow\" \/>\n<meta property=\"og:locale\" content=\"it_IT\" \/>\n<meta property=\"og:type\" content=\"article\" \/>\n<meta property=\"og:title\" content=\"Condizioni di Pagamento - Lumond\" \/>\n<meta property=\"og:description\" content=\"Condizioni di Pagamento di Lumond: metodi di pagamento, fatturazione e procedure per un acquisto sicuro e trasparente.\" \/>\n<meta property=\"og:url\" content=\"https:\/\/lumond.com\/it\/condizioni-di-pagamento\/\" \/>\n<meta property=\"og:site_name\" content=\"Lumond\" \/>\n<meta property=\"article:publisher\" content=\"https:\/\/www.facebook.com\/lumond.de\/\" \/>\n<meta property=\"article:modified_time\" content=\"2025-10-09T12:34:17+00:00\" \/>\n<meta name=\"twitter:card\" content=\"summary_large_image\" \/>\n<meta name=\"twitter:title\" content=\"CONDIZIONI DI PAGAMENTO\" \/>\n<meta name=\"twitter:label1\" content=\"Tempo di lettura stimato\" \/>\n\t<meta name=\"twitter:data1\" content=\"3 minuti\" \/>\n<script type=\"application\/ld+json\" class=\"yoast-schema-graph\">{\"@context\":\"https:\/\/schema.org\",\"@graph\":[{\"@type\":\"WebPage\",\"@id\":\"https:\/\/lumond.com\/it\/condizioni-di-pagamento\/\",\"url\":\"https:\/\/lumond.com\/it\/condizioni-di-pagamento\/\",\"name\":\"Condizioni di Pagamento - Lumond\",\"isPartOf\":{\"@id\":\"https:\/\/lumond.com\/it\/#website\"},\"datePublished\":\"2021-12-20T13:53:48+00:00\",\"dateModified\":\"2025-10-09T12:34:17+00:00\",\"description\":\"Condizioni di Pagamento di Lumond: metodi di pagamento, fatturazione e procedure per un acquisto sicuro e trasparente.\",\"breadcrumb\":{\"@id\":\"https:\/\/lumond.com\/it\/condizioni-di-pagamento\/#breadcrumb\"},\"inLanguage\":\"it-IT\",\"potentialAction\":[{\"@type\":\"ReadAction\",\"target\":[\"https:\/\/lumond.com\/it\/condizioni-di-pagamento\/\"]}]},{\"@type\":\"BreadcrumbList\",\"@id\":\"https:\/\/lumond.com\/it\/condizioni-di-pagamento\/#breadcrumb\",\"itemListElement\":[{\"@type\":\"ListItem\",\"position\":1,\"name\":\"Lumond\",\"item\":\"https:\/\/lumond.com\/it\/\"},{\"@type\":\"ListItem\",\"position\":2,\"name\":\"CONDIZIONI DI PAGAMENTO\"}]},{\"@type\":\"WebSite\",\"@id\":\"https:\/\/lumond.com\/it\/#website\",\"url\":\"https:\/\/lumond.com\/it\/\",\"name\":\"Lumond\",\"description\":\"Duftkerzen Im Glas\",\"publisher\":{\"@id\":\"https:\/\/lumond.com\/it\/#organization\"},\"alternateName\":\"Lumond\",\"potentialAction\":[{\"@type\":\"SearchAction\",\"target\":{\"@type\":\"EntryPoint\",\"urlTemplate\":\"https:\/\/lumond.com\/it\/?s={search_term_string}\"},\"query-input\":\"required name=search_term_string\"}],\"inLanguage\":\"it-IT\"},{\"@type\":\"Organization\",\"@id\":\"https:\/\/lumond.com\/it\/#organization\",\"name\":\"Lumond\",\"url\":\"https:\/\/lumond.com\/it\/\",\"logo\":{\"@type\":\"ImageObject\",\"inLanguage\":\"it-IT\",\"@id\":\"https:\/\/lumond.com\/it\/#\/schema\/logo\/image\/\",\"url\":\"https:\/\/lumond.com\/wp-content\/uploads\/2022\/01\/cropped-40-05.png\",\"contentUrl\":\"https:\/\/lumond.com\/wp-content\/uploads\/2022\/01\/cropped-40-05.png\",\"width\":512,\"height\":512,\"caption\":\"Lumond\"},\"image\":{\"@id\":\"https:\/\/lumond.com\/it\/#\/schema\/logo\/image\/\"},\"sameAs\":[\"https:\/\/www.facebook.com\/lumond.de\/\",\"https:\/\/www.instagram.com\/lumond.de\/\"],\"description\":\"Lumond realizza candele profumate di alta qualit\u00e0 in cera di soia naturale, racchiuse in eleganti contenitori in ceramica \u2013 sostenibili, prodotte in Germania e con composizioni olfattive uniche. Ideali per una casa accogliente, attenta all\u2019ambiente e al design.\",\"email\":\"info@lumond.de\",\"legalName\":\"Lumond\",\"foundingDate\":\"2021-01-01\",\"ownershipFundingInfo\":\"https:\/\/lumond.com\/ueber-uns\/\",\"correctionsPolicy\":\"https:\/\/lumond.com\/kontakt\/\",\"address\":{\"@type\":\"PostalAddress\",\"streetAddress\":\"Lumond UG\",\"addressLocality\":\"Kolonnenstr. 8\",\"addressRegion\":\"Berlin\",\"postalCode\":\"10827\",\"addressCountry\":\"DE\"}}]}<\/script>\n<!-- \/ Yoast SEO Premium plugin. -->","yoast_head_json":{"title":"Condizioni di Pagamento - Lumond","description":"Condizioni di Pagamento di Lumond: metodi di pagamento, fatturazione e procedure per un acquisto sicuro e trasparente.","robots":{"index":"noindex","follow":"follow"},"og_locale":"it_IT","og_type":"article","og_title":"Condizioni di Pagamento - Lumond","og_description":"Condizioni di Pagamento di Lumond: metodi di pagamento, fatturazione e procedure per un acquisto sicuro e trasparente.","og_url":"https:\/\/lumond.com\/it\/condizioni-di-pagamento\/","og_site_name":"Lumond","article_publisher":"https:\/\/www.facebook.com\/lumond.de\/","article_modified_time":"2025-10-09T12:34:17+00:00","twitter_card":"summary_large_image","twitter_title":"CONDIZIONI DI PAGAMENTO","twitter_misc":{"Tempo di lettura stimato":"3 minuti"},"schema":{"@context":"https:\/\/schema.org","@graph":[{"@type":"WebPage","@id":"https:\/\/lumond.com\/it\/condizioni-di-pagamento\/","url":"https:\/\/lumond.com\/it\/condizioni-di-pagamento\/","name":"Condizioni di Pagamento - Lumond","isPartOf":{"@id":"https:\/\/lumond.com\/it\/#website"},"datePublished":"2021-12-20T13:53:48+00:00","dateModified":"2025-10-09T12:34:17+00:00","description":"Condizioni di Pagamento di Lumond: metodi di pagamento, fatturazione e procedure per un acquisto sicuro e trasparente.","breadcrumb":{"@id":"https:\/\/lumond.com\/it\/condizioni-di-pagamento\/#breadcrumb"},"inLanguage":"it-IT","potentialAction":[{"@type":"ReadAction","target":["https:\/\/lumond.com\/it\/condizioni-di-pagamento\/"]}]},{"@type":"BreadcrumbList","@id":"https:\/\/lumond.com\/it\/condizioni-di-pagamento\/#breadcrumb","itemListElement":[{"@type":"ListItem","position":1,"name":"Lumond","item":"https:\/\/lumond.com\/it\/"},{"@type":"ListItem","position":2,"name":"CONDIZIONI DI PAGAMENTO"}]},{"@type":"WebSite","@id":"https:\/\/lumond.com\/it\/#website","url":"https:\/\/lumond.com\/it\/","name":"Lumond","description":"Duftkerzen Im Glas","publisher":{"@id":"https:\/\/lumond.com\/it\/#organization"},"alternateName":"Lumond","potentialAction":[{"@type":"SearchAction","target":{"@type":"EntryPoint","urlTemplate":"https:\/\/lumond.com\/it\/?s={search_term_string}"},"query-input":"required name=search_term_string"}],"inLanguage":"it-IT"},{"@type":"Organization","@id":"https:\/\/lumond.com\/it\/#organization","name":"Lumond","url":"https:\/\/lumond.com\/it\/","logo":{"@type":"ImageObject","inLanguage":"it-IT","@id":"https:\/\/lumond.com\/it\/#\/schema\/logo\/image\/","url":"https:\/\/lumond.com\/wp-content\/uploads\/2022\/01\/cropped-40-05.png","contentUrl":"https:\/\/lumond.com\/wp-content\/uploads\/2022\/01\/cropped-40-05.png","width":512,"height":512,"caption":"Lumond"},"image":{"@id":"https:\/\/lumond.com\/it\/#\/schema\/logo\/image\/"},"sameAs":["https:\/\/www.facebook.com\/lumond.de\/","https:\/\/www.instagram.com\/lumond.de\/"],"description":"Lumond realizza candele profumate di alta qualit\u00e0 in cera di soia naturale, racchiuse in eleganti contenitori in ceramica \u2013 sostenibili, prodotte in Germania e con composizioni olfattive uniche. Ideali per una casa accogliente, attenta all\u2019ambiente e al design.","email":"info@lumond.de","legalName":"Lumond","foundingDate":"2021-01-01","ownershipFundingInfo":"https:\/\/lumond.com\/ueber-uns\/","correctionsPolicy":"https:\/\/lumond.com\/kontakt\/","address":{"@type":"PostalAddress","streetAddress":"Lumond UG","addressLocality":"Kolonnenstr. 8","addressRegion":"Berlin","postalCode":"10827","addressCountry":"DE"}}]}},"_links":{"self":[{"href":"https:\/\/lumond.com\/it\/wp-json\/wp\/v2\/pages\/62477","targetHints":{"allow":["GET"]}}],"collection":[{"href":"https:\/\/lumond.com\/it\/wp-json\/wp\/v2\/pages"}],"about":[{"href":"https:\/\/lumond.com\/it\/wp-json\/wp\/v2\/types\/page"}],"author":[{"embeddable":true,"href":"https:\/\/lumond.com\/it\/wp-json\/wp\/v2\/users\/1"}],"replies":[{"embeddable":true,"href":"https:\/\/lumond.com\/it\/wp-json\/wp\/v2\/comments?post=62477"}],"version-history":[{"count":8,"href":"https:\/\/lumond.com\/it\/wp-json\/wp\/v2\/pages\/62477\/revisions"}],"predecessor-version":[{"id":67394,"href":"https:\/\/lumond.com\/it\/wp-json\/wp\/v2\/pages\/62477\/revisions\/67394"}],"wp:attachment":[{"href":"https:\/\/lumond.com\/it\/wp-json\/wp\/v2\/media?parent=62477"}],"curies":[{"name":"wp","href":"https:\/\/api.w.org\/{rel}","templated":true}]}}