{"id":58987,"date":"2025-05-12T09:54:34","date_gmt":"2025-05-12T09:54:34","guid":{"rendered":"https:\/\/lumond.com\/?post_type=product&#038;p=58987"},"modified":"2026-04-01T20:16:23","modified_gmt":"2026-04-01T20:16:23","slug":"bougie-fleurie-en-ceramique-tabac-miel-220g","status":"publish","type":"product","link":"https:\/\/lumond.com\/fr\/produit\/bougie-fleurie-en-ceramique-tabac-miel-220g\/","title":{"rendered":"Bougie fleurie en c\u00e9ramique &#8211; Tabac &#038; Miel &#8211; 220g"},"content":{"rendered":"<p>Instaurez une ambiance chaleureuse et accueillante avec le parfum riche de Tabac &amp; Miel. Log\u00e9e dans un r\u00e9cipient en c\u00e9ramique finement con\u00e7u, cette bougie associe l\u2019\u00e9pice fum\u00e9e du tabac \u00e0 la note douce et sucr\u00e9e du miel, cr\u00e9ant une atmosph\u00e8re chaude et apaisante. Une fois la bougie consum\u00e9e, plantez les graines incluses dans le pot en c\u00e9ramique pour ajouter une touche de chaleur et de gr\u00e2ce naturelle \u00e0 votre int\u00e9rieur.<\/p>\n<p><strong>Veuillez noter :<\/strong> Les graines de nos bougies sont saisonni\u00e8res et peuvent diff\u00e9rer de l\u2019image pr\u00e9sent\u00e9e.<\/p>\n","protected":false},"excerpt":{"rendered":"<p>Instaurez une ambiance chaleureuse et accueillante avec le parfum riche de Tabac &amp; Miel. Log\u00e9e dans un r\u00e9cipient en c\u00e9ramique finement con\u00e7u, cette bougie associe l\u2019\u00e9pice fum\u00e9e du tabac \u00e0 la note douce et sucr\u00e9e du miel, cr\u00e9ant une atmosph\u00e8re chaude et apaisante. Une fois la bougie consum\u00e9e, plantez les graines incluses dans le pot [&hellip;]<\/p>\n","protected":false},"featured_media":59101,"comment_status":"closed","ping_status":"closed","template":"","meta":{"_acf_changed":false,"site-sidebar-layout":"default","site-content-layout":"","ast-site-content-layout":"default","site-content-style":"default","site-sidebar-style":"default","ast-global-header-display":"","ast-banner-title-visibility":"","ast-main-header-display":"","ast-hfb-above-header-display":"","ast-hfb-below-header-display":"","ast-hfb-mobile-header-display":"","site-post-title":"","ast-breadcrumbs-content":"","ast-featured-img":"","footer-sml-layout":"","theme-transparent-header-meta":"default","adv-header-id-meta":"","stick-header-meta":"","header-above-stick-meta":"","header-main-stick-meta":"","header-below-stick-meta":"","astra-migrate-meta-layouts":"set","ast-page-background-enabled":"default","ast-page-background-meta":{"desktop":{"background-color":"","background-image":"","background-repeat":"repeat","background-position":"center center","background-size":"auto","background-attachment":"scroll","background-type":"","background-media":"","overlay-type":"","overlay-color":"","overlay-opacity":"","overlay-gradient":""},"tablet":{"background-color":"","background-image":"","background-repeat":"repeat","background-position":"center center","background-size":"auto","background-attachment":"scroll","background-type":"","background-media":"","overlay-type":"","overlay-color":"","overlay-opacity":"","overlay-gradient":""},"mobile":{"background-color":"","background-image":"","background-repeat":"repeat","background-position":"center center","background-size":"auto","background-attachment":"scroll","background-type":"","background-media":"","overlay-type":"","overlay-color":"","overlay-opacity":"","overlay-gradient":""}},"ast-content-background-meta":{"desktop":{"background-color":"var(--ast-global-color-5)","background-image":"","background-repeat":"repeat","background-position":"center center","background-size":"auto","background-attachment":"scroll","background-type":"","background-media":"","overlay-type":"","overlay-color":"","overlay-opacity":"","overlay-gradient":""},"tablet":{"background-color":"var(--ast-global-color-5)","background-image":"","background-repeat":"repeat","background-position":"center center","background-size":"auto","background-attachment":"scroll","background-type":"","background-media":"","overlay-type":"","overlay-color":"","overlay-opacity":"","overlay-gradient":""},"mobile":{"background-color":"var(--ast-global-color-5)","background-image":"","background-repeat":"repeat","background-position":"center center","background-size":"auto","background-attachment":"scroll","background-type":"","background-media":"","overlay-type":"","overlay-color":"","overlay-opacity":"","overlay-gradient":""}}},"product_brand":[],"product_cat":[310,312,308,238,306],"product_tag":[263,585],"class_list":{"0":"post-58987","1":"product","2":"type-product","3":"status-publish","4":"has-post-thumbnail","6":"product_cat-bougies-meche-en-bois","7":"product_cat-bougie-qui-crepite","8":"product_cat-bougies-en-cire-de-soja","9":"product_cat-bougies-fleuries","10":"product_cat-bougies-parfumees","11":"product_tag-mitte-fr","12":"product_tag-toasty-fr","13":"desktop-align-left","14":"tablet-align-left","15":"mobile-align-left","17":"first","18":"instock","19":"taxable","20":"shipping-taxable","21":"purchasable","22":"product-type-simple"},"acf":[],"yoast_head":"<!-- This site is optimized with the Yoast SEO Premium plugin v23.0 (Yoast SEO v23.0) - https:\/\/yoast.com\/wordpress\/plugins\/seo\/ -->\n<title>Bougie fleurie en c\u00e9ramique - Tabac &amp; Miel - 220g - Lumond<\/title>\n<meta name=\"description\" content=\"Bougie avec une note chaleureuse de Tabac &amp; Miel dans un r\u00e9cipient en c\u00e9ramique, 220g. Inclut des graines pour une plante florissante apr\u00e8s combustion.\" \/>\n<meta name=\"robots\" content=\"index, follow, max-snippet:-1, max-image-preview:large, max-video-preview:-1\" \/>\n<link rel=\"canonical\" href=\"https:\/\/lumond.com\/fr\/produit\/bougie-fleurie-en-ceramique-tabac-miel-220g\/\" \/>\n<meta property=\"og:locale\" content=\"fr_FR\" \/>\n<meta property=\"og:type\" content=\"article\" \/>\n<meta property=\"og:title\" content=\"Bougie fleurie en c\u00e9ramique - Tabac &amp; Miel - 220g - Lumond\" \/>\n<meta property=\"og:description\" content=\"Bougie avec une note chaleureuse de Tabac &amp; Miel dans un r\u00e9cipient en c\u00e9ramique, 220g. Inclut des graines pour une plante florissante apr\u00e8s combustion.\" \/>\n<meta property=\"og:url\" content=\"https:\/\/lumond.com\/fr\/produit\/bougie-fleurie-en-ceramique-tabac-miel-220g\/\" \/>\n<meta property=\"og:site_name\" content=\"Lumond\" \/>\n<meta property=\"article:publisher\" content=\"https:\/\/www.facebook.com\/lumond.de\/\" \/>\n<meta property=\"article:modified_time\" content=\"2026-04-01T20:16:23+00:00\" \/>\n<meta property=\"og:image\" content=\"https:\/\/lumond.com\/wp-content\/uploads\/2025\/05\/Tobaco-Honey-1-scaled.webp\" \/>\n\t<meta property=\"og:image:width\" content=\"2560\" \/>\n\t<meta property=\"og:image:height\" content=\"2560\" \/>\n\t<meta property=\"og:image:type\" content=\"image\/webp\" \/>\n<meta name=\"twitter:card\" content=\"summary_large_image\" \/>\n<meta name=\"twitter:description\" content=\"Instaurez une ambiance chaleureuse et accueillante avec le parfum riche de Tabac &amp; Miel. Log\u00e9e dans un r\u00e9cipient en c\u00e9ramique finement con\u00e7u, cette\" \/>\n<meta name=\"twitter:label1\" content=\"Prix\" \/>\n\t<meta name=\"twitter:data1\" content=\"39,99&nbsp;&euro;\" \/>\n\t<meta name=\"twitter:label2\" content=\"Availability\" \/>\n\t<meta name=\"twitter:data2\" content=\"In stock\" \/>\n<script type=\"application\/ld+json\" class=\"yoast-schema-graph\">{\"@context\":\"https:\/\/schema.org\",\"@graph\":[{\"@type\":[\"WebPage\",\"ItemPage\"],\"@id\":\"https:\/\/lumond.com\/fr\/produit\/bougie-fleurie-en-ceramique-tabac-miel-220g\/\",\"url\":\"https:\/\/lumond.com\/fr\/produit\/bougie-fleurie-en-ceramique-tabac-miel-220g\/\",\"name\":\"Bougie fleurie en c\u00e9ramique - Tabac & Miel - 220g - Lumond\",\"isPartOf\":{\"@id\":\"https:\/\/lumond.com\/fr\/#website\"},\"primaryImageOfPage\":{\"@id\":\"https:\/\/lumond.com\/fr\/produit\/bougie-fleurie-en-ceramique-tabac-miel-220g\/#primaryimage\"},\"image\":{\"@id\":\"https:\/\/lumond.com\/fr\/produit\/bougie-fleurie-en-ceramique-tabac-miel-220g\/#primaryimage\"},\"thumbnailUrl\":\"https:\/\/lumond.com\/wp-content\/uploads\/2025\/05\/Tobaco-Honey-1-scaled.webp\",\"datePublished\":\"2025-05-12T09:54:34+00:00\",\"dateModified\":\"2026-04-01T20:16:23+00:00\",\"description\":\"Bougie avec une note chaleureuse de Tabac & Miel dans un r\u00e9cipient en c\u00e9ramique, 220g. Inclut des graines pour une plante florissante apr\u00e8s combustion.\",\"breadcrumb\":{\"@id\":\"https:\/\/lumond.com\/fr\/produit\/bougie-fleurie-en-ceramique-tabac-miel-220g\/#breadcrumb\"},\"inLanguage\":\"fr-FR\",\"potentialAction\":[{\"@type\":\"ReadAction\",\"target\":[\"https:\/\/lumond.com\/fr\/produit\/bougie-fleurie-en-ceramique-tabac-miel-220g\/\"]}]},{\"@type\":\"ImageObject\",\"inLanguage\":\"fr-FR\",\"@id\":\"https:\/\/lumond.com\/fr\/produit\/bougie-fleurie-en-ceramique-tabac-miel-220g\/#primaryimage\",\"url\":\"https:\/\/lumond.com\/wp-content\/uploads\/2025\/05\/Tobaco-Honey-1-scaled.webp\",\"contentUrl\":\"https:\/\/lumond.com\/wp-content\/uploads\/2025\/05\/Tobaco-Honey-1-scaled.webp\",\"width\":2560,\"height\":2560,\"caption\":\"Bl\u00fchende Keramikkerze - Tabak & Honig - 220g\"},{\"@type\":\"BreadcrumbList\",\"@id\":\"https:\/\/lumond.com\/fr\/produit\/bougie-fleurie-en-ceramique-tabac-miel-220g\/#breadcrumb\",\"itemListElement\":[{\"@type\":\"ListItem\",\"position\":1,\"name\":\"Lumond\",\"item\":\"https:\/\/lumond.com\/fr\/\"},{\"@type\":\"ListItem\",\"position\":2,\"name\":\"Products\"},{\"@type\":\"ListItem\",\"position\":3,\"name\":\"Bougies fleuries\",\"item\":\"https:\/\/lumond.com\/fr\/bougies-fleuries\/\"},{\"@type\":\"ListItem\",\"position\":4,\"name\":\"Bougie fleurie en c\u00e9ramique &#8211; Tabac &#038; Miel &#8211; 220g\"}]},{\"@type\":\"WebSite\",\"@id\":\"https:\/\/lumond.com\/fr\/#website\",\"url\":\"https:\/\/lumond.com\/fr\/\",\"name\":\"Lumond\",\"description\":\"Duftkerzen Im Glas\",\"publisher\":{\"@id\":\"https:\/\/lumond.com\/fr\/#organization\"},\"alternateName\":\"Lumond\",\"potentialAction\":[{\"@type\":\"SearchAction\",\"target\":{\"@type\":\"EntryPoint\",\"urlTemplate\":\"https:\/\/lumond.com\/fr\/?s={search_term_string}\"},\"query-input\":\"required name=search_term_string\"}],\"inLanguage\":\"fr-FR\"},{\"@type\":\"Organization\",\"@id\":\"https:\/\/lumond.com\/fr\/#organization\",\"name\":\"Lumond\",\"url\":\"https:\/\/lumond.com\/fr\/\",\"logo\":{\"@type\":\"ImageObject\",\"inLanguage\":\"fr-FR\",\"@id\":\"https:\/\/lumond.com\/fr\/#\/schema\/logo\/image\/\",\"url\":\"https:\/\/lumond.com\/wp-content\/uploads\/2022\/01\/cropped-40-05.png\",\"contentUrl\":\"https:\/\/lumond.com\/wp-content\/uploads\/2022\/01\/cropped-40-05.png\",\"width\":512,\"height\":512,\"caption\":\"Lumond\"},\"image\":{\"@id\":\"https:\/\/lumond.com\/fr\/#\/schema\/logo\/image\/\"},\"sameAs\":[\"https:\/\/www.facebook.com\/lumond.de\/\",\"https:\/\/www.instagram.com\/lumond.de\/\"],\"description\":\"Lumond fabrique des bougies parfum\u00e9es haut de gamme \u00e0 base de cire de soja naturelle, pr\u00e9sent\u00e9es dans des contenants en c\u00e9ramique \u00e9l\u00e9gants \u2013 durables, fabriqu\u00e9es en Allemagne et dot\u00e9es de compositions olfactives uniques. Id\u00e9ales pour une maison chaleureuse, soucieuse de l\u2019environnement et du design.\",\"email\":\"info@lumond.de\",\"legalName\":\"Lumond\",\"foundingDate\":\"2021-01-01\",\"ownershipFundingInfo\":\"https:\/\/lumond.com\/ueber-uns\/\",\"correctionsPolicy\":\"https:\/\/lumond.com\/kontakt\/\",\"address\":{\"@type\":\"PostalAddress\",\"streetAddress\":\"Lumond UG\",\"addressLocality\":\"Kolonnenstr. 8\",\"addressRegion\":\"Berlin\",\"postalCode\":\"10827\",\"addressCountry\":\"DE\"}}]}<\/script>\n<meta property=\"product:price:amount\" content=\"39.99\" \/>\n<meta property=\"product:price:currency\" content=\"EUR\" \/>\n<meta property=\"og:availability\" content=\"instock\" \/>\n<meta property=\"product:availability\" content=\"instock\" \/>\n<meta property=\"product:retailer_item_id\" content=\"427-301\" \/>\n<meta property=\"product:condition\" content=\"new\" \/>\n<!-- \/ Yoast SEO Premium plugin. -->","yoast_head_json":{"title":"Bougie fleurie en c\u00e9ramique - Tabac & Miel - 220g - Lumond","description":"Bougie avec une note chaleureuse de Tabac & Miel dans un r\u00e9cipient en c\u00e9ramique, 220g. Inclut des graines pour une plante florissante apr\u00e8s combustion.","robots":{"index":"index","follow":"follow","max-snippet":"max-snippet:-1","max-image-preview":"max-image-preview:large","max-video-preview":"max-video-preview:-1"},"canonical":"https:\/\/lumond.com\/fr\/produit\/bougie-fleurie-en-ceramique-tabac-miel-220g\/","og_locale":"fr_FR","og_type":"article","og_title":"Bougie fleurie en c\u00e9ramique - Tabac & Miel - 220g - Lumond","og_description":"Bougie avec une note chaleureuse de Tabac & Miel dans un r\u00e9cipient en c\u00e9ramique, 220g. Inclut des graines pour une plante florissante apr\u00e8s combustion.","og_url":"https:\/\/lumond.com\/fr\/produit\/bougie-fleurie-en-ceramique-tabac-miel-220g\/","og_site_name":"Lumond","article_publisher":"https:\/\/www.facebook.com\/lumond.de\/","article_modified_time":"2026-04-01T20:16:23+00:00","og_image":[{"width":2560,"height":2560,"url":"https:\/\/lumond.com\/wp-content\/uploads\/2025\/05\/Tobaco-Honey-1-scaled.webp","type":"image\/webp"}],"twitter_card":"summary_large_image","twitter_description":"Instaurez une ambiance chaleureuse et accueillante avec le parfum riche de Tabac &amp; Miel. Log\u00e9e dans un r\u00e9cipient en c\u00e9ramique finement con\u00e7u, cette","twitter_misc":{"Prix":"39,99&nbsp;&euro;","Availability":"In stock"},"schema":{"@context":"https:\/\/schema.org","@graph":[{"@type":["WebPage","ItemPage"],"@id":"https:\/\/lumond.com\/fr\/produit\/bougie-fleurie-en-ceramique-tabac-miel-220g\/","url":"https:\/\/lumond.com\/fr\/produit\/bougie-fleurie-en-ceramique-tabac-miel-220g\/","name":"Bougie fleurie en c\u00e9ramique - Tabac & Miel - 220g - Lumond","isPartOf":{"@id":"https:\/\/lumond.com\/fr\/#website"},"primaryImageOfPage":{"@id":"https:\/\/lumond.com\/fr\/produit\/bougie-fleurie-en-ceramique-tabac-miel-220g\/#primaryimage"},"image":{"@id":"https:\/\/lumond.com\/fr\/produit\/bougie-fleurie-en-ceramique-tabac-miel-220g\/#primaryimage"},"thumbnailUrl":"https:\/\/lumond.com\/wp-content\/uploads\/2025\/05\/Tobaco-Honey-1-scaled.webp","datePublished":"2025-05-12T09:54:34+00:00","dateModified":"2026-04-01T20:16:23+00:00","description":"Bougie avec une note chaleureuse de Tabac & Miel dans un r\u00e9cipient en c\u00e9ramique, 220g. Inclut des graines pour une plante florissante apr\u00e8s combustion.","breadcrumb":{"@id":"https:\/\/lumond.com\/fr\/produit\/bougie-fleurie-en-ceramique-tabac-miel-220g\/#breadcrumb"},"inLanguage":"fr-FR","potentialAction":[{"@type":"ReadAction","target":["https:\/\/lumond.com\/fr\/produit\/bougie-fleurie-en-ceramique-tabac-miel-220g\/"]}]},{"@type":"ImageObject","inLanguage":"fr-FR","@id":"https:\/\/lumond.com\/fr\/produit\/bougie-fleurie-en-ceramique-tabac-miel-220g\/#primaryimage","url":"https:\/\/lumond.com\/wp-content\/uploads\/2025\/05\/Tobaco-Honey-1-scaled.webp","contentUrl":"https:\/\/lumond.com\/wp-content\/uploads\/2025\/05\/Tobaco-Honey-1-scaled.webp","width":2560,"height":2560,"caption":"Bl\u00fchende Keramikkerze - Tabak & Honig - 220g"},{"@type":"BreadcrumbList","@id":"https:\/\/lumond.com\/fr\/produit\/bougie-fleurie-en-ceramique-tabac-miel-220g\/#breadcrumb","itemListElement":[{"@type":"ListItem","position":1,"name":"Lumond","item":"https:\/\/lumond.com\/fr\/"},{"@type":"ListItem","position":2,"name":"Products"},{"@type":"ListItem","position":3,"name":"Bougies fleuries","item":"https:\/\/lumond.com\/fr\/bougies-fleuries\/"},{"@type":"ListItem","position":4,"name":"Bougie fleurie en c\u00e9ramique &#8211; Tabac &#038; Miel &#8211; 220g"}]},{"@type":"WebSite","@id":"https:\/\/lumond.com\/fr\/#website","url":"https:\/\/lumond.com\/fr\/","name":"Lumond","description":"Duftkerzen Im Glas","publisher":{"@id":"https:\/\/lumond.com\/fr\/#organization"},"alternateName":"Lumond","potentialAction":[{"@type":"SearchAction","target":{"@type":"EntryPoint","urlTemplate":"https:\/\/lumond.com\/fr\/?s={search_term_string}"},"query-input":"required name=search_term_string"}],"inLanguage":"fr-FR"},{"@type":"Organization","@id":"https:\/\/lumond.com\/fr\/#organization","name":"Lumond","url":"https:\/\/lumond.com\/fr\/","logo":{"@type":"ImageObject","inLanguage":"fr-FR","@id":"https:\/\/lumond.com\/fr\/#\/schema\/logo\/image\/","url":"https:\/\/lumond.com\/wp-content\/uploads\/2022\/01\/cropped-40-05.png","contentUrl":"https:\/\/lumond.com\/wp-content\/uploads\/2022\/01\/cropped-40-05.png","width":512,"height":512,"caption":"Lumond"},"image":{"@id":"https:\/\/lumond.com\/fr\/#\/schema\/logo\/image\/"},"sameAs":["https:\/\/www.facebook.com\/lumond.de\/","https:\/\/www.instagram.com\/lumond.de\/"],"description":"Lumond fabrique des bougies parfum\u00e9es haut de gamme \u00e0 base de cire de soja naturelle, pr\u00e9sent\u00e9es dans des contenants en c\u00e9ramique \u00e9l\u00e9gants \u2013 durables, fabriqu\u00e9es en Allemagne et dot\u00e9es de compositions olfactives uniques. Id\u00e9ales pour une maison chaleureuse, soucieuse de l\u2019environnement et du design.","email":"info@lumond.de","legalName":"Lumond","foundingDate":"2021-01-01","ownershipFundingInfo":"https:\/\/lumond.com\/ueber-uns\/","correctionsPolicy":"https:\/\/lumond.com\/kontakt\/","address":{"@type":"PostalAddress","streetAddress":"Lumond UG","addressLocality":"Kolonnenstr. 8","addressRegion":"Berlin","postalCode":"10827","addressCountry":"DE"}}]},"product_price_amount":"39.99","product_price_currency":"EUR","og_availability":"instock","product_availability":"instock","product_retailer_item_id":"427-301","product_condition":"new"},"_links":{"self":[{"href":"https:\/\/lumond.com\/fr\/wp-json\/wp\/v2\/product\/58987","targetHints":{"allow":["GET"]}}],"collection":[{"href":"https:\/\/lumond.com\/fr\/wp-json\/wp\/v2\/product"}],"about":[{"href":"https:\/\/lumond.com\/fr\/wp-json\/wp\/v2\/types\/product"}],"replies":[{"embeddable":true,"href":"https:\/\/lumond.com\/fr\/wp-json\/wp\/v2\/comments?post=58987"}],"wp:featuredmedia":[{"embeddable":true,"href":"https:\/\/lumond.com\/fr\/wp-json\/wp\/v2\/media\/59101"}],"wp:attachment":[{"href":"https:\/\/lumond.com\/fr\/wp-json\/wp\/v2\/media?parent=58987"}],"wp:term":[{"taxonomy":"product_brand","embeddable":true,"href":"https:\/\/lumond.com\/fr\/wp-json\/wp\/v2\/product_brand?post=58987"},{"taxonomy":"product_cat","embeddable":true,"href":"https:\/\/lumond.com\/fr\/wp-json\/wp\/v2\/product_cat?post=58987"},{"taxonomy":"product_tag","embeddable":true,"href":"https:\/\/lumond.com\/fr\/wp-json\/wp\/v2\/product_tag?post=58987"}],"curies":[{"name":"wp","href":"https:\/\/api.w.org\/{rel}","templated":true}]}}