{"id":52154,"date":"2024-06-21T13:55:08","date_gmt":"2024-06-21T13:55:08","guid":{"rendered":"https:\/\/lumond.com\/product\/bluehendes-trio-limette-basilikum-und-zitrusfruechte-wacholder-lavendel-kirschblueten\/"},"modified":"2026-01-29T10:12:53","modified_gmt":"2026-01-29T10:12:53","slug":"trio-fleuri-citron-vert-basilic-et-agrumes-genevrier-et-lavande-fleurs-de-cerisier-440gr-x-3","status":"publish","type":"product","link":"https:\/\/lumond.com\/fr\/produit\/trio-fleuri-citron-vert-basilic-et-agrumes-genevrier-et-lavande-fleurs-de-cerisier-440gr-x-3\/","title":{"rendered":"Trio Fleuri &#8211; Citron Vert Basilic et Agrumes, Gen\u00e9vrier et Lavande, Fleurs de Cerisier (440gr X 3)"},"content":{"rendered":"<p>Vivez la diversit\u00e9 de la nature avec notre ensemble Trio Fleuri, compos\u00e9 de Citron Vert Basilic et Agrumes, Gen\u00e9vrier et Lavande et Fleurs de Cerisier. Chaque bougie dans un r\u00e9cipient en c\u00e9ramique magnifiquement con\u00e7u offre une exp\u00e9rience olfactive unique. Plantez les graines incluses apr\u00e8s utilisation pour une touche d&#8217;\u00e9l\u00e9gance naturelle.<\/p>\n<div><b>Veuillez noter :<\/b> Les graines dans nos bougies sont saisonni\u00e8res et peuvent diff\u00e9rer de l&#8217;image affich\u00e9e.<\/div>\n","protected":false},"excerpt":{"rendered":"<p>Vivez la diversit\u00e9 de la nature avec notre ensemble Trio Fleuri, compos\u00e9 de Citron Vert Basilic et Agrumes, Gen\u00e9vrier et Lavande et Fleurs de Cerisier. Chaque bougie dans un r\u00e9cipient en c\u00e9ramique magnifiquement con\u00e7u offre une exp\u00e9rience olfactive unique. Plantez les graines incluses apr\u00e8s utilisation pour une touche d&#8217;\u00e9l\u00e9gance naturelle. Veuillez noter : Les graines [&hellip;]<\/p>\n","protected":false},"featured_media":52155,"comment_status":"open","ping_status":"closed","template":"","meta":{"_acf_changed":false,"site-sidebar-layout":"default","site-content-layout":"","ast-site-content-layout":"default","site-content-style":"default","site-sidebar-style":"default","ast-global-header-display":"","ast-banner-title-visibility":"","ast-main-header-display":"","ast-hfb-above-header-display":"","ast-hfb-below-header-display":"","ast-hfb-mobile-header-display":"","site-post-title":"","ast-breadcrumbs-content":"","ast-featured-img":"","footer-sml-layout":"","theme-transparent-header-meta":"default","adv-header-id-meta":"","stick-header-meta":"","header-above-stick-meta":"","header-main-stick-meta":"","header-below-stick-meta":"","astra-migrate-meta-layouts":"set","ast-page-background-enabled":"default","ast-page-background-meta":{"desktop":{"background-color":"","background-image":"","background-repeat":"repeat","background-position":"center center","background-size":"auto","background-attachment":"scroll","background-type":"","background-media":"","overlay-type":"","overlay-color":"","overlay-opacity":"","overlay-gradient":""},"tablet":{"background-color":"","background-image":"","background-repeat":"repeat","background-position":"center center","background-size":"auto","background-attachment":"scroll","background-type":"","background-media":"","overlay-type":"","overlay-color":"","overlay-opacity":"","overlay-gradient":""},"mobile":{"background-color":"","background-image":"","background-repeat":"repeat","background-position":"center center","background-size":"auto","background-attachment":"scroll","background-type":"","background-media":"","overlay-type":"","overlay-color":"","overlay-opacity":"","overlay-gradient":""}},"ast-content-background-meta":{"desktop":{"background-color":"var(--ast-global-color-5)","background-image":"","background-repeat":"repeat","background-position":"center center","background-size":"auto","background-attachment":"scroll","background-type":"","background-media":"","overlay-type":"","overlay-color":"","overlay-opacity":"","overlay-gradient":""},"tablet":{"background-color":"var(--ast-global-color-5)","background-image":"","background-repeat":"repeat","background-position":"center center","background-size":"auto","background-attachment":"scroll","background-type":"","background-media":"","overlay-type":"","overlay-color":"","overlay-opacity":"","overlay-gradient":""},"mobile":{"background-color":"var(--ast-global-color-5)","background-image":"","background-repeat":"repeat","background-position":"center center","background-size":"auto","background-attachment":"scroll","background-type":"","background-media":"","overlay-type":"","overlay-color":"","overlay-opacity":"","overlay-gradient":""}}},"product_brand":[],"product_cat":[310,312,308,306,265],"product_tag":[267,585],"class_list":{"0":"post-52154","1":"product","2":"type-product","3":"status-publish","4":"has-post-thumbnail","6":"product_cat-bougies-meche-en-bois","7":"product_cat-bougie-qui-crepite","8":"product_cat-bougies-en-cire-de-soja","9":"product_cat-bougies-parfumees","10":"product_cat-set-de-trois-bougies-fleuries","11":"product_tag-big-fr","12":"product_tag-toasty-fr","13":"desktop-align-left","14":"tablet-align-left","15":"mobile-align-left","17":"first","18":"instock","19":"sale","20":"taxable","21":"shipping-taxable","22":"purchasable","23":"product-type-simple"},"acf":[],"yoast_head":"<!-- This site is optimized with the Yoast SEO Premium plugin v23.0 (Yoast SEO v23.0) - https:\/\/yoast.com\/wordpress\/plugins\/seo\/ -->\n<title>Trio Fleuri - Citron Vert Basilic et Agrumes, Gen\u00e9vrier et Lavande, Fleurs de Cerisier (440gr X 3) - Lumond<\/title>\n<meta name=\"description\" content=\"Coffret Trio Fleuri : bougies parfum\u00e9es Citron vert-Basilic-Agrumes, Gen\u00e9vrier-Lavande, Fleur de cerisier dans une fine c\u00e9ramique. Ar\u00f4mes naturels vari\u00e9s. Avec des graines \u00e0 planter pour une beaut\u00e9 durable. Exp\u00e9rience olfactive diversifi\u00e9e et touche naturelle \u00e9coresponsable.\" \/>\n<meta name=\"robots\" content=\"index, follow, max-snippet:-1, max-image-preview:large, max-video-preview:-1\" \/>\n<link rel=\"canonical\" href=\"https:\/\/lumond.com\/fr\/produit\/trio-fleuri-citron-vert-basilic-et-agrumes-genevrier-et-lavande-fleurs-de-cerisier-440gr-x-3\/\" \/>\n<meta property=\"og:locale\" content=\"fr_FR\" \/>\n<meta property=\"og:type\" content=\"article\" \/>\n<meta property=\"og:title\" content=\"Trio Fleuri - Citron Vert Basilic et Agrumes, Gen\u00e9vrier et Lavande, Fleurs de Cerisier (440gr X 3) - Lumond\" \/>\n<meta property=\"og:description\" content=\"Coffret Trio Fleuri : bougies parfum\u00e9es Citron vert-Basilic-Agrumes, Gen\u00e9vrier-Lavande, Fleur de cerisier dans une fine c\u00e9ramique. Ar\u00f4mes naturels vari\u00e9s. Avec des graines \u00e0 planter pour une beaut\u00e9 durable. Exp\u00e9rience olfactive diversifi\u00e9e et touche naturelle \u00e9coresponsable.\" \/>\n<meta property=\"og:url\" content=\"https:\/\/lumond.com\/fr\/produit\/trio-fleuri-citron-vert-basilic-et-agrumes-genevrier-et-lavande-fleurs-de-cerisier-440gr-x-3\/\" \/>\n<meta property=\"og:site_name\" content=\"Lumond\" \/>\n<meta property=\"article:publisher\" content=\"https:\/\/www.facebook.com\/lumond.de\/\" \/>\n<meta property=\"article:modified_time\" content=\"2026-01-29T10:12:53+00:00\" \/>\n<meta property=\"og:image\" content=\"https:\/\/lumond.com\/wp-content\/uploads\/2024\/06\/Bloomig-Triad-lime-basil-and-citrus-Juniper-lavender-cherry-blossoms-Large.webp\" \/>\n\t<meta property=\"og:image:width\" content=\"1080\" \/>\n\t<meta property=\"og:image:height\" content=\"1080\" \/>\n\t<meta property=\"og:image:type\" content=\"image\/webp\" \/>\n<meta name=\"twitter:card\" content=\"summary_large_image\" \/>\n<meta name=\"twitter:description\" content=\"Vivez la diversit\u00e9 de la nature avec notre ensemble Trio Fleuri, compos\u00e9 de Citron Vert Basilic et Agrumes, Gen\u00e9vrier et Lavande et Fleurs de Cerisier.\" \/>\n<meta name=\"twitter:label1\" content=\"Prix\" \/>\n\t<meta name=\"twitter:data1\" content=\"179,97&nbsp;&euro;\" \/>\n\t<meta name=\"twitter:label2\" content=\"Availability\" \/>\n\t<meta name=\"twitter:data2\" content=\"In stock\" \/>\n<script type=\"application\/ld+json\" class=\"yoast-schema-graph\">{\"@context\":\"https:\/\/schema.org\",\"@graph\":[{\"@type\":[\"WebPage\",\"ItemPage\"],\"@id\":\"https:\/\/lumond.com\/fr\/produit\/trio-fleuri-citron-vert-basilic-et-agrumes-genevrier-et-lavande-fleurs-de-cerisier-440gr-x-3\/\",\"url\":\"https:\/\/lumond.com\/fr\/produit\/trio-fleuri-citron-vert-basilic-et-agrumes-genevrier-et-lavande-fleurs-de-cerisier-440gr-x-3\/\",\"name\":\"Trio Fleuri - Citron Vert Basilic et Agrumes, Gen\u00e9vrier et Lavande, Fleurs de Cerisier (440gr X 3) - Lumond\",\"isPartOf\":{\"@id\":\"https:\/\/lumond.com\/fr\/#website\"},\"primaryImageOfPage\":{\"@id\":\"https:\/\/lumond.com\/fr\/produit\/trio-fleuri-citron-vert-basilic-et-agrumes-genevrier-et-lavande-fleurs-de-cerisier-440gr-x-3\/#primaryimage\"},\"image\":{\"@id\":\"https:\/\/lumond.com\/fr\/produit\/trio-fleuri-citron-vert-basilic-et-agrumes-genevrier-et-lavande-fleurs-de-cerisier-440gr-x-3\/#primaryimage\"},\"thumbnailUrl\":\"https:\/\/lumond.com\/wp-content\/uploads\/2024\/06\/Bloomig-Triad-lime-basil-and-citrus-Juniper-lavender-cherry-blossoms-Large.webp\",\"datePublished\":\"2024-06-21T13:55:08+00:00\",\"dateModified\":\"2026-01-29T10:12:53+00:00\",\"description\":\"Coffret Trio Fleuri : bougies parfum\u00e9es Citron vert-Basilic-Agrumes, Gen\u00e9vrier-Lavande, Fleur de cerisier dans une fine c\u00e9ramique. Ar\u00f4mes naturels vari\u00e9s. Avec des graines \u00e0 planter pour une beaut\u00e9 durable. Exp\u00e9rience olfactive diversifi\u00e9e et touche naturelle \u00e9coresponsable.\",\"breadcrumb\":{\"@id\":\"https:\/\/lumond.com\/fr\/produit\/trio-fleuri-citron-vert-basilic-et-agrumes-genevrier-et-lavande-fleurs-de-cerisier-440gr-x-3\/#breadcrumb\"},\"inLanguage\":\"fr-FR\",\"potentialAction\":[{\"@type\":\"ReadAction\",\"target\":[\"https:\/\/lumond.com\/fr\/produit\/trio-fleuri-citron-vert-basilic-et-agrumes-genevrier-et-lavande-fleurs-de-cerisier-440gr-x-3\/\"]}]},{\"@type\":\"ImageObject\",\"inLanguage\":\"fr-FR\",\"@id\":\"https:\/\/lumond.com\/fr\/produit\/trio-fleuri-citron-vert-basilic-et-agrumes-genevrier-et-lavande-fleurs-de-cerisier-440gr-x-3\/#primaryimage\",\"url\":\"https:\/\/lumond.com\/wp-content\/uploads\/2024\/06\/Bloomig-Triad-lime-basil-and-citrus-Juniper-lavender-cherry-blossoms-Large.webp\",\"contentUrl\":\"https:\/\/lumond.com\/wp-content\/uploads\/2024\/06\/Bloomig-Triad-lime-basil-and-citrus-Juniper-lavender-cherry-blossoms-Large.webp\",\"width\":1080,\"height\":1080},{\"@type\":\"BreadcrumbList\",\"@id\":\"https:\/\/lumond.com\/fr\/produit\/trio-fleuri-citron-vert-basilic-et-agrumes-genevrier-et-lavande-fleurs-de-cerisier-440gr-x-3\/#breadcrumb\",\"itemListElement\":[{\"@type\":\"ListItem\",\"position\":1,\"name\":\"Lumond\",\"item\":\"https:\/\/lumond.com\/fr\/\"},{\"@type\":\"ListItem\",\"position\":2,\"name\":\"Products\"},{\"@type\":\"ListItem\",\"position\":3,\"name\":\"Set de trois bougies fleuries\",\"item\":\"https:\/\/lumond.com\/fr\/set-de-trois-bougies-fleuries\/\"},{\"@type\":\"ListItem\",\"position\":4,\"name\":\"Trio Fleuri &#8211; Citron Vert Basilic et Agrumes, Gen\u00e9vrier et Lavande, Fleurs de Cerisier (440gr X 3)\"}]},{\"@type\":\"WebSite\",\"@id\":\"https:\/\/lumond.com\/fr\/#website\",\"url\":\"https:\/\/lumond.com\/fr\/\",\"name\":\"Lumond\",\"description\":\"Duftkerzen Im Glas\",\"publisher\":{\"@id\":\"https:\/\/lumond.com\/fr\/#organization\"},\"alternateName\":\"Lumond\",\"potentialAction\":[{\"@type\":\"SearchAction\",\"target\":{\"@type\":\"EntryPoint\",\"urlTemplate\":\"https:\/\/lumond.com\/fr\/?s={search_term_string}\"},\"query-input\":\"required name=search_term_string\"}],\"inLanguage\":\"fr-FR\"},{\"@type\":\"Organization\",\"@id\":\"https:\/\/lumond.com\/fr\/#organization\",\"name\":\"Lumond\",\"url\":\"https:\/\/lumond.com\/fr\/\",\"logo\":{\"@type\":\"ImageObject\",\"inLanguage\":\"fr-FR\",\"@id\":\"https:\/\/lumond.com\/fr\/#\/schema\/logo\/image\/\",\"url\":\"https:\/\/lumond.com\/wp-content\/uploads\/2022\/01\/cropped-40-05.png\",\"contentUrl\":\"https:\/\/lumond.com\/wp-content\/uploads\/2022\/01\/cropped-40-05.png\",\"width\":512,\"height\":512,\"caption\":\"Lumond\"},\"image\":{\"@id\":\"https:\/\/lumond.com\/fr\/#\/schema\/logo\/image\/\"},\"sameAs\":[\"https:\/\/www.facebook.com\/lumond.de\/\",\"https:\/\/www.instagram.com\/lumond.de\/\"],\"description\":\"Lumond fabrique des bougies parfum\u00e9es haut de gamme \u00e0 base de cire de soja naturelle, pr\u00e9sent\u00e9es dans des contenants en c\u00e9ramique \u00e9l\u00e9gants \u2013 durables, fabriqu\u00e9es en Allemagne et dot\u00e9es de compositions olfactives uniques. Id\u00e9ales pour une maison chaleureuse, soucieuse de l\u2019environnement et du design.\",\"email\":\"info@lumond.de\",\"legalName\":\"Lumond\",\"foundingDate\":\"2021-01-01\",\"ownershipFundingInfo\":\"https:\/\/lumond.com\/ueber-uns\/\",\"correctionsPolicy\":\"https:\/\/lumond.com\/kontakt\/\",\"address\":{\"@type\":\"PostalAddress\",\"streetAddress\":\"Lumond UG\",\"addressLocality\":\"Kolonnenstr. 8\",\"addressRegion\":\"Berlin\",\"postalCode\":\"10827\",\"addressCountry\":\"DE\"}}]}<\/script>\n<meta property=\"product:price:amount\" content=\"179.97\" \/>\n<meta property=\"product:price:currency\" content=\"EUR\" \/>\n<meta property=\"og:availability\" content=\"instock\" \/>\n<meta property=\"product:availability\" content=\"instock\" \/>\n<meta property=\"product:retailer_item_id\" content=\"427-2410-2411-2412\" \/>\n<meta property=\"product:condition\" content=\"new\" \/>\n<!-- \/ Yoast SEO Premium plugin. -->","yoast_head_json":{"title":"Trio Fleuri - Citron Vert Basilic et Agrumes, Gen\u00e9vrier et Lavande, Fleurs de Cerisier (440gr X 3) - Lumond","description":"Coffret Trio Fleuri : bougies parfum\u00e9es Citron vert-Basilic-Agrumes, Gen\u00e9vrier-Lavande, Fleur de cerisier dans une fine c\u00e9ramique. Ar\u00f4mes naturels vari\u00e9s. Avec des graines \u00e0 planter pour une beaut\u00e9 durable. Exp\u00e9rience olfactive diversifi\u00e9e et touche naturelle \u00e9coresponsable.","robots":{"index":"index","follow":"follow","max-snippet":"max-snippet:-1","max-image-preview":"max-image-preview:large","max-video-preview":"max-video-preview:-1"},"canonical":"https:\/\/lumond.com\/fr\/produit\/trio-fleuri-citron-vert-basilic-et-agrumes-genevrier-et-lavande-fleurs-de-cerisier-440gr-x-3\/","og_locale":"fr_FR","og_type":"article","og_title":"Trio Fleuri - Citron Vert Basilic et Agrumes, Gen\u00e9vrier et Lavande, Fleurs de Cerisier (440gr X 3) - Lumond","og_description":"Coffret Trio Fleuri : bougies parfum\u00e9es Citron vert-Basilic-Agrumes, Gen\u00e9vrier-Lavande, Fleur de cerisier dans une fine c\u00e9ramique. Ar\u00f4mes naturels vari\u00e9s. Avec des graines \u00e0 planter pour une beaut\u00e9 durable. Exp\u00e9rience olfactive diversifi\u00e9e et touche naturelle \u00e9coresponsable.","og_url":"https:\/\/lumond.com\/fr\/produit\/trio-fleuri-citron-vert-basilic-et-agrumes-genevrier-et-lavande-fleurs-de-cerisier-440gr-x-3\/","og_site_name":"Lumond","article_publisher":"https:\/\/www.facebook.com\/lumond.de\/","article_modified_time":"2026-01-29T10:12:53+00:00","og_image":[{"width":1080,"height":1080,"url":"https:\/\/lumond.com\/wp-content\/uploads\/2024\/06\/Bloomig-Triad-lime-basil-and-citrus-Juniper-lavender-cherry-blossoms-Large.webp","type":"image\/webp"}],"twitter_card":"summary_large_image","twitter_description":"Vivez la diversit\u00e9 de la nature avec notre ensemble Trio Fleuri, compos\u00e9 de Citron Vert Basilic et Agrumes, Gen\u00e9vrier et Lavande et Fleurs de Cerisier.","twitter_misc":{"Prix":"179,97&nbsp;&euro;","Availability":"In stock"},"schema":{"@context":"https:\/\/schema.org","@graph":[{"@type":["WebPage","ItemPage"],"@id":"https:\/\/lumond.com\/fr\/produit\/trio-fleuri-citron-vert-basilic-et-agrumes-genevrier-et-lavande-fleurs-de-cerisier-440gr-x-3\/","url":"https:\/\/lumond.com\/fr\/produit\/trio-fleuri-citron-vert-basilic-et-agrumes-genevrier-et-lavande-fleurs-de-cerisier-440gr-x-3\/","name":"Trio Fleuri - Citron Vert Basilic et Agrumes, Gen\u00e9vrier et Lavande, Fleurs de Cerisier (440gr X 3) - Lumond","isPartOf":{"@id":"https:\/\/lumond.com\/fr\/#website"},"primaryImageOfPage":{"@id":"https:\/\/lumond.com\/fr\/produit\/trio-fleuri-citron-vert-basilic-et-agrumes-genevrier-et-lavande-fleurs-de-cerisier-440gr-x-3\/#primaryimage"},"image":{"@id":"https:\/\/lumond.com\/fr\/produit\/trio-fleuri-citron-vert-basilic-et-agrumes-genevrier-et-lavande-fleurs-de-cerisier-440gr-x-3\/#primaryimage"},"thumbnailUrl":"https:\/\/lumond.com\/wp-content\/uploads\/2024\/06\/Bloomig-Triad-lime-basil-and-citrus-Juniper-lavender-cherry-blossoms-Large.webp","datePublished":"2024-06-21T13:55:08+00:00","dateModified":"2026-01-29T10:12:53+00:00","description":"Coffret Trio Fleuri : bougies parfum\u00e9es Citron vert-Basilic-Agrumes, Gen\u00e9vrier-Lavande, Fleur de cerisier dans une fine c\u00e9ramique. Ar\u00f4mes naturels vari\u00e9s. Avec des graines \u00e0 planter pour une beaut\u00e9 durable. Exp\u00e9rience olfactive diversifi\u00e9e et touche naturelle \u00e9coresponsable.","breadcrumb":{"@id":"https:\/\/lumond.com\/fr\/produit\/trio-fleuri-citron-vert-basilic-et-agrumes-genevrier-et-lavande-fleurs-de-cerisier-440gr-x-3\/#breadcrumb"},"inLanguage":"fr-FR","potentialAction":[{"@type":"ReadAction","target":["https:\/\/lumond.com\/fr\/produit\/trio-fleuri-citron-vert-basilic-et-agrumes-genevrier-et-lavande-fleurs-de-cerisier-440gr-x-3\/"]}]},{"@type":"ImageObject","inLanguage":"fr-FR","@id":"https:\/\/lumond.com\/fr\/produit\/trio-fleuri-citron-vert-basilic-et-agrumes-genevrier-et-lavande-fleurs-de-cerisier-440gr-x-3\/#primaryimage","url":"https:\/\/lumond.com\/wp-content\/uploads\/2024\/06\/Bloomig-Triad-lime-basil-and-citrus-Juniper-lavender-cherry-blossoms-Large.webp","contentUrl":"https:\/\/lumond.com\/wp-content\/uploads\/2024\/06\/Bloomig-Triad-lime-basil-and-citrus-Juniper-lavender-cherry-blossoms-Large.webp","width":1080,"height":1080},{"@type":"BreadcrumbList","@id":"https:\/\/lumond.com\/fr\/produit\/trio-fleuri-citron-vert-basilic-et-agrumes-genevrier-et-lavande-fleurs-de-cerisier-440gr-x-3\/#breadcrumb","itemListElement":[{"@type":"ListItem","position":1,"name":"Lumond","item":"https:\/\/lumond.com\/fr\/"},{"@type":"ListItem","position":2,"name":"Products"},{"@type":"ListItem","position":3,"name":"Set de trois bougies fleuries","item":"https:\/\/lumond.com\/fr\/set-de-trois-bougies-fleuries\/"},{"@type":"ListItem","position":4,"name":"Trio Fleuri &#8211; Citron Vert Basilic et Agrumes, Gen\u00e9vrier et Lavande, Fleurs de Cerisier (440gr X 3)"}]},{"@type":"WebSite","@id":"https:\/\/lumond.com\/fr\/#website","url":"https:\/\/lumond.com\/fr\/","name":"Lumond","description":"Duftkerzen Im Glas","publisher":{"@id":"https:\/\/lumond.com\/fr\/#organization"},"alternateName":"Lumond","potentialAction":[{"@type":"SearchAction","target":{"@type":"EntryPoint","urlTemplate":"https:\/\/lumond.com\/fr\/?s={search_term_string}"},"query-input":"required name=search_term_string"}],"inLanguage":"fr-FR"},{"@type":"Organization","@id":"https:\/\/lumond.com\/fr\/#organization","name":"Lumond","url":"https:\/\/lumond.com\/fr\/","logo":{"@type":"ImageObject","inLanguage":"fr-FR","@id":"https:\/\/lumond.com\/fr\/#\/schema\/logo\/image\/","url":"https:\/\/lumond.com\/wp-content\/uploads\/2022\/01\/cropped-40-05.png","contentUrl":"https:\/\/lumond.com\/wp-content\/uploads\/2022\/01\/cropped-40-05.png","width":512,"height":512,"caption":"Lumond"},"image":{"@id":"https:\/\/lumond.com\/fr\/#\/schema\/logo\/image\/"},"sameAs":["https:\/\/www.facebook.com\/lumond.de\/","https:\/\/www.instagram.com\/lumond.de\/"],"description":"Lumond fabrique des bougies parfum\u00e9es haut de gamme \u00e0 base de cire de soja naturelle, pr\u00e9sent\u00e9es dans des contenants en c\u00e9ramique \u00e9l\u00e9gants \u2013 durables, fabriqu\u00e9es en Allemagne et dot\u00e9es de compositions olfactives uniques. Id\u00e9ales pour une maison chaleureuse, soucieuse de l\u2019environnement et du design.","email":"info@lumond.de","legalName":"Lumond","foundingDate":"2021-01-01","ownershipFundingInfo":"https:\/\/lumond.com\/ueber-uns\/","correctionsPolicy":"https:\/\/lumond.com\/kontakt\/","address":{"@type":"PostalAddress","streetAddress":"Lumond UG","addressLocality":"Kolonnenstr. 8","addressRegion":"Berlin","postalCode":"10827","addressCountry":"DE"}}]},"product_price_amount":"179.97","product_price_currency":"EUR","og_availability":"instock","product_availability":"instock","product_retailer_item_id":"427-2410-2411-2412","product_condition":"new"},"_links":{"self":[{"href":"https:\/\/lumond.com\/fr\/wp-json\/wp\/v2\/product\/52154","targetHints":{"allow":["GET"]}}],"collection":[{"href":"https:\/\/lumond.com\/fr\/wp-json\/wp\/v2\/product"}],"about":[{"href":"https:\/\/lumond.com\/fr\/wp-json\/wp\/v2\/types\/product"}],"replies":[{"embeddable":true,"href":"https:\/\/lumond.com\/fr\/wp-json\/wp\/v2\/comments?post=52154"}],"wp:featuredmedia":[{"embeddable":true,"href":"https:\/\/lumond.com\/fr\/wp-json\/wp\/v2\/media\/52155"}],"wp:attachment":[{"href":"https:\/\/lumond.com\/fr\/wp-json\/wp\/v2\/media?parent=52154"}],"wp:term":[{"taxonomy":"product_brand","embeddable":true,"href":"https:\/\/lumond.com\/fr\/wp-json\/wp\/v2\/product_brand?post=52154"},{"taxonomy":"product_cat","embeddable":true,"href":"https:\/\/lumond.com\/fr\/wp-json\/wp\/v2\/product_cat?post=52154"},{"taxonomy":"product_tag","embeddable":true,"href":"https:\/\/lumond.com\/fr\/wp-json\/wp\/v2\/product_tag?post=52154"}],"curies":[{"name":"wp","href":"https:\/\/api.w.org\/{rel}","templated":true}]}}