{"id":52144,"date":"2024-06-21T14:50:36","date_gmt":"2024-06-21T14:50:36","guid":{"rendered":"https:\/\/lumond.com\/product\/bluehendes-duo-limette-basilikum-und-zitrusfruechte-wacholder-lavendel\/"},"modified":"2026-01-19T20:29:11","modified_gmt":"2026-01-19T20:29:11","slug":"duo-fleuri-citron-vert-basilic-et-agrumes-genevrier-et-lavande-440gr-x-2","status":"publish","type":"product","link":"https:\/\/lumond.com\/fr\/produit\/duo-fleuri-citron-vert-basilic-et-agrumes-genevrier-et-lavande-440gr-x-2\/","title":{"rendered":"Duo Fleuri &#8211; Citron Vert Basilic et Agrumes, Gen\u00e9vrier et Lavande (440gr X 2)"},"content":{"rendered":"<p>Rafra\u00eechissez vos sens avec notre ensemble Duo Fleuri, compos\u00e9 de Citron Vert Basilic et Agrumes ainsi que de Gen\u00e9vrier et Lavande. Chaque bougie dans un r\u00e9cipient en c\u00e9ramique fait \u00e0 la main offre un ar\u00f4me revigorant. Plantez les graines incluses apr\u00e8s avoir profit\u00e9 de vos bougies parfum\u00e9es pour un charme naturel suppl\u00e9mentaire.<\/p>\n<div><b>Veuillez noter :<\/b> Les graines dans nos bougies sont saisonni\u00e8res et peuvent diff\u00e9rer de l&#8217;image affich\u00e9e.<\/div>\n","protected":false},"excerpt":{"rendered":"<p>Rafra\u00eechissez vos sens avec notre ensemble Duo Fleuri, compos\u00e9 de Citron Vert Basilic et Agrumes ainsi que de Gen\u00e9vrier et Lavande. Chaque bougie dans un r\u00e9cipient en c\u00e9ramique fait \u00e0 la main offre un ar\u00f4me revigorant. Plantez les graines incluses apr\u00e8s avoir profit\u00e9 de vos bougies parfum\u00e9es pour un charme naturel suppl\u00e9mentaire. Veuillez noter : [&hellip;]<\/p>\n","protected":false},"featured_media":52145,"comment_status":"open","ping_status":"closed","template":"","meta":{"_acf_changed":false,"site-sidebar-layout":"default","site-content-layout":"","ast-site-content-layout":"default","site-content-style":"default","site-sidebar-style":"default","ast-global-header-display":"","ast-banner-title-visibility":"","ast-main-header-display":"","ast-hfb-above-header-display":"","ast-hfb-below-header-display":"","ast-hfb-mobile-header-display":"","site-post-title":"","ast-breadcrumbs-content":"","ast-featured-img":"","footer-sml-layout":"","theme-transparent-header-meta":"default","adv-header-id-meta":"","stick-header-meta":"","header-above-stick-meta":"","header-main-stick-meta":"","header-below-stick-meta":"","astra-migrate-meta-layouts":"set","ast-page-background-enabled":"default","ast-page-background-meta":{"desktop":{"background-color":"","background-image":"","background-repeat":"repeat","background-position":"center center","background-size":"auto","background-attachment":"scroll","background-type":"","background-media":"","overlay-type":"","overlay-color":"","overlay-opacity":"","overlay-gradient":""},"tablet":{"background-color":"","background-image":"","background-repeat":"repeat","background-position":"center center","background-size":"auto","background-attachment":"scroll","background-type":"","background-media":"","overlay-type":"","overlay-color":"","overlay-opacity":"","overlay-gradient":""},"mobile":{"background-color":"","background-image":"","background-repeat":"repeat","background-position":"center center","background-size":"auto","background-attachment":"scroll","background-type":"","background-media":"","overlay-type":"","overlay-color":"","overlay-opacity":"","overlay-gradient":""}},"ast-content-background-meta":{"desktop":{"background-color":"var(--ast-global-color-5)","background-image":"","background-repeat":"repeat","background-position":"center center","background-size":"auto","background-attachment":"scroll","background-type":"","background-media":"","overlay-type":"","overlay-color":"","overlay-opacity":"","overlay-gradient":""},"tablet":{"background-color":"var(--ast-global-color-5)","background-image":"","background-repeat":"repeat","background-position":"center center","background-size":"auto","background-attachment":"scroll","background-type":"","background-media":"","overlay-type":"","overlay-color":"","overlay-opacity":"","overlay-gradient":""},"mobile":{"background-color":"var(--ast-global-color-5)","background-image":"","background-repeat":"repeat","background-position":"center center","background-size":"auto","background-attachment":"scroll","background-type":"","background-media":"","overlay-type":"","overlay-color":"","overlay-opacity":"","overlay-gradient":""}}},"product_brand":[],"product_cat":[310,312,308,306,264],"product_tag":[267,585],"class_list":{"0":"post-52144","1":"product","2":"type-product","3":"status-publish","4":"has-post-thumbnail","6":"product_cat-bougies-meche-en-bois","7":"product_cat-bougie-qui-crepite","8":"product_cat-bougies-en-cire-de-soja","9":"product_cat-bougies-parfumees","10":"product_cat-set-de-deux-bougies-fleuries","11":"product_tag-big-fr","12":"product_tag-toasty-fr","13":"desktop-align-left","14":"tablet-align-left","15":"mobile-align-left","17":"first","18":"instock","19":"sale","20":"taxable","21":"shipping-taxable","22":"purchasable","23":"product-type-simple"},"acf":[],"yoast_head":"<!-- This site is optimized with the Yoast SEO Premium plugin v23.0 (Yoast SEO v23.0) - https:\/\/yoast.com\/wordpress\/plugins\/seo\/ -->\n<title>Duo Fleuri - Citron Vert Basilic et Agrumes, Gen\u00e9vrier et Lavande (440gr X 2) - Lumond<\/title>\n<meta name=\"description\" content=\"Coffret Duo Fleuri : bougies parfum\u00e9es Citron vert-Basilic-Agrumes &amp; Gen\u00e9vrier-Lavande dans une c\u00e9ramique artisanale. Ar\u00f4mes vivifiants pour une atmosph\u00e8re fra\u00eeche. Inclut des graines \u00e0 planter pour un charme naturel. Exp\u00e9rience olfactive rafra\u00eechissante et touche v\u00e9g\u00e9tale d\u00e9corative.\" \/>\n<meta name=\"robots\" content=\"index, follow, max-snippet:-1, max-image-preview:large, max-video-preview:-1\" \/>\n<link rel=\"canonical\" href=\"https:\/\/lumond.com\/fr\/produit\/duo-fleuri-citron-vert-basilic-et-agrumes-genevrier-et-lavande-440gr-x-2\/\" \/>\n<meta property=\"og:locale\" content=\"fr_FR\" \/>\n<meta property=\"og:type\" content=\"article\" \/>\n<meta property=\"og:title\" content=\"Duo Fleuri - Citron Vert Basilic et Agrumes, Gen\u00e9vrier et Lavande (440gr X 2) - Lumond\" \/>\n<meta property=\"og:description\" content=\"Coffret Duo Fleuri : bougies parfum\u00e9es Citron vert-Basilic-Agrumes &amp; Gen\u00e9vrier-Lavande dans une c\u00e9ramique artisanale. Ar\u00f4mes vivifiants pour une atmosph\u00e8re fra\u00eeche. Inclut des graines \u00e0 planter pour un charme naturel. Exp\u00e9rience olfactive rafra\u00eechissante et touche v\u00e9g\u00e9tale d\u00e9corative.\" \/>\n<meta property=\"og:url\" content=\"https:\/\/lumond.com\/fr\/produit\/duo-fleuri-citron-vert-basilic-et-agrumes-genevrier-et-lavande-440gr-x-2\/\" \/>\n<meta property=\"og:site_name\" content=\"Lumond\" \/>\n<meta property=\"article:publisher\" content=\"https:\/\/www.facebook.com\/lumond.de\/\" \/>\n<meta property=\"article:modified_time\" content=\"2026-01-19T20:29:11+00:00\" \/>\n<meta property=\"og:image\" content=\"https:\/\/lumond.com\/wp-content\/uploads\/2024\/06\/lime-basil-and-citrus-Juniper-lavender.webp\" \/>\n\t<meta property=\"og:image:width\" content=\"1080\" \/>\n\t<meta property=\"og:image:height\" content=\"1080\" \/>\n\t<meta property=\"og:image:type\" content=\"image\/webp\" \/>\n<meta name=\"twitter:card\" content=\"summary_large_image\" \/>\n<meta name=\"twitter:description\" content=\"Rafra\u00eechissez vos sens avec notre ensemble Duo Fleuri, compos\u00e9 de Citron Vert Basilic et Agrumes ainsi que de Gen\u00e9vrier et Lavande. Chaque bougie dans un\" \/>\n<meta name=\"twitter:label1\" content=\"Prix\" \/>\n\t<meta name=\"twitter:data1\" content=\"119,98&nbsp;&euro;\" \/>\n\t<meta name=\"twitter:label2\" content=\"Availability\" \/>\n\t<meta name=\"twitter:data2\" content=\"In stock\" \/>\n<script type=\"application\/ld+json\" class=\"yoast-schema-graph\">{\"@context\":\"https:\/\/schema.org\",\"@graph\":[{\"@type\":[\"WebPage\",\"ItemPage\"],\"@id\":\"https:\/\/lumond.com\/fr\/produit\/duo-fleuri-citron-vert-basilic-et-agrumes-genevrier-et-lavande-440gr-x-2\/\",\"url\":\"https:\/\/lumond.com\/fr\/produit\/duo-fleuri-citron-vert-basilic-et-agrumes-genevrier-et-lavande-440gr-x-2\/\",\"name\":\"Duo Fleuri - Citron Vert Basilic et Agrumes, Gen\u00e9vrier et Lavande (440gr X 2) - Lumond\",\"isPartOf\":{\"@id\":\"https:\/\/lumond.com\/fr\/#website\"},\"primaryImageOfPage\":{\"@id\":\"https:\/\/lumond.com\/fr\/produit\/duo-fleuri-citron-vert-basilic-et-agrumes-genevrier-et-lavande-440gr-x-2\/#primaryimage\"},\"image\":{\"@id\":\"https:\/\/lumond.com\/fr\/produit\/duo-fleuri-citron-vert-basilic-et-agrumes-genevrier-et-lavande-440gr-x-2\/#primaryimage\"},\"thumbnailUrl\":\"https:\/\/lumond.com\/wp-content\/uploads\/2024\/06\/lime-basil-and-citrus-Juniper-lavender.webp\",\"datePublished\":\"2024-06-21T14:50:36+00:00\",\"dateModified\":\"2026-01-19T20:29:11+00:00\",\"description\":\"Coffret Duo Fleuri : bougies parfum\u00e9es Citron vert-Basilic-Agrumes & Gen\u00e9vrier-Lavande dans une c\u00e9ramique artisanale. Ar\u00f4mes vivifiants pour une atmosph\u00e8re fra\u00eeche. Inclut des graines \u00e0 planter pour un charme naturel. Exp\u00e9rience olfactive rafra\u00eechissante et touche v\u00e9g\u00e9tale d\u00e9corative.\",\"breadcrumb\":{\"@id\":\"https:\/\/lumond.com\/fr\/produit\/duo-fleuri-citron-vert-basilic-et-agrumes-genevrier-et-lavande-440gr-x-2\/#breadcrumb\"},\"inLanguage\":\"fr-FR\",\"potentialAction\":[{\"@type\":\"ReadAction\",\"target\":[\"https:\/\/lumond.com\/fr\/produit\/duo-fleuri-citron-vert-basilic-et-agrumes-genevrier-et-lavande-440gr-x-2\/\"]}]},{\"@type\":\"ImageObject\",\"inLanguage\":\"fr-FR\",\"@id\":\"https:\/\/lumond.com\/fr\/produit\/duo-fleuri-citron-vert-basilic-et-agrumes-genevrier-et-lavande-440gr-x-2\/#primaryimage\",\"url\":\"https:\/\/lumond.com\/wp-content\/uploads\/2024\/06\/lime-basil-and-citrus-Juniper-lavender.webp\",\"contentUrl\":\"https:\/\/lumond.com\/wp-content\/uploads\/2024\/06\/lime-basil-and-citrus-Juniper-lavender.webp\",\"width\":1080,\"height\":1080},{\"@type\":\"BreadcrumbList\",\"@id\":\"https:\/\/lumond.com\/fr\/produit\/duo-fleuri-citron-vert-basilic-et-agrumes-genevrier-et-lavande-440gr-x-2\/#breadcrumb\",\"itemListElement\":[{\"@type\":\"ListItem\",\"position\":1,\"name\":\"Lumond\",\"item\":\"https:\/\/lumond.com\/fr\/\"},{\"@type\":\"ListItem\",\"position\":2,\"name\":\"Products\"},{\"@type\":\"ListItem\",\"position\":3,\"name\":\"Set de deux bougies fleuries\",\"item\":\"https:\/\/lumond.com\/fr\/set-de-deux-bougies-fleuries\/\"},{\"@type\":\"ListItem\",\"position\":4,\"name\":\"Duo Fleuri &#8211; Citron Vert Basilic et Agrumes, Gen\u00e9vrier et Lavande (440gr X 2)\"}]},{\"@type\":\"WebSite\",\"@id\":\"https:\/\/lumond.com\/fr\/#website\",\"url\":\"https:\/\/lumond.com\/fr\/\",\"name\":\"Lumond\",\"description\":\"Duftkerzen Im Glas\",\"publisher\":{\"@id\":\"https:\/\/lumond.com\/fr\/#organization\"},\"alternateName\":\"Lumond\",\"potentialAction\":[{\"@type\":\"SearchAction\",\"target\":{\"@type\":\"EntryPoint\",\"urlTemplate\":\"https:\/\/lumond.com\/fr\/?s={search_term_string}\"},\"query-input\":\"required name=search_term_string\"}],\"inLanguage\":\"fr-FR\"},{\"@type\":\"Organization\",\"@id\":\"https:\/\/lumond.com\/fr\/#organization\",\"name\":\"Lumond\",\"url\":\"https:\/\/lumond.com\/fr\/\",\"logo\":{\"@type\":\"ImageObject\",\"inLanguage\":\"fr-FR\",\"@id\":\"https:\/\/lumond.com\/fr\/#\/schema\/logo\/image\/\",\"url\":\"https:\/\/lumond.com\/wp-content\/uploads\/2022\/01\/cropped-40-05.png\",\"contentUrl\":\"https:\/\/lumond.com\/wp-content\/uploads\/2022\/01\/cropped-40-05.png\",\"width\":512,\"height\":512,\"caption\":\"Lumond\"},\"image\":{\"@id\":\"https:\/\/lumond.com\/fr\/#\/schema\/logo\/image\/\"},\"sameAs\":[\"https:\/\/www.facebook.com\/lumond.de\/\",\"https:\/\/www.instagram.com\/lumond.de\/\"],\"description\":\"Lumond fabrique des bougies parfum\u00e9es haut de gamme \u00e0 base de cire de soja naturelle, pr\u00e9sent\u00e9es dans des contenants en c\u00e9ramique \u00e9l\u00e9gants \u2013 durables, fabriqu\u00e9es en Allemagne et dot\u00e9es de compositions olfactives uniques. Id\u00e9ales pour une maison chaleureuse, soucieuse de l\u2019environnement et du design.\",\"email\":\"info@lumond.de\",\"legalName\":\"Lumond\",\"foundingDate\":\"2021-01-01\",\"ownershipFundingInfo\":\"https:\/\/lumond.com\/ueber-uns\/\",\"correctionsPolicy\":\"https:\/\/lumond.com\/kontakt\/\",\"address\":{\"@type\":\"PostalAddress\",\"streetAddress\":\"Lumond UG\",\"addressLocality\":\"Kolonnenstr. 8\",\"addressRegion\":\"Berlin\",\"postalCode\":\"10827\",\"addressCountry\":\"DE\"}}]}<\/script>\n<meta property=\"product:price:amount\" content=\"119.98\" \/>\n<meta property=\"product:price:currency\" content=\"EUR\" \/>\n<meta property=\"og:availability\" content=\"instock\" \/>\n<meta property=\"product:availability\" content=\"instock\" \/>\n<meta property=\"product:retailer_item_id\" content=\"427-2410-2411\" \/>\n<meta property=\"product:condition\" content=\"new\" \/>\n<!-- \/ Yoast SEO Premium plugin. -->","yoast_head_json":{"title":"Duo Fleuri - Citron Vert Basilic et Agrumes, Gen\u00e9vrier et Lavande (440gr X 2) - Lumond","description":"Coffret Duo Fleuri : bougies parfum\u00e9es Citron vert-Basilic-Agrumes & Gen\u00e9vrier-Lavande dans une c\u00e9ramique artisanale. Ar\u00f4mes vivifiants pour une atmosph\u00e8re fra\u00eeche. Inclut des graines \u00e0 planter pour un charme naturel. Exp\u00e9rience olfactive rafra\u00eechissante et touche v\u00e9g\u00e9tale d\u00e9corative.","robots":{"index":"index","follow":"follow","max-snippet":"max-snippet:-1","max-image-preview":"max-image-preview:large","max-video-preview":"max-video-preview:-1"},"canonical":"https:\/\/lumond.com\/fr\/produit\/duo-fleuri-citron-vert-basilic-et-agrumes-genevrier-et-lavande-440gr-x-2\/","og_locale":"fr_FR","og_type":"article","og_title":"Duo Fleuri - Citron Vert Basilic et Agrumes, Gen\u00e9vrier et Lavande (440gr X 2) - Lumond","og_description":"Coffret Duo Fleuri : bougies parfum\u00e9es Citron vert-Basilic-Agrumes & Gen\u00e9vrier-Lavande dans une c\u00e9ramique artisanale. Ar\u00f4mes vivifiants pour une atmosph\u00e8re fra\u00eeche. Inclut des graines \u00e0 planter pour un charme naturel. Exp\u00e9rience olfactive rafra\u00eechissante et touche v\u00e9g\u00e9tale d\u00e9corative.","og_url":"https:\/\/lumond.com\/fr\/produit\/duo-fleuri-citron-vert-basilic-et-agrumes-genevrier-et-lavande-440gr-x-2\/","og_site_name":"Lumond","article_publisher":"https:\/\/www.facebook.com\/lumond.de\/","article_modified_time":"2026-01-19T20:29:11+00:00","og_image":[{"width":1080,"height":1080,"url":"https:\/\/lumond.com\/wp-content\/uploads\/2024\/06\/lime-basil-and-citrus-Juniper-lavender.webp","type":"image\/webp"}],"twitter_card":"summary_large_image","twitter_description":"Rafra\u00eechissez vos sens avec notre ensemble Duo Fleuri, compos\u00e9 de Citron Vert Basilic et Agrumes ainsi que de Gen\u00e9vrier et Lavande. Chaque bougie dans un","twitter_misc":{"Prix":"119,98&nbsp;&euro;","Availability":"In stock"},"schema":{"@context":"https:\/\/schema.org","@graph":[{"@type":["WebPage","ItemPage"],"@id":"https:\/\/lumond.com\/fr\/produit\/duo-fleuri-citron-vert-basilic-et-agrumes-genevrier-et-lavande-440gr-x-2\/","url":"https:\/\/lumond.com\/fr\/produit\/duo-fleuri-citron-vert-basilic-et-agrumes-genevrier-et-lavande-440gr-x-2\/","name":"Duo Fleuri - Citron Vert Basilic et Agrumes, Gen\u00e9vrier et Lavande (440gr X 2) - Lumond","isPartOf":{"@id":"https:\/\/lumond.com\/fr\/#website"},"primaryImageOfPage":{"@id":"https:\/\/lumond.com\/fr\/produit\/duo-fleuri-citron-vert-basilic-et-agrumes-genevrier-et-lavande-440gr-x-2\/#primaryimage"},"image":{"@id":"https:\/\/lumond.com\/fr\/produit\/duo-fleuri-citron-vert-basilic-et-agrumes-genevrier-et-lavande-440gr-x-2\/#primaryimage"},"thumbnailUrl":"https:\/\/lumond.com\/wp-content\/uploads\/2024\/06\/lime-basil-and-citrus-Juniper-lavender.webp","datePublished":"2024-06-21T14:50:36+00:00","dateModified":"2026-01-19T20:29:11+00:00","description":"Coffret Duo Fleuri : bougies parfum\u00e9es Citron vert-Basilic-Agrumes & Gen\u00e9vrier-Lavande dans une c\u00e9ramique artisanale. Ar\u00f4mes vivifiants pour une atmosph\u00e8re fra\u00eeche. Inclut des graines \u00e0 planter pour un charme naturel. Exp\u00e9rience olfactive rafra\u00eechissante et touche v\u00e9g\u00e9tale d\u00e9corative.","breadcrumb":{"@id":"https:\/\/lumond.com\/fr\/produit\/duo-fleuri-citron-vert-basilic-et-agrumes-genevrier-et-lavande-440gr-x-2\/#breadcrumb"},"inLanguage":"fr-FR","potentialAction":[{"@type":"ReadAction","target":["https:\/\/lumond.com\/fr\/produit\/duo-fleuri-citron-vert-basilic-et-agrumes-genevrier-et-lavande-440gr-x-2\/"]}]},{"@type":"ImageObject","inLanguage":"fr-FR","@id":"https:\/\/lumond.com\/fr\/produit\/duo-fleuri-citron-vert-basilic-et-agrumes-genevrier-et-lavande-440gr-x-2\/#primaryimage","url":"https:\/\/lumond.com\/wp-content\/uploads\/2024\/06\/lime-basil-and-citrus-Juniper-lavender.webp","contentUrl":"https:\/\/lumond.com\/wp-content\/uploads\/2024\/06\/lime-basil-and-citrus-Juniper-lavender.webp","width":1080,"height":1080},{"@type":"BreadcrumbList","@id":"https:\/\/lumond.com\/fr\/produit\/duo-fleuri-citron-vert-basilic-et-agrumes-genevrier-et-lavande-440gr-x-2\/#breadcrumb","itemListElement":[{"@type":"ListItem","position":1,"name":"Lumond","item":"https:\/\/lumond.com\/fr\/"},{"@type":"ListItem","position":2,"name":"Products"},{"@type":"ListItem","position":3,"name":"Set de deux bougies fleuries","item":"https:\/\/lumond.com\/fr\/set-de-deux-bougies-fleuries\/"},{"@type":"ListItem","position":4,"name":"Duo Fleuri &#8211; Citron Vert Basilic et Agrumes, Gen\u00e9vrier et Lavande (440gr X 2)"}]},{"@type":"WebSite","@id":"https:\/\/lumond.com\/fr\/#website","url":"https:\/\/lumond.com\/fr\/","name":"Lumond","description":"Duftkerzen Im Glas","publisher":{"@id":"https:\/\/lumond.com\/fr\/#organization"},"alternateName":"Lumond","potentialAction":[{"@type":"SearchAction","target":{"@type":"EntryPoint","urlTemplate":"https:\/\/lumond.com\/fr\/?s={search_term_string}"},"query-input":"required name=search_term_string"}],"inLanguage":"fr-FR"},{"@type":"Organization","@id":"https:\/\/lumond.com\/fr\/#organization","name":"Lumond","url":"https:\/\/lumond.com\/fr\/","logo":{"@type":"ImageObject","inLanguage":"fr-FR","@id":"https:\/\/lumond.com\/fr\/#\/schema\/logo\/image\/","url":"https:\/\/lumond.com\/wp-content\/uploads\/2022\/01\/cropped-40-05.png","contentUrl":"https:\/\/lumond.com\/wp-content\/uploads\/2022\/01\/cropped-40-05.png","width":512,"height":512,"caption":"Lumond"},"image":{"@id":"https:\/\/lumond.com\/fr\/#\/schema\/logo\/image\/"},"sameAs":["https:\/\/www.facebook.com\/lumond.de\/","https:\/\/www.instagram.com\/lumond.de\/"],"description":"Lumond fabrique des bougies parfum\u00e9es haut de gamme \u00e0 base de cire de soja naturelle, pr\u00e9sent\u00e9es dans des contenants en c\u00e9ramique \u00e9l\u00e9gants \u2013 durables, fabriqu\u00e9es en Allemagne et dot\u00e9es de compositions olfactives uniques. Id\u00e9ales pour une maison chaleureuse, soucieuse de l\u2019environnement et du design.","email":"info@lumond.de","legalName":"Lumond","foundingDate":"2021-01-01","ownershipFundingInfo":"https:\/\/lumond.com\/ueber-uns\/","correctionsPolicy":"https:\/\/lumond.com\/kontakt\/","address":{"@type":"PostalAddress","streetAddress":"Lumond UG","addressLocality":"Kolonnenstr. 8","addressRegion":"Berlin","postalCode":"10827","addressCountry":"DE"}}]},"product_price_amount":"119.98","product_price_currency":"EUR","og_availability":"instock","product_availability":"instock","product_retailer_item_id":"427-2410-2411","product_condition":"new"},"_links":{"self":[{"href":"https:\/\/lumond.com\/fr\/wp-json\/wp\/v2\/product\/52144","targetHints":{"allow":["GET"]}}],"collection":[{"href":"https:\/\/lumond.com\/fr\/wp-json\/wp\/v2\/product"}],"about":[{"href":"https:\/\/lumond.com\/fr\/wp-json\/wp\/v2\/types\/product"}],"replies":[{"embeddable":true,"href":"https:\/\/lumond.com\/fr\/wp-json\/wp\/v2\/comments?post=52144"}],"wp:featuredmedia":[{"embeddable":true,"href":"https:\/\/lumond.com\/fr\/wp-json\/wp\/v2\/media\/52145"}],"wp:attachment":[{"href":"https:\/\/lumond.com\/fr\/wp-json\/wp\/v2\/media?parent=52144"}],"wp:term":[{"taxonomy":"product_brand","embeddable":true,"href":"https:\/\/lumond.com\/fr\/wp-json\/wp\/v2\/product_brand?post=52144"},{"taxonomy":"product_cat","embeddable":true,"href":"https:\/\/lumond.com\/fr\/wp-json\/wp\/v2\/product_cat?post=52144"},{"taxonomy":"product_tag","embeddable":true,"href":"https:\/\/lumond.com\/fr\/wp-json\/wp\/v2\/product_tag?post=52144"}],"curies":[{"name":"wp","href":"https:\/\/api.w.org\/{rel}","templated":true}]}}