{"id":52117,"date":"2024-06-21T14:57:49","date_gmt":"2024-06-21T14:57:49","guid":{"rendered":"https:\/\/lumond.com\/product\/bluehende-keramikkerze-jasmin-440g\/"},"modified":"2026-04-02T10:37:31","modified_gmt":"2026-04-02T10:37:31","slug":"bougie-fleurie-en-ceramique-jasmin-440g","status":"publish","type":"product","link":"https:\/\/lumond.com\/fr\/produit\/bougie-fleurie-en-ceramique-jasmin-440g\/","title":{"rendered":"Bougie fleurie en c\u00e9ramique &#8211; Jasmin &#8211; 440g"},"content":{"rendered":"<p>Enchantez votre int\u00e9rieur avec le parfum exotique du jasmin. Cette bougie fleurie, nich\u00e9e dans un r\u00e9cipient en c\u00e9ramique magnifiquement fabriqu\u00e9, remplit l&#8217;air de notes douces et florales de jasmin, offrant un parfum romantique et captivant. Une fois la bougie enti\u00e8rement consum\u00e9e, plantez les graines incluses dans le pot en c\u00e9ramique pour apporter une touche d&#8217;\u00e9l\u00e9gance naturelle et une atmosph\u00e8re r\u00eaveuse.<\/p>\n<div><b>Veuillez noter :<\/b> Les graines dans nos bougies sont saisonni\u00e8res et peuvent diff\u00e9rer de l&#8217;image affich\u00e9e.<\/div>\n","protected":false},"excerpt":{"rendered":"<p>Enchantez votre int\u00e9rieur avec le parfum exotique du jasmin. Cette bougie fleurie, nich\u00e9e dans un r\u00e9cipient en c\u00e9ramique magnifiquement fabriqu\u00e9, remplit l&#8217;air de notes douces et florales de jasmin, offrant un parfum romantique et captivant. Une fois la bougie enti\u00e8rement consum\u00e9e, plantez les graines incluses dans le pot en c\u00e9ramique pour apporter une touche d&#8217;\u00e9l\u00e9gance [&hellip;]<\/p>\n","protected":false},"featured_media":52118,"comment_status":"open","ping_status":"closed","template":"","meta":{"_acf_changed":false,"site-sidebar-layout":"default","site-content-layout":"","ast-site-content-layout":"default","site-content-style":"default","site-sidebar-style":"default","ast-global-header-display":"","ast-banner-title-visibility":"","ast-main-header-display":"","ast-hfb-above-header-display":"","ast-hfb-below-header-display":"","ast-hfb-mobile-header-display":"","site-post-title":"","ast-breadcrumbs-content":"","ast-featured-img":"","footer-sml-layout":"","theme-transparent-header-meta":"default","adv-header-id-meta":"","stick-header-meta":"","header-above-stick-meta":"","header-main-stick-meta":"","header-below-stick-meta":"","astra-migrate-meta-layouts":"set","ast-page-background-enabled":"default","ast-page-background-meta":{"desktop":{"background-color":"","background-image":"","background-repeat":"repeat","background-position":"center center","background-size":"auto","background-attachment":"scroll","background-type":"","background-media":"","overlay-type":"","overlay-color":"","overlay-opacity":"","overlay-gradient":""},"tablet":{"background-color":"","background-image":"","background-repeat":"repeat","background-position":"center center","background-size":"auto","background-attachment":"scroll","background-type":"","background-media":"","overlay-type":"","overlay-color":"","overlay-opacity":"","overlay-gradient":""},"mobile":{"background-color":"","background-image":"","background-repeat":"repeat","background-position":"center center","background-size":"auto","background-attachment":"scroll","background-type":"","background-media":"","overlay-type":"","overlay-color":"","overlay-opacity":"","overlay-gradient":""}},"ast-content-background-meta":{"desktop":{"background-color":"var(--ast-global-color-5)","background-image":"","background-repeat":"repeat","background-position":"center center","background-size":"auto","background-attachment":"scroll","background-type":"","background-media":"","overlay-type":"","overlay-color":"","overlay-opacity":"","overlay-gradient":""},"tablet":{"background-color":"var(--ast-global-color-5)","background-image":"","background-repeat":"repeat","background-position":"center center","background-size":"auto","background-attachment":"scroll","background-type":"","background-media":"","overlay-type":"","overlay-color":"","overlay-opacity":"","overlay-gradient":""},"mobile":{"background-color":"var(--ast-global-color-5)","background-image":"","background-repeat":"repeat","background-position":"center center","background-size":"auto","background-attachment":"scroll","background-type":"","background-media":"","overlay-type":"","overlay-color":"","overlay-opacity":"","overlay-gradient":""}}},"product_brand":[],"product_cat":[310,312,308,238,306],"product_tag":[267,585],"class_list":{"0":"post-52117","1":"product","2":"type-product","3":"status-publish","4":"has-post-thumbnail","6":"product_cat-bougies-meche-en-bois","7":"product_cat-bougie-qui-crepite","8":"product_cat-bougies-en-cire-de-soja","9":"product_cat-bougies-fleuries","10":"product_cat-bougies-parfumees","11":"product_tag-big-fr","12":"product_tag-toasty-fr","13":"desktop-align-left","14":"tablet-align-left","15":"mobile-align-left","17":"first","18":"instock","19":"sale","20":"taxable","21":"shipping-taxable","22":"purchasable","23":"product-type-simple"},"acf":[],"yoast_head":"<!-- This site is optimized with the Yoast SEO Premium plugin v23.0 (Yoast SEO v23.0) - https:\/\/yoast.com\/wordpress\/plugins\/seo\/ -->\n<title>Bougie fleurie en c\u00e9ramique - Jasmin - 440g - Lumond<\/title>\n<meta name=\"description\" content=\"Bougie parfum\u00e9e artisanale au parfum exotique de jasmin dans un magnifique r\u00e9cipient en c\u00e9ramique. Enchantez votre int\u00e9rieur avec une fragrance romantique et plantez les graines fournies pour une atmosph\u00e8re r\u00eaveuse.\" \/>\n<meta name=\"robots\" content=\"index, follow, max-snippet:-1, max-image-preview:large, max-video-preview:-1\" \/>\n<link rel=\"canonical\" href=\"https:\/\/lumond.com\/fr\/produit\/bougie-fleurie-en-ceramique-jasmin-440g\/\" \/>\n<meta property=\"og:locale\" content=\"fr_FR\" \/>\n<meta property=\"og:type\" content=\"article\" \/>\n<meta property=\"og:title\" content=\"Bougie fleurie en c\u00e9ramique - Jasmin - 440g - Lumond\" \/>\n<meta property=\"og:description\" content=\"Bougie parfum\u00e9e artisanale au parfum exotique de jasmin dans un magnifique r\u00e9cipient en c\u00e9ramique. Enchantez votre int\u00e9rieur avec une fragrance romantique et plantez les graines fournies pour une atmosph\u00e8re r\u00eaveuse.\" \/>\n<meta property=\"og:url\" content=\"https:\/\/lumond.com\/fr\/produit\/bougie-fleurie-en-ceramique-jasmin-440g\/\" \/>\n<meta property=\"og:site_name\" content=\"Lumond\" \/>\n<meta property=\"article:publisher\" content=\"https:\/\/www.facebook.com\/lumond.de\/\" \/>\n<meta property=\"article:modified_time\" content=\"2026-04-02T10:37:31+00:00\" \/>\n<meta property=\"og:image\" content=\"https:\/\/lumond.com\/wp-content\/uploads\/2024\/06\/Midnight-Jasmine-Large-Size-2-1.webp\" \/>\n\t<meta property=\"og:image:width\" content=\"1080\" \/>\n\t<meta property=\"og:image:height\" content=\"1080\" \/>\n\t<meta property=\"og:image:type\" content=\"image\/webp\" \/>\n<meta name=\"twitter:card\" content=\"summary_large_image\" \/>\n<meta name=\"twitter:description\" content=\"Enchantez votre int\u00e9rieur avec le parfum exotique du jasmin. Cette bougie fleurie, nich\u00e9e dans un r\u00e9cipient en c\u00e9ramique magnifiquement fabriqu\u00e9, remplit\" \/>\n<meta name=\"twitter:label1\" content=\"Prix\" \/>\n\t<meta name=\"twitter:data1\" content=\"59,99&nbsp;&euro;\" \/>\n\t<meta name=\"twitter:label2\" content=\"Availability\" \/>\n\t<meta name=\"twitter:data2\" content=\"In stock\" \/>\n<script type=\"application\/ld+json\" class=\"yoast-schema-graph\">{\"@context\":\"https:\/\/schema.org\",\"@graph\":[{\"@type\":[\"WebPage\",\"ItemPage\"],\"@id\":\"https:\/\/lumond.com\/fr\/produit\/bougie-fleurie-en-ceramique-jasmin-440g\/\",\"url\":\"https:\/\/lumond.com\/fr\/produit\/bougie-fleurie-en-ceramique-jasmin-440g\/\",\"name\":\"Bougie fleurie en c\u00e9ramique - Jasmin - 440g - Lumond\",\"isPartOf\":{\"@id\":\"https:\/\/lumond.com\/fr\/#website\"},\"primaryImageOfPage\":{\"@id\":\"https:\/\/lumond.com\/fr\/produit\/bougie-fleurie-en-ceramique-jasmin-440g\/#primaryimage\"},\"image\":{\"@id\":\"https:\/\/lumond.com\/fr\/produit\/bougie-fleurie-en-ceramique-jasmin-440g\/#primaryimage\"},\"thumbnailUrl\":\"https:\/\/lumond.com\/wp-content\/uploads\/2024\/06\/Midnight-Jasmine-Large-Size-2-1.webp\",\"datePublished\":\"2024-06-21T14:57:49+00:00\",\"dateModified\":\"2026-04-02T10:37:31+00:00\",\"description\":\"Bougie parfum\u00e9e artisanale au parfum exotique de jasmin dans un magnifique r\u00e9cipient en c\u00e9ramique. Enchantez votre int\u00e9rieur avec une fragrance romantique et plantez les graines fournies pour une atmosph\u00e8re r\u00eaveuse.\",\"breadcrumb\":{\"@id\":\"https:\/\/lumond.com\/fr\/produit\/bougie-fleurie-en-ceramique-jasmin-440g\/#breadcrumb\"},\"inLanguage\":\"fr-FR\",\"potentialAction\":[{\"@type\":\"ReadAction\",\"target\":[\"https:\/\/lumond.com\/fr\/produit\/bougie-fleurie-en-ceramique-jasmin-440g\/\"]}]},{\"@type\":\"ImageObject\",\"inLanguage\":\"fr-FR\",\"@id\":\"https:\/\/lumond.com\/fr\/produit\/bougie-fleurie-en-ceramique-jasmin-440g\/#primaryimage\",\"url\":\"https:\/\/lumond.com\/wp-content\/uploads\/2024\/06\/Midnight-Jasmine-Large-Size-2-1.webp\",\"contentUrl\":\"https:\/\/lumond.com\/wp-content\/uploads\/2024\/06\/Midnight-Jasmine-Large-Size-2-1.webp\",\"width\":1080,\"height\":1080},{\"@type\":\"BreadcrumbList\",\"@id\":\"https:\/\/lumond.com\/fr\/produit\/bougie-fleurie-en-ceramique-jasmin-440g\/#breadcrumb\",\"itemListElement\":[{\"@type\":\"ListItem\",\"position\":1,\"name\":\"Lumond\",\"item\":\"https:\/\/lumond.com\/fr\/\"},{\"@type\":\"ListItem\",\"position\":2,\"name\":\"Products\"},{\"@type\":\"ListItem\",\"position\":3,\"name\":\"Bougies fleuries\",\"item\":\"https:\/\/lumond.com\/fr\/bougies-fleuries\/\"},{\"@type\":\"ListItem\",\"position\":4,\"name\":\"Bougie fleurie en c\u00e9ramique &#8211; Jasmin &#8211; 440g\"}]},{\"@type\":\"WebSite\",\"@id\":\"https:\/\/lumond.com\/fr\/#website\",\"url\":\"https:\/\/lumond.com\/fr\/\",\"name\":\"Lumond\",\"description\":\"Duftkerzen Im Glas\",\"publisher\":{\"@id\":\"https:\/\/lumond.com\/fr\/#organization\"},\"alternateName\":\"Lumond\",\"potentialAction\":[{\"@type\":\"SearchAction\",\"target\":{\"@type\":\"EntryPoint\",\"urlTemplate\":\"https:\/\/lumond.com\/fr\/?s={search_term_string}\"},\"query-input\":\"required name=search_term_string\"}],\"inLanguage\":\"fr-FR\"},{\"@type\":\"Organization\",\"@id\":\"https:\/\/lumond.com\/fr\/#organization\",\"name\":\"Lumond\",\"url\":\"https:\/\/lumond.com\/fr\/\",\"logo\":{\"@type\":\"ImageObject\",\"inLanguage\":\"fr-FR\",\"@id\":\"https:\/\/lumond.com\/fr\/#\/schema\/logo\/image\/\",\"url\":\"https:\/\/lumond.com\/wp-content\/uploads\/2022\/01\/cropped-40-05.png\",\"contentUrl\":\"https:\/\/lumond.com\/wp-content\/uploads\/2022\/01\/cropped-40-05.png\",\"width\":512,\"height\":512,\"caption\":\"Lumond\"},\"image\":{\"@id\":\"https:\/\/lumond.com\/fr\/#\/schema\/logo\/image\/\"},\"sameAs\":[\"https:\/\/www.facebook.com\/lumond.de\/\",\"https:\/\/www.instagram.com\/lumond.de\/\"],\"description\":\"Lumond fabrique des bougies parfum\u00e9es haut de gamme \u00e0 base de cire de soja naturelle, pr\u00e9sent\u00e9es dans des contenants en c\u00e9ramique \u00e9l\u00e9gants \u2013 durables, fabriqu\u00e9es en Allemagne et dot\u00e9es de compositions olfactives uniques. Id\u00e9ales pour une maison chaleureuse, soucieuse de l\u2019environnement et du design.\",\"email\":\"info@lumond.de\",\"legalName\":\"Lumond\",\"foundingDate\":\"2021-01-01\",\"ownershipFundingInfo\":\"https:\/\/lumond.com\/ueber-uns\/\",\"correctionsPolicy\":\"https:\/\/lumond.com\/kontakt\/\",\"address\":{\"@type\":\"PostalAddress\",\"streetAddress\":\"Lumond UG\",\"addressLocality\":\"Kolonnenstr. 8\",\"addressRegion\":\"Berlin\",\"postalCode\":\"10827\",\"addressCountry\":\"DE\"}}]}<\/script>\n<meta property=\"product:price:amount\" content=\"59.99\" \/>\n<meta property=\"product:price:currency\" content=\"EUR\" \/>\n<meta property=\"og:availability\" content=\"instock\" \/>\n<meta property=\"product:availability\" content=\"instock\" \/>\n<meta property=\"product:retailer_item_id\" content=\"427-2417\" \/>\n<meta property=\"product:condition\" content=\"new\" \/>\n<!-- \/ Yoast SEO Premium plugin. -->","yoast_head_json":{"title":"Bougie fleurie en c\u00e9ramique - Jasmin - 440g - Lumond","description":"Bougie parfum\u00e9e artisanale au parfum exotique de jasmin dans un magnifique r\u00e9cipient en c\u00e9ramique. Enchantez votre int\u00e9rieur avec une fragrance romantique et plantez les graines fournies pour une atmosph\u00e8re r\u00eaveuse.","robots":{"index":"index","follow":"follow","max-snippet":"max-snippet:-1","max-image-preview":"max-image-preview:large","max-video-preview":"max-video-preview:-1"},"canonical":"https:\/\/lumond.com\/fr\/produit\/bougie-fleurie-en-ceramique-jasmin-440g\/","og_locale":"fr_FR","og_type":"article","og_title":"Bougie fleurie en c\u00e9ramique - Jasmin - 440g - Lumond","og_description":"Bougie parfum\u00e9e artisanale au parfum exotique de jasmin dans un magnifique r\u00e9cipient en c\u00e9ramique. Enchantez votre int\u00e9rieur avec une fragrance romantique et plantez les graines fournies pour une atmosph\u00e8re r\u00eaveuse.","og_url":"https:\/\/lumond.com\/fr\/produit\/bougie-fleurie-en-ceramique-jasmin-440g\/","og_site_name":"Lumond","article_publisher":"https:\/\/www.facebook.com\/lumond.de\/","article_modified_time":"2026-04-02T10:37:31+00:00","og_image":[{"width":1080,"height":1080,"url":"https:\/\/lumond.com\/wp-content\/uploads\/2024\/06\/Midnight-Jasmine-Large-Size-2-1.webp","type":"image\/webp"}],"twitter_card":"summary_large_image","twitter_description":"Enchantez votre int\u00e9rieur avec le parfum exotique du jasmin. Cette bougie fleurie, nich\u00e9e dans un r\u00e9cipient en c\u00e9ramique magnifiquement fabriqu\u00e9, remplit","twitter_misc":{"Prix":"59,99&nbsp;&euro;","Availability":"In stock"},"schema":{"@context":"https:\/\/schema.org","@graph":[{"@type":["WebPage","ItemPage"],"@id":"https:\/\/lumond.com\/fr\/produit\/bougie-fleurie-en-ceramique-jasmin-440g\/","url":"https:\/\/lumond.com\/fr\/produit\/bougie-fleurie-en-ceramique-jasmin-440g\/","name":"Bougie fleurie en c\u00e9ramique - Jasmin - 440g - Lumond","isPartOf":{"@id":"https:\/\/lumond.com\/fr\/#website"},"primaryImageOfPage":{"@id":"https:\/\/lumond.com\/fr\/produit\/bougie-fleurie-en-ceramique-jasmin-440g\/#primaryimage"},"image":{"@id":"https:\/\/lumond.com\/fr\/produit\/bougie-fleurie-en-ceramique-jasmin-440g\/#primaryimage"},"thumbnailUrl":"https:\/\/lumond.com\/wp-content\/uploads\/2024\/06\/Midnight-Jasmine-Large-Size-2-1.webp","datePublished":"2024-06-21T14:57:49+00:00","dateModified":"2026-04-02T10:37:31+00:00","description":"Bougie parfum\u00e9e artisanale au parfum exotique de jasmin dans un magnifique r\u00e9cipient en c\u00e9ramique. Enchantez votre int\u00e9rieur avec une fragrance romantique et plantez les graines fournies pour une atmosph\u00e8re r\u00eaveuse.","breadcrumb":{"@id":"https:\/\/lumond.com\/fr\/produit\/bougie-fleurie-en-ceramique-jasmin-440g\/#breadcrumb"},"inLanguage":"fr-FR","potentialAction":[{"@type":"ReadAction","target":["https:\/\/lumond.com\/fr\/produit\/bougie-fleurie-en-ceramique-jasmin-440g\/"]}]},{"@type":"ImageObject","inLanguage":"fr-FR","@id":"https:\/\/lumond.com\/fr\/produit\/bougie-fleurie-en-ceramique-jasmin-440g\/#primaryimage","url":"https:\/\/lumond.com\/wp-content\/uploads\/2024\/06\/Midnight-Jasmine-Large-Size-2-1.webp","contentUrl":"https:\/\/lumond.com\/wp-content\/uploads\/2024\/06\/Midnight-Jasmine-Large-Size-2-1.webp","width":1080,"height":1080},{"@type":"BreadcrumbList","@id":"https:\/\/lumond.com\/fr\/produit\/bougie-fleurie-en-ceramique-jasmin-440g\/#breadcrumb","itemListElement":[{"@type":"ListItem","position":1,"name":"Lumond","item":"https:\/\/lumond.com\/fr\/"},{"@type":"ListItem","position":2,"name":"Products"},{"@type":"ListItem","position":3,"name":"Bougies fleuries","item":"https:\/\/lumond.com\/fr\/bougies-fleuries\/"},{"@type":"ListItem","position":4,"name":"Bougie fleurie en c\u00e9ramique &#8211; Jasmin &#8211; 440g"}]},{"@type":"WebSite","@id":"https:\/\/lumond.com\/fr\/#website","url":"https:\/\/lumond.com\/fr\/","name":"Lumond","description":"Duftkerzen Im Glas","publisher":{"@id":"https:\/\/lumond.com\/fr\/#organization"},"alternateName":"Lumond","potentialAction":[{"@type":"SearchAction","target":{"@type":"EntryPoint","urlTemplate":"https:\/\/lumond.com\/fr\/?s={search_term_string}"},"query-input":"required name=search_term_string"}],"inLanguage":"fr-FR"},{"@type":"Organization","@id":"https:\/\/lumond.com\/fr\/#organization","name":"Lumond","url":"https:\/\/lumond.com\/fr\/","logo":{"@type":"ImageObject","inLanguage":"fr-FR","@id":"https:\/\/lumond.com\/fr\/#\/schema\/logo\/image\/","url":"https:\/\/lumond.com\/wp-content\/uploads\/2022\/01\/cropped-40-05.png","contentUrl":"https:\/\/lumond.com\/wp-content\/uploads\/2022\/01\/cropped-40-05.png","width":512,"height":512,"caption":"Lumond"},"image":{"@id":"https:\/\/lumond.com\/fr\/#\/schema\/logo\/image\/"},"sameAs":["https:\/\/www.facebook.com\/lumond.de\/","https:\/\/www.instagram.com\/lumond.de\/"],"description":"Lumond fabrique des bougies parfum\u00e9es haut de gamme \u00e0 base de cire de soja naturelle, pr\u00e9sent\u00e9es dans des contenants en c\u00e9ramique \u00e9l\u00e9gants \u2013 durables, fabriqu\u00e9es en Allemagne et dot\u00e9es de compositions olfactives uniques. Id\u00e9ales pour une maison chaleureuse, soucieuse de l\u2019environnement et du design.","email":"info@lumond.de","legalName":"Lumond","foundingDate":"2021-01-01","ownershipFundingInfo":"https:\/\/lumond.com\/ueber-uns\/","correctionsPolicy":"https:\/\/lumond.com\/kontakt\/","address":{"@type":"PostalAddress","streetAddress":"Lumond UG","addressLocality":"Kolonnenstr. 8","addressRegion":"Berlin","postalCode":"10827","addressCountry":"DE"}}]},"product_price_amount":"59.99","product_price_currency":"EUR","og_availability":"instock","product_availability":"instock","product_retailer_item_id":"427-2417","product_condition":"new"},"_links":{"self":[{"href":"https:\/\/lumond.com\/fr\/wp-json\/wp\/v2\/product\/52117","targetHints":{"allow":["GET"]}}],"collection":[{"href":"https:\/\/lumond.com\/fr\/wp-json\/wp\/v2\/product"}],"about":[{"href":"https:\/\/lumond.com\/fr\/wp-json\/wp\/v2\/types\/product"}],"replies":[{"embeddable":true,"href":"https:\/\/lumond.com\/fr\/wp-json\/wp\/v2\/comments?post=52117"}],"wp:featuredmedia":[{"embeddable":true,"href":"https:\/\/lumond.com\/fr\/wp-json\/wp\/v2\/media\/52118"}],"wp:attachment":[{"href":"https:\/\/lumond.com\/fr\/wp-json\/wp\/v2\/media?parent=52117"}],"wp:term":[{"taxonomy":"product_brand","embeddable":true,"href":"https:\/\/lumond.com\/fr\/wp-json\/wp\/v2\/product_brand?post=52117"},{"taxonomy":"product_cat","embeddable":true,"href":"https:\/\/lumond.com\/fr\/wp-json\/wp\/v2\/product_cat?post=52117"},{"taxonomy":"product_tag","embeddable":true,"href":"https:\/\/lumond.com\/fr\/wp-json\/wp\/v2\/product_tag?post=52117"}],"curies":[{"name":"wp","href":"https:\/\/api.w.org\/{rel}","templated":true}]}}