{"id":52071,"date":"2024-06-21T16:59:01","date_gmt":"2024-06-21T16:59:01","guid":{"rendered":"https:\/\/lumond.com\/product\/bluehendes-duo-sandelholz-mitternachtsjasmin-2\/"},"modified":"2025-12-13T12:55:00","modified_gmt":"2025-12-13T12:55:00","slug":"duo-fleuri-bois-de-santal-jasmin-220gr-x-2","status":"publish","type":"product","link":"https:\/\/lumond.com\/fr\/produit\/duo-fleuri-bois-de-santal-jasmin-220gr-x-2\/","title":{"rendered":"Duo Fleuri &#8211; Bois de Santal, Jasmin (220gr X 2)"},"content":{"rendered":"<p>Cr\u00e9ez une atmosph\u00e8re paisible avec notre ensemble Duo Fleuri, comprenant Bois de Santal et Jasmin. Chaque bougie dans un r\u00e9cipient en c\u00e9ramique fait \u00e0 la main apporte de la s\u00e9r\u00e9nit\u00e9 \u00e0 votre espace. Plantez les graines incluses apr\u00e8s avoir profit\u00e9 de vos bougies parfum\u00e9es pour un charme naturel suppl\u00e9mentaire.<\/p>\n<div><b>Veuillez noter :<\/b> Les graines dans nos bougies sont saisonni\u00e8res et peuvent diff\u00e9rer de l&#8217;image montr\u00e9e.<\/div>\n","protected":false},"excerpt":{"rendered":"<p>Cr\u00e9ez une atmosph\u00e8re paisible avec notre ensemble Duo Fleuri, comprenant Bois de Santal et Jasmin. Chaque bougie dans un r\u00e9cipient en c\u00e9ramique fait \u00e0 la main apporte de la s\u00e9r\u00e9nit\u00e9 \u00e0 votre espace. Plantez les graines incluses apr\u00e8s avoir profit\u00e9 de vos bougies parfum\u00e9es pour un charme naturel suppl\u00e9mentaire. Veuillez noter : Les graines dans [&hellip;]<\/p>\n","protected":false},"featured_media":52072,"comment_status":"open","ping_status":"closed","template":"","meta":{"_acf_changed":false,"site-sidebar-layout":"default","site-content-layout":"","ast-site-content-layout":"default","site-content-style":"default","site-sidebar-style":"default","ast-global-header-display":"","ast-banner-title-visibility":"","ast-main-header-display":"","ast-hfb-above-header-display":"","ast-hfb-below-header-display":"","ast-hfb-mobile-header-display":"","site-post-title":"","ast-breadcrumbs-content":"","ast-featured-img":"","footer-sml-layout":"","theme-transparent-header-meta":"default","adv-header-id-meta":"","stick-header-meta":"","header-above-stick-meta":"","header-main-stick-meta":"","header-below-stick-meta":"","astra-migrate-meta-layouts":"set","ast-page-background-enabled":"default","ast-page-background-meta":{"desktop":{"background-color":"","background-image":"","background-repeat":"repeat","background-position":"center center","background-size":"auto","background-attachment":"scroll","background-type":"","background-media":"","overlay-type":"","overlay-color":"","overlay-opacity":"","overlay-gradient":""},"tablet":{"background-color":"","background-image":"","background-repeat":"repeat","background-position":"center center","background-size":"auto","background-attachment":"scroll","background-type":"","background-media":"","overlay-type":"","overlay-color":"","overlay-opacity":"","overlay-gradient":""},"mobile":{"background-color":"","background-image":"","background-repeat":"repeat","background-position":"center center","background-size":"auto","background-attachment":"scroll","background-type":"","background-media":"","overlay-type":"","overlay-color":"","overlay-opacity":"","overlay-gradient":""}},"ast-content-background-meta":{"desktop":{"background-color":"var(--ast-global-color-5)","background-image":"","background-repeat":"repeat","background-position":"center center","background-size":"auto","background-attachment":"scroll","background-type":"","background-media":"","overlay-type":"","overlay-color":"","overlay-opacity":"","overlay-gradient":""},"tablet":{"background-color":"var(--ast-global-color-5)","background-image":"","background-repeat":"repeat","background-position":"center center","background-size":"auto","background-attachment":"scroll","background-type":"","background-media":"","overlay-type":"","overlay-color":"","overlay-opacity":"","overlay-gradient":""},"mobile":{"background-color":"var(--ast-global-color-5)","background-image":"","background-repeat":"repeat","background-position":"center center","background-size":"auto","background-attachment":"scroll","background-type":"","background-media":"","overlay-type":"","overlay-color":"","overlay-opacity":"","overlay-gradient":""}}},"product_brand":[],"product_cat":[310,312,308,306,264],"product_tag":[263,585],"class_list":{"0":"post-52071","1":"product","2":"type-product","3":"status-publish","4":"has-post-thumbnail","6":"product_cat-bougies-meche-en-bois","7":"product_cat-bougie-qui-crepite","8":"product_cat-bougies-en-cire-de-soja","9":"product_cat-bougies-parfumees","10":"product_cat-set-de-deux-bougies-fleuries","11":"product_tag-mitte-fr","12":"product_tag-toasty-fr","13":"desktop-align-left","14":"tablet-align-left","15":"mobile-align-left","17":"first","18":"outofstock","19":"taxable","20":"shipping-taxable","21":"purchasable","22":"product-type-simple"},"acf":[],"yoast_head":"<!-- This site is optimized with the Yoast SEO Premium plugin v23.0 (Yoast SEO v23.0) - https:\/\/yoast.com\/wordpress\/plugins\/seo\/ -->\n<title>Duo Fleuri - Bois de Santal, Jasmin (220gr X 2) - Lumond<\/title>\n<meta name=\"description\" content=\"Coffret Duo Fleuri avec bougies parfum\u00e9es artisanales dans des r\u00e9cipients en c\u00e9ramique : Bois de santal &amp; Jasmin de minuit. Cr\u00e9ez une atmosph\u00e8re paisible et plantez les graines fournies pour un charme naturel.\" \/>\n<meta name=\"robots\" content=\"index, follow, max-snippet:-1, max-image-preview:large, max-video-preview:-1\" \/>\n<link rel=\"canonical\" href=\"https:\/\/lumond.com\/fr\/produit\/duo-fleuri-bois-de-santal-jasmin-220gr-x-2\/\" \/>\n<meta property=\"og:locale\" content=\"fr_FR\" \/>\n<meta property=\"og:type\" content=\"article\" \/>\n<meta property=\"og:title\" content=\"Duo Fleuri - Bois de Santal, Jasmin (220gr X 2) - Lumond\" \/>\n<meta property=\"og:description\" content=\"Coffret Duo Fleuri avec bougies parfum\u00e9es artisanales dans des r\u00e9cipients en c\u00e9ramique : Bois de santal &amp; Jasmin de minuit. Cr\u00e9ez une atmosph\u00e8re paisible et plantez les graines fournies pour un charme naturel.\" \/>\n<meta property=\"og:url\" content=\"https:\/\/lumond.com\/fr\/produit\/duo-fleuri-bois-de-santal-jasmin-220gr-x-2\/\" \/>\n<meta property=\"og:site_name\" content=\"Lumond\" \/>\n<meta property=\"article:publisher\" content=\"https:\/\/www.facebook.com\/lumond.de\/\" \/>\n<meta property=\"article:modified_time\" content=\"2025-12-13T12:55:00+00:00\" \/>\n<meta property=\"og:image\" content=\"https:\/\/lumond.com\/wp-content\/uploads\/2024\/06\/Sandalwood-midnight-jasmin-meidum.webp\" \/>\n\t<meta property=\"og:image:width\" content=\"1080\" \/>\n\t<meta property=\"og:image:height\" content=\"1080\" \/>\n\t<meta property=\"og:image:type\" content=\"image\/webp\" \/>\n<meta name=\"twitter:card\" content=\"summary_large_image\" \/>\n<meta name=\"twitter:description\" content=\"Cr\u00e9ez une atmosph\u00e8re paisible avec notre ensemble Duo Fleuri, comprenant Bois de Santal et Jasmin. Chaque bougie dans un r\u00e9cipient en c\u00e9ramique fait \u00e0 la\" \/>\n<meta name=\"twitter:label1\" content=\"Prix\" \/>\n\t<meta name=\"twitter:data1\" content=\"79,99&nbsp;&euro;\" \/>\n\t<meta name=\"twitter:label2\" content=\"Availability\" \/>\n\t<meta name=\"twitter:data2\" content=\"Out of stock\" \/>\n<script type=\"application\/ld+json\" class=\"yoast-schema-graph\">{\"@context\":\"https:\/\/schema.org\",\"@graph\":[{\"@type\":[\"WebPage\",\"ItemPage\"],\"@id\":\"https:\/\/lumond.com\/fr\/produit\/duo-fleuri-bois-de-santal-jasmin-220gr-x-2\/\",\"url\":\"https:\/\/lumond.com\/fr\/produit\/duo-fleuri-bois-de-santal-jasmin-220gr-x-2\/\",\"name\":\"Duo Fleuri - Bois de Santal, Jasmin (220gr X 2) - Lumond\",\"isPartOf\":{\"@id\":\"https:\/\/lumond.com\/fr\/#website\"},\"primaryImageOfPage\":{\"@id\":\"https:\/\/lumond.com\/fr\/produit\/duo-fleuri-bois-de-santal-jasmin-220gr-x-2\/#primaryimage\"},\"image\":{\"@id\":\"https:\/\/lumond.com\/fr\/produit\/duo-fleuri-bois-de-santal-jasmin-220gr-x-2\/#primaryimage\"},\"thumbnailUrl\":\"https:\/\/lumond.com\/wp-content\/uploads\/2024\/06\/Sandalwood-midnight-jasmin-meidum.webp\",\"datePublished\":\"2024-06-21T16:59:01+00:00\",\"dateModified\":\"2025-12-13T12:55:00+00:00\",\"description\":\"Coffret Duo Fleuri avec bougies parfum\u00e9es artisanales dans des r\u00e9cipients en c\u00e9ramique : Bois de santal & Jasmin de minuit. Cr\u00e9ez une atmosph\u00e8re paisible et plantez les graines fournies pour un charme naturel.\",\"breadcrumb\":{\"@id\":\"https:\/\/lumond.com\/fr\/produit\/duo-fleuri-bois-de-santal-jasmin-220gr-x-2\/#breadcrumb\"},\"inLanguage\":\"fr-FR\",\"potentialAction\":[{\"@type\":\"ReadAction\",\"target\":[\"https:\/\/lumond.com\/fr\/produit\/duo-fleuri-bois-de-santal-jasmin-220gr-x-2\/\"]}]},{\"@type\":\"ImageObject\",\"inLanguage\":\"fr-FR\",\"@id\":\"https:\/\/lumond.com\/fr\/produit\/duo-fleuri-bois-de-santal-jasmin-220gr-x-2\/#primaryimage\",\"url\":\"https:\/\/lumond.com\/wp-content\/uploads\/2024\/06\/Sandalwood-midnight-jasmin-meidum.webp\",\"contentUrl\":\"https:\/\/lumond.com\/wp-content\/uploads\/2024\/06\/Sandalwood-midnight-jasmin-meidum.webp\",\"width\":1080,\"height\":1080},{\"@type\":\"BreadcrumbList\",\"@id\":\"https:\/\/lumond.com\/fr\/produit\/duo-fleuri-bois-de-santal-jasmin-220gr-x-2\/#breadcrumb\",\"itemListElement\":[{\"@type\":\"ListItem\",\"position\":1,\"name\":\"Lumond\",\"item\":\"https:\/\/lumond.com\/fr\/\"},{\"@type\":\"ListItem\",\"position\":2,\"name\":\"Products\"},{\"@type\":\"ListItem\",\"position\":3,\"name\":\"Bougies Parfum\u00e9es\",\"item\":\"https:\/\/lumond.com\/fr\/bougies-parfumees\/\"},{\"@type\":\"ListItem\",\"position\":4,\"name\":\"Duo Fleuri &#8211; Bois de Santal, Jasmin (220gr X 2)\"}]},{\"@type\":\"WebSite\",\"@id\":\"https:\/\/lumond.com\/fr\/#website\",\"url\":\"https:\/\/lumond.com\/fr\/\",\"name\":\"Lumond\",\"description\":\"Duftkerzen Im Glas\",\"publisher\":{\"@id\":\"https:\/\/lumond.com\/fr\/#organization\"},\"alternateName\":\"Lumond\",\"potentialAction\":[{\"@type\":\"SearchAction\",\"target\":{\"@type\":\"EntryPoint\",\"urlTemplate\":\"https:\/\/lumond.com\/fr\/?s={search_term_string}\"},\"query-input\":\"required name=search_term_string\"}],\"inLanguage\":\"fr-FR\"},{\"@type\":\"Organization\",\"@id\":\"https:\/\/lumond.com\/fr\/#organization\",\"name\":\"Lumond\",\"url\":\"https:\/\/lumond.com\/fr\/\",\"logo\":{\"@type\":\"ImageObject\",\"inLanguage\":\"fr-FR\",\"@id\":\"https:\/\/lumond.com\/fr\/#\/schema\/logo\/image\/\",\"url\":\"https:\/\/lumond.com\/wp-content\/uploads\/2022\/01\/cropped-40-05.png\",\"contentUrl\":\"https:\/\/lumond.com\/wp-content\/uploads\/2022\/01\/cropped-40-05.png\",\"width\":512,\"height\":512,\"caption\":\"Lumond\"},\"image\":{\"@id\":\"https:\/\/lumond.com\/fr\/#\/schema\/logo\/image\/\"},\"sameAs\":[\"https:\/\/www.facebook.com\/lumond.de\/\",\"https:\/\/www.instagram.com\/lumond.de\/\"],\"description\":\"Lumond fabrique des bougies parfum\u00e9es haut de gamme \u00e0 base de cire de soja naturelle, pr\u00e9sent\u00e9es dans des contenants en c\u00e9ramique \u00e9l\u00e9gants \u2013 durables, fabriqu\u00e9es en Allemagne et dot\u00e9es de compositions olfactives uniques. Id\u00e9ales pour une maison chaleureuse, soucieuse de l\u2019environnement et du design.\",\"email\":\"info@lumond.de\",\"legalName\":\"Lumond\",\"foundingDate\":\"2021-01-01\",\"ownershipFundingInfo\":\"https:\/\/lumond.com\/ueber-uns\/\",\"correctionsPolicy\":\"https:\/\/lumond.com\/kontakt\/\",\"address\":{\"@type\":\"PostalAddress\",\"streetAddress\":\"Lumond UG\",\"addressLocality\":\"Kolonnenstr. 8\",\"addressRegion\":\"Berlin\",\"postalCode\":\"10827\",\"addressCountry\":\"DE\"}}]}<\/script>\n<meta property=\"product:price:amount\" content=\"79.99\" \/>\n<meta property=\"product:price:currency\" content=\"EUR\" \/>\n<meta property=\"og:availability\" content=\"out of stock\" \/>\n<meta property=\"product:availability\" content=\"out of stock\" \/>\n<meta property=\"product:retailer_item_id\" content=\"427-247-248\" \/>\n<meta property=\"product:condition\" content=\"new\" \/>\n<!-- \/ Yoast SEO Premium plugin. -->","yoast_head_json":{"title":"Duo Fleuri - Bois de Santal, Jasmin (220gr X 2) - Lumond","description":"Coffret Duo Fleuri avec bougies parfum\u00e9es artisanales dans des r\u00e9cipients en c\u00e9ramique : Bois de santal & Jasmin de minuit. Cr\u00e9ez une atmosph\u00e8re paisible et plantez les graines fournies pour un charme naturel.","robots":{"index":"index","follow":"follow","max-snippet":"max-snippet:-1","max-image-preview":"max-image-preview:large","max-video-preview":"max-video-preview:-1"},"canonical":"https:\/\/lumond.com\/fr\/produit\/duo-fleuri-bois-de-santal-jasmin-220gr-x-2\/","og_locale":"fr_FR","og_type":"article","og_title":"Duo Fleuri - Bois de Santal, Jasmin (220gr X 2) - Lumond","og_description":"Coffret Duo Fleuri avec bougies parfum\u00e9es artisanales dans des r\u00e9cipients en c\u00e9ramique : Bois de santal & Jasmin de minuit. Cr\u00e9ez une atmosph\u00e8re paisible et plantez les graines fournies pour un charme naturel.","og_url":"https:\/\/lumond.com\/fr\/produit\/duo-fleuri-bois-de-santal-jasmin-220gr-x-2\/","og_site_name":"Lumond","article_publisher":"https:\/\/www.facebook.com\/lumond.de\/","article_modified_time":"2025-12-13T12:55:00+00:00","og_image":[{"width":1080,"height":1080,"url":"https:\/\/lumond.com\/wp-content\/uploads\/2024\/06\/Sandalwood-midnight-jasmin-meidum.webp","type":"image\/webp"}],"twitter_card":"summary_large_image","twitter_description":"Cr\u00e9ez une atmosph\u00e8re paisible avec notre ensemble Duo Fleuri, comprenant Bois de Santal et Jasmin. Chaque bougie dans un r\u00e9cipient en c\u00e9ramique fait \u00e0 la","twitter_misc":{"Prix":"79,99&nbsp;&euro;","Availability":"Out of stock"},"schema":{"@context":"https:\/\/schema.org","@graph":[{"@type":["WebPage","ItemPage"],"@id":"https:\/\/lumond.com\/fr\/produit\/duo-fleuri-bois-de-santal-jasmin-220gr-x-2\/","url":"https:\/\/lumond.com\/fr\/produit\/duo-fleuri-bois-de-santal-jasmin-220gr-x-2\/","name":"Duo Fleuri - Bois de Santal, Jasmin (220gr X 2) - Lumond","isPartOf":{"@id":"https:\/\/lumond.com\/fr\/#website"},"primaryImageOfPage":{"@id":"https:\/\/lumond.com\/fr\/produit\/duo-fleuri-bois-de-santal-jasmin-220gr-x-2\/#primaryimage"},"image":{"@id":"https:\/\/lumond.com\/fr\/produit\/duo-fleuri-bois-de-santal-jasmin-220gr-x-2\/#primaryimage"},"thumbnailUrl":"https:\/\/lumond.com\/wp-content\/uploads\/2024\/06\/Sandalwood-midnight-jasmin-meidum.webp","datePublished":"2024-06-21T16:59:01+00:00","dateModified":"2025-12-13T12:55:00+00:00","description":"Coffret Duo Fleuri avec bougies parfum\u00e9es artisanales dans des r\u00e9cipients en c\u00e9ramique : Bois de santal & Jasmin de minuit. Cr\u00e9ez une atmosph\u00e8re paisible et plantez les graines fournies pour un charme naturel.","breadcrumb":{"@id":"https:\/\/lumond.com\/fr\/produit\/duo-fleuri-bois-de-santal-jasmin-220gr-x-2\/#breadcrumb"},"inLanguage":"fr-FR","potentialAction":[{"@type":"ReadAction","target":["https:\/\/lumond.com\/fr\/produit\/duo-fleuri-bois-de-santal-jasmin-220gr-x-2\/"]}]},{"@type":"ImageObject","inLanguage":"fr-FR","@id":"https:\/\/lumond.com\/fr\/produit\/duo-fleuri-bois-de-santal-jasmin-220gr-x-2\/#primaryimage","url":"https:\/\/lumond.com\/wp-content\/uploads\/2024\/06\/Sandalwood-midnight-jasmin-meidum.webp","contentUrl":"https:\/\/lumond.com\/wp-content\/uploads\/2024\/06\/Sandalwood-midnight-jasmin-meidum.webp","width":1080,"height":1080},{"@type":"BreadcrumbList","@id":"https:\/\/lumond.com\/fr\/produit\/duo-fleuri-bois-de-santal-jasmin-220gr-x-2\/#breadcrumb","itemListElement":[{"@type":"ListItem","position":1,"name":"Lumond","item":"https:\/\/lumond.com\/fr\/"},{"@type":"ListItem","position":2,"name":"Products"},{"@type":"ListItem","position":3,"name":"Bougies Parfum\u00e9es","item":"https:\/\/lumond.com\/fr\/bougies-parfumees\/"},{"@type":"ListItem","position":4,"name":"Duo Fleuri &#8211; Bois de Santal, Jasmin (220gr X 2)"}]},{"@type":"WebSite","@id":"https:\/\/lumond.com\/fr\/#website","url":"https:\/\/lumond.com\/fr\/","name":"Lumond","description":"Duftkerzen Im Glas","publisher":{"@id":"https:\/\/lumond.com\/fr\/#organization"},"alternateName":"Lumond","potentialAction":[{"@type":"SearchAction","target":{"@type":"EntryPoint","urlTemplate":"https:\/\/lumond.com\/fr\/?s={search_term_string}"},"query-input":"required name=search_term_string"}],"inLanguage":"fr-FR"},{"@type":"Organization","@id":"https:\/\/lumond.com\/fr\/#organization","name":"Lumond","url":"https:\/\/lumond.com\/fr\/","logo":{"@type":"ImageObject","inLanguage":"fr-FR","@id":"https:\/\/lumond.com\/fr\/#\/schema\/logo\/image\/","url":"https:\/\/lumond.com\/wp-content\/uploads\/2022\/01\/cropped-40-05.png","contentUrl":"https:\/\/lumond.com\/wp-content\/uploads\/2022\/01\/cropped-40-05.png","width":512,"height":512,"caption":"Lumond"},"image":{"@id":"https:\/\/lumond.com\/fr\/#\/schema\/logo\/image\/"},"sameAs":["https:\/\/www.facebook.com\/lumond.de\/","https:\/\/www.instagram.com\/lumond.de\/"],"description":"Lumond fabrique des bougies parfum\u00e9es haut de gamme \u00e0 base de cire de soja naturelle, pr\u00e9sent\u00e9es dans des contenants en c\u00e9ramique \u00e9l\u00e9gants \u2013 durables, fabriqu\u00e9es en Allemagne et dot\u00e9es de compositions olfactives uniques. Id\u00e9ales pour une maison chaleureuse, soucieuse de l\u2019environnement et du design.","email":"info@lumond.de","legalName":"Lumond","foundingDate":"2021-01-01","ownershipFundingInfo":"https:\/\/lumond.com\/ueber-uns\/","correctionsPolicy":"https:\/\/lumond.com\/kontakt\/","address":{"@type":"PostalAddress","streetAddress":"Lumond UG","addressLocality":"Kolonnenstr. 8","addressRegion":"Berlin","postalCode":"10827","addressCountry":"DE"}}]},"product_price_amount":"79.99","product_price_currency":"EUR","og_availability":"out of stock","product_availability":"out of stock","product_retailer_item_id":"427-247-248","product_condition":"new"},"_links":{"self":[{"href":"https:\/\/lumond.com\/fr\/wp-json\/wp\/v2\/product\/52071","targetHints":{"allow":["GET"]}}],"collection":[{"href":"https:\/\/lumond.com\/fr\/wp-json\/wp\/v2\/product"}],"about":[{"href":"https:\/\/lumond.com\/fr\/wp-json\/wp\/v2\/types\/product"}],"replies":[{"embeddable":true,"href":"https:\/\/lumond.com\/fr\/wp-json\/wp\/v2\/comments?post=52071"}],"wp:featuredmedia":[{"embeddable":true,"href":"https:\/\/lumond.com\/fr\/wp-json\/wp\/v2\/media\/52072"}],"wp:attachment":[{"href":"https:\/\/lumond.com\/fr\/wp-json\/wp\/v2\/media?parent=52071"}],"wp:term":[{"taxonomy":"product_brand","embeddable":true,"href":"https:\/\/lumond.com\/fr\/wp-json\/wp\/v2\/product_brand?post=52071"},{"taxonomy":"product_cat","embeddable":true,"href":"https:\/\/lumond.com\/fr\/wp-json\/wp\/v2\/product_cat?post=52071"},{"taxonomy":"product_tag","embeddable":true,"href":"https:\/\/lumond.com\/fr\/wp-json\/wp\/v2\/product_tag?post=52071"}],"curies":[{"name":"wp","href":"https:\/\/api.w.org\/{rel}","templated":true}]}}