{"id":99623,"date":"2026-04-09T17:39:05","date_gmt":"2026-04-09T17:39:05","guid":{"rendered":"https:\/\/lumond.com\/geschenkgutschein-bedingungen\/"},"modified":"2026-04-09T18:10:09","modified_gmt":"2026-04-09T18:10:09","slug":"conditions-carte-cadeau","status":"publish","type":"page","link":"https:\/\/lumond.com\/fr\/conditions-carte-cadeau\/","title":{"rendered":"Conditions Carte Cadeau"},"content":{"rendered":"\t\t<div data-elementor-type=\"wp-page\" data-elementor-id=\"99623\" class=\"elementor elementor-99623 elementor-99608\" data-elementor-post-type=\"page\">\n\t\t\t\t\t\t<section class=\"elementor-section elementor-top-section elementor-element elementor-element-8f1744b elementor-section-boxed elementor-section-height-default elementor-section-height-default\" data-id=\"8f1744b\" data-element_type=\"section\">\n\t\t\t\t\t\t<div class=\"elementor-container elementor-column-gap-default\">\n\t\t\t\t\t<div class=\"elementor-column elementor-col-100 elementor-top-column elementor-element elementor-element-590b407\" data-id=\"590b407\" data-element_type=\"column\">\n\t\t\t<div class=\"elementor-widget-wrap elementor-element-populated\">\n\t\t\t\t\t\t<div class=\"elementor-element elementor-element-7ab0f1d elementor-widget elementor-widget-heading\" data-id=\"7ab0f1d\" data-element_type=\"widget\" data-widget_type=\"heading.default\">\n\t\t\t\t<div class=\"elementor-widget-container\">\n\t\t\t<style>\/*! elementor - v3.21.0 - 08-05-2024 *\/\n.elementor-heading-title{padding:0;margin:0;line-height:1}.elementor-widget-heading .elementor-heading-title[class*=elementor-size-]>a{color:inherit;font-size:inherit;line-height:inherit}.elementor-widget-heading .elementor-heading-title.elementor-size-small{font-size:15px}.elementor-widget-heading .elementor-heading-title.elementor-size-medium{font-size:19px}.elementor-widget-heading .elementor-heading-title.elementor-size-large{font-size:29px}.elementor-widget-heading .elementor-heading-title.elementor-size-xl{font-size:39px}.elementor-widget-heading .elementor-heading-title.elementor-size-xxl{font-size:59px}<\/style><h1 class=\"elementor-heading-title elementor-size-default\">Carte Cadeau \u2013 Conditions G\u00e9n\u00e9rales d'Utilisation<\/h1>\t\t<\/div>\n\t\t\t\t<\/div>\n\t\t\t\t<div class=\"elementor-element elementor-element-fa29c2b elementor-widget elementor-widget-text-editor\" data-id=\"fa29c2b\" data-element_type=\"widget\" data-widget_type=\"text-editor.default\">\n\t\t\t\t<div class=\"elementor-widget-container\">\n\t\t\t<style>\/*! elementor - v3.21.0 - 08-05-2024 *\/\n.elementor-widget-text-editor.elementor-drop-cap-view-stacked .elementor-drop-cap{background-color:#69727d;color:#fff}.elementor-widget-text-editor.elementor-drop-cap-view-framed .elementor-drop-cap{color:#69727d;border:3px solid;background-color:transparent}.elementor-widget-text-editor:not(.elementor-drop-cap-view-default) .elementor-drop-cap{margin-top:8px}.elementor-widget-text-editor:not(.elementor-drop-cap-view-default) .elementor-drop-cap-letter{width:1em;height:1em}.elementor-widget-text-editor .elementor-drop-cap{float:left;text-align:center;line-height:1;font-size:50px}.elementor-widget-text-editor .elementor-drop-cap-letter{display:inline-block}<\/style>\t\t\t\t<p style=\"font-weight: bold; padding-bottom: 10px;\">\u00a71 Champ d&#8217;application et \u00e9metteur<\/p><p>(1) Les pr\u00e9sentes conditions d&#8217;utilisation s&#8217;appliquent \u00e0 toutes les cartes cadeaux (ci-apr\u00e8s \u00ab Carte Cadeau \u00bb) \u00e9mises par Laylaundyom UG (ci-apr\u00e8s \u00ab Lumond \u00bb).<\/p><div style=\"margin-left: 20px; margin-top: 5px; margin-bottom: 5px;\">Laylaundyom UG<br \/>Dor Porat<br \/>Kolonnenstr. 8<br \/>10827 Berlin<br \/>E-mail : <a href=\"mailto:info@lumond.de\">info@lumond.de<\/a><br \/>Num\u00e9ro d&#8217;immatriculation : HRB 18705<br \/>Tribunal d&#8217;enregistrement : Amtsgericht Krefeld<br \/>N\u00b0 TVA intracommunautaire : DE348104546<\/div><p>(2) En achetant, en acceptant ou en utilisant une Carte Cadeau, le d\u00e9tenteur accepte les pr\u00e9sentes conditions d&#8217;utilisation.<\/p><p style=\"font-weight: bold; padding-bottom: 10px;\">\u00a72 Formats disponibles et achat<\/p><p>(1) La Carte Cadeau est disponible dans les formats suivants :<\/p><div style=\"margin-left: 20px; margin-top: 5px; margin-bottom: 10px;\">a) <b>Carte Cadeau num\u00e9rique (E-Carte Cadeau)<\/b> \u2013 disponible \u00e0 l&#8217;achat dans la boutique en ligne sur <a href=\"https:\/\/lumond.com\">www.lumond.com<\/a>. L&#8217;E-Carte Cadeau est envoy\u00e9e par e-mail \u00e0 l&#8217;adresse indiqu\u00e9e par l&#8217;acheteur.<p>b) <b>Carte Cadeau physique<\/b> \u2013 si disponible, peut \u00eatre achet\u00e9e dans la boutique en ligne sur <a href=\"https:\/\/lumond.com\">www.lumond.com<\/a>. La Carte Cadeau physique est livr\u00e9e par voie postale.<\/p><\/div><p>(2) La Carte Cadeau peut \u00eatre achet\u00e9e pour diff\u00e9rents montants. Les montants disponibles sont consultables dans la boutique en ligne sur <a href=\"https:\/\/lumond.com\">www.lumond.com<\/a>.<\/p><p>(3) La Carte Cadeau peut \u00eatre r\u00e9gl\u00e9e par tout moyen de paiement accept\u00e9 dans la boutique en ligne. Toutefois, une Carte Cadeau ne peut pas \u00eatre utilis\u00e9e pour acheter une autre Carte Cadeau.<\/p><p style=\"font-weight: bold; padding-bottom: 10px;\">\u00a73 Validit\u00e9<\/p><p>(1) La Carte Cadeau est valable sans limitation de dur\u00e9e \u00e0 compter de la date d&#8217;achat, sauf si une date d&#8217;expiration diff\u00e9rente est indiqu\u00e9e sur la Carte Cadeau.<\/p><p>(2) La Carte Cadeau est utilisable exclusivement dans la boutique en ligne sur <a href=\"https:\/\/lumond.com\">www.lumond.com<\/a>.<\/p><p>(3) La Carte Cadeau peut \u00eatre utilis\u00e9e pour tous les produits propos\u00e9s dans la boutique en ligne.<\/p><p style=\"font-weight: bold; padding-bottom: 10px;\">\u00a74 Utilisation et solde restant<\/p><p>(1) La Carte Cadeau peut \u00eatre utilis\u00e9e par le d\u00e9tenteur autant de fois que souhait\u00e9 jusqu&#8217;\u00e0 \u00e9puisement complet du solde.<\/p><p>(2) Le solde restant de la Carte Cadeau correspond \u00e0 la diff\u00e9rence entre le solde initial et le montant d\u00e9j\u00e0 utilis\u00e9 pour des achats.<\/p><p>(3) Si le montant de l&#8217;achat d\u00e9passe le solde restant, la diff\u00e9rence peut \u00eatre r\u00e9gl\u00e9e par tout moyen de paiement accept\u00e9 dans la boutique en ligne.<\/p><p>(4) Un \u00e9ventuel solde restant ne peut \u00eatre ni \u00e9chang\u00e9 contre des esp\u00e8ces ni transf\u00e9r\u00e9 sur un compte bancaire.<\/p><p>(5) Le solde restant actuel peut \u00eatre consult\u00e9 \u00e0 tout moment lors du processus de commande sur <a href=\"https:\/\/lumond.com\">www.lumond.com<\/a>.<\/p><p style=\"font-weight: bold; padding-bottom: 10px;\">\u00a75 Retour de la Carte Cadeau<\/p><p>(1) Pour les Cartes Cadeaux achet\u00e9es sous forme num\u00e9rique (E-Cartes Cadeaux), un droit de r\u00e9tractation l\u00e9gal de 14 jours \u00e0 compter de la date d&#8217;achat s&#8217;applique, \u00e0 condition que la Carte Cadeau n&#8217;ait pas encore \u00e9t\u00e9 utilis\u00e9e.<\/p><p>(2) Le remboursement est effectu\u00e9 selon le moyen de paiement initial. La confirmation de commande doit \u00eatre pr\u00e9sent\u00e9e pour le retour.<\/p><p>(3) Les Cartes Cadeaux partiellement utilis\u00e9es ne peuvent pas \u00eatre retourn\u00e9es.<\/p><p style=\"font-weight: bold; padding-bottom: 10px;\">\u00a76 Retour de marchandises achet\u00e9es avec une Carte Cadeau<\/p><p>(1) Si des marchandises pay\u00e9es en tout ou en partie avec une Carte Cadeau sont retourn\u00e9es, la part correspondant \u00e0 la Carte Cadeau sera rembours\u00e9e sous forme d&#8217;une nouvelle Carte Cadeau. Celle-ci sera envoy\u00e9e par e-mail \u00e0 l&#8217;adresse utilis\u00e9e lors de la commande.<\/p><p>(2) Pour la part non r\u00e9gl\u00e9e par Carte Cadeau, les conditions de retour habituelles conform\u00e9ment \u00e0 nos <a href=\"https:\/\/lumond.com\/fr\/nos-modes-de-paiement\">Conditions G\u00e9n\u00e9rales de Vente<\/a> s&#8217;appliquent.<\/p><p style=\"font-weight: bold; padding-bottom: 10px;\">\u00a77 Responsabilit\u00e9<\/p><p>(1) La Carte Cadeau est un titre au porteur. Le d\u00e9tenteur est seul responsable de l&#8217;utilisation et de la conservation s\u00e9curis\u00e9e de la Carte Cadeau (y compris du code de la Carte Cadeau).<\/p><p>(2) Lumond ne proc\u00e8de \u00e0 aucun remplacement en cas de perte, de vol ou d&#8217;utilisation non autoris\u00e9e de la Carte Cadeau. Il est recommand\u00e9 de conserver le code de la Carte Cadeau de mani\u00e8re confidentielle et en lieu s\u00fbr.<\/p><p>(3) Lumond d\u00e9cline toute responsabilit\u00e9 en cas de non-r\u00e9ception ou de r\u00e9ception tardive d&#8217;une E-Carte Cadeau lorsque la cause \u00e9chappe \u00e0 la responsabilit\u00e9 de Lumond, notamment en cas de :<\/p><div style=\"margin-left: 20px; margin-top: 5px; margin-bottom: 10px;\">a) Donn\u00e9es du destinataire erron\u00e9es fournies par l&#8217;acheteur<br \/>b) Dysfonctionnements techniques des syst\u00e8mes de t\u00e9l\u00e9communication<br \/>c) Classification de l&#8217;e-mail comme spam par le programme de messagerie du destinataire<br \/>d) Non-livraison \u00e0 l&#8217;adresse e-mail indiqu\u00e9e pour des raisons techniques<\/div><p style=\"font-weight: bold; padding-bottom: 10px;\">\u00a78 Utilisation abusive et invalidit\u00e9<\/p><p>(1) Les Cartes Cadeaux obtenues de mani\u00e8re illicite ou falsifi\u00e9es sont invalides et ne peuvent \u00eatre ni utilis\u00e9es ni rembours\u00e9es.<\/p><p>(2) Lumond se r\u00e9serve le droit de bloquer les Cartes Cadeaux en cas de suspicion de fraude ou d&#8217;utilisation abusive.<\/p><p>(3) Sans accord \u00e9crit pr\u00e9alable de Lumond, les Cartes Cadeaux ne peuvent \u00eatre ni utilis\u00e9es \u00e0 des fins publicitaires ou commerciales par des tiers, ni revendues.<\/p><p style=\"font-weight: bold; padding-bottom: 10px;\">\u00a79 Protection des donn\u00e9es<\/p><p>Dans le cadre de l&#8217;achat et de l&#8217;utilisation des Cartes Cadeaux, des donn\u00e9es personnelles (par ex. adresse e-mail de l&#8217;acheteur et du destinataire) sont trait\u00e9es. Pour plus de d\u00e9tails sur le traitement des donn\u00e9es, veuillez consulter notre <a href=\"https:\/\/lumond.com\/fr\/politique-de-confidentialite\">Politique de Confidentialit\u00e9<\/a>.<\/p><p style=\"font-weight: bold; padding-bottom: 10px;\">\u00a710 Droit applicable et juridiction comp\u00e9tente<\/p><p>(1) Le droit de la R\u00e9publique f\u00e9d\u00e9rale d&#8217;Allemagne s&#8217;applique, \u00e0 l&#8217;exclusion de la Convention des Nations Unies sur les contrats de vente internationale de marchandises.<\/p><p>(2) Pour les consommateurs, ce choix de droit applicable ne s&#8217;applique que dans la mesure o\u00f9 la protection accord\u00e9e par les dispositions imp\u00e9ratives du droit du pays dans lequel le consommateur a sa r\u00e9sidence habituelle n&#8217;est pas retir\u00e9e.<\/p><p>(3) Si le client est un commer\u00e7ant, une personne morale de droit public ou un patrimoine sp\u00e9cial de droit public, le tribunal exclusivement comp\u00e9tent pour tous les litiges d\u00e9coulant du pr\u00e9sent contrat est celui de notre si\u00e8ge social \u00e0 Berlin.<\/p><p style=\"font-weight: bold; padding-bottom: 10px;\">\u00a711 Clause de divisibilit\u00e9<\/p><p>Si une disposition des pr\u00e9sentes conditions d&#8217;utilisation est ou devient totalement ou partiellement invalide, la validit\u00e9 des autres dispositions n&#8217;en est pas affect\u00e9e.<\/p><p style=\"font-weight: bold; padding-bottom: 10px;\">\u00a712 Contact<\/p><p>Pour toute question ou r\u00e9clamation relative aux Cartes Cadeaux, veuillez contacter :<\/p><div style=\"margin-left: 20px; margin-top: 5px; margin-bottom: 5px;\">Lumond \u2013 Laylaundyom UG<br \/>Kolonnenstr. 8<br \/>10827 Berlin<br \/>E-mail : <a href=\"mailto:info@lumond.de\">info@lumond.de<\/a><br \/>Web : <a href=\"https:\/\/support.lumond.com\/fr\">support.lumond.com<\/a><\/div><p style=\"font-size: 13px; color: #666; margin-top: 30px;\">En vigueur \u00e0 partir de : avril 2026<\/p>\t\t\t\t\t\t<\/div>\n\t\t\t\t<\/div>\n\t\t\t\t\t<\/div>\n\t\t<\/div>\n\t\t\t\t\t<\/div>\n\t\t<\/section>\n\t\t\t\t<\/div>\n\t\t","protected":false},"excerpt":{"rendered":"<p>Carte Cadeau \u2013 Conditions G\u00e9n\u00e9rales d&#8217;Utilisation \u00a71 Champ d&#8217;application et \u00e9metteur (1) Les pr\u00e9sentes conditions d&#8217;utilisation s&#8217;appliquent \u00e0 toutes les cartes cadeaux (ci-apr\u00e8s \u00ab Carte Cadeau \u00bb) \u00e9mises par Laylaundyom UG (ci-apr\u00e8s \u00ab Lumond \u00bb). Laylaundyom UGDor PoratKolonnenstr. 810827 BerlinE-mail : info@lumond.deNum\u00e9ro d&#8217;immatriculation : HRB 18705Tribunal d&#8217;enregistrement : Amtsgericht KrefeldN\u00b0 TVA intracommunautaire : DE348104546 (2) [&hellip;]<\/p>\n","protected":false},"author":18,"featured_media":0,"parent":0,"menu_order":0,"comment_status":"closed","ping_status":"closed","template":"","meta":{"_acf_changed":false,"site-sidebar-layout":"no-sidebar","site-content-layout":"page-builder","ast-site-content-layout":"full-width-container","site-content-style":"default","site-sidebar-style":"default","ast-global-header-display":"","ast-banner-title-visibility":"","ast-main-header-display":"","ast-hfb-above-header-display":"","ast-hfb-below-header-display":"","ast-hfb-mobile-header-display":"","site-post-title":"disabled","ast-breadcrumbs-content":"","ast-featured-img":"disabled","footer-sml-layout":"","theme-transparent-header-meta":"","adv-header-id-meta":"","stick-header-meta":"","header-above-stick-meta":"","header-main-stick-meta":"","header-below-stick-meta":"","astra-migrate-meta-layouts":"set","ast-page-background-enabled":"default","ast-page-background-meta":{"desktop":{"background-color":"","background-image":"","background-repeat":"repeat","background-position":"center center","background-size":"auto","background-attachment":"scroll","background-type":"","background-media":"","overlay-type":"","overlay-color":"","overlay-opacity":"","overlay-gradient":""},"tablet":{"background-color":"","background-image":"","background-repeat":"repeat","background-position":"center center","background-size":"auto","background-attachment":"scroll","background-type":"","background-media":"","overlay-type":"","overlay-color":"","overlay-opacity":"","overlay-gradient":""},"mobile":{"background-color":"","background-image":"","background-repeat":"repeat","background-position":"center center","background-size":"auto","background-attachment":"scroll","background-type":"","background-media":"","overlay-type":"","overlay-color":"","overlay-opacity":"","overlay-gradient":""}},"ast-content-background-meta":{"desktop":{"background-color":"var(--ast-global-color-5)","background-image":"","background-repeat":"repeat","background-position":"center center","background-size":"auto","background-attachment":"scroll","background-type":"","background-media":"","overlay-type":"","overlay-color":"","overlay-opacity":"","overlay-gradient":""},"tablet":{"background-color":"var(--ast-global-color-5)","background-image":"","background-repeat":"repeat","background-position":"center center","background-size":"auto","background-attachment":"scroll","background-type":"","background-media":"","overlay-type":"","overlay-color":"","overlay-opacity":"","overlay-gradient":""},"mobile":{"background-color":"var(--ast-global-color-5)","background-image":"","background-repeat":"repeat","background-position":"center center","background-size":"auto","background-attachment":"scroll","background-type":"","background-media":"","overlay-type":"","overlay-color":"","overlay-opacity":"","overlay-gradient":""}},"footnotes":""},"class_list":["post-99623","page","type-page","status-publish","hentry"],"acf":[],"yoast_head":"<!-- This site is optimized with the Yoast SEO Premium plugin v23.0 (Yoast SEO v23.0) - https:\/\/yoast.com\/wordpress\/plugins\/seo\/ -->\n<title>Conditions Carte Cadeau - Lumond<\/title>\n<meta name=\"robots\" content=\"index, follow, max-snippet:-1, max-image-preview:large, max-video-preview:-1\" \/>\n<link rel=\"canonical\" href=\"https:\/\/lumond.com\/fr\/conditions-carte-cadeau\/\" \/>\n<meta property=\"og:locale\" content=\"fr_FR\" \/>\n<meta property=\"og:type\" content=\"article\" \/>\n<meta property=\"og:title\" content=\"Conditions Carte Cadeau\" \/>\n<meta property=\"og:description\" content=\"Carte Cadeau \u2013 Conditions G\u00e9n\u00e9rales d&#8217;Utilisation \u00a71 Champ d&#8217;application et \u00e9metteur (1) Les pr\u00e9sentes conditions d&#8217;utilisation s&#8217;appliquent \u00e0 toutes les cartes cadeaux (ci-apr\u00e8s \u00ab Carte Cadeau \u00bb) \u00e9mises par Laylaundyom UG (ci-apr\u00e8s \u00ab Lumond \u00bb). Laylaundyom UGDor PoratKolonnenstr. 810827 BerlinE-mail : info@lumond.deNum\u00e9ro d&#8217;immatriculation : HRB 18705Tribunal d&#8217;enregistrement : Amtsgericht KrefeldN\u00b0 TVA intracommunautaire : DE348104546 (2) [&hellip;]\" \/>\n<meta property=\"og:url\" content=\"https:\/\/lumond.com\/fr\/conditions-carte-cadeau\/\" \/>\n<meta property=\"og:site_name\" content=\"Lumond\" \/>\n<meta property=\"article:publisher\" content=\"https:\/\/www.facebook.com\/lumond.de\/\" \/>\n<meta property=\"article:modified_time\" content=\"2026-04-09T18:10:09+00:00\" \/>\n<meta name=\"twitter:card\" content=\"summary_large_image\" \/>\n<meta name=\"twitter:label1\" content=\"Dur\u00e9e de lecture estim\u00e9e\" \/>\n\t<meta name=\"twitter:data1\" content=\"5 minutes\" \/>\n<script type=\"application\/ld+json\" class=\"yoast-schema-graph\">{\"@context\":\"https:\/\/schema.org\",\"@graph\":[{\"@type\":\"WebPage\",\"@id\":\"https:\/\/lumond.com\/fr\/conditions-carte-cadeau\/\",\"url\":\"https:\/\/lumond.com\/fr\/conditions-carte-cadeau\/\",\"name\":\"Conditions Carte Cadeau - Lumond\",\"isPartOf\":{\"@id\":\"https:\/\/lumond.com\/fr\/#website\"},\"datePublished\":\"2026-04-09T17:39:05+00:00\",\"dateModified\":\"2026-04-09T18:10:09+00:00\",\"breadcrumb\":{\"@id\":\"https:\/\/lumond.com\/fr\/conditions-carte-cadeau\/#breadcrumb\"},\"inLanguage\":\"fr-FR\",\"potentialAction\":[{\"@type\":\"ReadAction\",\"target\":[\"https:\/\/lumond.com\/fr\/conditions-carte-cadeau\/\"]}]},{\"@type\":\"BreadcrumbList\",\"@id\":\"https:\/\/lumond.com\/fr\/conditions-carte-cadeau\/#breadcrumb\",\"itemListElement\":[{\"@type\":\"ListItem\",\"position\":1,\"name\":\"Lumond\",\"item\":\"https:\/\/lumond.com\/fr\/\"},{\"@type\":\"ListItem\",\"position\":2,\"name\":\"Conditions Carte Cadeau\"}]},{\"@type\":\"WebSite\",\"@id\":\"https:\/\/lumond.com\/fr\/#website\",\"url\":\"https:\/\/lumond.com\/fr\/\",\"name\":\"Lumond\",\"description\":\"Duftkerzen Im Glas\",\"publisher\":{\"@id\":\"https:\/\/lumond.com\/fr\/#organization\"},\"alternateName\":\"Lumond\",\"potentialAction\":[{\"@type\":\"SearchAction\",\"target\":{\"@type\":\"EntryPoint\",\"urlTemplate\":\"https:\/\/lumond.com\/fr\/?s={search_term_string}\"},\"query-input\":\"required name=search_term_string\"}],\"inLanguage\":\"fr-FR\"},{\"@type\":\"Organization\",\"@id\":\"https:\/\/lumond.com\/fr\/#organization\",\"name\":\"Lumond\",\"url\":\"https:\/\/lumond.com\/fr\/\",\"logo\":{\"@type\":\"ImageObject\",\"inLanguage\":\"fr-FR\",\"@id\":\"https:\/\/lumond.com\/fr\/#\/schema\/logo\/image\/\",\"url\":\"https:\/\/lumond.com\/wp-content\/uploads\/2022\/01\/cropped-40-05.png\",\"contentUrl\":\"https:\/\/lumond.com\/wp-content\/uploads\/2022\/01\/cropped-40-05.png\",\"width\":512,\"height\":512,\"caption\":\"Lumond\"},\"image\":{\"@id\":\"https:\/\/lumond.com\/fr\/#\/schema\/logo\/image\/\"},\"sameAs\":[\"https:\/\/www.facebook.com\/lumond.de\/\",\"https:\/\/www.instagram.com\/lumond.de\/\"],\"description\":\"Lumond fabrique des bougies parfum\u00e9es haut de gamme \u00e0 base de cire de soja naturelle, pr\u00e9sent\u00e9es dans des contenants en c\u00e9ramique \u00e9l\u00e9gants \u2013 durables, fabriqu\u00e9es en Allemagne et dot\u00e9es de compositions olfactives uniques. Id\u00e9ales pour une maison chaleureuse, soucieuse de l\u2019environnement et du design.\",\"email\":\"info@lumond.de\",\"legalName\":\"Lumond\",\"foundingDate\":\"2021-01-01\",\"ownershipFundingInfo\":\"https:\/\/lumond.com\/ueber-uns\/\",\"correctionsPolicy\":\"https:\/\/lumond.com\/kontakt\/\",\"address\":{\"@type\":\"PostalAddress\",\"streetAddress\":\"Lumond UG\",\"addressLocality\":\"Kolonnenstr. 8\",\"addressRegion\":\"Berlin\",\"postalCode\":\"10827\",\"addressCountry\":\"DE\"}}]}<\/script>\n<!-- \/ Yoast SEO Premium plugin. -->","yoast_head_json":{"title":"Conditions Carte Cadeau - Lumond","robots":{"index":"index","follow":"follow","max-snippet":"max-snippet:-1","max-image-preview":"max-image-preview:large","max-video-preview":"max-video-preview:-1"},"canonical":"https:\/\/lumond.com\/fr\/conditions-carte-cadeau\/","og_locale":"fr_FR","og_type":"article","og_title":"Conditions Carte Cadeau","og_description":"Carte Cadeau \u2013 Conditions G\u00e9n\u00e9rales d&#8217;Utilisation \u00a71 Champ d&#8217;application et \u00e9metteur (1) Les pr\u00e9sentes conditions d&#8217;utilisation s&#8217;appliquent \u00e0 toutes les cartes cadeaux (ci-apr\u00e8s \u00ab Carte Cadeau \u00bb) \u00e9mises par Laylaundyom UG (ci-apr\u00e8s \u00ab Lumond \u00bb). Laylaundyom UGDor PoratKolonnenstr. 810827 BerlinE-mail : info@lumond.deNum\u00e9ro d&#8217;immatriculation : HRB 18705Tribunal d&#8217;enregistrement : Amtsgericht KrefeldN\u00b0 TVA intracommunautaire : DE348104546 (2) [&hellip;]","og_url":"https:\/\/lumond.com\/fr\/conditions-carte-cadeau\/","og_site_name":"Lumond","article_publisher":"https:\/\/www.facebook.com\/lumond.de\/","article_modified_time":"2026-04-09T18:10:09+00:00","twitter_card":"summary_large_image","twitter_misc":{"Dur\u00e9e de lecture estim\u00e9e":"5 minutes"},"schema":{"@context":"https:\/\/schema.org","@graph":[{"@type":"WebPage","@id":"https:\/\/lumond.com\/fr\/conditions-carte-cadeau\/","url":"https:\/\/lumond.com\/fr\/conditions-carte-cadeau\/","name":"Conditions Carte Cadeau - Lumond","isPartOf":{"@id":"https:\/\/lumond.com\/fr\/#website"},"datePublished":"2026-04-09T17:39:05+00:00","dateModified":"2026-04-09T18:10:09+00:00","breadcrumb":{"@id":"https:\/\/lumond.com\/fr\/conditions-carte-cadeau\/#breadcrumb"},"inLanguage":"fr-FR","potentialAction":[{"@type":"ReadAction","target":["https:\/\/lumond.com\/fr\/conditions-carte-cadeau\/"]}]},{"@type":"BreadcrumbList","@id":"https:\/\/lumond.com\/fr\/conditions-carte-cadeau\/#breadcrumb","itemListElement":[{"@type":"ListItem","position":1,"name":"Lumond","item":"https:\/\/lumond.com\/fr\/"},{"@type":"ListItem","position":2,"name":"Conditions Carte Cadeau"}]},{"@type":"WebSite","@id":"https:\/\/lumond.com\/fr\/#website","url":"https:\/\/lumond.com\/fr\/","name":"Lumond","description":"Duftkerzen Im Glas","publisher":{"@id":"https:\/\/lumond.com\/fr\/#organization"},"alternateName":"Lumond","potentialAction":[{"@type":"SearchAction","target":{"@type":"EntryPoint","urlTemplate":"https:\/\/lumond.com\/fr\/?s={search_term_string}"},"query-input":"required name=search_term_string"}],"inLanguage":"fr-FR"},{"@type":"Organization","@id":"https:\/\/lumond.com\/fr\/#organization","name":"Lumond","url":"https:\/\/lumond.com\/fr\/","logo":{"@type":"ImageObject","inLanguage":"fr-FR","@id":"https:\/\/lumond.com\/fr\/#\/schema\/logo\/image\/","url":"https:\/\/lumond.com\/wp-content\/uploads\/2022\/01\/cropped-40-05.png","contentUrl":"https:\/\/lumond.com\/wp-content\/uploads\/2022\/01\/cropped-40-05.png","width":512,"height":512,"caption":"Lumond"},"image":{"@id":"https:\/\/lumond.com\/fr\/#\/schema\/logo\/image\/"},"sameAs":["https:\/\/www.facebook.com\/lumond.de\/","https:\/\/www.instagram.com\/lumond.de\/"],"description":"Lumond fabrique des bougies parfum\u00e9es haut de gamme \u00e0 base de cire de soja naturelle, pr\u00e9sent\u00e9es dans des contenants en c\u00e9ramique \u00e9l\u00e9gants \u2013 durables, fabriqu\u00e9es en Allemagne et dot\u00e9es de compositions olfactives uniques. Id\u00e9ales pour une maison chaleureuse, soucieuse de l\u2019environnement et du design.","email":"info@lumond.de","legalName":"Lumond","foundingDate":"2021-01-01","ownershipFundingInfo":"https:\/\/lumond.com\/ueber-uns\/","correctionsPolicy":"https:\/\/lumond.com\/kontakt\/","address":{"@type":"PostalAddress","streetAddress":"Lumond UG","addressLocality":"Kolonnenstr. 8","addressRegion":"Berlin","postalCode":"10827","addressCountry":"DE"}}]}},"_links":{"self":[{"href":"https:\/\/lumond.com\/fr\/wp-json\/wp\/v2\/pages\/99623","targetHints":{"allow":["GET"]}}],"collection":[{"href":"https:\/\/lumond.com\/fr\/wp-json\/wp\/v2\/pages"}],"about":[{"href":"https:\/\/lumond.com\/fr\/wp-json\/wp\/v2\/types\/page"}],"author":[{"embeddable":true,"href":"https:\/\/lumond.com\/fr\/wp-json\/wp\/v2\/users\/18"}],"replies":[{"embeddable":true,"href":"https:\/\/lumond.com\/fr\/wp-json\/wp\/v2\/comments?post=99623"}],"version-history":[{"count":4,"href":"https:\/\/lumond.com\/fr\/wp-json\/wp\/v2\/pages\/99623\/revisions"}],"predecessor-version":[{"id":99659,"href":"https:\/\/lumond.com\/fr\/wp-json\/wp\/v2\/pages\/99623\/revisions\/99659"}],"wp:attachment":[{"href":"https:\/\/lumond.com\/fr\/wp-json\/wp\/v2\/media?parent=99623"}],"curies":[{"name":"wp","href":"https:\/\/api.w.org\/{rel}","templated":true}]}}