{"id":51813,"date":"2021-12-20T13:53:48","date_gmt":"2021-12-20T13:53:48","guid":{"rendered":"https:\/\/lumond.com\/payments\/"},"modified":"2025-10-09T11:43:48","modified_gmt":"2025-10-09T11:43:48","slug":"conditions-de-paiement","status":"publish","type":"page","link":"https:\/\/lumond.com\/fr\/conditions-de-paiement\/","title":{"rendered":"CONDITIONS DE PAIEMENT"},"content":{"rendered":"\t\t<div data-elementor-type=\"wp-page\" data-elementor-id=\"51813\" class=\"elementor elementor-51813 elementor-4222\" data-elementor-post-type=\"page\">\n\t\t\t\t\t\t<section class=\"elementor-section elementor-top-section elementor-element elementor-element-737556f elementor-section-boxed elementor-section-height-default elementor-section-height-default\" data-id=\"737556f\" data-element_type=\"section\">\n\t\t\t\t\t\t<div class=\"elementor-container elementor-column-gap-default\">\n\t\t\t\t\t<div class=\"elementor-column elementor-col-100 elementor-top-column elementor-element elementor-element-a4c6cd8\" data-id=\"a4c6cd8\" data-element_type=\"column\">\n\t\t\t<div class=\"elementor-widget-wrap elementor-element-populated\">\n\t\t\t\t\t\t<div class=\"elementor-element elementor-element-e8f6611 elementor-widget elementor-widget-heading\" data-id=\"e8f6611\" data-element_type=\"widget\" data-widget_type=\"heading.default\">\n\t\t\t\t<div class=\"elementor-widget-container\">\n\t\t\t<style>\/*! elementor - v3.21.0 - 08-05-2024 *\/\n.elementor-heading-title{padding:0;margin:0;line-height:1}.elementor-widget-heading .elementor-heading-title[class*=elementor-size-]>a{color:inherit;font-size:inherit;line-height:inherit}.elementor-widget-heading .elementor-heading-title.elementor-size-small{font-size:15px}.elementor-widget-heading .elementor-heading-title.elementor-size-medium{font-size:19px}.elementor-widget-heading .elementor-heading-title.elementor-size-large{font-size:29px}.elementor-widget-heading .elementor-heading-title.elementor-size-xl{font-size:39px}.elementor-widget-heading .elementor-heading-title.elementor-size-xxl{font-size:59px}<\/style><h1 class=\"elementor-heading-title elementor-size-default\">CONDITIONS DE PAIEMENT<\/h1>\t\t<\/div>\n\t\t\t\t<\/div>\n\t\t\t\t<div class=\"elementor-element elementor-element-1268eb8 elementor-widget elementor-widget-text-editor\" data-id=\"1268eb8\" data-element_type=\"widget\" data-widget_type=\"text-editor.default\">\n\t\t\t\t<div class=\"elementor-widget-container\">\n\t\t\t<style>\/*! elementor - v3.21.0 - 08-05-2024 *\/\n.elementor-widget-text-editor.elementor-drop-cap-view-stacked .elementor-drop-cap{background-color:#69727d;color:#fff}.elementor-widget-text-editor.elementor-drop-cap-view-framed .elementor-drop-cap{color:#69727d;border:3px solid;background-color:transparent}.elementor-widget-text-editor:not(.elementor-drop-cap-view-default) .elementor-drop-cap{margin-top:8px}.elementor-widget-text-editor:not(.elementor-drop-cap-view-default) .elementor-drop-cap-letter{width:1em;height:1em}.elementor-widget-text-editor .elementor-drop-cap{float:left;text-align:center;line-height:1;font-size:50px}.elementor-widget-text-editor .elementor-drop-cap-letter{display:inline-block}<\/style>\t\t\t\t<p>Lumond vous propose une vari\u00e9t\u00e9 d&#8217;options de paiement. Apr\u00e8s avoir ajout\u00e9 le produit souhait\u00e9 \u00e0 votre panier, vous pouvez cliquer sur le bouton &#8220;Passer \u00e0 la caisse&#8221; ou &#8220;Achat express avec PayPal&#8221;. Sur la page suivante, vous pouvez choisir parmi les m\u00e9thodes de paiement suivantes :<\/p><p><strong>1. Paiement avec Klarna<\/strong><\/p><ul class=\"lumond-list-ul\"><li>Recevez d&#8217;abord les marchandises, puis payez.<\/li><li>Plus simple : Pas de cartes de cr\u00e9dit ni de mots de passe.<\/li><li>Plus s\u00fbr : Ne payez que pour les marchandises que vous avez re\u00e7ues.<\/li><li>Certifi\u00e9 par T\u00dcV et conforme \u00e0 Trusted Shops.<\/li><li>Des millions de clients satisfaits.<\/li><\/ul><p>Avec Klarna, le shopping est plus rapide car vous n&#8217;avez qu&#8217;un minimum de donn\u00e9es \u00e0 saisir et vous \u00e9vitez un long processus d&#8217;inscription. Vous recevez la marchandise avant le paiement. Si vous \u00eates satisfait de votre commande re\u00e7ue, vous r\u00e9glez la facture via Klarna.<\/p><p><strong>Paiement contre remboursement (Klarna)<\/strong><\/p><p>Si vous choisissez le paiement par Klarna, vous ne payez qu&#8217;apr\u00e8s r\u00e9ception de la marchandise. Informations utiles concernant Klarna :<\/p><ul class=\"lumond-list-ul\"><li>Si vous n&#8217;\u00eates pas satisfait de votre produit, veuillez nous contacter imm\u00e9diatement. Ne renvoyez pas la commande sans nous contacter au pr\u00e9alable.<\/li><li>Si la marchandise n&#8217;est pas livr\u00e9e dans les d\u00e9lais pr\u00e9vus, contactez-nous ou Klarna imm\u00e9diatement afin que nous puissions prolonger votre d\u00e9lai de paiement.<\/li><li>Si nous vous avons envoy\u00e9 une facture r\u00e9vis\u00e9e par e-mail, veuillez ignorer la facture papier que vous avez re\u00e7ue avec le colis. Celle-ci peut ne plus \u00eatre \u00e0 jour.<\/li><li>N&#8217;h\u00e9sitez pas \u00e0 contacter Klarna directement. Veuillez noter que Klarna ne nous transmet pas la correspondance.<\/li><\/ul><p>Service client Klarna T\u00e9l\u00e9phone : +49 (0) 911 477 577 10<br \/>Service client Klarna en ligne : <a class=\"link-primary\" href=\"https:\/\/www.klarna.com\/de\/kundendienst\" rel=\"noopener noreferrer nofollow\">https:\/\/www.klarna.com\/de\/kundendienst<\/a><\/p><p><strong>2. D\u00e9lai de traitement :<\/strong><\/p><ul class=\"lumond-list-ul\"><li>Paiement par virement bancaire : 3-4 jours ouvrables<\/li><li>Paiement par virement instantan\u00e9 : 1-2 jours ouvrables<\/li><\/ul><p>Si vous n&#8217;avez pas re\u00e7u d&#8217;e-mail de confirmation apr\u00e8s cette p\u00e9riode, veuillez nous envoyer une copie\/capture d&#8217;\u00e9cran de votre preuve de paiement.<\/p><p><strong>3. PayPal :<\/strong><\/p><p><span style=\"font-style: inherit; font-weight: inherit; background-color: var(--ast-global-color-5); color: var(--ast-global-color-8);\">Lorsque vous cliquez sur le bouton &#8220;Payer avec PayPal&#8221;, vous \u00eates automatiquement redirig\u00e9 vers la page de paiement de PayPal. Vous n&#8217;avez pas besoin d&#8217;un compte PayPal pour utiliser PayPal.<\/span><\/p><p><strong>Nos syst\u00e8mes de paiement sont crypt\u00e9s en 2048 bits, ce qui garantit la s\u00e9curit\u00e9 absolue de votre achat.<\/strong><\/p><p><strong>candeleprofumate.co ne traite pas, ne stocke pas et ne transmet pas vos donn\u00e9es de carte de cr\u00e9dit \u00e0 des tiers.<\/strong><\/p><p><strong>Modifications des conditions de paiement :<\/strong><br \/>candeleprofumate.co se r\u00e9serve le droit de modifier ces conditions de paiement \u00e0 tout moment. Les clients seront inform\u00e9s de ces changements sur notre site internet. Si vous avez des questions ou des commentaires concernant les conditions de paiement, n&#8217;h\u00e9sitez pas \u00e0 nous contacter \u00e0 tout moment.<\/p><p><strong>Mentions l\u00e9gales suppl\u00e9mentaires :<\/strong><\/p><ol><li><strong>Droit de r\u00e9tractation :<\/strong> Veuillez noter que les clients ont un droit de r\u00e9tractation conform\u00e9ment \u00e0 l&#8217;article 355 du Code civil allemand (BGB). Vous trouverez les conditions exactes dans notre politique de r\u00e9tractation.<\/li><li><strong>Conclusion du contrat :<\/strong> Le contrat est conclu d\u00e8s que nous acceptons votre commande par un e-mail de confirmation.<\/li><li><strong>Stockage du texte du contrat :<\/strong> Le texte du contrat est stock\u00e9 par nos soins apr\u00e8s la conclusion du contrat et peut vous \u00eatre fourni sur demande.<\/li><\/ol><hr \/>\t\t\t\t\t\t<\/div>\n\t\t\t\t<\/div>\n\t\t\t\t\t<\/div>\n\t\t<\/div>\n\t\t\t\t\t<\/div>\n\t\t<\/section>\n\t\t\t\t<\/div>\n\t\t","protected":false},"excerpt":{"rendered":"<p>CONDITIONS DE PAIEMENT Lumond vous propose une vari\u00e9t\u00e9 d&#8217;options de paiement. Apr\u00e8s avoir ajout\u00e9 le produit souhait\u00e9 \u00e0 votre panier, vous pouvez cliquer sur le bouton &#8220;Passer \u00e0 la caisse&#8221; ou &#8220;Achat express avec PayPal&#8221;. Sur la page suivante, vous pouvez choisir parmi les m\u00e9thodes de paiement suivantes : 1. Paiement avec Klarna Recevez d&#8217;abord [&hellip;]<\/p>\n","protected":false},"author":1,"featured_media":0,"parent":0,"menu_order":0,"comment_status":"closed","ping_status":"closed","template":"","meta":{"_acf_changed":false,"site-sidebar-layout":"no-sidebar","site-content-layout":"page-builder","ast-site-content-layout":"","site-content-style":"default","site-sidebar-style":"default","ast-global-header-display":"","ast-banner-title-visibility":"","ast-main-header-display":"","ast-hfb-above-header-display":"","ast-hfb-below-header-display":"","ast-hfb-mobile-header-display":"","site-post-title":"disabled","ast-breadcrumbs-content":"","ast-featured-img":"disabled","footer-sml-layout":"","theme-transparent-header-meta":"default","adv-header-id-meta":"","stick-header-meta":"","header-above-stick-meta":"","header-main-stick-meta":"","header-below-stick-meta":"","astra-migrate-meta-layouts":"set","ast-page-background-enabled":"default","ast-page-background-meta":{"desktop":{"background-color":"","background-image":"","background-repeat":"repeat","background-position":"center center","background-size":"auto","background-attachment":"scroll","background-type":"","background-media":"","overlay-type":"","overlay-color":"","overlay-opacity":"","overlay-gradient":""},"tablet":{"background-color":"","background-image":"","background-repeat":"repeat","background-position":"center center","background-size":"auto","background-attachment":"scroll","background-type":"","background-media":"","overlay-type":"","overlay-color":"","overlay-opacity":"","overlay-gradient":""},"mobile":{"background-color":"","background-image":"","background-repeat":"repeat","background-position":"center center","background-size":"auto","background-attachment":"scroll","background-type":"","background-media":"","overlay-type":"","overlay-color":"","overlay-opacity":"","overlay-gradient":""}},"ast-content-background-meta":{"desktop":{"background-color":"var(--ast-global-color-5)","background-image":"","background-repeat":"repeat","background-position":"center center","background-size":"auto","background-attachment":"scroll","background-type":"","background-media":"","overlay-type":"","overlay-color":"","overlay-opacity":"","overlay-gradient":""},"tablet":{"background-color":"var(--ast-global-color-5)","background-image":"","background-repeat":"repeat","background-position":"center center","background-size":"auto","background-attachment":"scroll","background-type":"","background-media":"","overlay-type":"","overlay-color":"","overlay-opacity":"","overlay-gradient":""},"mobile":{"background-color":"var(--ast-global-color-5)","background-image":"","background-repeat":"repeat","background-position":"center center","background-size":"auto","background-attachment":"scroll","background-type":"","background-media":"","overlay-type":"","overlay-color":"","overlay-opacity":"","overlay-gradient":""}},"footnotes":""},"class_list":["post-51813","page","type-page","status-publish","hentry"],"acf":[],"yoast_head":"<!-- This site is optimized with the Yoast SEO Premium plugin v23.0 (Yoast SEO v23.0) - https:\/\/yoast.com\/wordpress\/plugins\/seo\/ -->\n<title>CONDITIONS DE PAIEMENT - Lumond<\/title>\n<meta name=\"description\" content=\"Conditions de paiement. Paiement \u00e0 la r\u00e9ception des marchandises.\" \/>\n<meta name=\"robots\" content=\"noindex, follow\" \/>\n<meta property=\"og:locale\" content=\"fr_FR\" \/>\n<meta property=\"og:type\" content=\"article\" \/>\n<meta property=\"og:title\" content=\"CONDITIONS DE PAIEMENT\" \/>\n<meta property=\"og:description\" content=\"Conditions de paiement. Paiement \u00e0 la r\u00e9ception des marchandises.\" \/>\n<meta property=\"og:url\" content=\"https:\/\/lumond.com\/fr\/conditions-de-paiement\/\" \/>\n<meta property=\"og:site_name\" content=\"Lumond\" \/>\n<meta property=\"article:publisher\" content=\"https:\/\/www.facebook.com\/lumond.de\/\" \/>\n<meta property=\"article:modified_time\" content=\"2025-10-09T11:43:48+00:00\" \/>\n<meta name=\"twitter:card\" content=\"summary_large_image\" \/>\n<meta name=\"twitter:label1\" content=\"Dur\u00e9e de lecture estim\u00e9e\" \/>\n\t<meta name=\"twitter:data1\" content=\"3 minutes\" \/>\n<script type=\"application\/ld+json\" class=\"yoast-schema-graph\">{\"@context\":\"https:\/\/schema.org\",\"@graph\":[{\"@type\":\"WebPage\",\"@id\":\"https:\/\/lumond.com\/fr\/conditions-de-paiement\/\",\"url\":\"https:\/\/lumond.com\/fr\/conditions-de-paiement\/\",\"name\":\"CONDITIONS DE PAIEMENT - Lumond\",\"isPartOf\":{\"@id\":\"https:\/\/lumond.com\/fr\/#website\"},\"datePublished\":\"2021-12-20T13:53:48+00:00\",\"dateModified\":\"2025-10-09T11:43:48+00:00\",\"description\":\"Conditions de paiement. Paiement \u00e0 la r\u00e9ception des marchandises.\",\"breadcrumb\":{\"@id\":\"https:\/\/lumond.com\/fr\/conditions-de-paiement\/#breadcrumb\"},\"inLanguage\":\"fr-FR\",\"potentialAction\":[{\"@type\":\"ReadAction\",\"target\":[\"https:\/\/lumond.com\/fr\/conditions-de-paiement\/\"]}]},{\"@type\":\"BreadcrumbList\",\"@id\":\"https:\/\/lumond.com\/fr\/conditions-de-paiement\/#breadcrumb\",\"itemListElement\":[{\"@type\":\"ListItem\",\"position\":1,\"name\":\"Lumond\",\"item\":\"https:\/\/lumond.com\/fr\/\"},{\"@type\":\"ListItem\",\"position\":2,\"name\":\"CONDITIONS DE PAIEMENT\"}]},{\"@type\":\"WebSite\",\"@id\":\"https:\/\/lumond.com\/fr\/#website\",\"url\":\"https:\/\/lumond.com\/fr\/\",\"name\":\"Lumond\",\"description\":\"Duftkerzen Im Glas\",\"publisher\":{\"@id\":\"https:\/\/lumond.com\/fr\/#organization\"},\"alternateName\":\"Lumond\",\"potentialAction\":[{\"@type\":\"SearchAction\",\"target\":{\"@type\":\"EntryPoint\",\"urlTemplate\":\"https:\/\/lumond.com\/fr\/?s={search_term_string}\"},\"query-input\":\"required name=search_term_string\"}],\"inLanguage\":\"fr-FR\"},{\"@type\":\"Organization\",\"@id\":\"https:\/\/lumond.com\/fr\/#organization\",\"name\":\"Lumond\",\"url\":\"https:\/\/lumond.com\/fr\/\",\"logo\":{\"@type\":\"ImageObject\",\"inLanguage\":\"fr-FR\",\"@id\":\"https:\/\/lumond.com\/fr\/#\/schema\/logo\/image\/\",\"url\":\"https:\/\/lumond.com\/wp-content\/uploads\/2022\/01\/cropped-40-05.png\",\"contentUrl\":\"https:\/\/lumond.com\/wp-content\/uploads\/2022\/01\/cropped-40-05.png\",\"width\":512,\"height\":512,\"caption\":\"Lumond\"},\"image\":{\"@id\":\"https:\/\/lumond.com\/fr\/#\/schema\/logo\/image\/\"},\"sameAs\":[\"https:\/\/www.facebook.com\/lumond.de\/\",\"https:\/\/www.instagram.com\/lumond.de\/\"],\"description\":\"Lumond fabrique des bougies parfum\u00e9es haut de gamme \u00e0 base de cire de soja naturelle, pr\u00e9sent\u00e9es dans des contenants en c\u00e9ramique \u00e9l\u00e9gants \u2013 durables, fabriqu\u00e9es en Allemagne et dot\u00e9es de compositions olfactives uniques. Id\u00e9ales pour une maison chaleureuse, soucieuse de l\u2019environnement et du design.\",\"email\":\"info@lumond.de\",\"legalName\":\"Lumond\",\"foundingDate\":\"2021-01-01\",\"ownershipFundingInfo\":\"https:\/\/lumond.com\/ueber-uns\/\",\"correctionsPolicy\":\"https:\/\/lumond.com\/kontakt\/\",\"address\":{\"@type\":\"PostalAddress\",\"streetAddress\":\"Lumond UG\",\"addressLocality\":\"Kolonnenstr. 8\",\"addressRegion\":\"Berlin\",\"postalCode\":\"10827\",\"addressCountry\":\"DE\"}}]}<\/script>\n<!-- \/ Yoast SEO Premium plugin. -->","yoast_head_json":{"title":"CONDITIONS DE PAIEMENT - Lumond","description":"Conditions de paiement. Paiement \u00e0 la r\u00e9ception des marchandises.","robots":{"index":"noindex","follow":"follow"},"og_locale":"fr_FR","og_type":"article","og_title":"CONDITIONS DE PAIEMENT","og_description":"Conditions de paiement. Paiement \u00e0 la r\u00e9ception des marchandises.","og_url":"https:\/\/lumond.com\/fr\/conditions-de-paiement\/","og_site_name":"Lumond","article_publisher":"https:\/\/www.facebook.com\/lumond.de\/","article_modified_time":"2025-10-09T11:43:48+00:00","twitter_card":"summary_large_image","twitter_misc":{"Dur\u00e9e de lecture estim\u00e9e":"3 minutes"},"schema":{"@context":"https:\/\/schema.org","@graph":[{"@type":"WebPage","@id":"https:\/\/lumond.com\/fr\/conditions-de-paiement\/","url":"https:\/\/lumond.com\/fr\/conditions-de-paiement\/","name":"CONDITIONS DE PAIEMENT - Lumond","isPartOf":{"@id":"https:\/\/lumond.com\/fr\/#website"},"datePublished":"2021-12-20T13:53:48+00:00","dateModified":"2025-10-09T11:43:48+00:00","description":"Conditions de paiement. Paiement \u00e0 la r\u00e9ception des marchandises.","breadcrumb":{"@id":"https:\/\/lumond.com\/fr\/conditions-de-paiement\/#breadcrumb"},"inLanguage":"fr-FR","potentialAction":[{"@type":"ReadAction","target":["https:\/\/lumond.com\/fr\/conditions-de-paiement\/"]}]},{"@type":"BreadcrumbList","@id":"https:\/\/lumond.com\/fr\/conditions-de-paiement\/#breadcrumb","itemListElement":[{"@type":"ListItem","position":1,"name":"Lumond","item":"https:\/\/lumond.com\/fr\/"},{"@type":"ListItem","position":2,"name":"CONDITIONS DE PAIEMENT"}]},{"@type":"WebSite","@id":"https:\/\/lumond.com\/fr\/#website","url":"https:\/\/lumond.com\/fr\/","name":"Lumond","description":"Duftkerzen Im Glas","publisher":{"@id":"https:\/\/lumond.com\/fr\/#organization"},"alternateName":"Lumond","potentialAction":[{"@type":"SearchAction","target":{"@type":"EntryPoint","urlTemplate":"https:\/\/lumond.com\/fr\/?s={search_term_string}"},"query-input":"required name=search_term_string"}],"inLanguage":"fr-FR"},{"@type":"Organization","@id":"https:\/\/lumond.com\/fr\/#organization","name":"Lumond","url":"https:\/\/lumond.com\/fr\/","logo":{"@type":"ImageObject","inLanguage":"fr-FR","@id":"https:\/\/lumond.com\/fr\/#\/schema\/logo\/image\/","url":"https:\/\/lumond.com\/wp-content\/uploads\/2022\/01\/cropped-40-05.png","contentUrl":"https:\/\/lumond.com\/wp-content\/uploads\/2022\/01\/cropped-40-05.png","width":512,"height":512,"caption":"Lumond"},"image":{"@id":"https:\/\/lumond.com\/fr\/#\/schema\/logo\/image\/"},"sameAs":["https:\/\/www.facebook.com\/lumond.de\/","https:\/\/www.instagram.com\/lumond.de\/"],"description":"Lumond fabrique des bougies parfum\u00e9es haut de gamme \u00e0 base de cire de soja naturelle, pr\u00e9sent\u00e9es dans des contenants en c\u00e9ramique \u00e9l\u00e9gants \u2013 durables, fabriqu\u00e9es en Allemagne et dot\u00e9es de compositions olfactives uniques. Id\u00e9ales pour une maison chaleureuse, soucieuse de l\u2019environnement et du design.","email":"info@lumond.de","legalName":"Lumond","foundingDate":"2021-01-01","ownershipFundingInfo":"https:\/\/lumond.com\/ueber-uns\/","correctionsPolicy":"https:\/\/lumond.com\/kontakt\/","address":{"@type":"PostalAddress","streetAddress":"Lumond UG","addressLocality":"Kolonnenstr. 8","addressRegion":"Berlin","postalCode":"10827","addressCountry":"DE"}}]}},"_links":{"self":[{"href":"https:\/\/lumond.com\/fr\/wp-json\/wp\/v2\/pages\/51813","targetHints":{"allow":["GET"]}}],"collection":[{"href":"https:\/\/lumond.com\/fr\/wp-json\/wp\/v2\/pages"}],"about":[{"href":"https:\/\/lumond.com\/fr\/wp-json\/wp\/v2\/types\/page"}],"author":[{"embeddable":true,"href":"https:\/\/lumond.com\/fr\/wp-json\/wp\/v2\/users\/1"}],"replies":[{"embeddable":true,"href":"https:\/\/lumond.com\/fr\/wp-json\/wp\/v2\/comments?post=51813"}],"version-history":[{"count":11,"href":"https:\/\/lumond.com\/fr\/wp-json\/wp\/v2\/pages\/51813\/revisions"}],"predecessor-version":[{"id":67373,"href":"https:\/\/lumond.com\/fr\/wp-json\/wp\/v2\/pages\/51813\/revisions\/67373"}],"wp:attachment":[{"href":"https:\/\/lumond.com\/fr\/wp-json\/wp\/v2\/media?parent=51813"}],"curies":[{"name":"wp","href":"https:\/\/api.w.org\/{rel}","templated":true}]}}