{"id":97684,"date":"2025-12-12T18:31:32","date_gmt":"2025-12-12T18:31:32","guid":{"rendered":"https:\/\/lumond.com\/product\/bluehende-keramikkerze-wacholder-lavendel-1400-g\/"},"modified":"2026-02-06T10:45:38","modified_gmt":"2026-02-06T10:45:38","slug":"kukkiva-keraaminen-kynttila-kataja-laventeli-1400-g","status":"publish","type":"product","link":"https:\/\/lumond.com\/fi\/tuote\/kukkiva-keraaminen-kynttila-kataja-laventeli-1400-g\/","title":{"rendered":"Kukkiva keraaminen kynttil\u00e4 \u2013 Kataja &#038; Laventeli \u2013 1400 g"},"content":{"rendered":"<p>Tuo rauhallisuutta kotiisi katajan ja laventelin hyv\u00e4\u00e4tekev\u00e4ll\u00e4 tuoksulla. T\u00e4m\u00e4 kukkiva kynttil\u00e4, huolellisesti valmistetussa keraamisessa pidikkeess\u00e4, yhdist\u00e4\u00e4 katajan maalaiset, puuiset s\u00e4vyt laventelin rauhoittavaan olemukseen ja luo rauhallisen, rennon tunnelman. Kun kynttil\u00e4 on palanut kokonaan loppuun, istuta mukana tulevat siemenet keraamiseen ruukkuun ja tuo kotiisi ripaus luonnollista rauhaa ja eleganssia.<\/p>\n","protected":false},"excerpt":{"rendered":"<p>Tuo rauhallisuutta kotiisi katajan ja laventelin hyv\u00e4\u00e4tekev\u00e4ll\u00e4 tuoksulla. T\u00e4m\u00e4 kukkiva kynttil\u00e4, huolellisesti valmistetussa keraamisessa pidikkeess\u00e4, yhdist\u00e4\u00e4 katajan maalaiset, puuiset s\u00e4vyt laventelin rauhoittavaan olemukseen ja luo rauhallisen, rennon tunnelman. Kun kynttil\u00e4 on palanut kokonaan loppuun, istuta mukana tulevat siemenet keraamiseen ruukkuun ja tuo kotiisi ripaus luonnollista rauhaa ja eleganssia.<\/p>\n","protected":false},"featured_media":85955,"comment_status":"closed","ping_status":"closed","template":"","meta":{"_acf_changed":false,"site-sidebar-layout":"default","site-content-layout":"","ast-site-content-layout":"default","site-content-style":"default","site-sidebar-style":"default","ast-global-header-display":"","ast-banner-title-visibility":"","ast-main-header-display":"","ast-hfb-above-header-display":"","ast-hfb-below-header-display":"","ast-hfb-mobile-header-display":"","site-post-title":"","ast-breadcrumbs-content":"","ast-featured-img":"","footer-sml-layout":"","theme-transparent-header-meta":"default","adv-header-id-meta":"","stick-header-meta":"","header-above-stick-meta":"","header-main-stick-meta":"","header-below-stick-meta":"","astra-migrate-meta-layouts":"set","ast-page-background-enabled":"default","ast-page-background-meta":{"desktop":{"background-color":"","background-image":"","background-repeat":"repeat","background-position":"center center","background-size":"auto","background-attachment":"scroll","background-type":"","background-media":"","overlay-type":"","overlay-color":"","overlay-opacity":"","overlay-gradient":""},"tablet":{"background-color":"","background-image":"","background-repeat":"repeat","background-position":"center center","background-size":"auto","background-attachment":"scroll","background-type":"","background-media":"","overlay-type":"","overlay-color":"","overlay-opacity":"","overlay-gradient":""},"mobile":{"background-color":"","background-image":"","background-repeat":"repeat","background-position":"center center","background-size":"auto","background-attachment":"scroll","background-type":"","background-media":"","overlay-type":"","overlay-color":"","overlay-opacity":"","overlay-gradient":""}},"ast-content-background-meta":{"desktop":{"background-color":"var(--ast-global-color-5)","background-image":"","background-repeat":"repeat","background-position":"center center","background-size":"auto","background-attachment":"scroll","background-type":"","background-media":"","overlay-type":"","overlay-color":"","overlay-opacity":"","overlay-gradient":""},"tablet":{"background-color":"var(--ast-global-color-5)","background-image":"","background-repeat":"repeat","background-position":"center center","background-size":"auto","background-attachment":"scroll","background-type":"","background-media":"","overlay-type":"","overlay-color":"","overlay-opacity":"","overlay-gradient":""},"mobile":{"background-color":"var(--ast-global-color-5)","background-image":"","background-repeat":"repeat","background-position":"center center","background-size":"auto","background-attachment":"scroll","background-type":"","background-media":"","overlay-type":"","overlay-color":"","overlay-opacity":"","overlay-gradient":""}}},"product_brand":[],"product_cat":[605],"product_tag":[661],"class_list":{"0":"post-97684","1":"product","2":"type-product","3":"status-publish","4":"has-post-thumbnail","6":"product_cat-kukoistavat-kynttilat","7":"product_tag-suuri","8":"desktop-align-left","9":"tablet-align-left","10":"mobile-align-left","12":"first","13":"instock","14":"sale","15":"taxable","16":"shipping-taxable","17":"purchasable","18":"product-type-simple"},"acf":[],"yoast_head":"<!-- This site is optimized with the Yoast SEO Premium plugin v23.0 (Yoast SEO v23.0) - https:\/\/yoast.com\/wordpress\/plugins\/seo\/ -->\n<title>Kukkiva keraaminen kynttil\u00e4 \u2013 Kataja &amp; Laventeli \u2013 1400 g - Lumond<\/title>\n<meta name=\"description\" content=\"Tuo rauhallisuutta kotiisi katajan ja laventelin hyv\u00e4\u00e4tekev\u00e4ll\u00e4 tuoksulla. T\u00e4m\u00e4 kukkiva kynttil\u00e4, huolellisesti valmistetussa keraamisessa pidikkeess\u00e4,\" \/>\n<meta name=\"robots\" content=\"index, follow, max-snippet:-1, max-image-preview:large, max-video-preview:-1\" \/>\n<link rel=\"canonical\" href=\"https:\/\/lumond.com\/fi\/tuote\/kukkiva-keraaminen-kynttila-kataja-laventeli-1400-g\/\" \/>\n<meta property=\"og:locale\" content=\"fi_FI\" \/>\n<meta property=\"og:type\" content=\"article\" \/>\n<meta property=\"og:title\" content=\"Kukkiva keraaminen kynttil\u00e4 \u2013 Kataja &amp; Laventeli \u2013 1400 g - Lumond\" \/>\n<meta property=\"og:description\" content=\"Tuo rauhallisuutta kotiisi katajan ja laventelin hyv\u00e4\u00e4tekev\u00e4ll\u00e4 tuoksulla. T\u00e4m\u00e4 kukkiva kynttil\u00e4, huolellisesti valmistetussa keraamisessa pidikkeess\u00e4,\" \/>\n<meta property=\"og:url\" content=\"https:\/\/lumond.com\/fi\/tuote\/kukkiva-keraaminen-kynttila-kataja-laventeli-1400-g\/\" \/>\n<meta property=\"og:site_name\" content=\"Lumond\" \/>\n<meta property=\"article:publisher\" content=\"https:\/\/www.facebook.com\/lumond.de\/\" \/>\n<meta property=\"article:modified_time\" content=\"2026-02-06T10:45:38+00:00\" \/>\n<meta property=\"og:image\" content=\"https:\/\/lumond.com\/wp-content\/uploads\/2025\/12\/Juniper-Lavender_image_1.webp\" \/>\n\t<meta property=\"og:image:width\" content=\"960\" \/>\n\t<meta property=\"og:image:height\" content=\"1088\" \/>\n\t<meta property=\"og:image:type\" content=\"image\/webp\" \/>\n<meta name=\"twitter:card\" content=\"summary_large_image\" \/>\n<meta name=\"twitter:label1\" content=\"Price\" \/>\n\t<meta name=\"twitter:data1\" content=\"&euro;&nbsp;99,00\" \/>\n\t<meta name=\"twitter:label2\" content=\"Availability\" \/>\n\t<meta name=\"twitter:data2\" content=\"In stock\" \/>\n<script type=\"application\/ld+json\" class=\"yoast-schema-graph\">{\"@context\":\"https:\/\/schema.org\",\"@graph\":[{\"@type\":[\"WebPage\",\"ItemPage\"],\"@id\":\"https:\/\/lumond.com\/fi\/tuote\/kukkiva-keraaminen-kynttila-kataja-laventeli-1400-g\/\",\"url\":\"https:\/\/lumond.com\/fi\/tuote\/kukkiva-keraaminen-kynttila-kataja-laventeli-1400-g\/\",\"name\":\"Kukkiva keraaminen kynttil\u00e4 \u2013 Kataja & Laventeli \u2013 1400 g - Lumond\",\"isPartOf\":{\"@id\":\"https:\/\/lumond.com\/fi\/#website\"},\"primaryImageOfPage\":{\"@id\":\"https:\/\/lumond.com\/fi\/tuote\/kukkiva-keraaminen-kynttila-kataja-laventeli-1400-g\/#primaryimage\"},\"image\":{\"@id\":\"https:\/\/lumond.com\/fi\/tuote\/kukkiva-keraaminen-kynttila-kataja-laventeli-1400-g\/#primaryimage\"},\"thumbnailUrl\":\"https:\/\/lumond.com\/wp-content\/uploads\/2025\/12\/Juniper-Lavender_image_1.webp\",\"datePublished\":\"2025-12-12T18:31:32+00:00\",\"dateModified\":\"2026-02-06T10:45:38+00:00\",\"description\":\"Tuo rauhallisuutta kotiisi katajan ja laventelin hyv\u00e4\u00e4tekev\u00e4ll\u00e4 tuoksulla. T\u00e4m\u00e4 kukkiva kynttil\u00e4, huolellisesti valmistetussa keraamisessa pidikkeess\u00e4,\",\"breadcrumb\":{\"@id\":\"https:\/\/lumond.com\/fi\/tuote\/kukkiva-keraaminen-kynttila-kataja-laventeli-1400-g\/#breadcrumb\"},\"inLanguage\":\"fi\",\"potentialAction\":[{\"@type\":\"ReadAction\",\"target\":[\"https:\/\/lumond.com\/fi\/tuote\/kukkiva-keraaminen-kynttila-kataja-laventeli-1400-g\/\"]}]},{\"@type\":\"ImageObject\",\"inLanguage\":\"fi\",\"@id\":\"https:\/\/lumond.com\/fi\/tuote\/kukkiva-keraaminen-kynttila-kataja-laventeli-1400-g\/#primaryimage\",\"url\":\"https:\/\/lumond.com\/wp-content\/uploads\/2025\/12\/Juniper-Lavender_image_1.webp\",\"contentUrl\":\"https:\/\/lumond.com\/wp-content\/uploads\/2025\/12\/Juniper-Lavender_image_1.webp\",\"width\":960,\"height\":1088},{\"@type\":\"BreadcrumbList\",\"@id\":\"https:\/\/lumond.com\/fi\/tuote\/kukkiva-keraaminen-kynttila-kataja-laventeli-1400-g\/#breadcrumb\",\"itemListElement\":[{\"@type\":\"ListItem\",\"position\":1,\"name\":\"Lumond\",\"item\":\"https:\/\/lumond.com\/fi\/\"},{\"@type\":\"ListItem\",\"position\":2,\"name\":\"Products\"},{\"@type\":\"ListItem\",\"position\":3,\"name\":\"Kukoistavat kynttil\u00e4t\",\"item\":\"https:\/\/lumond.com\/fi\/kukoistavat-kynttilat\/\"},{\"@type\":\"ListItem\",\"position\":4,\"name\":\"Kukkiva keraaminen kynttil\u00e4 \u2013 Kataja &#038; Laventeli \u2013 1400 g\"}]},{\"@type\":\"WebSite\",\"@id\":\"https:\/\/lumond.com\/fi\/#website\",\"url\":\"https:\/\/lumond.com\/fi\/\",\"name\":\"Lumond\",\"description\":\"Duftkerzen Im Glas\",\"publisher\":{\"@id\":\"https:\/\/lumond.com\/fi\/#organization\"},\"alternateName\":\"Lumond\",\"potentialAction\":[{\"@type\":\"SearchAction\",\"target\":{\"@type\":\"EntryPoint\",\"urlTemplate\":\"https:\/\/lumond.com\/fi\/?s={search_term_string}\"},\"query-input\":\"required name=search_term_string\"}],\"inLanguage\":\"fi\"},{\"@type\":\"Organization\",\"@id\":\"https:\/\/lumond.com\/fi\/#organization\",\"name\":\"Lumond\",\"url\":\"https:\/\/lumond.com\/fi\/\",\"logo\":{\"@type\":\"ImageObject\",\"inLanguage\":\"fi\",\"@id\":\"https:\/\/lumond.com\/fi\/#\/schema\/logo\/image\/\",\"url\":\"https:\/\/lumond.com\/wp-content\/uploads\/2022\/01\/cropped-40-05.png\",\"contentUrl\":\"https:\/\/lumond.com\/wp-content\/uploads\/2022\/01\/cropped-40-05.png\",\"width\":512,\"height\":512,\"caption\":\"Lumond\"},\"image\":{\"@id\":\"https:\/\/lumond.com\/fi\/#\/schema\/logo\/image\/\"},\"sameAs\":[\"https:\/\/www.facebook.com\/lumond.de\/\",\"https:\/\/www.instagram.com\/lumond.de\/\"],\"description\":\"Lumond valmistaa korkealaatuisia tuoksukynttil\u00f6it\u00e4 luonnollisesta soijavahasta tyylikk\u00e4iss\u00e4 keraamisissa astioissa \u2013 kest\u00e4v\u00e4sti Saksassa valmistettuja ja ainutlaatuisilla tuoksukoostumuksilla. Ihanteellinen kodikkaaseen kotiin, jossa arvostetaan ymp\u00e4rist\u00f6tietoisuutta ja muotoilua.\",\"email\":\"info@lumond.de\",\"legalName\":\"Lumond\",\"foundingDate\":\"2021-01-01\",\"ownershipFundingInfo\":\"https:\/\/lumond.com\/ueber-uns\/\",\"correctionsPolicy\":\"https:\/\/lumond.com\/kontakt\/\",\"address\":{\"@type\":\"PostalAddress\",\"streetAddress\":\"Lumond UG\",\"addressLocality\":\"Kolonnenstr. 8\",\"addressRegion\":\"Berlin\",\"postalCode\":\"10827\",\"addressCountry\":\"DE\"}}]}<\/script>\n<meta property=\"product:price:amount\" content=\"99.00\" \/>\n<meta property=\"product:price:currency\" content=\"EUR\" \/>\n<meta property=\"og:availability\" content=\"instock\" \/>\n<meta property=\"product:availability\" content=\"instock\" \/>\n<meta property=\"product:retailer_item_id\" content=\"427-24111\" \/>\n<meta property=\"product:condition\" content=\"new\" \/>\n<!-- \/ Yoast SEO Premium plugin. -->","yoast_head_json":{"title":"Kukkiva keraaminen kynttil\u00e4 \u2013 Kataja & Laventeli \u2013 1400 g - Lumond","description":"Tuo rauhallisuutta kotiisi katajan ja laventelin hyv\u00e4\u00e4tekev\u00e4ll\u00e4 tuoksulla. T\u00e4m\u00e4 kukkiva kynttil\u00e4, huolellisesti valmistetussa keraamisessa pidikkeess\u00e4,","robots":{"index":"index","follow":"follow","max-snippet":"max-snippet:-1","max-image-preview":"max-image-preview:large","max-video-preview":"max-video-preview:-1"},"canonical":"https:\/\/lumond.com\/fi\/tuote\/kukkiva-keraaminen-kynttila-kataja-laventeli-1400-g\/","og_locale":"fi_FI","og_type":"article","og_title":"Kukkiva keraaminen kynttil\u00e4 \u2013 Kataja & Laventeli \u2013 1400 g - Lumond","og_description":"Tuo rauhallisuutta kotiisi katajan ja laventelin hyv\u00e4\u00e4tekev\u00e4ll\u00e4 tuoksulla. T\u00e4m\u00e4 kukkiva kynttil\u00e4, huolellisesti valmistetussa keraamisessa pidikkeess\u00e4,","og_url":"https:\/\/lumond.com\/fi\/tuote\/kukkiva-keraaminen-kynttila-kataja-laventeli-1400-g\/","og_site_name":"Lumond","article_publisher":"https:\/\/www.facebook.com\/lumond.de\/","article_modified_time":"2026-02-06T10:45:38+00:00","og_image":[{"width":960,"height":1088,"url":"https:\/\/lumond.com\/wp-content\/uploads\/2025\/12\/Juniper-Lavender_image_1.webp","type":"image\/webp"}],"twitter_card":"summary_large_image","twitter_misc":{"Price":"&euro;&nbsp;99,00","Availability":"In stock"},"schema":{"@context":"https:\/\/schema.org","@graph":[{"@type":["WebPage","ItemPage"],"@id":"https:\/\/lumond.com\/fi\/tuote\/kukkiva-keraaminen-kynttila-kataja-laventeli-1400-g\/","url":"https:\/\/lumond.com\/fi\/tuote\/kukkiva-keraaminen-kynttila-kataja-laventeli-1400-g\/","name":"Kukkiva keraaminen kynttil\u00e4 \u2013 Kataja & Laventeli \u2013 1400 g - Lumond","isPartOf":{"@id":"https:\/\/lumond.com\/fi\/#website"},"primaryImageOfPage":{"@id":"https:\/\/lumond.com\/fi\/tuote\/kukkiva-keraaminen-kynttila-kataja-laventeli-1400-g\/#primaryimage"},"image":{"@id":"https:\/\/lumond.com\/fi\/tuote\/kukkiva-keraaminen-kynttila-kataja-laventeli-1400-g\/#primaryimage"},"thumbnailUrl":"https:\/\/lumond.com\/wp-content\/uploads\/2025\/12\/Juniper-Lavender_image_1.webp","datePublished":"2025-12-12T18:31:32+00:00","dateModified":"2026-02-06T10:45:38+00:00","description":"Tuo rauhallisuutta kotiisi katajan ja laventelin hyv\u00e4\u00e4tekev\u00e4ll\u00e4 tuoksulla. T\u00e4m\u00e4 kukkiva kynttil\u00e4, huolellisesti valmistetussa keraamisessa pidikkeess\u00e4,","breadcrumb":{"@id":"https:\/\/lumond.com\/fi\/tuote\/kukkiva-keraaminen-kynttila-kataja-laventeli-1400-g\/#breadcrumb"},"inLanguage":"fi","potentialAction":[{"@type":"ReadAction","target":["https:\/\/lumond.com\/fi\/tuote\/kukkiva-keraaminen-kynttila-kataja-laventeli-1400-g\/"]}]},{"@type":"ImageObject","inLanguage":"fi","@id":"https:\/\/lumond.com\/fi\/tuote\/kukkiva-keraaminen-kynttila-kataja-laventeli-1400-g\/#primaryimage","url":"https:\/\/lumond.com\/wp-content\/uploads\/2025\/12\/Juniper-Lavender_image_1.webp","contentUrl":"https:\/\/lumond.com\/wp-content\/uploads\/2025\/12\/Juniper-Lavender_image_1.webp","width":960,"height":1088},{"@type":"BreadcrumbList","@id":"https:\/\/lumond.com\/fi\/tuote\/kukkiva-keraaminen-kynttila-kataja-laventeli-1400-g\/#breadcrumb","itemListElement":[{"@type":"ListItem","position":1,"name":"Lumond","item":"https:\/\/lumond.com\/fi\/"},{"@type":"ListItem","position":2,"name":"Products"},{"@type":"ListItem","position":3,"name":"Kukoistavat kynttil\u00e4t","item":"https:\/\/lumond.com\/fi\/kukoistavat-kynttilat\/"},{"@type":"ListItem","position":4,"name":"Kukkiva keraaminen kynttil\u00e4 \u2013 Kataja &#038; Laventeli \u2013 1400 g"}]},{"@type":"WebSite","@id":"https:\/\/lumond.com\/fi\/#website","url":"https:\/\/lumond.com\/fi\/","name":"Lumond","description":"Duftkerzen Im Glas","publisher":{"@id":"https:\/\/lumond.com\/fi\/#organization"},"alternateName":"Lumond","potentialAction":[{"@type":"SearchAction","target":{"@type":"EntryPoint","urlTemplate":"https:\/\/lumond.com\/fi\/?s={search_term_string}"},"query-input":"required name=search_term_string"}],"inLanguage":"fi"},{"@type":"Organization","@id":"https:\/\/lumond.com\/fi\/#organization","name":"Lumond","url":"https:\/\/lumond.com\/fi\/","logo":{"@type":"ImageObject","inLanguage":"fi","@id":"https:\/\/lumond.com\/fi\/#\/schema\/logo\/image\/","url":"https:\/\/lumond.com\/wp-content\/uploads\/2022\/01\/cropped-40-05.png","contentUrl":"https:\/\/lumond.com\/wp-content\/uploads\/2022\/01\/cropped-40-05.png","width":512,"height":512,"caption":"Lumond"},"image":{"@id":"https:\/\/lumond.com\/fi\/#\/schema\/logo\/image\/"},"sameAs":["https:\/\/www.facebook.com\/lumond.de\/","https:\/\/www.instagram.com\/lumond.de\/"],"description":"Lumond valmistaa korkealaatuisia tuoksukynttil\u00f6it\u00e4 luonnollisesta soijavahasta tyylikk\u00e4iss\u00e4 keraamisissa astioissa \u2013 kest\u00e4v\u00e4sti Saksassa valmistettuja ja ainutlaatuisilla tuoksukoostumuksilla. Ihanteellinen kodikkaaseen kotiin, jossa arvostetaan ymp\u00e4rist\u00f6tietoisuutta ja muotoilua.","email":"info@lumond.de","legalName":"Lumond","foundingDate":"2021-01-01","ownershipFundingInfo":"https:\/\/lumond.com\/ueber-uns\/","correctionsPolicy":"https:\/\/lumond.com\/kontakt\/","address":{"@type":"PostalAddress","streetAddress":"Lumond UG","addressLocality":"Kolonnenstr. 8","addressRegion":"Berlin","postalCode":"10827","addressCountry":"DE"}}]},"product_price_amount":"99.00","product_price_currency":"EUR","og_availability":"instock","product_availability":"instock","product_retailer_item_id":"427-24111","product_condition":"new"},"_links":{"self":[{"href":"https:\/\/lumond.com\/fi\/wp-json\/wp\/v2\/product\/97684","targetHints":{"allow":["GET"]}}],"collection":[{"href":"https:\/\/lumond.com\/fi\/wp-json\/wp\/v2\/product"}],"about":[{"href":"https:\/\/lumond.com\/fi\/wp-json\/wp\/v2\/types\/product"}],"replies":[{"embeddable":true,"href":"https:\/\/lumond.com\/fi\/wp-json\/wp\/v2\/comments?post=97684"}],"wp:featuredmedia":[{"embeddable":true,"href":"https:\/\/lumond.com\/fi\/wp-json\/wp\/v2\/media\/85955"}],"wp:attachment":[{"href":"https:\/\/lumond.com\/fi\/wp-json\/wp\/v2\/media?parent=97684"}],"wp:term":[{"taxonomy":"product_brand","embeddable":true,"href":"https:\/\/lumond.com\/fi\/wp-json\/wp\/v2\/product_brand?post=97684"},{"taxonomy":"product_cat","embeddable":true,"href":"https:\/\/lumond.com\/fi\/wp-json\/wp\/v2\/product_cat?post=97684"},{"taxonomy":"product_tag","embeddable":true,"href":"https:\/\/lumond.com\/fi\/wp-json\/wp\/v2\/product_tag?post=97684"}],"curies":[{"name":"wp","href":"https:\/\/api.w.org\/{rel}","templated":true}]}}