{"id":65019,"date":"2024-06-21T16:54:35","date_gmt":"2024-06-21T16:54:35","guid":{"rendered":"https:\/\/lumond.com\/product\/bluehendes-trio-meersalz-salbei-englische-birne-freesie-zitronengras-bergamotte-2\/"},"modified":"2025-09-24T16:55:43","modified_gmt":"2025-09-24T16:55:43","slug":"kukkiva-trio-merisuola-salvia-englantilainen-paaryna-freesia-sitruunaruoho-bergamotti-220-g-x-3","status":"publish","type":"product","link":"https:\/\/lumond.com\/fi\/tuote\/kukkiva-trio-merisuola-salvia-englantilainen-paaryna-freesia-sitruunaruoho-bergamotti-220-g-x-3\/","title":{"rendered":"Kukkiva Trio \u2013 Merisuola &#038; Salvia, Englantilainen P\u00e4\u00e4ryn\u00e4 &#038; Freesia, Sitruunaruoho &#038; Bergamotti (220 g x 3)"},"content":{"rendered":"<p>Nauti Kukkiva Trio -setist\u00e4mme, joka sis\u00e4lt\u00e4\u00e4 Merisuolan &#038; Salvian, Englantilaisen P\u00e4\u00e4ryn\u00e4n &#038; Freesian sek\u00e4 Sitruunaruohon &#038; Bergamotin. Jokainen kynttil\u00e4 k\u00e4sintehdyss\u00e4 keramiikka-astiassa tarjoaa ainutlaatuisen tuoksuel\u00e4myksen. Kun olet k\u00e4ytt\u00e4nyt kynttil\u00e4t, voit istuttaa mukana tulevat siemenet ruukkuihin ja tuoda kotiisi ripauksen luonnollista eleganssia.<\/p>\n<div><b>Huomioithan:<\/b> Kynttil\u00f6idemme siemenet ovat kausiluonteisia ja voivat poiketa kuvassa esitetyst\u00e4.<\/div>\n","protected":false},"excerpt":{"rendered":"<p>Nauti Kukkiva Trio -setist\u00e4mme, joka sis\u00e4lt\u00e4\u00e4 Merisuolan &#038; Salvian, Englantilaisen P\u00e4\u00e4ryn\u00e4n &#038; Freesian sek\u00e4 Sitruunaruohon &#038; Bergamotin. Jokainen kynttil\u00e4 k\u00e4sintehdyss\u00e4 keramiikka-astiassa tarjoaa ainutlaatuisen tuoksuel\u00e4myksen. Kun olet k\u00e4ytt\u00e4nyt kynttil\u00e4t, voit istuttaa mukana tulevat siemenet ruukkuihin ja tuoda kotiisi ripauksen luonnollista eleganssia. Huomioithan: Kynttil\u00f6idemme siemenet ovat kausiluonteisia ja voivat poiketa kuvassa esitetyst\u00e4.<\/p>\n","protected":false},"featured_media":65020,"comment_status":"open","ping_status":"closed","template":"","meta":{"_acf_changed":false,"site-sidebar-layout":"default","site-content-layout":"","ast-site-content-layout":"default","site-content-style":"default","site-sidebar-style":"default","ast-global-header-display":"","ast-banner-title-visibility":"","ast-main-header-display":"","ast-hfb-above-header-display":"","ast-hfb-below-header-display":"","ast-hfb-mobile-header-display":"","site-post-title":"","ast-breadcrumbs-content":"","ast-featured-img":"","footer-sml-layout":"","theme-transparent-header-meta":"default","adv-header-id-meta":"","stick-header-meta":"","header-above-stick-meta":"","header-main-stick-meta":"","header-below-stick-meta":"","astra-migrate-meta-layouts":"set","ast-page-background-enabled":"default","ast-page-background-meta":{"desktop":{"background-color":"","background-image":"","background-repeat":"repeat","background-position":"center center","background-size":"auto","background-attachment":"scroll","background-type":"","background-media":"","overlay-type":"","overlay-color":"","overlay-opacity":"","overlay-gradient":""},"tablet":{"background-color":"","background-image":"","background-repeat":"repeat","background-position":"center center","background-size":"auto","background-attachment":"scroll","background-type":"","background-media":"","overlay-type":"","overlay-color":"","overlay-opacity":"","overlay-gradient":""},"mobile":{"background-color":"","background-image":"","background-repeat":"repeat","background-position":"center center","background-size":"auto","background-attachment":"scroll","background-type":"","background-media":"","overlay-type":"","overlay-color":"","overlay-opacity":"","overlay-gradient":""}},"ast-content-background-meta":{"desktop":{"background-color":"var(--ast-global-color-5)","background-image":"","background-repeat":"repeat","background-position":"center center","background-size":"auto","background-attachment":"scroll","background-type":"","background-media":"","overlay-type":"","overlay-color":"","overlay-opacity":"","overlay-gradient":""},"tablet":{"background-color":"var(--ast-global-color-5)","background-image":"","background-repeat":"repeat","background-position":"center center","background-size":"auto","background-attachment":"scroll","background-type":"","background-media":"","overlay-type":"","overlay-color":"","overlay-opacity":"","overlay-gradient":""},"mobile":{"background-color":"var(--ast-global-color-5)","background-image":"","background-repeat":"repeat","background-position":"center center","background-size":"auto","background-attachment":"scroll","background-type":"","background-media":"","overlay-type":"","overlay-color":"","overlay-opacity":"","overlay-gradient":""}}},"product_brand":[],"product_cat":[665,627,629,606],"product_tag":[630,631],"class_list":{"0":"post-65019","1":"product","2":"type-product","3":"status-publish","4":"has-post-thumbnail","6":"product_cat-kukoistava-kolmen-kappaleen-setti","7":"product_cat-ratisevat-kynttilat-puusydamella","8":"product_cat-soijavahakynttilat","9":"product_cat-tuoksukynttilat","10":"product_tag-keskikokoinen","11":"product_tag-toasty-fi","12":"desktop-align-left","13":"tablet-align-left","14":"mobile-align-left","16":"first","17":"outofstock","18":"taxable","19":"shipping-taxable","20":"purchasable","21":"product-type-simple"},"acf":[],"yoast_head":"<!-- This site is optimized with the Yoast SEO Premium plugin v23.0 (Yoast SEO v23.0) - https:\/\/yoast.com\/wordpress\/plugins\/seo\/ -->\n<title>Kukkiva Trio \u2013 Merisuola &amp; Salvia, Englantilainen P\u00e4\u00e4ryn\u00e4 &amp; Freesia, Sitruunaruoho &amp; Bergamotti (220 g x 3) - Lumond<\/title>\n<meta name=\"description\" content=\"Kukkiva Trio-setti: Tuoksukynttil\u00e4t keramiikassa \u2013 Merisuola\u2013Salvia, P\u00e4\u00e4ryn\u00e4\u2013Freesia, Sitruunaruoho\u2013Bergamotti. Sis\u00e4lt\u00e4\u00e4 siemeni\u00e4 istutettavaksi. Luonnollista eleganssia kotiisi.\" \/>\n<meta name=\"robots\" content=\"index, follow, max-snippet:-1, max-image-preview:large, max-video-preview:-1\" \/>\n<link rel=\"canonical\" href=\"https:\/\/lumond.com\/fi\/tuote\/kukkiva-trio-merisuola-salvia-englantilainen-paaryna-freesia-sitruunaruoho-bergamotti-220-g-x-3\/\" \/>\n<meta property=\"og:locale\" content=\"fi_FI\" \/>\n<meta property=\"og:type\" content=\"article\" \/>\n<meta property=\"og:title\" content=\"Kukkiva Trio \u2013 Merisuola &amp; Salvia, Englantilainen P\u00e4\u00e4ryn\u00e4 &amp; Freesia, Sitruunaruoho &amp; Bergamotti (220 g x 3) - Lumond\" \/>\n<meta property=\"og:description\" content=\"Kukkiva Trio-setti: Tuoksukynttil\u00e4t keramiikassa \u2013 Merisuola\u2013Salvia, P\u00e4\u00e4ryn\u00e4\u2013Freesia, Sitruunaruoho\u2013Bergamotti. Sis\u00e4lt\u00e4\u00e4 siemeni\u00e4 istutettavaksi. Luonnollista eleganssia kotiisi.\" \/>\n<meta property=\"og:url\" content=\"https:\/\/lumond.com\/fi\/tuote\/kukkiva-trio-merisuola-salvia-englantilainen-paaryna-freesia-sitruunaruoho-bergamotti-220-g-x-3\/\" \/>\n<meta property=\"og:site_name\" content=\"Lumond\" \/>\n<meta property=\"article:publisher\" content=\"https:\/\/www.facebook.com\/lumond.de\/\" \/>\n<meta property=\"article:modified_time\" content=\"2025-09-24T16:55:43+00:00\" \/>\n<meta property=\"og:image\" content=\"https:\/\/lumond.com\/wp-content\/uploads\/2024\/06\/Bloomig-Triad-Sea-Salt-Sage-English-pear-freesia-Lemon-grass-bergamot-medium.webp\" \/>\n\t<meta property=\"og:image:width\" content=\"1080\" \/>\n\t<meta property=\"og:image:height\" content=\"1080\" \/>\n\t<meta property=\"og:image:type\" content=\"image\/webp\" \/>\n<meta name=\"twitter:card\" content=\"summary_large_image\" \/>\n<meta name=\"twitter:description\" content=\"Nauti Kukkiva Trio -setist\u00e4mme, joka sis\u00e4lt\u00e4\u00e4 Merisuolan &amp; Salvian, Englantilaisen P\u00e4\u00e4ryn\u00e4n &amp; Freesian sek\u00e4 Sitruunaruohon &amp; Bergamotin. Jokainen kynttil\u00e4\" \/>\n<meta name=\"twitter:label1\" content=\"Price\" \/>\n\t<meta name=\"twitter:data1\" content=\"&euro;&nbsp;119,97\" \/>\n\t<meta name=\"twitter:label2\" content=\"Availability\" \/>\n\t<meta name=\"twitter:data2\" content=\"Out of stock\" \/>\n<script type=\"application\/ld+json\" class=\"yoast-schema-graph\">{\"@context\":\"https:\/\/schema.org\",\"@graph\":[{\"@type\":[\"WebPage\",\"ItemPage\"],\"@id\":\"https:\/\/lumond.com\/fi\/tuote\/kukkiva-trio-merisuola-salvia-englantilainen-paaryna-freesia-sitruunaruoho-bergamotti-220-g-x-3\/\",\"url\":\"https:\/\/lumond.com\/fi\/tuote\/kukkiva-trio-merisuola-salvia-englantilainen-paaryna-freesia-sitruunaruoho-bergamotti-220-g-x-3\/\",\"name\":\"Kukkiva Trio \u2013 Merisuola & Salvia, Englantilainen P\u00e4\u00e4ryn\u00e4 & Freesia, Sitruunaruoho & Bergamotti (220 g x 3) - Lumond\",\"isPartOf\":{\"@id\":\"https:\/\/lumond.com\/fi\/#website\"},\"primaryImageOfPage\":{\"@id\":\"https:\/\/lumond.com\/fi\/tuote\/kukkiva-trio-merisuola-salvia-englantilainen-paaryna-freesia-sitruunaruoho-bergamotti-220-g-x-3\/#primaryimage\"},\"image\":{\"@id\":\"https:\/\/lumond.com\/fi\/tuote\/kukkiva-trio-merisuola-salvia-englantilainen-paaryna-freesia-sitruunaruoho-bergamotti-220-g-x-3\/#primaryimage\"},\"thumbnailUrl\":\"https:\/\/lumond.com\/wp-content\/uploads\/2024\/06\/Bloomig-Triad-Sea-Salt-Sage-English-pear-freesia-Lemon-grass-bergamot-medium.webp\",\"datePublished\":\"2024-06-21T16:54:35+00:00\",\"dateModified\":\"2025-09-24T16:55:43+00:00\",\"description\":\"Kukkiva Trio-setti: Tuoksukynttil\u00e4t keramiikassa \u2013 Merisuola\u2013Salvia, P\u00e4\u00e4ryn\u00e4\u2013Freesia, Sitruunaruoho\u2013Bergamotti. Sis\u00e4lt\u00e4\u00e4 siemeni\u00e4 istutettavaksi. Luonnollista eleganssia kotiisi.\",\"breadcrumb\":{\"@id\":\"https:\/\/lumond.com\/fi\/tuote\/kukkiva-trio-merisuola-salvia-englantilainen-paaryna-freesia-sitruunaruoho-bergamotti-220-g-x-3\/#breadcrumb\"},\"inLanguage\":\"fi\",\"potentialAction\":[{\"@type\":\"ReadAction\",\"target\":[\"https:\/\/lumond.com\/fi\/tuote\/kukkiva-trio-merisuola-salvia-englantilainen-paaryna-freesia-sitruunaruoho-bergamotti-220-g-x-3\/\"]}]},{\"@type\":\"ImageObject\",\"inLanguage\":\"fi\",\"@id\":\"https:\/\/lumond.com\/fi\/tuote\/kukkiva-trio-merisuola-salvia-englantilainen-paaryna-freesia-sitruunaruoho-bergamotti-220-g-x-3\/#primaryimage\",\"url\":\"https:\/\/lumond.com\/wp-content\/uploads\/2024\/06\/Bloomig-Triad-Sea-Salt-Sage-English-pear-freesia-Lemon-grass-bergamot-medium.webp\",\"contentUrl\":\"https:\/\/lumond.com\/wp-content\/uploads\/2024\/06\/Bloomig-Triad-Sea-Salt-Sage-English-pear-freesia-Lemon-grass-bergamot-medium.webp\",\"width\":1080,\"height\":1080},{\"@type\":\"BreadcrumbList\",\"@id\":\"https:\/\/lumond.com\/fi\/tuote\/kukkiva-trio-merisuola-salvia-englantilainen-paaryna-freesia-sitruunaruoho-bergamotti-220-g-x-3\/#breadcrumb\",\"itemListElement\":[{\"@type\":\"ListItem\",\"position\":1,\"name\":\"Lumond\",\"item\":\"https:\/\/lumond.com\/fi\/\"},{\"@type\":\"ListItem\",\"position\":2,\"name\":\"Products\"},{\"@type\":\"ListItem\",\"position\":3,\"name\":\"Tuoksukynttil\u00e4t\",\"item\":\"https:\/\/lumond.com\/fi\/tuoksukynttilat\/\"},{\"@type\":\"ListItem\",\"position\":4,\"name\":\"Kukkiva Trio \u2013 Merisuola &#038; Salvia, Englantilainen P\u00e4\u00e4ryn\u00e4 &#038; Freesia, Sitruunaruoho &#038; Bergamotti (220 g x 3)\"}]},{\"@type\":\"WebSite\",\"@id\":\"https:\/\/lumond.com\/fi\/#website\",\"url\":\"https:\/\/lumond.com\/fi\/\",\"name\":\"Lumond\",\"description\":\"Duftkerzen Im Glas\",\"publisher\":{\"@id\":\"https:\/\/lumond.com\/fi\/#organization\"},\"alternateName\":\"Lumond\",\"potentialAction\":[{\"@type\":\"SearchAction\",\"target\":{\"@type\":\"EntryPoint\",\"urlTemplate\":\"https:\/\/lumond.com\/fi\/?s={search_term_string}\"},\"query-input\":\"required name=search_term_string\"}],\"inLanguage\":\"fi\"},{\"@type\":\"Organization\",\"@id\":\"https:\/\/lumond.com\/fi\/#organization\",\"name\":\"Lumond\",\"url\":\"https:\/\/lumond.com\/fi\/\",\"logo\":{\"@type\":\"ImageObject\",\"inLanguage\":\"fi\",\"@id\":\"https:\/\/lumond.com\/fi\/#\/schema\/logo\/image\/\",\"url\":\"https:\/\/lumond.com\/wp-content\/uploads\/2022\/01\/cropped-40-05.png\",\"contentUrl\":\"https:\/\/lumond.com\/wp-content\/uploads\/2022\/01\/cropped-40-05.png\",\"width\":512,\"height\":512,\"caption\":\"Lumond\"},\"image\":{\"@id\":\"https:\/\/lumond.com\/fi\/#\/schema\/logo\/image\/\"},\"sameAs\":[\"https:\/\/www.facebook.com\/lumond.de\/\",\"https:\/\/www.instagram.com\/lumond.de\/\"],\"description\":\"Lumond valmistaa korkealaatuisia tuoksukynttil\u00f6it\u00e4 luonnollisesta soijavahasta tyylikk\u00e4iss\u00e4 keraamisissa astioissa \u2013 kest\u00e4v\u00e4sti Saksassa valmistettuja ja ainutlaatuisilla tuoksukoostumuksilla. Ihanteellinen kodikkaaseen kotiin, jossa arvostetaan ymp\u00e4rist\u00f6tietoisuutta ja muotoilua.\",\"email\":\"info@lumond.de\",\"legalName\":\"Lumond\",\"foundingDate\":\"2021-01-01\",\"ownershipFundingInfo\":\"https:\/\/lumond.com\/ueber-uns\/\",\"correctionsPolicy\":\"https:\/\/lumond.com\/kontakt\/\",\"address\":{\"@type\":\"PostalAddress\",\"streetAddress\":\"Lumond UG\",\"addressLocality\":\"Kolonnenstr. 8\",\"addressRegion\":\"Berlin\",\"postalCode\":\"10827\",\"addressCountry\":\"DE\"}}]}<\/script>\n<meta property=\"product:price:amount\" content=\"119.97\" \/>\n<meta property=\"product:price:currency\" content=\"EUR\" \/>\n<meta property=\"og:availability\" content=\"out of stock\" \/>\n<meta property=\"product:availability\" content=\"out of stock\" \/>\n<meta property=\"product:retailer_item_id\" content=\"427-244-245-246\" \/>\n<meta property=\"product:condition\" content=\"new\" \/>\n<!-- \/ Yoast SEO Premium plugin. -->","yoast_head_json":{"title":"Kukkiva Trio \u2013 Merisuola & Salvia, Englantilainen P\u00e4\u00e4ryn\u00e4 & Freesia, Sitruunaruoho & Bergamotti (220 g x 3) - Lumond","description":"Kukkiva Trio-setti: Tuoksukynttil\u00e4t keramiikassa \u2013 Merisuola\u2013Salvia, P\u00e4\u00e4ryn\u00e4\u2013Freesia, Sitruunaruoho\u2013Bergamotti. Sis\u00e4lt\u00e4\u00e4 siemeni\u00e4 istutettavaksi. Luonnollista eleganssia kotiisi.","robots":{"index":"index","follow":"follow","max-snippet":"max-snippet:-1","max-image-preview":"max-image-preview:large","max-video-preview":"max-video-preview:-1"},"canonical":"https:\/\/lumond.com\/fi\/tuote\/kukkiva-trio-merisuola-salvia-englantilainen-paaryna-freesia-sitruunaruoho-bergamotti-220-g-x-3\/","og_locale":"fi_FI","og_type":"article","og_title":"Kukkiva Trio \u2013 Merisuola & Salvia, Englantilainen P\u00e4\u00e4ryn\u00e4 & Freesia, Sitruunaruoho & Bergamotti (220 g x 3) - Lumond","og_description":"Kukkiva Trio-setti: Tuoksukynttil\u00e4t keramiikassa \u2013 Merisuola\u2013Salvia, P\u00e4\u00e4ryn\u00e4\u2013Freesia, Sitruunaruoho\u2013Bergamotti. Sis\u00e4lt\u00e4\u00e4 siemeni\u00e4 istutettavaksi. Luonnollista eleganssia kotiisi.","og_url":"https:\/\/lumond.com\/fi\/tuote\/kukkiva-trio-merisuola-salvia-englantilainen-paaryna-freesia-sitruunaruoho-bergamotti-220-g-x-3\/","og_site_name":"Lumond","article_publisher":"https:\/\/www.facebook.com\/lumond.de\/","article_modified_time":"2025-09-24T16:55:43+00:00","og_image":[{"width":1080,"height":1080,"url":"https:\/\/lumond.com\/wp-content\/uploads\/2024\/06\/Bloomig-Triad-Sea-Salt-Sage-English-pear-freesia-Lemon-grass-bergamot-medium.webp","type":"image\/webp"}],"twitter_card":"summary_large_image","twitter_description":"Nauti Kukkiva Trio -setist\u00e4mme, joka sis\u00e4lt\u00e4\u00e4 Merisuolan & Salvian, Englantilaisen P\u00e4\u00e4ryn\u00e4n & Freesian sek\u00e4 Sitruunaruohon & Bergamotin. Jokainen kynttil\u00e4","twitter_misc":{"Price":"&euro;&nbsp;119,97","Availability":"Out of stock"},"schema":{"@context":"https:\/\/schema.org","@graph":[{"@type":["WebPage","ItemPage"],"@id":"https:\/\/lumond.com\/fi\/tuote\/kukkiva-trio-merisuola-salvia-englantilainen-paaryna-freesia-sitruunaruoho-bergamotti-220-g-x-3\/","url":"https:\/\/lumond.com\/fi\/tuote\/kukkiva-trio-merisuola-salvia-englantilainen-paaryna-freesia-sitruunaruoho-bergamotti-220-g-x-3\/","name":"Kukkiva Trio \u2013 Merisuola & Salvia, Englantilainen P\u00e4\u00e4ryn\u00e4 & Freesia, Sitruunaruoho & Bergamotti (220 g x 3) - Lumond","isPartOf":{"@id":"https:\/\/lumond.com\/fi\/#website"},"primaryImageOfPage":{"@id":"https:\/\/lumond.com\/fi\/tuote\/kukkiva-trio-merisuola-salvia-englantilainen-paaryna-freesia-sitruunaruoho-bergamotti-220-g-x-3\/#primaryimage"},"image":{"@id":"https:\/\/lumond.com\/fi\/tuote\/kukkiva-trio-merisuola-salvia-englantilainen-paaryna-freesia-sitruunaruoho-bergamotti-220-g-x-3\/#primaryimage"},"thumbnailUrl":"https:\/\/lumond.com\/wp-content\/uploads\/2024\/06\/Bloomig-Triad-Sea-Salt-Sage-English-pear-freesia-Lemon-grass-bergamot-medium.webp","datePublished":"2024-06-21T16:54:35+00:00","dateModified":"2025-09-24T16:55:43+00:00","description":"Kukkiva Trio-setti: Tuoksukynttil\u00e4t keramiikassa \u2013 Merisuola\u2013Salvia, P\u00e4\u00e4ryn\u00e4\u2013Freesia, Sitruunaruoho\u2013Bergamotti. Sis\u00e4lt\u00e4\u00e4 siemeni\u00e4 istutettavaksi. Luonnollista eleganssia kotiisi.","breadcrumb":{"@id":"https:\/\/lumond.com\/fi\/tuote\/kukkiva-trio-merisuola-salvia-englantilainen-paaryna-freesia-sitruunaruoho-bergamotti-220-g-x-3\/#breadcrumb"},"inLanguage":"fi","potentialAction":[{"@type":"ReadAction","target":["https:\/\/lumond.com\/fi\/tuote\/kukkiva-trio-merisuola-salvia-englantilainen-paaryna-freesia-sitruunaruoho-bergamotti-220-g-x-3\/"]}]},{"@type":"ImageObject","inLanguage":"fi","@id":"https:\/\/lumond.com\/fi\/tuote\/kukkiva-trio-merisuola-salvia-englantilainen-paaryna-freesia-sitruunaruoho-bergamotti-220-g-x-3\/#primaryimage","url":"https:\/\/lumond.com\/wp-content\/uploads\/2024\/06\/Bloomig-Triad-Sea-Salt-Sage-English-pear-freesia-Lemon-grass-bergamot-medium.webp","contentUrl":"https:\/\/lumond.com\/wp-content\/uploads\/2024\/06\/Bloomig-Triad-Sea-Salt-Sage-English-pear-freesia-Lemon-grass-bergamot-medium.webp","width":1080,"height":1080},{"@type":"BreadcrumbList","@id":"https:\/\/lumond.com\/fi\/tuote\/kukkiva-trio-merisuola-salvia-englantilainen-paaryna-freesia-sitruunaruoho-bergamotti-220-g-x-3\/#breadcrumb","itemListElement":[{"@type":"ListItem","position":1,"name":"Lumond","item":"https:\/\/lumond.com\/fi\/"},{"@type":"ListItem","position":2,"name":"Products"},{"@type":"ListItem","position":3,"name":"Tuoksukynttil\u00e4t","item":"https:\/\/lumond.com\/fi\/tuoksukynttilat\/"},{"@type":"ListItem","position":4,"name":"Kukkiva Trio \u2013 Merisuola &#038; Salvia, Englantilainen P\u00e4\u00e4ryn\u00e4 &#038; Freesia, Sitruunaruoho &#038; Bergamotti (220 g x 3)"}]},{"@type":"WebSite","@id":"https:\/\/lumond.com\/fi\/#website","url":"https:\/\/lumond.com\/fi\/","name":"Lumond","description":"Duftkerzen Im Glas","publisher":{"@id":"https:\/\/lumond.com\/fi\/#organization"},"alternateName":"Lumond","potentialAction":[{"@type":"SearchAction","target":{"@type":"EntryPoint","urlTemplate":"https:\/\/lumond.com\/fi\/?s={search_term_string}"},"query-input":"required name=search_term_string"}],"inLanguage":"fi"},{"@type":"Organization","@id":"https:\/\/lumond.com\/fi\/#organization","name":"Lumond","url":"https:\/\/lumond.com\/fi\/","logo":{"@type":"ImageObject","inLanguage":"fi","@id":"https:\/\/lumond.com\/fi\/#\/schema\/logo\/image\/","url":"https:\/\/lumond.com\/wp-content\/uploads\/2022\/01\/cropped-40-05.png","contentUrl":"https:\/\/lumond.com\/wp-content\/uploads\/2022\/01\/cropped-40-05.png","width":512,"height":512,"caption":"Lumond"},"image":{"@id":"https:\/\/lumond.com\/fi\/#\/schema\/logo\/image\/"},"sameAs":["https:\/\/www.facebook.com\/lumond.de\/","https:\/\/www.instagram.com\/lumond.de\/"],"description":"Lumond valmistaa korkealaatuisia tuoksukynttil\u00f6it\u00e4 luonnollisesta soijavahasta tyylikk\u00e4iss\u00e4 keraamisissa astioissa \u2013 kest\u00e4v\u00e4sti Saksassa valmistettuja ja ainutlaatuisilla tuoksukoostumuksilla. Ihanteellinen kodikkaaseen kotiin, jossa arvostetaan ymp\u00e4rist\u00f6tietoisuutta ja muotoilua.","email":"info@lumond.de","legalName":"Lumond","foundingDate":"2021-01-01","ownershipFundingInfo":"https:\/\/lumond.com\/ueber-uns\/","correctionsPolicy":"https:\/\/lumond.com\/kontakt\/","address":{"@type":"PostalAddress","streetAddress":"Lumond UG","addressLocality":"Kolonnenstr. 8","addressRegion":"Berlin","postalCode":"10827","addressCountry":"DE"}}]},"product_price_amount":"119.97","product_price_currency":"EUR","og_availability":"out of stock","product_availability":"out of stock","product_retailer_item_id":"427-244-245-246","product_condition":"new"},"_links":{"self":[{"href":"https:\/\/lumond.com\/fi\/wp-json\/wp\/v2\/product\/65019","targetHints":{"allow":["GET"]}}],"collection":[{"href":"https:\/\/lumond.com\/fi\/wp-json\/wp\/v2\/product"}],"about":[{"href":"https:\/\/lumond.com\/fi\/wp-json\/wp\/v2\/types\/product"}],"replies":[{"embeddable":true,"href":"https:\/\/lumond.com\/fi\/wp-json\/wp\/v2\/comments?post=65019"}],"wp:featuredmedia":[{"embeddable":true,"href":"https:\/\/lumond.com\/fi\/wp-json\/wp\/v2\/media\/65020"}],"wp:attachment":[{"href":"https:\/\/lumond.com\/fi\/wp-json\/wp\/v2\/media?parent=65019"}],"wp:term":[{"taxonomy":"product_brand","embeddable":true,"href":"https:\/\/lumond.com\/fi\/wp-json\/wp\/v2\/product_brand?post=65019"},{"taxonomy":"product_cat","embeddable":true,"href":"https:\/\/lumond.com\/fi\/wp-json\/wp\/v2\/product_cat?post=65019"},{"taxonomy":"product_tag","embeddable":true,"href":"https:\/\/lumond.com\/fi\/wp-json\/wp\/v2\/product_tag?post=65019"}],"curies":[{"name":"wp","href":"https:\/\/api.w.org\/{rel}","templated":true}]}}