{"id":64821,"date":"2025-05-12T10:06:12","date_gmt":"2025-05-12T10:06:12","guid":{"rendered":"https:\/\/lumond.com\/product\/bluehende-keramikkerze-oud-rosen-220g\/"},"modified":"2025-09-24T14:10:38","modified_gmt":"2025-09-24T14:10:38","slug":"kukkiva-keramiikkakynttila-oud-ruusu-220-g","status":"publish","type":"product","link":"https:\/\/lumond.com\/fi\/tuote\/kukkiva-keramiikkakynttila-oud-ruusu-220-g\/","title":{"rendered":"Kukkiva keramiikkakynttil\u00e4 \u2013 Oud &#038; Ruusu \u2013 220 g"},"content":{"rendered":"<p>Anna tilaasi jalo, kiehtova tunnelma oudin ja ruusujen ylellisell\u00e4 tuoksulla. T\u00e4m\u00e4 taidokkaasti muotoiltuun keramiikka-astiaan valettu kynttil\u00e4 yhdist\u00e4\u00e4 oudin syv\u00e4n, pihkaisen l\u00e4mm\u00f6n ruusujen lempe\u00e4\u00e4n, kukkaiseen makeuteen ja luo hienostuneen, ymp\u00e4r\u00f6iv\u00e4n ilmapiirin. Kun kynttil\u00e4 on palanut loppuun, voit istuttaa mukana tulevat siemenet keramiikkaruukkuun ja lis\u00e4t\u00e4 kotiisi luonnollista eleganssia ja viehkeytt\u00e4.<\/p>\n<div><strong>Huomioithan:<\/strong> Kynttil\u00f6idemme siemenet ovat kausiluonteisia ja voivat poiketa kuvassa esitetyst\u00e4.<\/div>\n","protected":false},"excerpt":{"rendered":"<p>Anna tilaasi jalo, kiehtova tunnelma oudin ja ruusujen ylellisell\u00e4 tuoksulla. T\u00e4m\u00e4 taidokkaasti muotoiltuun keramiikka-astiaan valettu kynttil\u00e4 yhdist\u00e4\u00e4 oudin syv\u00e4n, pihkaisen l\u00e4mm\u00f6n ruusujen lempe\u00e4\u00e4n, kukkaiseen makeuteen ja luo hienostuneen, ymp\u00e4r\u00f6iv\u00e4n ilmapiirin. Kun kynttil\u00e4 on palanut loppuun, voit istuttaa mukana tulevat siemenet keramiikkaruukkuun ja lis\u00e4t\u00e4 kotiisi luonnollista eleganssia ja viehkeytt\u00e4. Huomioithan: Kynttil\u00f6idemme siemenet ovat kausiluonteisia ja voivat [&hellip;]<\/p>\n","protected":false},"featured_media":64824,"comment_status":"closed","ping_status":"closed","template":"","meta":{"_acf_changed":false,"site-sidebar-layout":"default","site-content-layout":"","ast-site-content-layout":"default","site-content-style":"default","site-sidebar-style":"default","ast-global-header-display":"","ast-banner-title-visibility":"","ast-main-header-display":"","ast-hfb-above-header-display":"","ast-hfb-below-header-display":"","ast-hfb-mobile-header-display":"","site-post-title":"","ast-breadcrumbs-content":"","ast-featured-img":"","footer-sml-layout":"","theme-transparent-header-meta":"default","adv-header-id-meta":"","stick-header-meta":"","header-above-stick-meta":"","header-main-stick-meta":"","header-below-stick-meta":"","astra-migrate-meta-layouts":"set","ast-page-background-enabled":"default","ast-page-background-meta":{"desktop":{"background-color":"","background-image":"","background-repeat":"repeat","background-position":"center center","background-size":"auto","background-attachment":"scroll","background-type":"","background-media":"","overlay-type":"","overlay-color":"","overlay-opacity":"","overlay-gradient":""},"tablet":{"background-color":"","background-image":"","background-repeat":"repeat","background-position":"center center","background-size":"auto","background-attachment":"scroll","background-type":"","background-media":"","overlay-type":"","overlay-color":"","overlay-opacity":"","overlay-gradient":""},"mobile":{"background-color":"","background-image":"","background-repeat":"repeat","background-position":"center center","background-size":"auto","background-attachment":"scroll","background-type":"","background-media":"","overlay-type":"","overlay-color":"","overlay-opacity":"","overlay-gradient":""}},"ast-content-background-meta":{"desktop":{"background-color":"var(--ast-global-color-5)","background-image":"","background-repeat":"repeat","background-position":"center center","background-size":"auto","background-attachment":"scroll","background-type":"","background-media":"","overlay-type":"","overlay-color":"","overlay-opacity":"","overlay-gradient":""},"tablet":{"background-color":"var(--ast-global-color-5)","background-image":"","background-repeat":"repeat","background-position":"center center","background-size":"auto","background-attachment":"scroll","background-type":"","background-media":"","overlay-type":"","overlay-color":"","overlay-opacity":"","overlay-gradient":""},"mobile":{"background-color":"var(--ast-global-color-5)","background-image":"","background-repeat":"repeat","background-position":"center center","background-size":"auto","background-attachment":"scroll","background-type":"","background-media":"","overlay-type":"","overlay-color":"","overlay-opacity":"","overlay-gradient":""}}},"product_brand":[],"product_cat":[605,627,629,606],"product_tag":[630,631],"class_list":{"0":"post-64821","1":"product","2":"type-product","3":"status-publish","4":"has-post-thumbnail","6":"product_cat-kukoistavat-kynttilat","7":"product_cat-ratisevat-kynttilat-puusydamella","8":"product_cat-soijavahakynttilat","9":"product_cat-tuoksukynttilat","10":"product_tag-keskikokoinen","11":"product_tag-toasty-fi","12":"desktop-align-left","13":"tablet-align-left","14":"mobile-align-left","16":"first","17":"outofstock","18":"taxable","19":"shipping-taxable","20":"purchasable","21":"product-type-simple"},"acf":[],"yoast_head":"<!-- This site is optimized with the Yoast SEO Premium plugin v23.0 (Yoast SEO v23.0) - https:\/\/yoast.com\/wordpress\/plugins\/seo\/ -->\n<title>Kukkiva keramiikkakynttil\u00e4 \u2013 Oud &amp; Ruusu \u2013 220 g - Lumond<\/title>\n<meta name=\"description\" content=\"Tuoksukynttil\u00e4 hienostuneella oudin ja ruusun vivahteella keramiikka-astiassa, 220 g. Sis\u00e4lt\u00e4\u00e4 siemeni\u00e4, joista kasvaa kukkiva kasvi kynttil\u00e4n palaamisen j\u00e4lkeen.\" \/>\n<meta name=\"robots\" content=\"index, follow, max-snippet:-1, max-image-preview:large, max-video-preview:-1\" \/>\n<link rel=\"canonical\" href=\"https:\/\/lumond.com\/fi\/tuote\/kukkiva-keramiikkakynttila-oud-ruusu-220-g\/\" \/>\n<meta property=\"og:locale\" content=\"fi_FI\" \/>\n<meta property=\"og:type\" content=\"article\" \/>\n<meta property=\"og:title\" content=\"Kukkiva keramiikkakynttil\u00e4 \u2013 Oud &amp; Ruusu \u2013 220 g - Lumond\" \/>\n<meta property=\"og:description\" content=\"Tuoksukynttil\u00e4 hienostuneella oudin ja ruusun vivahteella keramiikka-astiassa, 220 g. Sis\u00e4lt\u00e4\u00e4 siemeni\u00e4, joista kasvaa kukkiva kasvi kynttil\u00e4n palaamisen j\u00e4lkeen.\" \/>\n<meta property=\"og:url\" content=\"https:\/\/lumond.com\/fi\/tuote\/kukkiva-keramiikkakynttila-oud-ruusu-220-g\/\" \/>\n<meta property=\"og:site_name\" content=\"Lumond\" \/>\n<meta property=\"article:publisher\" content=\"https:\/\/www.facebook.com\/lumond.de\/\" \/>\n<meta property=\"article:modified_time\" content=\"2025-09-24T14:10:38+00:00\" \/>\n<meta property=\"og:image\" content=\"https:\/\/lumond.com\/wp-content\/uploads\/2025\/05\/Oud-Rose-220-1-scaled.webp\" \/>\n\t<meta property=\"og:image:width\" content=\"2560\" \/>\n\t<meta property=\"og:image:height\" content=\"2560\" \/>\n\t<meta property=\"og:image:type\" content=\"image\/webp\" \/>\n<meta name=\"twitter:card\" content=\"summary_large_image\" \/>\n<meta name=\"twitter:description\" content=\"Anna tilaasi jalo, kiehtova tunnelma oudin ja ruusujen ylellisell\u00e4 tuoksulla. T\u00e4m\u00e4 taidokkaasti muotoiltuun keramiikka-astiaan valettu kynttil\u00e4 yhdist\u00e4\u00e4\" \/>\n<meta name=\"twitter:label1\" content=\"Price\" \/>\n\t<meta name=\"twitter:data1\" content=\"&euro;&nbsp;39,99\" \/>\n\t<meta name=\"twitter:label2\" content=\"Availability\" \/>\n\t<meta name=\"twitter:data2\" content=\"Out of stock\" \/>\n<script type=\"application\/ld+json\" class=\"yoast-schema-graph\">{\"@context\":\"https:\/\/schema.org\",\"@graph\":[{\"@type\":[\"WebPage\",\"ItemPage\"],\"@id\":\"https:\/\/lumond.com\/fi\/tuote\/kukkiva-keramiikkakynttila-oud-ruusu-220-g\/\",\"url\":\"https:\/\/lumond.com\/fi\/tuote\/kukkiva-keramiikkakynttila-oud-ruusu-220-g\/\",\"name\":\"Kukkiva keramiikkakynttil\u00e4 \u2013 Oud & Ruusu \u2013 220 g - Lumond\",\"isPartOf\":{\"@id\":\"https:\/\/lumond.com\/fi\/#website\"},\"primaryImageOfPage\":{\"@id\":\"https:\/\/lumond.com\/fi\/tuote\/kukkiva-keramiikkakynttila-oud-ruusu-220-g\/#primaryimage\"},\"image\":{\"@id\":\"https:\/\/lumond.com\/fi\/tuote\/kukkiva-keramiikkakynttila-oud-ruusu-220-g\/#primaryimage\"},\"thumbnailUrl\":\"https:\/\/lumond.com\/wp-content\/uploads\/2025\/05\/Oud-Rose-220-1-scaled.webp\",\"datePublished\":\"2025-05-12T10:06:12+00:00\",\"dateModified\":\"2025-09-24T14:10:38+00:00\",\"description\":\"Tuoksukynttil\u00e4 hienostuneella oudin ja ruusun vivahteella keramiikka-astiassa, 220 g. Sis\u00e4lt\u00e4\u00e4 siemeni\u00e4, joista kasvaa kukkiva kasvi kynttil\u00e4n palaamisen j\u00e4lkeen.\",\"breadcrumb\":{\"@id\":\"https:\/\/lumond.com\/fi\/tuote\/kukkiva-keramiikkakynttila-oud-ruusu-220-g\/#breadcrumb\"},\"inLanguage\":\"fi\",\"potentialAction\":[{\"@type\":\"ReadAction\",\"target\":[\"https:\/\/lumond.com\/fi\/tuote\/kukkiva-keramiikkakynttila-oud-ruusu-220-g\/\"]}]},{\"@type\":\"ImageObject\",\"inLanguage\":\"fi\",\"@id\":\"https:\/\/lumond.com\/fi\/tuote\/kukkiva-keramiikkakynttila-oud-ruusu-220-g\/#primaryimage\",\"url\":\"https:\/\/lumond.com\/wp-content\/uploads\/2025\/05\/Oud-Rose-220-1-scaled.webp\",\"contentUrl\":\"https:\/\/lumond.com\/wp-content\/uploads\/2025\/05\/Oud-Rose-220-1-scaled.webp\",\"width\":2560,\"height\":2560},{\"@type\":\"BreadcrumbList\",\"@id\":\"https:\/\/lumond.com\/fi\/tuote\/kukkiva-keramiikkakynttila-oud-ruusu-220-g\/#breadcrumb\",\"itemListElement\":[{\"@type\":\"ListItem\",\"position\":1,\"name\":\"Lumond\",\"item\":\"https:\/\/lumond.com\/fi\/\"},{\"@type\":\"ListItem\",\"position\":2,\"name\":\"Products\"},{\"@type\":\"ListItem\",\"position\":3,\"name\":\"Kukoistavat kynttil\u00e4t\",\"item\":\"https:\/\/lumond.com\/fi\/kukoistavat-kynttilat\/\"},{\"@type\":\"ListItem\",\"position\":4,\"name\":\"Kukkiva keramiikkakynttil\u00e4 \u2013 Oud &#038; Ruusu \u2013 220 g\"}]},{\"@type\":\"WebSite\",\"@id\":\"https:\/\/lumond.com\/fi\/#website\",\"url\":\"https:\/\/lumond.com\/fi\/\",\"name\":\"Lumond\",\"description\":\"Duftkerzen Im Glas\",\"publisher\":{\"@id\":\"https:\/\/lumond.com\/fi\/#organization\"},\"alternateName\":\"Lumond\",\"potentialAction\":[{\"@type\":\"SearchAction\",\"target\":{\"@type\":\"EntryPoint\",\"urlTemplate\":\"https:\/\/lumond.com\/fi\/?s={search_term_string}\"},\"query-input\":\"required name=search_term_string\"}],\"inLanguage\":\"fi\"},{\"@type\":\"Organization\",\"@id\":\"https:\/\/lumond.com\/fi\/#organization\",\"name\":\"Lumond\",\"url\":\"https:\/\/lumond.com\/fi\/\",\"logo\":{\"@type\":\"ImageObject\",\"inLanguage\":\"fi\",\"@id\":\"https:\/\/lumond.com\/fi\/#\/schema\/logo\/image\/\",\"url\":\"https:\/\/lumond.com\/wp-content\/uploads\/2022\/01\/cropped-40-05.png\",\"contentUrl\":\"https:\/\/lumond.com\/wp-content\/uploads\/2022\/01\/cropped-40-05.png\",\"width\":512,\"height\":512,\"caption\":\"Lumond\"},\"image\":{\"@id\":\"https:\/\/lumond.com\/fi\/#\/schema\/logo\/image\/\"},\"sameAs\":[\"https:\/\/www.facebook.com\/lumond.de\/\",\"https:\/\/www.instagram.com\/lumond.de\/\"],\"description\":\"Lumond valmistaa korkealaatuisia tuoksukynttil\u00f6it\u00e4 luonnollisesta soijavahasta tyylikk\u00e4iss\u00e4 keraamisissa astioissa \u2013 kest\u00e4v\u00e4sti Saksassa valmistettuja ja ainutlaatuisilla tuoksukoostumuksilla. Ihanteellinen kodikkaaseen kotiin, jossa arvostetaan ymp\u00e4rist\u00f6tietoisuutta ja muotoilua.\",\"email\":\"info@lumond.de\",\"legalName\":\"Lumond\",\"foundingDate\":\"2021-01-01\",\"ownershipFundingInfo\":\"https:\/\/lumond.com\/ueber-uns\/\",\"correctionsPolicy\":\"https:\/\/lumond.com\/kontakt\/\",\"address\":{\"@type\":\"PostalAddress\",\"streetAddress\":\"Lumond UG\",\"addressLocality\":\"Kolonnenstr. 8\",\"addressRegion\":\"Berlin\",\"postalCode\":\"10827\",\"addressCountry\":\"DE\"}}]}<\/script>\n<meta property=\"product:price:amount\" content=\"39.99\" \/>\n<meta property=\"product:price:currency\" content=\"EUR\" \/>\n<meta property=\"og:availability\" content=\"out of stock\" \/>\n<meta property=\"product:availability\" content=\"out of stock\" \/>\n<meta property=\"product:retailer_item_id\" content=\"427-303\" \/>\n<meta property=\"product:condition\" content=\"new\" \/>\n<!-- \/ Yoast SEO Premium plugin. -->","yoast_head_json":{"title":"Kukkiva keramiikkakynttil\u00e4 \u2013 Oud & Ruusu \u2013 220 g - Lumond","description":"Tuoksukynttil\u00e4 hienostuneella oudin ja ruusun vivahteella keramiikka-astiassa, 220 g. Sis\u00e4lt\u00e4\u00e4 siemeni\u00e4, joista kasvaa kukkiva kasvi kynttil\u00e4n palaamisen j\u00e4lkeen.","robots":{"index":"index","follow":"follow","max-snippet":"max-snippet:-1","max-image-preview":"max-image-preview:large","max-video-preview":"max-video-preview:-1"},"canonical":"https:\/\/lumond.com\/fi\/tuote\/kukkiva-keramiikkakynttila-oud-ruusu-220-g\/","og_locale":"fi_FI","og_type":"article","og_title":"Kukkiva keramiikkakynttil\u00e4 \u2013 Oud & Ruusu \u2013 220 g - Lumond","og_description":"Tuoksukynttil\u00e4 hienostuneella oudin ja ruusun vivahteella keramiikka-astiassa, 220 g. Sis\u00e4lt\u00e4\u00e4 siemeni\u00e4, joista kasvaa kukkiva kasvi kynttil\u00e4n palaamisen j\u00e4lkeen.","og_url":"https:\/\/lumond.com\/fi\/tuote\/kukkiva-keramiikkakynttila-oud-ruusu-220-g\/","og_site_name":"Lumond","article_publisher":"https:\/\/www.facebook.com\/lumond.de\/","article_modified_time":"2025-09-24T14:10:38+00:00","og_image":[{"width":2560,"height":2560,"url":"https:\/\/lumond.com\/wp-content\/uploads\/2025\/05\/Oud-Rose-220-1-scaled.webp","type":"image\/webp"}],"twitter_card":"summary_large_image","twitter_description":"Anna tilaasi jalo, kiehtova tunnelma oudin ja ruusujen ylellisell\u00e4 tuoksulla. T\u00e4m\u00e4 taidokkaasti muotoiltuun keramiikka-astiaan valettu kynttil\u00e4 yhdist\u00e4\u00e4","twitter_misc":{"Price":"&euro;&nbsp;39,99","Availability":"Out of stock"},"schema":{"@context":"https:\/\/schema.org","@graph":[{"@type":["WebPage","ItemPage"],"@id":"https:\/\/lumond.com\/fi\/tuote\/kukkiva-keramiikkakynttila-oud-ruusu-220-g\/","url":"https:\/\/lumond.com\/fi\/tuote\/kukkiva-keramiikkakynttila-oud-ruusu-220-g\/","name":"Kukkiva keramiikkakynttil\u00e4 \u2013 Oud & Ruusu \u2013 220 g - Lumond","isPartOf":{"@id":"https:\/\/lumond.com\/fi\/#website"},"primaryImageOfPage":{"@id":"https:\/\/lumond.com\/fi\/tuote\/kukkiva-keramiikkakynttila-oud-ruusu-220-g\/#primaryimage"},"image":{"@id":"https:\/\/lumond.com\/fi\/tuote\/kukkiva-keramiikkakynttila-oud-ruusu-220-g\/#primaryimage"},"thumbnailUrl":"https:\/\/lumond.com\/wp-content\/uploads\/2025\/05\/Oud-Rose-220-1-scaled.webp","datePublished":"2025-05-12T10:06:12+00:00","dateModified":"2025-09-24T14:10:38+00:00","description":"Tuoksukynttil\u00e4 hienostuneella oudin ja ruusun vivahteella keramiikka-astiassa, 220 g. Sis\u00e4lt\u00e4\u00e4 siemeni\u00e4, joista kasvaa kukkiva kasvi kynttil\u00e4n palaamisen j\u00e4lkeen.","breadcrumb":{"@id":"https:\/\/lumond.com\/fi\/tuote\/kukkiva-keramiikkakynttila-oud-ruusu-220-g\/#breadcrumb"},"inLanguage":"fi","potentialAction":[{"@type":"ReadAction","target":["https:\/\/lumond.com\/fi\/tuote\/kukkiva-keramiikkakynttila-oud-ruusu-220-g\/"]}]},{"@type":"ImageObject","inLanguage":"fi","@id":"https:\/\/lumond.com\/fi\/tuote\/kukkiva-keramiikkakynttila-oud-ruusu-220-g\/#primaryimage","url":"https:\/\/lumond.com\/wp-content\/uploads\/2025\/05\/Oud-Rose-220-1-scaled.webp","contentUrl":"https:\/\/lumond.com\/wp-content\/uploads\/2025\/05\/Oud-Rose-220-1-scaled.webp","width":2560,"height":2560},{"@type":"BreadcrumbList","@id":"https:\/\/lumond.com\/fi\/tuote\/kukkiva-keramiikkakynttila-oud-ruusu-220-g\/#breadcrumb","itemListElement":[{"@type":"ListItem","position":1,"name":"Lumond","item":"https:\/\/lumond.com\/fi\/"},{"@type":"ListItem","position":2,"name":"Products"},{"@type":"ListItem","position":3,"name":"Kukoistavat kynttil\u00e4t","item":"https:\/\/lumond.com\/fi\/kukoistavat-kynttilat\/"},{"@type":"ListItem","position":4,"name":"Kukkiva keramiikkakynttil\u00e4 \u2013 Oud &#038; Ruusu \u2013 220 g"}]},{"@type":"WebSite","@id":"https:\/\/lumond.com\/fi\/#website","url":"https:\/\/lumond.com\/fi\/","name":"Lumond","description":"Duftkerzen Im Glas","publisher":{"@id":"https:\/\/lumond.com\/fi\/#organization"},"alternateName":"Lumond","potentialAction":[{"@type":"SearchAction","target":{"@type":"EntryPoint","urlTemplate":"https:\/\/lumond.com\/fi\/?s={search_term_string}"},"query-input":"required name=search_term_string"}],"inLanguage":"fi"},{"@type":"Organization","@id":"https:\/\/lumond.com\/fi\/#organization","name":"Lumond","url":"https:\/\/lumond.com\/fi\/","logo":{"@type":"ImageObject","inLanguage":"fi","@id":"https:\/\/lumond.com\/fi\/#\/schema\/logo\/image\/","url":"https:\/\/lumond.com\/wp-content\/uploads\/2022\/01\/cropped-40-05.png","contentUrl":"https:\/\/lumond.com\/wp-content\/uploads\/2022\/01\/cropped-40-05.png","width":512,"height":512,"caption":"Lumond"},"image":{"@id":"https:\/\/lumond.com\/fi\/#\/schema\/logo\/image\/"},"sameAs":["https:\/\/www.facebook.com\/lumond.de\/","https:\/\/www.instagram.com\/lumond.de\/"],"description":"Lumond valmistaa korkealaatuisia tuoksukynttil\u00f6it\u00e4 luonnollisesta soijavahasta tyylikk\u00e4iss\u00e4 keraamisissa astioissa \u2013 kest\u00e4v\u00e4sti Saksassa valmistettuja ja ainutlaatuisilla tuoksukoostumuksilla. Ihanteellinen kodikkaaseen kotiin, jossa arvostetaan ymp\u00e4rist\u00f6tietoisuutta ja muotoilua.","email":"info@lumond.de","legalName":"Lumond","foundingDate":"2021-01-01","ownershipFundingInfo":"https:\/\/lumond.com\/ueber-uns\/","correctionsPolicy":"https:\/\/lumond.com\/kontakt\/","address":{"@type":"PostalAddress","streetAddress":"Lumond UG","addressLocality":"Kolonnenstr. 8","addressRegion":"Berlin","postalCode":"10827","addressCountry":"DE"}}]},"product_price_amount":"39.99","product_price_currency":"EUR","og_availability":"out of stock","product_availability":"out of stock","product_retailer_item_id":"427-303","product_condition":"new"},"_links":{"self":[{"href":"https:\/\/lumond.com\/fi\/wp-json\/wp\/v2\/product\/64821","targetHints":{"allow":["GET"]}}],"collection":[{"href":"https:\/\/lumond.com\/fi\/wp-json\/wp\/v2\/product"}],"about":[{"href":"https:\/\/lumond.com\/fi\/wp-json\/wp\/v2\/types\/product"}],"replies":[{"embeddable":true,"href":"https:\/\/lumond.com\/fi\/wp-json\/wp\/v2\/comments?post=64821"}],"wp:featuredmedia":[{"embeddable":true,"href":"https:\/\/lumond.com\/fi\/wp-json\/wp\/v2\/media\/64824"}],"wp:attachment":[{"href":"https:\/\/lumond.com\/fi\/wp-json\/wp\/v2\/media?parent=64821"}],"wp:term":[{"taxonomy":"product_brand","embeddable":true,"href":"https:\/\/lumond.com\/fi\/wp-json\/wp\/v2\/product_brand?post=64821"},{"taxonomy":"product_cat","embeddable":true,"href":"https:\/\/lumond.com\/fi\/wp-json\/wp\/v2\/product_cat?post=64821"},{"taxonomy":"product_tag","embeddable":true,"href":"https:\/\/lumond.com\/fi\/wp-json\/wp\/v2\/product_tag?post=64821"}],"curies":[{"name":"wp","href":"https:\/\/api.w.org\/{rel}","templated":true}]}}