{"id":99621,"date":"2026-04-09T17:39:05","date_gmt":"2026-04-09T17:39:05","guid":{"rendered":"https:\/\/lumond.com\/geschenkgutschein-bedingungen\/"},"modified":"2026-04-09T18:06:35","modified_gmt":"2026-04-09T18:06:35","slug":"lahjakortti-ehdot","status":"publish","type":"page","link":"https:\/\/lumond.com\/fi\/lahjakortti-ehdot\/","title":{"rendered":"Lahjakortti Ehdot"},"content":{"rendered":"\t\t<div data-elementor-type=\"wp-page\" data-elementor-id=\"99621\" class=\"elementor elementor-99621 elementor-99608\" data-elementor-post-type=\"page\">\n\t\t\t\t\t\t<section class=\"elementor-section elementor-top-section elementor-element elementor-element-8f1744b elementor-section-boxed elementor-section-height-default elementor-section-height-default\" data-id=\"8f1744b\" data-element_type=\"section\">\n\t\t\t\t\t\t<div class=\"elementor-container elementor-column-gap-default\">\n\t\t\t\t\t<div class=\"elementor-column elementor-col-100 elementor-top-column elementor-element elementor-element-590b407\" data-id=\"590b407\" data-element_type=\"column\">\n\t\t\t<div class=\"elementor-widget-wrap elementor-element-populated\">\n\t\t\t\t\t\t<div class=\"elementor-element elementor-element-7ab0f1d elementor-widget elementor-widget-heading\" data-id=\"7ab0f1d\" data-element_type=\"widget\" data-widget_type=\"heading.default\">\n\t\t\t\t<div class=\"elementor-widget-container\">\n\t\t\t<style>\/*! elementor - v3.21.0 - 08-05-2024 *\/\n.elementor-heading-title{padding:0;margin:0;line-height:1}.elementor-widget-heading .elementor-heading-title[class*=elementor-size-]>a{color:inherit;font-size:inherit;line-height:inherit}.elementor-widget-heading .elementor-heading-title.elementor-size-small{font-size:15px}.elementor-widget-heading .elementor-heading-title.elementor-size-medium{font-size:19px}.elementor-widget-heading .elementor-heading-title.elementor-size-large{font-size:29px}.elementor-widget-heading .elementor-heading-title.elementor-size-xl{font-size:39px}.elementor-widget-heading .elementor-heading-title.elementor-size-xxl{font-size:59px}<\/style><h1 class=\"elementor-heading-title elementor-size-default\">Lahjakortti \u2013 Yleiset k\u00e4ytt\u00f6ehdot<\/h1>\t\t<\/div>\n\t\t\t\t<\/div>\n\t\t\t\t<div class=\"elementor-element elementor-element-fa29c2b elementor-widget elementor-widget-text-editor\" data-id=\"fa29c2b\" data-element_type=\"widget\" data-widget_type=\"text-editor.default\">\n\t\t\t\t<div class=\"elementor-widget-container\">\n\t\t\t<style>\/*! elementor - v3.21.0 - 08-05-2024 *\/\n.elementor-widget-text-editor.elementor-drop-cap-view-stacked .elementor-drop-cap{background-color:#69727d;color:#fff}.elementor-widget-text-editor.elementor-drop-cap-view-framed .elementor-drop-cap{color:#69727d;border:3px solid;background-color:transparent}.elementor-widget-text-editor:not(.elementor-drop-cap-view-default) .elementor-drop-cap{margin-top:8px}.elementor-widget-text-editor:not(.elementor-drop-cap-view-default) .elementor-drop-cap-letter{width:1em;height:1em}.elementor-widget-text-editor .elementor-drop-cap{float:left;text-align:center;line-height:1;font-size:50px}.elementor-widget-text-editor .elementor-drop-cap-letter{display:inline-block}<\/style>\t\t\t\t<p style=\"font-weight: bold; padding-bottom: 10px;\">\u00a71 Soveltamisala ja my\u00f6nt\u00e4j\u00e4<\/p><p>(1) Seuraavia k\u00e4ytt\u00f6ehtoja sovelletaan kaikkiin lahjakortteihin (j\u00e4ljemp\u00e4n\u00e4 &#8220;lahjakortti&#8221;), jotka Laylaundyom UG (j\u00e4ljemp\u00e4n\u00e4 &#8220;Lumond&#8221;) on my\u00f6nt\u00e4nyt.<\/p><div style=\"margin-left: 20px; margin-top: 5px; margin-bottom: 5px;\">Laylaundyom UG<br \/>Dor Porat<br \/>Kolonnenstr. 8<br \/>10827 Berlin<br \/>S\u00e4hk\u00f6posti: <a href=\"mailto:info@lumond.de\">info@lumond.de<\/a><br \/>Rekisterinumero: HRB 18705<br \/>Rekisterituomioistuin: Amtsgericht Krefeld<br \/>ALV-tunnus: DE348104546<\/div><p>(2) Ostamalla, vastaanottamalla tai lunastamalla lahjakortin haltija hyv\u00e4ksyy n\u00e4m\u00e4 k\u00e4ytt\u00f6ehdot.<\/p><p style=\"font-weight: bold; padding-bottom: 10px;\">\u00a72 Saatavilla olevat muodot ja hankinta<\/p><p>(1) Lahjakortti on saatavilla seuraavissa muodoissa:<\/p><div style=\"margin-left: 20px; margin-top: 5px; margin-bottom: 10px;\">a) <b>Digitaalinen lahjakortti (e-lahjakortti)<\/b> \u2013 ostettavissa verkkokaupasta osoitteessa <a href=\"https:\/\/lumond.com\">www.lumond.com<\/a>. E-lahjakortti l\u00e4hetet\u00e4\u00e4n s\u00e4hk\u00f6postitse ostajan ilmoittamaan s\u00e4hk\u00f6postiosoitteeseen.<p>b) <b>Fyysinen lahjakortti<\/b> \u2013 mik\u00e4li saatavilla, ostettavissa verkkokaupasta osoitteessa <a href=\"https:\/\/lumond.com\">www.lumond.com<\/a>. Fyysinen lahjakortti toimitetaan postitse.<\/p><\/div><p>(2) Lahjakortti on saatavilla eri arvoisena. Saatavilla olevat arvot ovat n\u00e4ht\u00e4viss\u00e4 verkkokaupassa osoitteessa <a href=\"https:\/\/lumond.com\">www.lumond.com<\/a>.<\/p><p>(3) Lahjakortin voi maksaa kaikilla verkkokaupassa hyv\u00e4ksytyill\u00e4 maksutavoilla. Lahjakorttia ei kuitenkaan voi maksaa toisella lahjakortilla.<\/p><p style=\"font-weight: bold; padding-bottom: 10px;\">\u00a73 Voimassaolo<\/p><p>(1) Lahjakortti on voimassa ostop\u00e4iv\u00e4st\u00e4 alkaen toistaiseksi, ellei lahjakortissa ole ilmoitettu muuta voimassaolon p\u00e4\u00e4ttymisp\u00e4iv\u00e4\u00e4.<\/p><p>(2) Lahjakortti on lunastettavissa ainoastaan verkkokaupassa osoitteessa <a href=\"https:\/\/lumond.com\">www.lumond.com<\/a>.<\/p><p>(3) Lahjakortilla voi ostaa kaikkia verkkokaupassa myyt\u00e4vi\u00e4 tuotteita.<\/p><p style=\"font-weight: bold; padding-bottom: 10px;\">\u00a74 Lunastaminen ja j\u00e4ljell\u00e4 oleva saldo<\/p><p>(1) Haltija voi k\u00e4ytt\u00e4\u00e4 lahjakorttia rajoituksetta, kunnes saldo on k\u00e4ytetty kokonaan.<\/p><p>(2) Lahjakortin k\u00e4ytett\u00e4viss\u00e4 oleva saldo on alkuper\u00e4isen saldon ja ostoihin jo k\u00e4ytetyn summan erotus.<\/p><p>(3) Jos ostosumma ylitt\u00e4\u00e4 j\u00e4ljell\u00e4 olevan saldon, erotuksen voi maksaa mill\u00e4 tahansa verkkokaupassa hyv\u00e4ksytyll\u00e4 maksutavalla.<\/p><p>(4) Mahdollista j\u00e4ljell\u00e4 olevaa saldoa ei voida maksaa k\u00e4teisell\u00e4 eik\u00e4 siirt\u00e4\u00e4 pankkitilille.<\/p><p>(5) Ajantasaisen saldon voi tarkistaa milloin tahansa tilauksen yhteydess\u00e4 osoitteessa <a href=\"https:\/\/lumond.com\">www.lumond.com<\/a>.<\/p><p style=\"font-weight: bold; padding-bottom: 10px;\">\u00a75 Lahjakortin palautus<\/p><p>(1) Digitaalisesti ostetuilla lahjakorteilla (e-lahjakorteilla) on lakis\u00e4\u00e4teinen 14 p\u00e4iv\u00e4n peruutusoikeus ostop\u00e4iv\u00e4st\u00e4 alkaen, edellytt\u00e4en, ett\u00e4 lahjakorttia ei ole viel\u00e4 lunastettu.<\/p><p>(2) Hyvitys maksetaan alkuper\u00e4isell\u00e4 maksutavalla. Palautusta varten on esitett\u00e4v\u00e4 tilausvahvistus.<\/p><p>(3) Osittain lunastettuja lahjakortteja ei voi palauttaa.<\/p><p style=\"font-weight: bold; padding-bottom: 10px;\">\u00a76 Lahjakortilla ostettujen tuotteiden palautus<\/p><p>(1) Jos lahjakortilla kokonaan tai osittain maksettuja tuotteita palautetaan, lahjakorttiosuus hyvitet\u00e4\u00e4n uutena lahjakorttina. Lahjakortti l\u00e4hetet\u00e4\u00e4n s\u00e4hk\u00f6postitse tilauksen yhteydess\u00e4 k\u00e4ytettyyn s\u00e4hk\u00f6postiosoitteeseen.<\/p><p>(2) Muuhun kuin lahjakorttiosuuteen sovelletaan tavanomaisia palautusehtoja <a href=\"https:\/\/lumond.com\/fi\/kayttoehdot\">yleisten k\u00e4ytt\u00f6ehtojen<\/a> mukaisesti.<\/p><p style=\"font-weight: bold; padding-bottom: 10px;\">\u00a77 Vastuu<\/p><p>(1) Lahjakortti on haltijakirja. Kukin haltija on yksin vastuussa lahjakortin (mukaan lukien lahjakorttikoodin) k\u00e4yt\u00f6st\u00e4 ja turvallisesta s\u00e4ilytt\u00e4misest\u00e4.<\/p><p>(2) Lumond ei korvaa lahjakorttia sen katoamisen, varkauden tai luvattoman k\u00e4yt\u00f6n yhteydess\u00e4. Lahjakorttikoodia suositellaan k\u00e4sittelem\u00e4\u00e4n luottamuksellisesti ja s\u00e4ilytt\u00e4m\u00e4\u00e4n turvallisesti.<\/p><p>(3) Lumond ei vastaa e-lahjakortin vastaanottamatta j\u00e4\u00e4misest\u00e4 tai viiv\u00e4styneest\u00e4 toimituksesta, jos syy on Lumondin vaikutusmahdollisuuksien ulkopuolella, erityisesti seuraavissa tapauksissa:<\/p><div style=\"margin-left: 20px; margin-top: 5px; margin-bottom: 10px;\">a) Ostajan ilmoittamat virheelliset vastaanottajatiedot<br \/>b) Tietoliikennej\u00e4rjestelmien tekniset h\u00e4iri\u00f6t<br \/>c) Vastaanottajan s\u00e4hk\u00f6postiohjelman luokittelu roskapostiksi<br \/>d) Toimittamatta j\u00e4\u00e4minen ilmoitettuun s\u00e4hk\u00f6postiosoitteeseen teknisist\u00e4 syist\u00e4<\/div><p style=\"font-weight: bold; padding-bottom: 10px;\">\u00a78 V\u00e4\u00e4rink\u00e4ytt\u00f6 ja mit\u00e4tt\u00f6myys<\/p><p>(1) Laittomasti hankitut tai v\u00e4\u00e4rennetyt lahjakortit ovat mit\u00e4tt\u00f6mi\u00e4, eik\u00e4 niit\u00e4 voida lunastaa tai hyvitt\u00e4\u00e4.<\/p><p>(2) Lumond pid\u00e4tt\u00e4\u00e4 oikeuden est\u00e4\u00e4 lahjakortit, joiden kohdalla on perusteltua syyt\u00e4 ep\u00e4ill\u00e4 petosta tai v\u00e4\u00e4rink\u00e4ytt\u00f6\u00e4.<\/p><p>(3) Lahjakortteja ei saa ilman Lumondin etuk\u00e4teen antamaa kirjallista suostumusta k\u00e4ytt\u00e4\u00e4 kolmansien osapuolten kaupallisiin mainos- tai markkinointitarkoituksiin eik\u00e4 j\u00e4lleenmyyd\u00e4.<\/p><p style=\"font-weight: bold; padding-bottom: 10px;\">\u00a79 Tietosuoja<\/p><p>Lahjakorttien oston ja k\u00e4yt\u00f6n yhteydess\u00e4 k\u00e4sitell\u00e4\u00e4n henkil\u00f6tietoja (esim. ostajan ja vastaanottajan s\u00e4hk\u00f6postiosoitteet). Tietojen k\u00e4sittely\u00e4 koskevat yksityiskohdat l\u00f6ytyv\u00e4t <a href=\"https:\/\/lumond.com\/fi\/tietosuojakaytanto\">tietosuojak\u00e4yt\u00e4nn\u00f6st\u00e4mme<\/a>.<\/p><p style=\"font-weight: bold; padding-bottom: 10px;\">\u00a710 Sovellettava laki ja toimivaltainen tuomioistuin<\/p><p>(1) Sovelletaan Saksan liittotasavallan lakia. YK:n kansainv\u00e4list\u00e4 kauppalakia (CISG) ei sovelleta.<\/p><p>(2) Kuluttajien osalta t\u00e4m\u00e4 lainvalinta koskee vain siin\u00e4 laajuudessa kuin se ei poista kuluttajan asuinvaltion pakottavan lains\u00e4\u00e4d\u00e4nn\u00f6n tarjoamaa suojaa.<\/p><p>(3) Jos asiakas on elinkeinonharjoittaja, julkisoikeudellinen oikeushenkil\u00f6 tai julkisoikeudellinen erillisvarallisuus, yksinomainen oikeuspaikka kaikissa t\u00e4st\u00e4 sopimuksesta johtuvissa riidoissa on toimipaikkamme Berliiniss\u00e4.<\/p><p style=\"font-weight: bold; padding-bottom: 10px;\">\u00a711 Salvatorinen lauseke<\/p><p>Mik\u00e4li jokin n\u00e4iden k\u00e4ytt\u00f6ehtojen m\u00e4\u00e4r\u00e4ys on tai tulee kokonaan tai osittain p\u00e4tem\u00e4tt\u00f6m\u00e4ksi, t\u00e4m\u00e4 ei vaikuta muiden m\u00e4\u00e4r\u00e4ysten p\u00e4tevyyteen.<\/p><p style=\"font-weight: bold; padding-bottom: 10px;\">\u00a712 Yhteystiedot<\/p><p>Lahjakortteja koskevissa kysymyksiss\u00e4 tai reklamaatioissa ota yhteytt\u00e4:<\/p><div style=\"margin-left: 20px; margin-top: 5px; margin-bottom: 5px;\">Lumond \u2013 Laylaundyom UG<br \/>Kolonnenstr. 8<br \/>10827 Berlin<br \/>S\u00e4hk\u00f6posti: <a href=\"mailto:info@lumond.de\">info@lumond.de<\/a><br \/>Verkko: <a href=\"https:\/\/support.lumond.com\/fi\">support.lumond.com<\/a><\/div><p style=\"font-size: 13px; color: #666; margin-top: 30px;\">Voimassa: huhtikuu 2026<\/p>\t\t\t\t\t\t<\/div>\n\t\t\t\t<\/div>\n\t\t\t\t\t<\/div>\n\t\t<\/div>\n\t\t\t\t\t<\/div>\n\t\t<\/section>\n\t\t\t\t<\/div>\n\t\t","protected":false},"excerpt":{"rendered":"<p>Lahjakortti \u2013 Yleiset k\u00e4ytt\u00f6ehdot \u00a71 Soveltamisala ja my\u00f6nt\u00e4j\u00e4 (1) Seuraavia k\u00e4ytt\u00f6ehtoja sovelletaan kaikkiin lahjakortteihin (j\u00e4ljemp\u00e4n\u00e4 &#8220;lahjakortti&#8221;), jotka Laylaundyom UG (j\u00e4ljemp\u00e4n\u00e4 &#8220;Lumond&#8221;) on my\u00f6nt\u00e4nyt. Laylaundyom UGDor PoratKolonnenstr. 810827 BerlinS\u00e4hk\u00f6posti: info@lumond.deRekisterinumero: HRB 18705Rekisterituomioistuin: Amtsgericht KrefeldALV-tunnus: DE348104546 (2) Ostamalla, vastaanottamalla tai lunastamalla lahjakortin haltija hyv\u00e4ksyy n\u00e4m\u00e4 k\u00e4ytt\u00f6ehdot. \u00a72 Saatavilla olevat muodot ja hankinta (1) Lahjakortti on saatavilla seuraavissa [&hellip;]<\/p>\n","protected":false},"author":18,"featured_media":0,"parent":0,"menu_order":0,"comment_status":"closed","ping_status":"closed","template":"","meta":{"_acf_changed":false,"site-sidebar-layout":"no-sidebar","site-content-layout":"page-builder","ast-site-content-layout":"full-width-container","site-content-style":"default","site-sidebar-style":"default","ast-global-header-display":"","ast-banner-title-visibility":"","ast-main-header-display":"","ast-hfb-above-header-display":"","ast-hfb-below-header-display":"","ast-hfb-mobile-header-display":"","site-post-title":"disabled","ast-breadcrumbs-content":"","ast-featured-img":"disabled","footer-sml-layout":"","theme-transparent-header-meta":"","adv-header-id-meta":"","stick-header-meta":"","header-above-stick-meta":"","header-main-stick-meta":"","header-below-stick-meta":"","astra-migrate-meta-layouts":"set","ast-page-background-enabled":"default","ast-page-background-meta":{"desktop":{"background-color":"","background-image":"","background-repeat":"repeat","background-position":"center center","background-size":"auto","background-attachment":"scroll","background-type":"","background-media":"","overlay-type":"","overlay-color":"","overlay-opacity":"","overlay-gradient":""},"tablet":{"background-color":"","background-image":"","background-repeat":"repeat","background-position":"center center","background-size":"auto","background-attachment":"scroll","background-type":"","background-media":"","overlay-type":"","overlay-color":"","overlay-opacity":"","overlay-gradient":""},"mobile":{"background-color":"","background-image":"","background-repeat":"repeat","background-position":"center center","background-size":"auto","background-attachment":"scroll","background-type":"","background-media":"","overlay-type":"","overlay-color":"","overlay-opacity":"","overlay-gradient":""}},"ast-content-background-meta":{"desktop":{"background-color":"var(--ast-global-color-5)","background-image":"","background-repeat":"repeat","background-position":"center center","background-size":"auto","background-attachment":"scroll","background-type":"","background-media":"","overlay-type":"","overlay-color":"","overlay-opacity":"","overlay-gradient":""},"tablet":{"background-color":"var(--ast-global-color-5)","background-image":"","background-repeat":"repeat","background-position":"center center","background-size":"auto","background-attachment":"scroll","background-type":"","background-media":"","overlay-type":"","overlay-color":"","overlay-opacity":"","overlay-gradient":""},"mobile":{"background-color":"var(--ast-global-color-5)","background-image":"","background-repeat":"repeat","background-position":"center center","background-size":"auto","background-attachment":"scroll","background-type":"","background-media":"","overlay-type":"","overlay-color":"","overlay-opacity":"","overlay-gradient":""}},"footnotes":""},"class_list":["post-99621","page","type-page","status-publish","hentry"],"acf":[],"yoast_head":"<!-- This site is optimized with the Yoast SEO Premium plugin v23.0 (Yoast SEO v23.0) - https:\/\/yoast.com\/wordpress\/plugins\/seo\/ -->\n<title>Lahjakortti Ehdot - Lumond<\/title>\n<meta name=\"robots\" content=\"index, follow, max-snippet:-1, max-image-preview:large, max-video-preview:-1\" \/>\n<link rel=\"canonical\" href=\"https:\/\/lumond.com\/fi\/lahjakortti-ehdot\/\" \/>\n<meta property=\"og:locale\" content=\"fi_FI\" \/>\n<meta property=\"og:type\" content=\"article\" \/>\n<meta property=\"og:title\" content=\"Lahjakortti Ehdot\" \/>\n<meta property=\"og:description\" content=\"Lahjakortti \u2013 Yleiset k\u00e4ytt\u00f6ehdot \u00a71 Soveltamisala ja my\u00f6nt\u00e4j\u00e4 (1) Seuraavia k\u00e4ytt\u00f6ehtoja sovelletaan kaikkiin lahjakortteihin (j\u00e4ljemp\u00e4n\u00e4 &#8220;lahjakortti&#8221;), jotka Laylaundyom UG (j\u00e4ljemp\u00e4n\u00e4 &#8220;Lumond&#8221;) on my\u00f6nt\u00e4nyt. Laylaundyom UGDor PoratKolonnenstr. 810827 BerlinS\u00e4hk\u00f6posti: info@lumond.deRekisterinumero: HRB 18705Rekisterituomioistuin: Amtsgericht KrefeldALV-tunnus: DE348104546 (2) Ostamalla, vastaanottamalla tai lunastamalla lahjakortin haltija hyv\u00e4ksyy n\u00e4m\u00e4 k\u00e4ytt\u00f6ehdot. \u00a72 Saatavilla olevat muodot ja hankinta (1) Lahjakortti on saatavilla seuraavissa [&hellip;]\" \/>\n<meta property=\"og:url\" content=\"https:\/\/lumond.com\/fi\/lahjakortti-ehdot\/\" \/>\n<meta property=\"og:site_name\" content=\"Lumond\" \/>\n<meta property=\"article:publisher\" content=\"https:\/\/www.facebook.com\/lumond.de\/\" \/>\n<meta property=\"article:modified_time\" content=\"2026-04-09T18:06:35+00:00\" \/>\n<meta name=\"twitter:card\" content=\"summary_large_image\" \/>\n<meta name=\"twitter:label1\" content=\"Arvioitu lukuaika\" \/>\n\t<meta name=\"twitter:data1\" content=\"4 minuuttia\" \/>\n<script type=\"application\/ld+json\" class=\"yoast-schema-graph\">{\"@context\":\"https:\/\/schema.org\",\"@graph\":[{\"@type\":\"WebPage\",\"@id\":\"https:\/\/lumond.com\/fi\/lahjakortti-ehdot\/\",\"url\":\"https:\/\/lumond.com\/fi\/lahjakortti-ehdot\/\",\"name\":\"Lahjakortti Ehdot - Lumond\",\"isPartOf\":{\"@id\":\"https:\/\/lumond.com\/fi\/#website\"},\"datePublished\":\"2026-04-09T17:39:05+00:00\",\"dateModified\":\"2026-04-09T18:06:35+00:00\",\"breadcrumb\":{\"@id\":\"https:\/\/lumond.com\/fi\/lahjakortti-ehdot\/#breadcrumb\"},\"inLanguage\":\"fi\",\"potentialAction\":[{\"@type\":\"ReadAction\",\"target\":[\"https:\/\/lumond.com\/fi\/lahjakortti-ehdot\/\"]}]},{\"@type\":\"BreadcrumbList\",\"@id\":\"https:\/\/lumond.com\/fi\/lahjakortti-ehdot\/#breadcrumb\",\"itemListElement\":[{\"@type\":\"ListItem\",\"position\":1,\"name\":\"Lumond\",\"item\":\"https:\/\/lumond.com\/fi\/\"},{\"@type\":\"ListItem\",\"position\":2,\"name\":\"Lahjakortti Ehdot\"}]},{\"@type\":\"WebSite\",\"@id\":\"https:\/\/lumond.com\/fi\/#website\",\"url\":\"https:\/\/lumond.com\/fi\/\",\"name\":\"Lumond\",\"description\":\"Duftkerzen Im Glas\",\"publisher\":{\"@id\":\"https:\/\/lumond.com\/fi\/#organization\"},\"alternateName\":\"Lumond\",\"potentialAction\":[{\"@type\":\"SearchAction\",\"target\":{\"@type\":\"EntryPoint\",\"urlTemplate\":\"https:\/\/lumond.com\/fi\/?s={search_term_string}\"},\"query-input\":\"required name=search_term_string\"}],\"inLanguage\":\"fi\"},{\"@type\":\"Organization\",\"@id\":\"https:\/\/lumond.com\/fi\/#organization\",\"name\":\"Lumond\",\"url\":\"https:\/\/lumond.com\/fi\/\",\"logo\":{\"@type\":\"ImageObject\",\"inLanguage\":\"fi\",\"@id\":\"https:\/\/lumond.com\/fi\/#\/schema\/logo\/image\/\",\"url\":\"https:\/\/lumond.com\/wp-content\/uploads\/2022\/01\/cropped-40-05.png\",\"contentUrl\":\"https:\/\/lumond.com\/wp-content\/uploads\/2022\/01\/cropped-40-05.png\",\"width\":512,\"height\":512,\"caption\":\"Lumond\"},\"image\":{\"@id\":\"https:\/\/lumond.com\/fi\/#\/schema\/logo\/image\/\"},\"sameAs\":[\"https:\/\/www.facebook.com\/lumond.de\/\",\"https:\/\/www.instagram.com\/lumond.de\/\"],\"description\":\"Lumond valmistaa korkealaatuisia tuoksukynttil\u00f6it\u00e4 luonnollisesta soijavahasta tyylikk\u00e4iss\u00e4 keraamisissa astioissa \u2013 kest\u00e4v\u00e4sti Saksassa valmistettuja ja ainutlaatuisilla tuoksukoostumuksilla. Ihanteellinen kodikkaaseen kotiin, jossa arvostetaan ymp\u00e4rist\u00f6tietoisuutta ja muotoilua.\",\"email\":\"info@lumond.de\",\"legalName\":\"Lumond\",\"foundingDate\":\"2021-01-01\",\"ownershipFundingInfo\":\"https:\/\/lumond.com\/ueber-uns\/\",\"correctionsPolicy\":\"https:\/\/lumond.com\/kontakt\/\",\"address\":{\"@type\":\"PostalAddress\",\"streetAddress\":\"Lumond UG\",\"addressLocality\":\"Kolonnenstr. 8\",\"addressRegion\":\"Berlin\",\"postalCode\":\"10827\",\"addressCountry\":\"DE\"}}]}<\/script>\n<!-- \/ Yoast SEO Premium plugin. -->","yoast_head_json":{"title":"Lahjakortti Ehdot - Lumond","robots":{"index":"index","follow":"follow","max-snippet":"max-snippet:-1","max-image-preview":"max-image-preview:large","max-video-preview":"max-video-preview:-1"},"canonical":"https:\/\/lumond.com\/fi\/lahjakortti-ehdot\/","og_locale":"fi_FI","og_type":"article","og_title":"Lahjakortti Ehdot","og_description":"Lahjakortti \u2013 Yleiset k\u00e4ytt\u00f6ehdot \u00a71 Soveltamisala ja my\u00f6nt\u00e4j\u00e4 (1) Seuraavia k\u00e4ytt\u00f6ehtoja sovelletaan kaikkiin lahjakortteihin (j\u00e4ljemp\u00e4n\u00e4 &#8220;lahjakortti&#8221;), jotka Laylaundyom UG (j\u00e4ljemp\u00e4n\u00e4 &#8220;Lumond&#8221;) on my\u00f6nt\u00e4nyt. Laylaundyom UGDor PoratKolonnenstr. 810827 BerlinS\u00e4hk\u00f6posti: info@lumond.deRekisterinumero: HRB 18705Rekisterituomioistuin: Amtsgericht KrefeldALV-tunnus: DE348104546 (2) Ostamalla, vastaanottamalla tai lunastamalla lahjakortin haltija hyv\u00e4ksyy n\u00e4m\u00e4 k\u00e4ytt\u00f6ehdot. \u00a72 Saatavilla olevat muodot ja hankinta (1) Lahjakortti on saatavilla seuraavissa [&hellip;]","og_url":"https:\/\/lumond.com\/fi\/lahjakortti-ehdot\/","og_site_name":"Lumond","article_publisher":"https:\/\/www.facebook.com\/lumond.de\/","article_modified_time":"2026-04-09T18:06:35+00:00","twitter_card":"summary_large_image","twitter_misc":{"Arvioitu lukuaika":"4 minuuttia"},"schema":{"@context":"https:\/\/schema.org","@graph":[{"@type":"WebPage","@id":"https:\/\/lumond.com\/fi\/lahjakortti-ehdot\/","url":"https:\/\/lumond.com\/fi\/lahjakortti-ehdot\/","name":"Lahjakortti Ehdot - Lumond","isPartOf":{"@id":"https:\/\/lumond.com\/fi\/#website"},"datePublished":"2026-04-09T17:39:05+00:00","dateModified":"2026-04-09T18:06:35+00:00","breadcrumb":{"@id":"https:\/\/lumond.com\/fi\/lahjakortti-ehdot\/#breadcrumb"},"inLanguage":"fi","potentialAction":[{"@type":"ReadAction","target":["https:\/\/lumond.com\/fi\/lahjakortti-ehdot\/"]}]},{"@type":"BreadcrumbList","@id":"https:\/\/lumond.com\/fi\/lahjakortti-ehdot\/#breadcrumb","itemListElement":[{"@type":"ListItem","position":1,"name":"Lumond","item":"https:\/\/lumond.com\/fi\/"},{"@type":"ListItem","position":2,"name":"Lahjakortti Ehdot"}]},{"@type":"WebSite","@id":"https:\/\/lumond.com\/fi\/#website","url":"https:\/\/lumond.com\/fi\/","name":"Lumond","description":"Duftkerzen Im Glas","publisher":{"@id":"https:\/\/lumond.com\/fi\/#organization"},"alternateName":"Lumond","potentialAction":[{"@type":"SearchAction","target":{"@type":"EntryPoint","urlTemplate":"https:\/\/lumond.com\/fi\/?s={search_term_string}"},"query-input":"required name=search_term_string"}],"inLanguage":"fi"},{"@type":"Organization","@id":"https:\/\/lumond.com\/fi\/#organization","name":"Lumond","url":"https:\/\/lumond.com\/fi\/","logo":{"@type":"ImageObject","inLanguage":"fi","@id":"https:\/\/lumond.com\/fi\/#\/schema\/logo\/image\/","url":"https:\/\/lumond.com\/wp-content\/uploads\/2022\/01\/cropped-40-05.png","contentUrl":"https:\/\/lumond.com\/wp-content\/uploads\/2022\/01\/cropped-40-05.png","width":512,"height":512,"caption":"Lumond"},"image":{"@id":"https:\/\/lumond.com\/fi\/#\/schema\/logo\/image\/"},"sameAs":["https:\/\/www.facebook.com\/lumond.de\/","https:\/\/www.instagram.com\/lumond.de\/"],"description":"Lumond valmistaa korkealaatuisia tuoksukynttil\u00f6it\u00e4 luonnollisesta soijavahasta tyylikk\u00e4iss\u00e4 keraamisissa astioissa \u2013 kest\u00e4v\u00e4sti Saksassa valmistettuja ja ainutlaatuisilla tuoksukoostumuksilla. Ihanteellinen kodikkaaseen kotiin, jossa arvostetaan ymp\u00e4rist\u00f6tietoisuutta ja muotoilua.","email":"info@lumond.de","legalName":"Lumond","foundingDate":"2021-01-01","ownershipFundingInfo":"https:\/\/lumond.com\/ueber-uns\/","correctionsPolicy":"https:\/\/lumond.com\/kontakt\/","address":{"@type":"PostalAddress","streetAddress":"Lumond UG","addressLocality":"Kolonnenstr. 8","addressRegion":"Berlin","postalCode":"10827","addressCountry":"DE"}}]}},"_links":{"self":[{"href":"https:\/\/lumond.com\/fi\/wp-json\/wp\/v2\/pages\/99621","targetHints":{"allow":["GET"]}}],"collection":[{"href":"https:\/\/lumond.com\/fi\/wp-json\/wp\/v2\/pages"}],"about":[{"href":"https:\/\/lumond.com\/fi\/wp-json\/wp\/v2\/types\/page"}],"author":[{"embeddable":true,"href":"https:\/\/lumond.com\/fi\/wp-json\/wp\/v2\/users\/18"}],"replies":[{"embeddable":true,"href":"https:\/\/lumond.com\/fi\/wp-json\/wp\/v2\/comments?post=99621"}],"version-history":[{"count":4,"href":"https:\/\/lumond.com\/fi\/wp-json\/wp\/v2\/pages\/99621\/revisions"}],"predecessor-version":[{"id":99655,"href":"https:\/\/lumond.com\/fi\/wp-json\/wp\/v2\/pages\/99621\/revisions\/99655"}],"wp:attachment":[{"href":"https:\/\/lumond.com\/fi\/wp-json\/wp\/v2\/media?parent=99621"}],"curies":[{"name":"wp","href":"https:\/\/api.w.org\/{rel}","templated":true}]}}