{"id":62202,"date":"2024-06-21T14:49:35","date_gmt":"2024-06-21T14:49:35","guid":{"rendered":"https:\/\/lumond.com\/product\/grosses-bluehendes-duo-wacholder-lavendel-kirschblueten\/"},"modified":"2026-01-06T11:07:04","modified_gmt":"2026-01-06T11:07:04","slug":"gran-duo-floreciente-enebro-y-lavanda-flores-de-cerezo-440g-x-2","status":"publish","type":"product","link":"https:\/\/lumond.com\/es\/producto\/gran-duo-floreciente-enebro-y-lavanda-flores-de-cerezo-440g-x-2\/","title":{"rendered":"Gran d\u00fao floreciente &#8211; Enebro y lavanda, Flores de cerezo (440g X 2)"},"content":{"rendered":"<p>Sum\u00e9rgete en un jard\u00edn en flor con nuestro set D\u00fao floreciente que incluye Enebro y lavanda y Flores de cerezo. Cada vela en un recipiente de cer\u00e1mica art\u00edstica trae la esencia de la naturaleza a tu espacio. Planta las semillas incluidas tras su uso para a\u00f1adir un toque de belleza natural.<\/p>\n<div><b>Ten en cuenta:<\/b> Las semillas de nuestras velas son estacionales y pueden diferir de la imagen mostrada.<\/div>\n","protected":false},"excerpt":{"rendered":"<p>Sum\u00e9rgete en un jard\u00edn en flor con nuestro set D\u00fao floreciente que incluye Enebro y lavanda y Flores de cerezo. Cada vela en un recipiente de cer\u00e1mica art\u00edstica trae la esencia de la naturaleza a tu espacio. Planta las semillas incluidas tras su uso para a\u00f1adir un toque de belleza natural. Ten en cuenta: Las [&hellip;]<\/p>\n","protected":false},"featured_media":62203,"comment_status":"open","ping_status":"closed","template":"","meta":{"_acf_changed":false,"site-sidebar-layout":"default","site-content-layout":"","ast-site-content-layout":"default","site-content-style":"default","site-sidebar-style":"default","ast-global-header-display":"","ast-banner-title-visibility":"","ast-main-header-display":"","ast-hfb-above-header-display":"","ast-hfb-below-header-display":"","ast-hfb-mobile-header-display":"","site-post-title":"","ast-breadcrumbs-content":"","ast-featured-img":"","footer-sml-layout":"","theme-transparent-header-meta":"default","adv-header-id-meta":"","stick-header-meta":"","header-above-stick-meta":"","header-main-stick-meta":"","header-below-stick-meta":"","astra-migrate-meta-layouts":"set","ast-page-background-enabled":"default","ast-page-background-meta":{"desktop":{"background-color":"","background-image":"","background-repeat":"repeat","background-position":"center center","background-size":"auto","background-attachment":"scroll","background-type":"","background-media":"","overlay-type":"","overlay-color":"","overlay-opacity":"","overlay-gradient":""},"tablet":{"background-color":"","background-image":"","background-repeat":"repeat","background-position":"center center","background-size":"auto","background-attachment":"scroll","background-type":"","background-media":"","overlay-type":"","overlay-color":"","overlay-opacity":"","overlay-gradient":""},"mobile":{"background-color":"","background-image":"","background-repeat":"repeat","background-position":"center center","background-size":"auto","background-attachment":"scroll","background-type":"","background-media":"","overlay-type":"","overlay-color":"","overlay-opacity":"","overlay-gradient":""}},"ast-content-background-meta":{"desktop":{"background-color":"var(--ast-global-color-5)","background-image":"","background-repeat":"repeat","background-position":"center center","background-size":"auto","background-attachment":"scroll","background-type":"","background-media":"","overlay-type":"","overlay-color":"","overlay-opacity":"","overlay-gradient":""},"tablet":{"background-color":"var(--ast-global-color-5)","background-image":"","background-repeat":"repeat","background-position":"center center","background-size":"auto","background-attachment":"scroll","background-type":"","background-media":"","overlay-type":"","overlay-color":"","overlay-opacity":"","overlay-gradient":""},"mobile":{"background-color":"var(--ast-global-color-5)","background-image":"","background-repeat":"repeat","background-position":"center center","background-size":"auto","background-attachment":"scroll","background-type":"","background-media":"","overlay-type":"","overlay-color":"","overlay-opacity":"","overlay-gradient":""}}},"product_brand":[],"product_cat":[485,483,458,479,481,480],"product_tag":[484,587],"class_list":{"0":"post-62202","1":"product","2":"type-product","3":"status-publish","4":"has-post-thumbnail","6":"product_cat-duetos-de-velas-florecientes","7":"product_cat-veladoras-grande","8":"product_cat-velas-aromaticas","9":"product_cat-velas-con-mecha-de-madera","10":"product_cat-velas-de-cera-de-soja","11":"product_cat-velas-decorativas","12":"product_tag-grande","13":"product_tag-toasty-es","14":"desktop-align-left","15":"tablet-align-left","16":"mobile-align-left","18":"first","19":"instock","20":"sale","21":"taxable","22":"shipping-taxable","23":"purchasable","24":"product-type-simple"},"acf":[],"yoast_head":"<!-- This site is optimized with the Yoast SEO Premium plugin v23.0 (Yoast SEO v23.0) - https:\/\/yoast.com\/wordpress\/plugins\/seo\/ -->\n<title>Gran d\u00fao floreciente - Enebro y lavanda, Flores de cerezo (440g X 2) - Lumond<\/title>\n<meta name=\"description\" content=\"Set d\u00fao floreciente: velas arom\u00e1ticas de enebro y lavanda &amp; flor de cerezo en cer\u00e1mica art\u00edstica. Fragancias de jard\u00edn para tu hogar. Con semillas para plantar y aportar belleza natural. Experiencia floral y acento sostenible para el hogar en uno.\" \/>\n<meta name=\"robots\" content=\"index, follow, max-snippet:-1, max-image-preview:large, max-video-preview:-1\" \/>\n<link rel=\"canonical\" href=\"https:\/\/lumond.com\/es\/producto\/gran-duo-floreciente-enebro-y-lavanda-flores-de-cerezo-440g-x-2\/\" \/>\n<meta property=\"og:locale\" content=\"es_ES\" \/>\n<meta property=\"og:type\" content=\"article\" \/>\n<meta property=\"og:title\" content=\"Gran d\u00fao floreciente - Enebro y lavanda, Flores de cerezo (440g X 2) - Lumond\" \/>\n<meta property=\"og:description\" content=\"Set d\u00fao floreciente: velas arom\u00e1ticas de enebro y lavanda &amp; flor de cerezo en cer\u00e1mica art\u00edstica. Fragancias de jard\u00edn para tu hogar. Con semillas para plantar y aportar belleza natural. Experiencia floral y acento sostenible para el hogar en uno.\" \/>\n<meta property=\"og:url\" content=\"https:\/\/lumond.com\/es\/producto\/gran-duo-floreciente-enebro-y-lavanda-flores-de-cerezo-440g-x-2\/\" \/>\n<meta property=\"og:site_name\" content=\"Lumond\" \/>\n<meta property=\"article:publisher\" content=\"https:\/\/www.facebook.com\/lumond.de\/\" \/>\n<meta property=\"article:modified_time\" content=\"2026-01-06T11:07:04+00:00\" \/>\n<meta property=\"og:image\" content=\"https:\/\/lumond.com\/wp-content\/uploads\/2024\/06\/Juniper-lavender-cherry-blossoms.webp\" \/>\n\t<meta property=\"og:image:width\" content=\"1080\" \/>\n\t<meta property=\"og:image:height\" content=\"1080\" \/>\n\t<meta property=\"og:image:type\" content=\"image\/webp\" \/>\n<meta name=\"twitter:card\" content=\"summary_large_image\" \/>\n<meta name=\"twitter:description\" content=\"Sum\u00e9rgete en un jard\u00edn en flor con nuestro set D\u00fao floreciente que incluye Enebro y lavanda y Flores de cerezo. Cada vela en un recipiente de cer\u00e1mica\" \/>\n<meta name=\"twitter:label1\" content=\"Precio\" \/>\n\t<meta name=\"twitter:data1\" content=\"&euro;&nbsp;119,98\" \/>\n\t<meta name=\"twitter:label2\" content=\"Availability\" \/>\n\t<meta name=\"twitter:data2\" content=\"In stock\" \/>\n<script type=\"application\/ld+json\" class=\"yoast-schema-graph\">{\"@context\":\"https:\/\/schema.org\",\"@graph\":[{\"@type\":[\"WebPage\",\"ItemPage\"],\"@id\":\"https:\/\/lumond.com\/es\/producto\/gran-duo-floreciente-enebro-y-lavanda-flores-de-cerezo-440g-x-2\/\",\"url\":\"https:\/\/lumond.com\/es\/producto\/gran-duo-floreciente-enebro-y-lavanda-flores-de-cerezo-440g-x-2\/\",\"name\":\"Gran d\u00fao floreciente - Enebro y lavanda, Flores de cerezo (440g X 2) - Lumond\",\"isPartOf\":{\"@id\":\"https:\/\/lumond.com\/es\/#website\"},\"primaryImageOfPage\":{\"@id\":\"https:\/\/lumond.com\/es\/producto\/gran-duo-floreciente-enebro-y-lavanda-flores-de-cerezo-440g-x-2\/#primaryimage\"},\"image\":{\"@id\":\"https:\/\/lumond.com\/es\/producto\/gran-duo-floreciente-enebro-y-lavanda-flores-de-cerezo-440g-x-2\/#primaryimage\"},\"thumbnailUrl\":\"https:\/\/lumond.com\/wp-content\/uploads\/2024\/06\/Juniper-lavender-cherry-blossoms.webp\",\"datePublished\":\"2024-06-21T14:49:35+00:00\",\"dateModified\":\"2026-01-06T11:07:04+00:00\",\"description\":\"Set d\u00fao floreciente: velas arom\u00e1ticas de enebro y lavanda & flor de cerezo en cer\u00e1mica art\u00edstica. Fragancias de jard\u00edn para tu hogar. Con semillas para plantar y aportar belleza natural. Experiencia floral y acento sostenible para el hogar en uno.\",\"breadcrumb\":{\"@id\":\"https:\/\/lumond.com\/es\/producto\/gran-duo-floreciente-enebro-y-lavanda-flores-de-cerezo-440g-x-2\/#breadcrumb\"},\"inLanguage\":\"es\",\"potentialAction\":[{\"@type\":\"ReadAction\",\"target\":[\"https:\/\/lumond.com\/es\/producto\/gran-duo-floreciente-enebro-y-lavanda-flores-de-cerezo-440g-x-2\/\"]}]},{\"@type\":\"ImageObject\",\"inLanguage\":\"es\",\"@id\":\"https:\/\/lumond.com\/es\/producto\/gran-duo-floreciente-enebro-y-lavanda-flores-de-cerezo-440g-x-2\/#primaryimage\",\"url\":\"https:\/\/lumond.com\/wp-content\/uploads\/2024\/06\/Juniper-lavender-cherry-blossoms.webp\",\"contentUrl\":\"https:\/\/lumond.com\/wp-content\/uploads\/2024\/06\/Juniper-lavender-cherry-blossoms.webp\",\"width\":1080,\"height\":1080},{\"@type\":\"BreadcrumbList\",\"@id\":\"https:\/\/lumond.com\/es\/producto\/gran-duo-floreciente-enebro-y-lavanda-flores-de-cerezo-440g-x-2\/#breadcrumb\",\"itemListElement\":[{\"@type\":\"ListItem\",\"position\":1,\"name\":\"Lumond\",\"item\":\"https:\/\/lumond.com\/es\/\"},{\"@type\":\"ListItem\",\"position\":2,\"name\":\"Products\"},{\"@type\":\"ListItem\",\"position\":3,\"name\":\"Duetos de velas florecientes\",\"item\":\"https:\/\/lumond.com\/es\/duetos-de-velas-florecientes\/\"},{\"@type\":\"ListItem\",\"position\":4,\"name\":\"Gran d\u00fao floreciente &#8211; Enebro y lavanda, Flores de cerezo (440g X 2)\"}]},{\"@type\":\"WebSite\",\"@id\":\"https:\/\/lumond.com\/es\/#website\",\"url\":\"https:\/\/lumond.com\/es\/\",\"name\":\"Lumond\",\"description\":\"Duftkerzen Im Glas\",\"publisher\":{\"@id\":\"https:\/\/lumond.com\/es\/#organization\"},\"alternateName\":\"Lumond\",\"potentialAction\":[{\"@type\":\"SearchAction\",\"target\":{\"@type\":\"EntryPoint\",\"urlTemplate\":\"https:\/\/lumond.com\/es\/?s={search_term_string}\"},\"query-input\":\"required name=search_term_string\"}],\"inLanguage\":\"es\"},{\"@type\":\"Organization\",\"@id\":\"https:\/\/lumond.com\/es\/#organization\",\"name\":\"Lumond\",\"url\":\"https:\/\/lumond.com\/es\/\",\"logo\":{\"@type\":\"ImageObject\",\"inLanguage\":\"es\",\"@id\":\"https:\/\/lumond.com\/es\/#\/schema\/logo\/image\/\",\"url\":\"https:\/\/lumond.com\/wp-content\/uploads\/2022\/01\/cropped-40-05.png\",\"contentUrl\":\"https:\/\/lumond.com\/wp-content\/uploads\/2022\/01\/cropped-40-05.png\",\"width\":512,\"height\":512,\"caption\":\"Lumond\"},\"image\":{\"@id\":\"https:\/\/lumond.com\/es\/#\/schema\/logo\/image\/\"},\"sameAs\":[\"https:\/\/www.facebook.com\/lumond.de\/\",\"https:\/\/www.instagram.com\/lumond.de\/\"],\"description\":\"Lumond elabora velas arom\u00e1ticas de alta calidad hechas con cera de soja natural en elegantes recipientes de cer\u00e1mica \u2013 sostenibles, fabricadas en Alemania y con composiciones arom\u00e1ticas \u00fanicas. Ideales para un hogar acogedor con sentido de conciencia ambiental y dise\u00f1o.\",\"email\":\"info@lumond.de\",\"legalName\":\"Lumond\",\"foundingDate\":\"2021-01-01\",\"ownershipFundingInfo\":\"https:\/\/lumond.com\/ueber-uns\/\",\"correctionsPolicy\":\"https:\/\/lumond.com\/kontakt\/\",\"address\":{\"@type\":\"PostalAddress\",\"streetAddress\":\"Lumond UG\",\"addressLocality\":\"Kolonnenstr. 8\",\"addressRegion\":\"Berlin\",\"postalCode\":\"10827\",\"addressCountry\":\"DE\"}}]}<\/script>\n<meta property=\"product:price:amount\" content=\"119.98\" \/>\n<meta property=\"product:price:currency\" content=\"EUR\" \/>\n<meta property=\"og:availability\" content=\"instock\" \/>\n<meta property=\"product:availability\" content=\"instock\" \/>\n<meta property=\"product:retailer_item_id\" content=\"427-2411-2412\" \/>\n<meta property=\"product:condition\" content=\"new\" \/>\n<!-- \/ Yoast SEO Premium plugin. -->","yoast_head_json":{"title":"Gran d\u00fao floreciente - Enebro y lavanda, Flores de cerezo (440g X 2) - Lumond","description":"Set d\u00fao floreciente: velas arom\u00e1ticas de enebro y lavanda & flor de cerezo en cer\u00e1mica art\u00edstica. Fragancias de jard\u00edn para tu hogar. Con semillas para plantar y aportar belleza natural. Experiencia floral y acento sostenible para el hogar en uno.","robots":{"index":"index","follow":"follow","max-snippet":"max-snippet:-1","max-image-preview":"max-image-preview:large","max-video-preview":"max-video-preview:-1"},"canonical":"https:\/\/lumond.com\/es\/producto\/gran-duo-floreciente-enebro-y-lavanda-flores-de-cerezo-440g-x-2\/","og_locale":"es_ES","og_type":"article","og_title":"Gran d\u00fao floreciente - Enebro y lavanda, Flores de cerezo (440g X 2) - Lumond","og_description":"Set d\u00fao floreciente: velas arom\u00e1ticas de enebro y lavanda & flor de cerezo en cer\u00e1mica art\u00edstica. Fragancias de jard\u00edn para tu hogar. Con semillas para plantar y aportar belleza natural. Experiencia floral y acento sostenible para el hogar en uno.","og_url":"https:\/\/lumond.com\/es\/producto\/gran-duo-floreciente-enebro-y-lavanda-flores-de-cerezo-440g-x-2\/","og_site_name":"Lumond","article_publisher":"https:\/\/www.facebook.com\/lumond.de\/","article_modified_time":"2026-01-06T11:07:04+00:00","og_image":[{"width":1080,"height":1080,"url":"https:\/\/lumond.com\/wp-content\/uploads\/2024\/06\/Juniper-lavender-cherry-blossoms.webp","type":"image\/webp"}],"twitter_card":"summary_large_image","twitter_description":"Sum\u00e9rgete en un jard\u00edn en flor con nuestro set D\u00fao floreciente que incluye Enebro y lavanda y Flores de cerezo. Cada vela en un recipiente de cer\u00e1mica","twitter_misc":{"Precio":"&euro;&nbsp;119,98","Availability":"In stock"},"schema":{"@context":"https:\/\/schema.org","@graph":[{"@type":["WebPage","ItemPage"],"@id":"https:\/\/lumond.com\/es\/producto\/gran-duo-floreciente-enebro-y-lavanda-flores-de-cerezo-440g-x-2\/","url":"https:\/\/lumond.com\/es\/producto\/gran-duo-floreciente-enebro-y-lavanda-flores-de-cerezo-440g-x-2\/","name":"Gran d\u00fao floreciente - Enebro y lavanda, Flores de cerezo (440g X 2) - Lumond","isPartOf":{"@id":"https:\/\/lumond.com\/es\/#website"},"primaryImageOfPage":{"@id":"https:\/\/lumond.com\/es\/producto\/gran-duo-floreciente-enebro-y-lavanda-flores-de-cerezo-440g-x-2\/#primaryimage"},"image":{"@id":"https:\/\/lumond.com\/es\/producto\/gran-duo-floreciente-enebro-y-lavanda-flores-de-cerezo-440g-x-2\/#primaryimage"},"thumbnailUrl":"https:\/\/lumond.com\/wp-content\/uploads\/2024\/06\/Juniper-lavender-cherry-blossoms.webp","datePublished":"2024-06-21T14:49:35+00:00","dateModified":"2026-01-06T11:07:04+00:00","description":"Set d\u00fao floreciente: velas arom\u00e1ticas de enebro y lavanda & flor de cerezo en cer\u00e1mica art\u00edstica. Fragancias de jard\u00edn para tu hogar. Con semillas para plantar y aportar belleza natural. Experiencia floral y acento sostenible para el hogar en uno.","breadcrumb":{"@id":"https:\/\/lumond.com\/es\/producto\/gran-duo-floreciente-enebro-y-lavanda-flores-de-cerezo-440g-x-2\/#breadcrumb"},"inLanguage":"es","potentialAction":[{"@type":"ReadAction","target":["https:\/\/lumond.com\/es\/producto\/gran-duo-floreciente-enebro-y-lavanda-flores-de-cerezo-440g-x-2\/"]}]},{"@type":"ImageObject","inLanguage":"es","@id":"https:\/\/lumond.com\/es\/producto\/gran-duo-floreciente-enebro-y-lavanda-flores-de-cerezo-440g-x-2\/#primaryimage","url":"https:\/\/lumond.com\/wp-content\/uploads\/2024\/06\/Juniper-lavender-cherry-blossoms.webp","contentUrl":"https:\/\/lumond.com\/wp-content\/uploads\/2024\/06\/Juniper-lavender-cherry-blossoms.webp","width":1080,"height":1080},{"@type":"BreadcrumbList","@id":"https:\/\/lumond.com\/es\/producto\/gran-duo-floreciente-enebro-y-lavanda-flores-de-cerezo-440g-x-2\/#breadcrumb","itemListElement":[{"@type":"ListItem","position":1,"name":"Lumond","item":"https:\/\/lumond.com\/es\/"},{"@type":"ListItem","position":2,"name":"Products"},{"@type":"ListItem","position":3,"name":"Duetos de velas florecientes","item":"https:\/\/lumond.com\/es\/duetos-de-velas-florecientes\/"},{"@type":"ListItem","position":4,"name":"Gran d\u00fao floreciente &#8211; Enebro y lavanda, Flores de cerezo (440g X 2)"}]},{"@type":"WebSite","@id":"https:\/\/lumond.com\/es\/#website","url":"https:\/\/lumond.com\/es\/","name":"Lumond","description":"Duftkerzen Im Glas","publisher":{"@id":"https:\/\/lumond.com\/es\/#organization"},"alternateName":"Lumond","potentialAction":[{"@type":"SearchAction","target":{"@type":"EntryPoint","urlTemplate":"https:\/\/lumond.com\/es\/?s={search_term_string}"},"query-input":"required name=search_term_string"}],"inLanguage":"es"},{"@type":"Organization","@id":"https:\/\/lumond.com\/es\/#organization","name":"Lumond","url":"https:\/\/lumond.com\/es\/","logo":{"@type":"ImageObject","inLanguage":"es","@id":"https:\/\/lumond.com\/es\/#\/schema\/logo\/image\/","url":"https:\/\/lumond.com\/wp-content\/uploads\/2022\/01\/cropped-40-05.png","contentUrl":"https:\/\/lumond.com\/wp-content\/uploads\/2022\/01\/cropped-40-05.png","width":512,"height":512,"caption":"Lumond"},"image":{"@id":"https:\/\/lumond.com\/es\/#\/schema\/logo\/image\/"},"sameAs":["https:\/\/www.facebook.com\/lumond.de\/","https:\/\/www.instagram.com\/lumond.de\/"],"description":"Lumond elabora velas arom\u00e1ticas de alta calidad hechas con cera de soja natural en elegantes recipientes de cer\u00e1mica \u2013 sostenibles, fabricadas en Alemania y con composiciones arom\u00e1ticas \u00fanicas. Ideales para un hogar acogedor con sentido de conciencia ambiental y dise\u00f1o.","email":"info@lumond.de","legalName":"Lumond","foundingDate":"2021-01-01","ownershipFundingInfo":"https:\/\/lumond.com\/ueber-uns\/","correctionsPolicy":"https:\/\/lumond.com\/kontakt\/","address":{"@type":"PostalAddress","streetAddress":"Lumond UG","addressLocality":"Kolonnenstr. 8","addressRegion":"Berlin","postalCode":"10827","addressCountry":"DE"}}]},"product_price_amount":"119.98","product_price_currency":"EUR","og_availability":"instock","product_availability":"instock","product_retailer_item_id":"427-2411-2412","product_condition":"new"},"_links":{"self":[{"href":"https:\/\/lumond.com\/es\/wp-json\/wp\/v2\/product\/62202","targetHints":{"allow":["GET"]}}],"collection":[{"href":"https:\/\/lumond.com\/es\/wp-json\/wp\/v2\/product"}],"about":[{"href":"https:\/\/lumond.com\/es\/wp-json\/wp\/v2\/types\/product"}],"replies":[{"embeddable":true,"href":"https:\/\/lumond.com\/es\/wp-json\/wp\/v2\/comments?post=62202"}],"wp:featuredmedia":[{"embeddable":true,"href":"https:\/\/lumond.com\/es\/wp-json\/wp\/v2\/media\/62203"}],"wp:attachment":[{"href":"https:\/\/lumond.com\/es\/wp-json\/wp\/v2\/media?parent=62202"}],"wp:term":[{"taxonomy":"product_brand","embeddable":true,"href":"https:\/\/lumond.com\/es\/wp-json\/wp\/v2\/product_brand?post=62202"},{"taxonomy":"product_cat","embeddable":true,"href":"https:\/\/lumond.com\/es\/wp-json\/wp\/v2\/product_cat?post=62202"},{"taxonomy":"product_tag","embeddable":true,"href":"https:\/\/lumond.com\/es\/wp-json\/wp\/v2\/product_tag?post=62202"}],"curies":[{"name":"wp","href":"https:\/\/api.w.org\/{rel}","templated":true}]}}