{"id":62070,"date":"2024-06-21T17:07:47","date_gmt":"2024-06-21T17:07:47","guid":{"rendered":"https:\/\/lumond.com\/product\/bluehende-keramikkerze-meersalz-salbei-220g\/"},"modified":"2025-09-25T16:06:33","modified_gmt":"2025-09-25T16:06:33","slug":"vela-de-ceramica-floreciente-sal-marina-y-salvia-220g","status":"publish","type":"product","link":"https:\/\/lumond.com\/es\/producto\/vela-de-ceramica-floreciente-sal-marina-y-salvia-220g\/","title":{"rendered":"Vela de cer\u00e1mica floreciente &#8211; Sal marina y salvia &#8211; 220g"},"content":{"rendered":"<p>Revitaliza tu espacio con el refrescante aroma de sal marina y salvia. Esta vela floreciente, alojada en un recipiente de cer\u00e1mica art\u00edstica, combina las notas claras y oce\u00e1nicas de la sal marina con el aroma terroso de la salvia para una experiencia arom\u00e1tica rejuvenecedora. Despu\u00e9s de que la vela se haya consumido, planta las semillas incluidas en la maceta de cer\u00e1mica para aportar a tu ambiente un toque de belleza natural y un aire costero.<\/p>\n<div><b>Ten en cuenta:<\/b> Las semillas de nuestras velas son estacionales y pueden diferir de la imagen mostrada.<\/div>\n","protected":false},"excerpt":{"rendered":"<p>Revitaliza tu espacio con el refrescante aroma de sal marina y salvia. Esta vela floreciente, alojada en un recipiente de cer\u00e1mica art\u00edstica, combina las notas claras y oce\u00e1nicas de la sal marina con el aroma terroso de la salvia para una experiencia arom\u00e1tica rejuvenecedora. Despu\u00e9s de que la vela se haya consumido, planta las semillas [&hellip;]<\/p>\n","protected":false},"featured_media":62071,"comment_status":"open","ping_status":"closed","template":"","meta":{"_acf_changed":false,"site-sidebar-layout":"default","site-content-layout":"","ast-site-content-layout":"default","site-content-style":"default","site-sidebar-style":"default","ast-global-header-display":"","ast-banner-title-visibility":"","ast-main-header-display":"","ast-hfb-above-header-display":"","ast-hfb-below-header-display":"","ast-hfb-mobile-header-display":"","site-post-title":"","ast-breadcrumbs-content":"","ast-featured-img":"","footer-sml-layout":"","theme-transparent-header-meta":"default","adv-header-id-meta":"","stick-header-meta":"","header-above-stick-meta":"","header-main-stick-meta":"","header-below-stick-meta":"","astra-migrate-meta-layouts":"set","ast-page-background-enabled":"default","ast-page-background-meta":{"desktop":{"background-color":"","background-image":"","background-repeat":"repeat","background-position":"center center","background-size":"auto","background-attachment":"scroll","background-type":"","background-media":"","overlay-type":"","overlay-color":"","overlay-opacity":"","overlay-gradient":""},"tablet":{"background-color":"","background-image":"","background-repeat":"repeat","background-position":"center center","background-size":"auto","background-attachment":"scroll","background-type":"","background-media":"","overlay-type":"","overlay-color":"","overlay-opacity":"","overlay-gradient":""},"mobile":{"background-color":"","background-image":"","background-repeat":"repeat","background-position":"center center","background-size":"auto","background-attachment":"scroll","background-type":"","background-media":"","overlay-type":"","overlay-color":"","overlay-opacity":"","overlay-gradient":""}},"ast-content-background-meta":{"desktop":{"background-color":"var(--ast-global-color-5)","background-image":"","background-repeat":"repeat","background-position":"center center","background-size":"auto","background-attachment":"scroll","background-type":"","background-media":"","overlay-type":"","overlay-color":"","overlay-opacity":"","overlay-gradient":""},"tablet":{"background-color":"var(--ast-global-color-5)","background-image":"","background-repeat":"repeat","background-position":"center center","background-size":"auto","background-attachment":"scroll","background-type":"","background-media":"","overlay-type":"","overlay-color":"","overlay-opacity":"","overlay-gradient":""},"mobile":{"background-color":"var(--ast-global-color-5)","background-image":"","background-repeat":"repeat","background-position":"center center","background-size":"auto","background-attachment":"scroll","background-type":"","background-media":"","overlay-type":"","overlay-color":"","overlay-opacity":"","overlay-gradient":""}}},"product_brand":[],"product_cat":[458,479,481,480,457],"product_tag":[482,587],"class_list":{"0":"post-62070","1":"product","2":"type-product","3":"status-publish","4":"has-post-thumbnail","6":"product_cat-velas-aromaticas","7":"product_cat-velas-con-mecha-de-madera","8":"product_cat-velas-de-cera-de-soja","9":"product_cat-velas-decorativas","10":"product_cat-velas-florecientes","11":"product_tag-mediano","12":"product_tag-toasty-es","13":"desktop-align-left","14":"tablet-align-left","15":"mobile-align-left","17":"first","18":"outofstock","19":"taxable","20":"shipping-taxable","21":"purchasable","22":"product-type-simple"},"acf":[],"yoast_head":"<!-- This site is optimized with the Yoast SEO Premium plugin v23.0 (Yoast SEO v23.0) - https:\/\/yoast.com\/wordpress\/plugins\/seo\/ -->\n<title>Vela de cer\u00e1mica floreciente - Sal marina y salvia - 220g - Lumond<\/title>\n<meta name=\"description\" content=\"Vela arom\u00e1tica de salvia y sal marina en cer\u00e1mica art\u00edstica. La frescura oce\u00e1nica se encuentra con un aroma terroso. Tras consumirse: planta las semillas para un toque natural costero. Una experiencia arom\u00e1tica rejuvenecedora y un adorno sostenible para el hogar, todo en uno.\" \/>\n<meta name=\"robots\" content=\"index, follow, max-snippet:-1, max-image-preview:large, max-video-preview:-1\" \/>\n<link rel=\"canonical\" href=\"https:\/\/lumond.com\/es\/producto\/vela-de-ceramica-floreciente-sal-marina-y-salvia-220g\/\" \/>\n<meta property=\"og:locale\" content=\"es_ES\" \/>\n<meta property=\"og:type\" content=\"article\" \/>\n<meta property=\"og:title\" content=\"Vela de cer\u00e1mica floreciente - Sal marina y salvia - 220g - Lumond\" \/>\n<meta property=\"og:description\" content=\"Vela arom\u00e1tica de salvia y sal marina en cer\u00e1mica art\u00edstica. La frescura oce\u00e1nica se encuentra con un aroma terroso. Tras consumirse: planta las semillas para un toque natural costero. Una experiencia arom\u00e1tica rejuvenecedora y un adorno sostenible para el hogar, todo en uno.\" \/>\n<meta property=\"og:url\" content=\"https:\/\/lumond.com\/es\/producto\/vela-de-ceramica-floreciente-sal-marina-y-salvia-220g\/\" \/>\n<meta property=\"og:site_name\" content=\"Lumond\" \/>\n<meta property=\"article:publisher\" content=\"https:\/\/www.facebook.com\/lumond.de\/\" \/>\n<meta property=\"article:modified_time\" content=\"2025-09-25T16:06:33+00:00\" \/>\n<meta property=\"og:image\" content=\"https:\/\/lumond.com\/wp-content\/uploads\/2024\/06\/Sea-Salt-Sage-Medium-Size-2.webp\" \/>\n\t<meta property=\"og:image:width\" content=\"1080\" \/>\n\t<meta property=\"og:image:height\" content=\"1080\" \/>\n\t<meta property=\"og:image:type\" content=\"image\/webp\" \/>\n<meta name=\"twitter:card\" content=\"summary_large_image\" \/>\n<meta name=\"twitter:description\" content=\"Revitaliza tu espacio con el refrescante aroma de sal marina y salvia. Esta vela floreciente, alojada en un recipiente de cer\u00e1mica art\u00edstica, combina las\" \/>\n<meta name=\"twitter:label1\" content=\"Precio\" \/>\n\t<meta name=\"twitter:data1\" content=\"&euro;&nbsp;39,99\" \/>\n\t<meta name=\"twitter:label2\" content=\"Availability\" \/>\n\t<meta name=\"twitter:data2\" content=\"Out of stock\" \/>\n<script type=\"application\/ld+json\" class=\"yoast-schema-graph\">{\"@context\":\"https:\/\/schema.org\",\"@graph\":[{\"@type\":[\"WebPage\",\"ItemPage\"],\"@id\":\"https:\/\/lumond.com\/es\/producto\/vela-de-ceramica-floreciente-sal-marina-y-salvia-220g\/\",\"url\":\"https:\/\/lumond.com\/es\/producto\/vela-de-ceramica-floreciente-sal-marina-y-salvia-220g\/\",\"name\":\"Vela de cer\u00e1mica floreciente - Sal marina y salvia - 220g - Lumond\",\"isPartOf\":{\"@id\":\"https:\/\/lumond.com\/es\/#website\"},\"primaryImageOfPage\":{\"@id\":\"https:\/\/lumond.com\/es\/producto\/vela-de-ceramica-floreciente-sal-marina-y-salvia-220g\/#primaryimage\"},\"image\":{\"@id\":\"https:\/\/lumond.com\/es\/producto\/vela-de-ceramica-floreciente-sal-marina-y-salvia-220g\/#primaryimage\"},\"thumbnailUrl\":\"https:\/\/lumond.com\/wp-content\/uploads\/2024\/06\/Sea-Salt-Sage-Medium-Size-2.webp\",\"datePublished\":\"2024-06-21T17:07:47+00:00\",\"dateModified\":\"2025-09-25T16:06:33+00:00\",\"description\":\"Vela arom\u00e1tica de salvia y sal marina en cer\u00e1mica art\u00edstica. La frescura oce\u00e1nica se encuentra con un aroma terroso. Tras consumirse: planta las semillas para un toque natural costero. Una experiencia arom\u00e1tica rejuvenecedora y un adorno sostenible para el hogar, todo en uno.\",\"breadcrumb\":{\"@id\":\"https:\/\/lumond.com\/es\/producto\/vela-de-ceramica-floreciente-sal-marina-y-salvia-220g\/#breadcrumb\"},\"inLanguage\":\"es\",\"potentialAction\":[{\"@type\":\"ReadAction\",\"target\":[\"https:\/\/lumond.com\/es\/producto\/vela-de-ceramica-floreciente-sal-marina-y-salvia-220g\/\"]}]},{\"@type\":\"ImageObject\",\"inLanguage\":\"es\",\"@id\":\"https:\/\/lumond.com\/es\/producto\/vela-de-ceramica-floreciente-sal-marina-y-salvia-220g\/#primaryimage\",\"url\":\"https:\/\/lumond.com\/wp-content\/uploads\/2024\/06\/Sea-Salt-Sage-Medium-Size-2.webp\",\"contentUrl\":\"https:\/\/lumond.com\/wp-content\/uploads\/2024\/06\/Sea-Salt-Sage-Medium-Size-2.webp\",\"width\":1080,\"height\":1080},{\"@type\":\"BreadcrumbList\",\"@id\":\"https:\/\/lumond.com\/es\/producto\/vela-de-ceramica-floreciente-sal-marina-y-salvia-220g\/#breadcrumb\",\"itemListElement\":[{\"@type\":\"ListItem\",\"position\":1,\"name\":\"Lumond\",\"item\":\"https:\/\/lumond.com\/es\/\"},{\"@type\":\"ListItem\",\"position\":2,\"name\":\"Products\"},{\"@type\":\"ListItem\",\"position\":3,\"name\":\"Velas florecientes\",\"item\":\"https:\/\/lumond.com\/es\/velas-florecientes\/\"},{\"@type\":\"ListItem\",\"position\":4,\"name\":\"Vela de cer\u00e1mica floreciente &#8211; Sal marina y salvia &#8211; 220g\"}]},{\"@type\":\"WebSite\",\"@id\":\"https:\/\/lumond.com\/es\/#website\",\"url\":\"https:\/\/lumond.com\/es\/\",\"name\":\"Lumond\",\"description\":\"Duftkerzen Im Glas\",\"publisher\":{\"@id\":\"https:\/\/lumond.com\/es\/#organization\"},\"alternateName\":\"Lumond\",\"potentialAction\":[{\"@type\":\"SearchAction\",\"target\":{\"@type\":\"EntryPoint\",\"urlTemplate\":\"https:\/\/lumond.com\/es\/?s={search_term_string}\"},\"query-input\":\"required name=search_term_string\"}],\"inLanguage\":\"es\"},{\"@type\":\"Organization\",\"@id\":\"https:\/\/lumond.com\/es\/#organization\",\"name\":\"Lumond\",\"url\":\"https:\/\/lumond.com\/es\/\",\"logo\":{\"@type\":\"ImageObject\",\"inLanguage\":\"es\",\"@id\":\"https:\/\/lumond.com\/es\/#\/schema\/logo\/image\/\",\"url\":\"https:\/\/lumond.com\/wp-content\/uploads\/2022\/01\/cropped-40-05.png\",\"contentUrl\":\"https:\/\/lumond.com\/wp-content\/uploads\/2022\/01\/cropped-40-05.png\",\"width\":512,\"height\":512,\"caption\":\"Lumond\"},\"image\":{\"@id\":\"https:\/\/lumond.com\/es\/#\/schema\/logo\/image\/\"},\"sameAs\":[\"https:\/\/www.facebook.com\/lumond.de\/\",\"https:\/\/www.instagram.com\/lumond.de\/\"],\"description\":\"Lumond elabora velas arom\u00e1ticas de alta calidad hechas con cera de soja natural en elegantes recipientes de cer\u00e1mica \u2013 sostenibles, fabricadas en Alemania y con composiciones arom\u00e1ticas \u00fanicas. Ideales para un hogar acogedor con sentido de conciencia ambiental y dise\u00f1o.\",\"email\":\"info@lumond.de\",\"legalName\":\"Lumond\",\"foundingDate\":\"2021-01-01\",\"ownershipFundingInfo\":\"https:\/\/lumond.com\/ueber-uns\/\",\"correctionsPolicy\":\"https:\/\/lumond.com\/kontakt\/\",\"address\":{\"@type\":\"PostalAddress\",\"streetAddress\":\"Lumond UG\",\"addressLocality\":\"Kolonnenstr. 8\",\"addressRegion\":\"Berlin\",\"postalCode\":\"10827\",\"addressCountry\":\"DE\"}}]}<\/script>\n<meta property=\"product:price:amount\" content=\"39.99\" \/>\n<meta property=\"product:price:currency\" content=\"EUR\" \/>\n<meta property=\"og:availability\" content=\"out of stock\" \/>\n<meta property=\"product:availability\" content=\"out of stock\" \/>\n<meta property=\"product:retailer_item_id\" content=\"427-244\" \/>\n<meta property=\"product:condition\" content=\"new\" \/>\n<!-- \/ Yoast SEO Premium plugin. -->","yoast_head_json":{"title":"Vela de cer\u00e1mica floreciente - Sal marina y salvia - 220g - Lumond","description":"Vela arom\u00e1tica de salvia y sal marina en cer\u00e1mica art\u00edstica. La frescura oce\u00e1nica se encuentra con un aroma terroso. Tras consumirse: planta las semillas para un toque natural costero. Una experiencia arom\u00e1tica rejuvenecedora y un adorno sostenible para el hogar, todo en uno.","robots":{"index":"index","follow":"follow","max-snippet":"max-snippet:-1","max-image-preview":"max-image-preview:large","max-video-preview":"max-video-preview:-1"},"canonical":"https:\/\/lumond.com\/es\/producto\/vela-de-ceramica-floreciente-sal-marina-y-salvia-220g\/","og_locale":"es_ES","og_type":"article","og_title":"Vela de cer\u00e1mica floreciente - Sal marina y salvia - 220g - Lumond","og_description":"Vela arom\u00e1tica de salvia y sal marina en cer\u00e1mica art\u00edstica. La frescura oce\u00e1nica se encuentra con un aroma terroso. Tras consumirse: planta las semillas para un toque natural costero. Una experiencia arom\u00e1tica rejuvenecedora y un adorno sostenible para el hogar, todo en uno.","og_url":"https:\/\/lumond.com\/es\/producto\/vela-de-ceramica-floreciente-sal-marina-y-salvia-220g\/","og_site_name":"Lumond","article_publisher":"https:\/\/www.facebook.com\/lumond.de\/","article_modified_time":"2025-09-25T16:06:33+00:00","og_image":[{"width":1080,"height":1080,"url":"https:\/\/lumond.com\/wp-content\/uploads\/2024\/06\/Sea-Salt-Sage-Medium-Size-2.webp","type":"image\/webp"}],"twitter_card":"summary_large_image","twitter_description":"Revitaliza tu espacio con el refrescante aroma de sal marina y salvia. Esta vela floreciente, alojada en un recipiente de cer\u00e1mica art\u00edstica, combina las","twitter_misc":{"Precio":"&euro;&nbsp;39,99","Availability":"Out of stock"},"schema":{"@context":"https:\/\/schema.org","@graph":[{"@type":["WebPage","ItemPage"],"@id":"https:\/\/lumond.com\/es\/producto\/vela-de-ceramica-floreciente-sal-marina-y-salvia-220g\/","url":"https:\/\/lumond.com\/es\/producto\/vela-de-ceramica-floreciente-sal-marina-y-salvia-220g\/","name":"Vela de cer\u00e1mica floreciente - Sal marina y salvia - 220g - Lumond","isPartOf":{"@id":"https:\/\/lumond.com\/es\/#website"},"primaryImageOfPage":{"@id":"https:\/\/lumond.com\/es\/producto\/vela-de-ceramica-floreciente-sal-marina-y-salvia-220g\/#primaryimage"},"image":{"@id":"https:\/\/lumond.com\/es\/producto\/vela-de-ceramica-floreciente-sal-marina-y-salvia-220g\/#primaryimage"},"thumbnailUrl":"https:\/\/lumond.com\/wp-content\/uploads\/2024\/06\/Sea-Salt-Sage-Medium-Size-2.webp","datePublished":"2024-06-21T17:07:47+00:00","dateModified":"2025-09-25T16:06:33+00:00","description":"Vela arom\u00e1tica de salvia y sal marina en cer\u00e1mica art\u00edstica. La frescura oce\u00e1nica se encuentra con un aroma terroso. Tras consumirse: planta las semillas para un toque natural costero. Una experiencia arom\u00e1tica rejuvenecedora y un adorno sostenible para el hogar, todo en uno.","breadcrumb":{"@id":"https:\/\/lumond.com\/es\/producto\/vela-de-ceramica-floreciente-sal-marina-y-salvia-220g\/#breadcrumb"},"inLanguage":"es","potentialAction":[{"@type":"ReadAction","target":["https:\/\/lumond.com\/es\/producto\/vela-de-ceramica-floreciente-sal-marina-y-salvia-220g\/"]}]},{"@type":"ImageObject","inLanguage":"es","@id":"https:\/\/lumond.com\/es\/producto\/vela-de-ceramica-floreciente-sal-marina-y-salvia-220g\/#primaryimage","url":"https:\/\/lumond.com\/wp-content\/uploads\/2024\/06\/Sea-Salt-Sage-Medium-Size-2.webp","contentUrl":"https:\/\/lumond.com\/wp-content\/uploads\/2024\/06\/Sea-Salt-Sage-Medium-Size-2.webp","width":1080,"height":1080},{"@type":"BreadcrumbList","@id":"https:\/\/lumond.com\/es\/producto\/vela-de-ceramica-floreciente-sal-marina-y-salvia-220g\/#breadcrumb","itemListElement":[{"@type":"ListItem","position":1,"name":"Lumond","item":"https:\/\/lumond.com\/es\/"},{"@type":"ListItem","position":2,"name":"Products"},{"@type":"ListItem","position":3,"name":"Velas florecientes","item":"https:\/\/lumond.com\/es\/velas-florecientes\/"},{"@type":"ListItem","position":4,"name":"Vela de cer\u00e1mica floreciente &#8211; Sal marina y salvia &#8211; 220g"}]},{"@type":"WebSite","@id":"https:\/\/lumond.com\/es\/#website","url":"https:\/\/lumond.com\/es\/","name":"Lumond","description":"Duftkerzen Im Glas","publisher":{"@id":"https:\/\/lumond.com\/es\/#organization"},"alternateName":"Lumond","potentialAction":[{"@type":"SearchAction","target":{"@type":"EntryPoint","urlTemplate":"https:\/\/lumond.com\/es\/?s={search_term_string}"},"query-input":"required name=search_term_string"}],"inLanguage":"es"},{"@type":"Organization","@id":"https:\/\/lumond.com\/es\/#organization","name":"Lumond","url":"https:\/\/lumond.com\/es\/","logo":{"@type":"ImageObject","inLanguage":"es","@id":"https:\/\/lumond.com\/es\/#\/schema\/logo\/image\/","url":"https:\/\/lumond.com\/wp-content\/uploads\/2022\/01\/cropped-40-05.png","contentUrl":"https:\/\/lumond.com\/wp-content\/uploads\/2022\/01\/cropped-40-05.png","width":512,"height":512,"caption":"Lumond"},"image":{"@id":"https:\/\/lumond.com\/es\/#\/schema\/logo\/image\/"},"sameAs":["https:\/\/www.facebook.com\/lumond.de\/","https:\/\/www.instagram.com\/lumond.de\/"],"description":"Lumond elabora velas arom\u00e1ticas de alta calidad hechas con cera de soja natural en elegantes recipientes de cer\u00e1mica \u2013 sostenibles, fabricadas en Alemania y con composiciones arom\u00e1ticas \u00fanicas. Ideales para un hogar acogedor con sentido de conciencia ambiental y dise\u00f1o.","email":"info@lumond.de","legalName":"Lumond","foundingDate":"2021-01-01","ownershipFundingInfo":"https:\/\/lumond.com\/ueber-uns\/","correctionsPolicy":"https:\/\/lumond.com\/kontakt\/","address":{"@type":"PostalAddress","streetAddress":"Lumond UG","addressLocality":"Kolonnenstr. 8","addressRegion":"Berlin","postalCode":"10827","addressCountry":"DE"}}]},"product_price_amount":"39.99","product_price_currency":"EUR","og_availability":"out of stock","product_availability":"out of stock","product_retailer_item_id":"427-244","product_condition":"new"},"_links":{"self":[{"href":"https:\/\/lumond.com\/es\/wp-json\/wp\/v2\/product\/62070","targetHints":{"allow":["GET"]}}],"collection":[{"href":"https:\/\/lumond.com\/es\/wp-json\/wp\/v2\/product"}],"about":[{"href":"https:\/\/lumond.com\/es\/wp-json\/wp\/v2\/types\/product"}],"replies":[{"embeddable":true,"href":"https:\/\/lumond.com\/es\/wp-json\/wp\/v2\/comments?post=62070"}],"wp:featuredmedia":[{"embeddable":true,"href":"https:\/\/lumond.com\/es\/wp-json\/wp\/v2\/media\/62071"}],"wp:attachment":[{"href":"https:\/\/lumond.com\/es\/wp-json\/wp\/v2\/media?parent=62070"}],"wp:term":[{"taxonomy":"product_brand","embeddable":true,"href":"https:\/\/lumond.com\/es\/wp-json\/wp\/v2\/product_brand?post=62070"},{"taxonomy":"product_cat","embeddable":true,"href":"https:\/\/lumond.com\/es\/wp-json\/wp\/v2\/product_cat?post=62070"},{"taxonomy":"product_tag","embeddable":true,"href":"https:\/\/lumond.com\/es\/wp-json\/wp\/v2\/product_tag?post=62070"}],"curies":[{"name":"wp","href":"https:\/\/api.w.org\/{rel}","templated":true}]}}