{"id":97681,"date":"2025-12-12T18:31:32","date_gmt":"2025-12-12T18:31:32","guid":{"rendered":"https:\/\/lumond.com\/product\/bluehende-keramikkerze-wacholder-lavendel-1400-g\/"},"modified":"2026-02-06T10:14:33","modified_gmt":"2026-02-06T10:14:33","slug":"blomstrende-keramiklys-enebaer-lavendel-1400-g","status":"publish","type":"product","link":"https:\/\/lumond.com\/da\/Produkt\/blomstrende-keramiklys-enebaer-lavendel-1400-g\/","title":{"rendered":"Blomstrende keramiklys \u2013 Eneb\u00e6r &#038; Lavendel \u2013 1400 g"},"content":{"rendered":"<p>Bring ro til dit hjem med den velg\u00f8rende duft af eneb\u00e6r og lavendel. Dette blomstrende lys, indfattet i en omhyggeligt fremstillet keramikholder, forener eneb\u00e6rens jordagtige, tr\u00e6agtige noter med lavendelens beroligende essens og skaber en fredfyldt, afslappet atmosf\u00e6re. N\u00e5r lyset er helt nedbr\u00e6ndt, kan du plante de medf\u00f8lgende fr\u00f8 i keramikpotten og give dit hjem et strejf af naturlig ro og elegance.<\/p>\n","protected":false},"excerpt":{"rendered":"<p>Bring ro til dit hjem med den velg\u00f8rende duft af eneb\u00e6r og lavendel. Dette blomstrende lys, indfattet i en omhyggeligt fremstillet keramikholder, forener eneb\u00e6rens jordagtige, tr\u00e6agtige noter med lavendelens beroligende essens og skaber en fredfyldt, afslappet atmosf\u00e6re. N\u00e5r lyset er helt nedbr\u00e6ndt, kan du plante de medf\u00f8lgende fr\u00f8 i keramikpotten og give dit hjem et [&hellip;]<\/p>\n","protected":false},"featured_media":85952,"comment_status":"closed","ping_status":"closed","template":"","meta":{"_acf_changed":false,"site-sidebar-layout":"default","site-content-layout":"","ast-site-content-layout":"default","site-content-style":"default","site-sidebar-style":"default","ast-global-header-display":"","ast-banner-title-visibility":"","ast-main-header-display":"","ast-hfb-above-header-display":"","ast-hfb-below-header-display":"","ast-hfb-mobile-header-display":"","site-post-title":"","ast-breadcrumbs-content":"","ast-featured-img":"","footer-sml-layout":"","theme-transparent-header-meta":"default","adv-header-id-meta":"","stick-header-meta":"","header-above-stick-meta":"","header-main-stick-meta":"","header-below-stick-meta":"","astra-migrate-meta-layouts":"set","ast-page-background-enabled":"default","ast-page-background-meta":{"desktop":{"background-color":"","background-image":"","background-repeat":"repeat","background-position":"center center","background-size":"auto","background-attachment":"scroll","background-type":"","background-media":"","overlay-type":"","overlay-color":"","overlay-opacity":"","overlay-gradient":""},"tablet":{"background-color":"","background-image":"","background-repeat":"repeat","background-position":"center center","background-size":"auto","background-attachment":"scroll","background-type":"","background-media":"","overlay-type":"","overlay-color":"","overlay-opacity":"","overlay-gradient":""},"mobile":{"background-color":"","background-image":"","background-repeat":"repeat","background-position":"center center","background-size":"auto","background-attachment":"scroll","background-type":"","background-media":"","overlay-type":"","overlay-color":"","overlay-opacity":"","overlay-gradient":""}},"ast-content-background-meta":{"desktop":{"background-color":"var(--ast-global-color-5)","background-image":"","background-repeat":"repeat","background-position":"center center","background-size":"auto","background-attachment":"scroll","background-type":"","background-media":"","overlay-type":"","overlay-color":"","overlay-opacity":"","overlay-gradient":""},"tablet":{"background-color":"var(--ast-global-color-5)","background-image":"","background-repeat":"repeat","background-position":"center center","background-size":"auto","background-attachment":"scroll","background-type":"","background-media":"","overlay-type":"","overlay-color":"","overlay-opacity":"","overlay-gradient":""},"mobile":{"background-color":"var(--ast-global-color-5)","background-image":"","background-repeat":"repeat","background-position":"center center","background-size":"auto","background-attachment":"scroll","background-type":"","background-media":"","overlay-type":"","overlay-color":"","overlay-opacity":"","overlay-gradient":""}}},"product_brand":[],"product_cat":[397],"product_tag":[424],"class_list":{"0":"post-97681","1":"product","2":"type-product","3":"status-publish","4":"has-post-thumbnail","6":"product_cat-blomstrende-stearinlys","7":"product_tag-store","8":"desktop-align-left","9":"tablet-align-left","10":"mobile-align-left","12":"first","13":"instock","14":"sale","15":"taxable","16":"shipping-taxable","17":"purchasable","18":"product-type-simple"},"acf":[],"yoast_head":"<!-- This site is optimized with the Yoast SEO Premium plugin v23.0 (Yoast SEO v23.0) - https:\/\/yoast.com\/wordpress\/plugins\/seo\/ -->\n<title>Blomstrende keramiklys \u2013 Eneb\u00e6r &amp; Lavendel \u2013 1400 g - Lumond<\/title>\n<meta name=\"description\" content=\"Bring ro til dit hjem med den velg\u00f8rende duft af eneb\u00e6r og lavendel. Dette blomstrende lys, indfattet i en omhyggeligt fremstillet keramikholder, forener\" \/>\n<meta name=\"robots\" content=\"index, follow, max-snippet:-1, max-image-preview:large, max-video-preview:-1\" \/>\n<link rel=\"canonical\" href=\"https:\/\/lumond.com\/da\/Produkt\/blomstrende-keramiklys-enebaer-lavendel-1400-g\/\" \/>\n<meta property=\"og:locale\" content=\"da_DK\" \/>\n<meta property=\"og:type\" content=\"article\" \/>\n<meta property=\"og:title\" content=\"Blomstrende keramiklys \u2013 Eneb\u00e6r &amp; Lavendel \u2013 1400 g - Lumond\" \/>\n<meta property=\"og:description\" content=\"Bring ro til dit hjem med den velg\u00f8rende duft af eneb\u00e6r og lavendel. Dette blomstrende lys, indfattet i en omhyggeligt fremstillet keramikholder, forener\" \/>\n<meta property=\"og:url\" content=\"https:\/\/lumond.com\/da\/Produkt\/blomstrende-keramiklys-enebaer-lavendel-1400-g\/\" \/>\n<meta property=\"og:site_name\" content=\"Lumond\" \/>\n<meta property=\"article:publisher\" content=\"https:\/\/www.facebook.com\/lumond.de\/\" \/>\n<meta property=\"article:modified_time\" content=\"2026-02-06T10:14:33+00:00\" \/>\n<meta property=\"og:image\" content=\"https:\/\/lumond.com\/wp-content\/uploads\/2025\/12\/Juniper-Lavender_image_1.webp\" \/>\n\t<meta property=\"og:image:width\" content=\"960\" \/>\n\t<meta property=\"og:image:height\" content=\"1088\" \/>\n\t<meta property=\"og:image:type\" content=\"image\/webp\" \/>\n<meta name=\"twitter:card\" content=\"summary_large_image\" \/>\n<meta name=\"twitter:label1\" content=\"Pris\" \/>\n\t<meta name=\"twitter:data1\" content=\"&euro;&nbsp;99,00\" \/>\n\t<meta name=\"twitter:label2\" content=\"Availability\" \/>\n\t<meta name=\"twitter:data2\" content=\"In stock\" \/>\n<script type=\"application\/ld+json\" class=\"yoast-schema-graph\">{\"@context\":\"https:\/\/schema.org\",\"@graph\":[{\"@type\":[\"WebPage\",\"ItemPage\"],\"@id\":\"https:\/\/lumond.com\/da\/Produkt\/blomstrende-keramiklys-enebaer-lavendel-1400-g\/\",\"url\":\"https:\/\/lumond.com\/da\/Produkt\/blomstrende-keramiklys-enebaer-lavendel-1400-g\/\",\"name\":\"Blomstrende keramiklys \u2013 Eneb\u00e6r & Lavendel \u2013 1400 g - Lumond\",\"isPartOf\":{\"@id\":\"https:\/\/lumond.com\/da\/#website\"},\"primaryImageOfPage\":{\"@id\":\"https:\/\/lumond.com\/da\/Produkt\/blomstrende-keramiklys-enebaer-lavendel-1400-g\/#primaryimage\"},\"image\":{\"@id\":\"https:\/\/lumond.com\/da\/Produkt\/blomstrende-keramiklys-enebaer-lavendel-1400-g\/#primaryimage\"},\"thumbnailUrl\":\"https:\/\/lumond.com\/wp-content\/uploads\/2025\/12\/Juniper-Lavender_image_1.webp\",\"datePublished\":\"2025-12-12T18:31:32+00:00\",\"dateModified\":\"2026-02-06T10:14:33+00:00\",\"description\":\"Bring ro til dit hjem med den velg\u00f8rende duft af eneb\u00e6r og lavendel. Dette blomstrende lys, indfattet i en omhyggeligt fremstillet keramikholder, forener\",\"breadcrumb\":{\"@id\":\"https:\/\/lumond.com\/da\/Produkt\/blomstrende-keramiklys-enebaer-lavendel-1400-g\/#breadcrumb\"},\"inLanguage\":\"da-DK\",\"potentialAction\":[{\"@type\":\"ReadAction\",\"target\":[\"https:\/\/lumond.com\/da\/Produkt\/blomstrende-keramiklys-enebaer-lavendel-1400-g\/\"]}]},{\"@type\":\"ImageObject\",\"inLanguage\":\"da-DK\",\"@id\":\"https:\/\/lumond.com\/da\/Produkt\/blomstrende-keramiklys-enebaer-lavendel-1400-g\/#primaryimage\",\"url\":\"https:\/\/lumond.com\/wp-content\/uploads\/2025\/12\/Juniper-Lavender_image_1.webp\",\"contentUrl\":\"https:\/\/lumond.com\/wp-content\/uploads\/2025\/12\/Juniper-Lavender_image_1.webp\",\"width\":960,\"height\":1088},{\"@type\":\"BreadcrumbList\",\"@id\":\"https:\/\/lumond.com\/da\/Produkt\/blomstrende-keramiklys-enebaer-lavendel-1400-g\/#breadcrumb\",\"itemListElement\":[{\"@type\":\"ListItem\",\"position\":1,\"name\":\"Lumond\",\"item\":\"https:\/\/lumond.com\/da\/lumond-da\/\"},{\"@type\":\"ListItem\",\"position\":2,\"name\":\"Products\"},{\"@type\":\"ListItem\",\"position\":3,\"name\":\"Blomstrende stearinlys\",\"item\":\"https:\/\/lumond.com\/da\/blomstrende-stearinlys\/\"},{\"@type\":\"ListItem\",\"position\":4,\"name\":\"Blomstrende keramiklys \u2013 Eneb\u00e6r &#038; Lavendel \u2013 1400 g\"}]},{\"@type\":\"WebSite\",\"@id\":\"https:\/\/lumond.com\/da\/#website\",\"url\":\"https:\/\/lumond.com\/da\/\",\"name\":\"Lumond\",\"description\":\"Duftkerzen Im Glas\",\"publisher\":{\"@id\":\"https:\/\/lumond.com\/da\/#organization\"},\"alternateName\":\"Lumond\",\"potentialAction\":[{\"@type\":\"SearchAction\",\"target\":{\"@type\":\"EntryPoint\",\"urlTemplate\":\"https:\/\/lumond.com\/da\/?s={search_term_string}\"},\"query-input\":\"required name=search_term_string\"}],\"inLanguage\":\"da-DK\"},{\"@type\":\"Organization\",\"@id\":\"https:\/\/lumond.com\/da\/#organization\",\"name\":\"Lumond\",\"url\":\"https:\/\/lumond.com\/da\/\",\"logo\":{\"@type\":\"ImageObject\",\"inLanguage\":\"da-DK\",\"@id\":\"https:\/\/lumond.com\/da\/#\/schema\/logo\/image\/\",\"url\":\"https:\/\/lumond.com\/wp-content\/uploads\/2022\/01\/cropped-40-05.png\",\"contentUrl\":\"https:\/\/lumond.com\/wp-content\/uploads\/2022\/01\/cropped-40-05.png\",\"width\":512,\"height\":512,\"caption\":\"Lumond\"},\"image\":{\"@id\":\"https:\/\/lumond.com\/da\/#\/schema\/logo\/image\/\"},\"sameAs\":[\"https:\/\/www.facebook.com\/lumond.de\/\",\"https:\/\/www.instagram.com\/lumond.de\/\"],\"description\":\"Lumond fremstiller h\u00f8jkvalitets duftlys af naturlig sojavoks i stilfulde keramikbeholdere \u2013 b\u00e6redygtigt, produceret i Tyskland og med unikke duftkompositioner. Ideel til et hyggeligt hjem med sans for milj\u00f8bevidsthed og design.\",\"email\":\"info@lumond.de\",\"legalName\":\"Lumond\",\"foundingDate\":\"2021-01-01\",\"ownershipFundingInfo\":\"https:\/\/lumond.com\/ueber-uns\/\",\"correctionsPolicy\":\"https:\/\/lumond.com\/kontakt\/\",\"address\":{\"@type\":\"PostalAddress\",\"streetAddress\":\"Lumond UG\",\"addressLocality\":\"Kolonnenstr. 8\",\"addressRegion\":\"Berlin\",\"postalCode\":\"10827\",\"addressCountry\":\"DE\"}}]}<\/script>\n<meta property=\"product:price:amount\" content=\"99.00\" \/>\n<meta property=\"product:price:currency\" content=\"EUR\" \/>\n<meta property=\"og:availability\" content=\"instock\" \/>\n<meta property=\"product:availability\" content=\"instock\" \/>\n<meta property=\"product:retailer_item_id\" content=\"427-24111\" \/>\n<meta property=\"product:condition\" content=\"new\" \/>\n<!-- \/ Yoast SEO Premium plugin. -->","yoast_head_json":{"title":"Blomstrende keramiklys \u2013 Eneb\u00e6r & Lavendel \u2013 1400 g - Lumond","description":"Bring ro til dit hjem med den velg\u00f8rende duft af eneb\u00e6r og lavendel. Dette blomstrende lys, indfattet i en omhyggeligt fremstillet keramikholder, forener","robots":{"index":"index","follow":"follow","max-snippet":"max-snippet:-1","max-image-preview":"max-image-preview:large","max-video-preview":"max-video-preview:-1"},"canonical":"https:\/\/lumond.com\/da\/Produkt\/blomstrende-keramiklys-enebaer-lavendel-1400-g\/","og_locale":"da_DK","og_type":"article","og_title":"Blomstrende keramiklys \u2013 Eneb\u00e6r & Lavendel \u2013 1400 g - Lumond","og_description":"Bring ro til dit hjem med den velg\u00f8rende duft af eneb\u00e6r og lavendel. Dette blomstrende lys, indfattet i en omhyggeligt fremstillet keramikholder, forener","og_url":"https:\/\/lumond.com\/da\/Produkt\/blomstrende-keramiklys-enebaer-lavendel-1400-g\/","og_site_name":"Lumond","article_publisher":"https:\/\/www.facebook.com\/lumond.de\/","article_modified_time":"2026-02-06T10:14:33+00:00","og_image":[{"width":960,"height":1088,"url":"https:\/\/lumond.com\/wp-content\/uploads\/2025\/12\/Juniper-Lavender_image_1.webp","type":"image\/webp"}],"twitter_card":"summary_large_image","twitter_misc":{"Pris":"&euro;&nbsp;99,00","Availability":"In stock"},"schema":{"@context":"https:\/\/schema.org","@graph":[{"@type":["WebPage","ItemPage"],"@id":"https:\/\/lumond.com\/da\/Produkt\/blomstrende-keramiklys-enebaer-lavendel-1400-g\/","url":"https:\/\/lumond.com\/da\/Produkt\/blomstrende-keramiklys-enebaer-lavendel-1400-g\/","name":"Blomstrende keramiklys \u2013 Eneb\u00e6r & Lavendel \u2013 1400 g - Lumond","isPartOf":{"@id":"https:\/\/lumond.com\/da\/#website"},"primaryImageOfPage":{"@id":"https:\/\/lumond.com\/da\/Produkt\/blomstrende-keramiklys-enebaer-lavendel-1400-g\/#primaryimage"},"image":{"@id":"https:\/\/lumond.com\/da\/Produkt\/blomstrende-keramiklys-enebaer-lavendel-1400-g\/#primaryimage"},"thumbnailUrl":"https:\/\/lumond.com\/wp-content\/uploads\/2025\/12\/Juniper-Lavender_image_1.webp","datePublished":"2025-12-12T18:31:32+00:00","dateModified":"2026-02-06T10:14:33+00:00","description":"Bring ro til dit hjem med den velg\u00f8rende duft af eneb\u00e6r og lavendel. Dette blomstrende lys, indfattet i en omhyggeligt fremstillet keramikholder, forener","breadcrumb":{"@id":"https:\/\/lumond.com\/da\/Produkt\/blomstrende-keramiklys-enebaer-lavendel-1400-g\/#breadcrumb"},"inLanguage":"da-DK","potentialAction":[{"@type":"ReadAction","target":["https:\/\/lumond.com\/da\/Produkt\/blomstrende-keramiklys-enebaer-lavendel-1400-g\/"]}]},{"@type":"ImageObject","inLanguage":"da-DK","@id":"https:\/\/lumond.com\/da\/Produkt\/blomstrende-keramiklys-enebaer-lavendel-1400-g\/#primaryimage","url":"https:\/\/lumond.com\/wp-content\/uploads\/2025\/12\/Juniper-Lavender_image_1.webp","contentUrl":"https:\/\/lumond.com\/wp-content\/uploads\/2025\/12\/Juniper-Lavender_image_1.webp","width":960,"height":1088},{"@type":"BreadcrumbList","@id":"https:\/\/lumond.com\/da\/Produkt\/blomstrende-keramiklys-enebaer-lavendel-1400-g\/#breadcrumb","itemListElement":[{"@type":"ListItem","position":1,"name":"Lumond","item":"https:\/\/lumond.com\/da\/lumond-da\/"},{"@type":"ListItem","position":2,"name":"Products"},{"@type":"ListItem","position":3,"name":"Blomstrende stearinlys","item":"https:\/\/lumond.com\/da\/blomstrende-stearinlys\/"},{"@type":"ListItem","position":4,"name":"Blomstrende keramiklys \u2013 Eneb\u00e6r &#038; Lavendel \u2013 1400 g"}]},{"@type":"WebSite","@id":"https:\/\/lumond.com\/da\/#website","url":"https:\/\/lumond.com\/da\/","name":"Lumond","description":"Duftkerzen Im Glas","publisher":{"@id":"https:\/\/lumond.com\/da\/#organization"},"alternateName":"Lumond","potentialAction":[{"@type":"SearchAction","target":{"@type":"EntryPoint","urlTemplate":"https:\/\/lumond.com\/da\/?s={search_term_string}"},"query-input":"required name=search_term_string"}],"inLanguage":"da-DK"},{"@type":"Organization","@id":"https:\/\/lumond.com\/da\/#organization","name":"Lumond","url":"https:\/\/lumond.com\/da\/","logo":{"@type":"ImageObject","inLanguage":"da-DK","@id":"https:\/\/lumond.com\/da\/#\/schema\/logo\/image\/","url":"https:\/\/lumond.com\/wp-content\/uploads\/2022\/01\/cropped-40-05.png","contentUrl":"https:\/\/lumond.com\/wp-content\/uploads\/2022\/01\/cropped-40-05.png","width":512,"height":512,"caption":"Lumond"},"image":{"@id":"https:\/\/lumond.com\/da\/#\/schema\/logo\/image\/"},"sameAs":["https:\/\/www.facebook.com\/lumond.de\/","https:\/\/www.instagram.com\/lumond.de\/"],"description":"Lumond fremstiller h\u00f8jkvalitets duftlys af naturlig sojavoks i stilfulde keramikbeholdere \u2013 b\u00e6redygtigt, produceret i Tyskland og med unikke duftkompositioner. Ideel til et hyggeligt hjem med sans for milj\u00f8bevidsthed og design.","email":"info@lumond.de","legalName":"Lumond","foundingDate":"2021-01-01","ownershipFundingInfo":"https:\/\/lumond.com\/ueber-uns\/","correctionsPolicy":"https:\/\/lumond.com\/kontakt\/","address":{"@type":"PostalAddress","streetAddress":"Lumond UG","addressLocality":"Kolonnenstr. 8","addressRegion":"Berlin","postalCode":"10827","addressCountry":"DE"}}]},"product_price_amount":"99.00","product_price_currency":"EUR","og_availability":"instock","product_availability":"instock","product_retailer_item_id":"427-24111","product_condition":"new"},"_links":{"self":[{"href":"https:\/\/lumond.com\/da\/wp-json\/wp\/v2\/product\/97681","targetHints":{"allow":["GET"]}}],"collection":[{"href":"https:\/\/lumond.com\/da\/wp-json\/wp\/v2\/product"}],"about":[{"href":"https:\/\/lumond.com\/da\/wp-json\/wp\/v2\/types\/product"}],"replies":[{"embeddable":true,"href":"https:\/\/lumond.com\/da\/wp-json\/wp\/v2\/comments?post=97681"}],"wp:featuredmedia":[{"embeddable":true,"href":"https:\/\/lumond.com\/da\/wp-json\/wp\/v2\/media\/85952"}],"wp:attachment":[{"href":"https:\/\/lumond.com\/da\/wp-json\/wp\/v2\/media?parent=97681"}],"wp:term":[{"taxonomy":"product_brand","embeddable":true,"href":"https:\/\/lumond.com\/da\/wp-json\/wp\/v2\/product_brand?post=97681"},{"taxonomy":"product_cat","embeddable":true,"href":"https:\/\/lumond.com\/da\/wp-json\/wp\/v2\/product_cat?post=97681"},{"taxonomy":"product_tag","embeddable":true,"href":"https:\/\/lumond.com\/da\/wp-json\/wp\/v2\/product_tag?post=97681"}],"curies":[{"name":"wp","href":"https:\/\/api.w.org\/{rel}","templated":true}]}}