{"id":66483,"date":"2025-04-28T11:37:45","date_gmt":"2025-04-28T11:37:45","guid":{"rendered":"https:\/\/lumond.com\/product\/geranie-seifenstueck-100g\/"},"modified":"2025-09-17T11:14:54","modified_gmt":"2025-09-17T11:14:54","slug":"geranie-saebestykke-100g","status":"publish","type":"product","link":"https:\/\/lumond.com\/da\/Produkt\/geranie-saebestykke-100g\/","title":{"rendered":"Geranie s\u00e6bestykke (100g)"},"content":{"rendered":"<p><span style=\"font-weight: 400;\">Vores h\u00e5ndlavede Geranie s\u00e6bestykke fork\u00e6ler din hud med den oplivende duft af friske geranieblomster. Denne naturlige s\u00e6be renser sk\u00e5nsomt, mens \u00e6teriske geranieolier tilf\u00f8rer fugt og revitaliserer huden. Ideel til sensitiv hud og en forfriskende bruseoplevelse.<\/span><\/p>\n","protected":false},"excerpt":{"rendered":"<p>Vores h\u00e5ndlavede Geranie s\u00e6bestykke fork\u00e6ler din hud med den oplivende duft af friske geranieblomster. Denne naturlige s\u00e6be renser sk\u00e5nsomt, mens \u00e6teriske geranieolier tilf\u00f8rer fugt og revitaliserer huden. Ideel til sensitiv hud og en forfriskende bruseoplevelse.<\/p>\n","protected":false},"featured_media":66295,"comment_status":"closed","ping_status":"closed","template":"","meta":{"_acf_changed":false,"site-sidebar-layout":"default","site-content-layout":"","ast-site-content-layout":"default","site-content-style":"default","site-sidebar-style":"default","ast-global-header-display":"","ast-banner-title-visibility":"","ast-main-header-display":"","ast-hfb-above-header-display":"","ast-hfb-below-header-display":"","ast-hfb-mobile-header-display":"","site-post-title":"","ast-breadcrumbs-content":"","ast-featured-img":"","footer-sml-layout":"","theme-transparent-header-meta":"default","adv-header-id-meta":"","stick-header-meta":"","header-above-stick-meta":"","header-main-stick-meta":"","header-below-stick-meta":"","astra-migrate-meta-layouts":"set","ast-page-background-enabled":"default","ast-page-background-meta":{"desktop":{"background-color":"","background-image":"","background-repeat":"repeat","background-position":"center center","background-size":"auto","background-attachment":"scroll","background-type":"","background-media":"","overlay-type":"","overlay-color":"","overlay-opacity":"","overlay-gradient":""},"tablet":{"background-color":"","background-image":"","background-repeat":"repeat","background-position":"center center","background-size":"auto","background-attachment":"scroll","background-type":"","background-media":"","overlay-type":"","overlay-color":"","overlay-opacity":"","overlay-gradient":""},"mobile":{"background-color":"","background-image":"","background-repeat":"repeat","background-position":"center center","background-size":"auto","background-attachment":"scroll","background-type":"","background-media":"","overlay-type":"","overlay-color":"","overlay-opacity":"","overlay-gradient":""}},"ast-content-background-meta":{"desktop":{"background-color":"var(--ast-global-color-5)","background-image":"","background-repeat":"repeat","background-position":"center center","background-size":"auto","background-attachment":"scroll","background-type":"","background-media":"","overlay-type":"","overlay-color":"","overlay-opacity":"","overlay-gradient":""},"tablet":{"background-color":"var(--ast-global-color-5)","background-image":"","background-repeat":"repeat","background-position":"center center","background-size":"auto","background-attachment":"scroll","background-type":"","background-media":"","overlay-type":"","overlay-color":"","overlay-opacity":"","overlay-gradient":""},"mobile":{"background-color":"var(--ast-global-color-5)","background-image":"","background-repeat":"repeat","background-position":"center center","background-size":"auto","background-attachment":"scroll","background-type":"","background-media":"","overlay-type":"","overlay-color":"","overlay-opacity":"","overlay-gradient":""}}},"product_brand":[],"product_cat":[673],"product_tag":[],"class_list":{"0":"post-66483","1":"product","2":"type-product","3":"status-publish","4":"has-post-thumbnail","6":"product_cat-natursaeber","7":"desktop-align-left","8":"tablet-align-left","9":"mobile-align-left","11":"first","12":"outofstock","13":"taxable","14":"shipping-taxable","15":"purchasable","16":"product-type-simple"},"acf":[],"yoast_head":"<!-- This site is optimized with the Yoast SEO Premium plugin v23.0 (Yoast SEO v23.0) - https:\/\/yoast.com\/wordpress\/plugins\/seo\/ -->\n<title>Geranie s\u00e6bestykke (100g) - Lumond<\/title>\n<meta name=\"description\" content=\"Vores h\u00e5ndlavede Geranie s\u00e6bestykke fork\u00e6ler din hud med den oplivende duft af friske geranieblomster. Denne naturlige s\u00e6be renser sk\u00e5nsomt, mens \u00e6teriske\" \/>\n<meta name=\"robots\" content=\"index, follow, max-snippet:-1, max-image-preview:large, max-video-preview:-1\" \/>\n<link rel=\"canonical\" href=\"https:\/\/lumond.com\/da\/Produkt\/geranie-saebestykke-100g\/\" \/>\n<meta property=\"og:locale\" content=\"da_DK\" \/>\n<meta property=\"og:type\" content=\"article\" \/>\n<meta property=\"og:title\" content=\"Geranie s\u00e6bestykke (100g) - Lumond\" \/>\n<meta property=\"og:description\" content=\"Vores h\u00e5ndlavede Geranie s\u00e6bestykke fork\u00e6ler din hud med den oplivende duft af friske geranieblomster. Denne naturlige s\u00e6be renser sk\u00e5nsomt, mens \u00e6teriske\" \/>\n<meta property=\"og:url\" content=\"https:\/\/lumond.com\/da\/Produkt\/geranie-saebestykke-100g\/\" \/>\n<meta property=\"og:site_name\" content=\"Lumond\" \/>\n<meta property=\"article:publisher\" content=\"https:\/\/www.facebook.com\/lumond.de\/\" \/>\n<meta property=\"article:modified_time\" content=\"2025-09-17T11:14:54+00:00\" \/>\n<meta property=\"og:image\" content=\"https:\/\/lumond.com\/wp-content\/uploads\/2025\/04\/gernaium-vertical.webp\" \/>\n\t<meta property=\"og:image:width\" content=\"1792\" \/>\n\t<meta property=\"og:image:height\" content=\"2304\" \/>\n\t<meta property=\"og:image:type\" content=\"image\/webp\" \/>\n<meta name=\"twitter:card\" content=\"summary_large_image\" \/>\n<meta name=\"twitter:label1\" content=\"Pris\" \/>\n\t<meta name=\"twitter:data1\" content=\"&euro;&nbsp;9,99\" \/>\n\t<meta name=\"twitter:label2\" content=\"Availability\" \/>\n\t<meta name=\"twitter:data2\" content=\"Out of stock\" \/>\n<script type=\"application\/ld+json\" class=\"yoast-schema-graph\">{\"@context\":\"https:\/\/schema.org\",\"@graph\":[{\"@type\":[\"WebPage\",\"ItemPage\"],\"@id\":\"https:\/\/lumond.com\/da\/Produkt\/geranie-saebestykke-100g\/\",\"url\":\"https:\/\/lumond.com\/da\/Produkt\/geranie-saebestykke-100g\/\",\"name\":\"Geranie s\u00e6bestykke (100g) - Lumond\",\"isPartOf\":{\"@id\":\"https:\/\/lumond.com\/da\/#website\"},\"primaryImageOfPage\":{\"@id\":\"https:\/\/lumond.com\/da\/Produkt\/geranie-saebestykke-100g\/#primaryimage\"},\"image\":{\"@id\":\"https:\/\/lumond.com\/da\/Produkt\/geranie-saebestykke-100g\/#primaryimage\"},\"thumbnailUrl\":\"https:\/\/lumond.com\/wp-content\/uploads\/2025\/04\/gernaium-vertical.webp\",\"datePublished\":\"2025-04-28T11:37:45+00:00\",\"dateModified\":\"2025-09-17T11:14:54+00:00\",\"description\":\"Vores h\u00e5ndlavede Geranie s\u00e6bestykke fork\u00e6ler din hud med den oplivende duft af friske geranieblomster. Denne naturlige s\u00e6be renser sk\u00e5nsomt, mens \u00e6teriske\",\"breadcrumb\":{\"@id\":\"https:\/\/lumond.com\/da\/Produkt\/geranie-saebestykke-100g\/#breadcrumb\"},\"inLanguage\":\"da-DK\",\"potentialAction\":[{\"@type\":\"ReadAction\",\"target\":[\"https:\/\/lumond.com\/da\/Produkt\/geranie-saebestykke-100g\/\"]}]},{\"@type\":\"ImageObject\",\"inLanguage\":\"da-DK\",\"@id\":\"https:\/\/lumond.com\/da\/Produkt\/geranie-saebestykke-100g\/#primaryimage\",\"url\":\"https:\/\/lumond.com\/wp-content\/uploads\/2025\/04\/gernaium-vertical.webp\",\"contentUrl\":\"https:\/\/lumond.com\/wp-content\/uploads\/2025\/04\/gernaium-vertical.webp\",\"width\":1792,\"height\":2304},{\"@type\":\"BreadcrumbList\",\"@id\":\"https:\/\/lumond.com\/da\/Produkt\/geranie-saebestykke-100g\/#breadcrumb\",\"itemListElement\":[{\"@type\":\"ListItem\",\"position\":1,\"name\":\"Lumond\",\"item\":\"https:\/\/lumond.com\/da\/lumond-da\/\"},{\"@type\":\"ListItem\",\"position\":2,\"name\":\"Products\"},{\"@type\":\"ListItem\",\"position\":3,\"name\":\"Duftlys\",\"item\":\"https:\/\/lumond.com\/da\/duftlys\/\"},{\"@type\":\"ListItem\",\"position\":4,\"name\":\"Geranie s\u00e6bestykke (100g)\"}]},{\"@type\":\"WebSite\",\"@id\":\"https:\/\/lumond.com\/da\/#website\",\"url\":\"https:\/\/lumond.com\/da\/\",\"name\":\"Lumond\",\"description\":\"Duftkerzen Im Glas\",\"publisher\":{\"@id\":\"https:\/\/lumond.com\/da\/#organization\"},\"alternateName\":\"Lumond\",\"potentialAction\":[{\"@type\":\"SearchAction\",\"target\":{\"@type\":\"EntryPoint\",\"urlTemplate\":\"https:\/\/lumond.com\/da\/?s={search_term_string}\"},\"query-input\":\"required name=search_term_string\"}],\"inLanguage\":\"da-DK\"},{\"@type\":\"Organization\",\"@id\":\"https:\/\/lumond.com\/da\/#organization\",\"name\":\"Lumond\",\"url\":\"https:\/\/lumond.com\/da\/\",\"logo\":{\"@type\":\"ImageObject\",\"inLanguage\":\"da-DK\",\"@id\":\"https:\/\/lumond.com\/da\/#\/schema\/logo\/image\/\",\"url\":\"https:\/\/lumond.com\/wp-content\/uploads\/2022\/01\/cropped-40-05.png\",\"contentUrl\":\"https:\/\/lumond.com\/wp-content\/uploads\/2022\/01\/cropped-40-05.png\",\"width\":512,\"height\":512,\"caption\":\"Lumond\"},\"image\":{\"@id\":\"https:\/\/lumond.com\/da\/#\/schema\/logo\/image\/\"},\"sameAs\":[\"https:\/\/www.facebook.com\/lumond.de\/\",\"https:\/\/www.instagram.com\/lumond.de\/\"],\"description\":\"Lumond fremstiller h\u00f8jkvalitets duftlys af naturlig sojavoks i stilfulde keramikbeholdere \u2013 b\u00e6redygtigt, produceret i Tyskland og med unikke duftkompositioner. Ideel til et hyggeligt hjem med sans for milj\u00f8bevidsthed og design.\",\"email\":\"info@lumond.de\",\"legalName\":\"Lumond\",\"foundingDate\":\"2021-01-01\",\"ownershipFundingInfo\":\"https:\/\/lumond.com\/ueber-uns\/\",\"correctionsPolicy\":\"https:\/\/lumond.com\/kontakt\/\",\"address\":{\"@type\":\"PostalAddress\",\"streetAddress\":\"Lumond UG\",\"addressLocality\":\"Kolonnenstr. 8\",\"addressRegion\":\"Berlin\",\"postalCode\":\"10827\",\"addressCountry\":\"DE\"}}]}<\/script>\n<meta property=\"product:price:amount\" content=\"9.99\" \/>\n<meta property=\"product:price:currency\" content=\"EUR\" \/>\n<meta property=\"og:availability\" content=\"out of stock\" \/>\n<meta property=\"product:availability\" content=\"out of stock\" \/>\n<meta property=\"product:retailer_item_id\" content=\"428-109\" \/>\n<meta property=\"product:condition\" content=\"new\" \/>\n<!-- \/ Yoast SEO Premium plugin. -->","yoast_head_json":{"title":"Geranie s\u00e6bestykke (100g) - Lumond","description":"Vores h\u00e5ndlavede Geranie s\u00e6bestykke fork\u00e6ler din hud med den oplivende duft af friske geranieblomster. Denne naturlige s\u00e6be renser sk\u00e5nsomt, mens \u00e6teriske","robots":{"index":"index","follow":"follow","max-snippet":"max-snippet:-1","max-image-preview":"max-image-preview:large","max-video-preview":"max-video-preview:-1"},"canonical":"https:\/\/lumond.com\/da\/Produkt\/geranie-saebestykke-100g\/","og_locale":"da_DK","og_type":"article","og_title":"Geranie s\u00e6bestykke (100g) - Lumond","og_description":"Vores h\u00e5ndlavede Geranie s\u00e6bestykke fork\u00e6ler din hud med den oplivende duft af friske geranieblomster. Denne naturlige s\u00e6be renser sk\u00e5nsomt, mens \u00e6teriske","og_url":"https:\/\/lumond.com\/da\/Produkt\/geranie-saebestykke-100g\/","og_site_name":"Lumond","article_publisher":"https:\/\/www.facebook.com\/lumond.de\/","article_modified_time":"2025-09-17T11:14:54+00:00","og_image":[{"width":1792,"height":2304,"url":"https:\/\/lumond.com\/wp-content\/uploads\/2025\/04\/gernaium-vertical.webp","type":"image\/webp"}],"twitter_card":"summary_large_image","twitter_misc":{"Pris":"&euro;&nbsp;9,99","Availability":"Out of stock"},"schema":{"@context":"https:\/\/schema.org","@graph":[{"@type":["WebPage","ItemPage"],"@id":"https:\/\/lumond.com\/da\/Produkt\/geranie-saebestykke-100g\/","url":"https:\/\/lumond.com\/da\/Produkt\/geranie-saebestykke-100g\/","name":"Geranie s\u00e6bestykke (100g) - Lumond","isPartOf":{"@id":"https:\/\/lumond.com\/da\/#website"},"primaryImageOfPage":{"@id":"https:\/\/lumond.com\/da\/Produkt\/geranie-saebestykke-100g\/#primaryimage"},"image":{"@id":"https:\/\/lumond.com\/da\/Produkt\/geranie-saebestykke-100g\/#primaryimage"},"thumbnailUrl":"https:\/\/lumond.com\/wp-content\/uploads\/2025\/04\/gernaium-vertical.webp","datePublished":"2025-04-28T11:37:45+00:00","dateModified":"2025-09-17T11:14:54+00:00","description":"Vores h\u00e5ndlavede Geranie s\u00e6bestykke fork\u00e6ler din hud med den oplivende duft af friske geranieblomster. Denne naturlige s\u00e6be renser sk\u00e5nsomt, mens \u00e6teriske","breadcrumb":{"@id":"https:\/\/lumond.com\/da\/Produkt\/geranie-saebestykke-100g\/#breadcrumb"},"inLanguage":"da-DK","potentialAction":[{"@type":"ReadAction","target":["https:\/\/lumond.com\/da\/Produkt\/geranie-saebestykke-100g\/"]}]},{"@type":"ImageObject","inLanguage":"da-DK","@id":"https:\/\/lumond.com\/da\/Produkt\/geranie-saebestykke-100g\/#primaryimage","url":"https:\/\/lumond.com\/wp-content\/uploads\/2025\/04\/gernaium-vertical.webp","contentUrl":"https:\/\/lumond.com\/wp-content\/uploads\/2025\/04\/gernaium-vertical.webp","width":1792,"height":2304},{"@type":"BreadcrumbList","@id":"https:\/\/lumond.com\/da\/Produkt\/geranie-saebestykke-100g\/#breadcrumb","itemListElement":[{"@type":"ListItem","position":1,"name":"Lumond","item":"https:\/\/lumond.com\/da\/lumond-da\/"},{"@type":"ListItem","position":2,"name":"Products"},{"@type":"ListItem","position":3,"name":"Duftlys","item":"https:\/\/lumond.com\/da\/duftlys\/"},{"@type":"ListItem","position":4,"name":"Geranie s\u00e6bestykke (100g)"}]},{"@type":"WebSite","@id":"https:\/\/lumond.com\/da\/#website","url":"https:\/\/lumond.com\/da\/","name":"Lumond","description":"Duftkerzen Im Glas","publisher":{"@id":"https:\/\/lumond.com\/da\/#organization"},"alternateName":"Lumond","potentialAction":[{"@type":"SearchAction","target":{"@type":"EntryPoint","urlTemplate":"https:\/\/lumond.com\/da\/?s={search_term_string}"},"query-input":"required name=search_term_string"}],"inLanguage":"da-DK"},{"@type":"Organization","@id":"https:\/\/lumond.com\/da\/#organization","name":"Lumond","url":"https:\/\/lumond.com\/da\/","logo":{"@type":"ImageObject","inLanguage":"da-DK","@id":"https:\/\/lumond.com\/da\/#\/schema\/logo\/image\/","url":"https:\/\/lumond.com\/wp-content\/uploads\/2022\/01\/cropped-40-05.png","contentUrl":"https:\/\/lumond.com\/wp-content\/uploads\/2022\/01\/cropped-40-05.png","width":512,"height":512,"caption":"Lumond"},"image":{"@id":"https:\/\/lumond.com\/da\/#\/schema\/logo\/image\/"},"sameAs":["https:\/\/www.facebook.com\/lumond.de\/","https:\/\/www.instagram.com\/lumond.de\/"],"description":"Lumond fremstiller h\u00f8jkvalitets duftlys af naturlig sojavoks i stilfulde keramikbeholdere \u2013 b\u00e6redygtigt, produceret i Tyskland og med unikke duftkompositioner. Ideel til et hyggeligt hjem med sans for milj\u00f8bevidsthed og design.","email":"info@lumond.de","legalName":"Lumond","foundingDate":"2021-01-01","ownershipFundingInfo":"https:\/\/lumond.com\/ueber-uns\/","correctionsPolicy":"https:\/\/lumond.com\/kontakt\/","address":{"@type":"PostalAddress","streetAddress":"Lumond UG","addressLocality":"Kolonnenstr. 8","addressRegion":"Berlin","postalCode":"10827","addressCountry":"DE"}}]},"product_price_amount":"9.99","product_price_currency":"EUR","og_availability":"out of stock","product_availability":"out of stock","product_retailer_item_id":"428-109","product_condition":"new"},"_links":{"self":[{"href":"https:\/\/lumond.com\/da\/wp-json\/wp\/v2\/product\/66483","targetHints":{"allow":["GET"]}}],"collection":[{"href":"https:\/\/lumond.com\/da\/wp-json\/wp\/v2\/product"}],"about":[{"href":"https:\/\/lumond.com\/da\/wp-json\/wp\/v2\/types\/product"}],"replies":[{"embeddable":true,"href":"https:\/\/lumond.com\/da\/wp-json\/wp\/v2\/comments?post=66483"}],"wp:featuredmedia":[{"embeddable":true,"href":"https:\/\/lumond.com\/da\/wp-json\/wp\/v2\/media\/66295"}],"wp:attachment":[{"href":"https:\/\/lumond.com\/da\/wp-json\/wp\/v2\/media?parent=66483"}],"wp:term":[{"taxonomy":"product_brand","embeddable":true,"href":"https:\/\/lumond.com\/da\/wp-json\/wp\/v2\/product_brand?post=66483"},{"taxonomy":"product_cat","embeddable":true,"href":"https:\/\/lumond.com\/da\/wp-json\/wp\/v2\/product_cat?post=66483"},{"taxonomy":"product_tag","embeddable":true,"href":"https:\/\/lumond.com\/da\/wp-json\/wp\/v2\/product_tag?post=66483"}],"curies":[{"name":"wp","href":"https:\/\/api.w.org\/{rel}","templated":true}]}}