{"id":66447,"date":"2025-04-28T11:42:41","date_gmt":"2025-04-28T11:42:41","guid":{"rendered":"https:\/\/lumond.com\/product\/zimt-seifenstueck-100g\/"},"modified":"2025-09-17T11:09:48","modified_gmt":"2025-09-17T11:09:48","slug":"kanel-saebestykke-100g","status":"publish","type":"product","link":"https:\/\/lumond.com\/da\/Produkt\/kanel-saebestykke-100g\/","title":{"rendered":"Kanel s\u00e6bestykke (100g)"},"content":{"rendered":"<p><span style=\"font-weight: 400;\">Vores aromatiske Kanel s\u00e6bestykke forener den varme duft af kanel med hudplejende egenskaber. S\u00e6ben renser sk\u00e5nsomt, stimulerer blodcirkulationen og efterlader en behagelig varmef\u00f8lelse. Perfekt til den kolde \u00e5rstid og en hyggelig badeoplevelse.<\/span><\/p>\n","protected":false},"excerpt":{"rendered":"<p>Vores aromatiske Kanel s\u00e6bestykke forener den varme duft af kanel med hudplejende egenskaber. S\u00e6ben renser sk\u00e5nsomt, stimulerer blodcirkulationen og efterlader en behagelig varmef\u00f8lelse. Perfekt til den kolde \u00e5rstid og en hyggelig badeoplevelse.<\/p>\n","protected":false},"featured_media":66235,"comment_status":"closed","ping_status":"closed","template":"","meta":{"_acf_changed":false,"site-sidebar-layout":"default","site-content-layout":"","ast-site-content-layout":"default","site-content-style":"default","site-sidebar-style":"default","ast-global-header-display":"","ast-banner-title-visibility":"","ast-main-header-display":"","ast-hfb-above-header-display":"","ast-hfb-below-header-display":"","ast-hfb-mobile-header-display":"","site-post-title":"","ast-breadcrumbs-content":"","ast-featured-img":"","footer-sml-layout":"","theme-transparent-header-meta":"default","adv-header-id-meta":"","stick-header-meta":"","header-above-stick-meta":"","header-main-stick-meta":"","header-below-stick-meta":"","astra-migrate-meta-layouts":"set","ast-page-background-enabled":"default","ast-page-background-meta":{"desktop":{"background-color":"","background-image":"","background-repeat":"repeat","background-position":"center center","background-size":"auto","background-attachment":"scroll","background-type":"","background-media":"","overlay-type":"","overlay-color":"","overlay-opacity":"","overlay-gradient":""},"tablet":{"background-color":"","background-image":"","background-repeat":"repeat","background-position":"center center","background-size":"auto","background-attachment":"scroll","background-type":"","background-media":"","overlay-type":"","overlay-color":"","overlay-opacity":"","overlay-gradient":""},"mobile":{"background-color":"","background-image":"","background-repeat":"repeat","background-position":"center center","background-size":"auto","background-attachment":"scroll","background-type":"","background-media":"","overlay-type":"","overlay-color":"","overlay-opacity":"","overlay-gradient":""}},"ast-content-background-meta":{"desktop":{"background-color":"var(--ast-global-color-5)","background-image":"","background-repeat":"repeat","background-position":"center center","background-size":"auto","background-attachment":"scroll","background-type":"","background-media":"","overlay-type":"","overlay-color":"","overlay-opacity":"","overlay-gradient":""},"tablet":{"background-color":"var(--ast-global-color-5)","background-image":"","background-repeat":"repeat","background-position":"center center","background-size":"auto","background-attachment":"scroll","background-type":"","background-media":"","overlay-type":"","overlay-color":"","overlay-opacity":"","overlay-gradient":""},"mobile":{"background-color":"var(--ast-global-color-5)","background-image":"","background-repeat":"repeat","background-position":"center center","background-size":"auto","background-attachment":"scroll","background-type":"","background-media":"","overlay-type":"","overlay-color":"","overlay-opacity":"","overlay-gradient":""}}},"product_brand":[],"product_cat":[673],"product_tag":[],"class_list":{"0":"post-66447","1":"product","2":"type-product","3":"status-publish","4":"has-post-thumbnail","6":"product_cat-natursaeber","7":"desktop-align-left","8":"tablet-align-left","9":"mobile-align-left","11":"first","12":"outofstock","13":"taxable","14":"shipping-taxable","15":"purchasable","16":"product-type-simple"},"acf":[],"yoast_head":"<!-- This site is optimized with the Yoast SEO Premium plugin v23.0 (Yoast SEO v23.0) - https:\/\/yoast.com\/wordpress\/plugins\/seo\/ -->\n<title>Kanel s\u00e6bestykke (100g) - Lumond<\/title>\n<meta name=\"description\" content=\"Vores aromatiske Kanel s\u00e6bestykke forener den varme duft af kanel med hudplejende egenskaber. S\u00e6ben renser sk\u00e5nsomt, stimulerer blodcirkulationen og\" \/>\n<meta name=\"robots\" content=\"index, follow, max-snippet:-1, max-image-preview:large, max-video-preview:-1\" \/>\n<link rel=\"canonical\" href=\"https:\/\/lumond.com\/da\/Produkt\/kanel-saebestykke-100g\/\" \/>\n<meta property=\"og:locale\" content=\"da_DK\" \/>\n<meta property=\"og:type\" content=\"article\" \/>\n<meta property=\"og:title\" content=\"Kanel s\u00e6bestykke (100g) - Lumond\" \/>\n<meta property=\"og:description\" content=\"Vores aromatiske Kanel s\u00e6bestykke forener den varme duft af kanel med hudplejende egenskaber. S\u00e6ben renser sk\u00e5nsomt, stimulerer blodcirkulationen og\" \/>\n<meta property=\"og:url\" content=\"https:\/\/lumond.com\/da\/Produkt\/kanel-saebestykke-100g\/\" \/>\n<meta property=\"og:site_name\" content=\"Lumond\" \/>\n<meta property=\"article:publisher\" content=\"https:\/\/www.facebook.com\/lumond.de\/\" \/>\n<meta property=\"article:modified_time\" content=\"2025-09-17T11:09:48+00:00\" \/>\n<meta property=\"og:image\" content=\"https:\/\/lumond.com\/wp-content\/uploads\/2025\/04\/cinamon-vertical.webp\" \/>\n\t<meta property=\"og:image:width\" content=\"1792\" \/>\n\t<meta property=\"og:image:height\" content=\"2304\" \/>\n\t<meta property=\"og:image:type\" content=\"image\/webp\" \/>\n<meta name=\"twitter:card\" content=\"summary_large_image\" \/>\n<meta name=\"twitter:label1\" content=\"Pris\" \/>\n\t<meta name=\"twitter:data1\" content=\"&euro;&nbsp;9,99\" \/>\n\t<meta name=\"twitter:label2\" content=\"Availability\" \/>\n\t<meta name=\"twitter:data2\" content=\"Out of stock\" \/>\n<script type=\"application\/ld+json\" class=\"yoast-schema-graph\">{\"@context\":\"https:\/\/schema.org\",\"@graph\":[{\"@type\":[\"WebPage\",\"ItemPage\"],\"@id\":\"https:\/\/lumond.com\/da\/Produkt\/kanel-saebestykke-100g\/\",\"url\":\"https:\/\/lumond.com\/da\/Produkt\/kanel-saebestykke-100g\/\",\"name\":\"Kanel s\u00e6bestykke (100g) - Lumond\",\"isPartOf\":{\"@id\":\"https:\/\/lumond.com\/da\/#website\"},\"primaryImageOfPage\":{\"@id\":\"https:\/\/lumond.com\/da\/Produkt\/kanel-saebestykke-100g\/#primaryimage\"},\"image\":{\"@id\":\"https:\/\/lumond.com\/da\/Produkt\/kanel-saebestykke-100g\/#primaryimage\"},\"thumbnailUrl\":\"https:\/\/lumond.com\/wp-content\/uploads\/2025\/04\/cinamon-vertical.webp\",\"datePublished\":\"2025-04-28T11:42:41+00:00\",\"dateModified\":\"2025-09-17T11:09:48+00:00\",\"description\":\"Vores aromatiske Kanel s\u00e6bestykke forener den varme duft af kanel med hudplejende egenskaber. S\u00e6ben renser sk\u00e5nsomt, stimulerer blodcirkulationen og\",\"breadcrumb\":{\"@id\":\"https:\/\/lumond.com\/da\/Produkt\/kanel-saebestykke-100g\/#breadcrumb\"},\"inLanguage\":\"da-DK\",\"potentialAction\":[{\"@type\":\"ReadAction\",\"target\":[\"https:\/\/lumond.com\/da\/Produkt\/kanel-saebestykke-100g\/\"]}]},{\"@type\":\"ImageObject\",\"inLanguage\":\"da-DK\",\"@id\":\"https:\/\/lumond.com\/da\/Produkt\/kanel-saebestykke-100g\/#primaryimage\",\"url\":\"https:\/\/lumond.com\/wp-content\/uploads\/2025\/04\/cinamon-vertical.webp\",\"contentUrl\":\"https:\/\/lumond.com\/wp-content\/uploads\/2025\/04\/cinamon-vertical.webp\",\"width\":1792,\"height\":2304},{\"@type\":\"BreadcrumbList\",\"@id\":\"https:\/\/lumond.com\/da\/Produkt\/kanel-saebestykke-100g\/#breadcrumb\",\"itemListElement\":[{\"@type\":\"ListItem\",\"position\":1,\"name\":\"Lumond\",\"item\":\"https:\/\/lumond.com\/da\/lumond-da\/\"},{\"@type\":\"ListItem\",\"position\":2,\"name\":\"Products\"},{\"@type\":\"ListItem\",\"position\":3,\"name\":\"Duftlys\",\"item\":\"https:\/\/lumond.com\/da\/duftlys\/\"},{\"@type\":\"ListItem\",\"position\":4,\"name\":\"Kanel s\u00e6bestykke (100g)\"}]},{\"@type\":\"WebSite\",\"@id\":\"https:\/\/lumond.com\/da\/#website\",\"url\":\"https:\/\/lumond.com\/da\/\",\"name\":\"Lumond\",\"description\":\"Duftkerzen Im Glas\",\"publisher\":{\"@id\":\"https:\/\/lumond.com\/da\/#organization\"},\"alternateName\":\"Lumond\",\"potentialAction\":[{\"@type\":\"SearchAction\",\"target\":{\"@type\":\"EntryPoint\",\"urlTemplate\":\"https:\/\/lumond.com\/da\/?s={search_term_string}\"},\"query-input\":\"required name=search_term_string\"}],\"inLanguage\":\"da-DK\"},{\"@type\":\"Organization\",\"@id\":\"https:\/\/lumond.com\/da\/#organization\",\"name\":\"Lumond\",\"url\":\"https:\/\/lumond.com\/da\/\",\"logo\":{\"@type\":\"ImageObject\",\"inLanguage\":\"da-DK\",\"@id\":\"https:\/\/lumond.com\/da\/#\/schema\/logo\/image\/\",\"url\":\"https:\/\/lumond.com\/wp-content\/uploads\/2022\/01\/cropped-40-05.png\",\"contentUrl\":\"https:\/\/lumond.com\/wp-content\/uploads\/2022\/01\/cropped-40-05.png\",\"width\":512,\"height\":512,\"caption\":\"Lumond\"},\"image\":{\"@id\":\"https:\/\/lumond.com\/da\/#\/schema\/logo\/image\/\"},\"sameAs\":[\"https:\/\/www.facebook.com\/lumond.de\/\",\"https:\/\/www.instagram.com\/lumond.de\/\"],\"description\":\"Lumond fremstiller h\u00f8jkvalitets duftlys af naturlig sojavoks i stilfulde keramikbeholdere \u2013 b\u00e6redygtigt, produceret i Tyskland og med unikke duftkompositioner. Ideel til et hyggeligt hjem med sans for milj\u00f8bevidsthed og design.\",\"email\":\"info@lumond.de\",\"legalName\":\"Lumond\",\"foundingDate\":\"2021-01-01\",\"ownershipFundingInfo\":\"https:\/\/lumond.com\/ueber-uns\/\",\"correctionsPolicy\":\"https:\/\/lumond.com\/kontakt\/\",\"address\":{\"@type\":\"PostalAddress\",\"streetAddress\":\"Lumond UG\",\"addressLocality\":\"Kolonnenstr. 8\",\"addressRegion\":\"Berlin\",\"postalCode\":\"10827\",\"addressCountry\":\"DE\"}}]}<\/script>\n<meta property=\"product:price:amount\" content=\"9.99\" \/>\n<meta property=\"product:price:currency\" content=\"EUR\" \/>\n<meta property=\"og:availability\" content=\"out of stock\" \/>\n<meta property=\"product:availability\" content=\"out of stock\" \/>\n<meta property=\"product:retailer_item_id\" content=\"428-106\" \/>\n<meta property=\"product:condition\" content=\"new\" \/>\n<!-- \/ Yoast SEO Premium plugin. -->","yoast_head_json":{"title":"Kanel s\u00e6bestykke (100g) - Lumond","description":"Vores aromatiske Kanel s\u00e6bestykke forener den varme duft af kanel med hudplejende egenskaber. S\u00e6ben renser sk\u00e5nsomt, stimulerer blodcirkulationen og","robots":{"index":"index","follow":"follow","max-snippet":"max-snippet:-1","max-image-preview":"max-image-preview:large","max-video-preview":"max-video-preview:-1"},"canonical":"https:\/\/lumond.com\/da\/Produkt\/kanel-saebestykke-100g\/","og_locale":"da_DK","og_type":"article","og_title":"Kanel s\u00e6bestykke (100g) - Lumond","og_description":"Vores aromatiske Kanel s\u00e6bestykke forener den varme duft af kanel med hudplejende egenskaber. S\u00e6ben renser sk\u00e5nsomt, stimulerer blodcirkulationen og","og_url":"https:\/\/lumond.com\/da\/Produkt\/kanel-saebestykke-100g\/","og_site_name":"Lumond","article_publisher":"https:\/\/www.facebook.com\/lumond.de\/","article_modified_time":"2025-09-17T11:09:48+00:00","og_image":[{"width":1792,"height":2304,"url":"https:\/\/lumond.com\/wp-content\/uploads\/2025\/04\/cinamon-vertical.webp","type":"image\/webp"}],"twitter_card":"summary_large_image","twitter_misc":{"Pris":"&euro;&nbsp;9,99","Availability":"Out of stock"},"schema":{"@context":"https:\/\/schema.org","@graph":[{"@type":["WebPage","ItemPage"],"@id":"https:\/\/lumond.com\/da\/Produkt\/kanel-saebestykke-100g\/","url":"https:\/\/lumond.com\/da\/Produkt\/kanel-saebestykke-100g\/","name":"Kanel s\u00e6bestykke (100g) - Lumond","isPartOf":{"@id":"https:\/\/lumond.com\/da\/#website"},"primaryImageOfPage":{"@id":"https:\/\/lumond.com\/da\/Produkt\/kanel-saebestykke-100g\/#primaryimage"},"image":{"@id":"https:\/\/lumond.com\/da\/Produkt\/kanel-saebestykke-100g\/#primaryimage"},"thumbnailUrl":"https:\/\/lumond.com\/wp-content\/uploads\/2025\/04\/cinamon-vertical.webp","datePublished":"2025-04-28T11:42:41+00:00","dateModified":"2025-09-17T11:09:48+00:00","description":"Vores aromatiske Kanel s\u00e6bestykke forener den varme duft af kanel med hudplejende egenskaber. S\u00e6ben renser sk\u00e5nsomt, stimulerer blodcirkulationen og","breadcrumb":{"@id":"https:\/\/lumond.com\/da\/Produkt\/kanel-saebestykke-100g\/#breadcrumb"},"inLanguage":"da-DK","potentialAction":[{"@type":"ReadAction","target":["https:\/\/lumond.com\/da\/Produkt\/kanel-saebestykke-100g\/"]}]},{"@type":"ImageObject","inLanguage":"da-DK","@id":"https:\/\/lumond.com\/da\/Produkt\/kanel-saebestykke-100g\/#primaryimage","url":"https:\/\/lumond.com\/wp-content\/uploads\/2025\/04\/cinamon-vertical.webp","contentUrl":"https:\/\/lumond.com\/wp-content\/uploads\/2025\/04\/cinamon-vertical.webp","width":1792,"height":2304},{"@type":"BreadcrumbList","@id":"https:\/\/lumond.com\/da\/Produkt\/kanel-saebestykke-100g\/#breadcrumb","itemListElement":[{"@type":"ListItem","position":1,"name":"Lumond","item":"https:\/\/lumond.com\/da\/lumond-da\/"},{"@type":"ListItem","position":2,"name":"Products"},{"@type":"ListItem","position":3,"name":"Duftlys","item":"https:\/\/lumond.com\/da\/duftlys\/"},{"@type":"ListItem","position":4,"name":"Kanel s\u00e6bestykke (100g)"}]},{"@type":"WebSite","@id":"https:\/\/lumond.com\/da\/#website","url":"https:\/\/lumond.com\/da\/","name":"Lumond","description":"Duftkerzen Im Glas","publisher":{"@id":"https:\/\/lumond.com\/da\/#organization"},"alternateName":"Lumond","potentialAction":[{"@type":"SearchAction","target":{"@type":"EntryPoint","urlTemplate":"https:\/\/lumond.com\/da\/?s={search_term_string}"},"query-input":"required name=search_term_string"}],"inLanguage":"da-DK"},{"@type":"Organization","@id":"https:\/\/lumond.com\/da\/#organization","name":"Lumond","url":"https:\/\/lumond.com\/da\/","logo":{"@type":"ImageObject","inLanguage":"da-DK","@id":"https:\/\/lumond.com\/da\/#\/schema\/logo\/image\/","url":"https:\/\/lumond.com\/wp-content\/uploads\/2022\/01\/cropped-40-05.png","contentUrl":"https:\/\/lumond.com\/wp-content\/uploads\/2022\/01\/cropped-40-05.png","width":512,"height":512,"caption":"Lumond"},"image":{"@id":"https:\/\/lumond.com\/da\/#\/schema\/logo\/image\/"},"sameAs":["https:\/\/www.facebook.com\/lumond.de\/","https:\/\/www.instagram.com\/lumond.de\/"],"description":"Lumond fremstiller h\u00f8jkvalitets duftlys af naturlig sojavoks i stilfulde keramikbeholdere \u2013 b\u00e6redygtigt, produceret i Tyskland og med unikke duftkompositioner. Ideel til et hyggeligt hjem med sans for milj\u00f8bevidsthed og design.","email":"info@lumond.de","legalName":"Lumond","foundingDate":"2021-01-01","ownershipFundingInfo":"https:\/\/lumond.com\/ueber-uns\/","correctionsPolicy":"https:\/\/lumond.com\/kontakt\/","address":{"@type":"PostalAddress","streetAddress":"Lumond UG","addressLocality":"Kolonnenstr. 8","addressRegion":"Berlin","postalCode":"10827","addressCountry":"DE"}}]},"product_price_amount":"9.99","product_price_currency":"EUR","og_availability":"out of stock","product_availability":"out of stock","product_retailer_item_id":"428-106","product_condition":"new"},"_links":{"self":[{"href":"https:\/\/lumond.com\/da\/wp-json\/wp\/v2\/product\/66447","targetHints":{"allow":["GET"]}}],"collection":[{"href":"https:\/\/lumond.com\/da\/wp-json\/wp\/v2\/product"}],"about":[{"href":"https:\/\/lumond.com\/da\/wp-json\/wp\/v2\/types\/product"}],"replies":[{"embeddable":true,"href":"https:\/\/lumond.com\/da\/wp-json\/wp\/v2\/comments?post=66447"}],"wp:featuredmedia":[{"embeddable":true,"href":"https:\/\/lumond.com\/da\/wp-json\/wp\/v2\/media\/66235"}],"wp:attachment":[{"href":"https:\/\/lumond.com\/da\/wp-json\/wp\/v2\/media?parent=66447"}],"wp:term":[{"taxonomy":"product_brand","embeddable":true,"href":"https:\/\/lumond.com\/da\/wp-json\/wp\/v2\/product_brand?post=66447"},{"taxonomy":"product_cat","embeddable":true,"href":"https:\/\/lumond.com\/da\/wp-json\/wp\/v2\/product_cat?post=66447"},{"taxonomy":"product_tag","embeddable":true,"href":"https:\/\/lumond.com\/da\/wp-json\/wp\/v2\/product_tag?post=66447"}],"curies":[{"name":"wp","href":"https:\/\/api.w.org\/{rel}","templated":true}]}}