{"id":61618,"date":"2024-06-21T15:02:01","date_gmt":"2024-06-21T15:02:01","guid":{"rendered":"https:\/\/lumond.com\/product\/bluehende-keramikkerze-limette-basilikum-und-zitrusfruechte-440g\/"},"modified":"2025-09-25T13:16:17","modified_gmt":"2025-09-25T13:16:17","slug":"bluehende-keramikkerze-limette-basilikum-und-zitrusfruechte-440g","status":"publish","type":"product","link":"https:\/\/lumond.com\/da\/Produkt\/bluehende-keramikkerze-limette-basilikum-und-zitrusfruechte-440g\/","title":{"rendered":"Keramisk Blomstrende Stearinlys \u2013 Lime Basilikum og Citrus \u2013 440gr"},"content":{"rendered":"<p>Giv dit rum et l\u00f8ft med den livlige duft af Lime Basilikum og Citrus. Dette blomstrende stearinlys, i en smukt h\u00e5ndlavet keramisk holder, byder p\u00e5 en livlig blanding af lime basilikum kombineret med forfriskende citrusnoter, der skaber en energisk og opl\u00f8ftende aroma. N\u00e5r det blomstrende lys er br\u00e6ndt ud, plant de medf\u00f8lgende fr\u00f8 i den keramiske potte, hvilket tilf\u00f8rer en smule naturlig sk\u00f8nhed og en forfriskende stemning til dit hjem.<\/p>\n<div><b>Bem\u00e6rk venligst:<\/b> Fr\u00f8ene i vores stearinlys er s\u00e6sonbestemte og kan afvige fra det viste billede.<\/div>\n","protected":false},"excerpt":{"rendered":"<p>Giv dit rum et l\u00f8ft med den livlige duft af Lime Basilikum og Citrus. Dette blomstrende stearinlys, i en smukt h\u00e5ndlavet keramisk holder, byder p\u00e5 en livlig blanding af lime basilikum kombineret med forfriskende citrusnoter, der skaber en energisk og opl\u00f8ftende aroma. N\u00e5r det blomstrende lys er br\u00e6ndt ud, plant de medf\u00f8lgende fr\u00f8 i den [&hellip;]<\/p>\n","protected":false},"featured_media":61619,"comment_status":"open","ping_status":"closed","template":"","meta":{"_acf_changed":false,"site-sidebar-layout":"default","site-content-layout":"","ast-site-content-layout":"default","site-content-style":"default","site-sidebar-style":"default","ast-global-header-display":"","ast-banner-title-visibility":"","ast-main-header-display":"","ast-hfb-above-header-display":"","ast-hfb-below-header-display":"","ast-hfb-mobile-header-display":"","site-post-title":"","ast-breadcrumbs-content":"","ast-featured-img":"","footer-sml-layout":"","theme-transparent-header-meta":"default","adv-header-id-meta":"","stick-header-meta":"","header-above-stick-meta":"","header-main-stick-meta":"","header-below-stick-meta":"","astra-migrate-meta-layouts":"set","ast-page-background-enabled":"default","ast-page-background-meta":{"desktop":{"background-color":"","background-image":"","background-repeat":"repeat","background-position":"center center","background-size":"auto","background-attachment":"scroll","background-type":"","background-media":"","overlay-type":"","overlay-color":"","overlay-opacity":"","overlay-gradient":""},"tablet":{"background-color":"","background-image":"","background-repeat":"repeat","background-position":"center center","background-size":"auto","background-attachment":"scroll","background-type":"","background-media":"","overlay-type":"","overlay-color":"","overlay-opacity":"","overlay-gradient":""},"mobile":{"background-color":"","background-image":"","background-repeat":"repeat","background-position":"center center","background-size":"auto","background-attachment":"scroll","background-type":"","background-media":"","overlay-type":"","overlay-color":"","overlay-opacity":"","overlay-gradient":""}},"ast-content-background-meta":{"desktop":{"background-color":"var(--ast-global-color-5)","background-image":"","background-repeat":"repeat","background-position":"center center","background-size":"auto","background-attachment":"scroll","background-type":"","background-media":"","overlay-type":"","overlay-color":"","overlay-opacity":"","overlay-gradient":""},"tablet":{"background-color":"var(--ast-global-color-5)","background-image":"","background-repeat":"repeat","background-position":"center center","background-size":"auto","background-attachment":"scroll","background-type":"","background-media":"","overlay-type":"","overlay-color":"","overlay-opacity":"","overlay-gradient":""},"mobile":{"background-color":"var(--ast-global-color-5)","background-image":"","background-repeat":"repeat","background-position":"center center","background-size":"auto","background-attachment":"scroll","background-type":"","background-media":"","overlay-type":"","overlay-color":"","overlay-opacity":"","overlay-gradient":""}}},"product_brand":[],"product_cat":[397,398,421,423],"product_tag":[424,582],"class_list":{"0":"post-61618","1":"product","2":"type-product","3":"status-publish","4":"has-post-thumbnail","6":"product_cat-blomstrende-stearinlys","7":"product_cat-duftlys","8":"product_cat-sojalys","9":"product_cat-stort-duftlys","10":"product_tag-store","11":"product_tag-toasty-da","12":"desktop-align-left","13":"tablet-align-left","14":"mobile-align-left","16":"first","17":"instock","18":"sale","19":"taxable","20":"shipping-taxable","21":"purchasable","22":"product-type-simple"},"acf":[],"yoast_head":"<!-- This site is optimized with the Yoast SEO Premium plugin v23.0 (Yoast SEO v23.0) - https:\/\/yoast.com\/wordpress\/plugins\/seo\/ -->\n<title>Keramisk Blomstrende Stearinlys \u2013 Lime Basilikum og Citrus \u2013 440gr - Lumond<\/title>\n<meta name=\"description\" content=\"H\u00e5ndlavet duftlys med en oplivende blanding af lime, basilikum &amp; citrus i et keramikkar. Inkluderer fr\u00f8 til en blomstrende plante efter afbr\u00e6nding.\" \/>\n<meta name=\"robots\" content=\"index, follow, max-snippet:-1, max-image-preview:large, max-video-preview:-1\" \/>\n<link rel=\"canonical\" href=\"https:\/\/lumond.com\/da\/Produkt\/bluehende-keramikkerze-limette-basilikum-und-zitrusfruechte-440g\/\" \/>\n<meta property=\"og:locale\" content=\"da_DK\" \/>\n<meta property=\"og:type\" content=\"article\" \/>\n<meta property=\"og:title\" content=\"Keramisk Blomstrende Stearinlys \u2013 Lime Basilikum og Citrus \u2013 440gr - Lumond\" \/>\n<meta property=\"og:description\" content=\"H\u00e5ndlavet duftlys med en oplivende blanding af lime, basilikum &amp; citrus i et keramikkar. Inkluderer fr\u00f8 til en blomstrende plante efter afbr\u00e6nding.\" \/>\n<meta property=\"og:url\" content=\"https:\/\/lumond.com\/da\/Produkt\/bluehende-keramikkerze-limette-basilikum-und-zitrusfruechte-440g\/\" \/>\n<meta property=\"og:site_name\" content=\"Lumond\" \/>\n<meta property=\"article:publisher\" content=\"https:\/\/www.facebook.com\/lumond.de\/\" \/>\n<meta property=\"article:modified_time\" content=\"2025-09-25T13:16:17+00:00\" \/>\n<meta property=\"og:image\" content=\"https:\/\/lumond.com\/wp-content\/uploads\/2024\/06\/Lime-Basil-and-Citrus-Large-Size-2.webp\" \/>\n\t<meta property=\"og:image:width\" content=\"1080\" \/>\n\t<meta property=\"og:image:height\" content=\"1080\" \/>\n\t<meta property=\"og:image:type\" content=\"image\/webp\" \/>\n<meta name=\"twitter:card\" content=\"summary_large_image\" \/>\n<meta name=\"twitter:description\" content=\"Giv dit rum et l\u00f8ft med den livlige duft af Lime Basilikum og Citrus. Dette blomstrende stearinlys, i en smukt h\u00e5ndlavet keramisk holder, byder p\u00e5 en\" \/>\n<meta name=\"twitter:label1\" content=\"Pris\" \/>\n\t<meta name=\"twitter:data1\" content=\"&euro;&nbsp;59,99\" \/>\n\t<meta name=\"twitter:label2\" content=\"Availability\" \/>\n\t<meta name=\"twitter:data2\" content=\"In stock\" \/>\n<script type=\"application\/ld+json\" class=\"yoast-schema-graph\">{\"@context\":\"https:\/\/schema.org\",\"@graph\":[{\"@type\":[\"WebPage\",\"ItemPage\"],\"@id\":\"https:\/\/lumond.com\/da\/Produkt\/bluehende-keramikkerze-limette-basilikum-und-zitrusfruechte-440g\/\",\"url\":\"https:\/\/lumond.com\/da\/Produkt\/bluehende-keramikkerze-limette-basilikum-und-zitrusfruechte-440g\/\",\"name\":\"Keramisk Blomstrende Stearinlys \u2013 Lime Basilikum og Citrus \u2013 440gr - Lumond\",\"isPartOf\":{\"@id\":\"https:\/\/lumond.com\/da\/#website\"},\"primaryImageOfPage\":{\"@id\":\"https:\/\/lumond.com\/da\/Produkt\/bluehende-keramikkerze-limette-basilikum-und-zitrusfruechte-440g\/#primaryimage\"},\"image\":{\"@id\":\"https:\/\/lumond.com\/da\/Produkt\/bluehende-keramikkerze-limette-basilikum-und-zitrusfruechte-440g\/#primaryimage\"},\"thumbnailUrl\":\"https:\/\/lumond.com\/wp-content\/uploads\/2024\/06\/Lime-Basil-and-Citrus-Large-Size-2.webp\",\"datePublished\":\"2024-06-21T15:02:01+00:00\",\"dateModified\":\"2025-09-25T13:16:17+00:00\",\"description\":\"H\u00e5ndlavet duftlys med en oplivende blanding af lime, basilikum & citrus i et keramikkar. Inkluderer fr\u00f8 til en blomstrende plante efter afbr\u00e6nding.\",\"breadcrumb\":{\"@id\":\"https:\/\/lumond.com\/da\/Produkt\/bluehende-keramikkerze-limette-basilikum-und-zitrusfruechte-440g\/#breadcrumb\"},\"inLanguage\":\"da-DK\",\"potentialAction\":[{\"@type\":\"ReadAction\",\"target\":[\"https:\/\/lumond.com\/da\/Produkt\/bluehende-keramikkerze-limette-basilikum-und-zitrusfruechte-440g\/\"]}]},{\"@type\":\"ImageObject\",\"inLanguage\":\"da-DK\",\"@id\":\"https:\/\/lumond.com\/da\/Produkt\/bluehende-keramikkerze-limette-basilikum-und-zitrusfruechte-440g\/#primaryimage\",\"url\":\"https:\/\/lumond.com\/wp-content\/uploads\/2024\/06\/Lime-Basil-and-Citrus-Large-Size-2.webp\",\"contentUrl\":\"https:\/\/lumond.com\/wp-content\/uploads\/2024\/06\/Lime-Basil-and-Citrus-Large-Size-2.webp\",\"width\":1080,\"height\":1080},{\"@type\":\"BreadcrumbList\",\"@id\":\"https:\/\/lumond.com\/da\/Produkt\/bluehende-keramikkerze-limette-basilikum-und-zitrusfruechte-440g\/#breadcrumb\",\"itemListElement\":[{\"@type\":\"ListItem\",\"position\":1,\"name\":\"Lumond\",\"item\":\"https:\/\/lumond.com\/da\/lumond-da\/\"},{\"@type\":\"ListItem\",\"position\":2,\"name\":\"Products\"},{\"@type\":\"ListItem\",\"position\":3,\"name\":\"Blomstrende stearinlys\",\"item\":\"https:\/\/lumond.com\/da\/blomstrende-stearinlys\/\"},{\"@type\":\"ListItem\",\"position\":4,\"name\":\"Keramisk Blomstrende Stearinlys \u2013 Lime Basilikum og Citrus \u2013 440gr\"}]},{\"@type\":\"WebSite\",\"@id\":\"https:\/\/lumond.com\/da\/#website\",\"url\":\"https:\/\/lumond.com\/da\/\",\"name\":\"Lumond\",\"description\":\"Duftkerzen Im Glas\",\"publisher\":{\"@id\":\"https:\/\/lumond.com\/da\/#organization\"},\"alternateName\":\"Lumond\",\"potentialAction\":[{\"@type\":\"SearchAction\",\"target\":{\"@type\":\"EntryPoint\",\"urlTemplate\":\"https:\/\/lumond.com\/da\/?s={search_term_string}\"},\"query-input\":\"required name=search_term_string\"}],\"inLanguage\":\"da-DK\"},{\"@type\":\"Organization\",\"@id\":\"https:\/\/lumond.com\/da\/#organization\",\"name\":\"Lumond\",\"url\":\"https:\/\/lumond.com\/da\/\",\"logo\":{\"@type\":\"ImageObject\",\"inLanguage\":\"da-DK\",\"@id\":\"https:\/\/lumond.com\/da\/#\/schema\/logo\/image\/\",\"url\":\"https:\/\/lumond.com\/wp-content\/uploads\/2022\/01\/cropped-40-05.png\",\"contentUrl\":\"https:\/\/lumond.com\/wp-content\/uploads\/2022\/01\/cropped-40-05.png\",\"width\":512,\"height\":512,\"caption\":\"Lumond\"},\"image\":{\"@id\":\"https:\/\/lumond.com\/da\/#\/schema\/logo\/image\/\"},\"sameAs\":[\"https:\/\/www.facebook.com\/lumond.de\/\",\"https:\/\/www.instagram.com\/lumond.de\/\"],\"description\":\"Lumond fremstiller h\u00f8jkvalitets duftlys af naturlig sojavoks i stilfulde keramikbeholdere \u2013 b\u00e6redygtigt, produceret i Tyskland og med unikke duftkompositioner. Ideel til et hyggeligt hjem med sans for milj\u00f8bevidsthed og design.\",\"email\":\"info@lumond.de\",\"legalName\":\"Lumond\",\"foundingDate\":\"2021-01-01\",\"ownershipFundingInfo\":\"https:\/\/lumond.com\/ueber-uns\/\",\"correctionsPolicy\":\"https:\/\/lumond.com\/kontakt\/\",\"address\":{\"@type\":\"PostalAddress\",\"streetAddress\":\"Lumond UG\",\"addressLocality\":\"Kolonnenstr. 8\",\"addressRegion\":\"Berlin\",\"postalCode\":\"10827\",\"addressCountry\":\"DE\"}}]}<\/script>\n<meta property=\"product:price:amount\" content=\"59.99\" \/>\n<meta property=\"product:price:currency\" content=\"EUR\" \/>\n<meta property=\"og:availability\" content=\"instock\" \/>\n<meta property=\"product:availability\" content=\"instock\" \/>\n<meta property=\"product:retailer_item_id\" content=\"427-2410\" \/>\n<meta property=\"product:condition\" content=\"new\" \/>\n<!-- \/ Yoast SEO Premium plugin. -->","yoast_head_json":{"title":"Keramisk Blomstrende Stearinlys \u2013 Lime Basilikum og Citrus \u2013 440gr - Lumond","description":"H\u00e5ndlavet duftlys med en oplivende blanding af lime, basilikum & citrus i et keramikkar. Inkluderer fr\u00f8 til en blomstrende plante efter afbr\u00e6nding.","robots":{"index":"index","follow":"follow","max-snippet":"max-snippet:-1","max-image-preview":"max-image-preview:large","max-video-preview":"max-video-preview:-1"},"canonical":"https:\/\/lumond.com\/da\/Produkt\/bluehende-keramikkerze-limette-basilikum-und-zitrusfruechte-440g\/","og_locale":"da_DK","og_type":"article","og_title":"Keramisk Blomstrende Stearinlys \u2013 Lime Basilikum og Citrus \u2013 440gr - Lumond","og_description":"H\u00e5ndlavet duftlys med en oplivende blanding af lime, basilikum & citrus i et keramikkar. Inkluderer fr\u00f8 til en blomstrende plante efter afbr\u00e6nding.","og_url":"https:\/\/lumond.com\/da\/Produkt\/bluehende-keramikkerze-limette-basilikum-und-zitrusfruechte-440g\/","og_site_name":"Lumond","article_publisher":"https:\/\/www.facebook.com\/lumond.de\/","article_modified_time":"2025-09-25T13:16:17+00:00","og_image":[{"width":1080,"height":1080,"url":"https:\/\/lumond.com\/wp-content\/uploads\/2024\/06\/Lime-Basil-and-Citrus-Large-Size-2.webp","type":"image\/webp"}],"twitter_card":"summary_large_image","twitter_description":"Giv dit rum et l\u00f8ft med den livlige duft af Lime Basilikum og Citrus. Dette blomstrende stearinlys, i en smukt h\u00e5ndlavet keramisk holder, byder p\u00e5 en","twitter_misc":{"Pris":"&euro;&nbsp;59,99","Availability":"In stock"},"schema":{"@context":"https:\/\/schema.org","@graph":[{"@type":["WebPage","ItemPage"],"@id":"https:\/\/lumond.com\/da\/Produkt\/bluehende-keramikkerze-limette-basilikum-und-zitrusfruechte-440g\/","url":"https:\/\/lumond.com\/da\/Produkt\/bluehende-keramikkerze-limette-basilikum-und-zitrusfruechte-440g\/","name":"Keramisk Blomstrende Stearinlys \u2013 Lime Basilikum og Citrus \u2013 440gr - Lumond","isPartOf":{"@id":"https:\/\/lumond.com\/da\/#website"},"primaryImageOfPage":{"@id":"https:\/\/lumond.com\/da\/Produkt\/bluehende-keramikkerze-limette-basilikum-und-zitrusfruechte-440g\/#primaryimage"},"image":{"@id":"https:\/\/lumond.com\/da\/Produkt\/bluehende-keramikkerze-limette-basilikum-und-zitrusfruechte-440g\/#primaryimage"},"thumbnailUrl":"https:\/\/lumond.com\/wp-content\/uploads\/2024\/06\/Lime-Basil-and-Citrus-Large-Size-2.webp","datePublished":"2024-06-21T15:02:01+00:00","dateModified":"2025-09-25T13:16:17+00:00","description":"H\u00e5ndlavet duftlys med en oplivende blanding af lime, basilikum & citrus i et keramikkar. Inkluderer fr\u00f8 til en blomstrende plante efter afbr\u00e6nding.","breadcrumb":{"@id":"https:\/\/lumond.com\/da\/Produkt\/bluehende-keramikkerze-limette-basilikum-und-zitrusfruechte-440g\/#breadcrumb"},"inLanguage":"da-DK","potentialAction":[{"@type":"ReadAction","target":["https:\/\/lumond.com\/da\/Produkt\/bluehende-keramikkerze-limette-basilikum-und-zitrusfruechte-440g\/"]}]},{"@type":"ImageObject","inLanguage":"da-DK","@id":"https:\/\/lumond.com\/da\/Produkt\/bluehende-keramikkerze-limette-basilikum-und-zitrusfruechte-440g\/#primaryimage","url":"https:\/\/lumond.com\/wp-content\/uploads\/2024\/06\/Lime-Basil-and-Citrus-Large-Size-2.webp","contentUrl":"https:\/\/lumond.com\/wp-content\/uploads\/2024\/06\/Lime-Basil-and-Citrus-Large-Size-2.webp","width":1080,"height":1080},{"@type":"BreadcrumbList","@id":"https:\/\/lumond.com\/da\/Produkt\/bluehende-keramikkerze-limette-basilikum-und-zitrusfruechte-440g\/#breadcrumb","itemListElement":[{"@type":"ListItem","position":1,"name":"Lumond","item":"https:\/\/lumond.com\/da\/lumond-da\/"},{"@type":"ListItem","position":2,"name":"Products"},{"@type":"ListItem","position":3,"name":"Blomstrende stearinlys","item":"https:\/\/lumond.com\/da\/blomstrende-stearinlys\/"},{"@type":"ListItem","position":4,"name":"Keramisk Blomstrende Stearinlys \u2013 Lime Basilikum og Citrus \u2013 440gr"}]},{"@type":"WebSite","@id":"https:\/\/lumond.com\/da\/#website","url":"https:\/\/lumond.com\/da\/","name":"Lumond","description":"Duftkerzen Im Glas","publisher":{"@id":"https:\/\/lumond.com\/da\/#organization"},"alternateName":"Lumond","potentialAction":[{"@type":"SearchAction","target":{"@type":"EntryPoint","urlTemplate":"https:\/\/lumond.com\/da\/?s={search_term_string}"},"query-input":"required name=search_term_string"}],"inLanguage":"da-DK"},{"@type":"Organization","@id":"https:\/\/lumond.com\/da\/#organization","name":"Lumond","url":"https:\/\/lumond.com\/da\/","logo":{"@type":"ImageObject","inLanguage":"da-DK","@id":"https:\/\/lumond.com\/da\/#\/schema\/logo\/image\/","url":"https:\/\/lumond.com\/wp-content\/uploads\/2022\/01\/cropped-40-05.png","contentUrl":"https:\/\/lumond.com\/wp-content\/uploads\/2022\/01\/cropped-40-05.png","width":512,"height":512,"caption":"Lumond"},"image":{"@id":"https:\/\/lumond.com\/da\/#\/schema\/logo\/image\/"},"sameAs":["https:\/\/www.facebook.com\/lumond.de\/","https:\/\/www.instagram.com\/lumond.de\/"],"description":"Lumond fremstiller h\u00f8jkvalitets duftlys af naturlig sojavoks i stilfulde keramikbeholdere \u2013 b\u00e6redygtigt, produceret i Tyskland og med unikke duftkompositioner. Ideel til et hyggeligt hjem med sans for milj\u00f8bevidsthed og design.","email":"info@lumond.de","legalName":"Lumond","foundingDate":"2021-01-01","ownershipFundingInfo":"https:\/\/lumond.com\/ueber-uns\/","correctionsPolicy":"https:\/\/lumond.com\/kontakt\/","address":{"@type":"PostalAddress","streetAddress":"Lumond UG","addressLocality":"Kolonnenstr. 8","addressRegion":"Berlin","postalCode":"10827","addressCountry":"DE"}}]},"product_price_amount":"59.99","product_price_currency":"EUR","og_availability":"instock","product_availability":"instock","product_retailer_item_id":"427-2410","product_condition":"new"},"_links":{"self":[{"href":"https:\/\/lumond.com\/da\/wp-json\/wp\/v2\/product\/61618","targetHints":{"allow":["GET"]}}],"collection":[{"href":"https:\/\/lumond.com\/da\/wp-json\/wp\/v2\/product"}],"about":[{"href":"https:\/\/lumond.com\/da\/wp-json\/wp\/v2\/types\/product"}],"replies":[{"embeddable":true,"href":"https:\/\/lumond.com\/da\/wp-json\/wp\/v2\/comments?post=61618"}],"wp:featuredmedia":[{"embeddable":true,"href":"https:\/\/lumond.com\/da\/wp-json\/wp\/v2\/media\/61619"}],"wp:attachment":[{"href":"https:\/\/lumond.com\/da\/wp-json\/wp\/v2\/media?parent=61618"}],"wp:term":[{"taxonomy":"product_brand","embeddable":true,"href":"https:\/\/lumond.com\/da\/wp-json\/wp\/v2\/product_brand?post=61618"},{"taxonomy":"product_cat","embeddable":true,"href":"https:\/\/lumond.com\/da\/wp-json\/wp\/v2\/product_cat?post=61618"},{"taxonomy":"product_tag","embeddable":true,"href":"https:\/\/lumond.com\/da\/wp-json\/wp\/v2\/product_tag?post=61618"}],"curies":[{"name":"wp","href":"https:\/\/api.w.org\/{rel}","templated":true}]}}