{"id":99615,"date":"2026-04-09T17:39:05","date_gmt":"2026-04-09T17:39:05","guid":{"rendered":"https:\/\/lumond.com\/geschenkgutschein-bedingungen\/"},"modified":"2026-04-09T17:53:28","modified_gmt":"2026-04-09T17:53:28","slug":"gavekort-betingelser","status":"publish","type":"page","link":"https:\/\/lumond.com\/da\/gavekort-betingelser\/","title":{"rendered":"Gavekort Betingelser"},"content":{"rendered":"\t\t<div data-elementor-type=\"wp-page\" data-elementor-id=\"99615\" class=\"elementor elementor-99615 elementor-99608\" data-elementor-post-type=\"page\">\n\t\t\t\t\t\t<section class=\"elementor-section elementor-top-section elementor-element elementor-element-8f1744b elementor-section-boxed elementor-section-height-default elementor-section-height-default\" data-id=\"8f1744b\" data-element_type=\"section\">\n\t\t\t\t\t\t<div class=\"elementor-container elementor-column-gap-default\">\n\t\t\t\t\t<div class=\"elementor-column elementor-col-100 elementor-top-column elementor-element elementor-element-590b407\" data-id=\"590b407\" data-element_type=\"column\">\n\t\t\t<div class=\"elementor-widget-wrap elementor-element-populated\">\n\t\t\t\t\t\t<div class=\"elementor-element elementor-element-7ab0f1d elementor-widget elementor-widget-heading\" data-id=\"7ab0f1d\" data-element_type=\"widget\" data-widget_type=\"heading.default\">\n\t\t\t\t<div class=\"elementor-widget-container\">\n\t\t\t<style>\/*! elementor - v3.21.0 - 08-05-2024 *\/\n.elementor-heading-title{padding:0;margin:0;line-height:1}.elementor-widget-heading .elementor-heading-title[class*=elementor-size-]>a{color:inherit;font-size:inherit;line-height:inherit}.elementor-widget-heading .elementor-heading-title.elementor-size-small{font-size:15px}.elementor-widget-heading .elementor-heading-title.elementor-size-medium{font-size:19px}.elementor-widget-heading .elementor-heading-title.elementor-size-large{font-size:29px}.elementor-widget-heading .elementor-heading-title.elementor-size-xl{font-size:39px}.elementor-widget-heading .elementor-heading-title.elementor-size-xxl{font-size:59px}<\/style><h1 class=\"elementor-heading-title elementor-size-default\">Gavekort \u2013 Generelle brugsbetingelser<\/h1>\t\t<\/div>\n\t\t\t\t<\/div>\n\t\t\t\t<div class=\"elementor-element elementor-element-fa29c2b elementor-widget elementor-widget-text-editor\" data-id=\"fa29c2b\" data-element_type=\"widget\" data-widget_type=\"text-editor.default\">\n\t\t\t\t<div class=\"elementor-widget-container\">\n\t\t\t<style>\/*! elementor - v3.21.0 - 08-05-2024 *\/\n.elementor-widget-text-editor.elementor-drop-cap-view-stacked .elementor-drop-cap{background-color:#69727d;color:#fff}.elementor-widget-text-editor.elementor-drop-cap-view-framed .elementor-drop-cap{color:#69727d;border:3px solid;background-color:transparent}.elementor-widget-text-editor:not(.elementor-drop-cap-view-default) .elementor-drop-cap{margin-top:8px}.elementor-widget-text-editor:not(.elementor-drop-cap-view-default) .elementor-drop-cap-letter{width:1em;height:1em}.elementor-widget-text-editor .elementor-drop-cap{float:left;text-align:center;line-height:1;font-size:50px}.elementor-widget-text-editor .elementor-drop-cap-letter{display:inline-block}<\/style>\t\t\t\t<p style=\"font-weight: bold; padding-bottom: 10px;\">\u00a71 Gyldighedsomr\u00e5de og udsteder<\/p>\n\n(1) F\u00f8lgende brugsbetingelser g\u00e6lder for alle gavekort (herefter &#8220;gavekort&#8221;), der udstedes af Laylaundyom UG (herefter &#8220;Lumond&#8221;).\n\n<div style=\"margin-left: 20px; margin-top: 5px; margin-bottom: 5px;\">\nLaylaundyom UG\nDor Porat\nKolonnenstr. 8\n10827 Berlin, Tyskland\nE-mail: <a href=\"mailto:info@lumond.de\">info@lumond.de<\/a>\nRegistreringsnummer: HRB 18705\nRegistreringsret: Amtsgericht Krefeld\nMoms-ID: DE348104546\n<\/div>\n\n(2) Ved k\u00f8b, modtagelse eller indl\u00f8sning af et gavekort accepterer indehaveren disse brugsbetingelser.\n\n<p style=\"font-weight: bold; padding-bottom: 10px;\">\u00a72 Tilg\u00e6ngelige formater og k\u00f8b<\/p>\n\n(1) Gavekortet f\u00e5s i f\u00f8lgende formater:\n\n<div style=\"margin-left: 20px; margin-top: 5px; margin-bottom: 10px;\">\na) <b>Digitalt gavekort (e-gavekort)<\/b> \u2013 kan k\u00f8bes i onlinebutikken p\u00e5 <a href=\"https:\/\/lumond.com\">www.lumond.com<\/a>. E-gavekortet sendes via e-mail til den af k\u00f8beren angivne e-mailadresse.\n\nb) <b>Fysisk gavekort<\/b> \u2013 hvis tilg\u00e6ngeligt, kan k\u00f8bes i onlinebutikken p\u00e5 <a href=\"https:\/\/lumond.com\">www.lumond.com<\/a>. Det fysiske gavekort sendes med posten.\n<\/div>\n\n(2) Gavekortet kan k\u00f8bes i forskellige bel\u00f8b. De tilg\u00e6ngelige bel\u00f8b kan ses i onlinebutikken p\u00e5 <a href=\"https:\/\/lumond.com\">www.lumond.com<\/a>.\n\n(3) Gavekortet kan betales med alle betalingsmetoder, der accepteres i onlinebutikken. Et gavekort kan dog ikke betales med et andet gavekort.\n\n<p style=\"font-weight: bold; padding-bottom: 10px;\">\u00a73 Gyldighed<\/p>\n\n(1) Gavekortet er gyldigt p\u00e5 ubestemt tid fra k\u00f8bsdatoen, medmindre der er angivet en anden udl\u00f8bsdato p\u00e5 gavekortet.\n\n(2) Gavekortet kan udelukkende indl\u00f8ses i onlinebutikken p\u00e5 <a href=\"https:\/\/lumond.com\">www.lumond.com<\/a>.\n\n(3) Gavekortet kan bruges til alle varer, der tilbydes i onlinebutikken.\n\n<p style=\"font-weight: bold; padding-bottom: 10px;\">\u00a74 Indl\u00f8sning og resterende saldo<\/p>\n\n(1) Gavekortet kan bruges af indehaveren et ubegr\u00e6nset antal gange, indtil saldoen er helt opbrugt.\n\n(2) Den tilg\u00e6ngelige restsaldo svarer til forskellen mellem den oprindelige saldo og det bel\u00f8b, der allerede er brugt til k\u00f8b.\n\n(3) Hvis k\u00f8bsbel\u00f8bet overstiger restsaldoen, kan differencen betales med enhver betalingsmetode, der accepteres i onlinebutikken.\n\n(4) En eventuel restsaldo kan ikke udbetales kontant eller overf\u00f8res til en bankkonto.\n\n(5) Den aktuelle restsaldo kan til enhver tid ses under bestillingsprocessen p\u00e5 <a href=\"https:\/\/lumond.com\">www.lumond.com<\/a>.\n\n<p style=\"font-weight: bold; padding-bottom: 10px;\">\u00a75 Returnering af gavekortet<\/p>\n\n(1) For digitalt k\u00f8bte gavekort (e-gavekort) g\u00e6lder en lovbestemt fortrydelsesret p\u00e5 14 dage fra k\u00f8bsdatoen, forudsat at gavekortet endnu ikke er indl\u00f8st.\n\n(2) Tilbagebetalingen sker i den oprindelige betalingsform. Ordrebekr\u00e6ftelsen skal fremvises ved returnering.\n\n(3) Delvist indl\u00f8ste gavekort kan ikke returneres.\n\n<p style=\"font-weight: bold; padding-bottom: 10px;\">\u00a76 Returnering af varer k\u00f8bt med gavekort<\/p>\n\n(1) Hvis varer, der helt eller delvist er betalt med et gavekort, returneres, refunderes gavekortandelen som et nyt gavekort. Gavekortet sendes via e-mail til den e-mailadresse, der blev brugt ved bestillingen.\n\n(2) For den del, der ikke er betalt med gavekort, g\u00e6lder de almindelige returneringsbetingelser i henhold til vores <a href=\"https:\/\/lumond.com\/da\/almindelige-handelsbetingelser\">generelle handelsbetingelser<\/a>.\n\n<p style=\"font-weight: bold; padding-bottom: 10px;\">\u00a77 Ansvar og h\u00e6ftelse<\/p>\n\n(1) Gavekortet er et ih\u00e6ndehaverpapir. Den p\u00e5g\u00e6ldende indehaver er alene ansvarlig for brugen og sikker opbevaring af gavekortet (inklusive gavekortskoden).\n\n(2) Lumond yder ingen erstatning ved tab, tyveri eller uautoriseret brug af gavekortet. Det anbefales at behandle gavekortskoden fortroligt og opbevare den sikkert.\n\n(3) Lumond p\u00e5tager sig intet ansvar for manglende eller forsinket levering af et e-gavekort, hvis \u00e5rsagen ligger uden for Lumonds ansvarsomr\u00e5de, herunder:\n<div style=\"margin-left: 20px; margin-top: 5px; margin-bottom: 10px;\">\na) Fejlagtige modtageroplysninger angivet af k\u00f8beren\nb) Tekniske fejl i telekommunikationssystemer\nc) Klassificering af e-mailen som spam af modtagerens e-mailprogram\nd) Manglende levering til den angivne e-mailadresse af tekniske \u00e5rsager\n<\/div>\n\n<p style=\"font-weight: bold; padding-bottom: 10px;\">\u00a78 Misbrug og ugyldighed<\/p>\n\n(1) Gavekort, der er erhvervet p\u00e5 ulovlig vis eller er blevet manipuleret, er ugyldige og kan hverken indl\u00f8ses eller refunderes.\n\n(2) Lumond forbeholder sig retten til at sp\u00e6rre gavekort, hvor der er mistanke om svindel eller misbrug.\n\n(3) Uden forudg\u00e5ende skriftligt samtykke fra Lumond m\u00e5 gavekort ikke bruges til kommercielle reklame- eller markedsf\u00f8ringsform\u00e5l af tredjeparter eller videres\u00e6lges.\n\n<p style=\"font-weight: bold; padding-bottom: 10px;\">\u00a79 Databeskyttelse<\/p>\n\nI forbindelse med k\u00f8b og brug af gavekort behandles personoplysninger (f.eks. e-mailadresse p\u00e5 k\u00f8ber og modtager). For detaljer om databehandling henvises til vores <a href=\"https:\/\/lumond.com\/da\/databeskyttelsespolitik\">databeskyttelsespolitik<\/a>.\n\n<p style=\"font-weight: bold; padding-bottom: 10px;\">\u00a710 G\u00e6ldende ret og v\u00e6rneting<\/p>\n\n(1) Tysk ret finder anvendelse med undtagelse af FN&#8217;s internationale k\u00f8belov (CISG).\n\n(2) For forbrugere g\u00e6lder dette lovvalg kun i det omfang, det ikke fratager den beskyttelse, der ydes i henhold til ufravigelige bestemmelser i lovgivningen i det land, hvor forbrugeren har sit s\u00e6dvanlige opholdssted.\n\n(3) Hvis kunden er erhvervsdrivende, en juridisk person under offentlig ret eller en offentligretlig s\u00e6rformue, er den eksklusive v\u00e6rneting for alle tvister i henhold til denne kontrakt vores forretningsadresse i Berlin.\n\n<p style=\"font-weight: bold; padding-bottom: 10px;\">\u00a711 Salvatorisk klausul<\/p>\n\nSkulle en bestemmelse i disse brugsbetingelser helt eller delvist v\u00e6re eller blive ugyldig, ber\u00f8res gyldigheden af de \u00f8vrige bestemmelser ikke heraf.\n\n<p style=\"font-weight: bold; padding-bottom: 10px;\">\u00a712 Kontakt<\/p>\n\nVed sp\u00f8rgsm\u00e5l eller klager vedr\u00f8rende gavekort bedes du kontakte:\n\n<div style=\"margin-left: 20px; margin-top: 5px; margin-bottom: 5px;\">\nLumond \u2013 Laylaundyom UG\nKolonnenstr. 8\n10827 Berlin, Tyskland\nE-mail: <a href=\"mailto:info@lumond.de\">info@lumond.de<\/a>\nWeb: <a href=\"https:\/\/support.lumond.com\/da\">support.lumond.com<\/a>\n<\/div>\n\n<p style=\"font-size: 13px; color: #666; margin-top: 30px;\">G\u00e6ldende fra: april 2026<\/p>\n\t\t\t\t\t\t<\/div>\n\t\t\t\t<\/div>\n\t\t\t\t\t<\/div>\n\t\t<\/div>\n\t\t\t\t\t<\/div>\n\t\t<\/section>\n\t\t\t\t<\/div>\n\t\t","protected":false},"excerpt":{"rendered":"<p>Gavekort \u2013 Generelle brugsbetingelser \u00a71 Gyldighedsomr\u00e5de og udsteder (1) F\u00f8lgende brugsbetingelser g\u00e6lder for alle gavekort (herefter &#8220;gavekort&#8221;), der udstedes af Laylaundyom UG (herefter &#8220;Lumond&#8221;). Laylaundyom UG Dor Porat Kolonnenstr. 8 10827 Berlin, Tyskland E-mail: info@lumond.de Registreringsnummer: HRB 18705 Registreringsret: Amtsgericht Krefeld Moms-ID: DE348104546 (2) Ved k\u00f8b, modtagelse eller indl\u00f8sning af et gavekort accepterer indehaveren disse [&hellip;]<\/p>\n","protected":false},"author":18,"featured_media":0,"parent":0,"menu_order":0,"comment_status":"closed","ping_status":"closed","template":"","meta":{"_acf_changed":false,"site-sidebar-layout":"no-sidebar","site-content-layout":"page-builder","ast-site-content-layout":"full-width-container","site-content-style":"default","site-sidebar-style":"default","ast-global-header-display":"","ast-banner-title-visibility":"","ast-main-header-display":"","ast-hfb-above-header-display":"","ast-hfb-below-header-display":"","ast-hfb-mobile-header-display":"","site-post-title":"disabled","ast-breadcrumbs-content":"","ast-featured-img":"disabled","footer-sml-layout":"","theme-transparent-header-meta":"","adv-header-id-meta":"","stick-header-meta":"","header-above-stick-meta":"","header-main-stick-meta":"","header-below-stick-meta":"","astra-migrate-meta-layouts":"set","ast-page-background-enabled":"default","ast-page-background-meta":{"desktop":{"background-color":"","background-image":"","background-repeat":"repeat","background-position":"center center","background-size":"auto","background-attachment":"scroll","background-type":"","background-media":"","overlay-type":"","overlay-color":"","overlay-opacity":"","overlay-gradient":""},"tablet":{"background-color":"","background-image":"","background-repeat":"repeat","background-position":"center center","background-size":"auto","background-attachment":"scroll","background-type":"","background-media":"","overlay-type":"","overlay-color":"","overlay-opacity":"","overlay-gradient":""},"mobile":{"background-color":"","background-image":"","background-repeat":"repeat","background-position":"center center","background-size":"auto","background-attachment":"scroll","background-type":"","background-media":"","overlay-type":"","overlay-color":"","overlay-opacity":"","overlay-gradient":""}},"ast-content-background-meta":{"desktop":{"background-color":"var(--ast-global-color-5)","background-image":"","background-repeat":"repeat","background-position":"center center","background-size":"auto","background-attachment":"scroll","background-type":"","background-media":"","overlay-type":"","overlay-color":"","overlay-opacity":"","overlay-gradient":""},"tablet":{"background-color":"var(--ast-global-color-5)","background-image":"","background-repeat":"repeat","background-position":"center center","background-size":"auto","background-attachment":"scroll","background-type":"","background-media":"","overlay-type":"","overlay-color":"","overlay-opacity":"","overlay-gradient":""},"mobile":{"background-color":"var(--ast-global-color-5)","background-image":"","background-repeat":"repeat","background-position":"center center","background-size":"auto","background-attachment":"scroll","background-type":"","background-media":"","overlay-type":"","overlay-color":"","overlay-opacity":"","overlay-gradient":""}},"footnotes":""},"class_list":["post-99615","page","type-page","status-publish","hentry"],"acf":[],"yoast_head":"<!-- This site is optimized with the Yoast SEO Premium plugin v23.0 (Yoast SEO v23.0) - https:\/\/yoast.com\/wordpress\/plugins\/seo\/ -->\n<title>Gavekort Betingelser - Lumond<\/title>\n<meta name=\"robots\" content=\"index, follow, max-snippet:-1, max-image-preview:large, max-video-preview:-1\" \/>\n<link rel=\"canonical\" href=\"https:\/\/lumond.com\/da\/gavekort-betingelser\/\" \/>\n<meta property=\"og:locale\" content=\"da_DK\" \/>\n<meta property=\"og:type\" content=\"article\" \/>\n<meta property=\"og:title\" content=\"Gavekort Betingelser\" \/>\n<meta property=\"og:description\" content=\"Gavekort \u2013 Generelle brugsbetingelser \u00a71 Gyldighedsomr\u00e5de og udsteder (1) F\u00f8lgende brugsbetingelser g\u00e6lder for alle gavekort (herefter &#8220;gavekort&#8221;), der udstedes af Laylaundyom UG (herefter &#8220;Lumond&#8221;). Laylaundyom UG Dor Porat Kolonnenstr. 8 10827 Berlin, Tyskland E-mail: info@lumond.de Registreringsnummer: HRB 18705 Registreringsret: Amtsgericht Krefeld Moms-ID: DE348104546 (2) Ved k\u00f8b, modtagelse eller indl\u00f8sning af et gavekort accepterer indehaveren disse [&hellip;]\" \/>\n<meta property=\"og:url\" content=\"https:\/\/lumond.com\/da\/gavekort-betingelser\/\" \/>\n<meta property=\"og:site_name\" content=\"Lumond\" \/>\n<meta property=\"article:publisher\" content=\"https:\/\/www.facebook.com\/lumond.de\/\" \/>\n<meta property=\"article:modified_time\" content=\"2026-04-09T17:53:28+00:00\" \/>\n<meta name=\"twitter:card\" content=\"summary_large_image\" \/>\n<meta name=\"twitter:label1\" content=\"Estimeret l\u00e6setid\" \/>\n\t<meta name=\"twitter:data1\" content=\"4 minutter\" \/>\n<script type=\"application\/ld+json\" class=\"yoast-schema-graph\">{\"@context\":\"https:\/\/schema.org\",\"@graph\":[{\"@type\":\"WebPage\",\"@id\":\"https:\/\/lumond.com\/da\/gavekort-betingelser\/\",\"url\":\"https:\/\/lumond.com\/da\/gavekort-betingelser\/\",\"name\":\"Gavekort Betingelser - Lumond\",\"isPartOf\":{\"@id\":\"https:\/\/lumond.com\/da\/#website\"},\"datePublished\":\"2026-04-09T17:39:05+00:00\",\"dateModified\":\"2026-04-09T17:53:28+00:00\",\"breadcrumb\":{\"@id\":\"https:\/\/lumond.com\/da\/gavekort-betingelser\/#breadcrumb\"},\"inLanguage\":\"da-DK\",\"potentialAction\":[{\"@type\":\"ReadAction\",\"target\":[\"https:\/\/lumond.com\/da\/gavekort-betingelser\/\"]}]},{\"@type\":\"BreadcrumbList\",\"@id\":\"https:\/\/lumond.com\/da\/gavekort-betingelser\/#breadcrumb\",\"itemListElement\":[{\"@type\":\"ListItem\",\"position\":1,\"name\":\"Lumond\",\"item\":\"https:\/\/lumond.com\/da\/lumond-da\/\"},{\"@type\":\"ListItem\",\"position\":2,\"name\":\"Gavekort Betingelser\"}]},{\"@type\":\"WebSite\",\"@id\":\"https:\/\/lumond.com\/da\/#website\",\"url\":\"https:\/\/lumond.com\/da\/\",\"name\":\"Lumond\",\"description\":\"Duftkerzen Im Glas\",\"publisher\":{\"@id\":\"https:\/\/lumond.com\/da\/#organization\"},\"alternateName\":\"Lumond\",\"potentialAction\":[{\"@type\":\"SearchAction\",\"target\":{\"@type\":\"EntryPoint\",\"urlTemplate\":\"https:\/\/lumond.com\/da\/?s={search_term_string}\"},\"query-input\":\"required name=search_term_string\"}],\"inLanguage\":\"da-DK\"},{\"@type\":\"Organization\",\"@id\":\"https:\/\/lumond.com\/da\/#organization\",\"name\":\"Lumond\",\"url\":\"https:\/\/lumond.com\/da\/\",\"logo\":{\"@type\":\"ImageObject\",\"inLanguage\":\"da-DK\",\"@id\":\"https:\/\/lumond.com\/da\/#\/schema\/logo\/image\/\",\"url\":\"https:\/\/lumond.com\/wp-content\/uploads\/2022\/01\/cropped-40-05.png\",\"contentUrl\":\"https:\/\/lumond.com\/wp-content\/uploads\/2022\/01\/cropped-40-05.png\",\"width\":512,\"height\":512,\"caption\":\"Lumond\"},\"image\":{\"@id\":\"https:\/\/lumond.com\/da\/#\/schema\/logo\/image\/\"},\"sameAs\":[\"https:\/\/www.facebook.com\/lumond.de\/\",\"https:\/\/www.instagram.com\/lumond.de\/\"],\"description\":\"Lumond fremstiller h\u00f8jkvalitets duftlys af naturlig sojavoks i stilfulde keramikbeholdere \u2013 b\u00e6redygtigt, produceret i Tyskland og med unikke duftkompositioner. Ideel til et hyggeligt hjem med sans for milj\u00f8bevidsthed og design.\",\"email\":\"info@lumond.de\",\"legalName\":\"Lumond\",\"foundingDate\":\"2021-01-01\",\"ownershipFundingInfo\":\"https:\/\/lumond.com\/ueber-uns\/\",\"correctionsPolicy\":\"https:\/\/lumond.com\/kontakt\/\",\"address\":{\"@type\":\"PostalAddress\",\"streetAddress\":\"Lumond UG\",\"addressLocality\":\"Kolonnenstr. 8\",\"addressRegion\":\"Berlin\",\"postalCode\":\"10827\",\"addressCountry\":\"DE\"}}]}<\/script>\n<!-- \/ Yoast SEO Premium plugin. -->","yoast_head_json":{"title":"Gavekort Betingelser - Lumond","robots":{"index":"index","follow":"follow","max-snippet":"max-snippet:-1","max-image-preview":"max-image-preview:large","max-video-preview":"max-video-preview:-1"},"canonical":"https:\/\/lumond.com\/da\/gavekort-betingelser\/","og_locale":"da_DK","og_type":"article","og_title":"Gavekort Betingelser","og_description":"Gavekort \u2013 Generelle brugsbetingelser \u00a71 Gyldighedsomr\u00e5de og udsteder (1) F\u00f8lgende brugsbetingelser g\u00e6lder for alle gavekort (herefter &#8220;gavekort&#8221;), der udstedes af Laylaundyom UG (herefter &#8220;Lumond&#8221;). Laylaundyom UG Dor Porat Kolonnenstr. 8 10827 Berlin, Tyskland E-mail: info@lumond.de Registreringsnummer: HRB 18705 Registreringsret: Amtsgericht Krefeld Moms-ID: DE348104546 (2) Ved k\u00f8b, modtagelse eller indl\u00f8sning af et gavekort accepterer indehaveren disse [&hellip;]","og_url":"https:\/\/lumond.com\/da\/gavekort-betingelser\/","og_site_name":"Lumond","article_publisher":"https:\/\/www.facebook.com\/lumond.de\/","article_modified_time":"2026-04-09T17:53:28+00:00","twitter_card":"summary_large_image","twitter_misc":{"Estimeret l\u00e6setid":"4 minutter"},"schema":{"@context":"https:\/\/schema.org","@graph":[{"@type":"WebPage","@id":"https:\/\/lumond.com\/da\/gavekort-betingelser\/","url":"https:\/\/lumond.com\/da\/gavekort-betingelser\/","name":"Gavekort Betingelser - Lumond","isPartOf":{"@id":"https:\/\/lumond.com\/da\/#website"},"datePublished":"2026-04-09T17:39:05+00:00","dateModified":"2026-04-09T17:53:28+00:00","breadcrumb":{"@id":"https:\/\/lumond.com\/da\/gavekort-betingelser\/#breadcrumb"},"inLanguage":"da-DK","potentialAction":[{"@type":"ReadAction","target":["https:\/\/lumond.com\/da\/gavekort-betingelser\/"]}]},{"@type":"BreadcrumbList","@id":"https:\/\/lumond.com\/da\/gavekort-betingelser\/#breadcrumb","itemListElement":[{"@type":"ListItem","position":1,"name":"Lumond","item":"https:\/\/lumond.com\/da\/lumond-da\/"},{"@type":"ListItem","position":2,"name":"Gavekort Betingelser"}]},{"@type":"WebSite","@id":"https:\/\/lumond.com\/da\/#website","url":"https:\/\/lumond.com\/da\/","name":"Lumond","description":"Duftkerzen Im Glas","publisher":{"@id":"https:\/\/lumond.com\/da\/#organization"},"alternateName":"Lumond","potentialAction":[{"@type":"SearchAction","target":{"@type":"EntryPoint","urlTemplate":"https:\/\/lumond.com\/da\/?s={search_term_string}"},"query-input":"required name=search_term_string"}],"inLanguage":"da-DK"},{"@type":"Organization","@id":"https:\/\/lumond.com\/da\/#organization","name":"Lumond","url":"https:\/\/lumond.com\/da\/","logo":{"@type":"ImageObject","inLanguage":"da-DK","@id":"https:\/\/lumond.com\/da\/#\/schema\/logo\/image\/","url":"https:\/\/lumond.com\/wp-content\/uploads\/2022\/01\/cropped-40-05.png","contentUrl":"https:\/\/lumond.com\/wp-content\/uploads\/2022\/01\/cropped-40-05.png","width":512,"height":512,"caption":"Lumond"},"image":{"@id":"https:\/\/lumond.com\/da\/#\/schema\/logo\/image\/"},"sameAs":["https:\/\/www.facebook.com\/lumond.de\/","https:\/\/www.instagram.com\/lumond.de\/"],"description":"Lumond fremstiller h\u00f8jkvalitets duftlys af naturlig sojavoks i stilfulde keramikbeholdere \u2013 b\u00e6redygtigt, produceret i Tyskland og med unikke duftkompositioner. Ideel til et hyggeligt hjem med sans for milj\u00f8bevidsthed og design.","email":"info@lumond.de","legalName":"Lumond","foundingDate":"2021-01-01","ownershipFundingInfo":"https:\/\/lumond.com\/ueber-uns\/","correctionsPolicy":"https:\/\/lumond.com\/kontakt\/","address":{"@type":"PostalAddress","streetAddress":"Lumond UG","addressLocality":"Kolonnenstr. 8","addressRegion":"Berlin","postalCode":"10827","addressCountry":"DE"}}]}},"_links":{"self":[{"href":"https:\/\/lumond.com\/da\/wp-json\/wp\/v2\/pages\/99615","targetHints":{"allow":["GET"]}}],"collection":[{"href":"https:\/\/lumond.com\/da\/wp-json\/wp\/v2\/pages"}],"about":[{"href":"https:\/\/lumond.com\/da\/wp-json\/wp\/v2\/types\/page"}],"author":[{"embeddable":true,"href":"https:\/\/lumond.com\/da\/wp-json\/wp\/v2\/users\/18"}],"replies":[{"embeddable":true,"href":"https:\/\/lumond.com\/da\/wp-json\/wp\/v2\/comments?post=99615"}],"version-history":[{"count":7,"href":"https:\/\/lumond.com\/da\/wp-json\/wp\/v2\/pages\/99615\/revisions"}],"predecessor-version":[{"id":99643,"href":"https:\/\/lumond.com\/da\/wp-json\/wp\/v2\/pages\/99615\/revisions\/99643"}],"wp:attachment":[{"href":"https:\/\/lumond.com\/da\/wp-json\/wp\/v2\/media?parent=99615"}],"curies":[{"name":"wp","href":"https:\/\/api.w.org\/{rel}","templated":true}]}}